{"id":1800,"date":"2015-06-23T13:09:47","date_gmt":"2015-06-23T11:09:47","guid":{"rendered":"http:\/\/bibliotecas.unileon.es\/ingenierias-industrial-informatica\/?page_id=1800"},"modified":"2021-10-13T13:15:27","modified_gmt":"2021-10-13T11:15:27","slug":"legislacion-sobre-seguridad-industrial","status":"publish","type":"page","link":"https:\/\/bibliotecas.unileon.es\/ingenierias-industrial-informatica\/legislacion-sobre-seguridad-industrial\/","title":{"rendered":"Legislaci\u00f3n sobre seguridad industrial"},"content":{"rendered":"\n<!-- This is the start of the WP Twitter Button code -->\n<div id=\"rk_wp_twitter_button\" style=\"margin: 0px 0px 0px 0px; float: right\"><a href=\"http:\/\/twitter.com\/share\" class=\"twitter-share-button\" data-url=\"https:\/\/bibliotecas.unileon.es\/ingenierias-industrial-informatica\/legislacion-sobre-seguridad-industrial\/\" data-count=\"horizontal\">Tweet<\/a><script type=\"text\/javascript\" src=\"http:\/\/platform.twitter.com\/widgets.js\"><\/script><\/div>\n<!-- This is the end of the WP Twitter Button code -->\n\n<h2 id=\"ctl00_PlaceHolderMain_NavegacionHorizontal_hTituloPortada\">Legislaci\u00f3n Nacional &#8211; REBT &#8211; INSTRUCCIONES T\u00c9CNICAS COMPLEMENTARIAS DEL REGLAMENTO ELECTROT\u00c9CNICO DE BAJA TENSI\u00d3N<\/h2>\n<p><a href=\"https:\/\/industria.gob.es\/Calidad-Industrial\/seguridadindustrial\/instalacionesindustriales\/baja-tension\/Paginas\/reglamento-2002.aspx\" target=\"_blank\" rel=\"noopener\">Acceso a legislaci\u00f3n nacional<\/a><\/p>\n<p>&nbsp;<\/p>\n","protected":false},"excerpt":{"rendered":"<p>Tweet Legislaci\u00f3n Nacional &#8211; REBT &#8211; INSTRUCCIONES T\u00c9CNICAS COMPLEMENTARIAS DEL REGLAMENTO ELECTROT\u00c9CNICO DE BAJA TENSI\u00d3N Acceso a legislaci\u00f3n nacional &nbsp;<\/p>\n","protected":false},"author":18,"featured_media":0,"parent":0,"menu_order":0,"comment_status":"closed","ping_status":"closed","template":"","meta":{"_bbp_topic_count":0,"_bbp_reply_count":0,"_bbp_total_topic_count":0,"_bbp_total_reply_count":0,"_bbp_voice_count":0,"_bbp_anonymous_reply_count":0,"_bbp_topic_count_hidden":0,"_bbp_reply_count_hidden":0,"_bbp_forum_subforum_count":0,"footnotes":""},"class_list":["post-1800","page","type-page","status-publish","hentry"],"_links":{"self":[{"href":"https:\/\/bibliotecas.unileon.es\/ingenierias-industrial-informatica\/wp-json\/wp\/v2\/pages\/1800","targetHints":{"allow":["GET"]}}],"collection":[{"href":"https:\/\/bibliotecas.unileon.es\/ingenierias-industrial-informatica\/wp-json\/wp\/v2\/pages"}],"about":[{"href":"https:\/\/bibliotecas.unileon.es\/ingenierias-industrial-informatica\/wp-json\/wp\/v2\/types\/page"}],"author":[{"embeddable":true,"href":"https:\/\/bibliotecas.unileon.es\/ingenierias-industrial-informatica\/wp-json\/wp\/v2\/users\/18"}],"replies":[{"embeddable":true,"href":"https:\/\/bibliotecas.unileon.es\/ingenierias-industrial-informatica\/wp-json\/wp\/v2\/comments?post=1800"}],"version-history":[{"count":0,"href":"https:\/\/bibliotecas.unileon.es\/ingenierias-industrial-informatica\/wp-json\/wp\/v2\/pages\/1800\/revisions"}],"wp:attachment":[{"href":"https:\/\/bibliotecas.unileon.es\/ingenierias-industrial-informatica\/wp-json\/wp\/v2\/media?parent=1800"}],"curies":[{"name":"wp","href":"https:\/\/api.w.org\/{rel}","templated":true}]}}