{"id":1806,"date":"2015-06-23T13:47:27","date_gmt":"2015-06-23T11:47:27","guid":{"rendered":"http:\/\/bibliotecas.unileon.es\/ingenierias-industrial-informatica\/?page_id=1806"},"modified":"2021-10-13T14:16:56","modified_gmt":"2021-10-13T12:16:56","slug":"ministerio-de-industria-energia-y-turismo","status":"publish","type":"page","link":"https:\/\/bibliotecas.unileon.es\/ingenierias-industrial-informatica\/ministerio-de-industria-energia-y-turismo\/","title":{"rendered":"Ministerio de Industria, Comercio y Turismo"},"content":{"rendered":"\n<!-- This is the start of the WP Twitter Button code -->\n<div id=\"rk_wp_twitter_button\" style=\"margin: 0px 0px 0px 0px; float: right\"><a href=\"http:\/\/twitter.com\/share\" class=\"twitter-share-button\" data-url=\"https:\/\/bibliotecas.unileon.es\/ingenierias-industrial-informatica\/ministerio-de-industria-energia-y-turismo\/\" data-count=\"horizontal\">Tweet<\/a><script type=\"text\/javascript\" src=\"http:\/\/platform.twitter.com\/widgets.js\"><\/script><\/div>\n<!-- This is the end of the WP Twitter Button code -->\n\n<p>Acceso a la p\u00e1gina del <a href=\"http:\/\/www.minetur.gob.es\/es-es\/Paginas\/index.aspx\" target=\"_blank\" rel=\"noopener\">Ministerio de Industria, Comercio y Turismo<\/a>, donde encontrar\u00e1 informaci\u00f3n sobre:<\/p>\n<p><a href=\"http:\/\/www.minetur.gob.es\/industria\/es-ES\/Paginas\/Index.aspx\" target=\"_blank\" rel=\"noopener\">Industria y PYME<\/a><\/p>\n<p><a href=\"https:\/\/industria.gob.es\/Calidad-Industrial\/legislaciongeneral\/Paginas\/index.aspx\" target=\"_blank\" rel=\"noopener\">Legislaci\u00f3n industrial<\/a><\/p>\n<p>Tambi\u00e9n se pueden consultar apartados de otros ministerios:<\/p>\n<p><a href=\"https:\/\/energia.gob.es\/es-es\/Paginas\/index.aspx\" target=\"_blank\" rel=\"noopener\">Energ\u00eda<\/a><\/p>\n<p><a href=\"https:\/\/avancedigital.mineco.gob.es\/es-es\/Paginas\/index.aspx\" target=\"_blank\" rel=\"noopener\">Telecomunicaciones y sociedad de la informaci\u00f3n<\/a><\/p>\n<p>&nbsp;<\/p>\n<p>&nbsp;<\/p>\n","protected":false},"excerpt":{"rendered":"<p>Tweet Acceso a la p\u00e1gina del Ministerio de Industria, Comercio y Turismo, donde encontrar\u00e1 informaci\u00f3n sobre: Industria y PYME Legislaci\u00f3n industrial Tambi\u00e9n se pueden consultar apartados de otros ministerios: Energ\u00eda Telecomunicaciones y sociedad de la informaci\u00f3n &nbsp; &nbsp;<\/p>\n","protected":false},"author":18,"featured_media":0,"parent":0,"menu_order":0,"comment_status":"closed","ping_status":"closed","template":"","meta":{"_bbp_topic_count":0,"_bbp_reply_count":0,"_bbp_total_topic_count":0,"_bbp_total_reply_count":0,"_bbp_voice_count":0,"_bbp_anonymous_reply_count":0,"_bbp_topic_count_hidden":0,"_bbp_reply_count_hidden":0,"_bbp_forum_subforum_count":0,"footnotes":""},"class_list":["post-1806","page","type-page","status-publish","hentry"],"_links":{"self":[{"href":"https:\/\/bibliotecas.unileon.es\/ingenierias-industrial-informatica\/wp-json\/wp\/v2\/pages\/1806","targetHints":{"allow":["GET"]}}],"collection":[{"href":"https:\/\/bibliotecas.unileon.es\/ingenierias-industrial-informatica\/wp-json\/wp\/v2\/pages"}],"about":[{"href":"https:\/\/bibliotecas.unileon.es\/ingenierias-industrial-informatica\/wp-json\/wp\/v2\/types\/page"}],"author":[{"embeddable":true,"href":"https:\/\/bibliotecas.unileon.es\/ingenierias-industrial-informatica\/wp-json\/wp\/v2\/users\/18"}],"replies":[{"embeddable":true,"href":"https:\/\/bibliotecas.unileon.es\/ingenierias-industrial-informatica\/wp-json\/wp\/v2\/comments?post=1806"}],"version-history":[{"count":1,"href":"https:\/\/bibliotecas.unileon.es\/ingenierias-industrial-informatica\/wp-json\/wp\/v2\/pages\/1806\/revisions"}],"predecessor-version":[{"id":4046,"href":"https:\/\/bibliotecas.unileon.es\/ingenierias-industrial-informatica\/wp-json\/wp\/v2\/pages\/1806\/revisions\/4046"}],"wp:attachment":[{"href":"https:\/\/bibliotecas.unileon.es\/ingenierias-industrial-informatica\/wp-json\/wp\/v2\/media?parent=1806"}],"curies":[{"name":"wp","href":"https:\/\/api.w.org\/{rel}","templated":true}]}}