{"id":2158,"date":"2016-04-08T09:28:18","date_gmt":"2016-04-08T07:28:18","guid":{"rendered":"http:\/\/bibliotecas.unileon.es\/ingenierias-industrial-informatica\/?page_id=2158"},"modified":"2024-05-09T13:19:40","modified_gmt":"2024-05-09T11:19:40","slug":"redaccion-del-tfg-2","status":"publish","type":"page","link":"https:\/\/bibliotecas.unileon.es\/ingenierias-industrial-informatica\/redaccion-del-tfg-2\/","title":{"rendered":"Redacci\u00f3n del TFG\/TFM"},"content":{"rendered":"\n<!-- This is the start of the WP Twitter Button code -->\n<div id=\"rk_wp_twitter_button\" style=\"margin: 0px 0px 0px 0px; float: right\"><a href=\"http:\/\/twitter.com\/share\" class=\"twitter-share-button\" data-url=\"https:\/\/bibliotecas.unileon.es\/ingenierias-industrial-informatica\/redaccion-del-tfg-2\/\" data-count=\"horizontal\">Tweet<\/a><script type=\"text\/javascript\" src=\"http:\/\/platform.twitter.com\/widgets.js\"><\/script><\/div>\n<!-- This is the end of the WP Twitter Button code -->\n\n<p><span style=\"color: #333399;\">Algunas sugerencias que pueden ayudarte a la hora de redactar tu TFG\/TFM.<\/span><\/p>\n<table style=\"border-collapse: collapse; width: 100%;\">\n<tbody>\n<tr>\n<td style=\"width: 100%;\"><a href=\"https:\/\/www.student.unsw.edu.au\/writing-your-essay\" target=\"_blank\" rel=\"noopener\">Enlace a la p\u00e1gina de la biblioteca de la Universidad de Nueva Gales del Sur: <\/a>ofrece una explicaci\u00f3n interesante de los pasos a seguir para elaborar un TFG<\/td>\n<\/tr>\n<\/tbody>\n<\/table>\n<ul style=\"list-style-type: circle;\">\n<li style=\"text-align: left;\"><span style=\"color: #333399;\"><strong>ESTILO<\/strong><\/span><\/li>\n<\/ul>\n<p><span style=\"color: #333399;\"><strong>Como pautas generales<\/strong>:<\/span><\/p>\n<ul>\n<li><span style=\"color: #333399;\">No escribir nunca de forma coloquial.<\/span><\/li>\n<li><span style=\"color: #333399;\">Se debe ser riguroso.<\/span><\/li>\n<li><span style=\"color: #333399;\">Antes de redactar el documento, es aconsejable leer art\u00edculos escritos por otras personas dentro del \u00e1mbito al que se dirige el texto, con el fin de ver el estilo que emplean y adquirir el vocabulario propio de ese \u00e1mbito.<br \/>\n<\/span><\/li>\n<\/ul>\n<p>&nbsp;<\/p>\n<ul style=\"list-style-type: circle;\">\n<li><span style=\"color: #333399;\"><strong>ESTRUCTURA DEL DOCUMENTO<\/strong><\/span><\/li>\n<\/ul>\n<ul style=\"list-style-type: square;\">\n<li><span style=\"color: #333399;\"><strong>T\u00cdTULO:<\/strong> tiene que ser atractivo, que capte la atenci\u00f3n del futuro lector. Conviene que contenga palabras clave del TFG, es decir, palabras que resumen su contenido.<\/span><\/li>\n<\/ul>\n<p style=\"text-align: justify;\"><span style=\"color: #333399;\">No debe ser excesivamente largo: de unas 15 palabras puede estar bien. Considera la posibilidad de poner un subt\u00edtulo. Se recomienda el uso de signos de puntuaci\u00f3n para separar o aclarar conceptos. Se recomienda<br \/>\n<\/span><\/p>\n<ul style=\"list-style-type: square;\">\n<li><span style=\"color: #333399;\"><strong>TEXTO PRINCIPAL:<\/strong><\/span><\/li>\n<\/ul>\n<p style=\"text-align: left;\"><span style=\"color: #333399;\"><strong>INTRODUCCI\u00d3N<\/strong>: tiene que ser concisa. Evita ser demasiado filos\u00f3fico. Enmarca el TFG en su contexto, es decir, haz una breve referencia al \u201cestado del arte\u201d de la materia de tu trabajo, sin necesidad de extenderse.<\/span><\/p>\n<p style=\"text-align: justify;\"><span style=\"color: #333399;\"><strong>M\u00c9TODO<\/strong>: hay que verificar los gr\u00e1ficos, tablas, im\u00e1genes, etc. que incluyas. Las leyendas de gr\u00e1ficos, im\u00e1genes, etc., tienen que ser claras y estar bien etiquetadas.<\/span><\/p>\n<p style=\"text-align: justify;\"><span style=\"color: #333399;\">Utiliza <strong>frases cortas y de estructura simple<\/strong>. Es mejor <strong>estructurar el texto \u00a0en p\u00e1rrafos<\/strong>. Conviene que estos no sean muy grandes. El l\u00edmite puede ser unas 600 palabras, aunque es recomendable sobre las 300. Emplea dentro del texto las palabras clave que has asignado a tu TFG\/TFM.<\/span><\/p>\n<p style=\"text-align: justify;\"><span style=\"color: #333399;\">Si es posible, incluye cuadros y casillas con informaci\u00f3n para organizar detalles importantes.<\/span><\/p>\n<ul style=\"list-style-type: square;\">\n<li style=\"text-align: justify;\"><span style=\"color: #333399;\"><strong>RESULTADOS.<\/strong><\/span><\/li>\n<li><span style=\"color: #333399;\"><strong>CONCLUSIONES.<\/strong><\/span><\/li>\n<li><span style=\"color: #333399;\"><strong>REFERENCIAS Y BIBLIOGRAF\u00cdA:<\/strong><\/span><\/li>\n<\/ul>\n<p style=\"text-align: justify;\"><span style=\"color: #333399;\">Hay que revisar que la <strong>bibliograf\u00eda est\u00e9 actualizada<\/strong>.<\/span><\/p>\n<p style=\"text-align: justify;\"><span style=\"color: #333399;\">Si tu director de TFG no te ha recomendado un formato bibliogr\u00e1fico concreto, elige uno que sea conocido y utilizado ampliamente en su campo, te resultar\u00e1 mucho m\u00e1s f\u00e1cil. Recuerda que la Escuela recomienda dos formatos:<a href=\"http:\/\/bibliotecas.unileon.es\/ingenierias-industrial-informatica\/las-citas-y-las-referencias-bibliograficas\/\" target=\"_blank\" rel=\"noopener noreferrer\"> IEEE y Harvard<\/a><\/span><\/p>\n<p style=\"text-align: justify;\"><span style=\"color: #333399;\">Sigue las pautas en cuanto al formato bibliogr\u00e1fico de las referencias. <strong>S\u00e9 consistente en el uso del formato<\/strong>: redacta todas las referencias con el mismo formato.<\/span><\/p>\n<p style=\"text-align: justify;\"><span style=\"color: #333399;\"><strong>Cita y referencia solo las publicaciones en las que se basa tu trabajo<\/strong>. No pongas bibliograf\u00eda extra, a menos que te lo indique el tutor.<\/span><\/p>\n<p><span style=\"color: #333399;\"><strong>Ap\u00e9ndices<\/strong>: Si tu TFG\/TFM incluye ap\u00e9ndices, y en ellos incluyes citas, recuerda que las referencias ir\u00e1n al final del ap\u00e9ndice correspondiente y no en la lista general, donde has incluido las referencias del trabajo.<\/span><\/p>\n<p><strong>Recuerda la diferencia<\/strong>: <span style=\"color: #333399;\">las <strong>referencias<\/strong> son los documentos que has consultado y luego has citado en tu trabajo. Una <strong>bibliograf\u00eda<\/strong> es una lista de documentos, que has podido leer para documentarte, pero que no has citado en tu trabajo.<\/span><\/p>\n<ul style=\"list-style-type: circle;\">\n<li><span style=\"color: #333399;\"><strong>RECOMENDACI\u00d3N PR\u00c1CTICA PARA ESCRIBIR EL ART\u00cdCULO:<\/strong><\/span><\/li>\n<\/ul>\n<p><span style=\"color: #333399;\">Puede resultar pr\u00e1ctico escribir \u201chacia atr\u00e1s\u201d, es decir, seg\u00fan este orden:<\/span><\/p>\n<ul>\n<li><span style=\"color: #333399;\">Figuras, tablas, gr\u00e1ficos.<\/span><\/li>\n<li><span style=\"color: #333399;\">M\u00e9todos, resultado, desarrollo (o \u201cdiscussion\u201d).<\/span><\/li>\n<li><span style=\"color: #333399;\">Conclusi\u00f3n e introducci\u00f3n.<\/span><\/li>\n<li><span style=\"color: #333399;\">Abstract, <\/span><\/li>\n<li><span style=\"color: #333399;\">T\u00edtulo<\/span><\/li>\n<\/ul>\n<p><strong><span style=\"color: #000080;\">EXTENSI\u00d3N DE LAS DISTINTAS PARTES DEL TRABAJO:<\/span><\/strong><\/p>\n<p><span style=\"color: #000080;\">En <a href=\"http:\/\/bibliotecas.unileon.es\/ingenierias-industrial-informatica\/files\/2018\/05\/Estructura-TFG.pdf\" class=\"mtli_attachment mtli_pdf\" target=\"_blank\" rel=\"noopener noreferrer\">este cuadro<\/a> puedes consultar la extensi\u00f3n aconsejable que tiene que tener cada parte de tu TFG\/TFM para que resulte equilibrado. Seg\u00fan el tipo de trabajo que realices, cada parte tendr\u00e1 una longitud.<\/span><\/p>\n<p><span style=\"color: #000080;\"><strong>LIBROS QUE TENEMOS EN LA BIBLIOTECA QUE TE PUEDEN AYUDAR:<\/strong><\/span><\/p>\n<p><strong><span style=\"color: #333399;\">A redactar el trabajo<\/span><\/strong><\/p>\n<p><span style=\"color: #000080;\">Gonz\u00e1lez Garc\u00eda, J.M., Le\u00f3n Mej\u00eda, A. y Pe\u00f1alba Sotorr\u00edo, M. (2014) <em>C\u00f3mo escribir un Trabajo de Fin de Grado : algunas experiencias y consejos pr\u00e1cticos.\u00a0<\/em>Madrid: S\u00edntesis. (s\u00f3lo para miembros de la ULE).<a href=\"http:\/\/grial.unileon.es\/Record\/Xebook1-1357\" target=\"_blank\" rel=\"noopener noreferrer\"> Enlace a Grial<\/a><\/span><\/p>\n<p><span style=\"color: #000080;\">Cottrell, S. (2014) <em>Dissertations and project reports: a step by step guide.<\/em> Basingstoke: Palgrave MacMillan.<a href=\"https:\/\/catoute.unileon.es\/discovery\/fulldisplay?docid=alma991006143639705772&amp;context=L&amp;vid=34BUC_ULE:VU1&amp;lang=es&amp;search_scope=MyInst_and_CI&amp;adaptor=Local%20Search%20Engine&amp;tab=Everything&amp;query=any,contains,Dissertations%20and%20project%20reports:%20a%20step%20by%20step%20guide&amp;offset=0\" target=\"_blank\" rel=\"noopener noreferrer\"> Enlace al cat\u00e1logo<\/a><\/span><\/p>\n<p><span style=\"color: #000080;\">Greetham, B.<em> (2014)\u00a0 How to write your undergraduate dissertation.<\/em> 2nd. edn. London: Palgrave MacMillan. <a href=\"https:\/\/catoute.unileon.es\/discovery\/fulldisplay?docid=alma991006239799705772&amp;context=L&amp;vid=34BUC_ULE:VU1&amp;lang=es&amp;search_scope=MyInst_and_CI&amp;adaptor=Local%20Search%20Engine&amp;tab=Everything&amp;query=any,contains,How%20to%20write%20your%20undergraduate%20dissertation&amp;offset=0\" target=\"_blank\" rel=\"noopener noreferrer\">Enlace al cat\u00e1logo\u00a0<\/a><\/span><\/p>\n<p><span style=\"color: #000080;\">Kmiec, D. and Longo, B. (2017) <em>The IEEE Guide to Writing in the Engineering and Technical fields.\u00a0<\/em>1st. ed. Hoboken, New Jersey: John Wiley and Sons. Puedes consultarlo a trav\u00e9s de la plataforma<a style=\"color: #000080;\" href=\"https:\/\/onlinelibrary.wiley.com\/action\/doSearch?AllField=The+IEEE+Guide+to+Writing+in+the+Engineering+and+Technical+fields&amp;startPage=&amp;target=titleSearch&amp;content=journalTitle\" target=\"_blank\" rel=\"noopener noreferrer\"> Wiley e-Books<\/a> (s\u00f3lo para miembros de la ULE).<br \/>\n<\/span><\/p>\n<p><span style=\"color: #000080;\">Turabian, K.L.<em>\u00a0 (1987) A Manual for writers of term papers, theses and dissertations<\/em>. 5th. edn. rev. and exp. Chicago: University of Chicago Press. <a href=\"https:\/\/catoute.unileon.es\/discovery\/fulldisplay?docid=alma991003311919705772&amp;context=L&amp;vid=34BUC_ULE:VU1&amp;lang=es&amp;search_scope=MyInst_and_CI&amp;adaptor=Local%20Search%20Engine&amp;tab=Everything&amp;query=any,contains,A%20Manual%20for%20writers%20of%20term%20papers,%20theses%20and%20dissertations&amp;offset=0\" target=\"_blank\" rel=\"noopener noreferrer\">Enlace al cat\u00e1logo<\/a><\/span><\/p>\n<p><strong><span style=\"color: #333399;\">A hacer las citas y las referencias correctamente<\/span><\/strong><\/p>\n<p><span style=\"color: #000080;\">Pears, R. and Shields, G.(2022) <em>Cite them right: the essential referencing guide.<\/em> 12th. ed. London: Palgrave.<a href=\"https:\/\/catoute.unileon.es\/discovery\/fulldisplay?docid=alma991009052054705772&amp;context=L&amp;vid=34BUC_ULE:VU1&amp;lang=es&amp;search_scope=MyInst_and_CI&amp;adaptor=Local%20Search%20Engine&amp;tab=Everything&amp;query=any,contains,Cite%20them%20right&amp;offset=0\"> Enlace al cat\u00e1logo<\/a><\/span><\/p>\n<p><a href=\"https:\/\/biblioteca.unileon.es\/c.php?g=687695&amp;p=4925770\" target=\"_blank\" rel=\"noopener\">Formatos bibliogr\u00e1ficos<\/a>: p\u00e1gina web de la biblioteca de la ULE<\/p>\n<p><strong><span style=\"color: #333399;\">Cuando presentes el trabajo<\/span><\/strong><\/p>\n<p><span style=\"color: #333399;\">Baelo \u00c1lvarez, M. (2017). <span style=\"color: #000080;\"><em>El arte de presentar trabajos acad\u00e9micos ante un tribunal: TFG, TFM y tesis doctoral.<\/em> 2nd. edn. [S.L.]: C\u00edrculo Rojo. <a href=\"https:\/\/catoute.unileon.es\/discovery\/fulldisplay?docid=alma991006327389705772&amp;context=L&amp;vid=34BUC_ULE:VU1&amp;lang=es&amp;search_scope=MyInst_and_CI&amp;adaptor=Local%20Search%20Engine&amp;tab=Everything&amp;query=any,contains,El%20arte%20de%20presentar%20trabajos%20acad%C3%A9micos%20ante%20un%20tribunal:%20TFG,%20TFM%20y%20tesis%20doctoral&amp;offset=0\" target=\"_blank\" rel=\"noopener noreferrer\">Enlace al cat\u00e1logo<\/a><\/span><\/span><\/p>\n<p>&nbsp;<\/p>\n","protected":false},"excerpt":{"rendered":"<p>Tweet Algunas sugerencias que pueden ayudarte a la hora de redactar tu TFG\/TFM. Enlace a la p\u00e1gina de la biblioteca de la Universidad de Nueva Gales del Sur: ofrece una explicaci\u00f3n interesante de los pasos a seguir para elaborar un &hellip; <a href=\"https:\/\/bibliotecas.unileon.es\/ingenierias-industrial-informatica\/redaccion-del-tfg-2\/\">Sigue leyendo <span class=\"meta-nav\">&rarr;<\/span><\/a><\/p>\n","protected":false},"author":18,"featured_media":0,"parent":0,"menu_order":0,"comment_status":"closed","ping_status":"closed","template":"","meta":{"_bbp_topic_count":0,"_bbp_reply_count":0,"_bbp_total_topic_count":0,"_bbp_total_reply_count":0,"_bbp_voice_count":0,"_bbp_anonymous_reply_count":0,"_bbp_topic_count_hidden":0,"_bbp_reply_count_hidden":0,"_bbp_forum_subforum_count":0,"footnotes":""},"class_list":["post-2158","page","type-page","status-publish","hentry"],"_links":{"self":[{"href":"https:\/\/bibliotecas.unileon.es\/ingenierias-industrial-informatica\/wp-json\/wp\/v2\/pages\/2158","targetHints":{"allow":["GET"]}}],"collection":[{"href":"https:\/\/bibliotecas.unileon.es\/ingenierias-industrial-informatica\/wp-json\/wp\/v2\/pages"}],"about":[{"href":"https:\/\/bibliotecas.unileon.es\/ingenierias-industrial-informatica\/wp-json\/wp\/v2\/types\/page"}],"author":[{"embeddable":true,"href":"https:\/\/bibliotecas.unileon.es\/ingenierias-industrial-informatica\/wp-json\/wp\/v2\/users\/18"}],"replies":[{"embeddable":true,"href":"https:\/\/bibliotecas.unileon.es\/ingenierias-industrial-informatica\/wp-json\/wp\/v2\/comments?post=2158"}],"version-history":[{"count":2,"href":"https:\/\/bibliotecas.unileon.es\/ingenierias-industrial-informatica\/wp-json\/wp\/v2\/pages\/2158\/revisions"}],"predecessor-version":[{"id":2167,"href":"https:\/\/bibliotecas.unileon.es\/ingenierias-industrial-informatica\/wp-json\/wp\/v2\/pages\/2158\/revisions\/2167"}],"wp:attachment":[{"href":"https:\/\/bibliotecas.unileon.es\/ingenierias-industrial-informatica\/wp-json\/wp\/v2\/media?parent=2158"}],"curies":[{"name":"wp","href":"https:\/\/api.w.org\/{rel}","templated":true}]}}