{"id":2169,"date":"2016-04-08T10:46:38","date_gmt":"2016-04-08T08:46:38","guid":{"rendered":"http:\/\/bibliotecas.unileon.es\/ingenierias-industrial-informatica\/?page_id=2169"},"modified":"2021-10-13T12:30:49","modified_gmt":"2021-10-13T10:30:49","slug":"gestores-bibliograficos","status":"publish","type":"page","link":"https:\/\/bibliotecas.unileon.es\/ingenierias-industrial-informatica\/gestores-bibliograficos\/","title":{"rendered":"Gestores bibliogr\u00e1ficos"},"content":{"rendered":"\n<!-- This is the start of the WP Twitter Button code -->\n<div id=\"rk_wp_twitter_button\" style=\"margin: 0px 0px 0px 0px; float: right\"><a href=\"http:\/\/twitter.com\/share\" class=\"twitter-share-button\" data-url=\"https:\/\/bibliotecas.unileon.es\/ingenierias-industrial-informatica\/gestores-bibliograficos\/\" data-count=\"horizontal\">Tweet<\/a><script type=\"text\/javascript\" src=\"http:\/\/platform.twitter.com\/widgets.js\"><\/script><\/div>\n<!-- This is the end of the WP Twitter Button code -->\n\n<p>Enlace a la p\u00e1gina de la Biblioteca de la ULE donde encontrar\u00e1s toda la informaci\u00f3n sobre los <a href=\"https:\/\/biblioteca.unileon.es\/gestoresbibliograficos\" target=\"_blank\" rel=\"noopener noreferrer\">gestores bibliogr\u00e1ficos suscritos por la ULE<\/a><a href=\"https:\/\/biblioteca.unileon.es\/gestoresbibliograficos\" target=\"_blank\" rel=\"noopener noreferrer\">:<\/a><\/p>\n<ul style=\"list-style-type: square;\">\n<li><a href=\"https:\/\/biblioteca.unileon.es\/c.php?g=688753&amp;p=4928995\" target=\"_blank\" rel=\"noopener noreferrer\">EndNote Basic<\/a><\/li>\n<li><a href=\"https:\/\/biblioteca.unileon.es\/c.php?g=688671&amp;p=4928254\" target=\"_blank\" rel=\"noopener noreferrer\">Mendeley<\/a><\/li>\n<\/ul>\n<p>Al pinchar en el nombre de un gestor, acceder\u00e1s al mismo y tambi\u00e9n a tutoriales y gu\u00edas de ayuda, que te facilitar\u00e1n su utilizaci\u00f3n.<\/p>\n<p>Si no sabes qu\u00e9 gestor utilizar, puedes consultar esta <a href=\"https:\/\/biblioteca.unileon.es\/ld.php?content_id=33333651\">tabla comparativa<\/a>. Quiz\u00e1 te ayude en tu elecci\u00f3n.<\/p>\n","protected":false},"excerpt":{"rendered":"<p>Tweet Enlace a la p\u00e1gina de la Biblioteca de la ULE donde encontrar\u00e1s toda la informaci\u00f3n sobre los gestores bibliogr\u00e1ficos suscritos por la ULE: EndNote Basic Mendeley Al pinchar en el nombre de un gestor, acceder\u00e1s al mismo y tambi\u00e9n &hellip; <a href=\"https:\/\/bibliotecas.unileon.es\/ingenierias-industrial-informatica\/gestores-bibliograficos\/\">Sigue leyendo <span class=\"meta-nav\">&rarr;<\/span><\/a><\/p>\n","protected":false},"author":18,"featured_media":0,"parent":0,"menu_order":0,"comment_status":"closed","ping_status":"closed","template":"","meta":{"_bbp_topic_count":0,"_bbp_reply_count":0,"_bbp_total_topic_count":0,"_bbp_total_reply_count":0,"_bbp_voice_count":0,"_bbp_anonymous_reply_count":0,"_bbp_topic_count_hidden":0,"_bbp_reply_count_hidden":0,"_bbp_forum_subforum_count":0,"footnotes":""},"class_list":["post-2169","page","type-page","status-publish","hentry"],"_links":{"self":[{"href":"https:\/\/bibliotecas.unileon.es\/ingenierias-industrial-informatica\/wp-json\/wp\/v2\/pages\/2169","targetHints":{"allow":["GET"]}}],"collection":[{"href":"https:\/\/bibliotecas.unileon.es\/ingenierias-industrial-informatica\/wp-json\/wp\/v2\/pages"}],"about":[{"href":"https:\/\/bibliotecas.unileon.es\/ingenierias-industrial-informatica\/wp-json\/wp\/v2\/types\/page"}],"author":[{"embeddable":true,"href":"https:\/\/bibliotecas.unileon.es\/ingenierias-industrial-informatica\/wp-json\/wp\/v2\/users\/18"}],"replies":[{"embeddable":true,"href":"https:\/\/bibliotecas.unileon.es\/ingenierias-industrial-informatica\/wp-json\/wp\/v2\/comments?post=2169"}],"version-history":[{"count":2,"href":"https:\/\/bibliotecas.unileon.es\/ingenierias-industrial-informatica\/wp-json\/wp\/v2\/pages\/2169\/revisions"}],"predecessor-version":[{"id":4040,"href":"https:\/\/bibliotecas.unileon.es\/ingenierias-industrial-informatica\/wp-json\/wp\/v2\/pages\/2169\/revisions\/4040"}],"wp:attachment":[{"href":"https:\/\/bibliotecas.unileon.es\/ingenierias-industrial-informatica\/wp-json\/wp\/v2\/media?parent=2169"}],"curies":[{"name":"wp","href":"https:\/\/api.w.org\/{rel}","templated":true}]}}