{"id":3035,"date":"2018-02-14T13:07:42","date_gmt":"2018-02-14T12:07:42","guid":{"rendered":"http:\/\/bibliotecas.unileon.es\/ingenierias-industrial-informatica\/?page_id=3035"},"modified":"2025-11-03T14:06:31","modified_gmt":"2025-11-03T13:06:31","slug":"las-citas-y-las-referencias-bibliograficas","status":"publish","type":"page","link":"https:\/\/bibliotecas.unileon.es\/ingenierias-industrial-informatica\/las-citas-y-las-referencias-bibliograficas\/","title":{"rendered":"Formatos bibliogr\u00e1ficos recomendados en la Escuela para el TFG\/TFM"},"content":{"rendered":"\n<!-- This is the start of the WP Twitter Button code -->\n<div id=\"rk_wp_twitter_button\" style=\"margin: 0px 0px 0px 0px; float: right\"><a href=\"http:\/\/twitter.com\/share\" class=\"twitter-share-button\" data-url=\"https:\/\/bibliotecas.unileon.es\/ingenierias-industrial-informatica\/las-citas-y-las-referencias-bibliograficas\/\" data-count=\"horizontal\">Tweet<\/a><script type=\"text\/javascript\" src=\"http:\/\/platform.twitter.com\/widgets.js\"><\/script><\/div>\n<!-- This is the end of the WP Twitter Button code -->\n\n<p>&nbsp;<\/p>\n<ul style=\"list-style-type: circle;\">\n<li style=\"text-align: justify;\"><strong><span style=\"color: #ff6600;\">Formato bibliogr\u00e1fico HARVARD<\/span><\/strong><\/li>\n<\/ul>\n<p><span style=\"color: #000080; text-align: justify;\">Este formato es del tipo (Autor, Fecha). Es un formato que puede presentar peque\u00f1as diferencias en las referencias, ya que tiene variantes. Para realizar estos cuadros, se ha utilizado el formato \u00abCite them Right-10th. edn. (Harvard) \u00ab.<\/span><\/p>\n<table style=\"height: 82px; width: 100.361%; border-collapse: collapse; border-style: double; border-color: #ff6600;\" border=\"1\" cellpadding=\"2\">\n<tbody>\n<tr style=\"height: 41px; border-style: double; border-color: #ff6600;\">\n<td style=\"width: 50.8359%; height: 41px; border-style: double; border-color: #ff6600;\"><span style=\"color: #3366ff;\"><strong><a style=\"color: #3366ff;\" href=\"http:\/\/bibliotecas.unileon.es\/ingenierias-industrial-informatica\/files\/2018\/02\/Harvard_Monograf\u00edas-impresas-1.pdf\" class=\"mtli_attachment mtli_pdf\" target=\"_blank\" rel=\"noopener noreferrer\">Harvard_Monograf\u00edas impresas<\/a><\/strong><\/span><\/td>\n<td style=\"width: 56.2461%; height: 41px; border-style: solid; border-color: #ff6600;\"><span style=\"color: #3366ff;\"><a style=\"color: #3366ff;\" href=\"http:\/\/bibliotecas.unileon.es\/ingenierias-industrial-informatica\/files\/2018\/06\/Harvard_Documentos-impresos_RR_Blog.pdf\" class=\"mtli_attachment mtli_pdf\" target=\"_blank\" rel=\"noopener noreferrer\"><strong>H<\/strong><strong>arvard_Otros documentos impresos<\/strong><\/a><\/span><\/td>\n<\/tr>\n<tr style=\"height: 41px; border-style: double; border-color: #ff6600;\">\n<td style=\"width: 50.8359%; height: 41px; border-style: double; border-color: #ff6600;\"><span style=\"color: #3366ff;\"><a style=\"color: #3366ff;\" href=\"http:\/\/bibliotecas.unileon.es\/ingenierias-industrial-informatica\/files\/2018\/05\/Harvard_Documentos-en-l\u00edneaR.pdf\" class=\"mtli_attachment mtli_pdf\" target=\"_blank\" rel=\"noopener noreferrer\"><strong>Harvard_Documentos en l\u00ednea<\/strong><\/a><\/span><\/td>\n<td style=\"width: 56.2461%; height: 41px;\"><span style=\"color: #3366ff;\"><a style=\"color: #3366ff;\" href=\"http:\/\/bibliotecas.unileon.es\/ingenierias-industrial-informatica\/files\/2018\/06\/Harvard_Tablas-y-Gr\u00e1ficos_Blog-1.pdf\" class=\"mtli_attachment mtli_pdf\" target=\"_blank\" rel=\"noopener noreferrer\"><strong>Harvard_Tablas, Gr\u00e1ficos<\/strong><\/a><\/span><\/td>\n<\/tr>\n<\/tbody>\n<\/table>\n<p><a href=\"https:\/\/catoute.unileon.es\/discovery\/fulldisplay?vid=34BUC_ULE:VU1&amp;search_scope=MyInstitution&amp;tab=LibraryCatalog&amp;docid=alma991000192579705772&amp;lang=es&amp;context=L\" target=\"_blank\" rel=\"noopener noreferrer\"> <span style=\"color: #0000ff;\">M\u00e1s informaci\u00f3n<\/span><\/a><\/p>\n<p>&nbsp;<\/p>\n<ul style=\"list-style-type: circle;\">\n<li><span style=\"color: #333399;\"><strong>Formato bibliogr\u00e1fico IEEE<\/strong><\/span><\/li>\n<\/ul>\n<p style=\"text-align: justify;\"><span style=\"color: #333399;\">Este formato bibliogr\u00e1fico est\u00e1 elaborado por el Institute of Electrical and Electronics Engineers. Aunque hay diferentes formatos IEEE tanto num\u00e9ricos como (autor,fecha), en la Escuela se recomienda el formato num\u00e9rico descrito en \u00abIEEE Reference Guide (2018)\u00bb.<br \/>\n<\/span><\/p>\n<table style=\"height: 82px; border-collapse: collapse; border-style: dashed; border-color: #625d94;\" border=\"1\">\n<tbody>\n<tr style=\"border-style: double; border-color: #625d94;\">\n<td style=\"width: 33.3333%; border-style: double; border-color: #625d94;\"><a href=\"https:\/\/pspb.ieee.org\/images\/files\/PSPB\/opsmanual.pdf\" class=\"mtli_attachment mtli_pdf\" target=\"_blank\" rel=\"noopener\"><strong><span style=\"color: #3366ff;\">IEEE Publication Services and Products Board Operation Manual (2024)<\/span><\/strong><\/a><\/td>\n<td style=\"width: 33.3333%; border-style: solid; border-color: #625d94;\"><a href=\"https:\/\/docs.google.com\/document\/d\/1OalFYqVfxKKMelF79U3B93SjmIEiTnJC12wPJrKeSDM\/edit?pli=1&amp;tab=t.0\" target=\"_blank\" rel=\"noopener\"><strong><span style=\"color: #3366ff;\">IEEE Editorial Style <\/span><\/strong><strong><span style=\"color: #3366ff;\">Manual for Authors (2025)<\/span><\/strong><\/a><\/td>\n<td style=\"width: 33.3333%; border-style: solid; border-color: #625d94;\"><a href=\"https:\/\/docs.google.com\/document\/d\/1j1L96U2NagwWI9MEVDNVKt9pXxRzTH7h3krI3Mb6wZE\/edit?tab=t.0#heading=h.b2e0set9htjw\" target=\"_blank\" rel=\"noopener\"><strong><span style=\"color: #3366ff;\">IEEE Reference Guide (20<\/span><\/strong><strong><span style=\"color: #3366ff;\">25)<\/span><\/strong><\/a><\/td>\n<\/tr>\n<\/tbody>\n<\/table>\n<p><span style=\"color: #333399;\">Ejemplos de referencias de las tipolog\u00edas documentales m\u00e1s utilizadas en los TFG\/TFM, seg\u00fan<\/span><span style=\"color: #333399;\"> IEEE Reference Guide (2018).<\/span><\/p>\n<table style=\"height: 416px; width: 100.361%; border-style: double; border-color: #27178f;\">\n<tbody>\n<tr style=\"height: 60px;\">\n<td style=\"width: 50%; height: 60px; border-style: solid; border-color: #27178f;\"><a href=\"https:\/\/bibliotecas.unileon.es\/ingenierias-industrial-informatica\/files\/2019\/11\/Libros-y-Cap_Impresos_Tabla_IEEE2018.pdf\" class=\"mtli_attachment mtli_pdf\" target=\"_blank\" rel=\"noopener noreferrer\"><span style=\"color: #3366ff;\"><strong>Libros y Cap\u00edtulos de libros impresos<\/strong><\/span><\/a><\/td>\n<td style=\"width: 50%; height: 60px; border-style: solid; border-color: #27178f; text-align: left;\"><a href=\"http:\/\/bibliotecas.unileon.es\/ingenierias-industrial-informatica\/files\/2019\/05\/Libros-y-Cap\u00edtulos-de-libros_2018_En-l\u00ednea.pdf\" class=\"mtli_attachment mtli_pdf\" target=\"_blank\" rel=\"noopener noreferrer\"><strong><span style=\"color: #3366ff;\">Libros y Cap\u00edtulos de libros en<\/span> <span style=\"color: #3366ff;\">l\u00ednea<\/span><\/strong><\/a><\/td>\n<\/tr>\n<tr style=\"height: 60px;\">\n<td style=\"border-style: double; border-color: #27178f; height: 90px; width: 100%; vertical-align: middle;\" colspan=\"2\"><a href=\"http:\/\/bibliotecas.unileon.es\/ingenierias-industrial-informatica\/files\/2019\/05\/ArtPP_Tabla_IEEE_2018.pdf\" class=\"mtli_attachment mtli_pdf\" target=\"_blank\" rel=\"noopener noreferrer\"><strong><span style=\"color: #3366ff;\">Art\u00edculos de revistas y publicaciones peri\u00f3dicas <\/span><\/strong><\/a><br \/>\n<a href=\"https:\/\/www.library.caltech.edu\/journal-title-abbreviations\" target=\"_blank\" rel=\"noopener noreferrer\"><span style=\"color: #3366ff;\">T\u00edtulos de publicaciones peri\u00f3dicas abreviados (enlace Caltech library)<\/span><\/a><\/td>\n<\/tr>\n<tr style=\"height: 60px; border-style: double; border-color: #27178f;\">\n<td style=\"border-style: double; border-color: #27178f; vertical-align: middle; height: 24px; width: 100%;\" colspan=\"2\"><a href=\"http:\/\/bibliotecas.unileon.es\/ingenierias-industrial-informatica\/files\/2019\/05\/PW_VideoYT_Software_IEEE2018.pdf\" class=\"mtli_attachment mtli_pdf\" target=\"_blank\" rel=\"noopener noreferrer\"><strong><span style=\"color: #3366ff;\">P\u00e1ginas web, V\u00eddeos de Youtube, Programas de ordenador (software)<\/span><\/strong><\/a><\/td>\n<\/tr>\n<tr style=\"border-style: double; border-color: #27178f;\">\n<td style=\"border-style: double; border-color: #27178f; width: 50%; height: 60px; vertical-align: middle;\"><a href=\"http:\/\/bibliotecas.unileon.es\/ingenierias-industrial-informatica\/files\/2019\/05\/TesisyTFG_IEEE2018.pdf\" class=\"mtli_attachment mtli_pdf\" target=\"_blank\" rel=\"noopener noreferrer\"><strong><span style=\"color: #3366ff;\">Tesis doctorales, Trabajos Fin de Grado \/ M\u00e1ster<\/span><\/strong><\/a><\/td>\n<td style=\"border-style: double; border-color: #27178f; vertical-align: middle; height: 60px; width: 50%;\"><a href=\"https:\/\/bibliotecas.unileon.es\/ingenierias-industrial-informatica\/files\/2019\/10\/Normas-y-Patentes_Tabla_IEEE2018.pdf\" class=\"mtli_attachment mtli_pdf\" target=\"_blank\" rel=\"noopener noreferrer\"><strong><span style=\"color: #3366ff;\"> Normas t\u00e9cnicas y patentes<\/span><\/strong><\/a><a href=\"http:\/\/bibliotecas.unileon.es\/ingenierias-industrial-informatica\/files\/2019\/05\/Normas-y-Patentes_Tabla.pdf\" class=\"mtli_attachment mtli_pdf\" target=\"_blank\" rel=\"noopener noreferrer\"><strong><span style=\"color: #3366ff;\"><br \/>\n<\/span><\/strong><\/a><\/td>\n<\/tr>\n<tr style=\"height: 24px;\">\n<td style=\"border-style: double; border-color: #27178f; height: 41px; vertical-align: middle; width: 50%;\"><a href=\"http:\/\/bibliotecas.unileon.es\/ingenierias-industrial-informatica\/files\/2019\/06\/Congresos_Tabla_IEEE2018.pdf\" class=\"mtli_attachment mtli_pdf\" target=\"_blank\" rel=\"noopener noreferrer\"><span style=\"color: #3366ff;\"><strong>Congresos <\/strong><\/span><\/a><br \/>\n<span style=\"color: #3366ff;\"><a style=\"color: #3366ff;\" href=\"http:\/\/bibliotecas.unileon.es\/ingenierias-industrial-informatica\/files\/2019\/06\/Abreviaturas-y-Editores_IEEE-Reference-Guide_2018.pdf\" class=\"mtli_attachment mtli_pdf\" target=\"_blank\" rel=\"noopener noreferrer\">Cuadro con las abreviaturas m\u00e1s comunes<\/a><\/span><\/td>\n<td style=\"border-style: double; border-color: #27178f; vertical-align: middle; height: 41px; width: 50%;\"><a href=\"http:\/\/bibliotecas.unileon.es\/ingenierias-industrial-informatica\/files\/2019\/06\/Dataset_IEEE2018_Tabla.pdf\" class=\"mtli_attachment mtli_pdf\" target=\"_blank\" rel=\"noopener noreferrer\"><span style=\"color: #3366ff;\"><strong> Conjunto de datos DATASET<\/strong><\/span><\/a><\/td>\n<\/tr>\n<tr style=\"height: 60px;\">\n<td style=\"border-style: double; border-color: #27178f; height: 81px; width: 50%; text-align: center; vertical-align: middle;\"><a href=\"http:\/\/bibliotecas.unileon.es\/ingenierias-industrial-informatica\/files\/2019\/07\/Legislacion_Tabla_IEEE2018.pdf\" class=\"mtli_attachment mtli_pdf\" target=\"_blank\" rel=\"noopener noreferrer\"><span style=\"color: #3366ff;\"><strong>Legislaci\u00f3n<\/strong><\/span><\/a><\/td>\n<td style=\"border-style: double; border-color: #27178f; vertical-align: middle; height: 81px; width: 50%;\"><a href=\"http:\/\/bibliotecas.unileon.es\/ingenierias-industrial-informatica\/files\/2019\/06\/Im\u00e1genesetc_TablaRev_IEEE2018.pdf\" class=\"mtli_attachment mtli_pdf\" target=\"_blank\" rel=\"noopener noreferrer\"><span style=\"color: #3366ff;\"><strong>Im\u00e1genes, gr\u00e1ficos, tablas<\/strong><\/span><\/a><\/td>\n<\/tr>\n<tr style=\"height: 60px;\">\n<td style=\"border-style: double; border-color: #27178f; width: 100%; height: 60px; text-align: center; vertical-align: bottom;\" colspan=\"2\">\n<table style=\"border-collapse: collapse; width: 100.338%; height: 188px;\">\n<tbody>\n<tr>\n<td style=\"width: 100%;\">\n<p style=\"text-align: left;\"><span style=\"color: #3366ff;\">El IEEE Editorial Style Manual no ha publicaci\u00f3n a\u00fan ninguna recomendaci\u00f3n oficial de c\u00f3mo citar contenido generado con Inteligencia Artificial.<\/span><\/p>\n<p style=\"text-align: left;\"><span style=\"color: #3366ff;\">El IEEE Author Center\u00a0 en sus recomendaciones remite al Manual de Estilo Chicago.<\/span><\/p>\n<p><span style=\"color: #3366ff;\">Ejemplos: citas [5], [6] y [7] de este art\u00edculo: <\/span><strong><a href=\"https:\/\/bibliotecas.unileon.es\/ingenierias-industrial-informatica\/files\/2023\/06\/2306.04325.pdf\" class=\"mtli_attachment mtli_pdf\"><span style=\"color: #3366ff;\">Last week with ChatGPT<\/span><\/a><\/strong><\/td>\n<\/tr>\n<\/tbody>\n<\/table>\n<p><span style=\"color: #5e9178;\"><strong>Documentos generados con IA <\/strong><\/span><\/p>\n<p style=\"text-align: left;\"><span style=\"color: #5e9178;\">En la siguiente tabla se han incluido 5 enlaces a bibliotecas universitarias que han elaborado informaci\u00f3n muy clara e interesante sobre documentos generados con IA: su uso en trabajos acad\u00e9micos, valoraci\u00f3n del contenido, \u00e9tica de uso, y forma de citar<\/span><\/p>\n<table style=\"width: 100%; border-collapse: collapse; border-style: double; border-color: #d8ebe2;\">\n<tbody>\n<tr>\n<td style=\"width: 50%; background-color: #faf9f5; border-style: double;\"><a href=\"https:\/\/libguides.brown.edu\/AI\" target=\"_blank\" rel=\"noopener\"><span style=\"color: #3366ff;\"><span style=\"color: #ff6600;\"><span style=\"color: #339966;\"><span style=\"color: #666699;\">Enlace a la informaci\u00f3n de la Brown University Library (USA)<\/span><\/span><\/span><\/span><\/a><\/td>\n<td style=\"width: 50%; background-color: #faf9f5; border-style: double; text-align: left; vertical-align: middle;\">&nbsp;<\/p>\n<p><span style=\"color: #5e9178;\">Contiene una gu\u00eda sobre documentos generados con IA. No dejes de leer \u00abA Very Brief Introduction to Generative IA\u00bb<\/span><\/p>\n<p>&nbsp;<\/td>\n<\/tr>\n<tr>\n<td style=\"width: 50%;\"><span style=\"color: #666699;\"><a style=\"color: #666699;\" href=\"https:\/\/libguides.mcmaster.ca\/cite-gen-ai\/chicago\" target=\"_blank\" rel=\"noopener\">Enlace a la gu\u00eda de la McMaster University (Canad\u00e1)<\/a><\/span><\/td>\n<td style=\"width: 50%; text-align: left;\">&nbsp;<\/p>\n<p><span style=\"color: #5e9178;\">Incluye ejemplos de citas y referencias de texto e im\u00e1genes generadas con IA<\/span><\/p>\n<p>&nbsp;<\/td>\n<\/tr>\n<tr>\n<td style=\"width: 50%; background-color: #faf9f5;\"><a href=\"https:\/\/biblioguias.webs.upv.es\/bg\/index.php\/es\/citaria\" target=\"_blank\" rel=\"noopener\"><span style=\"color: #666699;\">Enlace a la gu\u00eda de Universitat Polit\u00e8cnica de Val\u00e8ncia<\/span><\/a><\/td>\n<td style=\"width: 50%; text-align: left; background-color: #faf9f5;\">&nbsp;<\/p>\n<p><span style=\"color: #5e9178;\">Contiene interesante introducci\u00f3n y ejemplos de citas y referencias de documentos generados con IA , en espa\u00f1ol<\/span><\/p>\n<p>&nbsp;<\/td>\n<\/tr>\n<tr>\n<td style=\"width: 50%;\"><a href=\"https:\/\/guides.library.ualberta.ca\/generative-ai\/citation\" target=\"_blank\" rel=\"noopener\"><span style=\"color: #666699;\">Enlace a la Biblioteca de la University of Alberta (Canad\u00e1)<\/span><\/a><\/td>\n<td style=\"width: 50%; text-align: left;\">&nbsp;<\/p>\n<p><span style=\"color: #5e9178;\">Informaci\u00f3n muy clara y pr\u00e1ctica de distintos tipos de documentos que se pueden generar con IA, c\u00f3mo valorarlos y c\u00f3mo citarlos<\/span><\/p>\n<p>&nbsp;<\/td>\n<\/tr>\n<tr>\n<td style=\"width: 50%; background-color: #faf9f5;\"><span style=\"color: #993300;\"><a style=\"color: #993300;\" href=\"https:\/\/guides.library.ubc.ca\/GenAI\/cite\" target=\"_blank\" rel=\"noopener\"><span style=\"color: #666699;\">Enlace a la Biblioteca de la University of British Columbia (Canad\u00e1)<\/span><\/a><\/span><\/td>\n<td style=\"width: 50%; text-align: left; background-color: #faf9f5;\">&nbsp;<\/p>\n<p><span style=\"color: #5e9178;\">Contiene informaci\u00f3n similar a la de los enlaces anteriores. Indica c\u00f3mo citar IA con el formato IEEE<\/span><\/p>\n<p>&nbsp;<\/td>\n<\/tr>\n<\/tbody>\n<\/table>\n<\/td>\n<\/tr>\n<\/tbody>\n<\/table>\n","protected":false},"excerpt":{"rendered":"<p>Tweet &nbsp; Formato bibliogr\u00e1fico HARVARD Este formato es del tipo (Autor, Fecha). Es un formato que puede presentar peque\u00f1as diferencias en las referencias, ya que tiene variantes. Para realizar estos cuadros, se ha utilizado el formato \u00abCite them Right-10th. edn. &hellip; <a href=\"https:\/\/bibliotecas.unileon.es\/ingenierias-industrial-informatica\/las-citas-y-las-referencias-bibliograficas\/\">Sigue leyendo <span class=\"meta-nav\">&rarr;<\/span><\/a><\/p>\n","protected":false},"author":18,"featured_media":0,"parent":0,"menu_order":0,"comment_status":"closed","ping_status":"closed","template":"","meta":{"_bbp_topic_count":0,"_bbp_reply_count":0,"_bbp_total_topic_count":0,"_bbp_total_reply_count":0,"_bbp_voice_count":0,"_bbp_anonymous_reply_count":0,"_bbp_topic_count_hidden":0,"_bbp_reply_count_hidden":0,"_bbp_forum_subforum_count":0,"footnotes":""},"class_list":["post-3035","page","type-page","status-publish","hentry"],"_links":{"self":[{"href":"https:\/\/bibliotecas.unileon.es\/ingenierias-industrial-informatica\/wp-json\/wp\/v2\/pages\/3035","targetHints":{"allow":["GET"]}}],"collection":[{"href":"https:\/\/bibliotecas.unileon.es\/ingenierias-industrial-informatica\/wp-json\/wp\/v2\/pages"}],"about":[{"href":"https:\/\/bibliotecas.unileon.es\/ingenierias-industrial-informatica\/wp-json\/wp\/v2\/types\/page"}],"author":[{"embeddable":true,"href":"https:\/\/bibliotecas.unileon.es\/ingenierias-industrial-informatica\/wp-json\/wp\/v2\/users\/18"}],"replies":[{"embeddable":true,"href":"https:\/\/bibliotecas.unileon.es\/ingenierias-industrial-informatica\/wp-json\/wp\/v2\/comments?post=3035"}],"version-history":[{"count":2,"href":"https:\/\/bibliotecas.unileon.es\/ingenierias-industrial-informatica\/wp-json\/wp\/v2\/pages\/3035\/revisions"}],"predecessor-version":[{"id":4441,"href":"https:\/\/bibliotecas.unileon.es\/ingenierias-industrial-informatica\/wp-json\/wp\/v2\/pages\/3035\/revisions\/4441"}],"wp:attachment":[{"href":"https:\/\/bibliotecas.unileon.es\/ingenierias-industrial-informatica\/wp-json\/wp\/v2\/media?parent=3035"}],"curies":[{"name":"wp","href":"https:\/\/api.w.org\/{rel}","templated":true}]}}