{"id":3267,"date":"2018-05-11T09:00:58","date_gmt":"2018-05-11T07:00:58","guid":{"rendered":"http:\/\/bibliotecas.unileon.es\/ingenierias-industrial-informatica\/?page_id=3267"},"modified":"2023-05-23T09:50:42","modified_gmt":"2023-05-23T07:50:42","slug":"divulgacion","status":"publish","type":"page","link":"https:\/\/bibliotecas.unileon.es\/ingenierias-industrial-informatica\/divulgacion\/","title":{"rendered":"Secci\u00f3n de Divulgaci\u00f3n Cient\u00edfica"},"content":{"rendered":"\n<!-- This is the start of the WP Twitter Button code -->\n<div id=\"rk_wp_twitter_button\" style=\"margin: 0px 0px 0px 0px; float: right\"><a href=\"http:\/\/twitter.com\/share\" class=\"twitter-share-button\" data-url=\"https:\/\/bibliotecas.unileon.es\/ingenierias-industrial-informatica\/divulgacion\/\" data-count=\"horizontal\">Tweet<\/a><script type=\"text\/javascript\" src=\"http:\/\/platform.twitter.com\/widgets.js\"><\/script><\/div>\n<!-- This is the end of the WP Twitter Button code -->\n\n<p><a href=\"https:\/\/biblioteca.unileon.es\/divulgacioneiii\" target=\"_blank\" rel=\"noopener\">Consulta aqu\u00ed<\/a> las obras de esta secci\u00f3n.<\/p>\n","protected":false},"excerpt":{"rendered":"<p>Tweet Consulta aqu\u00ed las obras de esta secci\u00f3n.<\/p>\n","protected":false},"author":18,"featured_media":0,"parent":0,"menu_order":0,"comment_status":"closed","ping_status":"closed","template":"","meta":{"_bbp_topic_count":0,"_bbp_reply_count":0,"_bbp_total_topic_count":0,"_bbp_total_reply_count":0,"_bbp_voice_count":0,"_bbp_anonymous_reply_count":0,"_bbp_topic_count_hidden":0,"_bbp_reply_count_hidden":0,"_bbp_forum_subforum_count":0,"footnotes":""},"class_list":["post-3267","page","type-page","status-publish","hentry"],"_links":{"self":[{"href":"https:\/\/bibliotecas.unileon.es\/ingenierias-industrial-informatica\/wp-json\/wp\/v2\/pages\/3267","targetHints":{"allow":["GET"]}}],"collection":[{"href":"https:\/\/bibliotecas.unileon.es\/ingenierias-industrial-informatica\/wp-json\/wp\/v2\/pages"}],"about":[{"href":"https:\/\/bibliotecas.unileon.es\/ingenierias-industrial-informatica\/wp-json\/wp\/v2\/types\/page"}],"author":[{"embeddable":true,"href":"https:\/\/bibliotecas.unileon.es\/ingenierias-industrial-informatica\/wp-json\/wp\/v2\/users\/18"}],"replies":[{"embeddable":true,"href":"https:\/\/bibliotecas.unileon.es\/ingenierias-industrial-informatica\/wp-json\/wp\/v2\/comments?post=3267"}],"version-history":[{"count":1,"href":"https:\/\/bibliotecas.unileon.es\/ingenierias-industrial-informatica\/wp-json\/wp\/v2\/pages\/3267\/revisions"}],"predecessor-version":[{"id":4306,"href":"https:\/\/bibliotecas.unileon.es\/ingenierias-industrial-informatica\/wp-json\/wp\/v2\/pages\/3267\/revisions\/4306"}],"wp:attachment":[{"href":"https:\/\/bibliotecas.unileon.es\/ingenierias-industrial-informatica\/wp-json\/wp\/v2\/media?parent=3267"}],"curies":[{"name":"wp","href":"https:\/\/api.w.org\/{rel}","templated":true}]}}