{"id":3622,"date":"2019-06-06T14:53:13","date_gmt":"2019-06-06T12:53:13","guid":{"rendered":"http:\/\/bibliotecas.unileon.es\/ingenierias-industrial-informatica\/?page_id=3622"},"modified":"2019-06-06T15:05:06","modified_gmt":"2019-06-06T13:05:06","slug":"diferencia-entre-cita-referencia-bibliografica-y-formato-bibliografico","status":"publish","type":"page","link":"https:\/\/bibliotecas.unileon.es\/ingenierias-industrial-informatica\/diferencia-entre-cita-referencia-bibliografica-y-formato-bibliografico\/","title":{"rendered":"Diferencia entre cita, referencia bibliogr\u00e1fica y formato bibliogr\u00e1fico"},"content":{"rendered":"\n<!-- This is the start of the WP Twitter Button code -->\n<div id=\"rk_wp_twitter_button\" style=\"margin: 0px 0px 0px 0px; float: right\"><a href=\"http:\/\/twitter.com\/share\" class=\"twitter-share-button\" data-url=\"https:\/\/bibliotecas.unileon.es\/ingenierias-industrial-informatica\/diferencia-entre-cita-referencia-bibliografica-y-formato-bibliografico\/\" data-count=\"horizontal\">Tweet<\/a><script type=\"text\/javascript\" src=\"http:\/\/platform.twitter.com\/widgets.js\"><\/script><\/div>\n<!-- This is the end of the WP Twitter Button code -->\n\n<p><span style=\"color: #333399;\">Cuando elaboras un trabajo, lo normal es que<strong> primero te documentes<\/strong> sobre el tema que vas a investigar. Toda la informaci\u00f3n que obtengas de libros, art\u00edculos de revistas, congresos, internet, etc., si posteriormente la utilizas en tu trabajo,<strong> tienes que citarla<\/strong> y , adem\u00e1s<strong>,\u00a0hacerlo correctamente.<\/strong><\/span><\/p>\n<p><span style=\"color: #333399;\">Una<b> cita bibliogr\u00e1fica<\/b> es una peque\u00f1a anotaci\u00f3n que haces en tu trabajo para indicar que lo expuesto lo has le\u00eddo en un documento, al que llamamos<strong> documento fuente<\/strong>. Las citas permiten diferenciar en el texto tus propias ideas de aquellas que has tomado de otras fuentes.<\/span><\/p>\n<p><span style=\"color: #333399;\">Hay distintos tipos de citas. Las m\u00e1s comunes son: las llamadas (Autor, Fecha) y las num\u00e9ricas [1], 1, (1) <sup>1<\/sup> .<\/span><\/p>\n<p><span style=\"color: #333399;\">Toda cita se corresponde con una<strong> referencia bibliogr\u00e1fica<\/strong>. La referencia contiene los datos necesarios que nos permiten identificar el documento fuente que hemos consultado y posteriormente citado en nuestro texto. Las referencias bibliogr\u00e1ficas se ordenan en una lista al final del trabajo.<\/span><\/p>\n<p><span style=\"color: #333399;\">Los datos necesarios para hacer una cita y una referencia, as\u00ed como el orden en el que se disponen, la forma de ponerlos y c\u00f3mo hacer la lista de referencias, var\u00edan seg\u00fan el formato bibliogr\u00e1fico que empleemos.<\/span><\/p>\n<p><span style=\"color: #333399;\">El <strong>formato bibliogr\u00e1fico<\/strong> es el conjunto de normas que nos indica:<\/span><\/p>\n<ul>\n<li><span style=\"color: #333399;\">C\u00f3mo hay que redactar las citas dentro del texto<\/span><\/li>\n<li><span style=\"color: #333399;\">Qu\u00e9 datos del documento fuente tenemos que emplear en las referencias bibliogr\u00e1ficas<\/span><\/li>\n<li><span style=\"color: #333399;\">C\u00f3mo se redactan las referencias bibliogr\u00e1ficas<\/span><\/li>\n<li><span style=\"color: #333399;\">C\u00f3mo se ordena la lista de referencias al final del trabajo<\/span><\/li>\n<li><span style=\"color: #333399;\">Qu\u00e9 apariencia externa tiene la lista de referencias<\/span><\/li>\n<\/ul>\n<p><span style=\"color: #333399;\">En este <a class=\"mtli_attachment mtli_pdf mtli_attachment mtli_pdf\" style=\"color: #333399;\" href=\"http:\/\/bibliotecas.unileon.es\/ingenierias-industrial-informatica\/files\/2018\/04\/Datos-referencias_Cuadro.pdf\" target=\"_blank\" rel=\"noopener noreferrer\">cuadro<\/a>\u00a0se muestran los datos del documento fuente que necesitas conocer para referenciar los documentos que m\u00e1s suelen consultarse al elaborar un TFG o un TFM.<\/span><\/p>\n<p><span style=\"color: #333399;\">Para la elaboraci\u00f3n del TFG y TFM, la Escuela recomienda dos formatos bibliogr\u00e1ficos: <strong>Harvard<\/strong> e <strong>IEEE<\/strong>.<\/span><\/p>\n<p>&nbsp;<\/p>\n","protected":false},"excerpt":{"rendered":"<p>Tweet Cuando elaboras un trabajo, lo normal es que primero te documentes sobre el tema que vas a investigar. Toda la informaci\u00f3n que obtengas de libros, art\u00edculos de revistas, congresos, internet, etc., si posteriormente la utilizas en tu trabajo, tienes &hellip; <a href=\"https:\/\/bibliotecas.unileon.es\/ingenierias-industrial-informatica\/diferencia-entre-cita-referencia-bibliografica-y-formato-bibliografico\/\">Sigue leyendo <span class=\"meta-nav\">&rarr;<\/span><\/a><\/p>\n","protected":false},"author":18,"featured_media":0,"parent":0,"menu_order":0,"comment_status":"closed","ping_status":"closed","template":"","meta":{"_bbp_topic_count":0,"_bbp_reply_count":0,"_bbp_total_topic_count":0,"_bbp_total_reply_count":0,"_bbp_voice_count":0,"_bbp_anonymous_reply_count":0,"_bbp_topic_count_hidden":0,"_bbp_reply_count_hidden":0,"_bbp_forum_subforum_count":0,"footnotes":""},"class_list":["post-3622","page","type-page","status-publish","hentry"],"_links":{"self":[{"href":"https:\/\/bibliotecas.unileon.es\/ingenierias-industrial-informatica\/wp-json\/wp\/v2\/pages\/3622","targetHints":{"allow":["GET"]}}],"collection":[{"href":"https:\/\/bibliotecas.unileon.es\/ingenierias-industrial-informatica\/wp-json\/wp\/v2\/pages"}],"about":[{"href":"https:\/\/bibliotecas.unileon.es\/ingenierias-industrial-informatica\/wp-json\/wp\/v2\/types\/page"}],"author":[{"embeddable":true,"href":"https:\/\/bibliotecas.unileon.es\/ingenierias-industrial-informatica\/wp-json\/wp\/v2\/users\/18"}],"replies":[{"embeddable":true,"href":"https:\/\/bibliotecas.unileon.es\/ingenierias-industrial-informatica\/wp-json\/wp\/v2\/comments?post=3622"}],"version-history":[{"count":0,"href":"https:\/\/bibliotecas.unileon.es\/ingenierias-industrial-informatica\/wp-json\/wp\/v2\/pages\/3622\/revisions"}],"wp:attachment":[{"href":"https:\/\/bibliotecas.unileon.es\/ingenierias-industrial-informatica\/wp-json\/wp\/v2\/media?parent=3622"}],"curies":[{"name":"wp","href":"https:\/\/api.w.org\/{rel}","templated":true}]}}