{"id":3752,"date":"2020-01-24T14:16:40","date_gmt":"2020-01-24T13:16:40","guid":{"rendered":"https:\/\/bibliotecas.unileon.es\/ingenierias-industrial-informatica\/?page_id=3752"},"modified":"2020-01-24T15:01:30","modified_gmt":"2020-01-24T14:01:30","slug":"competencias-digitales-para-los-estudiantes-de-grado","status":"publish","type":"page","link":"https:\/\/bibliotecas.unileon.es\/ingenierias-industrial-informatica\/competencias-digitales-para-los-estudiantes-de-grado\/","title":{"rendered":"Competencias digitales para los estudiantes de grado (Rebiun)"},"content":{"rendered":"\n<!-- This is the start of the WP Twitter Button code -->\n<div id=\"rk_wp_twitter_button\" style=\"margin: 0px 0px 0px 0px; float: right\"><a href=\"http:\/\/twitter.com\/share\" class=\"twitter-share-button\" data-url=\"https:\/\/bibliotecas.unileon.es\/ingenierias-industrial-informatica\/competencias-digitales-para-los-estudiantes-de-grado\/\" data-count=\"horizontal\">Tweet<\/a><script type=\"text\/javascript\" src=\"http:\/\/platform.twitter.com\/widgets.js\"><\/script><\/div>\n<!-- This is the end of the WP Twitter Button code -->\n\n<p>Desde <a href=\"https:\/\/www.rebiun.org\/aprendizaje-investigacion\/competencia-digital\/material-formacion-estudiantes-grado\" target=\"_blank\" rel=\"noopener noreferrer\">este enlace<\/a> puedes hacer a la p\u00e1gina elaborada por Rebiun (Red de Bibliotecas Universitarias Espa\u00f1olas) que contiene material de formaci\u00f3n que te capacitar\u00e1 en <strong>competencias digitales.\u00a0<\/strong><\/p>\n<p>Os recomendamos <strong>su consulta antes de empezar a elaborar el TFG<\/strong>, ya que os\u00a0 puede resultar de gran ayuda.<\/p>\n","protected":false},"excerpt":{"rendered":"<p>Tweet Desde este enlace puedes hacer a la p\u00e1gina elaborada por Rebiun (Red de Bibliotecas Universitarias Espa\u00f1olas) que contiene material de formaci\u00f3n que te capacitar\u00e1 en competencias digitales.\u00a0 Os recomendamos su consulta antes de empezar a elaborar el TFG, ya &hellip; <a href=\"https:\/\/bibliotecas.unileon.es\/ingenierias-industrial-informatica\/competencias-digitales-para-los-estudiantes-de-grado\/\">Sigue leyendo <span class=\"meta-nav\">&rarr;<\/span><\/a><\/p>\n","protected":false},"author":18,"featured_media":0,"parent":0,"menu_order":0,"comment_status":"closed","ping_status":"closed","template":"","meta":{"_bbp_topic_count":0,"_bbp_reply_count":0,"_bbp_total_topic_count":0,"_bbp_total_reply_count":0,"_bbp_voice_count":0,"_bbp_anonymous_reply_count":0,"_bbp_topic_count_hidden":0,"_bbp_reply_count_hidden":0,"_bbp_forum_subforum_count":0,"footnotes":""},"class_list":["post-3752","page","type-page","status-publish","hentry"],"_links":{"self":[{"href":"https:\/\/bibliotecas.unileon.es\/ingenierias-industrial-informatica\/wp-json\/wp\/v2\/pages\/3752","targetHints":{"allow":["GET"]}}],"collection":[{"href":"https:\/\/bibliotecas.unileon.es\/ingenierias-industrial-informatica\/wp-json\/wp\/v2\/pages"}],"about":[{"href":"https:\/\/bibliotecas.unileon.es\/ingenierias-industrial-informatica\/wp-json\/wp\/v2\/types\/page"}],"author":[{"embeddable":true,"href":"https:\/\/bibliotecas.unileon.es\/ingenierias-industrial-informatica\/wp-json\/wp\/v2\/users\/18"}],"replies":[{"embeddable":true,"href":"https:\/\/bibliotecas.unileon.es\/ingenierias-industrial-informatica\/wp-json\/wp\/v2\/comments?post=3752"}],"version-history":[{"count":0,"href":"https:\/\/bibliotecas.unileon.es\/ingenierias-industrial-informatica\/wp-json\/wp\/v2\/pages\/3752\/revisions"}],"wp:attachment":[{"href":"https:\/\/bibliotecas.unileon.es\/ingenierias-industrial-informatica\/wp-json\/wp\/v2\/media?parent=3752"}],"curies":[{"name":"wp","href":"https:\/\/api.w.org\/{rel}","templated":true}]}}