{"id":3779,"date":"2020-03-20T11:05:07","date_gmt":"2020-03-20T10:05:07","guid":{"rendered":"https:\/\/bibliotecas.unileon.es\/ingenierias-industrial-informatica\/?page_id=3779"},"modified":"2020-03-20T11:22:08","modified_gmt":"2020-03-20T10:22:08","slug":"propiedad-intelectual","status":"publish","type":"page","link":"https:\/\/bibliotecas.unileon.es\/ingenierias-industrial-informatica\/propiedad-intelectual\/","title":{"rendered":"Propiedad Intelectual"},"content":{"rendered":"\n<!-- This is the start of the WP Twitter Button code -->\n<div id=\"rk_wp_twitter_button\" style=\"margin: 0px 0px 0px 0px; float: right\"><a href=\"http:\/\/twitter.com\/share\" class=\"twitter-share-button\" data-url=\"https:\/\/bibliotecas.unileon.es\/ingenierias-industrial-informatica\/propiedad-intelectual\/\" data-count=\"horizontal\">Tweet<\/a><script type=\"text\/javascript\" src=\"http:\/\/platform.twitter.com\/widgets.js\"><\/script><\/div>\n<!-- This is the end of the WP Twitter Button code -->\n\n<p style=\"text-align: center;\"><strong>\u00bfQu\u00e9 puedo y qu\u00e9 no puedo copiar?<\/strong><\/p>\n<p style=\"text-align: justify;\">Enlace a <a href=\"http:\/\/biblioguias.unex.es\/derechos_de_autor\/derechos-de-autor-y-docencia\" target=\"_blank\" rel=\"noopener noreferrer\">DERECHOS DE AUTOR Y DOCENCIA<\/a>, informaci\u00f3n elaborada por la Biblioteca de la Universidad de Extremadura, donde se ofrece informaci\u00f3n muy clara sobre distintos aspectos de la Propiedad Intelectual que afectan a la reproducci\u00f3n de documentaci\u00f3n sujeta a derechos de autor.<\/p>\n<p>&nbsp;<\/p>\n","protected":false},"excerpt":{"rendered":"<p>Tweet \u00bfQu\u00e9 puedo y qu\u00e9 no puedo copiar? Enlace a DERECHOS DE AUTOR Y DOCENCIA, informaci\u00f3n elaborada por la Biblioteca de la Universidad de Extremadura, donde se ofrece informaci\u00f3n muy clara sobre distintos aspectos de la Propiedad Intelectual que afectan &hellip; <a href=\"https:\/\/bibliotecas.unileon.es\/ingenierias-industrial-informatica\/propiedad-intelectual\/\">Sigue leyendo <span class=\"meta-nav\">&rarr;<\/span><\/a><\/p>\n","protected":false},"author":18,"featured_media":0,"parent":0,"menu_order":0,"comment_status":"closed","ping_status":"closed","template":"","meta":{"_bbp_topic_count":0,"_bbp_reply_count":0,"_bbp_total_topic_count":0,"_bbp_total_reply_count":0,"_bbp_voice_count":0,"_bbp_anonymous_reply_count":0,"_bbp_topic_count_hidden":0,"_bbp_reply_count_hidden":0,"_bbp_forum_subforum_count":0,"footnotes":""},"class_list":["post-3779","page","type-page","status-publish","hentry"],"_links":{"self":[{"href":"https:\/\/bibliotecas.unileon.es\/ingenierias-industrial-informatica\/wp-json\/wp\/v2\/pages\/3779","targetHints":{"allow":["GET"]}}],"collection":[{"href":"https:\/\/bibliotecas.unileon.es\/ingenierias-industrial-informatica\/wp-json\/wp\/v2\/pages"}],"about":[{"href":"https:\/\/bibliotecas.unileon.es\/ingenierias-industrial-informatica\/wp-json\/wp\/v2\/types\/page"}],"author":[{"embeddable":true,"href":"https:\/\/bibliotecas.unileon.es\/ingenierias-industrial-informatica\/wp-json\/wp\/v2\/users\/18"}],"replies":[{"embeddable":true,"href":"https:\/\/bibliotecas.unileon.es\/ingenierias-industrial-informatica\/wp-json\/wp\/v2\/comments?post=3779"}],"version-history":[{"count":0,"href":"https:\/\/bibliotecas.unileon.es\/ingenierias-industrial-informatica\/wp-json\/wp\/v2\/pages\/3779\/revisions"}],"wp:attachment":[{"href":"https:\/\/bibliotecas.unileon.es\/ingenierias-industrial-informatica\/wp-json\/wp\/v2\/media?parent=3779"}],"curies":[{"name":"wp","href":"https:\/\/api.w.org\/{rel}","templated":true}]}}