{"id":3825,"date":"2020-08-31T09:41:31","date_gmt":"2020-08-31T07:41:31","guid":{"rendered":"https:\/\/bibliotecas.unileon.es\/ingenierias-industrial-informatica\/?page_id=3825"},"modified":"2020-08-31T09:41:31","modified_gmt":"2020-08-31T07:41:31","slug":"enclave-de-ciencia-nueva-plataforma-de-servicios-linguisticos","status":"publish","type":"page","link":"https:\/\/bibliotecas.unileon.es\/ingenierias-industrial-informatica\/enclave-de-ciencia-nueva-plataforma-de-servicios-linguisticos\/","title":{"rendered":"Enclave de Ciencia: nueva plataforma de servicios ling\u00fc\u00edsticos"},"content":{"rendered":"\n<!-- This is the start of the WP Twitter Button code -->\n<div id=\"rk_wp_twitter_button\" style=\"margin: 0px 0px 0px 0px; float: right\"><a href=\"http:\/\/twitter.com\/share\" class=\"twitter-share-button\" data-url=\"https:\/\/bibliotecas.unileon.es\/ingenierias-industrial-informatica\/enclave-de-ciencia-nueva-plataforma-de-servicios-linguisticos\/\" data-count=\"horizontal\">Tweet<\/a><script type=\"text\/javascript\" src=\"http:\/\/platform.twitter.com\/widgets.js\"><\/script><\/div>\n<!-- This is the end of the WP Twitter Button code -->\n\n<p><a href=\"https:\/\/enclavedeciencia.rae.es\/inicio\" target=\"_blank\" rel=\"noopener noreferrer\"><strong>Enclave de Ciencia<\/strong><\/a> es una plataforma de servicios ling\u00fc\u00edsticos cuyo objetivo es facilitar el manejo y la comprensi\u00f3n del vocabulario cient\u00edfico-t\u00e9cnico.<\/p>\n<p>Nace de la colaboraci\u00f3n entre la <a href=\"https:\/\/www.rae.es\/\" target=\"_blank\" rel=\"noopener noreferrer\">RAE<\/a> y la Fundaci\u00f3n Espa\u00f1ola para la Ciencia y la Tecnolog\u00eda (<a href=\"https:\/\/www.fecyt.es\/\" target=\"_blank\" rel=\"noopener noreferrer\">FECYT<\/a>),\u00a0dependiente del<a href=\"https:\/\/www.ciencia.gob.es\/\" target=\"_blank\" rel=\"noopener noreferrer\"> Ministerio de Ciencia e Innovaci\u00f3n.<\/a><\/p>\n<p><a href=\"https:\/\/www.rae.es\/noticias\/nace-la-plataforma-de-servicios-linguisticos-enclave-de-ciencia\" target=\"_blank\" rel=\"noopener noreferrer\">Noticia en la p\u00e1gina web de la RAE<\/a><\/p>\n<p>&nbsp;<\/p>\n","protected":false},"excerpt":{"rendered":"<p>Tweet Enclave de Ciencia es una plataforma de servicios ling\u00fc\u00edsticos cuyo objetivo es facilitar el manejo y la comprensi\u00f3n del vocabulario cient\u00edfico-t\u00e9cnico. Nace de la colaboraci\u00f3n entre la RAE y la Fundaci\u00f3n Espa\u00f1ola para la Ciencia y la Tecnolog\u00eda (FECYT),\u00a0dependiente &hellip; <a href=\"https:\/\/bibliotecas.unileon.es\/ingenierias-industrial-informatica\/enclave-de-ciencia-nueva-plataforma-de-servicios-linguisticos\/\">Sigue leyendo <span class=\"meta-nav\">&rarr;<\/span><\/a><\/p>\n","protected":false},"author":18,"featured_media":0,"parent":0,"menu_order":0,"comment_status":"closed","ping_status":"closed","template":"","meta":{"_bbp_topic_count":0,"_bbp_reply_count":0,"_bbp_total_topic_count":0,"_bbp_total_reply_count":0,"_bbp_voice_count":0,"_bbp_anonymous_reply_count":0,"_bbp_topic_count_hidden":0,"_bbp_reply_count_hidden":0,"_bbp_forum_subforum_count":0,"footnotes":""},"class_list":["post-3825","page","type-page","status-publish","hentry"],"_links":{"self":[{"href":"https:\/\/bibliotecas.unileon.es\/ingenierias-industrial-informatica\/wp-json\/wp\/v2\/pages\/3825","targetHints":{"allow":["GET"]}}],"collection":[{"href":"https:\/\/bibliotecas.unileon.es\/ingenierias-industrial-informatica\/wp-json\/wp\/v2\/pages"}],"about":[{"href":"https:\/\/bibliotecas.unileon.es\/ingenierias-industrial-informatica\/wp-json\/wp\/v2\/types\/page"}],"author":[{"embeddable":true,"href":"https:\/\/bibliotecas.unileon.es\/ingenierias-industrial-informatica\/wp-json\/wp\/v2\/users\/18"}],"replies":[{"embeddable":true,"href":"https:\/\/bibliotecas.unileon.es\/ingenierias-industrial-informatica\/wp-json\/wp\/v2\/comments?post=3825"}],"version-history":[{"count":0,"href":"https:\/\/bibliotecas.unileon.es\/ingenierias-industrial-informatica\/wp-json\/wp\/v2\/pages\/3825\/revisions"}],"wp:attachment":[{"href":"https:\/\/bibliotecas.unileon.es\/ingenierias-industrial-informatica\/wp-json\/wp\/v2\/media?parent=3825"}],"curies":[{"name":"wp","href":"https:\/\/api.w.org\/{rel}","templated":true}]}}