{"id":4233,"date":"2026-03-06T14:32:48","date_gmt":"2026-03-06T13:32:48","guid":{"rendered":"https:\/\/bibliotecas.unileon.es\/ingenierias-industrial-informatica\/?page_id=4233"},"modified":"2026-03-06T14:31:34","modified_gmt":"2026-03-06T13:31:34","slug":"datos-estadisticos-2022","status":"publish","type":"page","link":"https:\/\/bibliotecas.unileon.es\/ingenierias-industrial-informatica\/datos-estadisticos-2022\/","title":{"rendered":"Datos estad\u00edsticos de 2025"},"content":{"rendered":"\n<!-- This is the start of the WP Twitter Button code -->\n<div id=\"rk_wp_twitter_button\" style=\"margin: 0px 0px 0px 0px; float: right\"><a href=\"http:\/\/twitter.com\/share\" class=\"twitter-share-button\" data-url=\"https:\/\/bibliotecas.unileon.es\/ingenierias-industrial-informatica\/datos-estadisticos-2022\/\" data-count=\"horizontal\">Tweet<\/a><script type=\"text\/javascript\" src=\"http:\/\/platform.twitter.com\/widgets.js\"><\/script><\/div>\n<!-- This is the end of the WP Twitter Button code -->\n\n<table style=\"width: 100%; height: 440px;\">\n<tbody>\n<tr style=\"height: 256px;\">\n<td style=\"height: 256px; width: 37.8928%;\">PR\u00c9STAMOS 2025<\/td>\n<td style=\"height: 256px; width: 61.9224%;\"><a href=\"https:\/\/bibliotecas.unileon.es\/ingenierias-industrial-informatica\/files\/2026\/03\/Estadisticas_2025_PRESTAMOS.jpg\" class=\"mtli_attachment mtli_jpg\">Total pr\u00e9stamo en 2025, seg\u00fan el tipo de usuario<\/a><\/p>\n<p><a href=\"https:\/\/bibliotecas.unileon.es\/ingenierias-industrial-informatica\/files\/2026\/03\/BLOG_Prestamos_alumnos_2025.jpg\" class=\"mtli_attachment mtli_jpg\">Pr\u00e9stamo alumnos 2025<\/a><\/p>\n<p><a href=\"https:\/\/bibliotecas.unileon.es\/ingenierias-industrial-informatica\/files\/2026\/03\/BLOG_Prestamos_PDI_2025.jpg\" class=\"mtli_attachment mtli_jpg\">Pr\u00e9stamo PDI 2025<\/a><\/p>\n<p><a href=\"https:\/\/bibliotecas.unileon.es\/ingenierias-industrial-informatica\/files\/2026\/03\/BLOG_Prestamos_PTGAS_2025.jpg\" class=\"mtli_attachment mtli_jpg\">Pr\u00e9stamo PTGAS 2025<\/a><\/p>\n<p><a href=\"https:\/\/bibliotecas.unileon.es\/ingenierias-industrial-informatica\/files\/2026\/03\/BLOG_Prestamos_tipo_documento_tipo_usuarios_2025.jpg\" class=\"mtli_attachment mtli_jpg\">Pr\u00e9stamo por tipo de usuario y tipo de documento 2025<\/a><\/p>\n<p><a href=\"https:\/\/bibliotecas.unileon.es\/ingenierias-industrial-informatica\/files\/2026\/03\/Consulta_en_sala_tipo_documento_2025.jpg\" class=\"mtli_attachment mtli_jpg\">Pr\u00e9stamo en sala por tipo de documento 2025<\/a><\/p>\n<p><a href=\"https:\/\/bibliotecas.unileon.es\/ingenierias-industrial-informatica\/files\/2026\/03\/Divulgacion_cientifica_2025.jpg\" class=\"mtli_attachment mtli_jpg\">Divulgaci\u00f3n cient\u00edfica 2025<\/a><\/p>\n<p><a href=\"https:\/\/bibliotecas.unileon.es\/ingenierias-industrial-informatica\/files\/2026\/03\/Top-10_libros_mas_prestados.jpg\" class=\"mtli_attachment mtli_jpg\">Top 10 libros m\u00e1s prestados 2025<\/a><\/td>\n<\/tr>\n<tr>\n<td style=\"width: 37.8928%;\"><\/td>\n<td style=\"width: 61.9224%;\"><\/td>\n<\/tr>\n<\/tbody>\n<\/table>\n<p>&nbsp;<\/p>\n<p>&nbsp;<\/p>\n","protected":false},"excerpt":{"rendered":"<p>Tweet PR\u00c9STAMOS 2025 Total pr\u00e9stamo en 2025, seg\u00fan el tipo de usuario Pr\u00e9stamo alumnos 2025 Pr\u00e9stamo PDI 2025 Pr\u00e9stamo PTGAS 2025 Pr\u00e9stamo por tipo de usuario y tipo de documento 2025 Pr\u00e9stamo en sala por tipo de documento 2025 Divulgaci\u00f3n &hellip; <a href=\"https:\/\/bibliotecas.unileon.es\/ingenierias-industrial-informatica\/datos-estadisticos-2022\/\">Sigue leyendo <span class=\"meta-nav\">&rarr;<\/span><\/a><\/p>\n","protected":false},"author":18,"featured_media":0,"parent":0,"menu_order":0,"comment_status":"closed","ping_status":"closed","template":"","meta":{"_bbp_topic_count":0,"_bbp_reply_count":0,"_bbp_total_topic_count":0,"_bbp_total_reply_count":0,"_bbp_voice_count":0,"_bbp_anonymous_reply_count":0,"_bbp_topic_count_hidden":0,"_bbp_reply_count_hidden":0,"_bbp_forum_subforum_count":0,"footnotes":""},"class_list":["post-4233","page","type-page","status-publish","hentry"],"_links":{"self":[{"href":"https:\/\/bibliotecas.unileon.es\/ingenierias-industrial-informatica\/wp-json\/wp\/v2\/pages\/4233","targetHints":{"allow":["GET"]}}],"collection":[{"href":"https:\/\/bibliotecas.unileon.es\/ingenierias-industrial-informatica\/wp-json\/wp\/v2\/pages"}],"about":[{"href":"https:\/\/bibliotecas.unileon.es\/ingenierias-industrial-informatica\/wp-json\/wp\/v2\/types\/page"}],"author":[{"embeddable":true,"href":"https:\/\/bibliotecas.unileon.es\/ingenierias-industrial-informatica\/wp-json\/wp\/v2\/users\/18"}],"replies":[{"embeddable":true,"href":"https:\/\/bibliotecas.unileon.es\/ingenierias-industrial-informatica\/wp-json\/wp\/v2\/comments?post=4233"}],"version-history":[{"count":4,"href":"https:\/\/bibliotecas.unileon.es\/ingenierias-industrial-informatica\/wp-json\/wp\/v2\/pages\/4233\/revisions"}],"predecessor-version":[{"id":4830,"href":"https:\/\/bibliotecas.unileon.es\/ingenierias-industrial-informatica\/wp-json\/wp\/v2\/pages\/4233\/revisions\/4830"}],"wp:attachment":[{"href":"https:\/\/bibliotecas.unileon.es\/ingenierias-industrial-informatica\/wp-json\/wp\/v2\/media?parent=4233"}],"curies":[{"name":"wp","href":"https:\/\/api.w.org\/{rel}","templated":true}]}}