{"id":4416,"date":"2024-01-18T08:42:48","date_gmt":"2024-01-18T07:42:48","guid":{"rendered":"https:\/\/bibliotecas.unileon.es\/ingenierias-industrial-informatica\/?page_id=4416"},"modified":"2024-01-18T08:42:48","modified_gmt":"2024-01-18T07:42:48","slug":"formacion-competencia-digital","status":"publish","type":"page","link":"https:\/\/bibliotecas.unileon.es\/ingenierias-industrial-informatica\/formacion-competencia-digital\/","title":{"rendered":"Formaci\u00f3n Competencia digital"},"content":{"rendered":"\n<!-- This is the start of the WP Twitter Button code -->\n<div id=\"rk_wp_twitter_button\" style=\"margin: 0px 0px 0px 0px; float: right\"><a href=\"http:\/\/twitter.com\/share\" class=\"twitter-share-button\" data-url=\"https:\/\/bibliotecas.unileon.es\/ingenierias-industrial-informatica\/formacion-competencia-digital\/\" data-count=\"horizontal\">Tweet<\/a><script type=\"text\/javascript\" src=\"http:\/\/platform.twitter.com\/widgets.js\"><\/script><\/div>\n<!-- This is the end of the WP Twitter Button code -->\n\n<table style=\"border-style: solid; border-color: #1c0b7a;\">\n<tbody>\n<tr>\n<td><span style=\"color: #ff6600;\">Enlace al apartado <a href=\"https:\/\/biblioteca.unileon.es\/c.php?g=689445&amp;p=4935183\" target=\"_blank\" rel=\"noopener\"><strong>Formaci\u00f3n COMPETENCIA DIGITAL<\/strong><\/a> de la p\u00e1gina web de la Biblioteca de la ULE<\/span><\/td>\n<td><span style=\"color: #ff6600;\">Accede a v\u00eddeos de corta duraci\u00f3n que te permitir\u00e1n formarte en competencias digitales<\/span><\/td>\n<\/tr>\n<\/tbody>\n<\/table>\n","protected":false},"excerpt":{"rendered":"<p>Tweet Enlace al apartado Formaci\u00f3n COMPETENCIA DIGITAL de la p\u00e1gina web de la Biblioteca de la ULE Accede a v\u00eddeos de corta duraci\u00f3n que te permitir\u00e1n formarte en competencias digitales<\/p>\n","protected":false},"author":18,"featured_media":0,"parent":0,"menu_order":0,"comment_status":"closed","ping_status":"closed","template":"","meta":{"_bbp_topic_count":0,"_bbp_reply_count":0,"_bbp_total_topic_count":0,"_bbp_total_reply_count":0,"_bbp_voice_count":0,"_bbp_anonymous_reply_count":0,"_bbp_topic_count_hidden":0,"_bbp_reply_count_hidden":0,"_bbp_forum_subforum_count":0,"footnotes":""},"class_list":["post-4416","page","type-page","status-publish","hentry"],"_links":{"self":[{"href":"https:\/\/bibliotecas.unileon.es\/ingenierias-industrial-informatica\/wp-json\/wp\/v2\/pages\/4416","targetHints":{"allow":["GET"]}}],"collection":[{"href":"https:\/\/bibliotecas.unileon.es\/ingenierias-industrial-informatica\/wp-json\/wp\/v2\/pages"}],"about":[{"href":"https:\/\/bibliotecas.unileon.es\/ingenierias-industrial-informatica\/wp-json\/wp\/v2\/types\/page"}],"author":[{"embeddable":true,"href":"https:\/\/bibliotecas.unileon.es\/ingenierias-industrial-informatica\/wp-json\/wp\/v2\/users\/18"}],"replies":[{"embeddable":true,"href":"https:\/\/bibliotecas.unileon.es\/ingenierias-industrial-informatica\/wp-json\/wp\/v2\/comments?post=4416"}],"version-history":[{"count":0,"href":"https:\/\/bibliotecas.unileon.es\/ingenierias-industrial-informatica\/wp-json\/wp\/v2\/pages\/4416\/revisions"}],"wp:attachment":[{"href":"https:\/\/bibliotecas.unileon.es\/ingenierias-industrial-informatica\/wp-json\/wp\/v2\/media?parent=4416"}],"curies":[{"name":"wp","href":"https:\/\/api.w.org\/{rel}","templated":true}]}}