{"id":4442,"date":"2024-02-23T15:03:47","date_gmt":"2024-02-23T14:03:47","guid":{"rendered":"https:\/\/bibliotecas.unileon.es\/ingenierias-industrial-informatica\/?page_id=4442"},"modified":"2024-03-01T14:56:21","modified_gmt":"2024-03-01T13:56:21","slug":"documentos-generados-con-ia","status":"publish","type":"page","link":"https:\/\/bibliotecas.unileon.es\/ingenierias-industrial-informatica\/documentos-generados-con-ia\/","title":{"rendered":"Documentos generados con IA"},"content":{"rendered":"\n<!-- This is the start of the WP Twitter Button code -->\n<div id=\"rk_wp_twitter_button\" style=\"margin: 0px 0px 0px 0px; float: right\"><a href=\"http:\/\/twitter.com\/share\" class=\"twitter-share-button\" data-url=\"https:\/\/bibliotecas.unileon.es\/ingenierias-industrial-informatica\/documentos-generados-con-ia\/\" data-count=\"horizontal\">Tweet<\/a><script type=\"text\/javascript\" src=\"http:\/\/platform.twitter.com\/widgets.js\"><\/script><\/div>\n<!-- This is the end of the WP Twitter Button code -->\n\n<table style=\"width: 100%;\">\n<tbody>\n<tr>\n<td style=\"width: 100%;\"><strong>Documentos generados con IA <\/strong><\/p>\n<p><span style=\"color: #666699;\">En la siguiente tabla se han incluido 5 enlaces a bibliotecas universitarias que han elaborado informaci\u00f3n muy clara e interesante sobre documentos generados con IA: su uso en trabajos acad\u00e9micos, valoraci\u00f3n del contenido, \u00e9tica de uso, y forma de citar<\/span><\/p>\n<table>\n<tbody>\n<tr>\n<td><a href=\"https:\/\/libguides.brown.edu\/AI\" target=\"_blank\" rel=\"noopener\">Enlace a la informaci\u00f3n de la Brown University Library (USA)<\/a><\/td>\n<td>&nbsp;<\/p>\n<p><span style=\"color: #000080;\">Contiene una gu\u00eda sobre documentos generados con IA. No dejes de leer \u00abA Very Brief Introduction to Generative IA\u00bb<\/span><\/p>\n<p>&nbsp;<\/td>\n<\/tr>\n<tr>\n<td><a href=\"https:\/\/libguides.mcmaster.ca\/cite-gen-ai\/chicago\" target=\"_blank\" rel=\"noopener\">Enlace a la gu\u00eda de la McMaster University (Canad\u00e1)<\/a><\/td>\n<td>&nbsp;<\/p>\n<p><span style=\"color: #000080;\">Incluye ejemplos de citas y referencias de texto e im\u00e1genes generadas con IA<\/span><\/p>\n<p>&nbsp;<\/td>\n<\/tr>\n<tr>\n<td><a href=\"https:\/\/biblioguias.webs.upv.es\/bg\/index.php\/es\/citaria\" target=\"_blank\" rel=\"noopener\">Enlace a la gu\u00eda de Universitat Polit\u00e8cnica de Val\u00e8ncia<\/a><\/td>\n<td>&nbsp;<\/p>\n<p><span style=\"color: #000080;\">Contiene interesante introducci\u00f3n y ejemplos de citas y referencias de documentos generados con IA , en espa\u00f1ol<\/span><\/p>\n<p>&nbsp;<\/td>\n<\/tr>\n<tr>\n<td><a href=\"https:\/\/guides.library.ualberta.ca\/generative-ai\/citation\" target=\"_blank\" rel=\"noopener\">Enlace a la Biblioteca de la University of Alberta (Canad\u00e1)<\/a><\/td>\n<td>&nbsp;<\/p>\n<p><span style=\"color: #000080;\">Informaci\u00f3n muy clara y pr\u00e1ctica de distintos tipos de documentos que se pueden generar con IA, c\u00f3mo valorarlos y c\u00f3mo citarlos. Muy interesante el flujo de toma de decisi\u00f3n sobre conveniencia de usar ChatGPT, en la pesta\u00f1a \u00abDeciding Whether to Use IA\u00bb<br \/>\n<\/span><\/p>\n<p>&nbsp;<\/td>\n<\/tr>\n<tr>\n<td><a href=\"https:\/\/guides.library.ubc.ca\/GenAI\/cite\" target=\"_blank\" rel=\"noopener\">Enlace a la Biblioteca de la University of British Columbia (Canad\u00e1)<\/a><\/td>\n<td>&nbsp;<\/p>\n<p><span style=\"color: #000080;\">Contiene informaci\u00f3n similar a la de los enlaces anteriores. Indica c\u00f3mo citar IA con el formato IEEE. Da informaci\u00f3n de c\u00f3mo citar diferentes tipolog\u00edas de documentos generados con IA<\/span><\/p>\n<p>&nbsp;<\/td>\n<\/tr>\n<\/tbody>\n<\/table>\n<\/td>\n<\/tr>\n<\/tbody>\n<\/table>\n","protected":false},"excerpt":{"rendered":"<p>Tweet Documentos generados con IA En la siguiente tabla se han incluido 5 enlaces a bibliotecas universitarias que han elaborado informaci\u00f3n muy clara e interesante sobre documentos generados con IA: su uso en trabajos acad\u00e9micos, valoraci\u00f3n del contenido, \u00e9tica de &hellip; <a href=\"https:\/\/bibliotecas.unileon.es\/ingenierias-industrial-informatica\/documentos-generados-con-ia\/\">Sigue leyendo <span class=\"meta-nav\">&rarr;<\/span><\/a><\/p>\n","protected":false},"author":18,"featured_media":0,"parent":0,"menu_order":0,"comment_status":"closed","ping_status":"closed","template":"","meta":{"_bbp_topic_count":0,"_bbp_reply_count":0,"_bbp_total_topic_count":0,"_bbp_total_reply_count":0,"_bbp_voice_count":0,"_bbp_anonymous_reply_count":0,"_bbp_topic_count_hidden":0,"_bbp_reply_count_hidden":0,"_bbp_forum_subforum_count":0,"footnotes":""},"class_list":["post-4442","page","type-page","status-publish","hentry"],"_links":{"self":[{"href":"https:\/\/bibliotecas.unileon.es\/ingenierias-industrial-informatica\/wp-json\/wp\/v2\/pages\/4442","targetHints":{"allow":["GET"]}}],"collection":[{"href":"https:\/\/bibliotecas.unileon.es\/ingenierias-industrial-informatica\/wp-json\/wp\/v2\/pages"}],"about":[{"href":"https:\/\/bibliotecas.unileon.es\/ingenierias-industrial-informatica\/wp-json\/wp\/v2\/types\/page"}],"author":[{"embeddable":true,"href":"https:\/\/bibliotecas.unileon.es\/ingenierias-industrial-informatica\/wp-json\/wp\/v2\/users\/18"}],"replies":[{"embeddable":true,"href":"https:\/\/bibliotecas.unileon.es\/ingenierias-industrial-informatica\/wp-json\/wp\/v2\/comments?post=4442"}],"version-history":[{"count":1,"href":"https:\/\/bibliotecas.unileon.es\/ingenierias-industrial-informatica\/wp-json\/wp\/v2\/pages\/4442\/revisions"}],"predecessor-version":[{"id":4445,"href":"https:\/\/bibliotecas.unileon.es\/ingenierias-industrial-informatica\/wp-json\/wp\/v2\/pages\/4442\/revisions\/4445"}],"wp:attachment":[{"href":"https:\/\/bibliotecas.unileon.es\/ingenierias-industrial-informatica\/wp-json\/wp\/v2\/media?parent=4442"}],"curies":[{"name":"wp","href":"https:\/\/api.w.org\/{rel}","templated":true}]}}