{"id":730,"date":"2013-05-08T13:41:30","date_gmt":"2013-05-08T11:41:30","guid":{"rendered":"http:\/\/bibliotecas.unileon.es\/ingenierias-industrial-informatica\/?page_id=730"},"modified":"2021-10-13T13:46:45","modified_gmt":"2021-10-13T11:46:45","slug":"informatica","status":"publish","type":"page","link":"https:\/\/bibliotecas.unileon.es\/ingenierias-industrial-informatica\/informatica\/","title":{"rendered":"Inform\u00e1tica"},"content":{"rendered":"\n<!-- This is the start of the WP Twitter Button code -->\n<div id=\"rk_wp_twitter_button\" style=\"margin: 0px 0px 0px 0px; float: right\"><a href=\"http:\/\/twitter.com\/share\" class=\"twitter-share-button\" data-url=\"https:\/\/bibliotecas.unileon.es\/ingenierias-industrial-informatica\/informatica\/\" data-count=\"horizontal\">Tweet<\/a><script type=\"text\/javascript\" src=\"http:\/\/platform.twitter.com\/widgets.js\"><\/script><\/div>\n<!-- This is the end of the WP Twitter Button code -->\n\n<p><strong>Sedes web Institucionales y de Entidades, Asociaciones, etc.<\/strong><\/p>\n<ul>\n<li><a href=\"http:\/\/www.acm.org\/about\" target=\"_blank\" rel=\"noopener\"> ACM<\/a>: Association for Computering Machinery.<\/li>\n<li><a title=\"Biblioteca\" href=\"http:\/\/www.aaai.org\/home.html\" target=\"_blank\" rel=\"noopener\">AAAI<\/a>: American Association for Artificial Intelligence.<\/li>\n<li><a title=\"Biblioteca\" href=\"http:\/\/www.ati.es\/\" target=\"_blank\" rel=\"noopener\">ATI<\/a>: Asociaci\u00f3n de T\u00e9cnicos de Inform\u00e1tica.<\/li>\n<li><a href=\"http:\/\/www.bsc.es\/\" target=\"_blank\" rel=\"noopener\">BSC<\/a> : Barcelona Supercomputing Center &#8211; Centro Nacional de Supercomputaci\u00f3n<\/li>\n<li><a title=\"Biblioteca\" href=\"http:\/\/www.cesca.es\/\" target=\"_blank\" rel=\"noopener\">Centre de Supercomputaci\u00f3 de Catalunya<\/a><\/li>\n<li><a title=\"Biblioteca\" href=\"http:\/\/www.cepis.org\/\" target=\"_blank\" rel=\"noopener\">CEPIS<\/a>: Organizaci\u00f3n que agrupa a asociaciones profesionales de 32 pa\u00edses europeos.<\/li>\n<li><a href=\"http:\/\/www.fcsc.es\/index.php\/es\/\" target=\"_blank\" rel=\"noopener\">Centro de Supercomputaci\u00f3n de Castilla y Le\u00f3n<\/a><\/li>\n<\/ul>\n","protected":false},"excerpt":{"rendered":"<p>Tweet Sedes web Institucionales y de Entidades, Asociaciones, etc. ACM: Association for Computering Machinery. AAAI: American Association for Artificial Intelligence. ATI: Asociaci\u00f3n de T\u00e9cnicos de Inform\u00e1tica. BSC : Barcelona Supercomputing Center &#8211; Centro Nacional de Supercomputaci\u00f3n Centre de Supercomputaci\u00f3 de &hellip; <a href=\"https:\/\/bibliotecas.unileon.es\/ingenierias-industrial-informatica\/informatica\/\">Sigue leyendo <span class=\"meta-nav\">&rarr;<\/span><\/a><\/p>\n","protected":false},"author":18,"featured_media":0,"parent":0,"menu_order":0,"comment_status":"closed","ping_status":"closed","template":"","meta":{"_bbp_topic_count":0,"_bbp_reply_count":0,"_bbp_total_topic_count":0,"_bbp_total_reply_count":0,"_bbp_voice_count":0,"_bbp_anonymous_reply_count":0,"_bbp_topic_count_hidden":0,"_bbp_reply_count_hidden":0,"_bbp_forum_subforum_count":0,"footnotes":""},"class_list":["post-730","page","type-page","status-publish","hentry"],"_links":{"self":[{"href":"https:\/\/bibliotecas.unileon.es\/ingenierias-industrial-informatica\/wp-json\/wp\/v2\/pages\/730","targetHints":{"allow":["GET"]}}],"collection":[{"href":"https:\/\/bibliotecas.unileon.es\/ingenierias-industrial-informatica\/wp-json\/wp\/v2\/pages"}],"about":[{"href":"https:\/\/bibliotecas.unileon.es\/ingenierias-industrial-informatica\/wp-json\/wp\/v2\/types\/page"}],"author":[{"embeddable":true,"href":"https:\/\/bibliotecas.unileon.es\/ingenierias-industrial-informatica\/wp-json\/wp\/v2\/users\/18"}],"replies":[{"embeddable":true,"href":"https:\/\/bibliotecas.unileon.es\/ingenierias-industrial-informatica\/wp-json\/wp\/v2\/comments?post=730"}],"version-history":[{"count":2,"href":"https:\/\/bibliotecas.unileon.es\/ingenierias-industrial-informatica\/wp-json\/wp\/v2\/pages\/730\/revisions"}],"predecessor-version":[{"id":756,"href":"https:\/\/bibliotecas.unileon.es\/ingenierias-industrial-informatica\/wp-json\/wp\/v2\/pages\/730\/revisions\/756"}],"wp:attachment":[{"href":"https:\/\/bibliotecas.unileon.es\/ingenierias-industrial-informatica\/wp-json\/wp\/v2\/media?parent=730"}],"curies":[{"name":"wp","href":"https:\/\/api.w.org\/{rel}","templated":true}]}}