{"id":734,"date":"2013-05-08T14:12:45","date_gmt":"2013-05-08T12:12:45","guid":{"rendered":"http:\/\/bibliotecas.unileon.es\/ingenierias-industrial-informatica\/?page_id=734"},"modified":"2021-10-13T13:59:03","modified_gmt":"2021-10-13T11:59:03","slug":"ingenieria-aeronautica-y-astronautica","status":"publish","type":"page","link":"https:\/\/bibliotecas.unileon.es\/ingenierias-industrial-informatica\/ingenieria-aeronautica-y-astronautica\/","title":{"rendered":"Ingenier\u00eda Aeron\u00e1utica y Astron\u00e1utica"},"content":{"rendered":"\n<!-- This is the start of the WP Twitter Button code -->\n<div id=\"rk_wp_twitter_button\" style=\"margin: 0px 0px 0px 0px; float: right\"><a href=\"http:\/\/twitter.com\/share\" class=\"twitter-share-button\" data-url=\"https:\/\/bibliotecas.unileon.es\/ingenierias-industrial-informatica\/ingenieria-aeronautica-y-astronautica\/\" data-count=\"horizontal\">Tweet<\/a><script type=\"text\/javascript\" src=\"http:\/\/platform.twitter.com\/widgets.js\"><\/script><\/div>\n<!-- This is the end of the WP Twitter Button code -->\n\n<p>&nbsp;<\/p>\n<p>Sedes web institucionales, y de Entidades, Asociaciones, tec.<\/p>\n<ul>\n<li><a title=\"Biblioteca\" href=\"http:\/\/www.aiaa.org\/\" target=\"_blank\" rel=\"noopener\">AIAA<\/a>: American Institute of Aeronautics &amp; Astronautics. Principal asociaci\u00f3n norteamericana profesional de ingenieros e investigadores cient\u00edficos en el \u00e1mbito aeron\u00e1utico y astron\u00e1utico.<\/li>\n<li><a href=\"http:\/\/www.cnes.fr\/web\/CNES-en\/7114-home-cnes.php\" target=\"_blank\" rel=\"noopener\">CNES<\/a><a href=\"http:\/\/http:\/\/www.cnes.fr\/web\/CNES-fr\/7770-page-d-erreur.php\" target=\"_blank\" rel=\"noopener\">:<\/a> Centre National d&#8217;\u00c9tudes Spatiales (Paris). Creado el a\u00f1o 1961, el CNES se encarga de elaborar, proponer y conducir la pol\u00edtica espacial de Francia.<\/li>\n<li><a title=\"Biblioteca\" href=\"http:\/\/www.ecac-ceac.org\/index.php\" target=\"_blank\" rel=\"noopener\">CEAC<\/a>: European Civil Aviation Conference. Organizaci\u00f3n intergubernamental fundada el a\u00f1o 1955, tiene como objetivo promover el desarrollo de un sistema de transporte a\u00e9reo europeo seguro, eficaz y estable.<\/li>\n<li><a href=\"http:\/\/www.icsu.org\/what-we-do\/interdisciplinary-bodies\/cospar\" target=\"_blank\" rel=\"noopener\"> Space Research (COSPAR)<\/a>: Comit\u00e9 cient\u00edfico de la ICSU, que tiene como objetivos la promoci\u00f3n internacional de la b\u00fasqueda al espacio. Organiza reuniones peri\u00f3dicas, y hace diferentes publicaciones.<\/li>\n<li><a title=\"Biblioteca\" href=\"http:\/\/www.esa.int\/esaCP\/Spain.html\" target=\"_blank\" rel=\"noopener\">ESA<\/a>: European Space Agency.<\/li>\n<li><a title=\"Biblioteca\" href=\"http:\/\/www.eurocontrol.int\/\" target=\"_blank\" rel=\"noopener\">EUROCONTROL<\/a>: The European Organization for the Safety of the Air Navegation.<\/li>\n<li><a title=\"Biblioteca\" href=\"http:\/\/www.faa.gov\/\" target=\"_blank\" rel=\"noopener\">FAA<\/a>: Federal Aviation Administration (USA). Ofrece el sistema aeroespacial global, seguro, estable, eficiente necesario para la seguridad del estado. Es la autoridad lider en la comunidad aeroespacial internacional.<\/li>\n<li><a title=\"Biblioteca\" href=\"http:\/\/www.ieec.cat\/es\/\" target=\"_blank\" rel=\"noopener\">IEEC<\/a>: Institut d&#8217;Estudis Espacials de Catalunya. Fundaci\u00f3n privada sin af\u00e1n de lucro que tiene por finalidad colaborar en el desarrollo, promoci\u00f3n y difusi\u00f3n de todo tipo de actividades, estudios y proyectos relacionados con la tecnolog\u00eda espacial y la b\u00fasqueda cient\u00edfica desde y de el espacio.<\/li>\n<li><a title=\"Biblioteca\" href=\"http:\/\/www.inta.es\/\">INTA<\/a>: Instituto Nacional de T\u00e9cnica Aeroespacial. Organismo p\u00fablico de investigaci\u00f3n dependiente de la Secretar\u00eda de Estado de Defensa, dedicado a la investigaci\u00f3n aeroespacial y la ciencia espacial as\u00ed como al desarrollo tecnol\u00f3gico en otras \u00e1reas industriales.<\/li>\n<li><a title=\"Biblioteca\" href=\"http:\/\/www.jaa.nl\/\">Joint Aviation Authorities<\/a>: Organismo asociado del European Civil Aviation Conference (ECAC), que representa un gran n\u00famero de estados europeos que cooperan en el desarrollo e implementaci\u00f3n de unas normas y procedimientos de seguridad comunes.<\/li>\n<li><a href=\"http:\/\/www.nasa.gov\/\" target=\"_blank\" rel=\"noopener\">NASA<\/a>: National Aeronautics and Space Administration. Agencia gubernamental de los Estados Unidos de Am\u00e9rica, responsable de los programas espaciales.<\/li>\n<li><a href=\"http:\/\/www.rtca.org\/\" target=\"_blank\" rel=\"noopener\">RTCA<\/a> : Radio Technical Commission for Aeronautics. Organizaci\u00f3n privada sin \u00e1nimo de lucro, que elabora recomedaciones relativas a sistemas de comunicaciones, navegaci\u00f3n, vigilancia y gesti\u00f3n del tr\u00e1fico a\u00e9reo.<\/li>\n<\/ul>\n","protected":false},"excerpt":{"rendered":"<p>Tweet &nbsp; Sedes web institucionales, y de Entidades, Asociaciones, tec. AIAA: American Institute of Aeronautics &amp; Astronautics. Principal asociaci\u00f3n norteamericana profesional de ingenieros e investigadores cient\u00edficos en el \u00e1mbito aeron\u00e1utico y astron\u00e1utico. CNES: Centre National d&#8217;\u00c9tudes Spatiales (Paris). Creado el &hellip; <a href=\"https:\/\/bibliotecas.unileon.es\/ingenierias-industrial-informatica\/ingenieria-aeronautica-y-astronautica\/\">Sigue leyendo <span class=\"meta-nav\">&rarr;<\/span><\/a><\/p>\n","protected":false},"author":18,"featured_media":0,"parent":0,"menu_order":0,"comment_status":"closed","ping_status":"closed","template":"","meta":{"_bbp_topic_count":0,"_bbp_reply_count":0,"_bbp_total_topic_count":0,"_bbp_total_reply_count":0,"_bbp_voice_count":0,"_bbp_anonymous_reply_count":0,"_bbp_topic_count_hidden":0,"_bbp_reply_count_hidden":0,"_bbp_forum_subforum_count":0,"footnotes":""},"class_list":["post-734","page","type-page","status-publish","hentry"],"_links":{"self":[{"href":"https:\/\/bibliotecas.unileon.es\/ingenierias-industrial-informatica\/wp-json\/wp\/v2\/pages\/734","targetHints":{"allow":["GET"]}}],"collection":[{"href":"https:\/\/bibliotecas.unileon.es\/ingenierias-industrial-informatica\/wp-json\/wp\/v2\/pages"}],"about":[{"href":"https:\/\/bibliotecas.unileon.es\/ingenierias-industrial-informatica\/wp-json\/wp\/v2\/types\/page"}],"author":[{"embeddable":true,"href":"https:\/\/bibliotecas.unileon.es\/ingenierias-industrial-informatica\/wp-json\/wp\/v2\/users\/18"}],"replies":[{"embeddable":true,"href":"https:\/\/bibliotecas.unileon.es\/ingenierias-industrial-informatica\/wp-json\/wp\/v2\/comments?post=734"}],"version-history":[{"count":6,"href":"https:\/\/bibliotecas.unileon.es\/ingenierias-industrial-informatica\/wp-json\/wp\/v2\/pages\/734\/revisions"}],"predecessor-version":[{"id":4045,"href":"https:\/\/bibliotecas.unileon.es\/ingenierias-industrial-informatica\/wp-json\/wp\/v2\/pages\/734\/revisions\/4045"}],"wp:attachment":[{"href":"https:\/\/bibliotecas.unileon.es\/ingenierias-industrial-informatica\/wp-json\/wp\/v2\/media?parent=734"}],"curies":[{"name":"wp","href":"https:\/\/api.w.org\/{rel}","templated":true}]}}