{"id":744,"date":"2013-05-08T14:54:51","date_gmt":"2013-05-08T12:54:51","guid":{"rendered":"http:\/\/bibliotecas.unileon.es\/ingenierias-industrial-informatica\/?page_id=744"},"modified":"2021-10-13T13:53:09","modified_gmt":"2021-10-13T11:53:09","slug":"ingenieria-general","status":"publish","type":"page","link":"https:\/\/bibliotecas.unileon.es\/ingenierias-industrial-informatica\/ingenieria-general\/","title":{"rendered":"Ingenier\u00eda (general)"},"content":{"rendered":"\n<!-- This is the start of the WP Twitter Button code -->\n<div id=\"rk_wp_twitter_button\" style=\"margin: 0px 0px 0px 0px; float: right\"><a href=\"http:\/\/twitter.com\/share\" class=\"twitter-share-button\" data-url=\"https:\/\/bibliotecas.unileon.es\/ingenierias-industrial-informatica\/ingenieria-general\/\" data-count=\"horizontal\">Tweet<\/a><script type=\"text\/javascript\" src=\"http:\/\/platform.twitter.com\/widgets.js\"><\/script><\/div>\n<!-- This is the end of the WP Twitter Button code -->\n\n<p>Sedes web Institucionales y de Entidades, Asociaciones, etc.<\/p>\n<ul>\n<li><a href=\"http:\/\/www.acenet.co.uk\/\" target=\"_blank\" rel=\"noopener\">ACE<\/a>: Association for Consultancy and Engineering.<\/li>\n<li><a href=\"http:\/\/www.aeipro.com\/\" target=\"_blank\" rel=\"noopener\">AEIPRO<\/a>: Asociaci\u00f3n Espa\u00f1ola de Ingenieros de Proyectos.<\/li>\n<li><a title=\"Biblioteca\" href=\"http:\/\/www.asee.org\/\">ASEE<\/a>: The American Society for Engineering Education.<\/li>\n<li><a href=\"https:\/\/www.icai.es\/index.php\" target=\"_blank\" rel=\"noopener\">Asociaci\u00f3n del Colegio Nacional de Ingenieros del I.C.A.I.<\/a><\/li>\n<li><a href=\"http:\/\/www.feani.org\/\" target=\"_blank\" rel=\"noopener\">FEANI<\/a>: F\u00e9d\u00e9ration Europ\u00e9enne d&#8217;Associations Nationales d&#8217;Ing\u00e9nieurs.<\/li>\n<li><a href=\"http:\/\/www.iies.es\/\" target=\"_blank\" rel=\"noopener\">IIE<\/a>: Instituto de la Ingenier\u00eda de Espa\u00f1a.<\/li>\n<li><a href=\"http:\/\/www.rheology.org\/sor\/\" target=\"_blank\" rel=\"noopener\">The Society of Rheology<\/a><\/li>\n<li><a href=\"http:\/\/societyofwomenengineers.swe.org\/\" target=\"_blank\" rel=\"noopener\">Society of Women Engineers<\/a><\/li>\n<\/ul>\n","protected":false},"excerpt":{"rendered":"<p>Tweet Sedes web Institucionales y de Entidades, Asociaciones, etc. ACE: Association for Consultancy and Engineering. AEIPRO: Asociaci\u00f3n Espa\u00f1ola de Ingenieros de Proyectos. ASEE: The American Society for Engineering Education. Asociaci\u00f3n del Colegio Nacional de Ingenieros del I.C.A.I. FEANI: F\u00e9d\u00e9ration Europ\u00e9enne &hellip; <a href=\"https:\/\/bibliotecas.unileon.es\/ingenierias-industrial-informatica\/ingenieria-general\/\">Sigue leyendo <span class=\"meta-nav\">&rarr;<\/span><\/a><\/p>\n","protected":false},"author":18,"featured_media":0,"parent":0,"menu_order":0,"comment_status":"closed","ping_status":"closed","template":"","meta":{"_bbp_topic_count":0,"_bbp_reply_count":0,"_bbp_total_topic_count":0,"_bbp_total_reply_count":0,"_bbp_voice_count":0,"_bbp_anonymous_reply_count":0,"_bbp_topic_count_hidden":0,"_bbp_reply_count_hidden":0,"_bbp_forum_subforum_count":0,"footnotes":""},"class_list":["post-744","page","type-page","status-publish","hentry"],"_links":{"self":[{"href":"https:\/\/bibliotecas.unileon.es\/ingenierias-industrial-informatica\/wp-json\/wp\/v2\/pages\/744","targetHints":{"allow":["GET"]}}],"collection":[{"href":"https:\/\/bibliotecas.unileon.es\/ingenierias-industrial-informatica\/wp-json\/wp\/v2\/pages"}],"about":[{"href":"https:\/\/bibliotecas.unileon.es\/ingenierias-industrial-informatica\/wp-json\/wp\/v2\/types\/page"}],"author":[{"embeddable":true,"href":"https:\/\/bibliotecas.unileon.es\/ingenierias-industrial-informatica\/wp-json\/wp\/v2\/users\/18"}],"replies":[{"embeddable":true,"href":"https:\/\/bibliotecas.unileon.es\/ingenierias-industrial-informatica\/wp-json\/wp\/v2\/comments?post=744"}],"version-history":[{"count":3,"href":"https:\/\/bibliotecas.unileon.es\/ingenierias-industrial-informatica\/wp-json\/wp\/v2\/pages\/744\/revisions"}],"predecessor-version":[{"id":4044,"href":"https:\/\/bibliotecas.unileon.es\/ingenierias-industrial-informatica\/wp-json\/wp\/v2\/pages\/744\/revisions\/4044"}],"wp:attachment":[{"href":"https:\/\/bibliotecas.unileon.es\/ingenierias-industrial-informatica\/wp-json\/wp\/v2\/media?parent=744"}],"curies":[{"name":"wp","href":"https:\/\/api.w.org\/{rel}","templated":true}]}}