{"id":873,"date":"2013-06-10T14:35:41","date_gmt":"2013-06-10T12:35:41","guid":{"rendered":"http:\/\/bibliotecas.unileon.es\/ingenierias-industrial-informatica\/?page_id=873"},"modified":"2013-06-10T14:44:37","modified_gmt":"2013-06-10T12:44:37","slug":"zenodo","status":"publish","type":"page","link":"https:\/\/bibliotecas.unileon.es\/ingenierias-industrial-informatica\/zenodo\/","title":{"rendered":"ZENODO"},"content":{"rendered":"\n<!-- This is the start of the WP Twitter Button code -->\n<div id=\"rk_wp_twitter_button\" style=\"margin: 0px 0px 0px 0px; float: right\"><a href=\"http:\/\/twitter.com\/share\" class=\"twitter-share-button\" data-url=\"https:\/\/bibliotecas.unileon.es\/ingenierias-industrial-informatica\/zenodo\/\" data-count=\"horizontal\">Tweet<\/a><script type=\"text\/javascript\" src=\"http:\/\/platform.twitter.com\/widgets.js\"><\/script><\/div>\n<!-- This is the end of the WP Twitter Button code -->\n\n<p><a title=\"Zenodo\" href=\"http:\/\/zenodo.org\/\" target=\"_blank\"><img decoding=\"async\" style=\"float: left;margin-left: 10px;margin-right: 10px\" alt=\"\" src=\"http:\/\/www.eui.eu\/Images\/Research\/Library\/ResearchGuides\/Economics\/LogoShots\/Zenodo.png\" width=\"187.5\" height=\"89\" \/><\/a>\u00a0\u00a0\u00a0 Repositorio en l\u00ednea creado por <a title=\"Openaire\" href=\"http:\/\/www.openaire.eu\/\" target=\"_blank\">OpenAIRE<\/a> y el\u00a0 <a title=\"CERN\" href=\"http:\/\/home.web.cern.ch\/\" target=\"_blank\">CERN<\/a>, y financiado por la Comisi\u00f3n Europea, este repositorio en l\u00ednea de nueva generaci\u00f3n, ofrece sus servicios gracias a la iniciativa\u00a0 OpenAIRE pan-European<\/p>\n","protected":false},"excerpt":{"rendered":"<p>Tweet \u00a0\u00a0\u00a0 Repositorio en l\u00ednea creado por OpenAIRE y el\u00a0 CERN, y financiado por la Comisi\u00f3n Europea, este repositorio en l\u00ednea de nueva generaci\u00f3n, ofrece sus servicios gracias a la iniciativa\u00a0 OpenAIRE pan-European<\/p>\n","protected":false},"author":18,"featured_media":0,"parent":0,"menu_order":0,"comment_status":"closed","ping_status":"closed","template":"","meta":{"_bbp_topic_count":0,"_bbp_reply_count":0,"_bbp_total_topic_count":0,"_bbp_total_reply_count":0,"_bbp_voice_count":0,"_bbp_anonymous_reply_count":0,"_bbp_topic_count_hidden":0,"_bbp_reply_count_hidden":0,"_bbp_forum_subforum_count":0,"footnotes":""},"class_list":["post-873","page","type-page","status-publish","hentry"],"_links":{"self":[{"href":"https:\/\/bibliotecas.unileon.es\/ingenierias-industrial-informatica\/wp-json\/wp\/v2\/pages\/873","targetHints":{"allow":["GET"]}}],"collection":[{"href":"https:\/\/bibliotecas.unileon.es\/ingenierias-industrial-informatica\/wp-json\/wp\/v2\/pages"}],"about":[{"href":"https:\/\/bibliotecas.unileon.es\/ingenierias-industrial-informatica\/wp-json\/wp\/v2\/types\/page"}],"author":[{"embeddable":true,"href":"https:\/\/bibliotecas.unileon.es\/ingenierias-industrial-informatica\/wp-json\/wp\/v2\/users\/18"}],"replies":[{"embeddable":true,"href":"https:\/\/bibliotecas.unileon.es\/ingenierias-industrial-informatica\/wp-json\/wp\/v2\/comments?post=873"}],"version-history":[{"count":7,"href":"https:\/\/bibliotecas.unileon.es\/ingenierias-industrial-informatica\/wp-json\/wp\/v2\/pages\/873\/revisions"}],"predecessor-version":[{"id":882,"href":"https:\/\/bibliotecas.unileon.es\/ingenierias-industrial-informatica\/wp-json\/wp\/v2\/pages\/873\/revisions\/882"}],"wp:attachment":[{"href":"https:\/\/bibliotecas.unileon.es\/ingenierias-industrial-informatica\/wp-json\/wp\/v2\/media?parent=873"}],"curies":[{"name":"wp","href":"https:\/\/api.w.org\/{rel}","templated":true}]}}