{"id":2,"date":"2013-04-16T16:24:19","date_gmt":"2013-04-16T14:24:19","guid":{"rendered":"http:\/\/bibliotecas.unileon.es\/ponferrada\/?page_id=2"},"modified":"2013-04-17T19:10:14","modified_gmt":"2013-04-17T17:10:14","slug":"guia-tematica-fisioterapia","status":"publish","type":"page","link":"https:\/\/bibliotecas.unileon.es\/ponferrada\/guia-tematica-fisioterapia\/","title":{"rendered":"Gu\u00eda Tem\u00e1tica de Fisioterapia"},"content":{"rendered":"<p><strong>SEDES WEB<\/strong><\/p>\n<p><strong>&#8212; Institucionales<\/strong><\/p>\n<ul>\n<li><a title=\"Biblioteca\" href=\"http:\/\/www.aapb.org\/\">AAPB<\/a>: Association for Applied Psychophysiology &amp; biofeedback.<\/li>\n<li><a title=\"Biblioteca\" href=\"http:\/\/www.asociacionbobath.es\/\">AETB<\/a>: Asociaci\u00f3n Espa\u00f1ola de Terapeutas Formados en el Concepto Bobath.<\/li>\n<li><a href=\"http:\/\/www.apta.org\/AboutUs\/\" target=\"_blank\">APTA<\/a>: American Physical Therapy Association.<\/li>\n<li><a title=\"Biblioteca\" href=\"http:\/\/www.rpg.org.es\">Asociaci\u00f3n Espa\u00f1ola de RPG<\/a><\/li>\n<li><a title=\"Biblioteca\" href=\"http:\/\/www.traumazamora.org\">Asociaci\u00f3n Zamorana de Traumatolog\u00eda y Cirug\u00eda Ortop\u00e9dica<\/a><\/li>\n<li><a title=\"Biblioteca\" href=\"http:\/\/www.bobath-es.com\/\">Centro de Formaci\u00f3n en Bobath<\/a><\/li>\n<li><a title=\"Biblioteca\" href=\"http:\/\/www.electrotherapy.com\/\">Electro Therapy Association<\/a><\/li>\n<\/ul>\n<p><strong>&#8212; Personales<\/strong><\/p>\n<ul>\n<li><a title=\"Biblioteca\" href=\"http:\/\/www.electroterapia.com\/\">Electroterapia<\/a><\/li>\n<li><a title=\"Biblioteca\" href=\"http:\/\/www.iontoforesis.com\/\">Iontoforesis<\/a><\/li>\n<\/ul>\n<p><strong>BASES DE DATOS<\/strong><\/p>\n<ul>\n<li><a title=\"Biblioteca\" href=\"http:\/\/www.pedro.org.au\/\">PEDro<\/a>: Physiotheraphy Evidence Database.<\/li>\n<\/ul>\n<p><strong>RECURSOS WEB EN ABIERTO<\/strong><\/p>\n<p><strong>&#8212; Revistas tem\u00e1ticas Open Access<\/strong><\/p>\n<ul>\n<li><a title=\"Biblioteca\" href=\"http:\/\/www.termasworld.com\/\">TermasWorld<\/a>: Revista electr\u00f3nica de termalismo y talasoterapia.<\/li>\n<li><a title=\"Biblioteca\" href=\"http:\/\/www.rendimientodeportivo.com\/\">Rendimiento deportivo<\/a><\/li>\n<li><a title=\"Biblioteca\" href=\"http:\/\/www.naturmedicapro.com\">Naturmedica.pro<\/a><\/li>\n<\/ul>\n<p><strong>PORTALES TEM\u00c1TICOS<\/strong><\/p>\n<ul>\n<li><a title=\"Biblioteca\" href=\"http:\/\/www.efisioterapia.net\/\">E-Fisioterapia.net<\/a><\/li>\n<li><a title=\"Biblioteca\" href=\"http:\/\/www.espalda.org\/\">La Web de la Espalda<\/a><\/li>\n<li><a title=\"Biblioteca\" href=\"http:\/\/www.vojta.com\">Terapia Votja<\/a><\/li>\n<li><a href=\"http:\/\/www.portalesdeinteres.com\/fisio\/\">Fisioterapia: prevenci\u00f3n y rehabilitaci\u00f3n<\/a><\/li>\n<\/ul>\n<p><strong>OTROS<\/strong><\/p>\n<ul>\n<li><a title=\"Biblioteca\" href=\"http:\/\/www.bfe.org\/protocol\/pro02fre.htm\">Electromyographie<\/a><\/li>\n<li><a title=\"Biblitoeca\" href=\"http:\/\/www.iqb.es\/cbasicas\/anatomia\/rodilla\/rodilla0.htm\">Anatom\u00eda de la rodilla<\/a><\/li>\n<li><a title=\"Bibloteca\" href=\"http:\/\/www.lympho.net\/\">Medical Lymphatic Drainage<\/a><\/li>\n<\/ul>\n","protected":false},"excerpt":{"rendered":"<p>SEDES WEB &#8212; Institucionales AAPB: Association for Applied Psychophysiology &amp; biofeedback. AETB: Asociaci\u00f3n Espa\u00f1ola de Terapeutas Formados en el Concepto Bobath. APTA: American Physical Therapy Association. Asociaci\u00f3n Espa\u00f1ola de RPG Asociaci\u00f3n Zamorana de Traumatolog\u00eda y Cirug\u00eda Ortop\u00e9dica Centro de Formaci\u00f3n &hellip; <a href=\"https:\/\/bibliotecas.unileon.es\/ponferrada\/guia-tematica-fisioterapia\/\">Sigue leyendo <span class=\"meta-nav\">&rarr;<\/span><\/a><\/p>\n","protected":false},"author":1,"featured_media":0,"parent":0,"menu_order":0,"comment_status":"open","ping_status":"closed","template":"","meta":{"_bbp_topic_count":0,"_bbp_reply_count":0,"_bbp_total_topic_count":0,"_bbp_total_reply_count":0,"_bbp_voice_count":0,"_bbp_anonymous_reply_count":0,"_bbp_topic_count_hidden":0,"_bbp_reply_count_hidden":0,"_bbp_forum_subforum_count":0,"footnotes":""},"class_list":["post-2","page","type-page","status-publish","hentry"],"_links":{"self":[{"href":"https:\/\/bibliotecas.unileon.es\/ponferrada\/wp-json\/wp\/v2\/pages\/2","targetHints":{"allow":["GET"]}}],"collection":[{"href":"https:\/\/bibliotecas.unileon.es\/ponferrada\/wp-json\/wp\/v2\/pages"}],"about":[{"href":"https:\/\/bibliotecas.unileon.es\/ponferrada\/wp-json\/wp\/v2\/types\/page"}],"author":[{"embeddable":true,"href":"https:\/\/bibliotecas.unileon.es\/ponferrada\/wp-json\/wp\/v2\/users\/1"}],"replies":[{"embeddable":true,"href":"https:\/\/bibliotecas.unileon.es\/ponferrada\/wp-json\/wp\/v2\/comments?post=2"}],"version-history":[{"count":16,"href":"https:\/\/bibliotecas.unileon.es\/ponferrada\/wp-json\/wp\/v2\/pages\/2\/revisions"}],"predecessor-version":[{"id":211,"href":"https:\/\/bibliotecas.unileon.es\/ponferrada\/wp-json\/wp\/v2\/pages\/2\/revisions\/211"}],"wp:attachment":[{"href":"https:\/\/bibliotecas.unileon.es\/ponferrada\/wp-json\/wp\/v2\/media?parent=2"}],"curies":[{"name":"wp","href":"https:\/\/api.w.org\/{rel}","templated":true}]}}