{"id":7,"date":"2012-10-25T09:10:08","date_gmt":"2012-10-25T07:10:08","guid":{"rendered":"http:\/\/bibliotecas.unileon.es\/ponferrada\/?page_id=7"},"modified":"2013-07-05T13:50:38","modified_gmt":"2013-07-05T11:50:38","slug":"horario","status":"publish","type":"page","link":"https:\/\/bibliotecas.unileon.es\/ponferrada\/horario\/","title":{"rendered":"Horario"},"content":{"rendered":"<p>El horario general de apertura al p\u00fablico de la Biblioteca del Campus de Ponferrada es:<\/p>\n<p><strong>Lunes a Viernes<\/strong>: de 9:00 horas a 21:00 horas, de manera ininterrumpida<\/p>\n<p><a href=\"http:\/\/bibliotecas.unileon.es\/ponferrada\/files\/2012\/10\/SNC00057.jpg\"><img loading=\"lazy\" decoding=\"async\" class=\"aligncenter size-medium wp-image-68\" alt=\"\" src=\"http:\/\/bibliotecas.unileon.es\/ponferrada\/files\/2012\/10\/SNC00057-300x225.jpg\" width=\"300\" height=\"225\" srcset=\"https:\/\/bibliotecas.unileon.es\/ponferrada\/files\/2012\/10\/SNC00057-300x225.jpg 300w, https:\/\/bibliotecas.unileon.es\/ponferrada\/files\/2012\/10\/SNC00057-1024x768.jpg 1024w\" sizes=\"auto, (max-width: 300px) 100vw, 300px\" \/><\/a><\/p>\n<p>En per\u00edodos de ex\u00e1menes la Biblioteca abrir\u00e1 24 horas.<\/p>\n<p>En el per\u00edodo estival los horarios se ver\u00e1n modificados.<\/p>\n<p>Para ambos supuestos consulta la entrada principal de este blog y\/o la carteler\u00eda dispuesta al efecto en la Biblioteca.<\/p>\n<p>&nbsp;<\/p>\n","protected":false},"excerpt":{"rendered":"<p>El horario general de apertura al p\u00fablico de la Biblioteca del Campus de Ponferrada es: Lunes a Viernes: de 9:00 horas a 21:00 horas, de manera ininterrumpida En per\u00edodos de ex\u00e1menes la Biblioteca abrir\u00e1 24 horas. En el per\u00edodo estival &hellip; <a href=\"https:\/\/bibliotecas.unileon.es\/ponferrada\/horario\/\">Sigue leyendo <span class=\"meta-nav\">&rarr;<\/span><\/a><\/p>\n","protected":false},"author":3,"featured_media":0,"parent":0,"menu_order":0,"comment_status":"closed","ping_status":"closed","template":"","meta":{"_bbp_topic_count":0,"_bbp_reply_count":0,"_bbp_total_topic_count":0,"_bbp_total_reply_count":0,"_bbp_voice_count":0,"_bbp_anonymous_reply_count":0,"_bbp_topic_count_hidden":0,"_bbp_reply_count_hidden":0,"_bbp_forum_subforum_count":0,"footnotes":""},"class_list":["post-7","page","type-page","status-publish","hentry"],"_links":{"self":[{"href":"https:\/\/bibliotecas.unileon.es\/ponferrada\/wp-json\/wp\/v2\/pages\/7","targetHints":{"allow":["GET"]}}],"collection":[{"href":"https:\/\/bibliotecas.unileon.es\/ponferrada\/wp-json\/wp\/v2\/pages"}],"about":[{"href":"https:\/\/bibliotecas.unileon.es\/ponferrada\/wp-json\/wp\/v2\/types\/page"}],"author":[{"embeddable":true,"href":"https:\/\/bibliotecas.unileon.es\/ponferrada\/wp-json\/wp\/v2\/users\/3"}],"replies":[{"embeddable":true,"href":"https:\/\/bibliotecas.unileon.es\/ponferrada\/wp-json\/wp\/v2\/comments?post=7"}],"version-history":[{"count":13,"href":"https:\/\/bibliotecas.unileon.es\/ponferrada\/wp-json\/wp\/v2\/pages\/7\/revisions"}],"predecessor-version":[{"id":245,"href":"https:\/\/bibliotecas.unileon.es\/ponferrada\/wp-json\/wp\/v2\/pages\/7\/revisions\/245"}],"wp:attachment":[{"href":"https:\/\/bibliotecas.unileon.es\/ponferrada\/wp-json\/wp\/v2\/media?parent=7"}],"curies":[{"name":"wp","href":"https:\/\/api.w.org\/{rel}","templated":true}]}}