{"id":1196,"date":"2014-01-15T11:00:32","date_gmt":"2014-01-15T10:00:32","guid":{"rendered":"http:\/\/bibliotecas.unileon.es\/tULEctura\/?page_id=1196"},"modified":"2019-06-28T13:20:16","modified_gmt":"2019-06-28T11:20:16","slug":"3-tercer-cuento","status":"publish","type":"page","link":"https:\/\/bibliotecas.unileon.es\/tULEctura\/lectura\/experiencia\/3-tercer-cuento\/","title":{"rendered":"3. La ca\u00edda de la casa Usher. Edgar Allan Poe."},"content":{"rendered":"<h2 style=\"text-align: justify;\"><strong>Se abren las puertas de la casa Usher para recibirte. Est\u00e1s sol@ en tu recorrido. La oscuridad no es \u00fanicamente f\u00edsica: tambi\u00e9n invade los pensamientos. Intenta no dejarte dominar por el temor para responder\u2026.<\/strong><\/h2>\n<h2 style=\"text-align: justify;\"><strong>Te retamos con un juego: \u00bfte atreves a entrar en\u00a0 la Casa Usher?<\/strong><\/h2>\n<p><span style=\"font-weight: normal;\">[slickquiz id=2]<\/span><\/p>\n<div>\n<h2 style=\"text-align: justify;\"><\/h2>\n<ul>\n<li>El autor:\u00a0<strong><a href=\"http:\/\/es.wikipedia.org\/wiki\/Edgar_Allan_Poe\" target=\"_blank\" rel=\"noopener noreferrer\">Edgar Allan Poe.<\/a><\/strong><\/li>\n<li>El g\u00e9nero:\u00a0<strong><a href=\"http:\/\/es.wikipedia.org\/wiki\/Narrativa_g%C3%B3tica\" target=\"_blank\" rel=\"noopener noreferrer\">La narrativa g\u00f3tica<\/a>.<\/strong><\/li>\n<li>Un t\u00edtulo prof\u00e9tico: La\u00a0<a href=\"http:\/\/www.wordreference.com\/sinonimos\/ca%C3%ADda\" target=\"_blank\" rel=\"noopener noreferrer\">ca\u00edda<\/a>\u00a0de la\u00a0<a href=\"http:\/\/diccionariodesimbolos.com\/casa.htm#diccionario\" target=\"_blank\" rel=\"noopener noreferrer\">casa<\/a>\u00a0Usher.<\/li>\n<li>La \u00abfisura apenas perceptible\u00bb.<\/li>\n<li>Lugares, tiempos, luces y colores<\/li>\n<li style=\"text-align: left;\">Cada familia es un mundo&#8230;<\/li>\n<li>\u00bfCu\u00e1ntos personajes hay en el cuento?<\/li>\n<li>Enfermedad, locura, aislamiento, \u00a0identidad,\u00a0miedo,<\/li>\n<li>Im\u00e1genes especulares.<\/li>\n<li>El arte es eterno, pero la vida no.<\/li>\n<li>La venganza de la naturaleza.<\/li>\n<\/ul>\n<p><i><a href=\"http:\/\/youtu.be\/3Gq_jGP-vmk\" target=\"_blank\" rel=\"noopener noreferrer\">La chute de la maison Usher<\/a>. u<\/i>na \u00f3pera inacabada de Debussy,\u00a0basada en el cuento de Edgard Allan Poe.<\/p>\n<p>&nbsp;<\/p>\n<p style=\"text-align: justify;\"><strong>Puedes participar dejando tu opini\u00f3n y tus comentarios en esta p\u00e1gina, \u00a0en cada uno de los cuentos y, adem\u00e1s, siempre podr\u00e1s ponerte\u00a0en contacto con nosotros a trav\u00e9s\u00a0de nuestro correo\u00a0<a href=\"mailto:tulectura@unileon.es\">tulectura@unileon.es<\/a>.\u00a0Tambi\u00e9n puedes asistir libre y gratuitamente a los encuentros programados en\u00a0<a href=\"http:\/\/bibliotecas.unileon.es\/tULEctura\/experiencia\/\" target=\"_blank\" rel=\"noopener noreferrer\">Experiencia Cuento.<\/a><\/strong><\/p>\n<\/div>\n<p>&nbsp;<\/p>\n<p><strong>Lugar \u00a0y horario<\/strong><\/p>\n<p style=\"text-align: justify;\">El coloquio de esta lectura tendr\u00e1 lugar el d\u00eda <strong>25 de marzo de 2014<\/strong>\u00a0en la sala de conferencias de la Biblioteca General San Isidoro a las \u00a0<strong>17:00 horas<\/strong>. Por favor, para que contemos contigo, \u00a0env\u00eda un mensaje \u00a0con tu nombre a\u00a0<strong>\u00a0<a href=\"mailto:tulectura@unileon.es\">tulectura@unileon.es<\/a>.<\/strong><\/p>\n<p style=\"text-align: justify;\">Texto completo del cuento\u00a0<strong><a href=\"http:\/\/bibliotecas.unileon.es\/tULEctura\/files\/2014\/02\/La-ca\u00edda-de-la-Casa-Usher.pdf\" class=\"mtli_attachment mtli_pdf\">La ca\u00edda de la Casa Usher<\/a><\/strong><\/p>\n<h2 style=\"text-align: justify;\"><\/h2>\n","protected":false},"excerpt":{"rendered":"<p>Se abren las puertas de la casa Usher para recibirte. Est\u00e1s sol@ en tu recorrido. La oscuridad no es \u00fanicamente f\u00edsica: tambi\u00e9n invade los pensamientos. Intenta no dejarte dominar por el temor para responder\u2026. Te retamos con un juego: \u00bfte atreves a entrar en\u00a0 la Casa Usher? [slickquiz id=2] El autor:\u00a0Edgar Allan Poe. El g\u00e9nero:\u00a0La [&hellip;]<\/p>\n","protected":false},"author":73,"featured_media":0,"parent":808,"menu_order":3,"comment_status":"open","ping_status":"open","template":"","meta":{"_bbp_topic_count":0,"_bbp_reply_count":0,"_bbp_total_topic_count":0,"_bbp_total_reply_count":0,"_bbp_voice_count":0,"_bbp_anonymous_reply_count":0,"_bbp_topic_count_hidden":0,"_bbp_reply_count_hidden":0,"_bbp_forum_subforum_count":0,"_monsterinsights_skip_tracking":false,"_monsterinsights_sitenote_active":false,"_monsterinsights_sitenote_note":"","_monsterinsights_sitenote_category":0,"footnotes":""},"class_list":["post-1196","page","type-page","status-publish","hentry"],"yoast_head":"<!-- This site is optimized with the Yoast SEO plugin v25.8 - https:\/\/yoast.com\/wordpress\/plugins\/seo\/ -->\n<title>3. La ca\u00edda de la casa Usher. Edgar Allan Poe. - tULEctura<\/title>\n<meta name=\"robots\" content=\"index, follow, max-snippet:-1, max-image-preview:large, max-video-preview:-1\" \/>\n<link rel=\"canonical\" href=\"https:\/\/bibliotecas.unileon.es\/tULEctura\/lectura\/experiencia\/3-tercer-cuento\/\" \/>\n<meta property=\"og:locale\" content=\"es_ES\" \/>\n<meta property=\"og:type\" content=\"article\" \/>\n<meta property=\"og:title\" content=\"3. La ca\u00edda de la casa Usher. Edgar Allan Poe. - tULEctura\" \/>\n<meta property=\"og:description\" content=\"Se abren las puertas de la casa Usher para recibirte. Est\u00e1s sol@ en tu recorrido. La oscuridad no es \u00fanicamente f\u00edsica: tambi\u00e9n invade los pensamientos. Intenta no dejarte dominar por el temor para responder\u2026. Te retamos con un juego: \u00bfte atreves a entrar en\u00a0 la Casa Usher? [slickquiz id=2] El autor:\u00a0Edgar Allan Poe. El g\u00e9nero:\u00a0La [&hellip;]\" \/>\n<meta property=\"og:url\" content=\"https:\/\/bibliotecas.unileon.es\/tULEctura\/lectura\/experiencia\/3-tercer-cuento\/\" \/>\n<meta property=\"og:site_name\" content=\"tULEctura\" \/>\n<meta property=\"article:publisher\" content=\"https:\/\/www.facebook.com\/tulectura.unileon\/\" \/>\n<meta property=\"article:modified_time\" content=\"2019-06-28T11:20:16+00:00\" \/>\n<meta name=\"twitter:card\" content=\"summary_large_image\" \/>\n<meta name=\"twitter:site\" content=\"@tULEctura_ULE\" \/>\n<meta name=\"twitter:label1\" content=\"Tiempo de lectura\" \/>\n\t<meta name=\"twitter:data1\" content=\"1 minuto\" \/>\n<script type=\"application\/ld+json\" class=\"yoast-schema-graph\">{\"@context\":\"https:\/\/schema.org\",\"@graph\":[{\"@type\":\"WebPage\",\"@id\":\"https:\/\/bibliotecas.unileon.es\/tULEctura\/lectura\/experiencia\/3-tercer-cuento\/\",\"url\":\"https:\/\/bibliotecas.unileon.es\/tULEctura\/lectura\/experiencia\/3-tercer-cuento\/\",\"name\":\"3. La ca\u00edda de la casa Usher. Edgar Allan Poe. - tULEctura\",\"isPartOf\":{\"@id\":\"https:\/\/bibliotecas.unileon.es\/tULEctura\/#website\"},\"datePublished\":\"2014-01-15T10:00:32+00:00\",\"dateModified\":\"2019-06-28T11:20:16+00:00\",\"breadcrumb\":{\"@id\":\"https:\/\/bibliotecas.unileon.es\/tULEctura\/lectura\/experiencia\/3-tercer-cuento\/#breadcrumb\"},\"inLanguage\":\"es\",\"potentialAction\":[{\"@type\":\"ReadAction\",\"target\":[\"https:\/\/bibliotecas.unileon.es\/tULEctura\/lectura\/experiencia\/3-tercer-cuento\/\"]}]},{\"@type\":\"BreadcrumbList\",\"@id\":\"https:\/\/bibliotecas.unileon.es\/tULEctura\/lectura\/experiencia\/3-tercer-cuento\/#breadcrumb\",\"itemListElement\":[{\"@type\":\"ListItem\",\"position\":1,\"name\":\"Home\",\"item\":\"https:\/\/bibliotecas.unileon.es\/tULEctura\/\"},{\"@type\":\"ListItem\",\"position\":2,\"name\":\"+ LECTURA\",\"item\":\"https:\/\/bibliotecas.unileon.es\/tULEctura\/lectura\/\"},{\"@type\":\"ListItem\",\"position\":3,\"name\":\"Experiencia cuento\",\"item\":\"https:\/\/bibliotecas.unileon.es\/tULEctura\/lectura\/experiencia\/\"},{\"@type\":\"ListItem\",\"position\":4,\"name\":\"3. La ca\u00edda de la casa Usher. Edgar Allan Poe.\"}]},{\"@type\":\"WebSite\",\"@id\":\"https:\/\/bibliotecas.unileon.es\/tULEctura\/#website\",\"url\":\"https:\/\/bibliotecas.unileon.es\/tULEctura\/\",\"name\":\"tULEctura\",\"description\":\"Espacio de la Universidad de Le\u00f3n dedicado a la lectura\",\"publisher\":{\"@id\":\"https:\/\/bibliotecas.unileon.es\/tULEctura\/#organization\"},\"potentialAction\":[{\"@type\":\"SearchAction\",\"target\":{\"@type\":\"EntryPoint\",\"urlTemplate\":\"https:\/\/bibliotecas.unileon.es\/tULEctura\/?s={search_term_string}\"},\"query-input\":{\"@type\":\"PropertyValueSpecification\",\"valueRequired\":true,\"valueName\":\"search_term_string\"}}],\"inLanguage\":\"es\"},{\"@type\":\"Organization\",\"@id\":\"https:\/\/bibliotecas.unileon.es\/tULEctura\/#organization\",\"name\":\"Universidad de Le\u00f3n\",\"url\":\"https:\/\/bibliotecas.unileon.es\/tULEctura\/\",\"logo\":{\"@type\":\"ImageObject\",\"inLanguage\":\"es\",\"@id\":\"https:\/\/bibliotecas.unileon.es\/tULEctura\/#\/schema\/logo\/image\/\",\"url\":\"https:\/\/bibliotecas.unileon.es\/tULEctura\/files\/2018\/08\/TULECTURA_LOGO1.png\",\"contentUrl\":\"https:\/\/bibliotecas.unileon.es\/tULEctura\/files\/2018\/08\/TULECTURA_LOGO1.png\",\"width\":\"960\",\"height\":\"258\",\"caption\":\"Universidad de Le\u00f3n\"},\"image\":{\"@id\":\"https:\/\/bibliotecas.unileon.es\/tULEctura\/#\/schema\/logo\/image\/\"},\"sameAs\":[\"https:\/\/www.facebook.com\/tulectura.unileon\/\",\"https:\/\/x.com\/tULEctura_ULE\",\"https:\/\/www.instagram.com\/tulectura.unileon\/\",\"https:\/\/www.pinterest.es\/tulectura\/\",\"https:\/\/www.youtube.com\/channel\/UCoWaDD39lVlAQcOchwlTPVw\"]}]}<\/script>\n<!-- \/ Yoast SEO plugin. -->","yoast_head_json":{"title":"3. La ca\u00edda de la casa Usher. Edgar Allan Poe. - tULEctura","robots":{"index":"index","follow":"follow","max-snippet":"max-snippet:-1","max-image-preview":"max-image-preview:large","max-video-preview":"max-video-preview:-1"},"canonical":"https:\/\/bibliotecas.unileon.es\/tULEctura\/lectura\/experiencia\/3-tercer-cuento\/","og_locale":"es_ES","og_type":"article","og_title":"3. La ca\u00edda de la casa Usher. Edgar Allan Poe. - tULEctura","og_description":"Se abren las puertas de la casa Usher para recibirte. Est\u00e1s sol@ en tu recorrido. La oscuridad no es \u00fanicamente f\u00edsica: tambi\u00e9n invade los pensamientos. Intenta no dejarte dominar por el temor para responder\u2026. Te retamos con un juego: \u00bfte atreves a entrar en\u00a0 la Casa Usher? [slickquiz id=2] El autor:\u00a0Edgar Allan Poe. El g\u00e9nero:\u00a0La [&hellip;]","og_url":"https:\/\/bibliotecas.unileon.es\/tULEctura\/lectura\/experiencia\/3-tercer-cuento\/","og_site_name":"tULEctura","article_publisher":"https:\/\/www.facebook.com\/tulectura.unileon\/","article_modified_time":"2019-06-28T11:20:16+00:00","twitter_card":"summary_large_image","twitter_site":"@tULEctura_ULE","twitter_misc":{"Tiempo de lectura":"1 minuto"},"schema":{"@context":"https:\/\/schema.org","@graph":[{"@type":"WebPage","@id":"https:\/\/bibliotecas.unileon.es\/tULEctura\/lectura\/experiencia\/3-tercer-cuento\/","url":"https:\/\/bibliotecas.unileon.es\/tULEctura\/lectura\/experiencia\/3-tercer-cuento\/","name":"3. La ca\u00edda de la casa Usher. Edgar Allan Poe. - tULEctura","isPartOf":{"@id":"https:\/\/bibliotecas.unileon.es\/tULEctura\/#website"},"datePublished":"2014-01-15T10:00:32+00:00","dateModified":"2019-06-28T11:20:16+00:00","breadcrumb":{"@id":"https:\/\/bibliotecas.unileon.es\/tULEctura\/lectura\/experiencia\/3-tercer-cuento\/#breadcrumb"},"inLanguage":"es","potentialAction":[{"@type":"ReadAction","target":["https:\/\/bibliotecas.unileon.es\/tULEctura\/lectura\/experiencia\/3-tercer-cuento\/"]}]},{"@type":"BreadcrumbList","@id":"https:\/\/bibliotecas.unileon.es\/tULEctura\/lectura\/experiencia\/3-tercer-cuento\/#breadcrumb","itemListElement":[{"@type":"ListItem","position":1,"name":"Home","item":"https:\/\/bibliotecas.unileon.es\/tULEctura\/"},{"@type":"ListItem","position":2,"name":"+ LECTURA","item":"https:\/\/bibliotecas.unileon.es\/tULEctura\/lectura\/"},{"@type":"ListItem","position":3,"name":"Experiencia cuento","item":"https:\/\/bibliotecas.unileon.es\/tULEctura\/lectura\/experiencia\/"},{"@type":"ListItem","position":4,"name":"3. La ca\u00edda de la casa Usher. Edgar Allan Poe."}]},{"@type":"WebSite","@id":"https:\/\/bibliotecas.unileon.es\/tULEctura\/#website","url":"https:\/\/bibliotecas.unileon.es\/tULEctura\/","name":"tULEctura","description":"Espacio de la Universidad de Le\u00f3n dedicado a la lectura","publisher":{"@id":"https:\/\/bibliotecas.unileon.es\/tULEctura\/#organization"},"potentialAction":[{"@type":"SearchAction","target":{"@type":"EntryPoint","urlTemplate":"https:\/\/bibliotecas.unileon.es\/tULEctura\/?s={search_term_string}"},"query-input":{"@type":"PropertyValueSpecification","valueRequired":true,"valueName":"search_term_string"}}],"inLanguage":"es"},{"@type":"Organization","@id":"https:\/\/bibliotecas.unileon.es\/tULEctura\/#organization","name":"Universidad de Le\u00f3n","url":"https:\/\/bibliotecas.unileon.es\/tULEctura\/","logo":{"@type":"ImageObject","inLanguage":"es","@id":"https:\/\/bibliotecas.unileon.es\/tULEctura\/#\/schema\/logo\/image\/","url":"https:\/\/bibliotecas.unileon.es\/tULEctura\/files\/2018\/08\/TULECTURA_LOGO1.png","contentUrl":"https:\/\/bibliotecas.unileon.es\/tULEctura\/files\/2018\/08\/TULECTURA_LOGO1.png","width":"960","height":"258","caption":"Universidad de Le\u00f3n"},"image":{"@id":"https:\/\/bibliotecas.unileon.es\/tULEctura\/#\/schema\/logo\/image\/"},"sameAs":["https:\/\/www.facebook.com\/tulectura.unileon\/","https:\/\/x.com\/tULEctura_ULE","https:\/\/www.instagram.com\/tulectura.unileon\/","https:\/\/www.pinterest.es\/tulectura\/","https:\/\/www.youtube.com\/channel\/UCoWaDD39lVlAQcOchwlTPVw"]}]}},"_links":{"self":[{"href":"https:\/\/bibliotecas.unileon.es\/tULEctura\/wp-json\/wp\/v2\/pages\/1196","targetHints":{"allow":["GET"]}}],"collection":[{"href":"https:\/\/bibliotecas.unileon.es\/tULEctura\/wp-json\/wp\/v2\/pages"}],"about":[{"href":"https:\/\/bibliotecas.unileon.es\/tULEctura\/wp-json\/wp\/v2\/types\/page"}],"author":[{"embeddable":true,"href":"https:\/\/bibliotecas.unileon.es\/tULEctura\/wp-json\/wp\/v2\/users\/73"}],"replies":[{"embeddable":true,"href":"https:\/\/bibliotecas.unileon.es\/tULEctura\/wp-json\/wp\/v2\/comments?post=1196"}],"version-history":[{"count":1,"href":"https:\/\/bibliotecas.unileon.es\/tULEctura\/wp-json\/wp\/v2\/pages\/1196\/revisions"}],"predecessor-version":[{"id":47379,"href":"https:\/\/bibliotecas.unileon.es\/tULEctura\/wp-json\/wp\/v2\/pages\/1196\/revisions\/47379"}],"up":[{"embeddable":true,"href":"https:\/\/bibliotecas.unileon.es\/tULEctura\/wp-json\/wp\/v2\/pages\/808"}],"wp:attachment":[{"href":"https:\/\/bibliotecas.unileon.es\/tULEctura\/wp-json\/wp\/v2\/media?parent=1196"}],"curies":[{"name":"wp","href":"https:\/\/api.w.org\/{rel}","templated":true}]}}