{"id":12,"date":"2013-10-11T08:07:44","date_gmt":"2013-10-11T06:07:44","guid":{"rendered":"http:\/\/bibliotecas.unileon.es\/club-de-lectura\/?page_id=12"},"modified":"2023-08-31T12:11:53","modified_gmt":"2023-08-31T10:11:53","slug":"actividades","status":"publish","type":"page","link":"https:\/\/bibliotecas.unileon.es\/tULEctura\/actividades\/","title":{"rendered":"Eventos"},"content":{"rendered":"<p style=\"text-align: justify;\">Bajo el ep\u00edgrafe de \u00abEVENTOS\u00bb recogemos los encuentros, conferencias, mesas redondas, filandones&#8230;\u00a0 celebrados\u00a0 tanto en las\u00a0 Jornadas de la Red\u00a0 Internacional de Universidades Lectoras sobre Literatura Actual como en las Jornadas y\u00a0 Congresos en torno a la literatura de lo ins\u00f3lito.<\/p>\n<p style=\"text-align: justify;\">Todos estos eventos se llevan a cabo bajo la coordinaci\u00f3n de la profesora Natalia \u00c1lvarez M\u00e9ndez, Profesora Titular del \u00c1rea de Teor\u00eda de la Literatura y Literatura Comparada, con quien trabajamos estrechamente tanto en estas como en otras actividades de difusi\u00f3n y promoci\u00f3n de la lectura.<\/p>\n<p>Puedes obtener m\u00e1s informaci\u00f3n en las subpesta\u00f1as sobre<\/p>\n<p><a href=\"https:\/\/bibliotecas.unileon.es\/tULEctura\/actividades\/riul-jornadas\/\"><img loading=\"lazy\" decoding=\"async\" class=\"alignleft wp-image-49082\" src=\"https:\/\/bibliotecas.unileon.es\/tULEctura\/files\/2023\/08\/jornadas-riul.png\" alt=\"\" width=\"276\" height=\"276\" \/><\/a> <a href=\"https:\/\/bibliotecas.unileon.es\/tULEctura\/actividades\/lo-insolito\/\"><img loading=\"lazy\" decoding=\"async\" class=\"alignright wp-image-49083\" src=\"https:\/\/bibliotecas.unileon.es\/tULEctura\/files\/2023\/08\/lo-insolito.png\" alt=\"\" width=\"276\" height=\"276\" \/><\/a><\/p>\n<h3><\/h3>\n","protected":false},"excerpt":{"rendered":"<p>Bajo el ep\u00edgrafe de \u00abEVENTOS\u00bb recogemos los encuentros, conferencias, mesas redondas, filandones&#8230;\u00a0 celebrados\u00a0 tanto en las\u00a0 Jornadas de la Red\u00a0 Internacional de Universidades Lectoras sobre Literatura Actual como en las Jornadas y\u00a0 Congresos en torno a la literatura de lo ins\u00f3lito. Todos estos eventos se llevan a cabo bajo la coordinaci\u00f3n de la profesora Natalia [&hellip;]<\/p>\n","protected":false},"author":73,"featured_media":0,"parent":0,"menu_order":4,"comment_status":"closed","ping_status":"closed","template":"","meta":{"_bbp_topic_count":0,"_bbp_reply_count":0,"_bbp_total_topic_count":0,"_bbp_total_reply_count":0,"_bbp_voice_count":0,"_bbp_anonymous_reply_count":0,"_bbp_topic_count_hidden":0,"_bbp_reply_count_hidden":0,"_bbp_forum_subforum_count":0,"_monsterinsights_skip_tracking":false,"_monsterinsights_sitenote_active":false,"_monsterinsights_sitenote_note":"","_monsterinsights_sitenote_category":0,"footnotes":""},"class_list":["post-12","page","type-page","status-publish","hentry"],"yoast_head":"<!-- This site is optimized with the Yoast SEO plugin v25.8 - https:\/\/yoast.com\/wordpress\/plugins\/seo\/ -->\n<title>Eventos - tULEctura<\/title>\n<meta name=\"robots\" content=\"index, follow, max-snippet:-1, max-image-preview:large, max-video-preview:-1\" \/>\n<link rel=\"canonical\" href=\"https:\/\/bibliotecas.unileon.es\/tULEctura\/actividades\/\" \/>\n<meta property=\"og:locale\" content=\"es_ES\" \/>\n<meta property=\"og:type\" content=\"article\" \/>\n<meta property=\"og:title\" content=\"Eventos - tULEctura\" \/>\n<meta property=\"og:description\" content=\"Bajo el ep\u00edgrafe de \u00abEVENTOS\u00bb recogemos los encuentros, conferencias, mesas redondas, filandones&#8230;\u00a0 celebrados\u00a0 tanto en las\u00a0 Jornadas de la Red\u00a0 Internacional de Universidades Lectoras sobre Literatura Actual como en las Jornadas y\u00a0 Congresos en torno a la literatura de lo ins\u00f3lito. Todos estos eventos se llevan a cabo bajo la coordinaci\u00f3n de la profesora Natalia [&hellip;]\" \/>\n<meta property=\"og:url\" content=\"https:\/\/bibliotecas.unileon.es\/tULEctura\/actividades\/\" \/>\n<meta property=\"og:site_name\" content=\"tULEctura\" \/>\n<meta property=\"article:publisher\" content=\"https:\/\/www.facebook.com\/tulectura.unileon\/\" \/>\n<meta property=\"article:modified_time\" content=\"2023-08-31T10:11:53+00:00\" \/>\n<meta property=\"og:image\" content=\"https:\/\/bibliotecas.unileon.es\/tULEctura\/files\/2023\/08\/jornadas-riul.png\" \/>\n<meta name=\"twitter:card\" content=\"summary_large_image\" \/>\n<meta name=\"twitter:site\" content=\"@tULEctura_ULE\" \/>\n<meta name=\"twitter:label1\" content=\"Tiempo de lectura\" \/>\n\t<meta name=\"twitter:data1\" content=\"1 minuto\" \/>\n<script type=\"application\/ld+json\" class=\"yoast-schema-graph\">{\"@context\":\"https:\/\/schema.org\",\"@graph\":[{\"@type\":\"WebPage\",\"@id\":\"https:\/\/bibliotecas.unileon.es\/tULEctura\/actividades\/\",\"url\":\"https:\/\/bibliotecas.unileon.es\/tULEctura\/actividades\/\",\"name\":\"Eventos - tULEctura\",\"isPartOf\":{\"@id\":\"https:\/\/bibliotecas.unileon.es\/tULEctura\/#website\"},\"primaryImageOfPage\":{\"@id\":\"https:\/\/bibliotecas.unileon.es\/tULEctura\/actividades\/#primaryimage\"},\"image\":{\"@id\":\"https:\/\/bibliotecas.unileon.es\/tULEctura\/actividades\/#primaryimage\"},\"thumbnailUrl\":\"https:\/\/bibliotecas.unileon.es\/tULEctura\/files\/2023\/08\/jornadas-riul.png\",\"datePublished\":\"2013-10-11T06:07:44+00:00\",\"dateModified\":\"2023-08-31T10:11:53+00:00\",\"breadcrumb\":{\"@id\":\"https:\/\/bibliotecas.unileon.es\/tULEctura\/actividades\/#breadcrumb\"},\"inLanguage\":\"es\",\"potentialAction\":[{\"@type\":\"ReadAction\",\"target\":[\"https:\/\/bibliotecas.unileon.es\/tULEctura\/actividades\/\"]}]},{\"@type\":\"ImageObject\",\"inLanguage\":\"es\",\"@id\":\"https:\/\/bibliotecas.unileon.es\/tULEctura\/actividades\/#primaryimage\",\"url\":\"https:\/\/bibliotecas.unileon.es\/tULEctura\/files\/2023\/08\/jornadas-riul.png\",\"contentUrl\":\"https:\/\/bibliotecas.unileon.es\/tULEctura\/files\/2023\/08\/jornadas-riul.png\",\"width\":1080,\"height\":1080},{\"@type\":\"BreadcrumbList\",\"@id\":\"https:\/\/bibliotecas.unileon.es\/tULEctura\/actividades\/#breadcrumb\",\"itemListElement\":[{\"@type\":\"ListItem\",\"position\":1,\"name\":\"Home\",\"item\":\"https:\/\/bibliotecas.unileon.es\/tULEctura\/\"},{\"@type\":\"ListItem\",\"position\":2,\"name\":\"Eventos\"}]},{\"@type\":\"WebSite\",\"@id\":\"https:\/\/bibliotecas.unileon.es\/tULEctura\/#website\",\"url\":\"https:\/\/bibliotecas.unileon.es\/tULEctura\/\",\"name\":\"tULEctura\",\"description\":\"Espacio de la Universidad de Le\u00f3n dedicado a la lectura\",\"publisher\":{\"@id\":\"https:\/\/bibliotecas.unileon.es\/tULEctura\/#organization\"},\"potentialAction\":[{\"@type\":\"SearchAction\",\"target\":{\"@type\":\"EntryPoint\",\"urlTemplate\":\"https:\/\/bibliotecas.unileon.es\/tULEctura\/?s={search_term_string}\"},\"query-input\":{\"@type\":\"PropertyValueSpecification\",\"valueRequired\":true,\"valueName\":\"search_term_string\"}}],\"inLanguage\":\"es\"},{\"@type\":\"Organization\",\"@id\":\"https:\/\/bibliotecas.unileon.es\/tULEctura\/#organization\",\"name\":\"Universidad de Le\u00f3n\",\"url\":\"https:\/\/bibliotecas.unileon.es\/tULEctura\/\",\"logo\":{\"@type\":\"ImageObject\",\"inLanguage\":\"es\",\"@id\":\"https:\/\/bibliotecas.unileon.es\/tULEctura\/#\/schema\/logo\/image\/\",\"url\":\"https:\/\/bibliotecas.unileon.es\/tULEctura\/files\/2018\/08\/TULECTURA_LOGO1.png\",\"contentUrl\":\"https:\/\/bibliotecas.unileon.es\/tULEctura\/files\/2018\/08\/TULECTURA_LOGO1.png\",\"width\":\"960\",\"height\":\"258\",\"caption\":\"Universidad de Le\u00f3n\"},\"image\":{\"@id\":\"https:\/\/bibliotecas.unileon.es\/tULEctura\/#\/schema\/logo\/image\/\"},\"sameAs\":[\"https:\/\/www.facebook.com\/tulectura.unileon\/\",\"https:\/\/x.com\/tULEctura_ULE\",\"https:\/\/www.instagram.com\/tulectura.unileon\/\",\"https:\/\/www.pinterest.es\/tulectura\/\",\"https:\/\/www.youtube.com\/channel\/UCoWaDD39lVlAQcOchwlTPVw\"]}]}<\/script>\n<!-- \/ Yoast SEO plugin. -->","yoast_head_json":{"title":"Eventos - tULEctura","robots":{"index":"index","follow":"follow","max-snippet":"max-snippet:-1","max-image-preview":"max-image-preview:large","max-video-preview":"max-video-preview:-1"},"canonical":"https:\/\/bibliotecas.unileon.es\/tULEctura\/actividades\/","og_locale":"es_ES","og_type":"article","og_title":"Eventos - tULEctura","og_description":"Bajo el ep\u00edgrafe de \u00abEVENTOS\u00bb recogemos los encuentros, conferencias, mesas redondas, filandones&#8230;\u00a0 celebrados\u00a0 tanto en las\u00a0 Jornadas de la Red\u00a0 Internacional de Universidades Lectoras sobre Literatura Actual como en las Jornadas y\u00a0 Congresos en torno a la literatura de lo ins\u00f3lito. Todos estos eventos se llevan a cabo bajo la coordinaci\u00f3n de la profesora Natalia [&hellip;]","og_url":"https:\/\/bibliotecas.unileon.es\/tULEctura\/actividades\/","og_site_name":"tULEctura","article_publisher":"https:\/\/www.facebook.com\/tulectura.unileon\/","article_modified_time":"2023-08-31T10:11:53+00:00","og_image":[{"url":"https:\/\/bibliotecas.unileon.es\/tULEctura\/files\/2023\/08\/jornadas-riul.png","type":"","width":"","height":""}],"twitter_card":"summary_large_image","twitter_site":"@tULEctura_ULE","twitter_misc":{"Tiempo de lectura":"1 minuto"},"schema":{"@context":"https:\/\/schema.org","@graph":[{"@type":"WebPage","@id":"https:\/\/bibliotecas.unileon.es\/tULEctura\/actividades\/","url":"https:\/\/bibliotecas.unileon.es\/tULEctura\/actividades\/","name":"Eventos - tULEctura","isPartOf":{"@id":"https:\/\/bibliotecas.unileon.es\/tULEctura\/#website"},"primaryImageOfPage":{"@id":"https:\/\/bibliotecas.unileon.es\/tULEctura\/actividades\/#primaryimage"},"image":{"@id":"https:\/\/bibliotecas.unileon.es\/tULEctura\/actividades\/#primaryimage"},"thumbnailUrl":"https:\/\/bibliotecas.unileon.es\/tULEctura\/files\/2023\/08\/jornadas-riul.png","datePublished":"2013-10-11T06:07:44+00:00","dateModified":"2023-08-31T10:11:53+00:00","breadcrumb":{"@id":"https:\/\/bibliotecas.unileon.es\/tULEctura\/actividades\/#breadcrumb"},"inLanguage":"es","potentialAction":[{"@type":"ReadAction","target":["https:\/\/bibliotecas.unileon.es\/tULEctura\/actividades\/"]}]},{"@type":"ImageObject","inLanguage":"es","@id":"https:\/\/bibliotecas.unileon.es\/tULEctura\/actividades\/#primaryimage","url":"https:\/\/bibliotecas.unileon.es\/tULEctura\/files\/2023\/08\/jornadas-riul.png","contentUrl":"https:\/\/bibliotecas.unileon.es\/tULEctura\/files\/2023\/08\/jornadas-riul.png","width":1080,"height":1080},{"@type":"BreadcrumbList","@id":"https:\/\/bibliotecas.unileon.es\/tULEctura\/actividades\/#breadcrumb","itemListElement":[{"@type":"ListItem","position":1,"name":"Home","item":"https:\/\/bibliotecas.unileon.es\/tULEctura\/"},{"@type":"ListItem","position":2,"name":"Eventos"}]},{"@type":"WebSite","@id":"https:\/\/bibliotecas.unileon.es\/tULEctura\/#website","url":"https:\/\/bibliotecas.unileon.es\/tULEctura\/","name":"tULEctura","description":"Espacio de la Universidad de Le\u00f3n dedicado a la lectura","publisher":{"@id":"https:\/\/bibliotecas.unileon.es\/tULEctura\/#organization"},"potentialAction":[{"@type":"SearchAction","target":{"@type":"EntryPoint","urlTemplate":"https:\/\/bibliotecas.unileon.es\/tULEctura\/?s={search_term_string}"},"query-input":{"@type":"PropertyValueSpecification","valueRequired":true,"valueName":"search_term_string"}}],"inLanguage":"es"},{"@type":"Organization","@id":"https:\/\/bibliotecas.unileon.es\/tULEctura\/#organization","name":"Universidad de Le\u00f3n","url":"https:\/\/bibliotecas.unileon.es\/tULEctura\/","logo":{"@type":"ImageObject","inLanguage":"es","@id":"https:\/\/bibliotecas.unileon.es\/tULEctura\/#\/schema\/logo\/image\/","url":"https:\/\/bibliotecas.unileon.es\/tULEctura\/files\/2018\/08\/TULECTURA_LOGO1.png","contentUrl":"https:\/\/bibliotecas.unileon.es\/tULEctura\/files\/2018\/08\/TULECTURA_LOGO1.png","width":"960","height":"258","caption":"Universidad de Le\u00f3n"},"image":{"@id":"https:\/\/bibliotecas.unileon.es\/tULEctura\/#\/schema\/logo\/image\/"},"sameAs":["https:\/\/www.facebook.com\/tulectura.unileon\/","https:\/\/x.com\/tULEctura_ULE","https:\/\/www.instagram.com\/tulectura.unileon\/","https:\/\/www.pinterest.es\/tulectura\/","https:\/\/www.youtube.com\/channel\/UCoWaDD39lVlAQcOchwlTPVw"]}]}},"_links":{"self":[{"href":"https:\/\/bibliotecas.unileon.es\/tULEctura\/wp-json\/wp\/v2\/pages\/12","targetHints":{"allow":["GET"]}}],"collection":[{"href":"https:\/\/bibliotecas.unileon.es\/tULEctura\/wp-json\/wp\/v2\/pages"}],"about":[{"href":"https:\/\/bibliotecas.unileon.es\/tULEctura\/wp-json\/wp\/v2\/types\/page"}],"author":[{"embeddable":true,"href":"https:\/\/bibliotecas.unileon.es\/tULEctura\/wp-json\/wp\/v2\/users\/73"}],"replies":[{"embeddable":true,"href":"https:\/\/bibliotecas.unileon.es\/tULEctura\/wp-json\/wp\/v2\/comments?post=12"}],"version-history":[{"count":1,"href":"https:\/\/bibliotecas.unileon.es\/tULEctura\/wp-json\/wp\/v2\/pages\/12\/revisions"}],"predecessor-version":[{"id":47133,"href":"https:\/\/bibliotecas.unileon.es\/tULEctura\/wp-json\/wp\/v2\/pages\/12\/revisions\/47133"}],"wp:attachment":[{"href":"https:\/\/bibliotecas.unileon.es\/tULEctura\/wp-json\/wp\/v2\/media?parent=12"}],"curies":[{"name":"wp","href":"https:\/\/api.w.org\/{rel}","templated":true}]}}