{"id":159,"date":"2013-10-22T18:34:55","date_gmt":"2013-10-22T16:34:55","guid":{"rendered":"http:\/\/bibliotecas.unileon.es\/tULElectura\/?page_id=159"},"modified":"2014-07-21T10:24:40","modified_gmt":"2014-07-21T08:24:40","slug":"lectura-3-cuentos-de-los-dias-raros","status":"publish","type":"page","link":"https:\/\/bibliotecas.unileon.es\/tULEctura\/pagina-ejemplo\/curso-2013-2014\/lectura-3-cuentos-de-los-dias-raros\/","title":{"rendered":"Lectura 3: Cuentos de los d\u00edas raros"},"content":{"rendered":"<p><strong>Cuentos de los d\u00edas raros<\/strong>, de <em>Jos\u00e9 Mar\u00eda Merino<\/em><\/p>\n<p style=\"text-align: left;\">Cuando abrimos un libro, buscamos la magia de los d\u00edas raros.<a href=\"http:\/\/bibliotecas.unileon.es\/tULEctura\/files\/2013\/10\/portada-cuentos-dias-raros_med-e1382459834616.jpg\"><img loading=\"lazy\" decoding=\"async\" class=\"alignright size-full wp-image-160\" src=\"http:\/\/bibliotecas.unileon.es\/tULEctura\/files\/2013\/10\/portada-cuentos-dias-raros_med-e1382459834616.jpg\" alt=\"portada-cuentos-dias-raros_med\" width=\"195\" height=\"320\" \/><\/a><\/p>\n<p><span style=\"text-decoration: underline;\">Calendario\u00a0<\/span><\/p>\n<ul>\n<li style=\"text-align: justify;\"><a href=\"http:\/\/bibliotecas.unileon.es\/tULEctura\/2014\/02\/19\/1490\/\" target=\"_blank\">20 de febrero de 2014: Coloquio participativo de gu\u00eda a la lectura.<\/a><\/li>\n<li style=\"text-align: justify;\"><a href=\"http:\/\/bibliotecas.unileon.es\/tULEctura\/2014\/03\/27\/cuentos-de-los-dias-raros-el-juego-cotidiano-de-la-fantasia\/\" target=\"_blank\">27 de marzo de 2014: Coloquio participativo de los socios<\/a>.<\/li>\n<li style=\"text-align: justify;\"><a href=\"http:\/\/bibliotecas.unileon.es\/tULEctura\/?p=1817\" target=\"_blank\">28 de marzo de 2014: Encuentro de los socios con Jos\u00e9 Mar\u00eda Merino.<\/a><\/li>\n<\/ul>\n<p><span style=\"text-decoration: underline;\">Lugar \u00a0y horario<\/span><\/p>\n<p style=\"text-align: justify;\">Los encuentros de esta \u00a0lectura tendr\u00e1n lugar en la sala de conferencias de la Biblioteca General San Isidoro a las 19:00 horas.\u00a0<strong>Se ruega puntualidad<\/strong>.<\/p>\n<p><span style=\"text-decoration: underline;\">Sinopsis<\/span><\/p>\n<p style=\"text-align: justify;\"><span style=\"line-height: 1.714285714; font-size: 1rem;\">Los quince cuentos de este libro nos hablan de esos d\u00edas raros, siempre al acecho para traernos la fascinaci\u00f3n o el desasosiego de lo imprevisto, de lo misterioso, de lo fatal, y mostrarnos lo que puede esconderse tras las im\u00e1genes de lo cotidiano.<\/span><\/p>\n<p style=\"text-align: justify;\">Al profesor Souto empiezan a sorprenderle las respuestas de la inteligencia artificial que est\u00e1 ayudando a crear. Un joven ejecutivo descubre el camino que conduce al espacio verdadero de las novelas fant\u00e1sticas que le\u00eda en su adolescencia. Alguien empieza a buscar una ciudad que no existe para purgar su cobard\u00eda. Una canci\u00f3n de los Beatles resulta ser el sortilegio para abrir el acceso a otro universo. Hay metamorfosis personales relacionadas con el equilibrio planetario. Existen personas capaces de cruzar el tiempo para encontrar un tesoro. Los viajes de la memoria pueden estar llenos de extra\u00f1as revelaciones. El mundo termin\u00f3 en 1992&#8230;<\/p>\n<p style=\"text-align: justify;\"><strong><a href=\"http:\/\/www.puntodelectura.com\/uploads\/ficheros\/libro\/primeras-paginas\/200706\/primeras-paginas-cuentos-dias-raros.pdf\" class=\"mtli_attachment mtli_pdf\" target=\"_blank\">Puedes empezar a leer la obra \u00a0ahora<\/a><\/strong><\/p>\n<p style=\"text-align: justify;\"><span style=\"text-decoration: underline;\">El autor<\/span><\/p>\n<p style=\"text-align: justify;\"><strong>Jos\u00e9 Mar\u00eda Merino\u00a0<\/strong>(A Coru\u00f1a, 1941) residi\u00f3 durante muchos a\u00f1os en Le\u00f3n y vive en Madrid. Comenz\u00f3 escribiendo poes\u00eda y se dio a conocer como narrador en 1976 con\u00a0<em>Novela de Andr\u00e9s Choz,<\/em>\u00a0libro con el que obtuvo el Premio Novelas y Cuentos. Lo escurridizo de la identidad, sus conexiones con el mito, el sue\u00f1o y la literatura, y muchos elementos de la tradici\u00f3n fant\u00e1stica, caracterizan su obra narrativa. Su novela\u00a0<em>La orilla oscura\u00a0<\/em>(Alfaguara, 1985) fue galardonada con el Premio de la Cr\u00edtica. Adem\u00e1s, ha recibido el Premio Nacional de Literatura Juvenil (1993), el Premio NH para libros de relatos editados (2003) y el Premio Salamb\u00f3 (2008). Ha publicado, entre otros, la trilog\u00eda novelesca\u00a0\u00a0<em>Las cr\u00f3nicas mestizas<\/em>, as\u00ed como<em>\u00a0<\/em>las novelas\u00a0<em>Las visiones de Lucrecia\u00a0<\/em>(1996), Premio Miguel Delibes de Narrativa;\u00a0<em>El heredero<\/em>\u00a0(2003), Premio Ram\u00f3n G\u00f3mez de la Serna de Narrativa;\u00a0<em>El lugar sin culpa<\/em>\u00a0(2007) premio de narrativa Gonzalo Torrente Ballester, un volumen que recoge sus libros de relatos,\u00a0<em>Historias del otro lugar\u00a0<\/em>(2010)\u00a0<em>El libro de las horas contadas\u00a0<\/em>(2011) y <em>El r\u00edo del Ed\u00e9n<\/em> (2012), ganador del\u00a0XI Premio de la Cr\u00edtica de Castilla y Le\u00f3n.<\/p>\n<p style=\"text-align: justify;\">Desde 2009 es acad\u00e9mico de n\u00famero de la Real Academia Espa\u00f1ola.<\/p>\n<p style=\"text-align: justify;\"><a href=\"http:\/\/www.puntodelectura.com\/uploads\/ficheros\/libro\/primeras-paginas\/200706\/primeras-paginas-cuentos-dias-raros.pdf\" class=\"mtli_attachment mtli_pdf\" target=\"_blank\"><br \/>\n<\/a><\/p>\n","protected":false},"excerpt":{"rendered":"<p>Cuentos de los d\u00edas raros, de Jos\u00e9 Mar\u00eda Merino Cuando abrimos un libro, buscamos la magia de los d\u00edas raros. Calendario\u00a0 20 de febrero de 2014: Coloquio participativo de gu\u00eda a la lectura. 27 de marzo de 2014: Coloquio participativo de los socios. 28 de marzo de 2014: Encuentro de los socios con Jos\u00e9 Mar\u00eda [&hellip;]<\/p>\n","protected":false},"author":73,"featured_media":0,"parent":2423,"menu_order":3,"comment_status":"open","ping_status":"open","template":"","meta":{"_bbp_topic_count":0,"_bbp_reply_count":0,"_bbp_total_topic_count":0,"_bbp_total_reply_count":0,"_bbp_voice_count":0,"_bbp_anonymous_reply_count":0,"_bbp_topic_count_hidden":0,"_bbp_reply_count_hidden":0,"_bbp_forum_subforum_count":0,"_monsterinsights_skip_tracking":false,"_monsterinsights_sitenote_active":false,"_monsterinsights_sitenote_note":"","_monsterinsights_sitenote_category":0,"footnotes":""},"class_list":["post-159","page","type-page","status-publish","hentry"],"yoast_head":"<!-- This site is optimized with the Yoast SEO plugin v25.8 - https:\/\/yoast.com\/wordpress\/plugins\/seo\/ -->\n<title>Lectura 3: Cuentos de los d\u00edas raros - tULEctura<\/title>\n<meta name=\"robots\" content=\"index, follow, max-snippet:-1, max-image-preview:large, max-video-preview:-1\" \/>\n<link rel=\"canonical\" href=\"https:\/\/bibliotecas.unileon.es\/tULEctura\/pagina-ejemplo\/curso-2013-2014\/lectura-3-cuentos-de-los-dias-raros\/\" \/>\n<meta property=\"og:locale\" content=\"es_ES\" \/>\n<meta property=\"og:type\" content=\"article\" \/>\n<meta property=\"og:title\" content=\"Lectura 3: Cuentos de los d\u00edas raros - tULEctura\" \/>\n<meta property=\"og:description\" content=\"Cuentos de los d\u00edas raros, de Jos\u00e9 Mar\u00eda Merino Cuando abrimos un libro, buscamos la magia de los d\u00edas raros. Calendario\u00a0 20 de febrero de 2014: Coloquio participativo de gu\u00eda a la lectura. 27 de marzo de 2014: Coloquio participativo de los socios. 28 de marzo de 2014: Encuentro de los socios con Jos\u00e9 Mar\u00eda [&hellip;]\" \/>\n<meta property=\"og:url\" content=\"https:\/\/bibliotecas.unileon.es\/tULEctura\/pagina-ejemplo\/curso-2013-2014\/lectura-3-cuentos-de-los-dias-raros\/\" \/>\n<meta property=\"og:site_name\" content=\"tULEctura\" \/>\n<meta property=\"article:publisher\" content=\"https:\/\/www.facebook.com\/tulectura.unileon\/\" \/>\n<meta property=\"article:modified_time\" content=\"2014-07-21T08:24:40+00:00\" \/>\n<meta property=\"og:image\" content=\"https:\/\/bibliotecas.unileon.es\/tULEctura\/files\/2013\/10\/portada-cuentos-dias-raros_med-e1382459834616.jpg\" \/>\n\t<meta property=\"og:image:width\" content=\"195\" \/>\n\t<meta property=\"og:image:height\" content=\"320\" \/>\n\t<meta property=\"og:image:type\" content=\"image\/jpeg\" \/>\n<meta name=\"twitter:card\" content=\"summary_large_image\" \/>\n<meta name=\"twitter:site\" content=\"@tULEctura_ULE\" \/>\n<meta name=\"twitter:label1\" content=\"Tiempo de lectura\" \/>\n\t<meta name=\"twitter:data1\" content=\"2 minutos\" \/>\n<script type=\"application\/ld+json\" class=\"yoast-schema-graph\">{\"@context\":\"https:\/\/schema.org\",\"@graph\":[{\"@type\":\"WebPage\",\"@id\":\"https:\/\/bibliotecas.unileon.es\/tULEctura\/pagina-ejemplo\/curso-2013-2014\/lectura-3-cuentos-de-los-dias-raros\/\",\"url\":\"https:\/\/bibliotecas.unileon.es\/tULEctura\/pagina-ejemplo\/curso-2013-2014\/lectura-3-cuentos-de-los-dias-raros\/\",\"name\":\"Lectura 3: Cuentos de los d\u00edas raros - tULEctura\",\"isPartOf\":{\"@id\":\"https:\/\/bibliotecas.unileon.es\/tULEctura\/#website\"},\"primaryImageOfPage\":{\"@id\":\"https:\/\/bibliotecas.unileon.es\/tULEctura\/pagina-ejemplo\/curso-2013-2014\/lectura-3-cuentos-de-los-dias-raros\/#primaryimage\"},\"image\":{\"@id\":\"https:\/\/bibliotecas.unileon.es\/tULEctura\/pagina-ejemplo\/curso-2013-2014\/lectura-3-cuentos-de-los-dias-raros\/#primaryimage\"},\"thumbnailUrl\":\"http:\/\/bibliotecas.unileon.es\/tULEctura\/files\/2013\/10\/portada-cuentos-dias-raros_med-e1382459834616.jpg\",\"datePublished\":\"2013-10-22T16:34:55+00:00\",\"dateModified\":\"2014-07-21T08:24:40+00:00\",\"breadcrumb\":{\"@id\":\"https:\/\/bibliotecas.unileon.es\/tULEctura\/pagina-ejemplo\/curso-2013-2014\/lectura-3-cuentos-de-los-dias-raros\/#breadcrumb\"},\"inLanguage\":\"es\",\"potentialAction\":[{\"@type\":\"ReadAction\",\"target\":[\"https:\/\/bibliotecas.unileon.es\/tULEctura\/pagina-ejemplo\/curso-2013-2014\/lectura-3-cuentos-de-los-dias-raros\/\"]}]},{\"@type\":\"ImageObject\",\"inLanguage\":\"es\",\"@id\":\"https:\/\/bibliotecas.unileon.es\/tULEctura\/pagina-ejemplo\/curso-2013-2014\/lectura-3-cuentos-de-los-dias-raros\/#primaryimage\",\"url\":\"http:\/\/bibliotecas.unileon.es\/tULEctura\/files\/2013\/10\/portada-cuentos-dias-raros_med-e1382459834616.jpg\",\"contentUrl\":\"http:\/\/bibliotecas.unileon.es\/tULEctura\/files\/2013\/10\/portada-cuentos-dias-raros_med-e1382459834616.jpg\"},{\"@type\":\"BreadcrumbList\",\"@id\":\"https:\/\/bibliotecas.unileon.es\/tULEctura\/pagina-ejemplo\/curso-2013-2014\/lectura-3-cuentos-de-los-dias-raros\/#breadcrumb\",\"itemListElement\":[{\"@type\":\"ListItem\",\"position\":1,\"name\":\"Home\",\"item\":\"https:\/\/bibliotecas.unileon.es\/tULEctura\/\"},{\"@type\":\"ListItem\",\"position\":2,\"name\":\"Club de Lectura\",\"item\":\"https:\/\/bibliotecas.unileon.es\/tULEctura\/pagina-ejemplo\/\"},{\"@type\":\"ListItem\",\"position\":3,\"name\":\"Curso 2013-2014\",\"item\":\"https:\/\/bibliotecas.unileon.es\/tULEctura\/pagina-ejemplo\/curso-2013-2014\/\"},{\"@type\":\"ListItem\",\"position\":4,\"name\":\"Lectura 3: Cuentos de los d\u00edas raros\"}]},{\"@type\":\"WebSite\",\"@id\":\"https:\/\/bibliotecas.unileon.es\/tULEctura\/#website\",\"url\":\"https:\/\/bibliotecas.unileon.es\/tULEctura\/\",\"name\":\"tULEctura\",\"description\":\"Espacio de la Universidad de Le\u00f3n dedicado a la lectura\",\"publisher\":{\"@id\":\"https:\/\/bibliotecas.unileon.es\/tULEctura\/#organization\"},\"potentialAction\":[{\"@type\":\"SearchAction\",\"target\":{\"@type\":\"EntryPoint\",\"urlTemplate\":\"https:\/\/bibliotecas.unileon.es\/tULEctura\/?s={search_term_string}\"},\"query-input\":{\"@type\":\"PropertyValueSpecification\",\"valueRequired\":true,\"valueName\":\"search_term_string\"}}],\"inLanguage\":\"es\"},{\"@type\":\"Organization\",\"@id\":\"https:\/\/bibliotecas.unileon.es\/tULEctura\/#organization\",\"name\":\"Universidad de Le\u00f3n\",\"url\":\"https:\/\/bibliotecas.unileon.es\/tULEctura\/\",\"logo\":{\"@type\":\"ImageObject\",\"inLanguage\":\"es\",\"@id\":\"https:\/\/bibliotecas.unileon.es\/tULEctura\/#\/schema\/logo\/image\/\",\"url\":\"https:\/\/bibliotecas.unileon.es\/tULEctura\/files\/2018\/08\/TULECTURA_LOGO1.png\",\"contentUrl\":\"https:\/\/bibliotecas.unileon.es\/tULEctura\/files\/2018\/08\/TULECTURA_LOGO1.png\",\"width\":\"960\",\"height\":\"258\",\"caption\":\"Universidad de Le\u00f3n\"},\"image\":{\"@id\":\"https:\/\/bibliotecas.unileon.es\/tULEctura\/#\/schema\/logo\/image\/\"},\"sameAs\":[\"https:\/\/www.facebook.com\/tulectura.unileon\/\",\"https:\/\/x.com\/tULEctura_ULE\",\"https:\/\/www.instagram.com\/tulectura.unileon\/\",\"https:\/\/www.pinterest.es\/tulectura\/\",\"https:\/\/www.youtube.com\/channel\/UCoWaDD39lVlAQcOchwlTPVw\"]}]}<\/script>\n<!-- \/ Yoast SEO plugin. -->","yoast_head_json":{"title":"Lectura 3: Cuentos de los d\u00edas raros - tULEctura","robots":{"index":"index","follow":"follow","max-snippet":"max-snippet:-1","max-image-preview":"max-image-preview:large","max-video-preview":"max-video-preview:-1"},"canonical":"https:\/\/bibliotecas.unileon.es\/tULEctura\/pagina-ejemplo\/curso-2013-2014\/lectura-3-cuentos-de-los-dias-raros\/","og_locale":"es_ES","og_type":"article","og_title":"Lectura 3: Cuentos de los d\u00edas raros - tULEctura","og_description":"Cuentos de los d\u00edas raros, de Jos\u00e9 Mar\u00eda Merino Cuando abrimos un libro, buscamos la magia de los d\u00edas raros. Calendario\u00a0 20 de febrero de 2014: Coloquio participativo de gu\u00eda a la lectura. 27 de marzo de 2014: Coloquio participativo de los socios. 28 de marzo de 2014: Encuentro de los socios con Jos\u00e9 Mar\u00eda [&hellip;]","og_url":"https:\/\/bibliotecas.unileon.es\/tULEctura\/pagina-ejemplo\/curso-2013-2014\/lectura-3-cuentos-de-los-dias-raros\/","og_site_name":"tULEctura","article_publisher":"https:\/\/www.facebook.com\/tulectura.unileon\/","article_modified_time":"2014-07-21T08:24:40+00:00","og_image":[{"width":195,"height":320,"url":"https:\/\/bibliotecas.unileon.es\/tULEctura\/files\/2013\/10\/portada-cuentos-dias-raros_med-e1382459834616.jpg","type":"image\/jpeg"}],"twitter_card":"summary_large_image","twitter_site":"@tULEctura_ULE","twitter_misc":{"Tiempo de lectura":"2 minutos"},"schema":{"@context":"https:\/\/schema.org","@graph":[{"@type":"WebPage","@id":"https:\/\/bibliotecas.unileon.es\/tULEctura\/pagina-ejemplo\/curso-2013-2014\/lectura-3-cuentos-de-los-dias-raros\/","url":"https:\/\/bibliotecas.unileon.es\/tULEctura\/pagina-ejemplo\/curso-2013-2014\/lectura-3-cuentos-de-los-dias-raros\/","name":"Lectura 3: Cuentos de los d\u00edas raros - tULEctura","isPartOf":{"@id":"https:\/\/bibliotecas.unileon.es\/tULEctura\/#website"},"primaryImageOfPage":{"@id":"https:\/\/bibliotecas.unileon.es\/tULEctura\/pagina-ejemplo\/curso-2013-2014\/lectura-3-cuentos-de-los-dias-raros\/#primaryimage"},"image":{"@id":"https:\/\/bibliotecas.unileon.es\/tULEctura\/pagina-ejemplo\/curso-2013-2014\/lectura-3-cuentos-de-los-dias-raros\/#primaryimage"},"thumbnailUrl":"http:\/\/bibliotecas.unileon.es\/tULEctura\/files\/2013\/10\/portada-cuentos-dias-raros_med-e1382459834616.jpg","datePublished":"2013-10-22T16:34:55+00:00","dateModified":"2014-07-21T08:24:40+00:00","breadcrumb":{"@id":"https:\/\/bibliotecas.unileon.es\/tULEctura\/pagina-ejemplo\/curso-2013-2014\/lectura-3-cuentos-de-los-dias-raros\/#breadcrumb"},"inLanguage":"es","potentialAction":[{"@type":"ReadAction","target":["https:\/\/bibliotecas.unileon.es\/tULEctura\/pagina-ejemplo\/curso-2013-2014\/lectura-3-cuentos-de-los-dias-raros\/"]}]},{"@type":"ImageObject","inLanguage":"es","@id":"https:\/\/bibliotecas.unileon.es\/tULEctura\/pagina-ejemplo\/curso-2013-2014\/lectura-3-cuentos-de-los-dias-raros\/#primaryimage","url":"http:\/\/bibliotecas.unileon.es\/tULEctura\/files\/2013\/10\/portada-cuentos-dias-raros_med-e1382459834616.jpg","contentUrl":"http:\/\/bibliotecas.unileon.es\/tULEctura\/files\/2013\/10\/portada-cuentos-dias-raros_med-e1382459834616.jpg"},{"@type":"BreadcrumbList","@id":"https:\/\/bibliotecas.unileon.es\/tULEctura\/pagina-ejemplo\/curso-2013-2014\/lectura-3-cuentos-de-los-dias-raros\/#breadcrumb","itemListElement":[{"@type":"ListItem","position":1,"name":"Home","item":"https:\/\/bibliotecas.unileon.es\/tULEctura\/"},{"@type":"ListItem","position":2,"name":"Club de Lectura","item":"https:\/\/bibliotecas.unileon.es\/tULEctura\/pagina-ejemplo\/"},{"@type":"ListItem","position":3,"name":"Curso 2013-2014","item":"https:\/\/bibliotecas.unileon.es\/tULEctura\/pagina-ejemplo\/curso-2013-2014\/"},{"@type":"ListItem","position":4,"name":"Lectura 3: Cuentos de los d\u00edas raros"}]},{"@type":"WebSite","@id":"https:\/\/bibliotecas.unileon.es\/tULEctura\/#website","url":"https:\/\/bibliotecas.unileon.es\/tULEctura\/","name":"tULEctura","description":"Espacio de la Universidad de Le\u00f3n dedicado a la lectura","publisher":{"@id":"https:\/\/bibliotecas.unileon.es\/tULEctura\/#organization"},"potentialAction":[{"@type":"SearchAction","target":{"@type":"EntryPoint","urlTemplate":"https:\/\/bibliotecas.unileon.es\/tULEctura\/?s={search_term_string}"},"query-input":{"@type":"PropertyValueSpecification","valueRequired":true,"valueName":"search_term_string"}}],"inLanguage":"es"},{"@type":"Organization","@id":"https:\/\/bibliotecas.unileon.es\/tULEctura\/#organization","name":"Universidad de Le\u00f3n","url":"https:\/\/bibliotecas.unileon.es\/tULEctura\/","logo":{"@type":"ImageObject","inLanguage":"es","@id":"https:\/\/bibliotecas.unileon.es\/tULEctura\/#\/schema\/logo\/image\/","url":"https:\/\/bibliotecas.unileon.es\/tULEctura\/files\/2018\/08\/TULECTURA_LOGO1.png","contentUrl":"https:\/\/bibliotecas.unileon.es\/tULEctura\/files\/2018\/08\/TULECTURA_LOGO1.png","width":"960","height":"258","caption":"Universidad de Le\u00f3n"},"image":{"@id":"https:\/\/bibliotecas.unileon.es\/tULEctura\/#\/schema\/logo\/image\/"},"sameAs":["https:\/\/www.facebook.com\/tulectura.unileon\/","https:\/\/x.com\/tULEctura_ULE","https:\/\/www.instagram.com\/tulectura.unileon\/","https:\/\/www.pinterest.es\/tulectura\/","https:\/\/www.youtube.com\/channel\/UCoWaDD39lVlAQcOchwlTPVw"]}]}},"_links":{"self":[{"href":"https:\/\/bibliotecas.unileon.es\/tULEctura\/wp-json\/wp\/v2\/pages\/159","targetHints":{"allow":["GET"]}}],"collection":[{"href":"https:\/\/bibliotecas.unileon.es\/tULEctura\/wp-json\/wp\/v2\/pages"}],"about":[{"href":"https:\/\/bibliotecas.unileon.es\/tULEctura\/wp-json\/wp\/v2\/types\/page"}],"author":[{"embeddable":true,"href":"https:\/\/bibliotecas.unileon.es\/tULEctura\/wp-json\/wp\/v2\/users\/73"}],"replies":[{"embeddable":true,"href":"https:\/\/bibliotecas.unileon.es\/tULEctura\/wp-json\/wp\/v2\/comments?post=159"}],"version-history":[{"count":0,"href":"https:\/\/bibliotecas.unileon.es\/tULEctura\/wp-json\/wp\/v2\/pages\/159\/revisions"}],"up":[{"embeddable":true,"href":"https:\/\/bibliotecas.unileon.es\/tULEctura\/wp-json\/wp\/v2\/pages\/2423"}],"wp:attachment":[{"href":"https:\/\/bibliotecas.unileon.es\/tULEctura\/wp-json\/wp\/v2\/media?parent=159"}],"curies":[{"name":"wp","href":"https:\/\/api.w.org\/{rel}","templated":true}]}}