{"id":2,"date":"2013-10-09T06:36:19","date_gmt":"2013-10-09T04:36:19","guid":{"rendered":"http:\/\/bibliotecas.unileon.es\/club-de-lectura\/?page_id=2"},"modified":"2024-09-15T13:53:39","modified_gmt":"2024-09-15T11:53:39","slug":"pagina-ejemplo","status":"publish","type":"page","link":"https:\/\/bibliotecas.unileon.es\/tULEctura\/pagina-ejemplo\/","title":{"rendered":"Club de Lectura"},"content":{"rendered":"<p style=\"text-align: justify;\"><img loading=\"lazy\" decoding=\"async\" class=\"aligncenter size-full wp-image-49017\" src=\"https:\/\/bibliotecas.unileon.es\/tULEctura\/files\/2023\/07\/club-de-lectura.jpg\" alt=\"\" width=\"574\" height=\"584\" \/><\/p>\n<p style=\"text-align: justify;\">El Club de Lectura Universidad de Le\u00f3n propone actividades que no s\u00f3lo est\u00e1n dirigidas al p\u00fablico universitario. La asistencia est\u00e1 abierta a cualquier persona de la sociedad interesada en participar y convertirse en socia. Es <strong>gratuita<\/strong>. No hay l\u00edmite de edad ni se exige disponer de ning\u00fan certificado de estudios.<\/p>\n<p style=\"text-align: justify;\">Pretendemos reunirnos peri\u00f3dicamente para compartir la experiencia de la lectura y aprovecharla como competencia transversal para completar la formaci\u00f3n acad\u00e9mica y personal. Las sesiones del Club est\u00e1n abiertas tanto a la comunidad universitaria como a la sociedad.<\/p>\n<h1><strong>Formas de participaci\u00f3n (\u00a1importante!)<\/strong><\/h1>\n<ol>\n<li style=\"text-align: justify;\">\n<h2><strong>Si est\u00e1s interesado en obtener el diploma acreditativo para el reconocimiento de los cr\u00e9ditos ECTS:<\/strong><\/h2>\n<ul>\n<li style=\"list-style-type: none;\">\n<ul>\n<li style=\"text-align: justify;\">Te debes matricular en Extensi\u00f3n Universitaria, en las XII Jornadas del Club de Lectura Universidad de Le\u00f3n.<\/li>\n<\/ul>\n<\/li>\n<\/ul>\n<\/li>\n<li style=\"text-align: justify;\">\n<h2><strong>Si solo quieres leer y\u00a0 venir a disfrutar de la lectura con nosotros. <\/strong><\/h2>\n<ul>\n<li style=\"list-style-type: none;\">\n<ul>\n<li style=\"text-align: justify;\"><strong>(\u00a1importante!) <\/strong>\u00a0La Universidad de Le\u00f3n abre su club de lectura a toda la sociedad, de forma abierta y gratuita. No necesitas \u00a0matricularse para poder asistir, aunque s\u00ed te pedimos que nos manifiestes tu deseo de\u00a0participar para tenerte en cuenta, enviarte los\u00a0avisos y recordatorios\u2026 Por lo tanto, si solo est\u00e1s interesado en asistir a los coloquios y encuentros de las lecturas,\u00a0<strong>no es necesario que te matricules ni pagues ninguna cantidad econ\u00f3mica<\/strong>. Simplemente env\u00edanos tus datos a nuestro correo <span style=\"color: #0000ff;\"><strong>nalvm@unileon.es<\/strong>\u00a0<\/span>para que sepamos que contamos contigo. Ind\u00edcanos:<br \/>\n\u2013 Nombre y apellidos.<br \/>\n\u2013 Correo electr\u00f3nico\u00a0(si eres miembro de la ULe, el institucional).<br \/>\n\u2013 Tipo de usuario:\u00a0Estudiante\/ PDI\/ PAS \/Externo.<\/li>\n<\/ul>\n<\/li>\n<\/ul>\n<\/li>\n<li style=\"text-align: justify;\">\n<h2>Si lees con nosotros pero no puedes asistir presencialmente<\/h2>\n<ul>\n<li style=\"list-style-type: none;\">\n<ul>\n<li style=\"text-align: justify;\">Puedes participar \u00fanicamente de forma virtual, pues a trav\u00e9s del blog \u00a0te ofreceremos informaci\u00f3n de cada una de las sesiones, y adem\u00e1s emitimos a trav\u00e9s del\u00a0 meet tanto la gu\u00eda a la lectura\u00a0 como la visita\u00a0\u00a0del autor, con quien puedes interactuar en directo. Despu\u00e9s editamos este v\u00eddeo para que lo tengas disponible siempre que quieras o por\u00a0 si no has podido asistir al encuentro. Para participar de esto modo tampoco existe ning\u00fan requisito.<\/li>\n<\/ul>\n<\/li>\n<\/ul>\n<\/li>\n<\/ol>\n","protected":false},"excerpt":{"rendered":"<p>El Club de Lectura Universidad de Le\u00f3n propone actividades que no s\u00f3lo est\u00e1n dirigidas al p\u00fablico universitario. La asistencia est\u00e1 abierta a cualquier persona de la sociedad interesada en participar y convertirse en socia. Es gratuita. No hay l\u00edmite de edad ni se exige disponer de ning\u00fan certificado de estudios. Pretendemos reunirnos peri\u00f3dicamente para compartir [&hellip;]<\/p>\n","protected":false},"author":3,"featured_media":0,"parent":0,"menu_order":2,"comment_status":"closed","ping_status":"closed","template":"","meta":{"_bbp_topic_count":0,"_bbp_reply_count":0,"_bbp_total_topic_count":0,"_bbp_total_reply_count":0,"_bbp_voice_count":0,"_bbp_anonymous_reply_count":0,"_bbp_topic_count_hidden":0,"_bbp_reply_count_hidden":0,"_bbp_forum_subforum_count":0,"_monsterinsights_skip_tracking":false,"_monsterinsights_sitenote_active":false,"_monsterinsights_sitenote_note":"","_monsterinsights_sitenote_category":0,"footnotes":""},"class_list":["post-2","page","type-page","status-publish","hentry"],"yoast_head":"<!-- This site is optimized with the Yoast SEO plugin v25.8 - https:\/\/yoast.com\/wordpress\/plugins\/seo\/ -->\n<title>Club de Lectura - tULEctura<\/title>\n<meta name=\"robots\" content=\"index, follow, max-snippet:-1, max-image-preview:large, max-video-preview:-1\" \/>\n<link rel=\"canonical\" href=\"https:\/\/bibliotecas.unileon.es\/tULEctura\/pagina-ejemplo\/\" \/>\n<meta property=\"og:locale\" content=\"es_ES\" \/>\n<meta property=\"og:type\" content=\"article\" \/>\n<meta property=\"og:title\" content=\"Club de Lectura - tULEctura\" \/>\n<meta property=\"og:description\" content=\"El Club de Lectura Universidad de Le\u00f3n propone actividades que no s\u00f3lo est\u00e1n dirigidas al p\u00fablico universitario. La asistencia est\u00e1 abierta a cualquier persona de la sociedad interesada en participar y convertirse en socia. Es gratuita. No hay l\u00edmite de edad ni se exige disponer de ning\u00fan certificado de estudios. Pretendemos reunirnos peri\u00f3dicamente para compartir [&hellip;]\" \/>\n<meta property=\"og:url\" content=\"https:\/\/bibliotecas.unileon.es\/tULEctura\/pagina-ejemplo\/\" \/>\n<meta property=\"og:site_name\" content=\"tULEctura\" \/>\n<meta property=\"article:publisher\" content=\"https:\/\/www.facebook.com\/tulectura.unileon\/\" \/>\n<meta property=\"article:modified_time\" content=\"2024-09-15T11:53:39+00:00\" \/>\n<meta property=\"og:image\" content=\"https:\/\/bibliotecas.unileon.es\/tULEctura\/files\/2023\/07\/club-de-lectura.jpg\" \/>\n<meta name=\"twitter:card\" content=\"summary_large_image\" \/>\n<meta name=\"twitter:site\" content=\"@tULEctura_ULE\" \/>\n<meta name=\"twitter:label1\" content=\"Tiempo de lectura\" \/>\n\t<meta name=\"twitter:data1\" content=\"2 minutos\" \/>\n<script type=\"application\/ld+json\" class=\"yoast-schema-graph\">{\"@context\":\"https:\/\/schema.org\",\"@graph\":[{\"@type\":\"WebPage\",\"@id\":\"https:\/\/bibliotecas.unileon.es\/tULEctura\/pagina-ejemplo\/\",\"url\":\"https:\/\/bibliotecas.unileon.es\/tULEctura\/pagina-ejemplo\/\",\"name\":\"Club de Lectura - tULEctura\",\"isPartOf\":{\"@id\":\"https:\/\/bibliotecas.unileon.es\/tULEctura\/#website\"},\"primaryImageOfPage\":{\"@id\":\"https:\/\/bibliotecas.unileon.es\/tULEctura\/pagina-ejemplo\/#primaryimage\"},\"image\":{\"@id\":\"https:\/\/bibliotecas.unileon.es\/tULEctura\/pagina-ejemplo\/#primaryimage\"},\"thumbnailUrl\":\"https:\/\/bibliotecas.unileon.es\/tULEctura\/files\/2023\/07\/club-de-lectura.jpg\",\"datePublished\":\"2013-10-09T04:36:19+00:00\",\"dateModified\":\"2024-09-15T11:53:39+00:00\",\"breadcrumb\":{\"@id\":\"https:\/\/bibliotecas.unileon.es\/tULEctura\/pagina-ejemplo\/#breadcrumb\"},\"inLanguage\":\"es\",\"potentialAction\":[{\"@type\":\"ReadAction\",\"target\":[\"https:\/\/bibliotecas.unileon.es\/tULEctura\/pagina-ejemplo\/\"]}]},{\"@type\":\"ImageObject\",\"inLanguage\":\"es\",\"@id\":\"https:\/\/bibliotecas.unileon.es\/tULEctura\/pagina-ejemplo\/#primaryimage\",\"url\":\"https:\/\/bibliotecas.unileon.es\/tULEctura\/files\/2023\/07\/club-de-lectura-e1756207624931.jpg\",\"contentUrl\":\"https:\/\/bibliotecas.unileon.es\/tULEctura\/files\/2023\/07\/club-de-lectura-e1756207624931.jpg\",\"width\":574,\"height\":584},{\"@type\":\"BreadcrumbList\",\"@id\":\"https:\/\/bibliotecas.unileon.es\/tULEctura\/pagina-ejemplo\/#breadcrumb\",\"itemListElement\":[{\"@type\":\"ListItem\",\"position\":1,\"name\":\"Home\",\"item\":\"https:\/\/bibliotecas.unileon.es\/tULEctura\/\"},{\"@type\":\"ListItem\",\"position\":2,\"name\":\"Club de Lectura\"}]},{\"@type\":\"WebSite\",\"@id\":\"https:\/\/bibliotecas.unileon.es\/tULEctura\/#website\",\"url\":\"https:\/\/bibliotecas.unileon.es\/tULEctura\/\",\"name\":\"tULEctura\",\"description\":\"Espacio de la Universidad de Le\u00f3n dedicado a la lectura\",\"publisher\":{\"@id\":\"https:\/\/bibliotecas.unileon.es\/tULEctura\/#organization\"},\"potentialAction\":[{\"@type\":\"SearchAction\",\"target\":{\"@type\":\"EntryPoint\",\"urlTemplate\":\"https:\/\/bibliotecas.unileon.es\/tULEctura\/?s={search_term_string}\"},\"query-input\":{\"@type\":\"PropertyValueSpecification\",\"valueRequired\":true,\"valueName\":\"search_term_string\"}}],\"inLanguage\":\"es\"},{\"@type\":\"Organization\",\"@id\":\"https:\/\/bibliotecas.unileon.es\/tULEctura\/#organization\",\"name\":\"Universidad de Le\u00f3n\",\"url\":\"https:\/\/bibliotecas.unileon.es\/tULEctura\/\",\"logo\":{\"@type\":\"ImageObject\",\"inLanguage\":\"es\",\"@id\":\"https:\/\/bibliotecas.unileon.es\/tULEctura\/#\/schema\/logo\/image\/\",\"url\":\"https:\/\/bibliotecas.unileon.es\/tULEctura\/files\/2018\/08\/TULECTURA_LOGO1.png\",\"contentUrl\":\"https:\/\/bibliotecas.unileon.es\/tULEctura\/files\/2018\/08\/TULECTURA_LOGO1.png\",\"width\":\"960\",\"height\":\"258\",\"caption\":\"Universidad de Le\u00f3n\"},\"image\":{\"@id\":\"https:\/\/bibliotecas.unileon.es\/tULEctura\/#\/schema\/logo\/image\/\"},\"sameAs\":[\"https:\/\/www.facebook.com\/tulectura.unileon\/\",\"https:\/\/x.com\/tULEctura_ULE\",\"https:\/\/www.instagram.com\/tulectura.unileon\/\",\"https:\/\/www.pinterest.es\/tulectura\/\",\"https:\/\/www.youtube.com\/channel\/UCoWaDD39lVlAQcOchwlTPVw\"]}]}<\/script>\n<!-- \/ Yoast SEO plugin. -->","yoast_head_json":{"title":"Club de Lectura - tULEctura","robots":{"index":"index","follow":"follow","max-snippet":"max-snippet:-1","max-image-preview":"max-image-preview:large","max-video-preview":"max-video-preview:-1"},"canonical":"https:\/\/bibliotecas.unileon.es\/tULEctura\/pagina-ejemplo\/","og_locale":"es_ES","og_type":"article","og_title":"Club de Lectura - tULEctura","og_description":"El Club de Lectura Universidad de Le\u00f3n propone actividades que no s\u00f3lo est\u00e1n dirigidas al p\u00fablico universitario. La asistencia est\u00e1 abierta a cualquier persona de la sociedad interesada en participar y convertirse en socia. Es gratuita. No hay l\u00edmite de edad ni se exige disponer de ning\u00fan certificado de estudios. Pretendemos reunirnos peri\u00f3dicamente para compartir [&hellip;]","og_url":"https:\/\/bibliotecas.unileon.es\/tULEctura\/pagina-ejemplo\/","og_site_name":"tULEctura","article_publisher":"https:\/\/www.facebook.com\/tulectura.unileon\/","article_modified_time":"2024-09-15T11:53:39+00:00","og_image":[{"url":"https:\/\/bibliotecas.unileon.es\/tULEctura\/files\/2023\/07\/club-de-lectura.jpg","type":"","width":"","height":""}],"twitter_card":"summary_large_image","twitter_site":"@tULEctura_ULE","twitter_misc":{"Tiempo de lectura":"2 minutos"},"schema":{"@context":"https:\/\/schema.org","@graph":[{"@type":"WebPage","@id":"https:\/\/bibliotecas.unileon.es\/tULEctura\/pagina-ejemplo\/","url":"https:\/\/bibliotecas.unileon.es\/tULEctura\/pagina-ejemplo\/","name":"Club de Lectura - tULEctura","isPartOf":{"@id":"https:\/\/bibliotecas.unileon.es\/tULEctura\/#website"},"primaryImageOfPage":{"@id":"https:\/\/bibliotecas.unileon.es\/tULEctura\/pagina-ejemplo\/#primaryimage"},"image":{"@id":"https:\/\/bibliotecas.unileon.es\/tULEctura\/pagina-ejemplo\/#primaryimage"},"thumbnailUrl":"https:\/\/bibliotecas.unileon.es\/tULEctura\/files\/2023\/07\/club-de-lectura.jpg","datePublished":"2013-10-09T04:36:19+00:00","dateModified":"2024-09-15T11:53:39+00:00","breadcrumb":{"@id":"https:\/\/bibliotecas.unileon.es\/tULEctura\/pagina-ejemplo\/#breadcrumb"},"inLanguage":"es","potentialAction":[{"@type":"ReadAction","target":["https:\/\/bibliotecas.unileon.es\/tULEctura\/pagina-ejemplo\/"]}]},{"@type":"ImageObject","inLanguage":"es","@id":"https:\/\/bibliotecas.unileon.es\/tULEctura\/pagina-ejemplo\/#primaryimage","url":"https:\/\/bibliotecas.unileon.es\/tULEctura\/files\/2023\/07\/club-de-lectura-e1756207624931.jpg","contentUrl":"https:\/\/bibliotecas.unileon.es\/tULEctura\/files\/2023\/07\/club-de-lectura-e1756207624931.jpg","width":574,"height":584},{"@type":"BreadcrumbList","@id":"https:\/\/bibliotecas.unileon.es\/tULEctura\/pagina-ejemplo\/#breadcrumb","itemListElement":[{"@type":"ListItem","position":1,"name":"Home","item":"https:\/\/bibliotecas.unileon.es\/tULEctura\/"},{"@type":"ListItem","position":2,"name":"Club de Lectura"}]},{"@type":"WebSite","@id":"https:\/\/bibliotecas.unileon.es\/tULEctura\/#website","url":"https:\/\/bibliotecas.unileon.es\/tULEctura\/","name":"tULEctura","description":"Espacio de la Universidad de Le\u00f3n dedicado a la lectura","publisher":{"@id":"https:\/\/bibliotecas.unileon.es\/tULEctura\/#organization"},"potentialAction":[{"@type":"SearchAction","target":{"@type":"EntryPoint","urlTemplate":"https:\/\/bibliotecas.unileon.es\/tULEctura\/?s={search_term_string}"},"query-input":{"@type":"PropertyValueSpecification","valueRequired":true,"valueName":"search_term_string"}}],"inLanguage":"es"},{"@type":"Organization","@id":"https:\/\/bibliotecas.unileon.es\/tULEctura\/#organization","name":"Universidad de Le\u00f3n","url":"https:\/\/bibliotecas.unileon.es\/tULEctura\/","logo":{"@type":"ImageObject","inLanguage":"es","@id":"https:\/\/bibliotecas.unileon.es\/tULEctura\/#\/schema\/logo\/image\/","url":"https:\/\/bibliotecas.unileon.es\/tULEctura\/files\/2018\/08\/TULECTURA_LOGO1.png","contentUrl":"https:\/\/bibliotecas.unileon.es\/tULEctura\/files\/2018\/08\/TULECTURA_LOGO1.png","width":"960","height":"258","caption":"Universidad de Le\u00f3n"},"image":{"@id":"https:\/\/bibliotecas.unileon.es\/tULEctura\/#\/schema\/logo\/image\/"},"sameAs":["https:\/\/www.facebook.com\/tulectura.unileon\/","https:\/\/x.com\/tULEctura_ULE","https:\/\/www.instagram.com\/tulectura.unileon\/","https:\/\/www.pinterest.es\/tulectura\/","https:\/\/www.youtube.com\/channel\/UCoWaDD39lVlAQcOchwlTPVw"]}]}},"_links":{"self":[{"href":"https:\/\/bibliotecas.unileon.es\/tULEctura\/wp-json\/wp\/v2\/pages\/2","targetHints":{"allow":["GET"]}}],"collection":[{"href":"https:\/\/bibliotecas.unileon.es\/tULEctura\/wp-json\/wp\/v2\/pages"}],"about":[{"href":"https:\/\/bibliotecas.unileon.es\/tULEctura\/wp-json\/wp\/v2\/types\/page"}],"author":[{"embeddable":true,"href":"https:\/\/bibliotecas.unileon.es\/tULEctura\/wp-json\/wp\/v2\/users\/3"}],"replies":[{"embeddable":true,"href":"https:\/\/bibliotecas.unileon.es\/tULEctura\/wp-json\/wp\/v2\/comments?post=2"}],"version-history":[{"count":1,"href":"https:\/\/bibliotecas.unileon.es\/tULEctura\/wp-json\/wp\/v2\/pages\/2\/revisions"}],"predecessor-version":[{"id":4769,"href":"https:\/\/bibliotecas.unileon.es\/tULEctura\/wp-json\/wp\/v2\/pages\/2\/revisions\/4769"}],"wp:attachment":[{"href":"https:\/\/bibliotecas.unileon.es\/tULEctura\/wp-json\/wp\/v2\/media?parent=2"}],"curies":[{"name":"wp","href":"https:\/\/api.w.org\/{rel}","templated":true}]}}