{"id":2400,"date":"2011-07-21T10:30:48","date_gmt":"2011-07-21T08:30:48","guid":{"rendered":"http:\/\/bibliotecas.unileon.es\/tULEctura\/?page_id=2400"},"modified":"2015-06-18T13:59:54","modified_gmt":"2015-06-18T11:59:54","slug":"lectura-1-el-asesino-hipocondriaco","status":"publish","type":"page","link":"https:\/\/bibliotecas.unileon.es\/tULEctura\/pagina-ejemplo\/curso-2014-2015\/lectura-1-el-asesino-hipocondriaco\/","title":{"rendered":"Lectura 1: El asesino hipocondr\u00edaco"},"content":{"rendered":"<p style=\"text-align: justify;\"><span style=\"color: #0000ff;\"><a href=\"http:\/\/catoute.unileon.es\/record=b1731272\" target=\"_blank\"><span style=\"color: #0000ff;\"><strong>El asesino hipocondr\u00edaco<\/strong><\/span><\/a><\/span>, de Juan Jacinto Mu\u00f1oz Rengel<\/p>\n<p style=\"text-align: justify;\"><img loading=\"lazy\" decoding=\"async\" class=\"alignright  wp-image-2404\" src=\"http:\/\/bibliotecas.unileon.es\/tULEctura\/files\/2015\/07\/asesino-hipocondr\u00edaco.jpg\" alt=\"asesino hipocondr\u00edaco\" width=\"238\" height=\"367\" srcset=\"https:\/\/bibliotecas.unileon.es\/tULEctura\/files\/2015\/07\/asesino-hipocondr\u00edaco.jpg 800w, https:\/\/bibliotecas.unileon.es\/tULEctura\/files\/2015\/07\/asesino-hipocondr\u00edaco-194x300.jpg 194w, https:\/\/bibliotecas.unileon.es\/tULEctura\/files\/2015\/07\/asesino-hipocondr\u00edaco-663x1024.jpg 663w, https:\/\/bibliotecas.unileon.es\/tULEctura\/files\/2015\/07\/asesino-hipocondr\u00edaco-624x962.jpg 624w\" sizes=\"auto, (max-width: 238px) 100vw, 238px\" \/><\/p>\n<p style=\"text-align: justify;\">Humor, intriga criminal, y el conocimiento profundo de datos\u00a0<span style=\"color: #2c2b2b;\">\u00a0curiosos sobre \u00a0personajes hist\u00f3ricos se a\u00fanan para dar como resultado una divertida novela negra que es a la vez\u00a0una oda al perdedor y un singular ejercicio metaliterario.<\/span><\/p>\n<p style=\"text-align: justify;\"><strong>Calendario<\/strong><\/p>\n<ul style=\"text-align: justify;\">\n<li><a href=\"http:\/\/bibliotecas.unileon.es\/tULEctura\/2014\/10\/16\/2606\/\" target=\"_blank\">16 de Octubre de 2014: Coloquio participativo de gu\u00eda a la lectura.<\/a><\/li>\n<li><a href=\"http:\/\/bibliotecas.unileon.es\/tULEctura\/2014\/11\/17\/el-asesino-hipocondriaco-encuentro-de-los-socios-con-el-autor\/\" target=\"_blank\">30 de Octubre de 2014: Coloquio participativo de los socios.<\/a><\/li>\n<li><a href=\"https:\/\/videos.unileon.es\/video\/783\" target=\"_blank\">4 de Noviembre de 2014: Encuentro de los socios con Juan Jacinto Mu\u00f1oz Rengel.<\/a><\/li>\n<\/ul>\n<p style=\"text-align: justify;\"><strong>Lugar \u00a0y horario<\/strong><\/p>\n<p style=\"text-align: justify;\">Los encuentros de esta \u00a0lectura tendr\u00e1n lugar en la sala de conferencias de la Biblioteca General San Isidoro a las 19:00 horas.\u00a0<strong>Se ruega puntualidad<\/strong>.<\/p>\n<p style=\"text-align: justify;\"><strong>Sinopsis<\/strong><\/p>\n<p style=\"text-align: justify;\">El se\u00f1or Y. debe cumplir su \u00faltimo encargo como asesino profesional, pero para conseguirlo tendr\u00e1 que superar un grave obst\u00e1culo: no le queda m\u00e1s que un d\u00eda de vida.<\/p>\n<p style=\"text-align: justify;\">En realidad, el asesino a sueldo que responde a las iniciales M.Y. lleva a\u00f1os muri\u00e9ndose, desde el mismo momento en que vino a este mundo. Le persiguen tantas enfermedades que cualquiera podr\u00eda considerarlo un milagro m\u00e9dico. Ahora, por encargo de un cliente que se mantiene en la sombra, debe matar al escurridizo Eduardo Blaisten antes de que le asalte una apoplej\u00eda terminal o una \u00falcera gangrenosa o un empeoramiento de su S\u00edndrome de Espasmo Profesional.<\/p>\n<p style=\"text-align: justify;\">Su incomprensible mala suerte ir\u00e1 frustrando uno tras otro todos sus intentos de homicidio, y estableciendo una m\u00e1gica conexi\u00f3n entre sus propias penalidades y los grandes males f\u00edsicos, psicol\u00f3gicos e imaginarios, que torturaron a Poe, Proust, Voltaire, Tolst\u00f3i, Moli\u00e8re, Kant y al resto de los hipocondr\u00edacos ilustres de la historia de la literatura y el pensamiento.<\/p>\n<p style=\"text-align: justify;\"><span style=\"color: #0000ff;\"><strong><a href=\"http:\/\/www.bic-media.com\/dmrs\/widget.do?bgcolor=000000&amp;layout=singlepage&amp;jumpTo=book&amp;lang=es&amp;widgetSource=http:\/\/libros.juanjacintomunozrengel.com\/search\/label\/Leer%20Asesino&amp;isbn=9788401352256\" target=\"_blank\"><span style=\"color: #0000ff;\"> Puedes empezar a leer el libro\u00a0\u00abEl asesino hipocondr\u00edaco\u00bb\u00a0de Juan Jacinto Mu\u00f1oz Rengel.<\/span><\/a><\/strong><\/span><\/p>\n<p style=\"text-align: justify;\"><strong>El autor<\/strong><\/p>\n<p style=\"color: #222222 !important; text-align: justify;\">Juan Jacinto Mu\u00f1oz Rengel <span style=\"color: #000000;\">\u00a0(M\u00e1laga, 1974)\u00a0<\/span>curs\u00f3 el doctorado en Filosof\u00eda y ha ejercido la docencia tanto en Espa\u00f1a como en el Reino Unido. En 1988\u00a0fund\u00f3 la revista de filosof\u00eda y teor\u00eda de la literatura\u00a0<i>Estigma<\/i>, editada por la\u00a0Diputaci\u00f3n de M\u00e1laga. Ha trabajado como columnista en diversos medios y ha colaborado con varias revistas especializadas. En la actualidad es profesor de la escuela de escritura creativa \u00a0<span style=\"color: #0000ff;\"><a href=\"http:\/\/www.fuentetajaliteraria.com\/index.html\" target=\"_blank\"><span style=\"color: #0000ff;\">Fuentetaja<\/span><\/a><\/span>\u00a0\u00a0de y dirige el programa <span style=\"color: #0000ff;\"><a href=\"http:\/\/www.rtve.es\/alacarta\/audios\/literatura-en-breve\/\" target=\"_blank\"><span style=\"color: #0000ff;\">\u00abLiteratura en Breve\u00bb <\/span><\/a><\/span>de\u00a0Radio Nacional de Espa\u00f1a, Radio 5, y la secci\u00f3n de relato corto del m\u00edtico programa \u00abEl Ojo Cr\u00edtico\u00bb, Radio 1.<\/p>\n<p style=\"color: #222222 !important; text-align: justify;\">Es autor de las novelas\u00a0<span style=\"color: #0000ff;\"><a href=\"&lt;a%20href=&quot;http:\/\/www.bic-media.com\/dmrs\/widget.do?bgcolor=000000&amp;layout=singlepage&amp;jumpTo=book&amp;zoom=150&amp;lang=es&amp;widgetSource=http:\/\/libros.juanjacintomunozrengel.com\/search\/label\/Leer%20El%20sue%C3%B1o%20del%20otro&amp;isbn=9788401353574&quot; target=&quot;_blank&quot;&gt;lee en el libro: Juan Jacinto Mu\u00f1oz Rengel - El sue\u00f1o del otro&lt;\/a&gt;\" target=\"_blank\"><span style=\"color: #0000ff;\">El sue\u00f1o del otro<\/span><\/a><\/span>\u00a0(2013) y\u00a0El asesino hipocondr\u00edaco\u00a0(2012), de la colecci\u00f3n de microrrelatos\u00a0El libro de los peque\u00f1os milagros\u00a0(2013), del relato largo\u00a0<span style=\"color: #0000ff;\"><a href=\"http:\/\/books.google.es\/books?id=QOke6vtmVooC&amp;lpg=PT2&amp;hl=es&amp;pg=PT2#v=onepage&amp;q&amp;f=false\" target=\"_blank\"><span style=\"color: #0000ff;\">Pink<\/span><\/a><\/span>\u00a0( 2012) y de los libros de cuentos\u00a0<span style=\"color: #0000ff;\"><a href=\"http:\/\/catoute.unileon.es\/record=b1735193\" target=\"_blank\"><span style=\"color: #0000ff;\">De mec\u00e1nica y alquimia<\/span><\/a><\/span>\u00a0(2009) y\u00a0<span style=\"color: #0000ff;\"><a href=\"http:\/\/catoute.unileon.es\/record=b1731274\" target=\"_blank\"><span style=\"color: #0000ff;\">88 Mill Lane<\/span><\/a><\/span>\u00a0(2006). Adem\u00e1s, ha coordinado y prologado las antolog\u00edas de narrativa breve\u00a0La realidad quebradiza\u00a0(2012),\u00a0<span style=\"color: #0000ff;\"><a href=\"http:\/\/catoute.unileon.es\/record=b1735161\" target=\"_blank\"><span style=\"color: #0000ff;\">Perturbaciones<\/span><\/a><\/span>\u00a0(2009) y\u00a0<span style=\"color: #0000ff;\"><a href=\"http:\/\/catoute.unileon.es\/record=b1731273\" target=\"_blank\"><span style=\"color: #0000ff;\">Ficci\u00f3n Sur<\/span><\/a><\/span>\u00a0(2008).<\/p>\n<p style=\"color: #222222 !important; text-align: justify;\"><span lang=\"ES-TRAD\" style=\"color: #000000;\">Como autor de relato ha recibido m\u00e1s de cincuenta premios nacionales e internacionales y ha sido incluido en las tres antolog\u00edas de referencia de su generaci\u00f3n: <span style=\"color: #0000ff;\"><a href=\"http:\/\/catoute.unileon.es\/record=b1774686\" target=\"_blank\"><span style=\"color: #0000ff;\">Cuento espa\u00f1ol actual<\/span><\/a><\/span>\u00a0<\/span><span style=\"color: #000000;\">(Editorial C\u00e1tedra), <a href=\"http:\/\/paginasdeespuma.com\/catalogo\/pequenas-resistencias\/\" target=\"_blank\"><span style=\"color: #0000ff;\">Peque\u00f1as Resistencias. Antolog\u00eda del nuevo cuento espa\u00f1ol<\/span> <\/a><\/span><span style=\"color: #000000;\">(P\u00e1ginas de Espuma) y <span style=\"color: #0000ff;\"><a href=\"http:\/\/www.elboomeran.com\/upload\/ficheros\/obras\/siglo_xxi._los_nuevos_nombres_del_cuento_espaol_actual.pdf\" class=\"mtli_attachment mtli_pdf\"><span style=\"color: #0000ff;\">Siglo XXI. Los nuevos nombres del cuento espa\u00f1ol<\/span><\/a><\/span><\/span><span style=\"color: #000000;\">\u00a0(Menoscuarto).\u00a0<\/span><\/p>\n<p>&nbsp;<\/p>\n","protected":false},"excerpt":{"rendered":"<p>El asesino hipocondr\u00edaco, de Juan Jacinto Mu\u00f1oz Rengel Humor, intriga criminal, y el conocimiento profundo de datos\u00a0\u00a0curiosos sobre \u00a0personajes hist\u00f3ricos se a\u00fanan para dar como resultado una divertida novela negra que es a la vez\u00a0una oda al perdedor y un singular ejercicio metaliterario. Calendario 16 de Octubre de 2014: Coloquio participativo de gu\u00eda a la [&hellip;]<\/p>\n","protected":false},"author":73,"featured_media":0,"parent":2424,"menu_order":1,"comment_status":"open","ping_status":"closed","template":"","meta":{"_bbp_topic_count":0,"_bbp_reply_count":0,"_bbp_total_topic_count":0,"_bbp_total_reply_count":0,"_bbp_voice_count":0,"_bbp_anonymous_reply_count":0,"_bbp_topic_count_hidden":0,"_bbp_reply_count_hidden":0,"_bbp_forum_subforum_count":0,"_monsterinsights_skip_tracking":false,"_monsterinsights_sitenote_active":false,"_monsterinsights_sitenote_note":"","_monsterinsights_sitenote_category":0,"footnotes":""},"class_list":["post-2400","page","type-page","status-publish","hentry"],"yoast_head":"<!-- This site is optimized with the Yoast SEO plugin v25.8 - https:\/\/yoast.com\/wordpress\/plugins\/seo\/ -->\n<title>Lectura 1: El asesino hipocondr\u00edaco - tULEctura<\/title>\n<meta name=\"robots\" content=\"index, follow, max-snippet:-1, max-image-preview:large, max-video-preview:-1\" \/>\n<link rel=\"canonical\" href=\"https:\/\/bibliotecas.unileon.es\/tULEctura\/pagina-ejemplo\/curso-2014-2015\/lectura-1-el-asesino-hipocondriaco\/\" \/>\n<meta property=\"og:locale\" content=\"es_ES\" \/>\n<meta property=\"og:type\" content=\"article\" \/>\n<meta property=\"og:title\" content=\"Lectura 1: El asesino hipocondr\u00edaco - tULEctura\" \/>\n<meta property=\"og:description\" content=\"El asesino hipocondr\u00edaco, de Juan Jacinto Mu\u00f1oz Rengel Humor, intriga criminal, y el conocimiento profundo de datos\u00a0\u00a0curiosos sobre \u00a0personajes hist\u00f3ricos se a\u00fanan para dar como resultado una divertida novela negra que es a la vez\u00a0una oda al perdedor y un singular ejercicio metaliterario. Calendario 16 de Octubre de 2014: Coloquio participativo de gu\u00eda a la [&hellip;]\" \/>\n<meta property=\"og:url\" content=\"https:\/\/bibliotecas.unileon.es\/tULEctura\/pagina-ejemplo\/curso-2014-2015\/lectura-1-el-asesino-hipocondriaco\/\" \/>\n<meta property=\"og:site_name\" content=\"tULEctura\" \/>\n<meta property=\"article:publisher\" content=\"https:\/\/www.facebook.com\/tulectura.unileon\/\" \/>\n<meta property=\"article:modified_time\" content=\"2015-06-18T11:59:54+00:00\" \/>\n<meta name=\"twitter:card\" content=\"summary_large_image\" \/>\n<meta name=\"twitter:site\" content=\"@tULEctura_ULE\" \/>\n<meta name=\"twitter:label1\" content=\"Tiempo de lectura\" \/>\n\t<meta name=\"twitter:data1\" content=\"3 minutos\" \/>\n<script type=\"application\/ld+json\" class=\"yoast-schema-graph\">{\"@context\":\"https:\/\/schema.org\",\"@graph\":[{\"@type\":\"WebPage\",\"@id\":\"https:\/\/bibliotecas.unileon.es\/tULEctura\/pagina-ejemplo\/curso-2014-2015\/lectura-1-el-asesino-hipocondriaco\/\",\"url\":\"https:\/\/bibliotecas.unileon.es\/tULEctura\/pagina-ejemplo\/curso-2014-2015\/lectura-1-el-asesino-hipocondriaco\/\",\"name\":\"Lectura 1: El asesino hipocondr\u00edaco - tULEctura\",\"isPartOf\":{\"@id\":\"https:\/\/bibliotecas.unileon.es\/tULEctura\/#website\"},\"datePublished\":\"2011-07-21T08:30:48+00:00\",\"dateModified\":\"2015-06-18T11:59:54+00:00\",\"breadcrumb\":{\"@id\":\"https:\/\/bibliotecas.unileon.es\/tULEctura\/pagina-ejemplo\/curso-2014-2015\/lectura-1-el-asesino-hipocondriaco\/#breadcrumb\"},\"inLanguage\":\"es\",\"potentialAction\":[{\"@type\":\"ReadAction\",\"target\":[\"https:\/\/bibliotecas.unileon.es\/tULEctura\/pagina-ejemplo\/curso-2014-2015\/lectura-1-el-asesino-hipocondriaco\/\"]}]},{\"@type\":\"BreadcrumbList\",\"@id\":\"https:\/\/bibliotecas.unileon.es\/tULEctura\/pagina-ejemplo\/curso-2014-2015\/lectura-1-el-asesino-hipocondriaco\/#breadcrumb\",\"itemListElement\":[{\"@type\":\"ListItem\",\"position\":1,\"name\":\"Home\",\"item\":\"https:\/\/bibliotecas.unileon.es\/tULEctura\/\"},{\"@type\":\"ListItem\",\"position\":2,\"name\":\"Club de Lectura\",\"item\":\"https:\/\/bibliotecas.unileon.es\/tULEctura\/pagina-ejemplo\/\"},{\"@type\":\"ListItem\",\"position\":3,\"name\":\"Curso 2014-2015\",\"item\":\"https:\/\/bibliotecas.unileon.es\/tULEctura\/pagina-ejemplo\/curso-2014-2015\/\"},{\"@type\":\"ListItem\",\"position\":4,\"name\":\"Lectura 1: El asesino hipocondr\u00edaco\"}]},{\"@type\":\"WebSite\",\"@id\":\"https:\/\/bibliotecas.unileon.es\/tULEctura\/#website\",\"url\":\"https:\/\/bibliotecas.unileon.es\/tULEctura\/\",\"name\":\"tULEctura\",\"description\":\"Espacio de la Universidad de Le\u00f3n dedicado a la lectura\",\"publisher\":{\"@id\":\"https:\/\/bibliotecas.unileon.es\/tULEctura\/#organization\"},\"potentialAction\":[{\"@type\":\"SearchAction\",\"target\":{\"@type\":\"EntryPoint\",\"urlTemplate\":\"https:\/\/bibliotecas.unileon.es\/tULEctura\/?s={search_term_string}\"},\"query-input\":{\"@type\":\"PropertyValueSpecification\",\"valueRequired\":true,\"valueName\":\"search_term_string\"}}],\"inLanguage\":\"es\"},{\"@type\":\"Organization\",\"@id\":\"https:\/\/bibliotecas.unileon.es\/tULEctura\/#organization\",\"name\":\"Universidad de Le\u00f3n\",\"url\":\"https:\/\/bibliotecas.unileon.es\/tULEctura\/\",\"logo\":{\"@type\":\"ImageObject\",\"inLanguage\":\"es\",\"@id\":\"https:\/\/bibliotecas.unileon.es\/tULEctura\/#\/schema\/logo\/image\/\",\"url\":\"https:\/\/bibliotecas.unileon.es\/tULEctura\/files\/2018\/08\/TULECTURA_LOGO1.png\",\"contentUrl\":\"https:\/\/bibliotecas.unileon.es\/tULEctura\/files\/2018\/08\/TULECTURA_LOGO1.png\",\"width\":\"960\",\"height\":\"258\",\"caption\":\"Universidad de Le\u00f3n\"},\"image\":{\"@id\":\"https:\/\/bibliotecas.unileon.es\/tULEctura\/#\/schema\/logo\/image\/\"},\"sameAs\":[\"https:\/\/www.facebook.com\/tulectura.unileon\/\",\"https:\/\/x.com\/tULEctura_ULE\",\"https:\/\/www.instagram.com\/tulectura.unileon\/\",\"https:\/\/www.pinterest.es\/tulectura\/\",\"https:\/\/www.youtube.com\/channel\/UCoWaDD39lVlAQcOchwlTPVw\"]}]}<\/script>\n<!-- \/ Yoast SEO plugin. -->","yoast_head_json":{"title":"Lectura 1: El asesino hipocondr\u00edaco - tULEctura","robots":{"index":"index","follow":"follow","max-snippet":"max-snippet:-1","max-image-preview":"max-image-preview:large","max-video-preview":"max-video-preview:-1"},"canonical":"https:\/\/bibliotecas.unileon.es\/tULEctura\/pagina-ejemplo\/curso-2014-2015\/lectura-1-el-asesino-hipocondriaco\/","og_locale":"es_ES","og_type":"article","og_title":"Lectura 1: El asesino hipocondr\u00edaco - tULEctura","og_description":"El asesino hipocondr\u00edaco, de Juan Jacinto Mu\u00f1oz Rengel Humor, intriga criminal, y el conocimiento profundo de datos\u00a0\u00a0curiosos sobre \u00a0personajes hist\u00f3ricos se a\u00fanan para dar como resultado una divertida novela negra que es a la vez\u00a0una oda al perdedor y un singular ejercicio metaliterario. Calendario 16 de Octubre de 2014: Coloquio participativo de gu\u00eda a la [&hellip;]","og_url":"https:\/\/bibliotecas.unileon.es\/tULEctura\/pagina-ejemplo\/curso-2014-2015\/lectura-1-el-asesino-hipocondriaco\/","og_site_name":"tULEctura","article_publisher":"https:\/\/www.facebook.com\/tulectura.unileon\/","article_modified_time":"2015-06-18T11:59:54+00:00","twitter_card":"summary_large_image","twitter_site":"@tULEctura_ULE","twitter_misc":{"Tiempo de lectura":"3 minutos"},"schema":{"@context":"https:\/\/schema.org","@graph":[{"@type":"WebPage","@id":"https:\/\/bibliotecas.unileon.es\/tULEctura\/pagina-ejemplo\/curso-2014-2015\/lectura-1-el-asesino-hipocondriaco\/","url":"https:\/\/bibliotecas.unileon.es\/tULEctura\/pagina-ejemplo\/curso-2014-2015\/lectura-1-el-asesino-hipocondriaco\/","name":"Lectura 1: El asesino hipocondr\u00edaco - tULEctura","isPartOf":{"@id":"https:\/\/bibliotecas.unileon.es\/tULEctura\/#website"},"datePublished":"2011-07-21T08:30:48+00:00","dateModified":"2015-06-18T11:59:54+00:00","breadcrumb":{"@id":"https:\/\/bibliotecas.unileon.es\/tULEctura\/pagina-ejemplo\/curso-2014-2015\/lectura-1-el-asesino-hipocondriaco\/#breadcrumb"},"inLanguage":"es","potentialAction":[{"@type":"ReadAction","target":["https:\/\/bibliotecas.unileon.es\/tULEctura\/pagina-ejemplo\/curso-2014-2015\/lectura-1-el-asesino-hipocondriaco\/"]}]},{"@type":"BreadcrumbList","@id":"https:\/\/bibliotecas.unileon.es\/tULEctura\/pagina-ejemplo\/curso-2014-2015\/lectura-1-el-asesino-hipocondriaco\/#breadcrumb","itemListElement":[{"@type":"ListItem","position":1,"name":"Home","item":"https:\/\/bibliotecas.unileon.es\/tULEctura\/"},{"@type":"ListItem","position":2,"name":"Club de Lectura","item":"https:\/\/bibliotecas.unileon.es\/tULEctura\/pagina-ejemplo\/"},{"@type":"ListItem","position":3,"name":"Curso 2014-2015","item":"https:\/\/bibliotecas.unileon.es\/tULEctura\/pagina-ejemplo\/curso-2014-2015\/"},{"@type":"ListItem","position":4,"name":"Lectura 1: El asesino hipocondr\u00edaco"}]},{"@type":"WebSite","@id":"https:\/\/bibliotecas.unileon.es\/tULEctura\/#website","url":"https:\/\/bibliotecas.unileon.es\/tULEctura\/","name":"tULEctura","description":"Espacio de la Universidad de Le\u00f3n dedicado a la lectura","publisher":{"@id":"https:\/\/bibliotecas.unileon.es\/tULEctura\/#organization"},"potentialAction":[{"@type":"SearchAction","target":{"@type":"EntryPoint","urlTemplate":"https:\/\/bibliotecas.unileon.es\/tULEctura\/?s={search_term_string}"},"query-input":{"@type":"PropertyValueSpecification","valueRequired":true,"valueName":"search_term_string"}}],"inLanguage":"es"},{"@type":"Organization","@id":"https:\/\/bibliotecas.unileon.es\/tULEctura\/#organization","name":"Universidad de Le\u00f3n","url":"https:\/\/bibliotecas.unileon.es\/tULEctura\/","logo":{"@type":"ImageObject","inLanguage":"es","@id":"https:\/\/bibliotecas.unileon.es\/tULEctura\/#\/schema\/logo\/image\/","url":"https:\/\/bibliotecas.unileon.es\/tULEctura\/files\/2018\/08\/TULECTURA_LOGO1.png","contentUrl":"https:\/\/bibliotecas.unileon.es\/tULEctura\/files\/2018\/08\/TULECTURA_LOGO1.png","width":"960","height":"258","caption":"Universidad de Le\u00f3n"},"image":{"@id":"https:\/\/bibliotecas.unileon.es\/tULEctura\/#\/schema\/logo\/image\/"},"sameAs":["https:\/\/www.facebook.com\/tulectura.unileon\/","https:\/\/x.com\/tULEctura_ULE","https:\/\/www.instagram.com\/tulectura.unileon\/","https:\/\/www.pinterest.es\/tulectura\/","https:\/\/www.youtube.com\/channel\/UCoWaDD39lVlAQcOchwlTPVw"]}]}},"_links":{"self":[{"href":"https:\/\/bibliotecas.unileon.es\/tULEctura\/wp-json\/wp\/v2\/pages\/2400","targetHints":{"allow":["GET"]}}],"collection":[{"href":"https:\/\/bibliotecas.unileon.es\/tULEctura\/wp-json\/wp\/v2\/pages"}],"about":[{"href":"https:\/\/bibliotecas.unileon.es\/tULEctura\/wp-json\/wp\/v2\/types\/page"}],"author":[{"embeddable":true,"href":"https:\/\/bibliotecas.unileon.es\/tULEctura\/wp-json\/wp\/v2\/users\/73"}],"replies":[{"embeddable":true,"href":"https:\/\/bibliotecas.unileon.es\/tULEctura\/wp-json\/wp\/v2\/comments?post=2400"}],"version-history":[{"count":1,"href":"https:\/\/bibliotecas.unileon.es\/tULEctura\/wp-json\/wp\/v2\/pages\/2400\/revisions"}],"predecessor-version":[{"id":2403,"href":"https:\/\/bibliotecas.unileon.es\/tULEctura\/wp-json\/wp\/v2\/pages\/2400\/revisions\/2403"}],"up":[{"embeddable":true,"href":"https:\/\/bibliotecas.unileon.es\/tULEctura\/wp-json\/wp\/v2\/pages\/2424"}],"wp:attachment":[{"href":"https:\/\/bibliotecas.unileon.es\/tULEctura\/wp-json\/wp\/v2\/media?parent=2400"}],"curies":[{"name":"wp","href":"https:\/\/api.w.org\/{rel}","templated":true}]}}