{"id":2405,"date":"2011-07-21T10:30:19","date_gmt":"2011-07-21T08:30:19","guid":{"rendered":"http:\/\/bibliotecas.unileon.es\/tULEctura\/?page_id=2405"},"modified":"2015-06-18T14:00:15","modified_gmt":"2015-06-18T12:00:15","slug":"lectura-2-una-manada-de-nus","status":"publish","type":"page","link":"https:\/\/bibliotecas.unileon.es\/tULEctura\/pagina-ejemplo\/curso-2014-2015\/lectura-2-una-manada-de-nus\/","title":{"rendered":"Lectura 2: Una manada de \u00f1us."},"content":{"rendered":"<p><a href=\"http:\/\/catoute.unileon.es\/record=b1787835\" target=\"_blank\"><strong>Una manada de \u00f1us,<\/strong><\/a> de Juan Bonilla.<\/p>\n<p style=\"text-align: justify;\"><span style=\"color: #2e2e2e;\"><em>Los \u00f1us de Juan Bonilla somos todos, la <a href=\"http:\/\/bibliotecas.unileon.es\/tULEctura\/files\/2015\/07\/\u00f1us-bonilla.jpg\"><img loading=\"lazy\" decoding=\"async\" class=\"alignright  wp-image-2409\" src=\"http:\/\/bibliotecas.unileon.es\/tULEctura\/files\/2015\/07\/\u00f1us-bonilla.jpg\" alt=\"\u00f1us bonilla\" width=\"222\" height=\"370\" srcset=\"https:\/\/bibliotecas.unileon.es\/tULEctura\/files\/2015\/07\/\u00f1us-bonilla.jpg 360w, https:\/\/bibliotecas.unileon.es\/tULEctura\/files\/2015\/07\/\u00f1us-bonilla-180x300.jpg 180w\" sizes=\"auto, (max-width: 222px) 100vw, 222px\" \/><\/a>manada de individuos que diariamente cruzamos el r\u00edo de la vida que nos aboca al mar manrique\u00f1o. Y a nosotros, para aprendernos, nos reflejan mucho mejor que los espejos esos otros \u00f1us que son los personajes que habitan los libros que leemos<\/em>. (Lale Gonz\u00e1lez Cota en El placer de la lectura)<\/span><\/p>\n<p><strong>Calendario<\/strong><\/p>\n<ul>\n<li><a href=\"http:\/\/bibliotecas.unileon.es\/tULEctura\/2014\/11\/20\/nus\/\" target=\"_blank\">20 de Noviembre de 2014: Coloquio participativo de gu\u00eda a la lectura.<\/a><\/li>\n<li><a href=\"http:\/\/bibliotecas.unileon.es\/tULEctura\/2014\/12\/04\/una-manada-de-nus-coloquio-participativo-de-los-socios\/\">4 de Diciembre de 2014: Coloquio participativo de los socios.<\/a><\/li>\n<li><a href=\"http:\/\/bibliotecas.unileon.es\/tULEctura\/2014\/12\/18\/2837\/\" target=\"_blank\"><strong>16 de Diciembre<\/strong> de 2014: Encuentro de los socios con Juan Bonilla. (\u00a1Atenci\u00f3n al cambio de fecha!)<\/a><\/li>\n<\/ul>\n<p><strong>Lugar \u00a0y horario<\/strong><\/p>\n<p>Los encuentros de esta \u00a0lectura tendr\u00e1n lugar en la sala de conferencias de la Biblioteca General San Isidoro a las 19:00 horas.\u00a0<strong>Se ruega puntualidad.<\/strong><\/p>\n<p><strong>Sinopsis<\/strong><\/p>\n<p style=\"text-align: justify;\"><span style=\"color: #000000;\">Todos hemos visto ese documental en el que los \u00f1us migran en pos de pastos y son obligados a cruzar un r\u00edo infestado de cocodrilos. La manada pasa cada a\u00f1o, no sin dejar atr\u00e1s a unos cuantos componentes: gracias a esas v\u00edctimas, que entretienen el hambre de los cocodrilos, la manada puede seguir adelante. As\u00ed, tambi\u00e9n, los protagonistas de este libro: \u00f1us que tienen que enfrentarse a una charca infestada de cocodrilos sin saber si ser\u00e1n ellos los sacrificados para que la manada pase. Muchos de ellos son adultos visitados por el adolescente que fueron. Mirada desde lejos, nunca contada <em>in situ<\/em>, la adolescencia de los personajes de esta manada se puede reflejar en ambiciones que no tendr\u00e1n m\u00e1s remedio que ser incumplidas \u2013una lista de deseos, enamorar a una estrella de cine- o en logros que tardan demasiado en llegar, cuando ya no son m\u00e1s que una c\u00e1ndida celebraci\u00f3n que multiplica la nostalgia \u2013el ascenso de un equipo peque\u00f1o a primera divisi\u00f3n, la venganza con la que se le quiere devolver una grandeza inconquistable a un poeta menor-. Los maximalismos propios de la adolescencia son aqu\u00ed corregidos por la mirada narradora, siempre situada ya en un lugar desde el que se sabe que aquel para\u00edso perdido no fue nunca un para\u00edso y permanece con tal fuerza en nuestros adentros que tampoco ser\u00e1 nunca perdido. La agon\u00eda de una madre en un hospital, la relaci\u00f3n con un padre a trav\u00e9s de los fracasos de un equipo de f\u00fatbol, las tablas que le hace un chico a Bobby Fischer en una partida simult\u00e1nea, el olvido del pin de una tarjeta de cr\u00e9dito, el llanto de un beb\u00e9 en el piso de los vecinos, son algunos de los puntos de partida desde los que los \u00f1us que protagonizan estos relatos tratan de pasar la terrible charca infestada de cocodrilos.<\/span><\/p>\n<p style=\"text-align: justify;\"><span style=\"color: #0000ff;\"><a href=\"http:\/\/www.pre-textos.com\/capitulos\/9788415576617_Unamanadadenus.pdf\" class=\"mtli_attachment mtli_pdf\" target=\"_blank\"><span style=\"color: #0000ff;\"><strong>Puedes empezar a leer el libro Una manada de \u00f1us, de Juan Bonilla.\u00a0<\/strong><\/span><\/a><\/span><\/p>\n<p style=\"text-align: justify;\">\n","protected":false},"excerpt":{"rendered":"<p>Una manada de \u00f1us, de Juan Bonilla. Los \u00f1us de Juan Bonilla somos todos, la manada de individuos que diariamente cruzamos el r\u00edo de la vida que nos aboca al mar manrique\u00f1o. Y a nosotros, para aprendernos, nos reflejan mucho mejor que los espejos esos otros \u00f1us que son los personajes que habitan los libros [&hellip;]<\/p>\n","protected":false},"author":73,"featured_media":0,"parent":2424,"menu_order":2,"comment_status":"open","ping_status":"closed","template":"","meta":{"_bbp_topic_count":0,"_bbp_reply_count":0,"_bbp_total_topic_count":0,"_bbp_total_reply_count":0,"_bbp_voice_count":0,"_bbp_anonymous_reply_count":0,"_bbp_topic_count_hidden":0,"_bbp_reply_count_hidden":0,"_bbp_forum_subforum_count":0,"_monsterinsights_skip_tracking":false,"_monsterinsights_sitenote_active":false,"_monsterinsights_sitenote_note":"","_monsterinsights_sitenote_category":0,"footnotes":""},"class_list":["post-2405","page","type-page","status-publish","hentry"],"yoast_head":"<!-- This site is optimized with the Yoast SEO plugin v25.8 - https:\/\/yoast.com\/wordpress\/plugins\/seo\/ -->\n<title>Lectura 2: Una manada de \u00f1us. - tULEctura<\/title>\n<meta name=\"robots\" content=\"index, follow, max-snippet:-1, max-image-preview:large, max-video-preview:-1\" \/>\n<link rel=\"canonical\" href=\"https:\/\/bibliotecas.unileon.es\/tULEctura\/pagina-ejemplo\/curso-2014-2015\/lectura-2-una-manada-de-nus\/\" \/>\n<meta property=\"og:locale\" content=\"es_ES\" \/>\n<meta property=\"og:type\" content=\"article\" \/>\n<meta property=\"og:title\" content=\"Lectura 2: Una manada de \u00f1us. - tULEctura\" \/>\n<meta property=\"og:description\" content=\"Una manada de \u00f1us, de Juan Bonilla. Los \u00f1us de Juan Bonilla somos todos, la manada de individuos que diariamente cruzamos el r\u00edo de la vida que nos aboca al mar manrique\u00f1o. Y a nosotros, para aprendernos, nos reflejan mucho mejor que los espejos esos otros \u00f1us que son los personajes que habitan los libros [&hellip;]\" \/>\n<meta property=\"og:url\" content=\"https:\/\/bibliotecas.unileon.es\/tULEctura\/pagina-ejemplo\/curso-2014-2015\/lectura-2-una-manada-de-nus\/\" \/>\n<meta property=\"og:site_name\" content=\"tULEctura\" \/>\n<meta property=\"article:publisher\" content=\"https:\/\/www.facebook.com\/tulectura.unileon\/\" \/>\n<meta property=\"article:modified_time\" content=\"2015-06-18T12:00:15+00:00\" \/>\n<meta name=\"twitter:card\" content=\"summary_large_image\" \/>\n<meta name=\"twitter:site\" content=\"@tULEctura_ULE\" \/>\n<meta name=\"twitter:label1\" content=\"Tiempo de lectura\" \/>\n\t<meta name=\"twitter:data1\" content=\"2 minutos\" \/>\n<script type=\"application\/ld+json\" class=\"yoast-schema-graph\">{\"@context\":\"https:\/\/schema.org\",\"@graph\":[{\"@type\":\"WebPage\",\"@id\":\"https:\/\/bibliotecas.unileon.es\/tULEctura\/pagina-ejemplo\/curso-2014-2015\/lectura-2-una-manada-de-nus\/\",\"url\":\"https:\/\/bibliotecas.unileon.es\/tULEctura\/pagina-ejemplo\/curso-2014-2015\/lectura-2-una-manada-de-nus\/\",\"name\":\"Lectura 2: Una manada de \u00f1us. - tULEctura\",\"isPartOf\":{\"@id\":\"https:\/\/bibliotecas.unileon.es\/tULEctura\/#website\"},\"datePublished\":\"2011-07-21T08:30:19+00:00\",\"dateModified\":\"2015-06-18T12:00:15+00:00\",\"breadcrumb\":{\"@id\":\"https:\/\/bibliotecas.unileon.es\/tULEctura\/pagina-ejemplo\/curso-2014-2015\/lectura-2-una-manada-de-nus\/#breadcrumb\"},\"inLanguage\":\"es\",\"potentialAction\":[{\"@type\":\"ReadAction\",\"target\":[\"https:\/\/bibliotecas.unileon.es\/tULEctura\/pagina-ejemplo\/curso-2014-2015\/lectura-2-una-manada-de-nus\/\"]}]},{\"@type\":\"BreadcrumbList\",\"@id\":\"https:\/\/bibliotecas.unileon.es\/tULEctura\/pagina-ejemplo\/curso-2014-2015\/lectura-2-una-manada-de-nus\/#breadcrumb\",\"itemListElement\":[{\"@type\":\"ListItem\",\"position\":1,\"name\":\"Home\",\"item\":\"https:\/\/bibliotecas.unileon.es\/tULEctura\/\"},{\"@type\":\"ListItem\",\"position\":2,\"name\":\"Club de Lectura\",\"item\":\"https:\/\/bibliotecas.unileon.es\/tULEctura\/pagina-ejemplo\/\"},{\"@type\":\"ListItem\",\"position\":3,\"name\":\"Curso 2014-2015\",\"item\":\"https:\/\/bibliotecas.unileon.es\/tULEctura\/pagina-ejemplo\/curso-2014-2015\/\"},{\"@type\":\"ListItem\",\"position\":4,\"name\":\"Lectura 2: Una manada de \u00f1us.\"}]},{\"@type\":\"WebSite\",\"@id\":\"https:\/\/bibliotecas.unileon.es\/tULEctura\/#website\",\"url\":\"https:\/\/bibliotecas.unileon.es\/tULEctura\/\",\"name\":\"tULEctura\",\"description\":\"Espacio de la Universidad de Le\u00f3n dedicado a la lectura\",\"publisher\":{\"@id\":\"https:\/\/bibliotecas.unileon.es\/tULEctura\/#organization\"},\"potentialAction\":[{\"@type\":\"SearchAction\",\"target\":{\"@type\":\"EntryPoint\",\"urlTemplate\":\"https:\/\/bibliotecas.unileon.es\/tULEctura\/?s={search_term_string}\"},\"query-input\":{\"@type\":\"PropertyValueSpecification\",\"valueRequired\":true,\"valueName\":\"search_term_string\"}}],\"inLanguage\":\"es\"},{\"@type\":\"Organization\",\"@id\":\"https:\/\/bibliotecas.unileon.es\/tULEctura\/#organization\",\"name\":\"Universidad de Le\u00f3n\",\"url\":\"https:\/\/bibliotecas.unileon.es\/tULEctura\/\",\"logo\":{\"@type\":\"ImageObject\",\"inLanguage\":\"es\",\"@id\":\"https:\/\/bibliotecas.unileon.es\/tULEctura\/#\/schema\/logo\/image\/\",\"url\":\"https:\/\/bibliotecas.unileon.es\/tULEctura\/files\/2018\/08\/TULECTURA_LOGO1.png\",\"contentUrl\":\"https:\/\/bibliotecas.unileon.es\/tULEctura\/files\/2018\/08\/TULECTURA_LOGO1.png\",\"width\":\"960\",\"height\":\"258\",\"caption\":\"Universidad de Le\u00f3n\"},\"image\":{\"@id\":\"https:\/\/bibliotecas.unileon.es\/tULEctura\/#\/schema\/logo\/image\/\"},\"sameAs\":[\"https:\/\/www.facebook.com\/tulectura.unileon\/\",\"https:\/\/x.com\/tULEctura_ULE\",\"https:\/\/www.instagram.com\/tulectura.unileon\/\",\"https:\/\/www.pinterest.es\/tulectura\/\",\"https:\/\/www.youtube.com\/channel\/UCoWaDD39lVlAQcOchwlTPVw\"]}]}<\/script>\n<!-- \/ Yoast SEO plugin. -->","yoast_head_json":{"title":"Lectura 2: Una manada de \u00f1us. - tULEctura","robots":{"index":"index","follow":"follow","max-snippet":"max-snippet:-1","max-image-preview":"max-image-preview:large","max-video-preview":"max-video-preview:-1"},"canonical":"https:\/\/bibliotecas.unileon.es\/tULEctura\/pagina-ejemplo\/curso-2014-2015\/lectura-2-una-manada-de-nus\/","og_locale":"es_ES","og_type":"article","og_title":"Lectura 2: Una manada de \u00f1us. - tULEctura","og_description":"Una manada de \u00f1us, de Juan Bonilla. Los \u00f1us de Juan Bonilla somos todos, la manada de individuos que diariamente cruzamos el r\u00edo de la vida que nos aboca al mar manrique\u00f1o. Y a nosotros, para aprendernos, nos reflejan mucho mejor que los espejos esos otros \u00f1us que son los personajes que habitan los libros [&hellip;]","og_url":"https:\/\/bibliotecas.unileon.es\/tULEctura\/pagina-ejemplo\/curso-2014-2015\/lectura-2-una-manada-de-nus\/","og_site_name":"tULEctura","article_publisher":"https:\/\/www.facebook.com\/tulectura.unileon\/","article_modified_time":"2015-06-18T12:00:15+00:00","twitter_card":"summary_large_image","twitter_site":"@tULEctura_ULE","twitter_misc":{"Tiempo de lectura":"2 minutos"},"schema":{"@context":"https:\/\/schema.org","@graph":[{"@type":"WebPage","@id":"https:\/\/bibliotecas.unileon.es\/tULEctura\/pagina-ejemplo\/curso-2014-2015\/lectura-2-una-manada-de-nus\/","url":"https:\/\/bibliotecas.unileon.es\/tULEctura\/pagina-ejemplo\/curso-2014-2015\/lectura-2-una-manada-de-nus\/","name":"Lectura 2: Una manada de \u00f1us. - tULEctura","isPartOf":{"@id":"https:\/\/bibliotecas.unileon.es\/tULEctura\/#website"},"datePublished":"2011-07-21T08:30:19+00:00","dateModified":"2015-06-18T12:00:15+00:00","breadcrumb":{"@id":"https:\/\/bibliotecas.unileon.es\/tULEctura\/pagina-ejemplo\/curso-2014-2015\/lectura-2-una-manada-de-nus\/#breadcrumb"},"inLanguage":"es","potentialAction":[{"@type":"ReadAction","target":["https:\/\/bibliotecas.unileon.es\/tULEctura\/pagina-ejemplo\/curso-2014-2015\/lectura-2-una-manada-de-nus\/"]}]},{"@type":"BreadcrumbList","@id":"https:\/\/bibliotecas.unileon.es\/tULEctura\/pagina-ejemplo\/curso-2014-2015\/lectura-2-una-manada-de-nus\/#breadcrumb","itemListElement":[{"@type":"ListItem","position":1,"name":"Home","item":"https:\/\/bibliotecas.unileon.es\/tULEctura\/"},{"@type":"ListItem","position":2,"name":"Club de Lectura","item":"https:\/\/bibliotecas.unileon.es\/tULEctura\/pagina-ejemplo\/"},{"@type":"ListItem","position":3,"name":"Curso 2014-2015","item":"https:\/\/bibliotecas.unileon.es\/tULEctura\/pagina-ejemplo\/curso-2014-2015\/"},{"@type":"ListItem","position":4,"name":"Lectura 2: Una manada de \u00f1us."}]},{"@type":"WebSite","@id":"https:\/\/bibliotecas.unileon.es\/tULEctura\/#website","url":"https:\/\/bibliotecas.unileon.es\/tULEctura\/","name":"tULEctura","description":"Espacio de la Universidad de Le\u00f3n dedicado a la lectura","publisher":{"@id":"https:\/\/bibliotecas.unileon.es\/tULEctura\/#organization"},"potentialAction":[{"@type":"SearchAction","target":{"@type":"EntryPoint","urlTemplate":"https:\/\/bibliotecas.unileon.es\/tULEctura\/?s={search_term_string}"},"query-input":{"@type":"PropertyValueSpecification","valueRequired":true,"valueName":"search_term_string"}}],"inLanguage":"es"},{"@type":"Organization","@id":"https:\/\/bibliotecas.unileon.es\/tULEctura\/#organization","name":"Universidad de Le\u00f3n","url":"https:\/\/bibliotecas.unileon.es\/tULEctura\/","logo":{"@type":"ImageObject","inLanguage":"es","@id":"https:\/\/bibliotecas.unileon.es\/tULEctura\/#\/schema\/logo\/image\/","url":"https:\/\/bibliotecas.unileon.es\/tULEctura\/files\/2018\/08\/TULECTURA_LOGO1.png","contentUrl":"https:\/\/bibliotecas.unileon.es\/tULEctura\/files\/2018\/08\/TULECTURA_LOGO1.png","width":"960","height":"258","caption":"Universidad de Le\u00f3n"},"image":{"@id":"https:\/\/bibliotecas.unileon.es\/tULEctura\/#\/schema\/logo\/image\/"},"sameAs":["https:\/\/www.facebook.com\/tulectura.unileon\/","https:\/\/x.com\/tULEctura_ULE","https:\/\/www.instagram.com\/tulectura.unileon\/","https:\/\/www.pinterest.es\/tulectura\/","https:\/\/www.youtube.com\/channel\/UCoWaDD39lVlAQcOchwlTPVw"]}]}},"_links":{"self":[{"href":"https:\/\/bibliotecas.unileon.es\/tULEctura\/wp-json\/wp\/v2\/pages\/2405","targetHints":{"allow":["GET"]}}],"collection":[{"href":"https:\/\/bibliotecas.unileon.es\/tULEctura\/wp-json\/wp\/v2\/pages"}],"about":[{"href":"https:\/\/bibliotecas.unileon.es\/tULEctura\/wp-json\/wp\/v2\/types\/page"}],"author":[{"embeddable":true,"href":"https:\/\/bibliotecas.unileon.es\/tULEctura\/wp-json\/wp\/v2\/users\/73"}],"replies":[{"embeddable":true,"href":"https:\/\/bibliotecas.unileon.es\/tULEctura\/wp-json\/wp\/v2\/comments?post=2405"}],"version-history":[{"count":1,"href":"https:\/\/bibliotecas.unileon.es\/tULEctura\/wp-json\/wp\/v2\/pages\/2405\/revisions"}],"predecessor-version":[{"id":2408,"href":"https:\/\/bibliotecas.unileon.es\/tULEctura\/wp-json\/wp\/v2\/pages\/2405\/revisions\/2408"}],"up":[{"embeddable":true,"href":"https:\/\/bibliotecas.unileon.es\/tULEctura\/wp-json\/wp\/v2\/pages\/2424"}],"wp:attachment":[{"href":"https:\/\/bibliotecas.unileon.es\/tULEctura\/wp-json\/wp\/v2\/media?parent=2405"}],"curies":[{"name":"wp","href":"https:\/\/api.w.org\/{rel}","templated":true}]}}