{"id":2414,"date":"2014-07-21T10:38:15","date_gmt":"2014-07-21T08:38:15","guid":{"rendered":"http:\/\/bibliotecas.unileon.es\/tULEctura\/?page_id=2414"},"modified":"2015-05-19T20:12:29","modified_gmt":"2015-05-19T18:12:29","slug":"lectura-4-daniela-astor-y-la-caja-negra","status":"publish","type":"page","link":"https:\/\/bibliotecas.unileon.es\/tULEctura\/pagina-ejemplo\/curso-2014-2015\/lectura-4-daniela-astor-y-la-caja-negra\/","title":{"rendered":"lectura 4: Daniela Astor y la caja negra"},"content":{"rendered":"<p><span style=\"color: #0000ff;\"><strong><a href=\"http:\/\/catoute.unileon.es\/record=b1787836\" target=\"_blank\"><span style=\"color: #0000ff;\">Daniela Astor y la caja negra,<\/span><\/a><\/strong><\/span> de Marta Sanz.<\/p>\n<p style=\"text-align: justify;\"><span style=\"color: #000000;\"><em>\u201cQuer\u00eda ver c\u00f3mo aquellas im\u00e1genes de la<img loading=\"lazy\" decoding=\"async\" class=\"alignright  wp-image-2416\" src=\"http:\/\/bibliotecas.unileon.es\/tULEctura\/files\/2015\/07\/daniela-astor-y-la-caja-negra.jpg\" alt=\"daniela-astor-y-la-caja-negra\" width=\"240\" height=\"378\" srcset=\"https:\/\/bibliotecas.unileon.es\/tULEctura\/files\/2015\/07\/daniela-astor-y-la-caja-negra.jpg 381w, https:\/\/bibliotecas.unileon.es\/tULEctura\/files\/2015\/07\/daniela-astor-y-la-caja-negra-190x300.jpg 190w\" sizes=\"auto, (max-width: 240px) 100vw, 240px\" \/> transici\u00f3n serv\u00edan para construir a esas mujeres, c\u00f3mo todo ese imaginario hace que seas feliz o infeliz seg\u00fan te adaptes o no al modelo. Y con todas sus contradicciones, porque Catalina asume gustosa estereotipos femeninos que son absolutamente machistas\u201d<\/em>. (Marta Sanz)<\/span><\/p>\n<p><strong>Calendario<\/strong><\/p>\n<ul>\n<li><a href=\"http:\/\/bibliotecas.unileon.es\/tULEctura\/2015\/04\/21\/daniela-astor-y-la-caja-negra-coloquio-participativo-de-guia-a-la-lectura\/\">16 de Abril de 2015: Coloquio participativo de gu\u00eda a la lectura.<\/a><\/li>\n<li><a href=\"http:\/\/bibliotecas.unileon.es\/tULEctura\/2015\/05\/11\/daniela-astor-y-la-caja-negra-coloquio-participativo-de-los-socios\/\" target=\"_blank\">6 de Mayo de 2015: Coloquio participativo de los socios.<\/a><\/li>\n<li><a href=\"https:\/\/videos.unileon.es\/video\/877\">15 de Mayo de 2015: Encuentro de los socios con Marta Sanz<\/a>\u00a0(enlace al v\u00eddeo).<\/li>\n<\/ul>\n<p><strong>Lugar \u00a0y horario<\/strong><\/p>\n<p>Los encuentros de esta \u00a0lectura tendr\u00e1n lugar en la sala de conferencias de la Biblioteca General San Isidoro a las 19:00 horas.\u00a0<strong>Se ruega puntualidad<\/strong>.<\/p>\n<p><strong>Sinopsis<\/strong><\/p>\n<p style=\"text-align: justify;\"><em>Daniela Astor y la caja negra<\/em>\u00a0es una historia de mujeres en la Espa\u00f1a de la \u00a0Transici\u00f3n: ni\u00f1as que sue\u00f1an que se convierten en mujeres despampanantes , madres \u201cd<em>e verdad, con ese car\u00e1cter que tienen que tener las mujeres, esa determinaci\u00f3n, ese arrojo, esa capacidad para aguantar el dolor f\u00edsico\u201d<\/em>, mujeres que son figuras del destape y que salen en la tele, en las pel\u00edculas y en el Intervi\u00fa. Todas ellas construyen una parte de la historia espa\u00f1ola, llena de estereotipos machistas que algunas asumen con gusto. Liberadas y atrapadas, ellas \u00a0ser\u00e1n las protagonistas del documental \u201cLa caja negra\u201d.<\/p>\n<p style=\"text-align: justify;\">Hemos creado un \u00a0tablero en Pinterest \u00a0con el prop\u00f3sito de documentar gr\u00e1ficamente la novela \u00abDaniela Astor y la caja negra\u00bb de Marta Sanz. Puedes verlo pinchando en la imagen, pero <strong>tambi\u00e9n puedes participar en \u00e9l <\/strong>(p\u00eddenos que te invitemos \u00a0envi\u00e1ndonos un mensaje a\u00a0<strong>\u00a0<span style=\"color: #0000ff;\"><a style=\"color: #0000ff;\" href=\"mailto:tulectura@unileon.es\">tulectura@unileon.es<\/a>\u00a0<\/span>)<\/strong><\/p>\n<p style=\"text-align: justify;\"><a href=\"https:\/\/www.pinterest.com\/tulectura\/daniela-astor-y-la-caja-negra\/\" target=\"_blank\"><img loading=\"lazy\" decoding=\"async\" class=\"aligncenter size-large wp-image-3220\" src=\"http:\/\/bibliotecas.unileon.es\/tULEctura\/files\/2014\/07\/tablero-daniela-1024x506.jpg\" alt=\"tablero daniela\" width=\"625\" height=\"309\" srcset=\"https:\/\/bibliotecas.unileon.es\/tULEctura\/files\/2014\/07\/tablero-daniela-1024x506.jpg 1024w, https:\/\/bibliotecas.unileon.es\/tULEctura\/files\/2014\/07\/tablero-daniela-300x148.jpg 300w, https:\/\/bibliotecas.unileon.es\/tULEctura\/files\/2014\/07\/tablero-daniela-624x308.jpg 624w, https:\/\/bibliotecas.unileon.es\/tULEctura\/files\/2014\/07\/tablero-daniela.jpg 1247w\" sizes=\"auto, (max-width: 625px) 100vw, 625px\" \/><\/a><\/p>\n","protected":false},"excerpt":{"rendered":"<p>Daniela Astor y la caja negra, de Marta Sanz. \u201cQuer\u00eda ver c\u00f3mo aquellas im\u00e1genes de la transici\u00f3n serv\u00edan para construir a esas mujeres, c\u00f3mo todo ese imaginario hace que seas feliz o infeliz seg\u00fan te adaptes o no al modelo. Y con todas sus contradicciones, porque Catalina asume gustosa estereotipos femeninos que son absolutamente machistas\u201d. [&hellip;]<\/p>\n","protected":false},"author":73,"featured_media":0,"parent":2424,"menu_order":4,"comment_status":"open","ping_status":"open","template":"","meta":{"_bbp_topic_count":0,"_bbp_reply_count":0,"_bbp_total_topic_count":0,"_bbp_total_reply_count":0,"_bbp_voice_count":0,"_bbp_anonymous_reply_count":0,"_bbp_topic_count_hidden":0,"_bbp_reply_count_hidden":0,"_bbp_forum_subforum_count":0,"_monsterinsights_skip_tracking":false,"_monsterinsights_sitenote_active":false,"_monsterinsights_sitenote_note":"","_monsterinsights_sitenote_category":0,"footnotes":""},"class_list":["post-2414","page","type-page","status-publish","hentry"],"yoast_head":"<!-- This site is optimized with the Yoast SEO plugin v25.8 - https:\/\/yoast.com\/wordpress\/plugins\/seo\/ -->\n<title>lectura 4: Daniela Astor y la caja negra - tULEctura<\/title>\n<meta name=\"robots\" content=\"index, follow, max-snippet:-1, max-image-preview:large, max-video-preview:-1\" \/>\n<link rel=\"canonical\" href=\"https:\/\/bibliotecas.unileon.es\/tULEctura\/pagina-ejemplo\/curso-2014-2015\/lectura-4-daniela-astor-y-la-caja-negra\/\" \/>\n<meta property=\"og:locale\" content=\"es_ES\" \/>\n<meta property=\"og:type\" content=\"article\" \/>\n<meta property=\"og:title\" content=\"lectura 4: Daniela Astor y la caja negra - tULEctura\" \/>\n<meta property=\"og:description\" content=\"Daniela Astor y la caja negra, de Marta Sanz. \u201cQuer\u00eda ver c\u00f3mo aquellas im\u00e1genes de la transici\u00f3n serv\u00edan para construir a esas mujeres, c\u00f3mo todo ese imaginario hace que seas feliz o infeliz seg\u00fan te adaptes o no al modelo. Y con todas sus contradicciones, porque Catalina asume gustosa estereotipos femeninos que son absolutamente machistas\u201d. [&hellip;]\" \/>\n<meta property=\"og:url\" content=\"https:\/\/bibliotecas.unileon.es\/tULEctura\/pagina-ejemplo\/curso-2014-2015\/lectura-4-daniela-astor-y-la-caja-negra\/\" \/>\n<meta property=\"og:site_name\" content=\"tULEctura\" \/>\n<meta property=\"article:publisher\" content=\"https:\/\/www.facebook.com\/tulectura.unileon\/\" \/>\n<meta property=\"article:modified_time\" content=\"2015-05-19T18:12:29+00:00\" \/>\n<meta property=\"og:image\" content=\"https:\/\/bibliotecas.unileon.es\/tULEctura\/files\/2015\/07\/daniela-astor-y-la-caja-negra.jpg\" \/>\n\t<meta property=\"og:image:width\" content=\"381\" \/>\n\t<meta property=\"og:image:height\" content=\"600\" \/>\n\t<meta property=\"og:image:type\" content=\"image\/jpeg\" \/>\n<meta name=\"twitter:card\" content=\"summary_large_image\" \/>\n<meta name=\"twitter:site\" content=\"@tULEctura_ULE\" \/>\n<meta name=\"twitter:label1\" content=\"Tiempo de lectura\" \/>\n\t<meta name=\"twitter:data1\" content=\"1 minuto\" \/>\n<script type=\"application\/ld+json\" class=\"yoast-schema-graph\">{\"@context\":\"https:\/\/schema.org\",\"@graph\":[{\"@type\":\"WebPage\",\"@id\":\"https:\/\/bibliotecas.unileon.es\/tULEctura\/pagina-ejemplo\/curso-2014-2015\/lectura-4-daniela-astor-y-la-caja-negra\/\",\"url\":\"https:\/\/bibliotecas.unileon.es\/tULEctura\/pagina-ejemplo\/curso-2014-2015\/lectura-4-daniela-astor-y-la-caja-negra\/\",\"name\":\"lectura 4: Daniela Astor y la caja negra - tULEctura\",\"isPartOf\":{\"@id\":\"https:\/\/bibliotecas.unileon.es\/tULEctura\/#website\"},\"primaryImageOfPage\":{\"@id\":\"https:\/\/bibliotecas.unileon.es\/tULEctura\/pagina-ejemplo\/curso-2014-2015\/lectura-4-daniela-astor-y-la-caja-negra\/#primaryimage\"},\"image\":{\"@id\":\"https:\/\/bibliotecas.unileon.es\/tULEctura\/pagina-ejemplo\/curso-2014-2015\/lectura-4-daniela-astor-y-la-caja-negra\/#primaryimage\"},\"thumbnailUrl\":\"http:\/\/bibliotecas.unileon.es\/tULEctura\/files\/2015\/07\/daniela-astor-y-la-caja-negra.jpg\",\"datePublished\":\"2014-07-21T08:38:15+00:00\",\"dateModified\":\"2015-05-19T18:12:29+00:00\",\"breadcrumb\":{\"@id\":\"https:\/\/bibliotecas.unileon.es\/tULEctura\/pagina-ejemplo\/curso-2014-2015\/lectura-4-daniela-astor-y-la-caja-negra\/#breadcrumb\"},\"inLanguage\":\"es\",\"potentialAction\":[{\"@type\":\"ReadAction\",\"target\":[\"https:\/\/bibliotecas.unileon.es\/tULEctura\/pagina-ejemplo\/curso-2014-2015\/lectura-4-daniela-astor-y-la-caja-negra\/\"]}]},{\"@type\":\"ImageObject\",\"inLanguage\":\"es\",\"@id\":\"https:\/\/bibliotecas.unileon.es\/tULEctura\/pagina-ejemplo\/curso-2014-2015\/lectura-4-daniela-astor-y-la-caja-negra\/#primaryimage\",\"url\":\"https:\/\/bibliotecas.unileon.es\/tULEctura\/files\/2015\/07\/daniela-astor-y-la-caja-negra.jpg\",\"contentUrl\":\"https:\/\/bibliotecas.unileon.es\/tULEctura\/files\/2015\/07\/daniela-astor-y-la-caja-negra.jpg\",\"width\":381,\"height\":600},{\"@type\":\"BreadcrumbList\",\"@id\":\"https:\/\/bibliotecas.unileon.es\/tULEctura\/pagina-ejemplo\/curso-2014-2015\/lectura-4-daniela-astor-y-la-caja-negra\/#breadcrumb\",\"itemListElement\":[{\"@type\":\"ListItem\",\"position\":1,\"name\":\"Home\",\"item\":\"https:\/\/bibliotecas.unileon.es\/tULEctura\/\"},{\"@type\":\"ListItem\",\"position\":2,\"name\":\"Club de Lectura\",\"item\":\"https:\/\/bibliotecas.unileon.es\/tULEctura\/pagina-ejemplo\/\"},{\"@type\":\"ListItem\",\"position\":3,\"name\":\"Curso 2014-2015\",\"item\":\"https:\/\/bibliotecas.unileon.es\/tULEctura\/pagina-ejemplo\/curso-2014-2015\/\"},{\"@type\":\"ListItem\",\"position\":4,\"name\":\"lectura 4: Daniela Astor y la caja negra\"}]},{\"@type\":\"WebSite\",\"@id\":\"https:\/\/bibliotecas.unileon.es\/tULEctura\/#website\",\"url\":\"https:\/\/bibliotecas.unileon.es\/tULEctura\/\",\"name\":\"tULEctura\",\"description\":\"Espacio de la Universidad de Le\u00f3n dedicado a la lectura\",\"publisher\":{\"@id\":\"https:\/\/bibliotecas.unileon.es\/tULEctura\/#organization\"},\"potentialAction\":[{\"@type\":\"SearchAction\",\"target\":{\"@type\":\"EntryPoint\",\"urlTemplate\":\"https:\/\/bibliotecas.unileon.es\/tULEctura\/?s={search_term_string}\"},\"query-input\":{\"@type\":\"PropertyValueSpecification\",\"valueRequired\":true,\"valueName\":\"search_term_string\"}}],\"inLanguage\":\"es\"},{\"@type\":\"Organization\",\"@id\":\"https:\/\/bibliotecas.unileon.es\/tULEctura\/#organization\",\"name\":\"Universidad de Le\u00f3n\",\"url\":\"https:\/\/bibliotecas.unileon.es\/tULEctura\/\",\"logo\":{\"@type\":\"ImageObject\",\"inLanguage\":\"es\",\"@id\":\"https:\/\/bibliotecas.unileon.es\/tULEctura\/#\/schema\/logo\/image\/\",\"url\":\"https:\/\/bibliotecas.unileon.es\/tULEctura\/files\/2018\/08\/TULECTURA_LOGO1.png\",\"contentUrl\":\"https:\/\/bibliotecas.unileon.es\/tULEctura\/files\/2018\/08\/TULECTURA_LOGO1.png\",\"width\":\"960\",\"height\":\"258\",\"caption\":\"Universidad de Le\u00f3n\"},\"image\":{\"@id\":\"https:\/\/bibliotecas.unileon.es\/tULEctura\/#\/schema\/logo\/image\/\"},\"sameAs\":[\"https:\/\/www.facebook.com\/tulectura.unileon\/\",\"https:\/\/x.com\/tULEctura_ULE\",\"https:\/\/www.instagram.com\/tulectura.unileon\/\",\"https:\/\/www.pinterest.es\/tulectura\/\",\"https:\/\/www.youtube.com\/channel\/UCoWaDD39lVlAQcOchwlTPVw\"]}]}<\/script>\n<!-- \/ Yoast SEO plugin. -->","yoast_head_json":{"title":"lectura 4: Daniela Astor y la caja negra - tULEctura","robots":{"index":"index","follow":"follow","max-snippet":"max-snippet:-1","max-image-preview":"max-image-preview:large","max-video-preview":"max-video-preview:-1"},"canonical":"https:\/\/bibliotecas.unileon.es\/tULEctura\/pagina-ejemplo\/curso-2014-2015\/lectura-4-daniela-astor-y-la-caja-negra\/","og_locale":"es_ES","og_type":"article","og_title":"lectura 4: Daniela Astor y la caja negra - tULEctura","og_description":"Daniela Astor y la caja negra, de Marta Sanz. \u201cQuer\u00eda ver c\u00f3mo aquellas im\u00e1genes de la transici\u00f3n serv\u00edan para construir a esas mujeres, c\u00f3mo todo ese imaginario hace que seas feliz o infeliz seg\u00fan te adaptes o no al modelo. Y con todas sus contradicciones, porque Catalina asume gustosa estereotipos femeninos que son absolutamente machistas\u201d. [&hellip;]","og_url":"https:\/\/bibliotecas.unileon.es\/tULEctura\/pagina-ejemplo\/curso-2014-2015\/lectura-4-daniela-astor-y-la-caja-negra\/","og_site_name":"tULEctura","article_publisher":"https:\/\/www.facebook.com\/tulectura.unileon\/","article_modified_time":"2015-05-19T18:12:29+00:00","og_image":[{"width":381,"height":600,"url":"https:\/\/bibliotecas.unileon.es\/tULEctura\/files\/2015\/07\/daniela-astor-y-la-caja-negra.jpg","type":"image\/jpeg"}],"twitter_card":"summary_large_image","twitter_site":"@tULEctura_ULE","twitter_misc":{"Tiempo de lectura":"1 minuto"},"schema":{"@context":"https:\/\/schema.org","@graph":[{"@type":"WebPage","@id":"https:\/\/bibliotecas.unileon.es\/tULEctura\/pagina-ejemplo\/curso-2014-2015\/lectura-4-daniela-astor-y-la-caja-negra\/","url":"https:\/\/bibliotecas.unileon.es\/tULEctura\/pagina-ejemplo\/curso-2014-2015\/lectura-4-daniela-astor-y-la-caja-negra\/","name":"lectura 4: Daniela Astor y la caja negra - tULEctura","isPartOf":{"@id":"https:\/\/bibliotecas.unileon.es\/tULEctura\/#website"},"primaryImageOfPage":{"@id":"https:\/\/bibliotecas.unileon.es\/tULEctura\/pagina-ejemplo\/curso-2014-2015\/lectura-4-daniela-astor-y-la-caja-negra\/#primaryimage"},"image":{"@id":"https:\/\/bibliotecas.unileon.es\/tULEctura\/pagina-ejemplo\/curso-2014-2015\/lectura-4-daniela-astor-y-la-caja-negra\/#primaryimage"},"thumbnailUrl":"http:\/\/bibliotecas.unileon.es\/tULEctura\/files\/2015\/07\/daniela-astor-y-la-caja-negra.jpg","datePublished":"2014-07-21T08:38:15+00:00","dateModified":"2015-05-19T18:12:29+00:00","breadcrumb":{"@id":"https:\/\/bibliotecas.unileon.es\/tULEctura\/pagina-ejemplo\/curso-2014-2015\/lectura-4-daniela-astor-y-la-caja-negra\/#breadcrumb"},"inLanguage":"es","potentialAction":[{"@type":"ReadAction","target":["https:\/\/bibliotecas.unileon.es\/tULEctura\/pagina-ejemplo\/curso-2014-2015\/lectura-4-daniela-astor-y-la-caja-negra\/"]}]},{"@type":"ImageObject","inLanguage":"es","@id":"https:\/\/bibliotecas.unileon.es\/tULEctura\/pagina-ejemplo\/curso-2014-2015\/lectura-4-daniela-astor-y-la-caja-negra\/#primaryimage","url":"https:\/\/bibliotecas.unileon.es\/tULEctura\/files\/2015\/07\/daniela-astor-y-la-caja-negra.jpg","contentUrl":"https:\/\/bibliotecas.unileon.es\/tULEctura\/files\/2015\/07\/daniela-astor-y-la-caja-negra.jpg","width":381,"height":600},{"@type":"BreadcrumbList","@id":"https:\/\/bibliotecas.unileon.es\/tULEctura\/pagina-ejemplo\/curso-2014-2015\/lectura-4-daniela-astor-y-la-caja-negra\/#breadcrumb","itemListElement":[{"@type":"ListItem","position":1,"name":"Home","item":"https:\/\/bibliotecas.unileon.es\/tULEctura\/"},{"@type":"ListItem","position":2,"name":"Club de Lectura","item":"https:\/\/bibliotecas.unileon.es\/tULEctura\/pagina-ejemplo\/"},{"@type":"ListItem","position":3,"name":"Curso 2014-2015","item":"https:\/\/bibliotecas.unileon.es\/tULEctura\/pagina-ejemplo\/curso-2014-2015\/"},{"@type":"ListItem","position":4,"name":"lectura 4: Daniela Astor y la caja negra"}]},{"@type":"WebSite","@id":"https:\/\/bibliotecas.unileon.es\/tULEctura\/#website","url":"https:\/\/bibliotecas.unileon.es\/tULEctura\/","name":"tULEctura","description":"Espacio de la Universidad de Le\u00f3n dedicado a la lectura","publisher":{"@id":"https:\/\/bibliotecas.unileon.es\/tULEctura\/#organization"},"potentialAction":[{"@type":"SearchAction","target":{"@type":"EntryPoint","urlTemplate":"https:\/\/bibliotecas.unileon.es\/tULEctura\/?s={search_term_string}"},"query-input":{"@type":"PropertyValueSpecification","valueRequired":true,"valueName":"search_term_string"}}],"inLanguage":"es"},{"@type":"Organization","@id":"https:\/\/bibliotecas.unileon.es\/tULEctura\/#organization","name":"Universidad de Le\u00f3n","url":"https:\/\/bibliotecas.unileon.es\/tULEctura\/","logo":{"@type":"ImageObject","inLanguage":"es","@id":"https:\/\/bibliotecas.unileon.es\/tULEctura\/#\/schema\/logo\/image\/","url":"https:\/\/bibliotecas.unileon.es\/tULEctura\/files\/2018\/08\/TULECTURA_LOGO1.png","contentUrl":"https:\/\/bibliotecas.unileon.es\/tULEctura\/files\/2018\/08\/TULECTURA_LOGO1.png","width":"960","height":"258","caption":"Universidad de Le\u00f3n"},"image":{"@id":"https:\/\/bibliotecas.unileon.es\/tULEctura\/#\/schema\/logo\/image\/"},"sameAs":["https:\/\/www.facebook.com\/tulectura.unileon\/","https:\/\/x.com\/tULEctura_ULE","https:\/\/www.instagram.com\/tulectura.unileon\/","https:\/\/www.pinterest.es\/tulectura\/","https:\/\/www.youtube.com\/channel\/UCoWaDD39lVlAQcOchwlTPVw"]}]}},"_links":{"self":[{"href":"https:\/\/bibliotecas.unileon.es\/tULEctura\/wp-json\/wp\/v2\/pages\/2414","targetHints":{"allow":["GET"]}}],"collection":[{"href":"https:\/\/bibliotecas.unileon.es\/tULEctura\/wp-json\/wp\/v2\/pages"}],"about":[{"href":"https:\/\/bibliotecas.unileon.es\/tULEctura\/wp-json\/wp\/v2\/types\/page"}],"author":[{"embeddable":true,"href":"https:\/\/bibliotecas.unileon.es\/tULEctura\/wp-json\/wp\/v2\/users\/73"}],"replies":[{"embeddable":true,"href":"https:\/\/bibliotecas.unileon.es\/tULEctura\/wp-json\/wp\/v2\/comments?post=2414"}],"version-history":[{"count":2,"href":"https:\/\/bibliotecas.unileon.es\/tULEctura\/wp-json\/wp\/v2\/pages\/2414\/revisions"}],"predecessor-version":[{"id":3389,"href":"https:\/\/bibliotecas.unileon.es\/tULEctura\/wp-json\/wp\/v2\/pages\/2414\/revisions\/3389"}],"up":[{"embeddable":true,"href":"https:\/\/bibliotecas.unileon.es\/tULEctura\/wp-json\/wp\/v2\/pages\/2424"}],"wp:attachment":[{"href":"https:\/\/bibliotecas.unileon.es\/tULEctura\/wp-json\/wp\/v2\/media?parent=2414"}],"curies":[{"name":"wp","href":"https:\/\/api.w.org\/{rel}","templated":true}]}}