{"id":2526,"date":"2014-09-18T14:10:18","date_gmt":"2014-09-18T12:10:18","guid":{"rendered":"http:\/\/bibliotecas.unileon.es\/tULEctura\/?page_id=2526"},"modified":"2014-09-18T15:28:39","modified_gmt":"2014-09-18T13:28:39","slug":"lectura","status":"publish","type":"page","link":"https:\/\/bibliotecas.unileon.es\/tULEctura\/lectura\/","title":{"rendered":"+ LECTURA"},"content":{"rendered":"<p style=\"text-align: center;\"><a href=\"http:\/\/bibliotecas.unileon.es\/tULEctura\/files\/2050\/09\/suntimes.jpg\"><img loading=\"lazy\" decoding=\"async\" class=\"aligncenter size-full wp-image-2541\" src=\"http:\/\/bibliotecas.unileon.es\/tULEctura\/files\/2050\/09\/suntimes.jpg\" alt=\"suntimes\" width=\"340\" height=\"472\" srcset=\"https:\/\/bibliotecas.unileon.es\/tULEctura\/files\/2050\/09\/suntimes.jpg 340w, https:\/\/bibliotecas.unileon.es\/tULEctura\/files\/2050\/09\/suntimes-216x300.jpg 216w\" sizes=\"auto, (max-width: 340px) 100vw, 340px\" \/><\/a><strong>\u00bfPor qu\u00e9 cuando pensamos en un club de lectura lo asociamos a obras literarias?<\/strong><\/p>\n<p style=\"text-align: justify;\">tULEctura no es solo un club de lectura; o al menos no es solo un club de lectura tal y como se viene entendiendo de manera tradicional.<\/p>\n<p style=\"text-align: justify;\">\u00bfM\u00e1s que un club?\u00a0 \ud83d\ude09<\/p>\n<p style=\"text-align: justify;\">Queremos plantear la experiencia lectora de una manera m\u00e1s amplia en \u00a0tem\u00e1ticas, lenguajes y contextos, aprovechando cuanto hallemos a nuestro alcance para enriquecerla. Queremos dar cabida a las diversas\u00a0formas el discurso intelectual para que tengan cabida los escritos de f\u00edsicos, bi\u00f3logos, economistas, inform\u00e1ticos, periodistas&#8230;\u00a0Existen diferentes\u00a0tipos de textos y no todos se leen igual ni se utilizan de la misma manera: distintos\u00a0estilos narrativos, escritos expositivos, descripciones t\u00e9cnicas o literarias, obras especializadas, cient\u00edficas, divulgativas, textos orales, gr\u00e1ficos\u2026 cada uno de ellos con su propia estrategia de composici\u00f3n.<\/p>\n<p style=\"text-align: justify;\">Servir\u00e1 todo cuanto nos ayude a potenciar la relaci\u00f3n entre el pensamiento y la palabra para desarrollar las habilidades, el esp\u00edritu cr\u00edtico, la creatividad, la empat\u00eda.<\/p>\n<p style=\"text-align: justify;\">Intentaremos que la experiencia individual del encuentro con la palabra sea tambi\u00e9n, ante cualquier tipo de obra, una experiencia compartida.\u00a0\u00bfNos acompa\u00f1as?<\/p>\n<p style=\"text-align: center;\"><strong>Lecturas de divulgaci\u00f3n<\/strong><\/p>\n<p style=\"text-align: left;\"><a href=\"http:\/\/bibliotecas.unileon.es\/tULEctura\/lectura\/lecturas-de-divulgacion\/\" target=\"_blank\"><img loading=\"lazy\" decoding=\"async\" class=\"aligncenter  wp-image-2470\" src=\"http:\/\/bibliotecas.unileon.es\/tULEctura\/files\/2014\/09\/lecturas-de-divulgaci\u00f3n-300x162.jpg\" alt=\"lecturas de divulgaci\u00f3n\" width=\"390\" height=\"211\" srcset=\"https:\/\/bibliotecas.unileon.es\/tULEctura\/files\/2014\/09\/lecturas-de-divulgaci\u00f3n-300x162.jpg 300w, https:\/\/bibliotecas.unileon.es\/tULEctura\/files\/2014\/09\/lecturas-de-divulgaci\u00f3n-624x338.jpg 624w, https:\/\/bibliotecas.unileon.es\/tULEctura\/files\/2014\/09\/lecturas-de-divulgaci\u00f3n.jpg 984w\" sizes=\"auto, (max-width: 390px) 100vw, 390px\" \/><\/a><\/p>\n<p style=\"text-align: center;\"><strong>Experiencia cuento<\/strong><a href=\"http:\/\/bibliotecas.unileon.es\/tULEctura\/lectura\/experiencia\/\"><img loading=\"lazy\" decoding=\"async\" class=\"aligncenter size-full wp-image-2529\" src=\"http:\/\/bibliotecas.unileon.es\/tULEctura\/files\/2050\/09\/experiencia-cuento.jpg\" alt=\"experiencia cuento\" width=\"342\" height=\"341\" srcset=\"https:\/\/bibliotecas.unileon.es\/tULEctura\/files\/2050\/09\/experiencia-cuento.jpg 342w, https:\/\/bibliotecas.unileon.es\/tULEctura\/files\/2050\/09\/experiencia-cuento-150x150.jpg 150w, https:\/\/bibliotecas.unileon.es\/tULEctura\/files\/2050\/09\/experiencia-cuento-300x300.jpg 300w\" sizes=\"auto, (max-width: 342px) 100vw, 342px\" \/><\/a><\/p>\n","protected":false},"excerpt":{"rendered":"<p>\u00bfPor qu\u00e9 cuando pensamos en un club de lectura lo asociamos a obras literarias? tULEctura no es solo un club de lectura; o al menos no es solo un club de lectura tal y como se viene entendiendo de manera tradicional. \u00bfM\u00e1s que un club?\u00a0 \ud83d\ude09 Queremos plantear la experiencia lectora de una manera m\u00e1s [&hellip;]<\/p>\n","protected":false},"author":73,"featured_media":0,"parent":0,"menu_order":3,"comment_status":"open","ping_status":"closed","template":"","meta":{"_bbp_topic_count":0,"_bbp_reply_count":0,"_bbp_total_topic_count":0,"_bbp_total_reply_count":0,"_bbp_voice_count":0,"_bbp_anonymous_reply_count":0,"_bbp_topic_count_hidden":0,"_bbp_reply_count_hidden":0,"_bbp_forum_subforum_count":0,"_monsterinsights_skip_tracking":false,"_monsterinsights_sitenote_active":false,"_monsterinsights_sitenote_note":"","_monsterinsights_sitenote_category":0,"footnotes":""},"class_list":["post-2526","page","type-page","status-publish","hentry"],"yoast_head":"<!-- This site is optimized with the Yoast SEO plugin v25.8 - https:\/\/yoast.com\/wordpress\/plugins\/seo\/ -->\n<title>+ LECTURA - tULEctura<\/title>\n<meta name=\"robots\" content=\"index, follow, max-snippet:-1, max-image-preview:large, max-video-preview:-1\" \/>\n<link rel=\"canonical\" href=\"https:\/\/bibliotecas.unileon.es\/tULEctura\/lectura\/\" \/>\n<meta property=\"og:locale\" content=\"es_ES\" \/>\n<meta property=\"og:type\" content=\"article\" \/>\n<meta property=\"og:title\" content=\"+ LECTURA - tULEctura\" \/>\n<meta property=\"og:description\" content=\"\u00bfPor qu\u00e9 cuando pensamos en un club de lectura lo asociamos a obras literarias? tULEctura no es solo un club de lectura; o al menos no es solo un club de lectura tal y como se viene entendiendo de manera tradicional. \u00bfM\u00e1s que un club?\u00a0 \ud83d\ude09 Queremos plantear la experiencia lectora de una manera m\u00e1s [&hellip;]\" \/>\n<meta property=\"og:url\" content=\"https:\/\/bibliotecas.unileon.es\/tULEctura\/lectura\/\" \/>\n<meta property=\"og:site_name\" content=\"tULEctura\" \/>\n<meta property=\"article:publisher\" content=\"https:\/\/www.facebook.com\/tulectura.unileon\/\" \/>\n<meta property=\"article:modified_time\" content=\"2014-09-18T13:28:39+00:00\" \/>\n<meta property=\"og:image\" content=\"https:\/\/bibliotecas.unileon.es\/tULEctura\/files\/2050\/09\/suntimes.jpg\" \/>\n\t<meta property=\"og:image:width\" content=\"340\" \/>\n\t<meta property=\"og:image:height\" content=\"472\" \/>\n\t<meta property=\"og:image:type\" content=\"image\/jpeg\" \/>\n<meta name=\"twitter:card\" content=\"summary_large_image\" \/>\n<meta name=\"twitter:site\" content=\"@tULEctura_ULE\" \/>\n<meta name=\"twitter:label1\" content=\"Tiempo de lectura\" \/>\n\t<meta name=\"twitter:data1\" content=\"1 minuto\" \/>\n<script type=\"application\/ld+json\" class=\"yoast-schema-graph\">{\"@context\":\"https:\/\/schema.org\",\"@graph\":[{\"@type\":\"WebPage\",\"@id\":\"https:\/\/bibliotecas.unileon.es\/tULEctura\/lectura\/\",\"url\":\"https:\/\/bibliotecas.unileon.es\/tULEctura\/lectura\/\",\"name\":\"+ LECTURA - tULEctura\",\"isPartOf\":{\"@id\":\"https:\/\/bibliotecas.unileon.es\/tULEctura\/#website\"},\"primaryImageOfPage\":{\"@id\":\"https:\/\/bibliotecas.unileon.es\/tULEctura\/lectura\/#primaryimage\"},\"image\":{\"@id\":\"https:\/\/bibliotecas.unileon.es\/tULEctura\/lectura\/#primaryimage\"},\"thumbnailUrl\":\"http:\/\/bibliotecas.unileon.es\/tULEctura\/files\/2050\/09\/suntimes.jpg\",\"datePublished\":\"2014-09-18T12:10:18+00:00\",\"dateModified\":\"2014-09-18T13:28:39+00:00\",\"breadcrumb\":{\"@id\":\"https:\/\/bibliotecas.unileon.es\/tULEctura\/lectura\/#breadcrumb\"},\"inLanguage\":\"es\",\"potentialAction\":[{\"@type\":\"ReadAction\",\"target\":[\"https:\/\/bibliotecas.unileon.es\/tULEctura\/lectura\/\"]}]},{\"@type\":\"ImageObject\",\"inLanguage\":\"es\",\"@id\":\"https:\/\/bibliotecas.unileon.es\/tULEctura\/lectura\/#primaryimage\",\"url\":\"http:\/\/bibliotecas.unileon.es\/tULEctura\/files\/2050\/09\/suntimes.jpg\",\"contentUrl\":\"http:\/\/bibliotecas.unileon.es\/tULEctura\/files\/2050\/09\/suntimes.jpg\"},{\"@type\":\"BreadcrumbList\",\"@id\":\"https:\/\/bibliotecas.unileon.es\/tULEctura\/lectura\/#breadcrumb\",\"itemListElement\":[{\"@type\":\"ListItem\",\"position\":1,\"name\":\"Home\",\"item\":\"https:\/\/bibliotecas.unileon.es\/tULEctura\/\"},{\"@type\":\"ListItem\",\"position\":2,\"name\":\"+ LECTURA\"}]},{\"@type\":\"WebSite\",\"@id\":\"https:\/\/bibliotecas.unileon.es\/tULEctura\/#website\",\"url\":\"https:\/\/bibliotecas.unileon.es\/tULEctura\/\",\"name\":\"tULEctura\",\"description\":\"Espacio de la Universidad de Le\u00f3n dedicado a la lectura\",\"publisher\":{\"@id\":\"https:\/\/bibliotecas.unileon.es\/tULEctura\/#organization\"},\"potentialAction\":[{\"@type\":\"SearchAction\",\"target\":{\"@type\":\"EntryPoint\",\"urlTemplate\":\"https:\/\/bibliotecas.unileon.es\/tULEctura\/?s={search_term_string}\"},\"query-input\":{\"@type\":\"PropertyValueSpecification\",\"valueRequired\":true,\"valueName\":\"search_term_string\"}}],\"inLanguage\":\"es\"},{\"@type\":\"Organization\",\"@id\":\"https:\/\/bibliotecas.unileon.es\/tULEctura\/#organization\",\"name\":\"Universidad de Le\u00f3n\",\"url\":\"https:\/\/bibliotecas.unileon.es\/tULEctura\/\",\"logo\":{\"@type\":\"ImageObject\",\"inLanguage\":\"es\",\"@id\":\"https:\/\/bibliotecas.unileon.es\/tULEctura\/#\/schema\/logo\/image\/\",\"url\":\"https:\/\/bibliotecas.unileon.es\/tULEctura\/files\/2018\/08\/TULECTURA_LOGO1.png\",\"contentUrl\":\"https:\/\/bibliotecas.unileon.es\/tULEctura\/files\/2018\/08\/TULECTURA_LOGO1.png\",\"width\":\"960\",\"height\":\"258\",\"caption\":\"Universidad de Le\u00f3n\"},\"image\":{\"@id\":\"https:\/\/bibliotecas.unileon.es\/tULEctura\/#\/schema\/logo\/image\/\"},\"sameAs\":[\"https:\/\/www.facebook.com\/tulectura.unileon\/\",\"https:\/\/x.com\/tULEctura_ULE\",\"https:\/\/www.instagram.com\/tulectura.unileon\/\",\"https:\/\/www.pinterest.es\/tulectura\/\",\"https:\/\/www.youtube.com\/channel\/UCoWaDD39lVlAQcOchwlTPVw\"]}]}<\/script>\n<!-- \/ Yoast SEO plugin. -->","yoast_head_json":{"title":"+ LECTURA - tULEctura","robots":{"index":"index","follow":"follow","max-snippet":"max-snippet:-1","max-image-preview":"max-image-preview:large","max-video-preview":"max-video-preview:-1"},"canonical":"https:\/\/bibliotecas.unileon.es\/tULEctura\/lectura\/","og_locale":"es_ES","og_type":"article","og_title":"+ LECTURA - tULEctura","og_description":"\u00bfPor qu\u00e9 cuando pensamos en un club de lectura lo asociamos a obras literarias? tULEctura no es solo un club de lectura; o al menos no es solo un club de lectura tal y como se viene entendiendo de manera tradicional. \u00bfM\u00e1s que un club?\u00a0 \ud83d\ude09 Queremos plantear la experiencia lectora de una manera m\u00e1s [&hellip;]","og_url":"https:\/\/bibliotecas.unileon.es\/tULEctura\/lectura\/","og_site_name":"tULEctura","article_publisher":"https:\/\/www.facebook.com\/tulectura.unileon\/","article_modified_time":"2014-09-18T13:28:39+00:00","og_image":[{"width":340,"height":472,"url":"https:\/\/bibliotecas.unileon.es\/tULEctura\/files\/2050\/09\/suntimes.jpg","type":"image\/jpeg"}],"twitter_card":"summary_large_image","twitter_site":"@tULEctura_ULE","twitter_misc":{"Tiempo de lectura":"1 minuto"},"schema":{"@context":"https:\/\/schema.org","@graph":[{"@type":"WebPage","@id":"https:\/\/bibliotecas.unileon.es\/tULEctura\/lectura\/","url":"https:\/\/bibliotecas.unileon.es\/tULEctura\/lectura\/","name":"+ LECTURA - tULEctura","isPartOf":{"@id":"https:\/\/bibliotecas.unileon.es\/tULEctura\/#website"},"primaryImageOfPage":{"@id":"https:\/\/bibliotecas.unileon.es\/tULEctura\/lectura\/#primaryimage"},"image":{"@id":"https:\/\/bibliotecas.unileon.es\/tULEctura\/lectura\/#primaryimage"},"thumbnailUrl":"http:\/\/bibliotecas.unileon.es\/tULEctura\/files\/2050\/09\/suntimes.jpg","datePublished":"2014-09-18T12:10:18+00:00","dateModified":"2014-09-18T13:28:39+00:00","breadcrumb":{"@id":"https:\/\/bibliotecas.unileon.es\/tULEctura\/lectura\/#breadcrumb"},"inLanguage":"es","potentialAction":[{"@type":"ReadAction","target":["https:\/\/bibliotecas.unileon.es\/tULEctura\/lectura\/"]}]},{"@type":"ImageObject","inLanguage":"es","@id":"https:\/\/bibliotecas.unileon.es\/tULEctura\/lectura\/#primaryimage","url":"http:\/\/bibliotecas.unileon.es\/tULEctura\/files\/2050\/09\/suntimes.jpg","contentUrl":"http:\/\/bibliotecas.unileon.es\/tULEctura\/files\/2050\/09\/suntimes.jpg"},{"@type":"BreadcrumbList","@id":"https:\/\/bibliotecas.unileon.es\/tULEctura\/lectura\/#breadcrumb","itemListElement":[{"@type":"ListItem","position":1,"name":"Home","item":"https:\/\/bibliotecas.unileon.es\/tULEctura\/"},{"@type":"ListItem","position":2,"name":"+ LECTURA"}]},{"@type":"WebSite","@id":"https:\/\/bibliotecas.unileon.es\/tULEctura\/#website","url":"https:\/\/bibliotecas.unileon.es\/tULEctura\/","name":"tULEctura","description":"Espacio de la Universidad de Le\u00f3n dedicado a la lectura","publisher":{"@id":"https:\/\/bibliotecas.unileon.es\/tULEctura\/#organization"},"potentialAction":[{"@type":"SearchAction","target":{"@type":"EntryPoint","urlTemplate":"https:\/\/bibliotecas.unileon.es\/tULEctura\/?s={search_term_string}"},"query-input":{"@type":"PropertyValueSpecification","valueRequired":true,"valueName":"search_term_string"}}],"inLanguage":"es"},{"@type":"Organization","@id":"https:\/\/bibliotecas.unileon.es\/tULEctura\/#organization","name":"Universidad de Le\u00f3n","url":"https:\/\/bibliotecas.unileon.es\/tULEctura\/","logo":{"@type":"ImageObject","inLanguage":"es","@id":"https:\/\/bibliotecas.unileon.es\/tULEctura\/#\/schema\/logo\/image\/","url":"https:\/\/bibliotecas.unileon.es\/tULEctura\/files\/2018\/08\/TULECTURA_LOGO1.png","contentUrl":"https:\/\/bibliotecas.unileon.es\/tULEctura\/files\/2018\/08\/TULECTURA_LOGO1.png","width":"960","height":"258","caption":"Universidad de Le\u00f3n"},"image":{"@id":"https:\/\/bibliotecas.unileon.es\/tULEctura\/#\/schema\/logo\/image\/"},"sameAs":["https:\/\/www.facebook.com\/tulectura.unileon\/","https:\/\/x.com\/tULEctura_ULE","https:\/\/www.instagram.com\/tulectura.unileon\/","https:\/\/www.pinterest.es\/tulectura\/","https:\/\/www.youtube.com\/channel\/UCoWaDD39lVlAQcOchwlTPVw"]}]}},"_links":{"self":[{"href":"https:\/\/bibliotecas.unileon.es\/tULEctura\/wp-json\/wp\/v2\/pages\/2526","targetHints":{"allow":["GET"]}}],"collection":[{"href":"https:\/\/bibliotecas.unileon.es\/tULEctura\/wp-json\/wp\/v2\/pages"}],"about":[{"href":"https:\/\/bibliotecas.unileon.es\/tULEctura\/wp-json\/wp\/v2\/types\/page"}],"author":[{"embeddable":true,"href":"https:\/\/bibliotecas.unileon.es\/tULEctura\/wp-json\/wp\/v2\/users\/73"}],"replies":[{"embeddable":true,"href":"https:\/\/bibliotecas.unileon.es\/tULEctura\/wp-json\/wp\/v2\/comments?post=2526"}],"version-history":[{"count":0,"href":"https:\/\/bibliotecas.unileon.es\/tULEctura\/wp-json\/wp\/v2\/pages\/2526\/revisions"}],"wp:attachment":[{"href":"https:\/\/bibliotecas.unileon.es\/tULEctura\/wp-json\/wp\/v2\/media?parent=2526"}],"curies":[{"name":"wp","href":"https:\/\/api.w.org\/{rel}","templated":true}]}}