{"id":3419,"date":"2011-07-19T07:00:15","date_gmt":"2011-07-19T05:00:15","guid":{"rendered":"http:\/\/bibliotecas.unileon.es\/tULEctura\/?page_id=3419"},"modified":"2015-11-02T08:32:14","modified_gmt":"2015-11-02T07:32:14","slug":"lectura-1-los-atacantes","status":"publish","type":"page","link":"https:\/\/bibliotecas.unileon.es\/tULEctura\/pagina-ejemplo\/curso-2015-2016\/lectura-1-los-atacantes\/","title":{"rendered":"Lectura 1: Los atacantes"},"content":{"rendered":"<p><strong><em><br \/>\n<\/em><span style=\"color: #0000ff;\"><a style=\"color: #0000ff;\" href=\"http:\/\/catoute.unileon.es\/record=b1826030\" target=\"_blank\">Los<\/a><\/span><span style=\"color: #0000ff;\"><a style=\"color: #0000ff;\" href=\"http:\/\/catoute.unileon.es\/record=b1826030\" target=\"_blank\"> atac<\/a><\/span><span style=\"color: #0000ff;\"><a style=\"color: #0000ff;\" href=\"http:\/\/catoute.unileon.es\/record=b1826030\" target=\"_blank\">antes<\/a><\/span><\/strong>, de Alberto Chimal<\/p>\n<pre>Los atacantes \/ Alberto Chimal-- Madrid : P\u00e1ginas de Espuma, 2015\r\n113 p. ; 24 cm-- \u00a0(Voces. Literatura ; 217)\r\n1SBn 978-84-8393-188-2<\/pre>\n<p><img loading=\"lazy\" decoding=\"async\" class=\"alignright wp-image-3588\" src=\"http:\/\/bibliotecas.unileon.es\/tULEctura\/files\/2016\/06\/image0081.png\" alt=\"Los atacantes, de Alberto Chimal\" width=\"276\" height=\"394\" srcset=\"https:\/\/bibliotecas.unileon.es\/tULEctura\/files\/2016\/06\/image0081.png 249w, https:\/\/bibliotecas.unileon.es\/tULEctura\/files\/2016\/06\/image0081-210x300.png 210w\" sizes=\"auto, (max-width: 276px) 100vw, 276px\" \/><\/p>\n<blockquote>\n<p style=\"text-align: justify;\">Los villanos en la vida real deben parecerse a los del cine o la tele. \u00bfC\u00f3mo va a saber la gente que debe tener miedo si los monstruos no son como los que ya conoce? (Los atacantes, p\u00e1g. 16)<\/p>\n<\/blockquote>\n<p style=\"text-align: justify;\"><strong>Calendario<br \/>\n<\/strong><\/p>\n<ul>\n<li>1 de Octubre de 2015:<a href=\"http:\/\/bibliotecas.unileon.es\/tULEctura\/2015\/10\/01\/los-atacantes-coloquio-participativo-de-guia-a-la-lectura\/\"> Coloquio participativo de gu\u00eda a la lectura.<\/a><\/li>\n<li>8 de Octubre de 2015:<a href=\"http:\/\/bibliotecas.unileon.es\/tULEctura\/2015\/10\/09\/los-atacantes-coloquio-participativo-de-los-socios\/\" target=\"_blank\"> Coloquio participativo de los socios (1\u00aa parte)<\/a>. <a href=\"http:\/\/bibliotecas.unileon.es\/tULEctura\/2015\/10\/14\/los-atacantes-coloquio-participativo-de-los-socios-ii\/\" target=\"_blank\">Coloquio participativo de los socios (2\u00aa parte)<\/a>.<\/li>\n<li style=\"text-align: justify;\">15 de Octubre de 2015: <a href=\"https:\/\/videos.unileon.es\/video\/1071\" target=\"_blank\">Encuentro de los socios con Alberto Chimal (enlace al v\u00eddeo).\u00a0<\/a><\/li>\n<\/ul>\n<p><strong>Lugar \u00a0y horario<\/strong><\/p>\n<p style=\"text-align: justify;\">Los encuentros de esta \u00a0lectura tendr\u00e1n lugar en la sala de conferencias de la Biblioteca General San Isidoro a las 19:00 horas.\u00a0<strong>Se ruega puntualidad.<\/strong><\/p>\n<p style=\"text-align: justify;\"><strong><span style=\"color: #0000ff;\">Puedes empezar a leer\u00a0<a style=\"color: #0000ff;\" href=\"http:\/\/paginasdeespuma.com\/wp-content\/blogs.dir\/1\/files_mf\/1441902295CHIMALAlberto_LA_I_extracto.pdf\" class=\"mtli_attachment mtli_pdf\" target=\"_blank\">\u00abLos atacantes\u00bb<\/a>, de Alberto Chimal.<\/span><\/strong><\/p>\n<p><strong>Sinopsis<\/strong><\/p>\n<p class=\"\" style=\"text-align: justify;\">Las c\u00e1maras de seguridad nos han dado la tranquilidad de tener a alguien velando por nosotros. Pero tambi\u00e9n la incertidumbre de que siempre habr\u00e1 alg\u00fan otro vigil\u00e1ndonos. La ciencia ha erradicado enfermedades, pero tambi\u00e9n ha creado monstruos e infecciones impensables. El correo electr\u00f3nico, las redes sociales, un tel\u00e9fono en el bosillo: consuelos para la soledad, mejoras en la comunicaci\u00f3n, pero tambi\u00e9n el principio del fin. Acosadores, <em><span class=\"text-node\">stalkers<\/span><\/em>, suplantadores. Atacantes de nuestro confort.<\/p>\n<p class=\"hilight\" style=\"text-align: justify;\">Con un imaginario y una est\u00e9tica absolutamente personales, <strong>Alberto Chimal<\/strong> \u2013una de las grandes revelaciones mexicanas de los \u00faltimos a\u00f1os\u2013 nos ofrece, agazapado entre siete magistrales relatos, el terror con el que convivimos, aun sin percatarnos. Un libro de cuentos de miedo \u2013no necesariamente de horror\u2013 que mira en las esquinas m\u00e1s negras de nuestra sociedad, sin renunciar tampoco a la imaginaci\u00f3n m\u00e1s libre, a la mirada m\u00e1s fant\u00e1stica, al humor e incluso a la poes\u00eda. Aunque esta sea la poes\u00eda que llega con el final del mundo.<\/p>\n<p style=\"text-align: justify;\">El gran libro de literatura fant\u00e1stica de la temporada. Alberto Chimal\u00a0desembarca con una propuesta inquietante. (<a href=\"http:\/\/paginasdeespuma.com\/especial\/2015-segundo-semestre\/\" target=\"_blank\">Informaci\u00f3n\u00a0de la Editorial P\u00e1ginas de Espuma)\u00a0<\/a><\/p>\n<p style=\"text-align: justify;\"><iframe loading=\"lazy\" src=\"https:\/\/www.youtube.com\/embed\/nPKSquBybsU\" width=\"560\" height=\"315\" frameborder=\"0\" allowfullscreen=\"allowfullscreen\"><\/iframe>[<\/p>\n<p><strong>El autor<\/strong><\/p>\n<p style=\"text-align: right;\"><em>\u201cUno de los narradores m\u00e1s polifac\u00e9ticos e imprevisibles de la literatura hispanoamericana actual\u201d<\/em><br \/>\nMarco Kunz,\u00a0\u00abEl placer perverso de narrar\u00bb, en\u00a0<em>Quimera<\/em>,\u00a0N\u00ba\u00a0343 (junio de 2012), p. 73.<\/p>\n<p style=\"text-align: justify;\">Nacido en Toluca (M\u00e9xico) en 1970, Alberto Chimal\u00a0 es escritor, ensayista, dramaturgo y traductor; adem\u00e1s de coordinador de talleres literarios dedicados, especialmente, a la narraci\u00f3n fant\u00e1stica, g\u00e9nero en el que es uno de los autores m\u00e1s destacados hoy en d\u00eda. Estudi\u00f3 en la Escuela de Escritores de la SOGEM y en la Facultad de Filosof\u00eda y Letras de la UNAM, donde obtuvo el grado de maestro en Literatura Comparada. Desde 1993 compagina la escritura con la docencia en la Universidad Iberoamericana y la Universidad del Claustro de Sor Juana.<\/p>\n<p style=\"text-align: justify;\">Despu\u00e9s de escribir m\u00e1s de una decena de libros de relatos (premiados en diversos cert\u00e1menes), en 2009 escribe su primera novela, <em><a href=\"http:\/\/www.lashistorias.com.mx\/index.php\/archivo\/los-esclavos-2\/\" target=\"_blank\">Los esclavos<\/a>,<\/em> en la que trata el tema del poder en las relaciones de pareja. Sin embargo, Chimal se dio a conocer como practicante y estudioso de la narrativa breve, la escritura con medios digitales y la literatura fant\u00e1stica, para la que propuso la denominaci\u00f3n de <a href=\"http:\/\/www.lashistorias.com.mx\/index.php\/archivo\/literatura-mexicana-de-imaginacion\/\" target=\"_blank\">\u201cliteratura de imaginaci\u00f3n\u201d<\/a>. De esta manera, se ha llegado a considerar a este autor mexicano una figura clave en el g\u00e9nero del <strong><a href=\"https:\/\/www.youtube.com\/watch?v=h4wloL8tD6k&amp;feature=youtu.be\" target=\"_blank\">microrrelato<\/a><\/strong>, as\u00ed como en diversos g\u00e9neros surgidos en torno al texto electr\u00f3nico. Desde internet ha escrito <em><a href=\"http:\/\/www.lashistorias.com.mx\/index.php\/archivo\/83-novelas\/\" target=\"_blank\">83 novelas<\/a><\/em> y <em><a href=\"http:\/\/catoute.unileon.es\/search~S1*spi?\/achimal%2C+a\/achimal+a\/1%2C1%2C43%2CB\/frameset&amp;FF=achimal+alberto+1970&amp;42%2C%2C43\" target=\"_blank\">El Viajero del Tiempo<\/a><\/em>, ambas de 2011, y <em>El gato del Viajero del Tiempo<\/em> (2014). Dentro del g\u00e9nero del cuento, sus libros m\u00e1s recientes son: <em><a href=\"http:\/\/catoute.unileon.es\/search~S1*spi\/?searchtype=t&amp;searcharg=ultimo+explorador&amp;searchscope=1&amp;sortdropdown=-&amp;SORT=D&amp;extended=0&amp;SUBMIT=Buscar&amp;searchlimits=&amp;searchorigarg=achimal%2C+a\" target=\"_blank\">El \u00faltimo explorador<\/a><\/em> (2012), las aventuras de un personaje visionario en un siglo que se niega a la maravilla; <em>La ciudad imaginada<\/em> (2009), una colecci\u00f3n de historias fant\u00e1sticas sobre la idea de la ciudad que escapa de los lugares comunes de la literatura urbana, y <em>Grey<\/em> (2006), una colecci\u00f3n de relatos alrededor de los cultos religiosos que trata su tema a partir de las claves del humor y lo grotesco. Tiene colecciones de ensayos como <em><a href=\"http:\/\/www.lashistorias.com.mx\/index.php\/archivo\/la-generacion-z-y-otros-ensayos\/\" target=\"_blank\">La Generaci\u00f3n Z<\/a><\/em>\u00a0(2012) y\u00a0<em>La c\u00e1mara de maravillas<\/em>\u00a0(2003), el manual de escritura\u00a0<em><a href=\"http:\/\/www.lashistorias.com.mx\/index.php\/archivo\/como-empezar-a-escribir-historias\/\" target=\"_blank\">C\u00f3mo empezar a escribir historias<\/a>\u00a0<\/em>(2012) y los cuentos de\u00a0<em>El pa\u00eds de los hablistas<\/em>\u00a0(2001). En 2012, lo mejor de su obra breve se reuni\u00f3 por primera vez en la antolog\u00eda\u00a0<em><a href=\"http:\/\/catoute.unileon.es\/search~S1*spi?\/achimal%2C+a\/achimal+a\/1%2C1%2C43%2CB\/frameset&amp;FF=achimal+alberto+1970&amp;36%2C%2C43\">Siete<\/a><\/em>,\u00a0 publicada por la editorial espa\u00f1ola Salto de P\u00e1gina.<\/p>\n<p style=\"text-align: justify;\">Su segunda novela, <em><a href=\"http:\/\/catoute.unileon.es\/search~S1*spi?\/achimal%2C+a\/achimal+a\/1%2C1%2C43%2CB\/frameset&amp;FF=achimal+alberto+1970&amp;37%2C%2C43#\">La torre y el jard\u00edn<\/a><\/em>, fue finalista en 2013 del Premio Internacional de Novela R\u00f3mulo Gallegos. Tambi\u00e9n ha obtenido el Premio Bellas Artes De Narrativa Colima por la obra <em><a href=\"http:\/\/ceape.edomex.gob.mx\/sites\/ceape.edomex.gob.mx\/files\/Manda%20fuego_0.pdf\" class=\"mtli_attachment mtli_pdf\" target=\"_blank\">Manda fuego<\/a> <\/em>(2013) y el Premio Bellas Artes de Cuento San Luis Potos\u00ed, el m\u00e1s prestigioso que se otorga en M\u00e9xico a un libro de narraciones breves, por el libro <em>Esto son dos d\u00edas <\/em>(2004).<\/p>\n<p style=\"text-align: justify;\">Ha sido traducido al ingl\u00e9s, franc\u00e9s, italiano, alem\u00e1n, h\u00fangaro, farsi, hebreo, mixe, zapoteco, mixteco y esperanto, y actualmente es miembro del\u00a0<a href=\"http:\/\/fonca.conaculta.gob.mx\/programa\/sistema-nacional-de-creadores-de-arte\/\" target=\"_blank\">Sistema Nacional de Creadores de Arte<\/a>, instituci\u00f3n mexicana que fomenta y \u00a0patrocina el trabajo de artistas de diversas disciplinas.<\/p>\n<p style=\"text-align: center;\"><span style=\"color: #0000ff;\"><strong><a style=\"color: #0000ff;\" href=\"http:\/\/catoute.unileon.es\/search~S1*spi?\/achimal%2C+\/achimal\/1%2C3%2C139%2CB\/exact&amp;FF=achimal+alberto+1970&amp;1%2C137%2C\" target=\"_blank\">\u00bfQuieres encontrar la obra de \u00a0Alberto Chimal en la Universidad de Le\u00f3n?<\/a><\/strong><\/span><\/p>\n","protected":false},"excerpt":{"rendered":"<p>Los atacantes, de Alberto Chimal Los atacantes \/ Alberto Chimal&#8211; Madrid : P\u00e1ginas de Espuma, 2015 113 p. ; 24 cm&#8211; \u00a0(Voces. Literatura ; 217) 1SBn 978-84-8393-188-2 Los villanos en la vida real deben parecerse a los del cine o la tele. \u00bfC\u00f3mo va a saber la gente que debe tener miedo si los monstruos [&hellip;]<\/p>\n","protected":false},"author":73,"featured_media":0,"parent":3417,"menu_order":1,"comment_status":"open","ping_status":"closed","template":"","meta":{"_bbp_topic_count":0,"_bbp_reply_count":0,"_bbp_total_topic_count":0,"_bbp_total_reply_count":0,"_bbp_voice_count":0,"_bbp_anonymous_reply_count":0,"_bbp_topic_count_hidden":0,"_bbp_reply_count_hidden":0,"_bbp_forum_subforum_count":0,"_monsterinsights_skip_tracking":false,"_monsterinsights_sitenote_active":false,"_monsterinsights_sitenote_note":"","_monsterinsights_sitenote_category":0,"footnotes":""},"class_list":["post-3419","page","type-page","status-publish","hentry"],"yoast_head":"<!-- This site is optimized with the Yoast SEO plugin v25.8 - https:\/\/yoast.com\/wordpress\/plugins\/seo\/ -->\n<title>Lectura 1: Los atacantes - tULEctura<\/title>\n<meta name=\"robots\" content=\"index, follow, max-snippet:-1, max-image-preview:large, max-video-preview:-1\" \/>\n<link rel=\"canonical\" href=\"https:\/\/bibliotecas.unileon.es\/tULEctura\/pagina-ejemplo\/curso-2015-2016\/lectura-1-los-atacantes\/\" \/>\n<meta property=\"og:locale\" content=\"es_ES\" \/>\n<meta property=\"og:type\" content=\"article\" \/>\n<meta property=\"og:title\" content=\"Lectura 1: Los atacantes - tULEctura\" \/>\n<meta property=\"og:description\" content=\"Los atacantes, de Alberto Chimal Los atacantes \/ Alberto Chimal-- Madrid : P\u00e1ginas de Espuma, 2015 113 p. ; 24 cm-- \u00a0(Voces. Literatura ; 217) 1SBn 978-84-8393-188-2 Los villanos en la vida real deben parecerse a los del cine o la tele. \u00bfC\u00f3mo va a saber la gente que debe tener miedo si los monstruos [&hellip;]\" \/>\n<meta property=\"og:url\" content=\"https:\/\/bibliotecas.unileon.es\/tULEctura\/pagina-ejemplo\/curso-2015-2016\/lectura-1-los-atacantes\/\" \/>\n<meta property=\"og:site_name\" content=\"tULEctura\" \/>\n<meta property=\"article:publisher\" content=\"https:\/\/www.facebook.com\/tulectura.unileon\/\" \/>\n<meta property=\"article:modified_time\" content=\"2015-11-02T07:32:14+00:00\" \/>\n<meta property=\"og:image\" content=\"https:\/\/bibliotecas.unileon.es\/tULEctura\/files\/2016\/06\/image0081.png\" \/>\n\t<meta property=\"og:image:width\" content=\"249\" \/>\n\t<meta property=\"og:image:height\" content=\"356\" \/>\n\t<meta property=\"og:image:type\" content=\"image\/png\" \/>\n<meta name=\"twitter:card\" content=\"summary_large_image\" \/>\n<meta name=\"twitter:site\" content=\"@tULEctura_ULE\" \/>\n<meta name=\"twitter:label1\" content=\"Tiempo de lectura\" \/>\n\t<meta name=\"twitter:data1\" content=\"4 minutos\" \/>\n<script type=\"application\/ld+json\" class=\"yoast-schema-graph\">{\"@context\":\"https:\/\/schema.org\",\"@graph\":[{\"@type\":\"WebPage\",\"@id\":\"https:\/\/bibliotecas.unileon.es\/tULEctura\/pagina-ejemplo\/curso-2015-2016\/lectura-1-los-atacantes\/\",\"url\":\"https:\/\/bibliotecas.unileon.es\/tULEctura\/pagina-ejemplo\/curso-2015-2016\/lectura-1-los-atacantes\/\",\"name\":\"Lectura 1: Los atacantes - tULEctura\",\"isPartOf\":{\"@id\":\"https:\/\/bibliotecas.unileon.es\/tULEctura\/#website\"},\"primaryImageOfPage\":{\"@id\":\"https:\/\/bibliotecas.unileon.es\/tULEctura\/pagina-ejemplo\/curso-2015-2016\/lectura-1-los-atacantes\/#primaryimage\"},\"image\":{\"@id\":\"https:\/\/bibliotecas.unileon.es\/tULEctura\/pagina-ejemplo\/curso-2015-2016\/lectura-1-los-atacantes\/#primaryimage\"},\"thumbnailUrl\":\"http:\/\/bibliotecas.unileon.es\/tULEctura\/files\/2016\/06\/image0081.png\",\"datePublished\":\"2011-07-19T05:00:15+00:00\",\"dateModified\":\"2015-11-02T07:32:14+00:00\",\"breadcrumb\":{\"@id\":\"https:\/\/bibliotecas.unileon.es\/tULEctura\/pagina-ejemplo\/curso-2015-2016\/lectura-1-los-atacantes\/#breadcrumb\"},\"inLanguage\":\"es\",\"potentialAction\":[{\"@type\":\"ReadAction\",\"target\":[\"https:\/\/bibliotecas.unileon.es\/tULEctura\/pagina-ejemplo\/curso-2015-2016\/lectura-1-los-atacantes\/\"]}]},{\"@type\":\"ImageObject\",\"inLanguage\":\"es\",\"@id\":\"https:\/\/bibliotecas.unileon.es\/tULEctura\/pagina-ejemplo\/curso-2015-2016\/lectura-1-los-atacantes\/#primaryimage\",\"url\":\"https:\/\/bibliotecas.unileon.es\/tULEctura\/files\/2016\/06\/image0081.png\",\"contentUrl\":\"https:\/\/bibliotecas.unileon.es\/tULEctura\/files\/2016\/06\/image0081.png\",\"width\":249,\"height\":356,\"caption\":\"Los atacantes, de Alberto Chimal\"},{\"@type\":\"BreadcrumbList\",\"@id\":\"https:\/\/bibliotecas.unileon.es\/tULEctura\/pagina-ejemplo\/curso-2015-2016\/lectura-1-los-atacantes\/#breadcrumb\",\"itemListElement\":[{\"@type\":\"ListItem\",\"position\":1,\"name\":\"Home\",\"item\":\"https:\/\/bibliotecas.unileon.es\/tULEctura\/\"},{\"@type\":\"ListItem\",\"position\":2,\"name\":\"Club de Lectura\",\"item\":\"https:\/\/bibliotecas.unileon.es\/tULEctura\/pagina-ejemplo\/\"},{\"@type\":\"ListItem\",\"position\":3,\"name\":\"Curso 2015-2016\",\"item\":\"https:\/\/bibliotecas.unileon.es\/tULEctura\/pagina-ejemplo\/curso-2015-2016\/\"},{\"@type\":\"ListItem\",\"position\":4,\"name\":\"Lectura 1: Los atacantes\"}]},{\"@type\":\"WebSite\",\"@id\":\"https:\/\/bibliotecas.unileon.es\/tULEctura\/#website\",\"url\":\"https:\/\/bibliotecas.unileon.es\/tULEctura\/\",\"name\":\"tULEctura\",\"description\":\"Espacio de la Universidad de Le\u00f3n dedicado a la lectura\",\"publisher\":{\"@id\":\"https:\/\/bibliotecas.unileon.es\/tULEctura\/#organization\"},\"potentialAction\":[{\"@type\":\"SearchAction\",\"target\":{\"@type\":\"EntryPoint\",\"urlTemplate\":\"https:\/\/bibliotecas.unileon.es\/tULEctura\/?s={search_term_string}\"},\"query-input\":{\"@type\":\"PropertyValueSpecification\",\"valueRequired\":true,\"valueName\":\"search_term_string\"}}],\"inLanguage\":\"es\"},{\"@type\":\"Organization\",\"@id\":\"https:\/\/bibliotecas.unileon.es\/tULEctura\/#organization\",\"name\":\"Universidad de Le\u00f3n\",\"url\":\"https:\/\/bibliotecas.unileon.es\/tULEctura\/\",\"logo\":{\"@type\":\"ImageObject\",\"inLanguage\":\"es\",\"@id\":\"https:\/\/bibliotecas.unileon.es\/tULEctura\/#\/schema\/logo\/image\/\",\"url\":\"https:\/\/bibliotecas.unileon.es\/tULEctura\/files\/2018\/08\/TULECTURA_LOGO1.png\",\"contentUrl\":\"https:\/\/bibliotecas.unileon.es\/tULEctura\/files\/2018\/08\/TULECTURA_LOGO1.png\",\"width\":\"960\",\"height\":\"258\",\"caption\":\"Universidad de Le\u00f3n\"},\"image\":{\"@id\":\"https:\/\/bibliotecas.unileon.es\/tULEctura\/#\/schema\/logo\/image\/\"},\"sameAs\":[\"https:\/\/www.facebook.com\/tulectura.unileon\/\",\"https:\/\/x.com\/tULEctura_ULE\",\"https:\/\/www.instagram.com\/tulectura.unileon\/\",\"https:\/\/www.pinterest.es\/tulectura\/\",\"https:\/\/www.youtube.com\/channel\/UCoWaDD39lVlAQcOchwlTPVw\"]}]}<\/script>\n<!-- \/ Yoast SEO plugin. -->","yoast_head_json":{"title":"Lectura 1: Los atacantes - tULEctura","robots":{"index":"index","follow":"follow","max-snippet":"max-snippet:-1","max-image-preview":"max-image-preview:large","max-video-preview":"max-video-preview:-1"},"canonical":"https:\/\/bibliotecas.unileon.es\/tULEctura\/pagina-ejemplo\/curso-2015-2016\/lectura-1-los-atacantes\/","og_locale":"es_ES","og_type":"article","og_title":"Lectura 1: Los atacantes - tULEctura","og_description":"Los atacantes, de Alberto Chimal Los atacantes \/ Alberto Chimal-- Madrid : P\u00e1ginas de Espuma, 2015 113 p. ; 24 cm-- \u00a0(Voces. Literatura ; 217) 1SBn 978-84-8393-188-2 Los villanos en la vida real deben parecerse a los del cine o la tele. \u00bfC\u00f3mo va a saber la gente que debe tener miedo si los monstruos [&hellip;]","og_url":"https:\/\/bibliotecas.unileon.es\/tULEctura\/pagina-ejemplo\/curso-2015-2016\/lectura-1-los-atacantes\/","og_site_name":"tULEctura","article_publisher":"https:\/\/www.facebook.com\/tulectura.unileon\/","article_modified_time":"2015-11-02T07:32:14+00:00","og_image":[{"width":249,"height":356,"url":"https:\/\/bibliotecas.unileon.es\/tULEctura\/files\/2016\/06\/image0081.png","type":"image\/png"}],"twitter_card":"summary_large_image","twitter_site":"@tULEctura_ULE","twitter_misc":{"Tiempo de lectura":"4 minutos"},"schema":{"@context":"https:\/\/schema.org","@graph":[{"@type":"WebPage","@id":"https:\/\/bibliotecas.unileon.es\/tULEctura\/pagina-ejemplo\/curso-2015-2016\/lectura-1-los-atacantes\/","url":"https:\/\/bibliotecas.unileon.es\/tULEctura\/pagina-ejemplo\/curso-2015-2016\/lectura-1-los-atacantes\/","name":"Lectura 1: Los atacantes - tULEctura","isPartOf":{"@id":"https:\/\/bibliotecas.unileon.es\/tULEctura\/#website"},"primaryImageOfPage":{"@id":"https:\/\/bibliotecas.unileon.es\/tULEctura\/pagina-ejemplo\/curso-2015-2016\/lectura-1-los-atacantes\/#primaryimage"},"image":{"@id":"https:\/\/bibliotecas.unileon.es\/tULEctura\/pagina-ejemplo\/curso-2015-2016\/lectura-1-los-atacantes\/#primaryimage"},"thumbnailUrl":"http:\/\/bibliotecas.unileon.es\/tULEctura\/files\/2016\/06\/image0081.png","datePublished":"2011-07-19T05:00:15+00:00","dateModified":"2015-11-02T07:32:14+00:00","breadcrumb":{"@id":"https:\/\/bibliotecas.unileon.es\/tULEctura\/pagina-ejemplo\/curso-2015-2016\/lectura-1-los-atacantes\/#breadcrumb"},"inLanguage":"es","potentialAction":[{"@type":"ReadAction","target":["https:\/\/bibliotecas.unileon.es\/tULEctura\/pagina-ejemplo\/curso-2015-2016\/lectura-1-los-atacantes\/"]}]},{"@type":"ImageObject","inLanguage":"es","@id":"https:\/\/bibliotecas.unileon.es\/tULEctura\/pagina-ejemplo\/curso-2015-2016\/lectura-1-los-atacantes\/#primaryimage","url":"https:\/\/bibliotecas.unileon.es\/tULEctura\/files\/2016\/06\/image0081.png","contentUrl":"https:\/\/bibliotecas.unileon.es\/tULEctura\/files\/2016\/06\/image0081.png","width":249,"height":356,"caption":"Los atacantes, de Alberto Chimal"},{"@type":"BreadcrumbList","@id":"https:\/\/bibliotecas.unileon.es\/tULEctura\/pagina-ejemplo\/curso-2015-2016\/lectura-1-los-atacantes\/#breadcrumb","itemListElement":[{"@type":"ListItem","position":1,"name":"Home","item":"https:\/\/bibliotecas.unileon.es\/tULEctura\/"},{"@type":"ListItem","position":2,"name":"Club de Lectura","item":"https:\/\/bibliotecas.unileon.es\/tULEctura\/pagina-ejemplo\/"},{"@type":"ListItem","position":3,"name":"Curso 2015-2016","item":"https:\/\/bibliotecas.unileon.es\/tULEctura\/pagina-ejemplo\/curso-2015-2016\/"},{"@type":"ListItem","position":4,"name":"Lectura 1: Los atacantes"}]},{"@type":"WebSite","@id":"https:\/\/bibliotecas.unileon.es\/tULEctura\/#website","url":"https:\/\/bibliotecas.unileon.es\/tULEctura\/","name":"tULEctura","description":"Espacio de la Universidad de Le\u00f3n dedicado a la lectura","publisher":{"@id":"https:\/\/bibliotecas.unileon.es\/tULEctura\/#organization"},"potentialAction":[{"@type":"SearchAction","target":{"@type":"EntryPoint","urlTemplate":"https:\/\/bibliotecas.unileon.es\/tULEctura\/?s={search_term_string}"},"query-input":{"@type":"PropertyValueSpecification","valueRequired":true,"valueName":"search_term_string"}}],"inLanguage":"es"},{"@type":"Organization","@id":"https:\/\/bibliotecas.unileon.es\/tULEctura\/#organization","name":"Universidad de Le\u00f3n","url":"https:\/\/bibliotecas.unileon.es\/tULEctura\/","logo":{"@type":"ImageObject","inLanguage":"es","@id":"https:\/\/bibliotecas.unileon.es\/tULEctura\/#\/schema\/logo\/image\/","url":"https:\/\/bibliotecas.unileon.es\/tULEctura\/files\/2018\/08\/TULECTURA_LOGO1.png","contentUrl":"https:\/\/bibliotecas.unileon.es\/tULEctura\/files\/2018\/08\/TULECTURA_LOGO1.png","width":"960","height":"258","caption":"Universidad de Le\u00f3n"},"image":{"@id":"https:\/\/bibliotecas.unileon.es\/tULEctura\/#\/schema\/logo\/image\/"},"sameAs":["https:\/\/www.facebook.com\/tulectura.unileon\/","https:\/\/x.com\/tULEctura_ULE","https:\/\/www.instagram.com\/tulectura.unileon\/","https:\/\/www.pinterest.es\/tulectura\/","https:\/\/www.youtube.com\/channel\/UCoWaDD39lVlAQcOchwlTPVw"]}]}},"_links":{"self":[{"href":"https:\/\/bibliotecas.unileon.es\/tULEctura\/wp-json\/wp\/v2\/pages\/3419","targetHints":{"allow":["GET"]}}],"collection":[{"href":"https:\/\/bibliotecas.unileon.es\/tULEctura\/wp-json\/wp\/v2\/pages"}],"about":[{"href":"https:\/\/bibliotecas.unileon.es\/tULEctura\/wp-json\/wp\/v2\/types\/page"}],"author":[{"embeddable":true,"href":"https:\/\/bibliotecas.unileon.es\/tULEctura\/wp-json\/wp\/v2\/users\/73"}],"replies":[{"embeddable":true,"href":"https:\/\/bibliotecas.unileon.es\/tULEctura\/wp-json\/wp\/v2\/comments?post=3419"}],"version-history":[{"count":1,"href":"https:\/\/bibliotecas.unileon.es\/tULEctura\/wp-json\/wp\/v2\/pages\/3419\/revisions"}],"predecessor-version":[{"id":3422,"href":"https:\/\/bibliotecas.unileon.es\/tULEctura\/wp-json\/wp\/v2\/pages\/3419\/revisions\/3422"}],"up":[{"embeddable":true,"href":"https:\/\/bibliotecas.unileon.es\/tULEctura\/wp-json\/wp\/v2\/pages\/3417"}],"wp:attachment":[{"href":"https:\/\/bibliotecas.unileon.es\/tULEctura\/wp-json\/wp\/v2\/media?parent=3419"}],"curies":[{"name":"wp","href":"https:\/\/api.w.org\/{rel}","templated":true}]}}