{"id":3596,"date":"2015-07-19T07:00:07","date_gmt":"2015-07-19T05:00:07","guid":{"rendered":"http:\/\/bibliotecas.unileon.es\/tULEctura\/?page_id=3596"},"modified":"2015-11-21T18:58:54","modified_gmt":"2015-11-21T17:58:54","slug":"lectura-3-el-jardinero-fiel","status":"publish","type":"page","link":"https:\/\/bibliotecas.unileon.es\/tULEctura\/pagina-ejemplo\/curso-2015-2016\/lectura-3-el-jardinero-fiel\/","title":{"rendered":"Lectura 3: El jardinero fiel"},"content":{"rendered":"<p><strong><a href=\"http:\/\/catoute.unileon.es\/record=b1822245\"><span style=\"color: #0000ff;\">El jardinero fiel<\/span><\/a><\/strong>, de John Le Carr\u00e9<\/p>\n<pre>El jardinero fiel \/ John Le Carr\u00e9-- 13\u00aa ed-- Barcelona : Debolsillo, 2009\r\n619 p. ; 19 cm-- (Biblioteca John Le Carr\u00e9 ; 99\/19)\r\nISBN\u00a09788497592949\r\n\r\n\r\n<\/pre>\n<p><a href=\"http:\/\/bibliotecas.unileon.es\/tULEctura\/files\/2015\/07\/9788497592949.jpg\"><img loading=\"lazy\" decoding=\"async\" class=\"alignright wp-image-3599\" src=\"http:\/\/bibliotecas.unileon.es\/tULEctura\/files\/2015\/07\/9788497592949.jpg\" alt=\"9788497592949\" width=\"267\" height=\"404\" srcset=\"https:\/\/bibliotecas.unileon.es\/tULEctura\/files\/2015\/07\/9788497592949.jpg 507w, https:\/\/bibliotecas.unileon.es\/tULEctura\/files\/2015\/07\/9788497592949-198x300.jpg 198w\" sizes=\"auto, (max-width: 267px) 100vw, 267px\" \/><\/a><\/p>\n<blockquote>\n<p style=\"text-align: justify;\"><em>\u00abAh, pero un hombre debe abarcar m\u00e1s de lo que tiene al alcance de su mano, \u00bfo para qu\u00e9 est\u00e1 el cielo, si no<\/em>?\u00bb\u00a0(Ep\u00edgrafe de \u00abEl jardinero fiel\u00bb perteneciente al mon\u00f3logo dram\u00e1tico \u00abAndrea del Sarto\u00bb, de Robert Browining).<\/p>\n<\/blockquote>\n<p style=\"text-align: justify;\"><strong>Calendario<\/strong><\/p>\n<ul>\n<li style=\"text-align: justify;\">12\u00a0de noviembre\u00a0de 2015: <a href=\"http:\/\/bibliotecas.unileon.es\/tULEctura\/2015\/11\/12\/3954\/\" target=\"_blank\">Coloquio participativo de gu\u00eda a la lectura.<\/a><\/li>\n<li style=\"text-align: justify;\">26 de noviembre de 2015: <a href=\"http:\/\/bibliotecas.unileon.es\/tULEctura\/2015\/11\/20\/el-jardinero-fiel\/\" target=\"_blank\">Coloquio participativo de los socios.<\/a><\/li>\n<\/ul>\n<p>&nbsp;<\/p>\n<p><strong>Lugar \u00a0y horario<\/strong><\/p>\n<p style=\"text-align: justify;\">Los encuentros de esta \u00a0lectura tendr\u00e1n lugar en la sala de conferencias de la Biblioteca General San Isidoro a las 19:00 horas.\u00a0<strong>Se ruega puntualidad<\/strong><\/p>\n<p>&nbsp;<\/p>\n<p><span style=\"color: #0000ff;\"><strong><a style=\"color: #0000ff;\" href=\"http:\/\/catoute.unileon.es\/search~S1*spi?\/ale+carre\/ale+carre\/1%2C3%2C13%2CB\/exact&amp;FF=ale+carre+john+1931&amp;1%2C11%2C\" target=\"_blank\">\u00bfQuieres encontrar la obra de John le Carr\u00e9 en la Universidad de Le\u00f3n?<\/a><\/strong><\/span><\/p>\n<p>&nbsp;<\/p>\n<p><strong>Sinopsis (<\/strong><strong>Informaci\u00f3n contenida en la contraportada):<\/strong><\/p>\n<p style=\"text-align: justify;\">Cerca del lago Turkana, en el norte de Kenia, Tessa Quayle, una mujer joven y bella, es asesinada. Su supuesto amante africano y compa\u00f1ero de viaje, un m\u00e9dico al servicio de una ONG, ha desaparecido del escenario del crimen. El marido de Tessa, Justin, aficionado a la jardiner\u00eda y diplom\u00e1tico destinado en la embajada brit\u00e1nic<span id=\"sinopsis\" class=\"expand-content expand-hide\">a de Nairobi, emprende su particular odisea para descubrir a los asesinos y sus motivos. Sus indagaciones lo llevan al Foreign Office de Londres, a varios pa\u00edses de Europa, a Canad\u00e1 y de nuevo a \u00c1frica, a lo m\u00e1s profundo del sur de Sud\u00e1n, y por \u00faltimo al lugar mismo en que Tessa muri\u00f3. En el camino encontrar\u00e1 terror, violencia, situaciones c\u00f3micas, conspiraciones e informaci\u00f3n. Pero su mayor descubrimiento ser\u00e1 la mujer a la que apenas tuvo tiempo de amar.<\/span><\/p>\n<p style=\"text-align: justify;\"><strong>El autor<\/strong><\/p>\n<p style=\"text-align: justify;\"><span style=\"color: #0000ff;\"><strong><a style=\"color: #0000ff;\" href=\"http:\/\/www.johnlecarre.com\/\" target=\"_blank\">John Le Carr\u00e9<\/a>\u00a0<\/strong><\/span>\u00a0(seud\u00f3nimo de\u00a0David John Moore Cornwell<strong>)<\/strong>\u00a0naci\u00f3 en Dorset, Inglaterra, en 1931.\u00a0Despu\u00e9s de\u00a0recibir educaci\u00f3n\u00a0en las universidades de Berna y Oxford, pas\u00f3 a ense\u00f1ar en Eton antes de convertirse en un oficial del MI5. En 1960, fue trasladado al MI6, el servicio de inteligencia exterior, en la embajada brit\u00e1nica en Bonn. El antiguo profesor convertido en esp\u00eda descubri\u00f3, durante este per\u00edodo, \u00a0su pasi\u00f3n por la escritura y \u00a0public\u00f3\u00a0<em>Convocatoria de los Muertos\u00a0(<\/em>1961) y <em>Un asesinato de calidad\u00a0<\/em>en (1962) antes de escribir lo que se considera en gran parte \u00a0una de las grandes novelas del siglo XX:\u00a0<em>El esp\u00eda que surgi\u00f3 del fr\u00edo\u00a0<\/em>(1963).<\/p>\n<p style=\"text-align: justify;\">Hasta la \u00faltima de ellas,\u00a0<em><a href=\"http:\/\/ep00.epimg.net\/descargables\/2013\/10\/02\/479905cb8c5c28d699fc7a7f239b0bc5.pdf\" class=\"mtli_attachment mtli_pdf\" target=\"_blank\">Una verdad delicada<\/a><\/em> (2013), ha escrito m\u00e1s de una veintena de exitosas novelas \u00a0que suponen un\u00a0referente en su\u00a0tem\u00e1tica. La obra de John le Carr\u00e9 est\u00e1\u00a0especializada en relatos de suspense y espionaje ambientados en la \u00e9poca de la Guerra Fr\u00eda, aunque progresivamente\u00a0\u00a0ha actualizado su materia argumental\u00a0al incorporar realidades m\u00e1s contempor\u00e1neas\u00a0como el creciente terrorismo isl\u00e1mico, la inmigraci\u00f3n, \u00a0las escandalosas pol\u00edticas de las industrias farmac\u00e9utica o las\u00a0s\u00f3rdidas intrigas de la pol\u00edtica internacional. Y todo ello, siempre, dentro de historias fren\u00e9ticas con\u00a0tramas intrincadas llenas de sobornos, encubrimientos y conspiraciones.<\/p>\n<p style=\"text-align: justify;\">Es casi imposible no haber visto ninguna\u00a0pel\u00edcula basada en alguna obra\u00a0de John le Carr\u00e9, pues varias de sus novelas se han adaptado para la pantalla de cine. Por citar solo algunas mencionaremos que\u00a0<em>El sastre de Panam\u00e1 <\/em>fue filmada en 2001, \u00a0<em>El topo<\/em> (basada en\u00a0<em>Tinker, Tailor, Soldier, Spy) <\/em>en 2011, y la reciente\u00a0<em>El hombre m\u00e1s buscado\u00a0<\/em>en 2014.\u00a0 El jardinero fiel, esta\u00a0tercera lectura, tambi\u00e9n llevada a la pantalla en \u00a0el a\u00f1o 2005, es un ejemplo claro de las nuevas tem\u00e1ticas que reflejan la falta de escr\u00fapulos de empresas o las\u00a0instituciones que maniobran\u00a0impunemente \u00a0en\u00a0\u00a0un complejo entorno globalizado.<\/p>\n<p><strong>La pel\u00edcula<\/strong><\/p>\n<p><strong>\u00a0<\/strong><iframe loading=\"lazy\" src=\"https:\/\/www.youtube.com\/embed\/DKVovBHgaP8?rel=0\" width=\"853\" height=\"480\" frameborder=\"0\" allowfullscreen=\"allowfullscreen\"><\/iframe><\/p>\n","protected":false},"excerpt":{"rendered":"<p>El jardinero fiel, de John Le Carr\u00e9 El jardinero fiel \/ John Le Carr\u00e9&#8211; 13\u00aa ed&#8211; Barcelona : Debolsillo, 2009 619 p. ; 19 cm&#8211; (Biblioteca John Le Carr\u00e9 ; 99\/19) ISBN\u00a09788497592949 \u00abAh, pero un hombre debe abarcar m\u00e1s de lo que tiene al alcance de su mano, \u00bfo para qu\u00e9 est\u00e1 el cielo, si [&hellip;]<\/p>\n","protected":false},"author":73,"featured_media":0,"parent":3417,"menu_order":3,"comment_status":"open","ping_status":"closed","template":"","meta":{"_bbp_topic_count":0,"_bbp_reply_count":0,"_bbp_total_topic_count":0,"_bbp_total_reply_count":0,"_bbp_voice_count":0,"_bbp_anonymous_reply_count":0,"_bbp_topic_count_hidden":0,"_bbp_reply_count_hidden":0,"_bbp_forum_subforum_count":0,"_monsterinsights_skip_tracking":false,"_monsterinsights_sitenote_active":false,"_monsterinsights_sitenote_note":"","_monsterinsights_sitenote_category":0,"footnotes":""},"class_list":["post-3596","page","type-page","status-publish","hentry"],"yoast_head":"<!-- This site is optimized with the Yoast SEO plugin v25.8 - https:\/\/yoast.com\/wordpress\/plugins\/seo\/ -->\n<title>Lectura 3: El jardinero fiel - tULEctura<\/title>\n<meta name=\"robots\" content=\"index, follow, max-snippet:-1, max-image-preview:large, max-video-preview:-1\" \/>\n<link rel=\"canonical\" href=\"https:\/\/bibliotecas.unileon.es\/tULEctura\/pagina-ejemplo\/curso-2015-2016\/lectura-3-el-jardinero-fiel\/\" \/>\n<meta property=\"og:locale\" content=\"es_ES\" \/>\n<meta property=\"og:type\" content=\"article\" \/>\n<meta property=\"og:title\" content=\"Lectura 3: El jardinero fiel - tULEctura\" \/>\n<meta property=\"og:description\" content=\"El jardinero fiel, de John Le Carr\u00e9 El jardinero fiel \/ John Le Carr\u00e9-- 13\u00aa ed-- Barcelona : Debolsillo, 2009 619 p. ; 19 cm-- (Biblioteca John Le Carr\u00e9 ; 99\/19) ISBN\u00a09788497592949 \u00abAh, pero un hombre debe abarcar m\u00e1s de lo que tiene al alcance de su mano, \u00bfo para qu\u00e9 est\u00e1 el cielo, si [&hellip;]\" \/>\n<meta property=\"og:url\" content=\"https:\/\/bibliotecas.unileon.es\/tULEctura\/pagina-ejemplo\/curso-2015-2016\/lectura-3-el-jardinero-fiel\/\" \/>\n<meta property=\"og:site_name\" content=\"tULEctura\" \/>\n<meta property=\"article:publisher\" content=\"https:\/\/www.facebook.com\/tulectura.unileon\/\" \/>\n<meta property=\"article:modified_time\" content=\"2015-11-21T17:58:54+00:00\" \/>\n<meta property=\"og:image\" content=\"https:\/\/bibliotecas.unileon.es\/tULEctura\/files\/2015\/07\/9788497592949.jpg\" \/>\n\t<meta property=\"og:image:width\" content=\"507\" \/>\n\t<meta property=\"og:image:height\" content=\"768\" \/>\n\t<meta property=\"og:image:type\" content=\"image\/jpeg\" \/>\n<meta name=\"twitter:card\" content=\"summary_large_image\" \/>\n<meta name=\"twitter:site\" content=\"@tULEctura_ULE\" \/>\n<meta name=\"twitter:label1\" content=\"Tiempo de lectura\" \/>\n\t<meta name=\"twitter:data1\" content=\"3 minutos\" \/>\n<script type=\"application\/ld+json\" class=\"yoast-schema-graph\">{\"@context\":\"https:\/\/schema.org\",\"@graph\":[{\"@type\":\"WebPage\",\"@id\":\"https:\/\/bibliotecas.unileon.es\/tULEctura\/pagina-ejemplo\/curso-2015-2016\/lectura-3-el-jardinero-fiel\/\",\"url\":\"https:\/\/bibliotecas.unileon.es\/tULEctura\/pagina-ejemplo\/curso-2015-2016\/lectura-3-el-jardinero-fiel\/\",\"name\":\"Lectura 3: El jardinero fiel - tULEctura\",\"isPartOf\":{\"@id\":\"https:\/\/bibliotecas.unileon.es\/tULEctura\/#website\"},\"primaryImageOfPage\":{\"@id\":\"https:\/\/bibliotecas.unileon.es\/tULEctura\/pagina-ejemplo\/curso-2015-2016\/lectura-3-el-jardinero-fiel\/#primaryimage\"},\"image\":{\"@id\":\"https:\/\/bibliotecas.unileon.es\/tULEctura\/pagina-ejemplo\/curso-2015-2016\/lectura-3-el-jardinero-fiel\/#primaryimage\"},\"thumbnailUrl\":\"http:\/\/bibliotecas.unileon.es\/tULEctura\/files\/2015\/07\/9788497592949.jpg\",\"datePublished\":\"2015-07-19T05:00:07+00:00\",\"dateModified\":\"2015-11-21T17:58:54+00:00\",\"breadcrumb\":{\"@id\":\"https:\/\/bibliotecas.unileon.es\/tULEctura\/pagina-ejemplo\/curso-2015-2016\/lectura-3-el-jardinero-fiel\/#breadcrumb\"},\"inLanguage\":\"es\",\"potentialAction\":[{\"@type\":\"ReadAction\",\"target\":[\"https:\/\/bibliotecas.unileon.es\/tULEctura\/pagina-ejemplo\/curso-2015-2016\/lectura-3-el-jardinero-fiel\/\"]}]},{\"@type\":\"ImageObject\",\"inLanguage\":\"es\",\"@id\":\"https:\/\/bibliotecas.unileon.es\/tULEctura\/pagina-ejemplo\/curso-2015-2016\/lectura-3-el-jardinero-fiel\/#primaryimage\",\"url\":\"http:\/\/bibliotecas.unileon.es\/tULEctura\/files\/2015\/07\/9788497592949.jpg\",\"contentUrl\":\"http:\/\/bibliotecas.unileon.es\/tULEctura\/files\/2015\/07\/9788497592949.jpg\"},{\"@type\":\"BreadcrumbList\",\"@id\":\"https:\/\/bibliotecas.unileon.es\/tULEctura\/pagina-ejemplo\/curso-2015-2016\/lectura-3-el-jardinero-fiel\/#breadcrumb\",\"itemListElement\":[{\"@type\":\"ListItem\",\"position\":1,\"name\":\"Home\",\"item\":\"https:\/\/bibliotecas.unileon.es\/tULEctura\/\"},{\"@type\":\"ListItem\",\"position\":2,\"name\":\"Club de Lectura\",\"item\":\"https:\/\/bibliotecas.unileon.es\/tULEctura\/pagina-ejemplo\/\"},{\"@type\":\"ListItem\",\"position\":3,\"name\":\"Curso 2015-2016\",\"item\":\"https:\/\/bibliotecas.unileon.es\/tULEctura\/pagina-ejemplo\/curso-2015-2016\/\"},{\"@type\":\"ListItem\",\"position\":4,\"name\":\"Lectura 3: El jardinero fiel\"}]},{\"@type\":\"WebSite\",\"@id\":\"https:\/\/bibliotecas.unileon.es\/tULEctura\/#website\",\"url\":\"https:\/\/bibliotecas.unileon.es\/tULEctura\/\",\"name\":\"tULEctura\",\"description\":\"Espacio de la Universidad de Le\u00f3n dedicado a la lectura\",\"publisher\":{\"@id\":\"https:\/\/bibliotecas.unileon.es\/tULEctura\/#organization\"},\"potentialAction\":[{\"@type\":\"SearchAction\",\"target\":{\"@type\":\"EntryPoint\",\"urlTemplate\":\"https:\/\/bibliotecas.unileon.es\/tULEctura\/?s={search_term_string}\"},\"query-input\":{\"@type\":\"PropertyValueSpecification\",\"valueRequired\":true,\"valueName\":\"search_term_string\"}}],\"inLanguage\":\"es\"},{\"@type\":\"Organization\",\"@id\":\"https:\/\/bibliotecas.unileon.es\/tULEctura\/#organization\",\"name\":\"Universidad de Le\u00f3n\",\"url\":\"https:\/\/bibliotecas.unileon.es\/tULEctura\/\",\"logo\":{\"@type\":\"ImageObject\",\"inLanguage\":\"es\",\"@id\":\"https:\/\/bibliotecas.unileon.es\/tULEctura\/#\/schema\/logo\/image\/\",\"url\":\"https:\/\/bibliotecas.unileon.es\/tULEctura\/files\/2018\/08\/TULECTURA_LOGO1.png\",\"contentUrl\":\"https:\/\/bibliotecas.unileon.es\/tULEctura\/files\/2018\/08\/TULECTURA_LOGO1.png\",\"width\":\"960\",\"height\":\"258\",\"caption\":\"Universidad de Le\u00f3n\"},\"image\":{\"@id\":\"https:\/\/bibliotecas.unileon.es\/tULEctura\/#\/schema\/logo\/image\/\"},\"sameAs\":[\"https:\/\/www.facebook.com\/tulectura.unileon\/\",\"https:\/\/x.com\/tULEctura_ULE\",\"https:\/\/www.instagram.com\/tulectura.unileon\/\",\"https:\/\/www.pinterest.es\/tulectura\/\",\"https:\/\/www.youtube.com\/channel\/UCoWaDD39lVlAQcOchwlTPVw\"]}]}<\/script>\n<!-- \/ Yoast SEO plugin. -->","yoast_head_json":{"title":"Lectura 3: El jardinero fiel - tULEctura","robots":{"index":"index","follow":"follow","max-snippet":"max-snippet:-1","max-image-preview":"max-image-preview:large","max-video-preview":"max-video-preview:-1"},"canonical":"https:\/\/bibliotecas.unileon.es\/tULEctura\/pagina-ejemplo\/curso-2015-2016\/lectura-3-el-jardinero-fiel\/","og_locale":"es_ES","og_type":"article","og_title":"Lectura 3: El jardinero fiel - tULEctura","og_description":"El jardinero fiel, de John Le Carr\u00e9 El jardinero fiel \/ John Le Carr\u00e9-- 13\u00aa ed-- Barcelona : Debolsillo, 2009 619 p. ; 19 cm-- (Biblioteca John Le Carr\u00e9 ; 99\/19) ISBN\u00a09788497592949 \u00abAh, pero un hombre debe abarcar m\u00e1s de lo que tiene al alcance de su mano, \u00bfo para qu\u00e9 est\u00e1 el cielo, si [&hellip;]","og_url":"https:\/\/bibliotecas.unileon.es\/tULEctura\/pagina-ejemplo\/curso-2015-2016\/lectura-3-el-jardinero-fiel\/","og_site_name":"tULEctura","article_publisher":"https:\/\/www.facebook.com\/tulectura.unileon\/","article_modified_time":"2015-11-21T17:58:54+00:00","og_image":[{"width":507,"height":768,"url":"https:\/\/bibliotecas.unileon.es\/tULEctura\/files\/2015\/07\/9788497592949.jpg","type":"image\/jpeg"}],"twitter_card":"summary_large_image","twitter_site":"@tULEctura_ULE","twitter_misc":{"Tiempo de lectura":"3 minutos"},"schema":{"@context":"https:\/\/schema.org","@graph":[{"@type":"WebPage","@id":"https:\/\/bibliotecas.unileon.es\/tULEctura\/pagina-ejemplo\/curso-2015-2016\/lectura-3-el-jardinero-fiel\/","url":"https:\/\/bibliotecas.unileon.es\/tULEctura\/pagina-ejemplo\/curso-2015-2016\/lectura-3-el-jardinero-fiel\/","name":"Lectura 3: El jardinero fiel - tULEctura","isPartOf":{"@id":"https:\/\/bibliotecas.unileon.es\/tULEctura\/#website"},"primaryImageOfPage":{"@id":"https:\/\/bibliotecas.unileon.es\/tULEctura\/pagina-ejemplo\/curso-2015-2016\/lectura-3-el-jardinero-fiel\/#primaryimage"},"image":{"@id":"https:\/\/bibliotecas.unileon.es\/tULEctura\/pagina-ejemplo\/curso-2015-2016\/lectura-3-el-jardinero-fiel\/#primaryimage"},"thumbnailUrl":"http:\/\/bibliotecas.unileon.es\/tULEctura\/files\/2015\/07\/9788497592949.jpg","datePublished":"2015-07-19T05:00:07+00:00","dateModified":"2015-11-21T17:58:54+00:00","breadcrumb":{"@id":"https:\/\/bibliotecas.unileon.es\/tULEctura\/pagina-ejemplo\/curso-2015-2016\/lectura-3-el-jardinero-fiel\/#breadcrumb"},"inLanguage":"es","potentialAction":[{"@type":"ReadAction","target":["https:\/\/bibliotecas.unileon.es\/tULEctura\/pagina-ejemplo\/curso-2015-2016\/lectura-3-el-jardinero-fiel\/"]}]},{"@type":"ImageObject","inLanguage":"es","@id":"https:\/\/bibliotecas.unileon.es\/tULEctura\/pagina-ejemplo\/curso-2015-2016\/lectura-3-el-jardinero-fiel\/#primaryimage","url":"http:\/\/bibliotecas.unileon.es\/tULEctura\/files\/2015\/07\/9788497592949.jpg","contentUrl":"http:\/\/bibliotecas.unileon.es\/tULEctura\/files\/2015\/07\/9788497592949.jpg"},{"@type":"BreadcrumbList","@id":"https:\/\/bibliotecas.unileon.es\/tULEctura\/pagina-ejemplo\/curso-2015-2016\/lectura-3-el-jardinero-fiel\/#breadcrumb","itemListElement":[{"@type":"ListItem","position":1,"name":"Home","item":"https:\/\/bibliotecas.unileon.es\/tULEctura\/"},{"@type":"ListItem","position":2,"name":"Club de Lectura","item":"https:\/\/bibliotecas.unileon.es\/tULEctura\/pagina-ejemplo\/"},{"@type":"ListItem","position":3,"name":"Curso 2015-2016","item":"https:\/\/bibliotecas.unileon.es\/tULEctura\/pagina-ejemplo\/curso-2015-2016\/"},{"@type":"ListItem","position":4,"name":"Lectura 3: El jardinero fiel"}]},{"@type":"WebSite","@id":"https:\/\/bibliotecas.unileon.es\/tULEctura\/#website","url":"https:\/\/bibliotecas.unileon.es\/tULEctura\/","name":"tULEctura","description":"Espacio de la Universidad de Le\u00f3n dedicado a la lectura","publisher":{"@id":"https:\/\/bibliotecas.unileon.es\/tULEctura\/#organization"},"potentialAction":[{"@type":"SearchAction","target":{"@type":"EntryPoint","urlTemplate":"https:\/\/bibliotecas.unileon.es\/tULEctura\/?s={search_term_string}"},"query-input":{"@type":"PropertyValueSpecification","valueRequired":true,"valueName":"search_term_string"}}],"inLanguage":"es"},{"@type":"Organization","@id":"https:\/\/bibliotecas.unileon.es\/tULEctura\/#organization","name":"Universidad de Le\u00f3n","url":"https:\/\/bibliotecas.unileon.es\/tULEctura\/","logo":{"@type":"ImageObject","inLanguage":"es","@id":"https:\/\/bibliotecas.unileon.es\/tULEctura\/#\/schema\/logo\/image\/","url":"https:\/\/bibliotecas.unileon.es\/tULEctura\/files\/2018\/08\/TULECTURA_LOGO1.png","contentUrl":"https:\/\/bibliotecas.unileon.es\/tULEctura\/files\/2018\/08\/TULECTURA_LOGO1.png","width":"960","height":"258","caption":"Universidad de Le\u00f3n"},"image":{"@id":"https:\/\/bibliotecas.unileon.es\/tULEctura\/#\/schema\/logo\/image\/"},"sameAs":["https:\/\/www.facebook.com\/tulectura.unileon\/","https:\/\/x.com\/tULEctura_ULE","https:\/\/www.instagram.com\/tulectura.unileon\/","https:\/\/www.pinterest.es\/tulectura\/","https:\/\/www.youtube.com\/channel\/UCoWaDD39lVlAQcOchwlTPVw"]}]}},"_links":{"self":[{"href":"https:\/\/bibliotecas.unileon.es\/tULEctura\/wp-json\/wp\/v2\/pages\/3596","targetHints":{"allow":["GET"]}}],"collection":[{"href":"https:\/\/bibliotecas.unileon.es\/tULEctura\/wp-json\/wp\/v2\/pages"}],"about":[{"href":"https:\/\/bibliotecas.unileon.es\/tULEctura\/wp-json\/wp\/v2\/types\/page"}],"author":[{"embeddable":true,"href":"https:\/\/bibliotecas.unileon.es\/tULEctura\/wp-json\/wp\/v2\/users\/73"}],"replies":[{"embeddable":true,"href":"https:\/\/bibliotecas.unileon.es\/tULEctura\/wp-json\/wp\/v2\/comments?post=3596"}],"version-history":[{"count":1,"href":"https:\/\/bibliotecas.unileon.es\/tULEctura\/wp-json\/wp\/v2\/pages\/3596\/revisions"}],"predecessor-version":[{"id":3600,"href":"https:\/\/bibliotecas.unileon.es\/tULEctura\/wp-json\/wp\/v2\/pages\/3596\/revisions\/3600"}],"up":[{"embeddable":true,"href":"https:\/\/bibliotecas.unileon.es\/tULEctura\/wp-json\/wp\/v2\/pages\/3417"}],"wp:attachment":[{"href":"https:\/\/bibliotecas.unileon.es\/tULEctura\/wp-json\/wp\/v2\/media?parent=3596"}],"curies":[{"name":"wp","href":"https:\/\/api.w.org\/{rel}","templated":true}]}}