{"id":3705,"date":"2015-09-03T13:09:28","date_gmt":"2015-09-03T11:09:28","guid":{"rendered":"http:\/\/bibliotecas.unileon.es\/tULEctura\/?page_id=3705"},"modified":"2018-09-24T14:31:23","modified_gmt":"2018-09-24T12:31:23","slug":"agora","status":"publish","type":"page","link":"https:\/\/bibliotecas.unileon.es\/tULEctura\/agora\/","title":{"rendered":"\u00c1gora"},"content":{"rendered":"<p><a href=\"http:\/\/bibliotecas.unileon.es\/tULEctura\/files\/2015\/09\/fcf160c681c40bde07f0eb1e173e882b.jpg\"><img loading=\"lazy\" decoding=\"async\" class=\"aligncenter wp-image-3716\" src=\"http:\/\/bibliotecas.unileon.es\/tULEctura\/files\/2015\/09\/fcf160c681c40bde07f0eb1e173e882b.jpg\" alt=\"fcf160c681c40bde07f0eb1e173e882b\" width=\"500\" height=\"294\" srcset=\"https:\/\/bibliotecas.unileon.es\/tULEctura\/files\/2015\/09\/fcf160c681c40bde07f0eb1e173e882b.jpg 400w, https:\/\/bibliotecas.unileon.es\/tULEctura\/files\/2015\/09\/fcf160c681c40bde07f0eb1e173e882b-300x176.jpg 300w\" sizes=\"auto, (max-width: 500px) 100vw, 500px\" \/><\/a><br \/>\n<a href=\"http:\/\/bibliotecas.unileon.es\/tULEctura\/files\/2015\/09\/fcf160c681c40bde07f0eb1e173e882b.jpg\"><img class=\"aligncenter wp-image-3716\" alt=\"\" \/><\/a><\/p>\n<h3 style=\"text-align: center;\"><span style=\"color: #124747;\"><strong>Los griegos se reun\u00edan en el \u00e1gora para tratar p\u00fablicamente asuntos de inter\u00e9s.\u00a0<\/strong><\/span><\/h3>\n<h3 style=\"text-align: center;\"><span style=\"color: #124747;\"><strong>tULEctura es el espacio\u00a0en el que nosotros nos encontramos \u00a0para tratar lo que particularmente nos interesa, lo que verdaderamente nos une: la puesta en com\u00fan de \u00a0la lectura. <\/strong><\/span><\/h3>\n<h3 style=\"text-align: center;\"><span style=\"color: #124747;\"><strong>A lo largo de este tiempo, han desfilado numerosas presencias de renombre en el panorama cultural espa\u00f1ol e incluso internacional. <\/strong><\/span><\/h3>\n<h3 style=\"text-align: center;\"><span style=\"color: #124747;\"><strong>Desde esta pesta\u00f1a, como en una biblioteca, recogemos, ordenamos, conservamos, difundimos y facilitamos el acceso a los documentos para recordar el paso de <a href=\"http:\/\/bibliotecas.unileon.es\/tULEctura\/agora\/agora-literaria\/\" target=\"_blank\">escritores<\/a> y <a href=\"http:\/\/bibliotecas.unileon.es\/tULEctura\/agora\/agora-academica\/\" target=\"_blank\">acad\u00e9micos<\/a> por el \u00c1gora de tULEctura.<\/strong><\/span><\/h3>\n<p style=\"text-align: center;\">\n","protected":false},"excerpt":{"rendered":"<p>Los griegos se reun\u00edan en el \u00e1gora para tratar p\u00fablicamente asuntos de inter\u00e9s.\u00a0 tULEctura es el espacio\u00a0en el que nosotros nos encontramos \u00a0para tratar lo que particularmente nos interesa, lo que verdaderamente nos une: la puesta en com\u00fan de \u00a0la lectura. A lo largo de este tiempo, han desfilado numerosas presencias de renombre en el [&hellip;]<\/p>\n","protected":false},"author":73,"featured_media":0,"parent":0,"menu_order":6,"comment_status":"closed","ping_status":"closed","template":"","meta":{"_bbp_topic_count":0,"_bbp_reply_count":0,"_bbp_total_topic_count":0,"_bbp_total_reply_count":0,"_bbp_voice_count":0,"_bbp_anonymous_reply_count":0,"_bbp_topic_count_hidden":0,"_bbp_reply_count_hidden":0,"_bbp_forum_subforum_count":0,"_monsterinsights_skip_tracking":false,"_monsterinsights_sitenote_active":false,"_monsterinsights_sitenote_note":"","_monsterinsights_sitenote_category":0,"footnotes":""},"class_list":["post-3705","page","type-page","status-publish","hentry"],"yoast_head":"<!-- This site is optimized with the Yoast SEO plugin v25.8 - https:\/\/yoast.com\/wordpress\/plugins\/seo\/ -->\n<title>\u00c1gora - tULEctura<\/title>\n<meta name=\"robots\" content=\"index, follow, max-snippet:-1, max-image-preview:large, max-video-preview:-1\" \/>\n<link rel=\"canonical\" href=\"https:\/\/bibliotecas.unileon.es\/tULEctura\/agora\/\" \/>\n<meta property=\"og:locale\" content=\"es_ES\" \/>\n<meta property=\"og:type\" content=\"article\" \/>\n<meta property=\"og:title\" content=\"\u00c1gora - tULEctura\" \/>\n<meta property=\"og:description\" content=\"Los griegos se reun\u00edan en el \u00e1gora para tratar p\u00fablicamente asuntos de inter\u00e9s.\u00a0 tULEctura es el espacio\u00a0en el que nosotros nos encontramos \u00a0para tratar lo que particularmente nos interesa, lo que verdaderamente nos une: la puesta en com\u00fan de \u00a0la lectura. A lo largo de este tiempo, han desfilado numerosas presencias de renombre en el [&hellip;]\" \/>\n<meta property=\"og:url\" content=\"https:\/\/bibliotecas.unileon.es\/tULEctura\/agora\/\" \/>\n<meta property=\"og:site_name\" content=\"tULEctura\" \/>\n<meta property=\"article:publisher\" content=\"https:\/\/www.facebook.com\/tulectura.unileon\/\" \/>\n<meta property=\"article:modified_time\" content=\"2018-09-24T12:31:23+00:00\" \/>\n<meta property=\"og:image\" content=\"https:\/\/bibliotecas.unileon.es\/tULEctura\/files\/2015\/09\/fcf160c681c40bde07f0eb1e173e882b.jpg\" \/>\n\t<meta property=\"og:image:width\" content=\"400\" \/>\n\t<meta property=\"og:image:height\" content=\"235\" \/>\n\t<meta property=\"og:image:type\" content=\"image\/jpeg\" \/>\n<meta name=\"twitter:card\" content=\"summary_large_image\" \/>\n<meta name=\"twitter:site\" content=\"@tULEctura_ULE\" \/>\n<meta name=\"twitter:label1\" content=\"Tiempo de lectura\" \/>\n\t<meta name=\"twitter:data1\" content=\"1 minuto\" \/>\n<script type=\"application\/ld+json\" class=\"yoast-schema-graph\">{\"@context\":\"https:\/\/schema.org\",\"@graph\":[{\"@type\":\"WebPage\",\"@id\":\"https:\/\/bibliotecas.unileon.es\/tULEctura\/agora\/\",\"url\":\"https:\/\/bibliotecas.unileon.es\/tULEctura\/agora\/\",\"name\":\"\u00c1gora - tULEctura\",\"isPartOf\":{\"@id\":\"https:\/\/bibliotecas.unileon.es\/tULEctura\/#website\"},\"primaryImageOfPage\":{\"@id\":\"https:\/\/bibliotecas.unileon.es\/tULEctura\/agora\/#primaryimage\"},\"image\":{\"@id\":\"https:\/\/bibliotecas.unileon.es\/tULEctura\/agora\/#primaryimage\"},\"thumbnailUrl\":\"http:\/\/bibliotecas.unileon.es\/tULEctura\/files\/2015\/09\/fcf160c681c40bde07f0eb1e173e882b.jpg\",\"datePublished\":\"2015-09-03T11:09:28+00:00\",\"dateModified\":\"2018-09-24T12:31:23+00:00\",\"breadcrumb\":{\"@id\":\"https:\/\/bibliotecas.unileon.es\/tULEctura\/agora\/#breadcrumb\"},\"inLanguage\":\"es\",\"potentialAction\":[{\"@type\":\"ReadAction\",\"target\":[\"https:\/\/bibliotecas.unileon.es\/tULEctura\/agora\/\"]}]},{\"@type\":\"ImageObject\",\"inLanguage\":\"es\",\"@id\":\"https:\/\/bibliotecas.unileon.es\/tULEctura\/agora\/#primaryimage\",\"url\":\"http:\/\/bibliotecas.unileon.es\/tULEctura\/files\/2015\/09\/fcf160c681c40bde07f0eb1e173e882b.jpg\",\"contentUrl\":\"http:\/\/bibliotecas.unileon.es\/tULEctura\/files\/2015\/09\/fcf160c681c40bde07f0eb1e173e882b.jpg\"},{\"@type\":\"BreadcrumbList\",\"@id\":\"https:\/\/bibliotecas.unileon.es\/tULEctura\/agora\/#breadcrumb\",\"itemListElement\":[{\"@type\":\"ListItem\",\"position\":1,\"name\":\"Home\",\"item\":\"https:\/\/bibliotecas.unileon.es\/tULEctura\/\"},{\"@type\":\"ListItem\",\"position\":2,\"name\":\"\u00c1gora\"}]},{\"@type\":\"WebSite\",\"@id\":\"https:\/\/bibliotecas.unileon.es\/tULEctura\/#website\",\"url\":\"https:\/\/bibliotecas.unileon.es\/tULEctura\/\",\"name\":\"tULEctura\",\"description\":\"Espacio de la Universidad de Le\u00f3n dedicado a la lectura\",\"publisher\":{\"@id\":\"https:\/\/bibliotecas.unileon.es\/tULEctura\/#organization\"},\"potentialAction\":[{\"@type\":\"SearchAction\",\"target\":{\"@type\":\"EntryPoint\",\"urlTemplate\":\"https:\/\/bibliotecas.unileon.es\/tULEctura\/?s={search_term_string}\"},\"query-input\":{\"@type\":\"PropertyValueSpecification\",\"valueRequired\":true,\"valueName\":\"search_term_string\"}}],\"inLanguage\":\"es\"},{\"@type\":\"Organization\",\"@id\":\"https:\/\/bibliotecas.unileon.es\/tULEctura\/#organization\",\"name\":\"Universidad de Le\u00f3n\",\"url\":\"https:\/\/bibliotecas.unileon.es\/tULEctura\/\",\"logo\":{\"@type\":\"ImageObject\",\"inLanguage\":\"es\",\"@id\":\"https:\/\/bibliotecas.unileon.es\/tULEctura\/#\/schema\/logo\/image\/\",\"url\":\"https:\/\/bibliotecas.unileon.es\/tULEctura\/files\/2018\/08\/TULECTURA_LOGO1.png\",\"contentUrl\":\"https:\/\/bibliotecas.unileon.es\/tULEctura\/files\/2018\/08\/TULECTURA_LOGO1.png\",\"width\":\"960\",\"height\":\"258\",\"caption\":\"Universidad de Le\u00f3n\"},\"image\":{\"@id\":\"https:\/\/bibliotecas.unileon.es\/tULEctura\/#\/schema\/logo\/image\/\"},\"sameAs\":[\"https:\/\/www.facebook.com\/tulectura.unileon\/\",\"https:\/\/x.com\/tULEctura_ULE\",\"https:\/\/www.instagram.com\/tulectura.unileon\/\",\"https:\/\/www.pinterest.es\/tulectura\/\",\"https:\/\/www.youtube.com\/channel\/UCoWaDD39lVlAQcOchwlTPVw\"]}]}<\/script>\n<!-- \/ Yoast SEO plugin. -->","yoast_head_json":{"title":"\u00c1gora - tULEctura","robots":{"index":"index","follow":"follow","max-snippet":"max-snippet:-1","max-image-preview":"max-image-preview:large","max-video-preview":"max-video-preview:-1"},"canonical":"https:\/\/bibliotecas.unileon.es\/tULEctura\/agora\/","og_locale":"es_ES","og_type":"article","og_title":"\u00c1gora - tULEctura","og_description":"Los griegos se reun\u00edan en el \u00e1gora para tratar p\u00fablicamente asuntos de inter\u00e9s.\u00a0 tULEctura es el espacio\u00a0en el que nosotros nos encontramos \u00a0para tratar lo que particularmente nos interesa, lo que verdaderamente nos une: la puesta en com\u00fan de \u00a0la lectura. A lo largo de este tiempo, han desfilado numerosas presencias de renombre en el [&hellip;]","og_url":"https:\/\/bibliotecas.unileon.es\/tULEctura\/agora\/","og_site_name":"tULEctura","article_publisher":"https:\/\/www.facebook.com\/tulectura.unileon\/","article_modified_time":"2018-09-24T12:31:23+00:00","og_image":[{"width":400,"height":235,"url":"https:\/\/bibliotecas.unileon.es\/tULEctura\/files\/2015\/09\/fcf160c681c40bde07f0eb1e173e882b.jpg","type":"image\/jpeg"}],"twitter_card":"summary_large_image","twitter_site":"@tULEctura_ULE","twitter_misc":{"Tiempo de lectura":"1 minuto"},"schema":{"@context":"https:\/\/schema.org","@graph":[{"@type":"WebPage","@id":"https:\/\/bibliotecas.unileon.es\/tULEctura\/agora\/","url":"https:\/\/bibliotecas.unileon.es\/tULEctura\/agora\/","name":"\u00c1gora - tULEctura","isPartOf":{"@id":"https:\/\/bibliotecas.unileon.es\/tULEctura\/#website"},"primaryImageOfPage":{"@id":"https:\/\/bibliotecas.unileon.es\/tULEctura\/agora\/#primaryimage"},"image":{"@id":"https:\/\/bibliotecas.unileon.es\/tULEctura\/agora\/#primaryimage"},"thumbnailUrl":"http:\/\/bibliotecas.unileon.es\/tULEctura\/files\/2015\/09\/fcf160c681c40bde07f0eb1e173e882b.jpg","datePublished":"2015-09-03T11:09:28+00:00","dateModified":"2018-09-24T12:31:23+00:00","breadcrumb":{"@id":"https:\/\/bibliotecas.unileon.es\/tULEctura\/agora\/#breadcrumb"},"inLanguage":"es","potentialAction":[{"@type":"ReadAction","target":["https:\/\/bibliotecas.unileon.es\/tULEctura\/agora\/"]}]},{"@type":"ImageObject","inLanguage":"es","@id":"https:\/\/bibliotecas.unileon.es\/tULEctura\/agora\/#primaryimage","url":"http:\/\/bibliotecas.unileon.es\/tULEctura\/files\/2015\/09\/fcf160c681c40bde07f0eb1e173e882b.jpg","contentUrl":"http:\/\/bibliotecas.unileon.es\/tULEctura\/files\/2015\/09\/fcf160c681c40bde07f0eb1e173e882b.jpg"},{"@type":"BreadcrumbList","@id":"https:\/\/bibliotecas.unileon.es\/tULEctura\/agora\/#breadcrumb","itemListElement":[{"@type":"ListItem","position":1,"name":"Home","item":"https:\/\/bibliotecas.unileon.es\/tULEctura\/"},{"@type":"ListItem","position":2,"name":"\u00c1gora"}]},{"@type":"WebSite","@id":"https:\/\/bibliotecas.unileon.es\/tULEctura\/#website","url":"https:\/\/bibliotecas.unileon.es\/tULEctura\/","name":"tULEctura","description":"Espacio de la Universidad de Le\u00f3n dedicado a la lectura","publisher":{"@id":"https:\/\/bibliotecas.unileon.es\/tULEctura\/#organization"},"potentialAction":[{"@type":"SearchAction","target":{"@type":"EntryPoint","urlTemplate":"https:\/\/bibliotecas.unileon.es\/tULEctura\/?s={search_term_string}"},"query-input":{"@type":"PropertyValueSpecification","valueRequired":true,"valueName":"search_term_string"}}],"inLanguage":"es"},{"@type":"Organization","@id":"https:\/\/bibliotecas.unileon.es\/tULEctura\/#organization","name":"Universidad de Le\u00f3n","url":"https:\/\/bibliotecas.unileon.es\/tULEctura\/","logo":{"@type":"ImageObject","inLanguage":"es","@id":"https:\/\/bibliotecas.unileon.es\/tULEctura\/#\/schema\/logo\/image\/","url":"https:\/\/bibliotecas.unileon.es\/tULEctura\/files\/2018\/08\/TULECTURA_LOGO1.png","contentUrl":"https:\/\/bibliotecas.unileon.es\/tULEctura\/files\/2018\/08\/TULECTURA_LOGO1.png","width":"960","height":"258","caption":"Universidad de Le\u00f3n"},"image":{"@id":"https:\/\/bibliotecas.unileon.es\/tULEctura\/#\/schema\/logo\/image\/"},"sameAs":["https:\/\/www.facebook.com\/tulectura.unileon\/","https:\/\/x.com\/tULEctura_ULE","https:\/\/www.instagram.com\/tulectura.unileon\/","https:\/\/www.pinterest.es\/tulectura\/","https:\/\/www.youtube.com\/channel\/UCoWaDD39lVlAQcOchwlTPVw"]}]}},"_links":{"self":[{"href":"https:\/\/bibliotecas.unileon.es\/tULEctura\/wp-json\/wp\/v2\/pages\/3705","targetHints":{"allow":["GET"]}}],"collection":[{"href":"https:\/\/bibliotecas.unileon.es\/tULEctura\/wp-json\/wp\/v2\/pages"}],"about":[{"href":"https:\/\/bibliotecas.unileon.es\/tULEctura\/wp-json\/wp\/v2\/types\/page"}],"author":[{"embeddable":true,"href":"https:\/\/bibliotecas.unileon.es\/tULEctura\/wp-json\/wp\/v2\/users\/73"}],"replies":[{"embeddable":true,"href":"https:\/\/bibliotecas.unileon.es\/tULEctura\/wp-json\/wp\/v2\/comments?post=3705"}],"version-history":[{"count":2,"href":"https:\/\/bibliotecas.unileon.es\/tULEctura\/wp-json\/wp\/v2\/pages\/3705\/revisions"}],"predecessor-version":[{"id":3726,"href":"https:\/\/bibliotecas.unileon.es\/tULEctura\/wp-json\/wp\/v2\/pages\/3705\/revisions\/3726"}],"wp:attachment":[{"href":"https:\/\/bibliotecas.unileon.es\/tULEctura\/wp-json\/wp\/v2\/media?parent=3705"}],"curies":[{"name":"wp","href":"https:\/\/api.w.org\/{rel}","templated":true}]}}