{"id":4544,"date":"2016-07-06T11:00:45","date_gmt":"2016-07-06T09:00:45","guid":{"rendered":"http:\/\/bibliotecas.unileon.es\/tULEctura\/?page_id=4544"},"modified":"2016-10-10T16:18:58","modified_gmt":"2016-10-10T14:18:58","slug":"lectura-1-estromboli","status":"publish","type":"page","link":"https:\/\/bibliotecas.unileon.es\/tULEctura\/pagina-ejemplo\/curso-2016-2017\/lectura-1-estromboli\/","title":{"rendered":"Lectura 1 : Estr\u00f3mboli"},"content":{"rendered":"<header class=\"entry-header\">\n<h1 class=\"entry-title\" style=\"text-align: center;\"><strong>Estr\u00f3mboli, \u00a0de Jon Bilbao<\/strong><\/h1>\n<\/header>\n<div class=\"entry-content\">\n<div class=\"pf-content\"><img loading=\"lazy\" decoding=\"async\" class=\"alignright wp-image-4546 \" src=\"http:\/\/bibliotecas.unileon.es\/tULEctura\/files\/2016\/09\/fit-230x360.jpg\" alt=\"fit-230x360\" width=\"192\" height=\"291\" srcset=\"https:\/\/bibliotecas.unileon.es\/tULEctura\/files\/2016\/09\/fit-230x360.jpg 230w, https:\/\/bibliotecas.unileon.es\/tULEctura\/files\/2016\/09\/fit-230x360-198x300.jpg 198w\" sizes=\"auto, (max-width: 192px) 100vw, 192px\" \/><\/div>\n<div class=\"pf-content\"><\/div>\n<div class=\"pf-content\"><\/div>\n<\/div>\n<div class=\"pf-content\">\n<p>Estr\u00f3mboli \/ Jon Bilbao. (2\u00aa ed.) .\u2014 Madrid : Impedimenta, 2016. 268 p., 20 cm.<br \/>\nISBN 978-84-16542-36-9<\/p>\n<p>&nbsp;<\/p>\n<p><strong>Calendario<\/strong><\/p>\n<\/div>\n<div class=\"entry-content\">\n<div class=\"pf-content\">\n<ul>\n<li>22 de septiembre de 2016: <a href=\"http:\/\/bibliotecas.unileon.es\/tULEctura\/2016\/09\/22\/curso-2016-2017lectura-1-estromboli\/\" target=\"_blank\">Coloquio participativo de gu\u00eda a la lectura.<\/a><\/li>\n<li>29 de septiembre de 2016: <a href=\"http:\/\/bibliotecas.unileon.es\/tULEctura\/2016\/09\/30\/comentario-liberrimo-sobre-estromboli-de-jon-bilbao\/\" target=\"_blank\">Coloquio participativo de los socios.<\/a><\/li>\n<li>6 de octubre de 2016: <a href=\"https:\/\/videos.unileon.es\/video\/1405\" target=\"_blank\">Encuentro de los socios con Jon Bilbao<\/a>.<\/li>\n<\/ul>\n<p><strong>Lugar \u00a0y horario<\/strong><\/p>\n<p style=\"text-align: justify;\">Los encuentros de esta \u00a0lectura tendr\u00e1n lugar en la sala de conferencias de la Biblioteca General San Isidoro a las 19:00 horas.\u00a0<strong>Se ruega puntualidad<\/strong>.<\/p>\n<p><span style=\"color: #0000ff;\"><strong>Puedes empezar a leer\u00a0<a style=\"color: #0000ff;\" href=\"http:\/\/impedimenta.es\/media\/blogs\/libros\/capitulosPDF\/9788416542369.pdf\" class=\"mtli_attachment mtli_pdf\" target=\"_blank\">Estr\u00f3mboli<\/a>, \u00a0de Jon Bilbao<\/strong><\/span><\/p>\n<p>&nbsp;<\/p>\n<p><strong>Sinopsis\u00a0<\/strong><\/p>\n<p style=\"text-align: justify;\"><a href=\"http:\/\/impedimenta.es\/libros.php\/estromboli\" target=\"_blank\">(informaci\u00f3n de la editorial Impedimenta)<\/a><\/p>\n<p style=\"text-align: justify;\">Una banda de motoristas acosa a una pareja que viaja por Estados Unidos; un hombre se ve obligado a comer una tar\u00e1ntula viva ante las c\u00e1maras de un programa de televisi\u00f3n para solucionar los problemas econ\u00f3micos de su familia; dos buscadores de oro aficionados sufren en las monta\u00f1as un terrible accidente que pone a prueba su amistad; la muerte de dos vagabundos y el descubrimiento de unas ruinas misteriosas perturban la celebraci\u00f3n de una boda; un hombre casado y su amante emprenden un viaje a la isla de Estr\u00f3mboli para auxiliar a alguien muy importante para ambos\u2026 Los ocho relatos que forman parte de este volumen plantean preguntas como: \u00bfd\u00f3nde se hallan los l\u00edmites de las obligaciones familiares? \u00bfA qu\u00e9 estamos dispuestos para lograr lo que deseamos? \u00bfEn qu\u00e9 medida los sacrificios realizados alteran esos objetivos? Lo que parece el fin de la relaci\u00f3n entre dos personas \u00bfpuede ser en realidad el comienzo de otra m\u00e1s poderosa pero completamente distinta?<\/p>\n<p><strong>El autor \u00a0<\/strong><\/p>\n<p><a href=\"http:\/\/impedimenta.es\/autores.php\/bilbao-jon\" target=\"_blank\">(informaci\u00f3n de la editorial Impedimenta)<\/a><\/p>\n<p style=\"text-align: justify;\"><img loading=\"lazy\" decoding=\"async\" class=\"alignright size-full wp-image-204\" src=\"http:\/\/bibliotecas.unileon.es\/tULEctura\/files\/2013\/10\/jon-bilbao-e1382722065391.jpg\" alt=\"jon bilbao\" width=\"320\" height=\"226\" \/>Naci\u00f3 en Ribadesella (Asturias) en 1972. Es ingeniero de minas y licenciado en Filolog\u00eda Inglesa.<br \/>\nEs autor de los libros de cuentos Como una historia de terror (Salto de P\u00e1gina, 2008; Premio Ojo Cr\u00edtico de Narrativa), Bajo el influjo del cometa (Salto de P\u00e1gina, 2010; Premio Tigre Juan y Premio Euskadi de Literatura) y F\u00edsica familiar (Salto de P\u00e1gina, 2014); as\u00ed como de las novelas El hermano de las moscas (Salto de P\u00e1gina, 2008), Padres, hijos y primates (Salto de P\u00e1gina, 2011; Premio Otras Voces, Otros \u00c1mbitos) y Shakespeare y la ballena blanca(Tusquets, 2013). Cuentos suyos aparecen recogidos en antolog\u00edas comoSiglo XXI. Los nuevos nombres del cuento espa\u00f1ol actual (Menoscuarto, 2010), Peque\u00f1as resistencias V (P\u00e1ginas de Espuma, 2010) y Cuento espa\u00f1ol actual (1992-2012) (C\u00e1tedra, 2014). Actualmente reside en Bilbao, donde trabaja como traductor.<\/p>\n<p style=\"text-align: justify;\"><strong>M\u00e1s<\/strong><\/p>\n<ul>\n<li style=\"text-align: justify;\">Puedes recordar la conferencia que Jon Bilbao imparti\u00f3 en las\u00a0\u00a0Jornadas sobre Literatura Actual: \u00ab<a href=\"http:\/\/bibliotecas.unileon.es\/tULEctura\/2013\/10\/25\/206\/\" target=\"_blank\">Entre el relato y la novela: una frontera poco vigilada<\/a>\u00ab<\/li>\n<li style=\"text-align: justify;\"><span style=\"color: #0000ff;\"><strong><a style=\"color: #0000ff;\" href=\"http:\/\/goo.gl\/MFxH90\" target=\"_blank\">Obras de Jon Bilbao en la Universidad de Le\u00f3n<\/a><\/strong><\/span><\/li>\n<\/ul>\n<\/div>\n<\/div>\n","protected":false},"excerpt":{"rendered":"<p>Estr\u00f3mboli, \u00a0de Jon Bilbao Estr\u00f3mboli \/ Jon Bilbao. (2\u00aa ed.) .\u2014 Madrid : Impedimenta, 2016. 268 p., 20 cm. ISBN 978-84-16542-36-9 &nbsp; Calendario 22 de septiembre de 2016: Coloquio participativo de gu\u00eda a la lectura. 29 de septiembre de 2016: Coloquio participativo de los socios. 6 de octubre de 2016: Encuentro de los socios con [&hellip;]<\/p>\n","protected":false},"author":73,"featured_media":0,"parent":4541,"menu_order":1,"comment_status":"open","ping_status":"closed","template":"","meta":{"_bbp_topic_count":0,"_bbp_reply_count":0,"_bbp_total_topic_count":0,"_bbp_total_reply_count":0,"_bbp_voice_count":0,"_bbp_anonymous_reply_count":0,"_bbp_topic_count_hidden":0,"_bbp_reply_count_hidden":0,"_bbp_forum_subforum_count":0,"_monsterinsights_skip_tracking":false,"_monsterinsights_sitenote_active":false,"_monsterinsights_sitenote_note":"","_monsterinsights_sitenote_category":0,"footnotes":""},"class_list":["post-4544","page","type-page","status-publish","hentry"],"yoast_head":"<!-- This site is optimized with the Yoast SEO plugin v25.8 - https:\/\/yoast.com\/wordpress\/plugins\/seo\/ -->\n<title>Lectura 1 : Estr\u00f3mboli - tULEctura<\/title>\n<meta name=\"robots\" content=\"index, follow, max-snippet:-1, max-image-preview:large, max-video-preview:-1\" \/>\n<link rel=\"canonical\" href=\"https:\/\/bibliotecas.unileon.es\/tULEctura\/pagina-ejemplo\/curso-2016-2017\/lectura-1-estromboli\/\" \/>\n<meta property=\"og:locale\" content=\"es_ES\" \/>\n<meta property=\"og:type\" content=\"article\" \/>\n<meta property=\"og:title\" content=\"Lectura 1 : Estr\u00f3mboli - tULEctura\" \/>\n<meta property=\"og:description\" content=\"Estr\u00f3mboli, \u00a0de Jon Bilbao Estr\u00f3mboli \/ Jon Bilbao. (2\u00aa ed.) .\u2014 Madrid : Impedimenta, 2016. 268 p., 20 cm. ISBN 978-84-16542-36-9 &nbsp; Calendario 22 de septiembre de 2016: Coloquio participativo de gu\u00eda a la lectura. 29 de septiembre de 2016: Coloquio participativo de los socios. 6 de octubre de 2016: Encuentro de los socios con [&hellip;]\" \/>\n<meta property=\"og:url\" content=\"https:\/\/bibliotecas.unileon.es\/tULEctura\/pagina-ejemplo\/curso-2016-2017\/lectura-1-estromboli\/\" \/>\n<meta property=\"og:site_name\" content=\"tULEctura\" \/>\n<meta property=\"article:publisher\" content=\"https:\/\/www.facebook.com\/tulectura.unileon\/\" \/>\n<meta property=\"article:modified_time\" content=\"2016-10-10T14:18:58+00:00\" \/>\n<meta property=\"og:image\" content=\"https:\/\/bibliotecas.unileon.es\/tULEctura\/files\/2016\/09\/fit-230x360.jpg\" \/>\n\t<meta property=\"og:image:width\" content=\"230\" \/>\n\t<meta property=\"og:image:height\" content=\"348\" \/>\n\t<meta property=\"og:image:type\" content=\"image\/jpeg\" \/>\n<meta name=\"twitter:card\" content=\"summary_large_image\" \/>\n<meta name=\"twitter:site\" content=\"@tULEctura_ULE\" \/>\n<meta name=\"twitter:label1\" content=\"Tiempo de lectura\" \/>\n\t<meta name=\"twitter:data1\" content=\"2 minutos\" \/>\n<script type=\"application\/ld+json\" class=\"yoast-schema-graph\">{\"@context\":\"https:\/\/schema.org\",\"@graph\":[{\"@type\":\"WebPage\",\"@id\":\"https:\/\/bibliotecas.unileon.es\/tULEctura\/pagina-ejemplo\/curso-2016-2017\/lectura-1-estromboli\/\",\"url\":\"https:\/\/bibliotecas.unileon.es\/tULEctura\/pagina-ejemplo\/curso-2016-2017\/lectura-1-estromboli\/\",\"name\":\"Lectura 1 : Estr\u00f3mboli - tULEctura\",\"isPartOf\":{\"@id\":\"https:\/\/bibliotecas.unileon.es\/tULEctura\/#website\"},\"primaryImageOfPage\":{\"@id\":\"https:\/\/bibliotecas.unileon.es\/tULEctura\/pagina-ejemplo\/curso-2016-2017\/lectura-1-estromboli\/#primaryimage\"},\"image\":{\"@id\":\"https:\/\/bibliotecas.unileon.es\/tULEctura\/pagina-ejemplo\/curso-2016-2017\/lectura-1-estromboli\/#primaryimage\"},\"thumbnailUrl\":\"http:\/\/bibliotecas.unileon.es\/tULEctura\/files\/2016\/09\/fit-230x360.jpg\",\"datePublished\":\"2016-07-06T09:00:45+00:00\",\"dateModified\":\"2016-10-10T14:18:58+00:00\",\"breadcrumb\":{\"@id\":\"https:\/\/bibliotecas.unileon.es\/tULEctura\/pagina-ejemplo\/curso-2016-2017\/lectura-1-estromboli\/#breadcrumb\"},\"inLanguage\":\"es\",\"potentialAction\":[{\"@type\":\"ReadAction\",\"target\":[\"https:\/\/bibliotecas.unileon.es\/tULEctura\/pagina-ejemplo\/curso-2016-2017\/lectura-1-estromboli\/\"]}]},{\"@type\":\"ImageObject\",\"inLanguage\":\"es\",\"@id\":\"https:\/\/bibliotecas.unileon.es\/tULEctura\/pagina-ejemplo\/curso-2016-2017\/lectura-1-estromboli\/#primaryimage\",\"url\":\"https:\/\/bibliotecas.unileon.es\/tULEctura\/files\/2016\/09\/fit-230x360.jpg\",\"contentUrl\":\"https:\/\/bibliotecas.unileon.es\/tULEctura\/files\/2016\/09\/fit-230x360.jpg\",\"width\":230,\"height\":348},{\"@type\":\"BreadcrumbList\",\"@id\":\"https:\/\/bibliotecas.unileon.es\/tULEctura\/pagina-ejemplo\/curso-2016-2017\/lectura-1-estromboli\/#breadcrumb\",\"itemListElement\":[{\"@type\":\"ListItem\",\"position\":1,\"name\":\"Home\",\"item\":\"https:\/\/bibliotecas.unileon.es\/tULEctura\/\"},{\"@type\":\"ListItem\",\"position\":2,\"name\":\"Club de Lectura\",\"item\":\"https:\/\/bibliotecas.unileon.es\/tULEctura\/pagina-ejemplo\/\"},{\"@type\":\"ListItem\",\"position\":3,\"name\":\"Curso 2016-2017\",\"item\":\"https:\/\/bibliotecas.unileon.es\/tULEctura\/pagina-ejemplo\/curso-2016-2017\/\"},{\"@type\":\"ListItem\",\"position\":4,\"name\":\"Lectura 1 : Estr\u00f3mboli\"}]},{\"@type\":\"WebSite\",\"@id\":\"https:\/\/bibliotecas.unileon.es\/tULEctura\/#website\",\"url\":\"https:\/\/bibliotecas.unileon.es\/tULEctura\/\",\"name\":\"tULEctura\",\"description\":\"Espacio de la Universidad de Le\u00f3n dedicado a la lectura\",\"publisher\":{\"@id\":\"https:\/\/bibliotecas.unileon.es\/tULEctura\/#organization\"},\"potentialAction\":[{\"@type\":\"SearchAction\",\"target\":{\"@type\":\"EntryPoint\",\"urlTemplate\":\"https:\/\/bibliotecas.unileon.es\/tULEctura\/?s={search_term_string}\"},\"query-input\":{\"@type\":\"PropertyValueSpecification\",\"valueRequired\":true,\"valueName\":\"search_term_string\"}}],\"inLanguage\":\"es\"},{\"@type\":\"Organization\",\"@id\":\"https:\/\/bibliotecas.unileon.es\/tULEctura\/#organization\",\"name\":\"Universidad de Le\u00f3n\",\"url\":\"https:\/\/bibliotecas.unileon.es\/tULEctura\/\",\"logo\":{\"@type\":\"ImageObject\",\"inLanguage\":\"es\",\"@id\":\"https:\/\/bibliotecas.unileon.es\/tULEctura\/#\/schema\/logo\/image\/\",\"url\":\"https:\/\/bibliotecas.unileon.es\/tULEctura\/files\/2018\/08\/TULECTURA_LOGO1.png\",\"contentUrl\":\"https:\/\/bibliotecas.unileon.es\/tULEctura\/files\/2018\/08\/TULECTURA_LOGO1.png\",\"width\":\"960\",\"height\":\"258\",\"caption\":\"Universidad de Le\u00f3n\"},\"image\":{\"@id\":\"https:\/\/bibliotecas.unileon.es\/tULEctura\/#\/schema\/logo\/image\/\"},\"sameAs\":[\"https:\/\/www.facebook.com\/tulectura.unileon\/\",\"https:\/\/x.com\/tULEctura_ULE\",\"https:\/\/www.instagram.com\/tulectura.unileon\/\",\"https:\/\/www.pinterest.es\/tulectura\/\",\"https:\/\/www.youtube.com\/channel\/UCoWaDD39lVlAQcOchwlTPVw\"]}]}<\/script>\n<!-- \/ Yoast SEO plugin. -->","yoast_head_json":{"title":"Lectura 1 : Estr\u00f3mboli - tULEctura","robots":{"index":"index","follow":"follow","max-snippet":"max-snippet:-1","max-image-preview":"max-image-preview:large","max-video-preview":"max-video-preview:-1"},"canonical":"https:\/\/bibliotecas.unileon.es\/tULEctura\/pagina-ejemplo\/curso-2016-2017\/lectura-1-estromboli\/","og_locale":"es_ES","og_type":"article","og_title":"Lectura 1 : Estr\u00f3mboli - tULEctura","og_description":"Estr\u00f3mboli, \u00a0de Jon Bilbao Estr\u00f3mboli \/ Jon Bilbao. (2\u00aa ed.) .\u2014 Madrid : Impedimenta, 2016. 268 p., 20 cm. ISBN 978-84-16542-36-9 &nbsp; Calendario 22 de septiembre de 2016: Coloquio participativo de gu\u00eda a la lectura. 29 de septiembre de 2016: Coloquio participativo de los socios. 6 de octubre de 2016: Encuentro de los socios con [&hellip;]","og_url":"https:\/\/bibliotecas.unileon.es\/tULEctura\/pagina-ejemplo\/curso-2016-2017\/lectura-1-estromboli\/","og_site_name":"tULEctura","article_publisher":"https:\/\/www.facebook.com\/tulectura.unileon\/","article_modified_time":"2016-10-10T14:18:58+00:00","og_image":[{"width":230,"height":348,"url":"https:\/\/bibliotecas.unileon.es\/tULEctura\/files\/2016\/09\/fit-230x360.jpg","type":"image\/jpeg"}],"twitter_card":"summary_large_image","twitter_site":"@tULEctura_ULE","twitter_misc":{"Tiempo de lectura":"2 minutos"},"schema":{"@context":"https:\/\/schema.org","@graph":[{"@type":"WebPage","@id":"https:\/\/bibliotecas.unileon.es\/tULEctura\/pagina-ejemplo\/curso-2016-2017\/lectura-1-estromboli\/","url":"https:\/\/bibliotecas.unileon.es\/tULEctura\/pagina-ejemplo\/curso-2016-2017\/lectura-1-estromboli\/","name":"Lectura 1 : Estr\u00f3mboli - tULEctura","isPartOf":{"@id":"https:\/\/bibliotecas.unileon.es\/tULEctura\/#website"},"primaryImageOfPage":{"@id":"https:\/\/bibliotecas.unileon.es\/tULEctura\/pagina-ejemplo\/curso-2016-2017\/lectura-1-estromboli\/#primaryimage"},"image":{"@id":"https:\/\/bibliotecas.unileon.es\/tULEctura\/pagina-ejemplo\/curso-2016-2017\/lectura-1-estromboli\/#primaryimage"},"thumbnailUrl":"http:\/\/bibliotecas.unileon.es\/tULEctura\/files\/2016\/09\/fit-230x360.jpg","datePublished":"2016-07-06T09:00:45+00:00","dateModified":"2016-10-10T14:18:58+00:00","breadcrumb":{"@id":"https:\/\/bibliotecas.unileon.es\/tULEctura\/pagina-ejemplo\/curso-2016-2017\/lectura-1-estromboli\/#breadcrumb"},"inLanguage":"es","potentialAction":[{"@type":"ReadAction","target":["https:\/\/bibliotecas.unileon.es\/tULEctura\/pagina-ejemplo\/curso-2016-2017\/lectura-1-estromboli\/"]}]},{"@type":"ImageObject","inLanguage":"es","@id":"https:\/\/bibliotecas.unileon.es\/tULEctura\/pagina-ejemplo\/curso-2016-2017\/lectura-1-estromboli\/#primaryimage","url":"https:\/\/bibliotecas.unileon.es\/tULEctura\/files\/2016\/09\/fit-230x360.jpg","contentUrl":"https:\/\/bibliotecas.unileon.es\/tULEctura\/files\/2016\/09\/fit-230x360.jpg","width":230,"height":348},{"@type":"BreadcrumbList","@id":"https:\/\/bibliotecas.unileon.es\/tULEctura\/pagina-ejemplo\/curso-2016-2017\/lectura-1-estromboli\/#breadcrumb","itemListElement":[{"@type":"ListItem","position":1,"name":"Home","item":"https:\/\/bibliotecas.unileon.es\/tULEctura\/"},{"@type":"ListItem","position":2,"name":"Club de Lectura","item":"https:\/\/bibliotecas.unileon.es\/tULEctura\/pagina-ejemplo\/"},{"@type":"ListItem","position":3,"name":"Curso 2016-2017","item":"https:\/\/bibliotecas.unileon.es\/tULEctura\/pagina-ejemplo\/curso-2016-2017\/"},{"@type":"ListItem","position":4,"name":"Lectura 1 : Estr\u00f3mboli"}]},{"@type":"WebSite","@id":"https:\/\/bibliotecas.unileon.es\/tULEctura\/#website","url":"https:\/\/bibliotecas.unileon.es\/tULEctura\/","name":"tULEctura","description":"Espacio de la Universidad de Le\u00f3n dedicado a la lectura","publisher":{"@id":"https:\/\/bibliotecas.unileon.es\/tULEctura\/#organization"},"potentialAction":[{"@type":"SearchAction","target":{"@type":"EntryPoint","urlTemplate":"https:\/\/bibliotecas.unileon.es\/tULEctura\/?s={search_term_string}"},"query-input":{"@type":"PropertyValueSpecification","valueRequired":true,"valueName":"search_term_string"}}],"inLanguage":"es"},{"@type":"Organization","@id":"https:\/\/bibliotecas.unileon.es\/tULEctura\/#organization","name":"Universidad de Le\u00f3n","url":"https:\/\/bibliotecas.unileon.es\/tULEctura\/","logo":{"@type":"ImageObject","inLanguage":"es","@id":"https:\/\/bibliotecas.unileon.es\/tULEctura\/#\/schema\/logo\/image\/","url":"https:\/\/bibliotecas.unileon.es\/tULEctura\/files\/2018\/08\/TULECTURA_LOGO1.png","contentUrl":"https:\/\/bibliotecas.unileon.es\/tULEctura\/files\/2018\/08\/TULECTURA_LOGO1.png","width":"960","height":"258","caption":"Universidad de Le\u00f3n"},"image":{"@id":"https:\/\/bibliotecas.unileon.es\/tULEctura\/#\/schema\/logo\/image\/"},"sameAs":["https:\/\/www.facebook.com\/tulectura.unileon\/","https:\/\/x.com\/tULEctura_ULE","https:\/\/www.instagram.com\/tulectura.unileon\/","https:\/\/www.pinterest.es\/tulectura\/","https:\/\/www.youtube.com\/channel\/UCoWaDD39lVlAQcOchwlTPVw"]}]}},"_links":{"self":[{"href":"https:\/\/bibliotecas.unileon.es\/tULEctura\/wp-json\/wp\/v2\/pages\/4544","targetHints":{"allow":["GET"]}}],"collection":[{"href":"https:\/\/bibliotecas.unileon.es\/tULEctura\/wp-json\/wp\/v2\/pages"}],"about":[{"href":"https:\/\/bibliotecas.unileon.es\/tULEctura\/wp-json\/wp\/v2\/types\/page"}],"author":[{"embeddable":true,"href":"https:\/\/bibliotecas.unileon.es\/tULEctura\/wp-json\/wp\/v2\/users\/73"}],"replies":[{"embeddable":true,"href":"https:\/\/bibliotecas.unileon.es\/tULEctura\/wp-json\/wp\/v2\/comments?post=4544"}],"version-history":[{"count":1,"href":"https:\/\/bibliotecas.unileon.es\/tULEctura\/wp-json\/wp\/v2\/pages\/4544\/revisions"}],"predecessor-version":[{"id":4545,"href":"https:\/\/bibliotecas.unileon.es\/tULEctura\/wp-json\/wp\/v2\/pages\/4544\/revisions\/4545"}],"up":[{"embeddable":true,"href":"https:\/\/bibliotecas.unileon.es\/tULEctura\/wp-json\/wp\/v2\/pages\/4541"}],"wp:attachment":[{"href":"https:\/\/bibliotecas.unileon.es\/tULEctura\/wp-json\/wp\/v2\/media?parent=4544"}],"curies":[{"name":"wp","href":"https:\/\/api.w.org\/{rel}","templated":true}]}}