{"id":4565,"date":"2016-07-06T11:00:03","date_gmt":"2016-07-06T09:00:03","guid":{"rendered":"http:\/\/bibliotecas.unileon.es\/tULEctura\/?page_id=4565"},"modified":"2016-11-07T16:32:31","modified_gmt":"2016-11-07T15:32:31","slug":"lectura-2-sin-ruido","status":"publish","type":"page","link":"https:\/\/bibliotecas.unileon.es\/tULEctura\/pagina-ejemplo\/curso-2016-2017\/lectura-2-sin-ruido\/","title":{"rendered":"Lectura 2: Sin ruido"},"content":{"rendered":"<h1 style=\"text-align: center;\">Sin ruido, de\u00a0 Jos\u00e9 Corredor-Matheos<\/h1>\n<p style=\"text-align: justify;\">Sin ruido\u00a0\/ Jos\u00e9 Corredor Corredor-Matheos. (1\u00aa ed.) <a href=\"http:\/\/catoute.unileon.es\/record=b1850737\" target=\"_blank\"><img loading=\"lazy\" decoding=\"async\" class=\"alignright size-full wp-image-4673\" src=\"http:\/\/bibliotecas.unileon.es\/tULEctura\/files\/2016\/07\/sin-ruido_9788483834961.jpg\" alt=\"sin-ruido_9788483834961\" width=\"252\" height=\"379\" srcset=\"https:\/\/bibliotecas.unileon.es\/tULEctura\/files\/2016\/07\/sin-ruido_9788483834961.jpg 252w, https:\/\/bibliotecas.unileon.es\/tULEctura\/files\/2016\/07\/sin-ruido_9788483834961-199x300.jpg 199w\" sizes=\"auto, (max-width: 252px) 100vw, 252px\" \/><\/a>.\u2013 Barcelona : Tusquets,\u00a02013. \u2013 .\u00a0133 p., \u00a021 cm<br \/>\nISBN 978-84-8383-496-1<\/p>\n<div class=\"pf-content\">\n<p><strong>Calendario<\/strong><\/p>\n<\/div>\n<div class=\"pf-content\"><\/div>\n<div class=\"entry-content\">\n<div class=\"pf-content\">\n<ul>\n<li style=\"text-align: justify;\">13 de octubre\u00a0de 2016: <strong><a href=\"http:\/\/bibliotecas.unileon.es\/tULEctura\/2016\/10\/13\/sin-ruido-coloquio-participativo-de-guia-a-la-lectura\/\" target=\"_blank\">Coloquio participativo de gu\u00eda a la lectura.<\/a><\/strong><\/li>\n<li style=\"text-align: justify;\">27 de octubre\u00a0de 2016: Coloquio participativo de los socios.<\/li>\n<li style=\"text-align: justify;\">3 de noviembre\u00a0de 2016:\u00a0<strong><a href=\"https:\/\/videos.unileon.es\/video\/1444\" target=\"_blank\">Encuentro de los socios con\u00a0Jos\u00e9 Corredor-Matheos<\/a>\u00a0<\/strong>(v\u00eddeo de la sesi\u00f3n)<\/li>\n<\/ul>\n<p><strong>Lugar \u00a0y horario<\/strong><\/p>\n<p style=\"text-align: justify;\">Los encuentros de esta \u00a0lectura tendr\u00e1n lugar en la sala de conferencias de la Biblioteca General San Isidoro a las 19:00 horas.\u00a0<strong>Se ruega puntualidad<\/strong>.<\/p>\n<p><span style=\"color: #0000ff;\"><strong>Puedes empezar a leer\u00a0<a href=\"http:\/\/static0.planetadelibros.com\/libros_contenido_extra\/28\/27385_Sin%20ruido.pdf\" class=\"mtli_attachment mtli_pdf\" target=\"_blank\"><em>Sin ruido<\/em>,<\/a> \u00a0de<span style=\"color: #0000ff;\">\u00a0<\/span><\/strong><strong>Jos\u00e9 Corredor-Matheos<\/strong><\/span><\/p>\n<\/div>\n<\/div>\n<p>&nbsp;<\/p>\n<p><strong>Sinopsis<\/strong><\/p>\n<p style=\"text-align: justify;\"><a href=\"http:\/\/www.planetadelibros.com\/libro-corredor-de-fondo\/211267\" target=\"_blank\">(Informaci\u00f3n de la editorial Tusquets)<\/a><\/p>\n<div id=\"capsa-sinopsi\" class=\"sinopsi\">\n<p style=\"text-align: justify;\"><em>Sin ruido <\/em>es la culminaci\u00f3n de una trayectoria singular, ajena a modas, pero no menos coherente y profunda, es la obra m\u00e1s depurada y l\u00facida de uno de los poetas imprescindibles de nuestros tiempos.Para Corredor-Matheos, la poes\u00eda no es tanto un lenguaje como un conocimiento, los versos aspiran a la enunciaci\u00f3n despojada con la que el lector se sit\u00faa de pronto en otro \u00e1mbito, se cuestiona y se descubre ante una realidad m\u00e1s amplia, m\u00e1s completa que la meramente percibida. Las cosas hablan, y tambi\u00e9n las paradojas de algunas vivencias cotidianas, que delatan las angustias, las incertidumbres o la peque\u00f1a plenitud del sujeto po\u00e9tico. De ese modo el libro se convierte en una muestra sutil y contundente de las zozobras de un hombre contempor\u00e1neo.<\/p>\n<\/div>\n<p><strong>El autor<\/strong><\/p>\n<p><a href=\"http:\/\/www.planetadelibros.com\/autor\/jose-corredor-matheos\/000014702\" target=\"_blank\">(Informaci\u00f3n de la editorial)<\/a><\/p>\n<p style=\"text-align: justify;\">(Alc\u00e1zar de San Juan, 1929).\u00a0Miembro destacado de la generaci\u00f3n del 50, Jos\u00e9 Corredor-Matheos public\u00f3 su primer libro de poemas, Ocasi\u00f3n donde amarte, en 1953. Le han seguido otros diez t\u00edtulos, reunidos en Desolaci\u00f3n y vuelo. Poes\u00eda reunida (1951-2011). Ha recibido el Premio Bosc\u00e1n de Poes\u00eda en 1961, el Nacional de Traducci\u00f3n entre Lenguas Espa\u00f1olas en 1984, el Premi d\u2019Artes Pl\u00e0stiques de la Generalitat de Catalu\u00f1a en 1993, el Nacional de Poes\u00eda en 2005 por El don de la ignorancia (Tusquets Editores) y el Ciudad de Barcelona de Literatura en Lengua Castellana en 2008. Dirigi\u00f3 los Suplementos de la Enciclopedia \u00a0Espasa y la enciclopedia Grand Larousse Catal\u00e0. Ha sido cr\u00edtico de arte de las revistas Destino y Triunfo. Es acad\u00e9mico correspondiente de la Real Academia de Bellas Artes de San Fernando y acad\u00e9mico de honor de la Real Acad\u00e8mia de Belles Arts de Sant Jordi.<\/p>\n<div class=\"bio\"><\/div>\n<p><strong>M\u00e1s<\/strong><\/p>\n<p><span style=\"color: #0000ff;\"><a style=\"color: #0000ff;\" href=\"http:\/\/catoute.unileon.es\/search~S1*spi?\/aCorredor-Matheos%2C+Jos{226}e+1929-\/acorredor+matheos+jose+1929\/-3%2C-1%2C0%2CB\/exact&amp;FF=acorredor+matheos+jose+1929&amp;1%2C13%2C\" target=\"_blank\"><strong>Obras de Jos\u00e9 Corredor-Matheos en la Universidad de Le\u00f3n.<\/strong><\/a><\/span><\/p>\n<p>&nbsp;<\/p>\n","protected":false},"excerpt":{"rendered":"<p>Sin ruido, de\u00a0 Jos\u00e9 Corredor-Matheos Sin ruido\u00a0\/ Jos\u00e9 Corredor Corredor-Matheos. (1\u00aa ed.) .\u2013 Barcelona : Tusquets,\u00a02013. \u2013 .\u00a0133 p., \u00a021 cm ISBN 978-84-8383-496-1 Calendario 13 de octubre\u00a0de 2016: Coloquio participativo de gu\u00eda a la lectura. 27 de octubre\u00a0de 2016: Coloquio participativo de los socios. 3 de noviembre\u00a0de 2016:\u00a0Encuentro de los socios con\u00a0Jos\u00e9 Corredor-Matheos\u00a0(v\u00eddeo de la [&hellip;]<\/p>\n","protected":false},"author":73,"featured_media":0,"parent":4541,"menu_order":2,"comment_status":"open","ping_status":"closed","template":"","meta":{"_bbp_topic_count":0,"_bbp_reply_count":0,"_bbp_total_topic_count":0,"_bbp_total_reply_count":0,"_bbp_voice_count":0,"_bbp_anonymous_reply_count":0,"_bbp_topic_count_hidden":0,"_bbp_reply_count_hidden":0,"_bbp_forum_subforum_count":0,"_monsterinsights_skip_tracking":false,"_monsterinsights_sitenote_active":false,"_monsterinsights_sitenote_note":"","_monsterinsights_sitenote_category":0,"footnotes":""},"class_list":["post-4565","page","type-page","status-publish","hentry"],"yoast_head":"<!-- This site is optimized with the Yoast SEO plugin v25.8 - https:\/\/yoast.com\/wordpress\/plugins\/seo\/ -->\n<title>Lectura 2: Sin ruido - tULEctura<\/title>\n<meta name=\"robots\" content=\"index, follow, max-snippet:-1, max-image-preview:large, max-video-preview:-1\" \/>\n<link rel=\"canonical\" href=\"https:\/\/bibliotecas.unileon.es\/tULEctura\/pagina-ejemplo\/curso-2016-2017\/lectura-2-sin-ruido\/\" \/>\n<meta property=\"og:locale\" content=\"es_ES\" \/>\n<meta property=\"og:type\" content=\"article\" \/>\n<meta property=\"og:title\" content=\"Lectura 2: Sin ruido - tULEctura\" \/>\n<meta property=\"og:description\" content=\"Sin ruido, de\u00a0 Jos\u00e9 Corredor-Matheos Sin ruido\u00a0\/ Jos\u00e9 Corredor Corredor-Matheos. (1\u00aa ed.) .\u2013 Barcelona : Tusquets,\u00a02013. \u2013 .\u00a0133 p., \u00a021 cm ISBN 978-84-8383-496-1 Calendario 13 de octubre\u00a0de 2016: Coloquio participativo de gu\u00eda a la lectura. 27 de octubre\u00a0de 2016: Coloquio participativo de los socios. 3 de noviembre\u00a0de 2016:\u00a0Encuentro de los socios con\u00a0Jos\u00e9 Corredor-Matheos\u00a0(v\u00eddeo de la [&hellip;]\" \/>\n<meta property=\"og:url\" content=\"https:\/\/bibliotecas.unileon.es\/tULEctura\/pagina-ejemplo\/curso-2016-2017\/lectura-2-sin-ruido\/\" \/>\n<meta property=\"og:site_name\" content=\"tULEctura\" \/>\n<meta property=\"article:publisher\" content=\"https:\/\/www.facebook.com\/tulectura.unileon\/\" \/>\n<meta property=\"article:modified_time\" content=\"2016-11-07T15:32:31+00:00\" \/>\n<meta property=\"og:image\" content=\"https:\/\/bibliotecas.unileon.es\/tULEctura\/files\/2016\/07\/sin-ruido_9788483834961.jpg\" \/>\n\t<meta property=\"og:image:width\" content=\"252\" \/>\n\t<meta property=\"og:image:height\" content=\"379\" \/>\n\t<meta property=\"og:image:type\" content=\"image\/jpeg\" \/>\n<meta name=\"twitter:card\" content=\"summary_large_image\" \/>\n<meta name=\"twitter:site\" content=\"@tULEctura_ULE\" \/>\n<meta name=\"twitter:label1\" content=\"Tiempo de lectura\" \/>\n\t<meta name=\"twitter:data1\" content=\"2 minutos\" \/>\n<script type=\"application\/ld+json\" class=\"yoast-schema-graph\">{\"@context\":\"https:\/\/schema.org\",\"@graph\":[{\"@type\":\"WebPage\",\"@id\":\"https:\/\/bibliotecas.unileon.es\/tULEctura\/pagina-ejemplo\/curso-2016-2017\/lectura-2-sin-ruido\/\",\"url\":\"https:\/\/bibliotecas.unileon.es\/tULEctura\/pagina-ejemplo\/curso-2016-2017\/lectura-2-sin-ruido\/\",\"name\":\"Lectura 2: Sin ruido - tULEctura\",\"isPartOf\":{\"@id\":\"https:\/\/bibliotecas.unileon.es\/tULEctura\/#website\"},\"primaryImageOfPage\":{\"@id\":\"https:\/\/bibliotecas.unileon.es\/tULEctura\/pagina-ejemplo\/curso-2016-2017\/lectura-2-sin-ruido\/#primaryimage\"},\"image\":{\"@id\":\"https:\/\/bibliotecas.unileon.es\/tULEctura\/pagina-ejemplo\/curso-2016-2017\/lectura-2-sin-ruido\/#primaryimage\"},\"thumbnailUrl\":\"http:\/\/bibliotecas.unileon.es\/tULEctura\/files\/2016\/07\/sin-ruido_9788483834961.jpg\",\"datePublished\":\"2016-07-06T09:00:03+00:00\",\"dateModified\":\"2016-11-07T15:32:31+00:00\",\"breadcrumb\":{\"@id\":\"https:\/\/bibliotecas.unileon.es\/tULEctura\/pagina-ejemplo\/curso-2016-2017\/lectura-2-sin-ruido\/#breadcrumb\"},\"inLanguage\":\"es\",\"potentialAction\":[{\"@type\":\"ReadAction\",\"target\":[\"https:\/\/bibliotecas.unileon.es\/tULEctura\/pagina-ejemplo\/curso-2016-2017\/lectura-2-sin-ruido\/\"]}]},{\"@type\":\"ImageObject\",\"inLanguage\":\"es\",\"@id\":\"https:\/\/bibliotecas.unileon.es\/tULEctura\/pagina-ejemplo\/curso-2016-2017\/lectura-2-sin-ruido\/#primaryimage\",\"url\":\"https:\/\/bibliotecas.unileon.es\/tULEctura\/files\/2016\/07\/sin-ruido_9788483834961.jpg\",\"contentUrl\":\"https:\/\/bibliotecas.unileon.es\/tULEctura\/files\/2016\/07\/sin-ruido_9788483834961.jpg\",\"width\":252,\"height\":379},{\"@type\":\"BreadcrumbList\",\"@id\":\"https:\/\/bibliotecas.unileon.es\/tULEctura\/pagina-ejemplo\/curso-2016-2017\/lectura-2-sin-ruido\/#breadcrumb\",\"itemListElement\":[{\"@type\":\"ListItem\",\"position\":1,\"name\":\"Home\",\"item\":\"https:\/\/bibliotecas.unileon.es\/tULEctura\/\"},{\"@type\":\"ListItem\",\"position\":2,\"name\":\"Club de Lectura\",\"item\":\"https:\/\/bibliotecas.unileon.es\/tULEctura\/pagina-ejemplo\/\"},{\"@type\":\"ListItem\",\"position\":3,\"name\":\"Curso 2016-2017\",\"item\":\"https:\/\/bibliotecas.unileon.es\/tULEctura\/pagina-ejemplo\/curso-2016-2017\/\"},{\"@type\":\"ListItem\",\"position\":4,\"name\":\"Lectura 2: Sin ruido\"}]},{\"@type\":\"WebSite\",\"@id\":\"https:\/\/bibliotecas.unileon.es\/tULEctura\/#website\",\"url\":\"https:\/\/bibliotecas.unileon.es\/tULEctura\/\",\"name\":\"tULEctura\",\"description\":\"Espacio de la Universidad de Le\u00f3n dedicado a la lectura\",\"publisher\":{\"@id\":\"https:\/\/bibliotecas.unileon.es\/tULEctura\/#organization\"},\"potentialAction\":[{\"@type\":\"SearchAction\",\"target\":{\"@type\":\"EntryPoint\",\"urlTemplate\":\"https:\/\/bibliotecas.unileon.es\/tULEctura\/?s={search_term_string}\"},\"query-input\":{\"@type\":\"PropertyValueSpecification\",\"valueRequired\":true,\"valueName\":\"search_term_string\"}}],\"inLanguage\":\"es\"},{\"@type\":\"Organization\",\"@id\":\"https:\/\/bibliotecas.unileon.es\/tULEctura\/#organization\",\"name\":\"Universidad de Le\u00f3n\",\"url\":\"https:\/\/bibliotecas.unileon.es\/tULEctura\/\",\"logo\":{\"@type\":\"ImageObject\",\"inLanguage\":\"es\",\"@id\":\"https:\/\/bibliotecas.unileon.es\/tULEctura\/#\/schema\/logo\/image\/\",\"url\":\"https:\/\/bibliotecas.unileon.es\/tULEctura\/files\/2018\/08\/TULECTURA_LOGO1.png\",\"contentUrl\":\"https:\/\/bibliotecas.unileon.es\/tULEctura\/files\/2018\/08\/TULECTURA_LOGO1.png\",\"width\":\"960\",\"height\":\"258\",\"caption\":\"Universidad de Le\u00f3n\"},\"image\":{\"@id\":\"https:\/\/bibliotecas.unileon.es\/tULEctura\/#\/schema\/logo\/image\/\"},\"sameAs\":[\"https:\/\/www.facebook.com\/tulectura.unileon\/\",\"https:\/\/x.com\/tULEctura_ULE\",\"https:\/\/www.instagram.com\/tulectura.unileon\/\",\"https:\/\/www.pinterest.es\/tulectura\/\",\"https:\/\/www.youtube.com\/channel\/UCoWaDD39lVlAQcOchwlTPVw\"]}]}<\/script>\n<!-- \/ Yoast SEO plugin. -->","yoast_head_json":{"title":"Lectura 2: Sin ruido - tULEctura","robots":{"index":"index","follow":"follow","max-snippet":"max-snippet:-1","max-image-preview":"max-image-preview:large","max-video-preview":"max-video-preview:-1"},"canonical":"https:\/\/bibliotecas.unileon.es\/tULEctura\/pagina-ejemplo\/curso-2016-2017\/lectura-2-sin-ruido\/","og_locale":"es_ES","og_type":"article","og_title":"Lectura 2: Sin ruido - tULEctura","og_description":"Sin ruido, de\u00a0 Jos\u00e9 Corredor-Matheos Sin ruido\u00a0\/ Jos\u00e9 Corredor Corredor-Matheos. (1\u00aa ed.) .\u2013 Barcelona : Tusquets,\u00a02013. \u2013 .\u00a0133 p., \u00a021 cm ISBN 978-84-8383-496-1 Calendario 13 de octubre\u00a0de 2016: Coloquio participativo de gu\u00eda a la lectura. 27 de octubre\u00a0de 2016: Coloquio participativo de los socios. 3 de noviembre\u00a0de 2016:\u00a0Encuentro de los socios con\u00a0Jos\u00e9 Corredor-Matheos\u00a0(v\u00eddeo de la [&hellip;]","og_url":"https:\/\/bibliotecas.unileon.es\/tULEctura\/pagina-ejemplo\/curso-2016-2017\/lectura-2-sin-ruido\/","og_site_name":"tULEctura","article_publisher":"https:\/\/www.facebook.com\/tulectura.unileon\/","article_modified_time":"2016-11-07T15:32:31+00:00","og_image":[{"width":252,"height":379,"url":"https:\/\/bibliotecas.unileon.es\/tULEctura\/files\/2016\/07\/sin-ruido_9788483834961.jpg","type":"image\/jpeg"}],"twitter_card":"summary_large_image","twitter_site":"@tULEctura_ULE","twitter_misc":{"Tiempo de lectura":"2 minutos"},"schema":{"@context":"https:\/\/schema.org","@graph":[{"@type":"WebPage","@id":"https:\/\/bibliotecas.unileon.es\/tULEctura\/pagina-ejemplo\/curso-2016-2017\/lectura-2-sin-ruido\/","url":"https:\/\/bibliotecas.unileon.es\/tULEctura\/pagina-ejemplo\/curso-2016-2017\/lectura-2-sin-ruido\/","name":"Lectura 2: Sin ruido - tULEctura","isPartOf":{"@id":"https:\/\/bibliotecas.unileon.es\/tULEctura\/#website"},"primaryImageOfPage":{"@id":"https:\/\/bibliotecas.unileon.es\/tULEctura\/pagina-ejemplo\/curso-2016-2017\/lectura-2-sin-ruido\/#primaryimage"},"image":{"@id":"https:\/\/bibliotecas.unileon.es\/tULEctura\/pagina-ejemplo\/curso-2016-2017\/lectura-2-sin-ruido\/#primaryimage"},"thumbnailUrl":"http:\/\/bibliotecas.unileon.es\/tULEctura\/files\/2016\/07\/sin-ruido_9788483834961.jpg","datePublished":"2016-07-06T09:00:03+00:00","dateModified":"2016-11-07T15:32:31+00:00","breadcrumb":{"@id":"https:\/\/bibliotecas.unileon.es\/tULEctura\/pagina-ejemplo\/curso-2016-2017\/lectura-2-sin-ruido\/#breadcrumb"},"inLanguage":"es","potentialAction":[{"@type":"ReadAction","target":["https:\/\/bibliotecas.unileon.es\/tULEctura\/pagina-ejemplo\/curso-2016-2017\/lectura-2-sin-ruido\/"]}]},{"@type":"ImageObject","inLanguage":"es","@id":"https:\/\/bibliotecas.unileon.es\/tULEctura\/pagina-ejemplo\/curso-2016-2017\/lectura-2-sin-ruido\/#primaryimage","url":"https:\/\/bibliotecas.unileon.es\/tULEctura\/files\/2016\/07\/sin-ruido_9788483834961.jpg","contentUrl":"https:\/\/bibliotecas.unileon.es\/tULEctura\/files\/2016\/07\/sin-ruido_9788483834961.jpg","width":252,"height":379},{"@type":"BreadcrumbList","@id":"https:\/\/bibliotecas.unileon.es\/tULEctura\/pagina-ejemplo\/curso-2016-2017\/lectura-2-sin-ruido\/#breadcrumb","itemListElement":[{"@type":"ListItem","position":1,"name":"Home","item":"https:\/\/bibliotecas.unileon.es\/tULEctura\/"},{"@type":"ListItem","position":2,"name":"Club de Lectura","item":"https:\/\/bibliotecas.unileon.es\/tULEctura\/pagina-ejemplo\/"},{"@type":"ListItem","position":3,"name":"Curso 2016-2017","item":"https:\/\/bibliotecas.unileon.es\/tULEctura\/pagina-ejemplo\/curso-2016-2017\/"},{"@type":"ListItem","position":4,"name":"Lectura 2: Sin ruido"}]},{"@type":"WebSite","@id":"https:\/\/bibliotecas.unileon.es\/tULEctura\/#website","url":"https:\/\/bibliotecas.unileon.es\/tULEctura\/","name":"tULEctura","description":"Espacio de la Universidad de Le\u00f3n dedicado a la lectura","publisher":{"@id":"https:\/\/bibliotecas.unileon.es\/tULEctura\/#organization"},"potentialAction":[{"@type":"SearchAction","target":{"@type":"EntryPoint","urlTemplate":"https:\/\/bibliotecas.unileon.es\/tULEctura\/?s={search_term_string}"},"query-input":{"@type":"PropertyValueSpecification","valueRequired":true,"valueName":"search_term_string"}}],"inLanguage":"es"},{"@type":"Organization","@id":"https:\/\/bibliotecas.unileon.es\/tULEctura\/#organization","name":"Universidad de Le\u00f3n","url":"https:\/\/bibliotecas.unileon.es\/tULEctura\/","logo":{"@type":"ImageObject","inLanguage":"es","@id":"https:\/\/bibliotecas.unileon.es\/tULEctura\/#\/schema\/logo\/image\/","url":"https:\/\/bibliotecas.unileon.es\/tULEctura\/files\/2018\/08\/TULECTURA_LOGO1.png","contentUrl":"https:\/\/bibliotecas.unileon.es\/tULEctura\/files\/2018\/08\/TULECTURA_LOGO1.png","width":"960","height":"258","caption":"Universidad de Le\u00f3n"},"image":{"@id":"https:\/\/bibliotecas.unileon.es\/tULEctura\/#\/schema\/logo\/image\/"},"sameAs":["https:\/\/www.facebook.com\/tulectura.unileon\/","https:\/\/x.com\/tULEctura_ULE","https:\/\/www.instagram.com\/tulectura.unileon\/","https:\/\/www.pinterest.es\/tulectura\/","https:\/\/www.youtube.com\/channel\/UCoWaDD39lVlAQcOchwlTPVw"]}]}},"_links":{"self":[{"href":"https:\/\/bibliotecas.unileon.es\/tULEctura\/wp-json\/wp\/v2\/pages\/4565","targetHints":{"allow":["GET"]}}],"collection":[{"href":"https:\/\/bibliotecas.unileon.es\/tULEctura\/wp-json\/wp\/v2\/pages"}],"about":[{"href":"https:\/\/bibliotecas.unileon.es\/tULEctura\/wp-json\/wp\/v2\/types\/page"}],"author":[{"embeddable":true,"href":"https:\/\/bibliotecas.unileon.es\/tULEctura\/wp-json\/wp\/v2\/users\/73"}],"replies":[{"embeddable":true,"href":"https:\/\/bibliotecas.unileon.es\/tULEctura\/wp-json\/wp\/v2\/comments?post=4565"}],"version-history":[{"count":1,"href":"https:\/\/bibliotecas.unileon.es\/tULEctura\/wp-json\/wp\/v2\/pages\/4565\/revisions"}],"predecessor-version":[{"id":4566,"href":"https:\/\/bibliotecas.unileon.es\/tULEctura\/wp-json\/wp\/v2\/pages\/4565\/revisions\/4566"}],"up":[{"embeddable":true,"href":"https:\/\/bibliotecas.unileon.es\/tULEctura\/wp-json\/wp\/v2\/pages\/4541"}],"wp:attachment":[{"href":"https:\/\/bibliotecas.unileon.es\/tULEctura\/wp-json\/wp\/v2\/media?parent=4565"}],"curies":[{"name":"wp","href":"https:\/\/api.w.org\/{rel}","templated":true}]}}