{"id":4569,"date":"2016-07-06T11:00:02","date_gmt":"2016-07-06T09:00:02","guid":{"rendered":"http:\/\/bibliotecas.unileon.es\/tULEctura\/?page_id=4569"},"modified":"2016-11-22T19:08:33","modified_gmt":"2016-11-22T18:08:33","slug":"lectura-3-oso","status":"publish","type":"page","link":"https:\/\/bibliotecas.unileon.es\/tULEctura\/pagina-ejemplo\/curso-2016-2017\/lectura-3-oso\/","title":{"rendered":"Lectura 3: Oso"},"content":{"rendered":"<h1 style=\"text-align: center;\">Oso, de Marian Engel<\/h1>\n<div class=\"pf-content\">Oso \u00a0\/ Marian Engel ; traducci\u00f3n del ingl\u00e9s a cargo<img loading=\"lazy\" decoding=\"async\" class=\"alignright size-full wp-image-4570\" src=\"http:\/\/bibliotecas.unileon.es\/tULEctura\/files\/2016\/06\/fit-230x360.jpg\" alt=\"fit-230x360\" width=\"230\" height=\"348\" srcset=\"https:\/\/bibliotecas.unileon.es\/tULEctura\/files\/2016\/06\/fit-230x360.jpg 230w, https:\/\/bibliotecas.unileon.es\/tULEctura\/files\/2016\/06\/fit-230x360-198x300.jpg 198w\" sizes=\"auto, (max-width: 230px) 100vw, 230px\" \/> de Magdalena Palmer. (1\u00aa ed.).\u00a0\u2014\u00a0\u00a0Madrid : Impedimenta, 2015.\u00a0\u00a0171 p., \u00a021 cm., \u00a01 tarjeta.<br \/>\nISBN 978-84-16542-36-9<\/div>\n<div class=\"pf-content\">\n<p>&nbsp;<\/p>\n<p><strong>Calendario<\/strong><\/p>\n<\/div>\n<div class=\"entry-content\">\n<div class=\"pf-content\">\n<ul>\n<li>10 de noviembre\u00a0de 2016: <a href=\"http:\/\/bibliotecas.unileon.es\/tULEctura\/2016\/11\/10\/4884\/\" target=\"_blank\">Coloquio participativo de gu\u00eda a la lectura.<\/a><\/li>\n<li>17\u00a0de noviembre de 2016: <a href=\"http:\/\/bibliotecas.unileon.es\/tULEctura\/2016\/11\/17\/oso-marian-engel-alberto-torices\/\" target=\"_blank\">Coloquio participativo de los socios.<\/a><\/li>\n<\/ul>\n<p><strong>Lugar \u00a0y horario<\/strong><\/p>\n<p>Los encuentros de esta \u00a0lectura tendr\u00e1n lugar en la sala de conferencias de la Biblioteca General San Isidoro a las 19:00 horas.\u00a0<strong>Se ruega puntualidad<\/strong>.<\/p>\n<p><span style=\"color: #0000ff;\"><a style=\"color: #0000ff;\" href=\"http:\/\/impedimenta.es\/media\/blogs\/libros\/capitulosPDF\/9788415979562.pdf\" class=\"mtli_attachment mtli_pdf\" target=\"_blank\"><strong>Puedes empezar a leer\u00a0Oso, \u00a0de\u00a0Marian Engel.<\/strong><\/a><\/span><\/p>\n<p>&nbsp;<\/p>\n<p><strong>Sinopsis\u00a0<\/strong><\/p>\n<p><a href=\"http:\/\/impedimenta.es\/libros.php\/oso\" target=\"_blank\">(informaci\u00f3n de la editorial Impedimenta)<\/a><\/p>\n<p style=\"text-align: justify;\">Publicada en 1976 y adorada por Robertson Davies, Margaret Atwood o Alice Munro, Oso es una novela delicad\u00edsima y calculadamente transgresora, una aut\u00e9ntica par\u00e1bola de la vuelta a la naturaleza.<\/p>\n<p style=\"text-align: justify;\">La joven e introvertida Lou abandona su trabajo como bibliotecaria cuando se le encarga hacer inventario de los libros de una mansi\u00f3n victoriana situada en una remota isla canadiense, propiedad de un enigm\u00e1tico coronel, ya fallecido. Ansiosa por reconstruir la curiosa historia de la casa, pronto descubre que la isla tiene otro habitante: un oso. Cuando se da cuenta de que este es el \u00fanico que puede proporcionarle algo de compa\u00f1\u00eda, surgir\u00e1 entre ellos una extra\u00f1a relaci\u00f3n. Una relaci\u00f3n \u00edntima, inquietante y nada ambigua. Gradualmente, Lou se va convenciendo de que el oso es el compa\u00f1ero perfecto, que colma todas sus expectativas. En todos los sentidos. Ser\u00e1 entonces cuando emprenda un camino de autodescubrimiento. A pesar del impacto que caus\u00f3 su publicaci\u00f3n, <strong><em>Oso<\/em><\/strong> se alz\u00f3 con el Governor General\u2019s Literary Award en 1976 y est\u00e1 considerada una de las mejores (y m\u00e1s controvertidas) novelas de la literatura canadiense<\/p>\n<p><strong>La autora\u00a0<\/strong><\/p>\n<p><a href=\"http:\/\/impedimenta.es\/autores.php\/engel-marian\" target=\"_blank\">(informaci\u00f3n de la editorial Impedimenta)<\/a><\/p>\n<p>&nbsp;<\/p>\n<\/div>\n<div class=\"pf-content\">\n<div class=\"texto1\">\n<p style=\"text-align: justify;\">Marian Engel naci\u00f3 en 1933 en Toronto, Canad\u00e1. <img loading=\"lazy\" decoding=\"async\" class=\"alignright wp-image-4572\" src=\"http:\/\/bibliotecas.unileon.es\/tULEctura\/files\/2017\/06\/marianengel.jpg\" alt=\"marianengel\" width=\"272\" height=\"337\" srcset=\"https:\/\/bibliotecas.unileon.es\/tULEctura\/files\/2017\/06\/marianengel.jpg 375w, https:\/\/bibliotecas.unileon.es\/tULEctura\/files\/2017\/06\/marianengel-242x300.jpg 242w\" sizes=\"auto, (max-width: 272px) 100vw, 272px\" \/>Licenciada en Estudios Ling\u00fc\u00edsticos en la Universidad de Ontario, se especializ\u00f3 en Literatura Canadiense en Montreal y estudi\u00f3 en Aix-en-Provence.<\/p>\n<p style=\"text-align: justify;\">En 1962 se cas\u00f3 con un productor de la televisi\u00f3n p\u00fablica canadiense, Howard Engel, del que se divorciar\u00eda en 1977. En 1964 volvieron a Toronto y, a pesar de que tuvo que criar a dos gemelos, comenz\u00f3 a escribir. En 1968 public\u00f3 su primera novela, <em>No Clouds of Glory<\/em>. Sin embargo, su obra maestra es <strong><em>Oso<\/em><\/strong>, la historia de una bibliotecaria que mantiene una relaci\u00f3n \u00edntima con un oso en una remota isla canadiense. El libro, considerado un esc\u00e1ndalo, le vali\u00f3, aun as\u00ed, el Governor General\u2019s Literary Award for Fiction en 1976. Marian Engel fue una apasionada activista por los derechos de los escritores en todo el mundo, y est\u00e1 considerada una gloria nacional en Canad\u00e1, siendo alabada por autores como Robertson Davies, Margaret Atwood, Timothy Findley, Alice Munro o Margaret Laurence, con quienes mantuvo una extensa correspondencia. Fue la primera mujer en pertenecer a la junta directiva del sindicato de escritores de Canad\u00e1. En 1982 fue nombrada Oficial de la Orden Canadiense. Engel muri\u00f3 de c\u00e1ncer en Toronto, en 1985.<\/p>\n<\/div>\n<p><strong>M\u00e1s<\/strong><\/p>\n<ul>\n<li style=\"text-align: justify;\">Aguila-Way, T. (2015). Beyond the Logic of Solidarity as Sameness: The Critique of Animal Instrumentalization in Margaret Atwood&#8217;s Surfacing and Marian Engel&#8217;s Bear. <i>Interdisciplinary Studies in Literature and Environment<\/i>, isv054. \u00a0<a href=\"http:\/\/bibliotecas.unileon.es\/tULEctura\/files\/2017\/06\/Beyond_the_Logic_of_Solidarity_as_Samene.pdf\" class=\"mtli_attachment mtli_pdf\" target=\"_blank\">Leer<\/a><\/li>\n<li style=\"text-align: justify;\">Hair, D. S. (1982). Marian Engel&#8217;s Bear. <i>Canadian Literature<\/i>, <i>92<\/i>, 34-45.\u00a0<a href=\"http:\/\/bibliotecas.unileon.es\/tULEctura\/files\/2017\/06\/MARIAN-ENGELS-BEAR-Donald-S.-Hair.pdf\" class=\"mtli_attachment mtli_pdf\" target=\"_blank\">Leer<\/a><\/li>\n<li style=\"text-align: justify;\">Howells, C. A. (1984). Marian Engel&#8217;s \u00abBear\u00bb: Pastoral, Porn, and Myth. <i>ARIEL: A Review of International English Literature<\/i>, <i>17<\/i>(4). Leer:\u00a0<a href=\"http:\/\/bibliotecas.unileon.es\/tULEctura\/files\/2017\/06\/Marian-Engels-Bear.pdf\" class=\"mtli_attachment mtli_pdf\" target=\"_blank\">Leer<\/a><\/li>\n<li style=\"text-align: justify;\">Monk, P. (1979). Engel&#8217;s Bear: A Furry Tale. <i>Atlantis: Critical Studies in Gender, Culture &amp; Social Justice<\/i>, <i>5<\/i>(1), 29-39. <a href=\"http:\/\/bibliotecas.unileon.es\/tULEctura\/files\/2017\/06\/A-Furry-Tale-by-Patricia-Monk.pdf\" class=\"mtli_attachment mtli_pdf\" target=\"_blank\">Leer<\/a><\/li>\n<\/ul>\n<p>&nbsp;<\/p>\n<\/div>\n<\/div>\n","protected":false},"excerpt":{"rendered":"<p>Oso, de Marian Engel Oso \u00a0\/ Marian Engel ; traducci\u00f3n del ingl\u00e9s a cargo de Magdalena Palmer. (1\u00aa ed.).\u00a0\u2014\u00a0\u00a0Madrid : Impedimenta, 2015.\u00a0\u00a0171 p., \u00a021 cm., \u00a01 tarjeta. ISBN 978-84-16542-36-9 &nbsp; Calendario 10 de noviembre\u00a0de 2016: Coloquio participativo de gu\u00eda a la lectura. 17\u00a0de noviembre de 2016: Coloquio participativo de los socios. Lugar \u00a0y horario Los [&hellip;]<\/p>\n","protected":false},"author":73,"featured_media":0,"parent":4541,"menu_order":3,"comment_status":"open","ping_status":"closed","template":"","meta":{"_bbp_topic_count":0,"_bbp_reply_count":0,"_bbp_total_topic_count":0,"_bbp_total_reply_count":0,"_bbp_voice_count":0,"_bbp_anonymous_reply_count":0,"_bbp_topic_count_hidden":0,"_bbp_reply_count_hidden":0,"_bbp_forum_subforum_count":0,"_monsterinsights_skip_tracking":false,"_monsterinsights_sitenote_active":false,"_monsterinsights_sitenote_note":"","_monsterinsights_sitenote_category":0,"footnotes":""},"class_list":["post-4569","page","type-page","status-publish","hentry"],"yoast_head":"<!-- This site is optimized with the Yoast SEO plugin v25.8 - https:\/\/yoast.com\/wordpress\/plugins\/seo\/ -->\n<title>Lectura 3: Oso - tULEctura<\/title>\n<meta name=\"robots\" content=\"index, follow, max-snippet:-1, max-image-preview:large, max-video-preview:-1\" \/>\n<link rel=\"canonical\" href=\"https:\/\/bibliotecas.unileon.es\/tULEctura\/pagina-ejemplo\/curso-2016-2017\/lectura-3-oso\/\" \/>\n<meta property=\"og:locale\" content=\"es_ES\" \/>\n<meta property=\"og:type\" content=\"article\" \/>\n<meta property=\"og:title\" content=\"Lectura 3: Oso - tULEctura\" \/>\n<meta property=\"og:description\" content=\"Oso, de Marian Engel Oso \u00a0\/ Marian Engel ; traducci\u00f3n del ingl\u00e9s a cargo de Magdalena Palmer. (1\u00aa ed.).\u00a0\u2014\u00a0\u00a0Madrid : Impedimenta, 2015.\u00a0\u00a0171 p., \u00a021 cm., \u00a01 tarjeta. ISBN 978-84-16542-36-9 &nbsp; Calendario 10 de noviembre\u00a0de 2016: Coloquio participativo de gu\u00eda a la lectura. 17\u00a0de noviembre de 2016: Coloquio participativo de los socios. Lugar \u00a0y horario Los [&hellip;]\" \/>\n<meta property=\"og:url\" content=\"https:\/\/bibliotecas.unileon.es\/tULEctura\/pagina-ejemplo\/curso-2016-2017\/lectura-3-oso\/\" \/>\n<meta property=\"og:site_name\" content=\"tULEctura\" \/>\n<meta property=\"article:publisher\" content=\"https:\/\/www.facebook.com\/tulectura.unileon\/\" \/>\n<meta property=\"article:modified_time\" content=\"2016-11-22T18:08:33+00:00\" \/>\n<meta property=\"og:image\" content=\"https:\/\/bibliotecas.unileon.es\/tULEctura\/files\/2016\/06\/fit-230x360.jpg\" \/>\n\t<meta property=\"og:image:width\" content=\"230\" \/>\n\t<meta property=\"og:image:height\" content=\"348\" \/>\n\t<meta property=\"og:image:type\" content=\"image\/jpeg\" \/>\n<meta name=\"twitter:card\" content=\"summary_large_image\" \/>\n<meta name=\"twitter:site\" content=\"@tULEctura_ULE\" \/>\n<meta name=\"twitter:label1\" content=\"Tiempo de lectura\" \/>\n\t<meta name=\"twitter:data1\" content=\"3 minutos\" \/>\n<script type=\"application\/ld+json\" class=\"yoast-schema-graph\">{\"@context\":\"https:\/\/schema.org\",\"@graph\":[{\"@type\":\"WebPage\",\"@id\":\"https:\/\/bibliotecas.unileon.es\/tULEctura\/pagina-ejemplo\/curso-2016-2017\/lectura-3-oso\/\",\"url\":\"https:\/\/bibliotecas.unileon.es\/tULEctura\/pagina-ejemplo\/curso-2016-2017\/lectura-3-oso\/\",\"name\":\"Lectura 3: Oso - tULEctura\",\"isPartOf\":{\"@id\":\"https:\/\/bibliotecas.unileon.es\/tULEctura\/#website\"},\"primaryImageOfPage\":{\"@id\":\"https:\/\/bibliotecas.unileon.es\/tULEctura\/pagina-ejemplo\/curso-2016-2017\/lectura-3-oso\/#primaryimage\"},\"image\":{\"@id\":\"https:\/\/bibliotecas.unileon.es\/tULEctura\/pagina-ejemplo\/curso-2016-2017\/lectura-3-oso\/#primaryimage\"},\"thumbnailUrl\":\"http:\/\/bibliotecas.unileon.es\/tULEctura\/files\/2016\/06\/fit-230x360.jpg\",\"datePublished\":\"2016-07-06T09:00:02+00:00\",\"dateModified\":\"2016-11-22T18:08:33+00:00\",\"breadcrumb\":{\"@id\":\"https:\/\/bibliotecas.unileon.es\/tULEctura\/pagina-ejemplo\/curso-2016-2017\/lectura-3-oso\/#breadcrumb\"},\"inLanguage\":\"es\",\"potentialAction\":[{\"@type\":\"ReadAction\",\"target\":[\"https:\/\/bibliotecas.unileon.es\/tULEctura\/pagina-ejemplo\/curso-2016-2017\/lectura-3-oso\/\"]}]},{\"@type\":\"ImageObject\",\"inLanguage\":\"es\",\"@id\":\"https:\/\/bibliotecas.unileon.es\/tULEctura\/pagina-ejemplo\/curso-2016-2017\/lectura-3-oso\/#primaryimage\",\"url\":\"https:\/\/bibliotecas.unileon.es\/tULEctura\/files\/2016\/06\/fit-230x360.jpg\",\"contentUrl\":\"https:\/\/bibliotecas.unileon.es\/tULEctura\/files\/2016\/06\/fit-230x360.jpg\",\"width\":230,\"height\":348},{\"@type\":\"BreadcrumbList\",\"@id\":\"https:\/\/bibliotecas.unileon.es\/tULEctura\/pagina-ejemplo\/curso-2016-2017\/lectura-3-oso\/#breadcrumb\",\"itemListElement\":[{\"@type\":\"ListItem\",\"position\":1,\"name\":\"Home\",\"item\":\"https:\/\/bibliotecas.unileon.es\/tULEctura\/\"},{\"@type\":\"ListItem\",\"position\":2,\"name\":\"Club de Lectura\",\"item\":\"https:\/\/bibliotecas.unileon.es\/tULEctura\/pagina-ejemplo\/\"},{\"@type\":\"ListItem\",\"position\":3,\"name\":\"Curso 2016-2017\",\"item\":\"https:\/\/bibliotecas.unileon.es\/tULEctura\/pagina-ejemplo\/curso-2016-2017\/\"},{\"@type\":\"ListItem\",\"position\":4,\"name\":\"Lectura 3: Oso\"}]},{\"@type\":\"WebSite\",\"@id\":\"https:\/\/bibliotecas.unileon.es\/tULEctura\/#website\",\"url\":\"https:\/\/bibliotecas.unileon.es\/tULEctura\/\",\"name\":\"tULEctura\",\"description\":\"Espacio de la Universidad de Le\u00f3n dedicado a la lectura\",\"publisher\":{\"@id\":\"https:\/\/bibliotecas.unileon.es\/tULEctura\/#organization\"},\"potentialAction\":[{\"@type\":\"SearchAction\",\"target\":{\"@type\":\"EntryPoint\",\"urlTemplate\":\"https:\/\/bibliotecas.unileon.es\/tULEctura\/?s={search_term_string}\"},\"query-input\":{\"@type\":\"PropertyValueSpecification\",\"valueRequired\":true,\"valueName\":\"search_term_string\"}}],\"inLanguage\":\"es\"},{\"@type\":\"Organization\",\"@id\":\"https:\/\/bibliotecas.unileon.es\/tULEctura\/#organization\",\"name\":\"Universidad de Le\u00f3n\",\"url\":\"https:\/\/bibliotecas.unileon.es\/tULEctura\/\",\"logo\":{\"@type\":\"ImageObject\",\"inLanguage\":\"es\",\"@id\":\"https:\/\/bibliotecas.unileon.es\/tULEctura\/#\/schema\/logo\/image\/\",\"url\":\"https:\/\/bibliotecas.unileon.es\/tULEctura\/files\/2018\/08\/TULECTURA_LOGO1.png\",\"contentUrl\":\"https:\/\/bibliotecas.unileon.es\/tULEctura\/files\/2018\/08\/TULECTURA_LOGO1.png\",\"width\":\"960\",\"height\":\"258\",\"caption\":\"Universidad de Le\u00f3n\"},\"image\":{\"@id\":\"https:\/\/bibliotecas.unileon.es\/tULEctura\/#\/schema\/logo\/image\/\"},\"sameAs\":[\"https:\/\/www.facebook.com\/tulectura.unileon\/\",\"https:\/\/x.com\/tULEctura_ULE\",\"https:\/\/www.instagram.com\/tulectura.unileon\/\",\"https:\/\/www.pinterest.es\/tulectura\/\",\"https:\/\/www.youtube.com\/channel\/UCoWaDD39lVlAQcOchwlTPVw\"]}]}<\/script>\n<!-- \/ Yoast SEO plugin. -->","yoast_head_json":{"title":"Lectura 3: Oso - tULEctura","robots":{"index":"index","follow":"follow","max-snippet":"max-snippet:-1","max-image-preview":"max-image-preview:large","max-video-preview":"max-video-preview:-1"},"canonical":"https:\/\/bibliotecas.unileon.es\/tULEctura\/pagina-ejemplo\/curso-2016-2017\/lectura-3-oso\/","og_locale":"es_ES","og_type":"article","og_title":"Lectura 3: Oso - tULEctura","og_description":"Oso, de Marian Engel Oso \u00a0\/ Marian Engel ; traducci\u00f3n del ingl\u00e9s a cargo de Magdalena Palmer. (1\u00aa ed.).\u00a0\u2014\u00a0\u00a0Madrid : Impedimenta, 2015.\u00a0\u00a0171 p., \u00a021 cm., \u00a01 tarjeta. ISBN 978-84-16542-36-9 &nbsp; Calendario 10 de noviembre\u00a0de 2016: Coloquio participativo de gu\u00eda a la lectura. 17\u00a0de noviembre de 2016: Coloquio participativo de los socios. Lugar \u00a0y horario Los [&hellip;]","og_url":"https:\/\/bibliotecas.unileon.es\/tULEctura\/pagina-ejemplo\/curso-2016-2017\/lectura-3-oso\/","og_site_name":"tULEctura","article_publisher":"https:\/\/www.facebook.com\/tulectura.unileon\/","article_modified_time":"2016-11-22T18:08:33+00:00","og_image":[{"width":230,"height":348,"url":"https:\/\/bibliotecas.unileon.es\/tULEctura\/files\/2016\/06\/fit-230x360.jpg","type":"image\/jpeg"}],"twitter_card":"summary_large_image","twitter_site":"@tULEctura_ULE","twitter_misc":{"Tiempo de lectura":"3 minutos"},"schema":{"@context":"https:\/\/schema.org","@graph":[{"@type":"WebPage","@id":"https:\/\/bibliotecas.unileon.es\/tULEctura\/pagina-ejemplo\/curso-2016-2017\/lectura-3-oso\/","url":"https:\/\/bibliotecas.unileon.es\/tULEctura\/pagina-ejemplo\/curso-2016-2017\/lectura-3-oso\/","name":"Lectura 3: Oso - tULEctura","isPartOf":{"@id":"https:\/\/bibliotecas.unileon.es\/tULEctura\/#website"},"primaryImageOfPage":{"@id":"https:\/\/bibliotecas.unileon.es\/tULEctura\/pagina-ejemplo\/curso-2016-2017\/lectura-3-oso\/#primaryimage"},"image":{"@id":"https:\/\/bibliotecas.unileon.es\/tULEctura\/pagina-ejemplo\/curso-2016-2017\/lectura-3-oso\/#primaryimage"},"thumbnailUrl":"http:\/\/bibliotecas.unileon.es\/tULEctura\/files\/2016\/06\/fit-230x360.jpg","datePublished":"2016-07-06T09:00:02+00:00","dateModified":"2016-11-22T18:08:33+00:00","breadcrumb":{"@id":"https:\/\/bibliotecas.unileon.es\/tULEctura\/pagina-ejemplo\/curso-2016-2017\/lectura-3-oso\/#breadcrumb"},"inLanguage":"es","potentialAction":[{"@type":"ReadAction","target":["https:\/\/bibliotecas.unileon.es\/tULEctura\/pagina-ejemplo\/curso-2016-2017\/lectura-3-oso\/"]}]},{"@type":"ImageObject","inLanguage":"es","@id":"https:\/\/bibliotecas.unileon.es\/tULEctura\/pagina-ejemplo\/curso-2016-2017\/lectura-3-oso\/#primaryimage","url":"https:\/\/bibliotecas.unileon.es\/tULEctura\/files\/2016\/06\/fit-230x360.jpg","contentUrl":"https:\/\/bibliotecas.unileon.es\/tULEctura\/files\/2016\/06\/fit-230x360.jpg","width":230,"height":348},{"@type":"BreadcrumbList","@id":"https:\/\/bibliotecas.unileon.es\/tULEctura\/pagina-ejemplo\/curso-2016-2017\/lectura-3-oso\/#breadcrumb","itemListElement":[{"@type":"ListItem","position":1,"name":"Home","item":"https:\/\/bibliotecas.unileon.es\/tULEctura\/"},{"@type":"ListItem","position":2,"name":"Club de Lectura","item":"https:\/\/bibliotecas.unileon.es\/tULEctura\/pagina-ejemplo\/"},{"@type":"ListItem","position":3,"name":"Curso 2016-2017","item":"https:\/\/bibliotecas.unileon.es\/tULEctura\/pagina-ejemplo\/curso-2016-2017\/"},{"@type":"ListItem","position":4,"name":"Lectura 3: Oso"}]},{"@type":"WebSite","@id":"https:\/\/bibliotecas.unileon.es\/tULEctura\/#website","url":"https:\/\/bibliotecas.unileon.es\/tULEctura\/","name":"tULEctura","description":"Espacio de la Universidad de Le\u00f3n dedicado a la lectura","publisher":{"@id":"https:\/\/bibliotecas.unileon.es\/tULEctura\/#organization"},"potentialAction":[{"@type":"SearchAction","target":{"@type":"EntryPoint","urlTemplate":"https:\/\/bibliotecas.unileon.es\/tULEctura\/?s={search_term_string}"},"query-input":{"@type":"PropertyValueSpecification","valueRequired":true,"valueName":"search_term_string"}}],"inLanguage":"es"},{"@type":"Organization","@id":"https:\/\/bibliotecas.unileon.es\/tULEctura\/#organization","name":"Universidad de Le\u00f3n","url":"https:\/\/bibliotecas.unileon.es\/tULEctura\/","logo":{"@type":"ImageObject","inLanguage":"es","@id":"https:\/\/bibliotecas.unileon.es\/tULEctura\/#\/schema\/logo\/image\/","url":"https:\/\/bibliotecas.unileon.es\/tULEctura\/files\/2018\/08\/TULECTURA_LOGO1.png","contentUrl":"https:\/\/bibliotecas.unileon.es\/tULEctura\/files\/2018\/08\/TULECTURA_LOGO1.png","width":"960","height":"258","caption":"Universidad de Le\u00f3n"},"image":{"@id":"https:\/\/bibliotecas.unileon.es\/tULEctura\/#\/schema\/logo\/image\/"},"sameAs":["https:\/\/www.facebook.com\/tulectura.unileon\/","https:\/\/x.com\/tULEctura_ULE","https:\/\/www.instagram.com\/tulectura.unileon\/","https:\/\/www.pinterest.es\/tulectura\/","https:\/\/www.youtube.com\/channel\/UCoWaDD39lVlAQcOchwlTPVw"]}]}},"_links":{"self":[{"href":"https:\/\/bibliotecas.unileon.es\/tULEctura\/wp-json\/wp\/v2\/pages\/4569","targetHints":{"allow":["GET"]}}],"collection":[{"href":"https:\/\/bibliotecas.unileon.es\/tULEctura\/wp-json\/wp\/v2\/pages"}],"about":[{"href":"https:\/\/bibliotecas.unileon.es\/tULEctura\/wp-json\/wp\/v2\/types\/page"}],"author":[{"embeddable":true,"href":"https:\/\/bibliotecas.unileon.es\/tULEctura\/wp-json\/wp\/v2\/users\/73"}],"replies":[{"embeddable":true,"href":"https:\/\/bibliotecas.unileon.es\/tULEctura\/wp-json\/wp\/v2\/comments?post=4569"}],"version-history":[{"count":1,"href":"https:\/\/bibliotecas.unileon.es\/tULEctura\/wp-json\/wp\/v2\/pages\/4569\/revisions"}],"predecessor-version":[{"id":4573,"href":"https:\/\/bibliotecas.unileon.es\/tULEctura\/wp-json\/wp\/v2\/pages\/4569\/revisions\/4573"}],"up":[{"embeddable":true,"href":"https:\/\/bibliotecas.unileon.es\/tULEctura\/wp-json\/wp\/v2\/pages\/4541"}],"wp:attachment":[{"href":"https:\/\/bibliotecas.unileon.es\/tULEctura\/wp-json\/wp\/v2\/media?parent=4569"}],"curies":[{"name":"wp","href":"https:\/\/api.w.org\/{rel}","templated":true}]}}