{"id":4578,"date":"2016-07-06T11:00:39","date_gmt":"2016-07-06T09:00:39","guid":{"rendered":"http:\/\/bibliotecas.unileon.es\/tULEctura\/?page_id=4578"},"modified":"2017-01-31T13:13:55","modified_gmt":"2017-01-31T12:13:55","slug":"lectura-4-nuestro-desamor-a-espana","status":"publish","type":"page","link":"https:\/\/bibliotecas.unileon.es\/tULEctura\/pagina-ejemplo\/curso-2016-2017\/lectura-4-nuestro-desamor-a-espana\/","title":{"rendered":"Lectura 4: Nuestro desamor a Espa\u00f1a"},"content":{"rendered":"<h1 style=\"text-align: center;\">Nuestro desamor a Espa\u00f1a:<br \/>\nCuchillos cachicuernos contra pu\u00f1ales dorados,<br \/>\nde Juan Pedro Aparicio<\/h1>\n<h1 class=\"js-headline\" style=\"text-align: center;\">(Premio Internacional de Ensayo Jovellanos 2016)<\/h1>\n<p>&nbsp;<\/p>\n<p style=\"text-align: justify;\">Nuestro desamor a Espa\u00f1a: Cuchillos cachicuernos contra <img loading=\"lazy\" decoding=\"async\" class=\"alignright size-full wp-image-4582\" src=\"http:\/\/bibliotecas.unileon.es\/tULEctura\/files\/2017\/06\/9788484597346m.jpg\" alt=\"9788484597346m\" width=\"205\" height=\"299\" \/>pu\u00f1ales dorados\u00a0\/ Juan Pedro Aparicio. \u2014 \u00a0(1\u00aa ed). \u2014 Oviedo : Nobel, 2016.\u00a0 282 p. , 15 cm.<br \/>\nISBN 9788484597346<\/p>\n<div class=\"pf-content\">\n<p><strong>Calendario<\/strong><\/p>\n<\/div>\n<div class=\"entry-content\">\n<div class=\"pf-content\">\n<ul>\n<li>24\u00a0de noviembre de 2016: <strong><a href=\"http:\/\/bibliotecas.unileon.es\/tULEctura\/2016\/11\/24\/desamor-espana-juan-pedro-aparicio\/\" target=\"_blank\">Coloquio participativo de gu\u00eda a la lectura.<\/a><\/strong><\/li>\n<li>1 de diciembre de 2016:<strong><a href=\"http:\/\/bibliotecas.unileon.es\/tULEctura\/2016\/12\/02\/coloquio-participativo-sobre-nuestro-desamor-a-espana\/\" target=\"_blank\"> Coloquio participativo de los socios.<\/a><\/strong><\/li>\n<li>15 de diciembre de 2016:\u00a0<strong> <a href=\"https:\/\/videos.unileon.es\/video\/1526\" target=\"_blank\">Encuentro de los socios con Juan Pedro Aparicio (v\u00eddeo del encuentro)<\/a><\/strong><\/li>\n<\/ul>\n<p><strong>Lugar \u00a0y horario<\/strong><\/p>\n<p style=\"text-align: justify;\">Los encuentros de esta \u00a0lectura tendr\u00e1n lugar en la sala de conferencias de la Biblioteca General San Isidoro a las 19:00 horas.\u00a0<strong>Se ruega puntualidad<\/strong>.<\/p>\n<\/div>\n<\/div>\n<p class=\"p1\"><strong>Sinopsis<\/strong><\/p>\n<p class=\"p1\"><a href=\"http:\/\/www.edicionesnobel.com\/catalogo\/9788484597346\/nuestro-desamor-a-espana\" target=\"_blank\">(Informaci\u00f3n de Ediciones Nobel)<\/a><\/p>\n<p class=\"p1\" style=\"text-align: justify;\">El espa\u00f1ol no suele pecar de xen\u00f3fobo; por el contrario, en demasiadas ocasiones parece sentir horror de sus compatriotas, de sus vecinos, de los otros espa\u00f1oles. Y en algunos es una emoci\u00f3n tan intensa que puede llegar hasta el rechazo de s\u00ed mismos. Un viejo chiste referido a algunos pueblos europeos describe gr\u00e1ficamente su comportamiento al tratar de alcanzar un premio colocado en lo m\u00e1s alto de una cuca\u00f1a. Los ingleses miran a su campe\u00f3n sin mover un solo m\u00fasculo; los franceses, por el contrario, animan al suyo con gritos atronadores; los italianos adem\u00e1s empujan a su compatriota hacia arriba con todo tipo de artima\u00f1as; los espa\u00f1oles simplemente lo agarran de los pies para obstaculizar su subida.<\/p>\n<p class=\"p1\" style=\"text-align: justify;\"><em>Nuestro desamor a Espa\u00f1a <\/em>trata de encontrar la raz\u00f3n de esa peculiar incomodidad de sentirse espa\u00f1oles buscando sus posibles causas. Son muchas las conjeturas que pueden hacerse. Algunos de los m\u00e1s ilustres historiadores e intelectuales que se han aproximado al problema han coincidido en que nuestro particularismo puede hundir sus ra\u00edces en la Edad Media.<\/p>\n<p class=\"p1\" style=\"text-align: justify;\">Solo el pasado nos permite entender el presente, un presente que el discurso tradicional nos ha venido ofreciendo, sin embargo, como una acumulaci\u00f3n de datos y hechos sin discusi\u00f3n posible. Pero para acercarnos con garant\u00edas a nuestro ayer hist\u00f3rico necesitamos previamente \u2014seg\u00fan expresi\u00f3n de Ortega y Gasset\u2014 \u201cdesprendernos de esas ideas ineptas y, a menudo, grotescas que ocupan nuestras cabezas\u201d. A ello pretende contribuir este ensayo.<\/p>\n<p><strong>El autor<\/strong><\/p>\n<p style=\"text-align: justify;\">Juan Pedro Aparicio naci\u00f3 en Le\u00f3n en 1941. <img loading=\"lazy\" decoding=\"async\" class=\"alignright size-medium wp-image-4583\" src=\"http:\/\/bibliotecas.unileon.es\/tULEctura\/files\/2017\/06\/juan-pedro-aparicio-300x192.jpg\" alt=\"juan pedro aparicio\" width=\"300\" height=\"192\" srcset=\"https:\/\/bibliotecas.unileon.es\/tULEctura\/files\/2017\/06\/juan-pedro-aparicio-300x192.jpg 300w, https:\/\/bibliotecas.unileon.es\/tULEctura\/files\/2017\/06\/juan-pedro-aparicio-768x492.jpg 768w, https:\/\/bibliotecas.unileon.es\/tULEctura\/files\/2017\/06\/juan-pedro-aparicio-624x399.jpg 624w, https:\/\/bibliotecas.unileon.es\/tULEctura\/files\/2017\/06\/juan-pedro-aparicio.jpg 800w\" sizes=\"auto, (max-width: 300px) 100vw, 300px\" \/>Estudi\u00f3 Derecho en las Universidades de Oviedo y Madrid. Es ensayista, articulista\u00a0y\u00a0narrador tanto de novela como de relato corto. Ha vivido durante algunos a\u00f1os en Inglaterra donde, de 2005 a 2009, fue Director del <a href=\"http:\/\/londres.cervantes.es\/en\/\" target=\"_blank\">Instituto Cervantes de Londres<\/a>. A pesar de esta vocaci\u00f3n\u00a0internacional, siempre ha mostrado una gran cercan\u00eda con su\u00a0tierra:<\/p>\n<ul>\n<li style=\"text-align: justify;\">Su obra <em><a href=\"http:\/\/catoute.unileon.es\/record=b1604960\" target=\"_blank\">El Transcant\u00e1brico<\/a><\/em>\u00a0(1982) ha inspirado la puesta en marcha del<a href=\"http:\/\/www.renfe.com\/trenesturisticos\/transcantabrico_GranLujo.html\" target=\"_blank\"> tren tur\u00edstico con el mismo nombre.<\/a><\/li>\n<li style=\"text-align: justify;\">Juan Pedro Aparicio es autor de un libro llamado<em> <a href=\"http:\/\/catoute.unileon.es\/record=b1163915\" target=\"_blank\">Ensayo sobre las pugnas, heridas, capturas, expolios y desolaciones del viejo Reino, en el que se apunta la reivindicaci\u00f3n leonesa de Le\u00f3n<\/a>\u00a0<\/em>(1981)<\/li>\n<li style=\"text-align: justify;\">En 2010 fue comisario de la Conmemoraci\u00f3n <a href=\"https:\/\/www.facebook.com\/pages\/Reino-de-Le%C3%B3n-1100-a%C3%B1os\/213674653708\" target=\"_blank\">1100 Aniversario del reino de Le\u00f3n<\/a>.<\/li>\n<li style=\"text-align: justify;\">En 2013 recibi\u00f3 el <a href=\"https:\/\/es.wikipedia.org\/wiki\/Premio_Castilla_y_Le%C3%B3n_de_las_Letras\" target=\"_blank\">Premio Castilla y Le\u00f3n de las Letras<\/a>\u00a0en reconocimiento al conjunto de su carrera.<\/li>\n<\/ul>\n<p style=\"text-align: justify;\">Como escritor\u00a0se dio a conocer\u00a0en el\u00a0a\u00f1o 1975 con <em><a href=\"http:\/\/catoute.unileon.es\/record=b1398552\" target=\"_blank\">El origen del mono y otros relatos<\/a>, <\/em>obra a la que sigui\u00f3 una abundante producci\u00f3n narrativa:\u00a0<em><a href=\"http:\/\/catoute.unileon.es\/record=b1279571\" target=\"_blank\">Lo que es del C\u00e9sar<\/a><\/em> (1981);\u00a0<a class=\"mtli_attachment mtli_pdf mtli_attachment mtli_pdf\" href=\"http:\/\/cvc.cervantes.es\/literatura\/aih\/pdf\/13\/aih_13_2_075.pdf\" target=\"_blank\"><em>El a\u00f1o del franc\u00e9s<\/em><\/a>(1986), finalista del Premio Nacional de Literatura;\u00a0<em><a href=\"http:\/\/catoute.unileon.es\/record=b1398553\" target=\"_blank\">Retratos de ambig\u00fa<\/a><\/em> (1989), Premio Nadal de Novela en 1989;\u00a0<em><a href=\"http:\/\/catoute.unileon.es\/record=b1398554\" target=\"_blank\">La forma de la noche<\/a><\/em> (1994);\u00a0<em><a href=\"http:\/\/www.antoniakerrigan.com\/es\/novelas\/933\/Malo-en-Madrid-o-el-caso-de-la-viuda-polaca\" target=\"_blank\">Malo en Madrid o el caso de la viuda polaca<\/a><\/em> (1996);\u00a0<a href=\"http:\/\/www.saltodepagina.com\/critica\/el_viajero_de_leicester-63\/\" target=\"_blank\"><em>El viajero de Leicester<\/em> <\/a>(1998);\u00a0<a href=\"http:\/\/www.revistadelibros.com\/articulos\/que-tiempo-tan-feliz-de-juan-pedro-aparicio\" target=\"_blank\"><em>Qu\u00e9 tiempo tan feliz<\/em> <\/a>(2000);\u00a0<em><a href=\"http:\/\/www.revistadelibros.com\/articulos\/la-gran-bruma-de-juan-pedro-aparicio\" target=\"_blank\">La gran bruma<\/a><\/em> (2001);\u00a0<a href=\"http:\/\/otrolunes.com\/24\/unos-escriben\/sobre-los-cuentos-de-la-vida-en-blanco-de-juan-pedro-aparicio\/\" target=\"_blank\"><em>La vida en blanco<\/em><\/a>(2005), Premio Setenil 2005;\u00a0<em><a href=\"http:\/\/paginasdeespuma.com\/catalogo\/la-mitad-del-diablo\/\" target=\"_blank\">La mitad del diablo<\/a><\/em> (2006);\u00a0\u00a0 <a href=\"http:\/\/documentaminima.blogspot.com.es\/2011\/05\/palabras-en-la-nieve-un-filandon-juan.html\" target=\"_blank\"><em>Palabras en la nieve: un filand\u00f3n<\/em><\/a>(2007);\u00a0<em><a href=\"http:\/\/catoute.unileon.es\/record=b1477764\" target=\"_blank\">Tristeza de lo finito<\/a><\/em> (2007);\u00a0<em><a href=\"http:\/\/paginasdeespuma.com\/catalogo\/el-juego-del-diabolo\/\" target=\"_blank\">El juego del di\u00e1bolo<\/a> <\/em>(2008);\u00a0Cuentos del gallo de oro (2008);\u00a0<a href=\"http:\/\/www.elcultural.com\/revista\/letras\/Asuntos-de-amor\/28848\" target=\"_blank\"><em>Asuntos de amor<\/em> <\/a>(2010);\u00a0\u00a0<a href=\"http:\/\/www.saltodepagina.com\/libro\/nuestros_hijos_volaran_con_el_siglo-71\/\" target=\"_blank\"><em>Nuestros hijos volar\u00e1n con el siglo<\/em> <\/a>(2013); y algunas m\u00e1s\u2026<\/p>\n<p style=\"text-align: justify;\">El curso\u00a0pasado, el club de lectura de la Universidad de Le\u00f3n, eligi\u00f3 <em><a href=\"http:\/\/bibliotecas.unileon.es\/tULEctura\/pagina-ejemplo\/curso-2015-2016\/lectura-4-london-calling\/\" target=\"_blank\">London Calling<\/a><\/em> como una de las cuatro lecturas para sus socios.<\/p>\n<p><span style=\"color: #0000ff;\"><strong><a style=\"color: #0000ff;\" href=\"http:\/\/goo.gl\/zNkKhR\" target=\"_blank\">Obras de Juan Pedro Aparicio en la Universidad de Le\u00f3n<\/a><\/strong><\/span><\/p>\n<p>&nbsp;<\/p>\n","protected":false},"excerpt":{"rendered":"<p>Nuestro desamor a Espa\u00f1a: Cuchillos cachicuernos contra pu\u00f1ales dorados, de Juan Pedro Aparicio (Premio Internacional de Ensayo Jovellanos 2016) &nbsp; Nuestro desamor a Espa\u00f1a: Cuchillos cachicuernos contra pu\u00f1ales dorados\u00a0\/ Juan Pedro Aparicio. \u2014 \u00a0(1\u00aa ed). \u2014 Oviedo : Nobel, 2016.\u00a0 282 p. , 15 cm. ISBN 9788484597346 Calendario 24\u00a0de noviembre de 2016: Coloquio participativo de [&hellip;]<\/p>\n","protected":false},"author":73,"featured_media":0,"parent":4541,"menu_order":4,"comment_status":"open","ping_status":"closed","template":"","meta":{"_bbp_topic_count":0,"_bbp_reply_count":0,"_bbp_total_topic_count":0,"_bbp_total_reply_count":0,"_bbp_voice_count":0,"_bbp_anonymous_reply_count":0,"_bbp_topic_count_hidden":0,"_bbp_reply_count_hidden":0,"_bbp_forum_subforum_count":0,"_monsterinsights_skip_tracking":false,"_monsterinsights_sitenote_active":false,"_monsterinsights_sitenote_note":"","_monsterinsights_sitenote_category":0,"footnotes":""},"class_list":["post-4578","page","type-page","status-publish","hentry"],"yoast_head":"<!-- This site is optimized with the Yoast SEO plugin v25.8 - https:\/\/yoast.com\/wordpress\/plugins\/seo\/ -->\n<title>Lectura 4: Nuestro desamor a Espa\u00f1a - tULEctura<\/title>\n<meta name=\"robots\" content=\"index, follow, max-snippet:-1, max-image-preview:large, max-video-preview:-1\" \/>\n<link rel=\"canonical\" href=\"https:\/\/bibliotecas.unileon.es\/tULEctura\/pagina-ejemplo\/curso-2016-2017\/lectura-4-nuestro-desamor-a-espana\/\" \/>\n<meta property=\"og:locale\" content=\"es_ES\" \/>\n<meta property=\"og:type\" content=\"article\" \/>\n<meta property=\"og:title\" content=\"Lectura 4: Nuestro desamor a Espa\u00f1a - tULEctura\" \/>\n<meta property=\"og:description\" content=\"Nuestro desamor a Espa\u00f1a: Cuchillos cachicuernos contra pu\u00f1ales dorados, de Juan Pedro Aparicio (Premio Internacional de Ensayo Jovellanos 2016) &nbsp; Nuestro desamor a Espa\u00f1a: Cuchillos cachicuernos contra pu\u00f1ales dorados\u00a0\/ Juan Pedro Aparicio. \u2014 \u00a0(1\u00aa ed). \u2014 Oviedo : Nobel, 2016.\u00a0 282 p. , 15 cm. ISBN 9788484597346 Calendario 24\u00a0de noviembre de 2016: Coloquio participativo de [&hellip;]\" \/>\n<meta property=\"og:url\" content=\"https:\/\/bibliotecas.unileon.es\/tULEctura\/pagina-ejemplo\/curso-2016-2017\/lectura-4-nuestro-desamor-a-espana\/\" \/>\n<meta property=\"og:site_name\" content=\"tULEctura\" \/>\n<meta property=\"article:publisher\" content=\"https:\/\/www.facebook.com\/tulectura.unileon\/\" \/>\n<meta property=\"article:modified_time\" content=\"2017-01-31T12:13:55+00:00\" \/>\n<meta property=\"og:image\" content=\"https:\/\/bibliotecas.unileon.es\/tULEctura\/files\/2017\/06\/9788484597346m.jpg\" \/>\n\t<meta property=\"og:image:width\" content=\"205\" \/>\n\t<meta property=\"og:image:height\" content=\"299\" \/>\n\t<meta property=\"og:image:type\" content=\"image\/jpeg\" \/>\n<meta name=\"twitter:card\" content=\"summary_large_image\" \/>\n<meta name=\"twitter:site\" content=\"@tULEctura_ULE\" \/>\n<meta name=\"twitter:label1\" content=\"Tiempo de lectura\" \/>\n\t<meta name=\"twitter:data1\" content=\"3 minutos\" \/>\n<script type=\"application\/ld+json\" class=\"yoast-schema-graph\">{\"@context\":\"https:\/\/schema.org\",\"@graph\":[{\"@type\":\"WebPage\",\"@id\":\"https:\/\/bibliotecas.unileon.es\/tULEctura\/pagina-ejemplo\/curso-2016-2017\/lectura-4-nuestro-desamor-a-espana\/\",\"url\":\"https:\/\/bibliotecas.unileon.es\/tULEctura\/pagina-ejemplo\/curso-2016-2017\/lectura-4-nuestro-desamor-a-espana\/\",\"name\":\"Lectura 4: Nuestro desamor a Espa\u00f1a - tULEctura\",\"isPartOf\":{\"@id\":\"https:\/\/bibliotecas.unileon.es\/tULEctura\/#website\"},\"primaryImageOfPage\":{\"@id\":\"https:\/\/bibliotecas.unileon.es\/tULEctura\/pagina-ejemplo\/curso-2016-2017\/lectura-4-nuestro-desamor-a-espana\/#primaryimage\"},\"image\":{\"@id\":\"https:\/\/bibliotecas.unileon.es\/tULEctura\/pagina-ejemplo\/curso-2016-2017\/lectura-4-nuestro-desamor-a-espana\/#primaryimage\"},\"thumbnailUrl\":\"http:\/\/bibliotecas.unileon.es\/tULEctura\/files\/2017\/06\/9788484597346m.jpg\",\"datePublished\":\"2016-07-06T09:00:39+00:00\",\"dateModified\":\"2017-01-31T12:13:55+00:00\",\"breadcrumb\":{\"@id\":\"https:\/\/bibliotecas.unileon.es\/tULEctura\/pagina-ejemplo\/curso-2016-2017\/lectura-4-nuestro-desamor-a-espana\/#breadcrumb\"},\"inLanguage\":\"es\",\"potentialAction\":[{\"@type\":\"ReadAction\",\"target\":[\"https:\/\/bibliotecas.unileon.es\/tULEctura\/pagina-ejemplo\/curso-2016-2017\/lectura-4-nuestro-desamor-a-espana\/\"]}]},{\"@type\":\"ImageObject\",\"inLanguage\":\"es\",\"@id\":\"https:\/\/bibliotecas.unileon.es\/tULEctura\/pagina-ejemplo\/curso-2016-2017\/lectura-4-nuestro-desamor-a-espana\/#primaryimage\",\"url\":\"https:\/\/bibliotecas.unileon.es\/tULEctura\/files\/2017\/06\/9788484597346m.jpg\",\"contentUrl\":\"https:\/\/bibliotecas.unileon.es\/tULEctura\/files\/2017\/06\/9788484597346m.jpg\",\"width\":205,\"height\":299},{\"@type\":\"BreadcrumbList\",\"@id\":\"https:\/\/bibliotecas.unileon.es\/tULEctura\/pagina-ejemplo\/curso-2016-2017\/lectura-4-nuestro-desamor-a-espana\/#breadcrumb\",\"itemListElement\":[{\"@type\":\"ListItem\",\"position\":1,\"name\":\"Home\",\"item\":\"https:\/\/bibliotecas.unileon.es\/tULEctura\/\"},{\"@type\":\"ListItem\",\"position\":2,\"name\":\"Club de Lectura\",\"item\":\"https:\/\/bibliotecas.unileon.es\/tULEctura\/pagina-ejemplo\/\"},{\"@type\":\"ListItem\",\"position\":3,\"name\":\"Curso 2016-2017\",\"item\":\"https:\/\/bibliotecas.unileon.es\/tULEctura\/pagina-ejemplo\/curso-2016-2017\/\"},{\"@type\":\"ListItem\",\"position\":4,\"name\":\"Lectura 4: Nuestro desamor a Espa\u00f1a\"}]},{\"@type\":\"WebSite\",\"@id\":\"https:\/\/bibliotecas.unileon.es\/tULEctura\/#website\",\"url\":\"https:\/\/bibliotecas.unileon.es\/tULEctura\/\",\"name\":\"tULEctura\",\"description\":\"Espacio de la Universidad de Le\u00f3n dedicado a la lectura\",\"publisher\":{\"@id\":\"https:\/\/bibliotecas.unileon.es\/tULEctura\/#organization\"},\"potentialAction\":[{\"@type\":\"SearchAction\",\"target\":{\"@type\":\"EntryPoint\",\"urlTemplate\":\"https:\/\/bibliotecas.unileon.es\/tULEctura\/?s={search_term_string}\"},\"query-input\":{\"@type\":\"PropertyValueSpecification\",\"valueRequired\":true,\"valueName\":\"search_term_string\"}}],\"inLanguage\":\"es\"},{\"@type\":\"Organization\",\"@id\":\"https:\/\/bibliotecas.unileon.es\/tULEctura\/#organization\",\"name\":\"Universidad de Le\u00f3n\",\"url\":\"https:\/\/bibliotecas.unileon.es\/tULEctura\/\",\"logo\":{\"@type\":\"ImageObject\",\"inLanguage\":\"es\",\"@id\":\"https:\/\/bibliotecas.unileon.es\/tULEctura\/#\/schema\/logo\/image\/\",\"url\":\"https:\/\/bibliotecas.unileon.es\/tULEctura\/files\/2018\/08\/TULECTURA_LOGO1.png\",\"contentUrl\":\"https:\/\/bibliotecas.unileon.es\/tULEctura\/files\/2018\/08\/TULECTURA_LOGO1.png\",\"width\":\"960\",\"height\":\"258\",\"caption\":\"Universidad de Le\u00f3n\"},\"image\":{\"@id\":\"https:\/\/bibliotecas.unileon.es\/tULEctura\/#\/schema\/logo\/image\/\"},\"sameAs\":[\"https:\/\/www.facebook.com\/tulectura.unileon\/\",\"https:\/\/x.com\/tULEctura_ULE\",\"https:\/\/www.instagram.com\/tulectura.unileon\/\",\"https:\/\/www.pinterest.es\/tulectura\/\",\"https:\/\/www.youtube.com\/channel\/UCoWaDD39lVlAQcOchwlTPVw\"]}]}<\/script>\n<!-- \/ Yoast SEO plugin. -->","yoast_head_json":{"title":"Lectura 4: Nuestro desamor a Espa\u00f1a - tULEctura","robots":{"index":"index","follow":"follow","max-snippet":"max-snippet:-1","max-image-preview":"max-image-preview:large","max-video-preview":"max-video-preview:-1"},"canonical":"https:\/\/bibliotecas.unileon.es\/tULEctura\/pagina-ejemplo\/curso-2016-2017\/lectura-4-nuestro-desamor-a-espana\/","og_locale":"es_ES","og_type":"article","og_title":"Lectura 4: Nuestro desamor a Espa\u00f1a - tULEctura","og_description":"Nuestro desamor a Espa\u00f1a: Cuchillos cachicuernos contra pu\u00f1ales dorados, de Juan Pedro Aparicio (Premio Internacional de Ensayo Jovellanos 2016) &nbsp; Nuestro desamor a Espa\u00f1a: Cuchillos cachicuernos contra pu\u00f1ales dorados\u00a0\/ Juan Pedro Aparicio. \u2014 \u00a0(1\u00aa ed). \u2014 Oviedo : Nobel, 2016.\u00a0 282 p. , 15 cm. ISBN 9788484597346 Calendario 24\u00a0de noviembre de 2016: Coloquio participativo de [&hellip;]","og_url":"https:\/\/bibliotecas.unileon.es\/tULEctura\/pagina-ejemplo\/curso-2016-2017\/lectura-4-nuestro-desamor-a-espana\/","og_site_name":"tULEctura","article_publisher":"https:\/\/www.facebook.com\/tulectura.unileon\/","article_modified_time":"2017-01-31T12:13:55+00:00","og_image":[{"width":205,"height":299,"url":"https:\/\/bibliotecas.unileon.es\/tULEctura\/files\/2017\/06\/9788484597346m.jpg","type":"image\/jpeg"}],"twitter_card":"summary_large_image","twitter_site":"@tULEctura_ULE","twitter_misc":{"Tiempo de lectura":"3 minutos"},"schema":{"@context":"https:\/\/schema.org","@graph":[{"@type":"WebPage","@id":"https:\/\/bibliotecas.unileon.es\/tULEctura\/pagina-ejemplo\/curso-2016-2017\/lectura-4-nuestro-desamor-a-espana\/","url":"https:\/\/bibliotecas.unileon.es\/tULEctura\/pagina-ejemplo\/curso-2016-2017\/lectura-4-nuestro-desamor-a-espana\/","name":"Lectura 4: Nuestro desamor a Espa\u00f1a - tULEctura","isPartOf":{"@id":"https:\/\/bibliotecas.unileon.es\/tULEctura\/#website"},"primaryImageOfPage":{"@id":"https:\/\/bibliotecas.unileon.es\/tULEctura\/pagina-ejemplo\/curso-2016-2017\/lectura-4-nuestro-desamor-a-espana\/#primaryimage"},"image":{"@id":"https:\/\/bibliotecas.unileon.es\/tULEctura\/pagina-ejemplo\/curso-2016-2017\/lectura-4-nuestro-desamor-a-espana\/#primaryimage"},"thumbnailUrl":"http:\/\/bibliotecas.unileon.es\/tULEctura\/files\/2017\/06\/9788484597346m.jpg","datePublished":"2016-07-06T09:00:39+00:00","dateModified":"2017-01-31T12:13:55+00:00","breadcrumb":{"@id":"https:\/\/bibliotecas.unileon.es\/tULEctura\/pagina-ejemplo\/curso-2016-2017\/lectura-4-nuestro-desamor-a-espana\/#breadcrumb"},"inLanguage":"es","potentialAction":[{"@type":"ReadAction","target":["https:\/\/bibliotecas.unileon.es\/tULEctura\/pagina-ejemplo\/curso-2016-2017\/lectura-4-nuestro-desamor-a-espana\/"]}]},{"@type":"ImageObject","inLanguage":"es","@id":"https:\/\/bibliotecas.unileon.es\/tULEctura\/pagina-ejemplo\/curso-2016-2017\/lectura-4-nuestro-desamor-a-espana\/#primaryimage","url":"https:\/\/bibliotecas.unileon.es\/tULEctura\/files\/2017\/06\/9788484597346m.jpg","contentUrl":"https:\/\/bibliotecas.unileon.es\/tULEctura\/files\/2017\/06\/9788484597346m.jpg","width":205,"height":299},{"@type":"BreadcrumbList","@id":"https:\/\/bibliotecas.unileon.es\/tULEctura\/pagina-ejemplo\/curso-2016-2017\/lectura-4-nuestro-desamor-a-espana\/#breadcrumb","itemListElement":[{"@type":"ListItem","position":1,"name":"Home","item":"https:\/\/bibliotecas.unileon.es\/tULEctura\/"},{"@type":"ListItem","position":2,"name":"Club de Lectura","item":"https:\/\/bibliotecas.unileon.es\/tULEctura\/pagina-ejemplo\/"},{"@type":"ListItem","position":3,"name":"Curso 2016-2017","item":"https:\/\/bibliotecas.unileon.es\/tULEctura\/pagina-ejemplo\/curso-2016-2017\/"},{"@type":"ListItem","position":4,"name":"Lectura 4: Nuestro desamor a Espa\u00f1a"}]},{"@type":"WebSite","@id":"https:\/\/bibliotecas.unileon.es\/tULEctura\/#website","url":"https:\/\/bibliotecas.unileon.es\/tULEctura\/","name":"tULEctura","description":"Espacio de la Universidad de Le\u00f3n dedicado a la lectura","publisher":{"@id":"https:\/\/bibliotecas.unileon.es\/tULEctura\/#organization"},"potentialAction":[{"@type":"SearchAction","target":{"@type":"EntryPoint","urlTemplate":"https:\/\/bibliotecas.unileon.es\/tULEctura\/?s={search_term_string}"},"query-input":{"@type":"PropertyValueSpecification","valueRequired":true,"valueName":"search_term_string"}}],"inLanguage":"es"},{"@type":"Organization","@id":"https:\/\/bibliotecas.unileon.es\/tULEctura\/#organization","name":"Universidad de Le\u00f3n","url":"https:\/\/bibliotecas.unileon.es\/tULEctura\/","logo":{"@type":"ImageObject","inLanguage":"es","@id":"https:\/\/bibliotecas.unileon.es\/tULEctura\/#\/schema\/logo\/image\/","url":"https:\/\/bibliotecas.unileon.es\/tULEctura\/files\/2018\/08\/TULECTURA_LOGO1.png","contentUrl":"https:\/\/bibliotecas.unileon.es\/tULEctura\/files\/2018\/08\/TULECTURA_LOGO1.png","width":"960","height":"258","caption":"Universidad de Le\u00f3n"},"image":{"@id":"https:\/\/bibliotecas.unileon.es\/tULEctura\/#\/schema\/logo\/image\/"},"sameAs":["https:\/\/www.facebook.com\/tulectura.unileon\/","https:\/\/x.com\/tULEctura_ULE","https:\/\/www.instagram.com\/tulectura.unileon\/","https:\/\/www.pinterest.es\/tulectura\/","https:\/\/www.youtube.com\/channel\/UCoWaDD39lVlAQcOchwlTPVw"]}]}},"_links":{"self":[{"href":"https:\/\/bibliotecas.unileon.es\/tULEctura\/wp-json\/wp\/v2\/pages\/4578","targetHints":{"allow":["GET"]}}],"collection":[{"href":"https:\/\/bibliotecas.unileon.es\/tULEctura\/wp-json\/wp\/v2\/pages"}],"about":[{"href":"https:\/\/bibliotecas.unileon.es\/tULEctura\/wp-json\/wp\/v2\/types\/page"}],"author":[{"embeddable":true,"href":"https:\/\/bibliotecas.unileon.es\/tULEctura\/wp-json\/wp\/v2\/users\/73"}],"replies":[{"embeddable":true,"href":"https:\/\/bibliotecas.unileon.es\/tULEctura\/wp-json\/wp\/v2\/comments?post=4578"}],"version-history":[{"count":1,"href":"https:\/\/bibliotecas.unileon.es\/tULEctura\/wp-json\/wp\/v2\/pages\/4578\/revisions"}],"predecessor-version":[{"id":4579,"href":"https:\/\/bibliotecas.unileon.es\/tULEctura\/wp-json\/wp\/v2\/pages\/4578\/revisions\/4579"}],"up":[{"embeddable":true,"href":"https:\/\/bibliotecas.unileon.es\/tULEctura\/wp-json\/wp\/v2\/pages\/4541"}],"wp:attachment":[{"href":"https:\/\/bibliotecas.unileon.es\/tULEctura\/wp-json\/wp\/v2\/media?parent=4578"}],"curies":[{"name":"wp","href":"https:\/\/api.w.org\/{rel}","templated":true}]}}