{"id":46287,"date":"2018-06-20T10:00:42","date_gmt":"2018-06-20T08:00:42","guid":{"rendered":"http:\/\/bibliotecas.unileon.es\/tULEctura\/?page_id=46287"},"modified":"2018-10-23T18:22:10","modified_gmt":"2018-10-23T16:22:10","slug":"lectura-1-poemas-para-ser-leidos-en-un-centro-comercial-y-la-etica-del-fragmento","status":"publish","type":"page","link":"https:\/\/bibliotecas.unileon.es\/tULEctura\/pagina-ejemplo\/curso-2018-2019\/lectura-1-poemas-para-ser-leidos-en-un-centro-comercial-y-la-etica-del-fragmento\/","title":{"rendered":"Lectura 1:  Poemas para ser le\u00eddos en un centro comercial.  La \u00e9tica del fragmento"},"content":{"rendered":"<p style=\"text-align: justify;\">El primer bloque del club aborda la lectura de dos poemarios:<\/p>\n<h3 style=\"text-align: center;\"><span style=\"color: #993300;\">\u00ab<em>Poemas para ser le\u00eddos en un centro comercial\u00bb,\u00a0<\/em>\u00a0de Joaqu\u00edn P\u00e9rez Aza\u00fastre<\/span><\/h3>\n<h3 style=\"text-align: center;\"><span style=\"color: #409cb3;\">\u00ab<em>La \u00e9tica del fragmento\u00bb<\/em>, de Luis Artigue<\/span><\/h3>\n<p><strong>Calendario:<\/strong><\/p>\n<ul>\n<li>20 de septiembre de 2018: <strong><a href=\"http:\/\/bibliotecas.unileon.es\/tULEctura\/2018\/09\/20\/guia-a-la-lectura\/\" target=\"_blank\" rel=\"noopener\">Coloquio participativo de gu\u00eda a la lectura.<\/a><\/strong><\/li>\n<li>26 de septiembre de 2018: <strong><a href=\"http:\/\/bibliotecas.unileon.es\/tULEctura\/2018\/09\/27\/la-etica-del-fragmento-y-poemas-para-ser-leidos-en-un-centro-comercial-coloquio\/\" target=\"_blank\" rel=\"noopener\">Coloquio participativo de los socios<\/a><\/strong>.<\/li>\n<li>3 de octubre de 2018: <strong><a href=\"https:\/\/videos.unileon.es\/video\/1912\" target=\"_blank\" rel=\"noopener\">Encuentro de los socios con Joaqu\u00edn P\u00e9rez Aza\u00fastre y Luis Artigue (v\u00eddeo).<\/a><\/strong><\/li>\n<\/ul>\n<p><strong>Lugar \u00a0y horario<\/strong><\/p>\n<p style=\"text-align: justify;\">Los encuentros de esta \u00a0lectura tendr\u00e1n lugar en la sala de conferencias de la Biblioteca General San Isidoro a las 19:00 horas.\u00a0<strong>Se ruega puntualidad<\/strong>.<\/p>\n<p>&nbsp;<\/p>\n<h2 style=\"text-align: center;\"><span style=\"color: #993300;\">\u00ab<em>Poemas para ser le\u00eddos en un centro comercial\u00bb<br \/>\n<\/em>\u00a0de Joaqu\u00edn P\u00e9rez Aza\u00fastre<\/span><\/h2>\n<p><span style=\"color: #800000;\"><img loading=\"lazy\" decoding=\"async\" class=\"alignright wp-image-46293 size-medium\" src=\"http:\/\/bibliotecas.unileon.es\/tULEctura\/files\/2018\/06\/pemas-para-ser-leidos-179x300.jpg\" alt=\"\" width=\"179\" height=\"300\" srcset=\"https:\/\/bibliotecas.unileon.es\/tULEctura\/files\/2018\/06\/pemas-para-ser-leidos-179x300.jpg 179w, https:\/\/bibliotecas.unileon.es\/tULEctura\/files\/2018\/06\/pemas-para-ser-leidos.jpg 298w\" sizes=\"auto, (max-width: 179px) 100vw, 179px\" \/><\/span><\/p>\n<pre><span style=\"color: #800000;\">P\u00e9rez Aza\u00fastre, Joaqu\u00edn (1976-)<\/span>\r\n<span style=\"color: #993300;\">Poemas para ser le\u00eddos en un centro comercial \/ Joaqu\u00edn P\u00e9rez Aza\u00fastre.\r\nSevilla : Fundaci\u00f3n Jos\u00e9 Manuel Lara, 2017\r\n131 p. : 1 retr. ; 22 cm\r\n(Vandalia\u00a0;\u00a076)\r\n9788415673675<\/span><\/pre>\n<p style=\"text-align: justify;\"><strong><span style=\"color: #993300;\">La obra\u00a0<\/span><\/strong><span style=\"color: #993300;\">(informaci\u00f3n de la editorial)<\/span><\/p>\n<p style=\"text-align: justify;\">Un libro redondo y singular, desprejuiciado, en el que destacan el pulso period\u00edstico ajustado al margen del poema, la alternancia en verso y prosa, la referencia cinematogr\u00e1fica manejada con un cierto intimismo cercano a la autobiograf\u00eda, y tambi\u00e9n la capacidad natural del poema para encarnar cualquier discurso art\u00edstico, cualquier mapa de im\u00e1genes y ritmo, desde varios niveles lim\u00edtrofes de lenguaje, hasta convertirse en una realidad nueva<\/p>\n<p><strong><span style=\"color: #993300;\">El autor:\u00a0<\/span><\/strong><span style=\"color: #993300;\">(informaci\u00f3n de la p\u00e1gina de\u00a0<span style=\"font-size: 1rem;\"><span style=\"color: #993300;\">Cosmopo\u00e9tica14,<\/span> Festival de poes\u00eda del\u00a0<\/span><span style=\"font-size: 1rem;\">Ayuntamiento de C\u00f3rdoba)<\/span><\/span><\/p>\n<p style=\"text-align: justify;\"><strong><span style=\"color: #993300;\">Joaqu\u00edn P\u00e9rez Aza\u00fastre<\/span> <\/strong>naci\u00f3 en C\u00f3rdoba en 1976. Vive entre Argel y Madrid, donde obtuvo una Beca de Creaci\u00f3n en la Residencia de Estudiantes entre 2000 y 2002 y se licenci\u00f3 en Derecho por la Universidad Complutense. Ha publicado los libros de poemas<em>\u00a0Una interpretaci\u00f3n<\/em>\u00a0(Rialp, 2001,\u00a0Premio Adon\u00e1is),\u00a0<em>Delta<\/em>(Visor, 2004),\u00a0<em>El jersey rojo<\/em>\u00a0(Visor, 2006,\u00a0Premio Fundaci\u00f3n Loewe Joven),\u00a0<em>El precio de una cena en Chez Mourice<\/em>\u00a0(Algaida, 2007),\u00a0<em>Las Oller\u00edas<\/em>\u00a0(Visor, 2011,\u00a0Premio Internacional Fundaci\u00f3n Loewe) y\u00a0<em>Vida y leyenda del jinete el\u00e9ctrico<\/em>\u00a0(Visor, 2013,\u00a0Premio Internacional Jaime Gil de Biedma; 2\u00aa edici\u00f3n, 2014).<\/p>\n<p style=\"text-align: justify;\">En 2003 coordin\u00f3 la antolog\u00eda contra la invasi\u00f3n de Iraq\u00a0<em>En pie de paz<\/em>.\u00a0<em>Escritores contra la guerra<\/em>\u00a0(Plurabelle). Incluido en varias antolog\u00edas, ha publicado dos antolog\u00edas de su poes\u00eda:\u00a0<em>Anatom\u00eda po\u00e9tica<\/em>\u00a0(Festival de Costa Rica, 2011) y\u00a0<em>Ella estaba detr\u00e1s del laberinto<\/em>\u00a0(2016, Frida).<\/p>\n<p style=\"text-align: justify;\">Es autor del libro de relatos\u00a0<em>Carta a Isadora<\/em>\u00a0(Ediciones B, 2001), por el que obtuvo el\u00a0Premio de Creaci\u00f3n del Instituto Andaluz de la Juventud, de la novela corta\u00a0<em>El cuaderno naranja<\/em>\u00a0(1998) y de las novelas\u00a0<em>Am\u00e9rica<\/em>\u00a0(Seix Barral, 2004), por la que<br \/>\nobtuvo una\u00a0Menci\u00f3n Especial del Jurado del Premio Biblioteca Breve,\u00a0<em>El gran Felton\u00a0<\/em>(Seix Barral, 2006) y<em>\u00a0La suite de Manolete<\/em>\u00a0(Alianza Editorial, 2008), galardonada con el\u00a0IX Premio Fundaci\u00f3n Unicaja Fernando Qui\u00f1ones. Su obra narrativa ha sido objeto de la antolog\u00eda\u00a0<em>Ser lobo y otras narraciones<\/em>\u00a0(Ediciones Perro Azul, Costa Rica, 2015).Su novela\u00a0<em>Los nadadores<\/em>, publicada por Anagrama en 2012, ha sido traducida al ingl\u00e9s (Frisch &amp;amp; Co.), al italiano (Codice Edizioni) y al franc\u00e9s (Seuil), con una gran recepci\u00f3n cr\u00edtica.\u00a0<em>Corazones en la oscuridad\u00a0<\/em>(Anagrama, 2016) es su \u00faltima novela.<\/p>\n<p style=\"text-align: justify;\">Es columnista en Diario C\u00f3rdoba y en el diario digital Diario Abierto, y coordina el concurso semanal de micropoes\u00eda\u00a0<em>Cuenta 140<\/em>\u00a0en la web de EL CULTURAL. Por sus colaboraciones en prensa recibi\u00f3 el\u00a0Premio Meridiana del Instituto Andaluz de la Mujer 2003, por la defensa de la igualdad en los medios de comunicaci\u00f3n. Reuni\u00f3 sus art\u00edculos en el volumen\u00a0<em>Reloj de sol\u00a0<\/em>(Diputaci\u00f3n Provincial de C\u00f3rdoba, 2004).\u00a0<em>El corresponsal de Boston<\/em>\u00a0(Berenice, 2006) y\u00a0<em>La chica del calendario<\/em>\u00a0(2009) recogen algunos de sus textos sobre cine y literatura. Ha publicado el ensayo\u00a0<em>Lucena sefardita<\/em>.\u00a0<em>La ciudad de los poetas<\/em>\u00a0(Fundaci\u00f3n Jos\u00e9 Manuel Lara, 2005).<em>Poemas para ser le\u00eddos en un centro comercial\u00a0<\/em>(septiembre de 2017, Colecci\u00f3n Vandalia de la Fundaci\u00f3n Jos\u00e9 Manuel Lara) es su m\u00e1s reciente libro de poes\u00eda.<\/p>\n<div class=\"_5aj7 _3-8j\">\n<div class=\"_4bl9\"><\/div>\n<\/div>\n<div class=\"_5aj7 _3-8j\">\n<div class=\"_4bl9\">\n<div class=\"_3-8w\"><\/div>\n<\/div>\n<\/div>\n<p style=\"text-align: justify;\"><span style=\"color: #993300;\"><strong>Puedes empezar a leer\u00a0 la obra\u00a0<em> <a style=\"color: #993300;\" href=\"http:\/\/bibliotecas.unileon.es\/tULEctura\/files\/2018\/06\/Poemas_para_ser_leidos_en_un_centro_comercial.pdf\" class=\"mtli_attachment mtli_pdf\" target=\"_blank\" rel=\"noopener\">\u00abPoemas_para_ser_le\u00eddos_en_un_centro_comercial\u00bb<\/a>,\u00a0<\/em><\/strong><\/span><strong><span style=\"color: #993300;\">de Joaqu\u00edn P\u00e9rez Aza\u00fastre<\/span><\/strong><\/p>\n<p>&nbsp;<\/p>\n<h2 style=\"text-align: center;\"><span style=\"color: #409cb3;\">\u00ab<em>La \u00e9tica del fragmento\u00bb<br \/>\n<\/em>\u00a0de Luis Artigue<\/span><\/h2>\n<p style=\"text-align: justify;\"><em><img loading=\"lazy\" decoding=\"async\" class=\"alignright wp-image-46294\" src=\"http:\/\/bibliotecas.unileon.es\/tULEctura\/files\/2018\/06\/etica.jpg\" alt=\"\" width=\"185\" height=\"300\" \/><\/em><\/p>\n<pre><span style=\"color: #409cb3;\">Artigue, Luis (1974-)<\/span> \r\n<span style=\"color: #409cb3;\">La \u00e9tica del fragmento \/ Luis Artigue \r\nValencia : Pre-Textos,\u00a0 2017 \r\n113 p. ; 22 cm \r\n(Poes\u00eda, 1462) \r\n978-84-16906-60-4<\/span><\/pre>\n<p class=\"\" style=\"text-align: justify;\"><span style=\"color: #409cb3;\"><strong>La obra\u00a0<\/strong>(en palabras del autor)<\/span><\/p>\n<p class=\"\" style=\"text-align: justify;\"><span style=\"text-align: justify; font-style: italic; font-size: 1rem;\">\u00abLa \u00e9tica del fragmento\u00bb\u00a0 profundiza \u00a0m\u00e1s que nunca en el ritmo, en su informalidad, su liberaci\u00f3n de las sonoridades cl\u00e1sicas o sinf\u00f3nicas, para instalarlo decididamente en la impredecibilidad sincopada o jazz\u00edstica.\u00a0Una tendencia que va uniendo l\u00edricamente las sonoridades de esas melod\u00edas repletas de laberintos arm\u00f3nicos propias de la m\u00fasica de jazz, y que creo que tambi\u00e9n est\u00e1 presente en los poemas de Safo de Lesbos debido a que su poes\u00eda ha llegado a nosotros de modo interrumpido, en fragmentos, y por tanto con un ritmo equ\u00edvoco no pretendido por ella, pero muy estimulante.<\/span><\/p>\n<p class=\"\"><span style=\"color: #409cb3;\"><strong>El autor\u00a0<\/strong>(informaci\u00f3n de la web del escritor)\u00a0<\/span><\/p>\n<p class=\"\" style=\"text-align: justify;\"><strong><span style=\"color: #409cb3;\">Luis Artigue<\/span><\/strong> (Le\u00f3n, 1974) es licenciado en filolog\u00eda hisp\u00e1nica \u2013ampli\u00f3 estudios en la Universidad de Toronto-. Su primera novela fue \u201cEl viajero se ha ido, como es l\u00f3gico\u201d (2002). Ha publicado los poemarios \u201cTres, dos, uno, jazz\u201d (2006, Premio Ojo Cr\u00edtico de RNE), \u201cLos lugares intactos\u201d (2008, Pre-textos), \u201cLa noche del eclipse t\u00fa\u201d (2010, Visor) y \u201cLa \u00e9tica del fragmento\u201d (Pre-textos). Sus tres novelas posteriores fueron \u201cLa mujer de nadie\u201d (2007), \u201cLas perlas del loco Ventura\u201d (2008) y \u201cClub La Sorbona\u201d (2013, Alianza Editorial, Premio Miguel Delibes). Ahora regresa con una distop\u00eda repleta de humor neur\u00f3tico titulada \u201cDonde siempre es medianoche\u201d.<\/p>\n<p class=\"\"><strong><span style=\"color: #409cb3;\">Para acercarte a la obra\u00a0<\/span><span style=\"color: #409cb3;\">\u00ab<em>La \u00e9tica del fragmento\u00bb\u00a0<\/em>\u00a0de Luis Artigue (v\u00eddeo de Santos Perandones)<\/span><\/strong><\/p>\n<p><iframe loading=\"lazy\" src=\"https:\/\/player.vimeo.com\/video\/239806349\" width=\"640\" height=\"360\" frameborder=\"0\" allowfullscreen=\"allowfullscreen\"><\/iframe><\/p>\n","protected":false},"excerpt":{"rendered":"<p>El primer bloque del club aborda la lectura de dos poemarios: \u00abPoemas para ser le\u00eddos en un centro comercial\u00bb,\u00a0\u00a0de Joaqu\u00edn P\u00e9rez Aza\u00fastre \u00abLa \u00e9tica del fragmento\u00bb, de Luis Artigue Calendario: 20 de septiembre de 2018: Coloquio participativo de gu\u00eda a la lectura. 26 de septiembre de 2018: Coloquio participativo de los socios. 3 de octubre [&hellip;]<\/p>\n","protected":false},"author":73,"featured_media":0,"parent":46286,"menu_order":1,"comment_status":"closed","ping_status":"closed","template":"","meta":{"_bbp_topic_count":0,"_bbp_reply_count":0,"_bbp_total_topic_count":0,"_bbp_total_reply_count":0,"_bbp_voice_count":0,"_bbp_anonymous_reply_count":0,"_bbp_topic_count_hidden":0,"_bbp_reply_count_hidden":0,"_bbp_forum_subforum_count":0,"_monsterinsights_skip_tracking":false,"_monsterinsights_sitenote_active":false,"_monsterinsights_sitenote_note":"","_monsterinsights_sitenote_category":0,"footnotes":""},"class_list":["post-46287","page","type-page","status-publish","hentry"],"yoast_head":"<!-- This site is optimized with the Yoast SEO plugin v25.8 - https:\/\/yoast.com\/wordpress\/plugins\/seo\/ -->\n<title>Lectura 1: Poemas para ser le\u00eddos en un centro comercial. La \u00e9tica del fragmento - tULEctura<\/title>\n<meta name=\"robots\" content=\"index, follow, max-snippet:-1, max-image-preview:large, max-video-preview:-1\" \/>\n<link rel=\"canonical\" href=\"https:\/\/bibliotecas.unileon.es\/tULEctura\/pagina-ejemplo\/curso-2018-2019\/lectura-1-poemas-para-ser-leidos-en-un-centro-comercial-y-la-etica-del-fragmento\/\" \/>\n<meta property=\"og:locale\" content=\"es_ES\" \/>\n<meta property=\"og:type\" content=\"article\" \/>\n<meta property=\"og:title\" content=\"Lectura 1: Poemas para ser le\u00eddos en un centro comercial. La \u00e9tica del fragmento - tULEctura\" \/>\n<meta property=\"og:description\" content=\"El primer bloque del club aborda la lectura de dos poemarios: \u00abPoemas para ser le\u00eddos en un centro comercial\u00bb,\u00a0\u00a0de Joaqu\u00edn P\u00e9rez Aza\u00fastre \u00abLa \u00e9tica del fragmento\u00bb, de Luis Artigue Calendario: 20 de septiembre de 2018: Coloquio participativo de gu\u00eda a la lectura. 26 de septiembre de 2018: Coloquio participativo de los socios. 3 de octubre [&hellip;]\" \/>\n<meta property=\"og:url\" content=\"https:\/\/bibliotecas.unileon.es\/tULEctura\/pagina-ejemplo\/curso-2018-2019\/lectura-1-poemas-para-ser-leidos-en-un-centro-comercial-y-la-etica-del-fragmento\/\" \/>\n<meta property=\"og:site_name\" content=\"tULEctura\" \/>\n<meta property=\"article:publisher\" content=\"https:\/\/www.facebook.com\/tulectura.unileon\/\" \/>\n<meta property=\"article:modified_time\" content=\"2018-10-23T16:22:10+00:00\" \/>\n<meta property=\"og:image\" content=\"https:\/\/bibliotecas.unileon.es\/tULEctura\/files\/2018\/06\/pemas-para-ser-leidos.jpg\" \/>\n\t<meta property=\"og:image:width\" content=\"298\" \/>\n\t<meta property=\"og:image:height\" content=\"499\" \/>\n\t<meta property=\"og:image:type\" content=\"image\/jpeg\" \/>\n<meta name=\"twitter:card\" content=\"summary_large_image\" \/>\n<meta name=\"twitter:site\" content=\"@tULEctura_ULE\" \/>\n<meta name=\"twitter:label1\" content=\"Tiempo de lectura\" \/>\n\t<meta name=\"twitter:data1\" content=\"5 minutos\" \/>\n<script type=\"application\/ld+json\" class=\"yoast-schema-graph\">{\"@context\":\"https:\/\/schema.org\",\"@graph\":[{\"@type\":\"WebPage\",\"@id\":\"https:\/\/bibliotecas.unileon.es\/tULEctura\/pagina-ejemplo\/curso-2018-2019\/lectura-1-poemas-para-ser-leidos-en-un-centro-comercial-y-la-etica-del-fragmento\/\",\"url\":\"https:\/\/bibliotecas.unileon.es\/tULEctura\/pagina-ejemplo\/curso-2018-2019\/lectura-1-poemas-para-ser-leidos-en-un-centro-comercial-y-la-etica-del-fragmento\/\",\"name\":\"Lectura 1: Poemas para ser le\u00eddos en un centro comercial. La \u00e9tica del fragmento - tULEctura\",\"isPartOf\":{\"@id\":\"https:\/\/bibliotecas.unileon.es\/tULEctura\/#website\"},\"primaryImageOfPage\":{\"@id\":\"https:\/\/bibliotecas.unileon.es\/tULEctura\/pagina-ejemplo\/curso-2018-2019\/lectura-1-poemas-para-ser-leidos-en-un-centro-comercial-y-la-etica-del-fragmento\/#primaryimage\"},\"image\":{\"@id\":\"https:\/\/bibliotecas.unileon.es\/tULEctura\/pagina-ejemplo\/curso-2018-2019\/lectura-1-poemas-para-ser-leidos-en-un-centro-comercial-y-la-etica-del-fragmento\/#primaryimage\"},\"thumbnailUrl\":\"http:\/\/bibliotecas.unileon.es\/tULEctura\/files\/2018\/06\/pemas-para-ser-leidos-179x300.jpg\",\"datePublished\":\"2018-06-20T08:00:42+00:00\",\"dateModified\":\"2018-10-23T16:22:10+00:00\",\"breadcrumb\":{\"@id\":\"https:\/\/bibliotecas.unileon.es\/tULEctura\/pagina-ejemplo\/curso-2018-2019\/lectura-1-poemas-para-ser-leidos-en-un-centro-comercial-y-la-etica-del-fragmento\/#breadcrumb\"},\"inLanguage\":\"es\",\"potentialAction\":[{\"@type\":\"ReadAction\",\"target\":[\"https:\/\/bibliotecas.unileon.es\/tULEctura\/pagina-ejemplo\/curso-2018-2019\/lectura-1-poemas-para-ser-leidos-en-un-centro-comercial-y-la-etica-del-fragmento\/\"]}]},{\"@type\":\"ImageObject\",\"inLanguage\":\"es\",\"@id\":\"https:\/\/bibliotecas.unileon.es\/tULEctura\/pagina-ejemplo\/curso-2018-2019\/lectura-1-poemas-para-ser-leidos-en-un-centro-comercial-y-la-etica-del-fragmento\/#primaryimage\",\"url\":\"https:\/\/bibliotecas.unileon.es\/tULEctura\/files\/2018\/06\/pemas-para-ser-leidos.jpg\",\"contentUrl\":\"https:\/\/bibliotecas.unileon.es\/tULEctura\/files\/2018\/06\/pemas-para-ser-leidos.jpg\",\"width\":\"298\",\"height\":\"499\",\"caption\":\"\u201cPoemas para ser le\u00eddos en un centro comercial\u201d, de Joaqu\u00edn P\u00e9rez Aza\u00fastre\"},{\"@type\":\"BreadcrumbList\",\"@id\":\"https:\/\/bibliotecas.unileon.es\/tULEctura\/pagina-ejemplo\/curso-2018-2019\/lectura-1-poemas-para-ser-leidos-en-un-centro-comercial-y-la-etica-del-fragmento\/#breadcrumb\",\"itemListElement\":[{\"@type\":\"ListItem\",\"position\":1,\"name\":\"Home\",\"item\":\"https:\/\/bibliotecas.unileon.es\/tULEctura\/\"},{\"@type\":\"ListItem\",\"position\":2,\"name\":\"Club de Lectura\",\"item\":\"https:\/\/bibliotecas.unileon.es\/tULEctura\/pagina-ejemplo\/\"},{\"@type\":\"ListItem\",\"position\":3,\"name\":\"Curso 2018-2019\",\"item\":\"https:\/\/bibliotecas.unileon.es\/tULEctura\/pagina-ejemplo\/curso-2018-2019\/\"},{\"@type\":\"ListItem\",\"position\":4,\"name\":\"Lectura 1: Poemas para ser le\u00eddos en un centro comercial. La \u00e9tica del fragmento\"}]},{\"@type\":\"WebSite\",\"@id\":\"https:\/\/bibliotecas.unileon.es\/tULEctura\/#website\",\"url\":\"https:\/\/bibliotecas.unileon.es\/tULEctura\/\",\"name\":\"tULEctura\",\"description\":\"Espacio de la Universidad de Le\u00f3n dedicado a la lectura\",\"publisher\":{\"@id\":\"https:\/\/bibliotecas.unileon.es\/tULEctura\/#organization\"},\"potentialAction\":[{\"@type\":\"SearchAction\",\"target\":{\"@type\":\"EntryPoint\",\"urlTemplate\":\"https:\/\/bibliotecas.unileon.es\/tULEctura\/?s={search_term_string}\"},\"query-input\":{\"@type\":\"PropertyValueSpecification\",\"valueRequired\":true,\"valueName\":\"search_term_string\"}}],\"inLanguage\":\"es\"},{\"@type\":\"Organization\",\"@id\":\"https:\/\/bibliotecas.unileon.es\/tULEctura\/#organization\",\"name\":\"Universidad de Le\u00f3n\",\"url\":\"https:\/\/bibliotecas.unileon.es\/tULEctura\/\",\"logo\":{\"@type\":\"ImageObject\",\"inLanguage\":\"es\",\"@id\":\"https:\/\/bibliotecas.unileon.es\/tULEctura\/#\/schema\/logo\/image\/\",\"url\":\"https:\/\/bibliotecas.unileon.es\/tULEctura\/files\/2018\/08\/TULECTURA_LOGO1.png\",\"contentUrl\":\"https:\/\/bibliotecas.unileon.es\/tULEctura\/files\/2018\/08\/TULECTURA_LOGO1.png\",\"width\":\"960\",\"height\":\"258\",\"caption\":\"Universidad de Le\u00f3n\"},\"image\":{\"@id\":\"https:\/\/bibliotecas.unileon.es\/tULEctura\/#\/schema\/logo\/image\/\"},\"sameAs\":[\"https:\/\/www.facebook.com\/tulectura.unileon\/\",\"https:\/\/x.com\/tULEctura_ULE\",\"https:\/\/www.instagram.com\/tulectura.unileon\/\",\"https:\/\/www.pinterest.es\/tulectura\/\",\"https:\/\/www.youtube.com\/channel\/UCoWaDD39lVlAQcOchwlTPVw\"]}]}<\/script>\n<!-- \/ Yoast SEO plugin. -->","yoast_head_json":{"title":"Lectura 1: Poemas para ser le\u00eddos en un centro comercial. La \u00e9tica del fragmento - tULEctura","robots":{"index":"index","follow":"follow","max-snippet":"max-snippet:-1","max-image-preview":"max-image-preview:large","max-video-preview":"max-video-preview:-1"},"canonical":"https:\/\/bibliotecas.unileon.es\/tULEctura\/pagina-ejemplo\/curso-2018-2019\/lectura-1-poemas-para-ser-leidos-en-un-centro-comercial-y-la-etica-del-fragmento\/","og_locale":"es_ES","og_type":"article","og_title":"Lectura 1: Poemas para ser le\u00eddos en un centro comercial. La \u00e9tica del fragmento - tULEctura","og_description":"El primer bloque del club aborda la lectura de dos poemarios: \u00abPoemas para ser le\u00eddos en un centro comercial\u00bb,\u00a0\u00a0de Joaqu\u00edn P\u00e9rez Aza\u00fastre \u00abLa \u00e9tica del fragmento\u00bb, de Luis Artigue Calendario: 20 de septiembre de 2018: Coloquio participativo de gu\u00eda a la lectura. 26 de septiembre de 2018: Coloquio participativo de los socios. 3 de octubre [&hellip;]","og_url":"https:\/\/bibliotecas.unileon.es\/tULEctura\/pagina-ejemplo\/curso-2018-2019\/lectura-1-poemas-para-ser-leidos-en-un-centro-comercial-y-la-etica-del-fragmento\/","og_site_name":"tULEctura","article_publisher":"https:\/\/www.facebook.com\/tulectura.unileon\/","article_modified_time":"2018-10-23T16:22:10+00:00","og_image":[{"width":298,"height":499,"url":"https:\/\/bibliotecas.unileon.es\/tULEctura\/files\/2018\/06\/pemas-para-ser-leidos.jpg","type":"image\/jpeg"}],"twitter_card":"summary_large_image","twitter_site":"@tULEctura_ULE","twitter_misc":{"Tiempo de lectura":"5 minutos"},"schema":{"@context":"https:\/\/schema.org","@graph":[{"@type":"WebPage","@id":"https:\/\/bibliotecas.unileon.es\/tULEctura\/pagina-ejemplo\/curso-2018-2019\/lectura-1-poemas-para-ser-leidos-en-un-centro-comercial-y-la-etica-del-fragmento\/","url":"https:\/\/bibliotecas.unileon.es\/tULEctura\/pagina-ejemplo\/curso-2018-2019\/lectura-1-poemas-para-ser-leidos-en-un-centro-comercial-y-la-etica-del-fragmento\/","name":"Lectura 1: Poemas para ser le\u00eddos en un centro comercial. La \u00e9tica del fragmento - tULEctura","isPartOf":{"@id":"https:\/\/bibliotecas.unileon.es\/tULEctura\/#website"},"primaryImageOfPage":{"@id":"https:\/\/bibliotecas.unileon.es\/tULEctura\/pagina-ejemplo\/curso-2018-2019\/lectura-1-poemas-para-ser-leidos-en-un-centro-comercial-y-la-etica-del-fragmento\/#primaryimage"},"image":{"@id":"https:\/\/bibliotecas.unileon.es\/tULEctura\/pagina-ejemplo\/curso-2018-2019\/lectura-1-poemas-para-ser-leidos-en-un-centro-comercial-y-la-etica-del-fragmento\/#primaryimage"},"thumbnailUrl":"http:\/\/bibliotecas.unileon.es\/tULEctura\/files\/2018\/06\/pemas-para-ser-leidos-179x300.jpg","datePublished":"2018-06-20T08:00:42+00:00","dateModified":"2018-10-23T16:22:10+00:00","breadcrumb":{"@id":"https:\/\/bibliotecas.unileon.es\/tULEctura\/pagina-ejemplo\/curso-2018-2019\/lectura-1-poemas-para-ser-leidos-en-un-centro-comercial-y-la-etica-del-fragmento\/#breadcrumb"},"inLanguage":"es","potentialAction":[{"@type":"ReadAction","target":["https:\/\/bibliotecas.unileon.es\/tULEctura\/pagina-ejemplo\/curso-2018-2019\/lectura-1-poemas-para-ser-leidos-en-un-centro-comercial-y-la-etica-del-fragmento\/"]}]},{"@type":"ImageObject","inLanguage":"es","@id":"https:\/\/bibliotecas.unileon.es\/tULEctura\/pagina-ejemplo\/curso-2018-2019\/lectura-1-poemas-para-ser-leidos-en-un-centro-comercial-y-la-etica-del-fragmento\/#primaryimage","url":"https:\/\/bibliotecas.unileon.es\/tULEctura\/files\/2018\/06\/pemas-para-ser-leidos.jpg","contentUrl":"https:\/\/bibliotecas.unileon.es\/tULEctura\/files\/2018\/06\/pemas-para-ser-leidos.jpg","width":"298","height":"499","caption":"\u201cPoemas para ser le\u00eddos en un centro comercial\u201d, de Joaqu\u00edn P\u00e9rez Aza\u00fastre"},{"@type":"BreadcrumbList","@id":"https:\/\/bibliotecas.unileon.es\/tULEctura\/pagina-ejemplo\/curso-2018-2019\/lectura-1-poemas-para-ser-leidos-en-un-centro-comercial-y-la-etica-del-fragmento\/#breadcrumb","itemListElement":[{"@type":"ListItem","position":1,"name":"Home","item":"https:\/\/bibliotecas.unileon.es\/tULEctura\/"},{"@type":"ListItem","position":2,"name":"Club de Lectura","item":"https:\/\/bibliotecas.unileon.es\/tULEctura\/pagina-ejemplo\/"},{"@type":"ListItem","position":3,"name":"Curso 2018-2019","item":"https:\/\/bibliotecas.unileon.es\/tULEctura\/pagina-ejemplo\/curso-2018-2019\/"},{"@type":"ListItem","position":4,"name":"Lectura 1: Poemas para ser le\u00eddos en un centro comercial. La \u00e9tica del fragmento"}]},{"@type":"WebSite","@id":"https:\/\/bibliotecas.unileon.es\/tULEctura\/#website","url":"https:\/\/bibliotecas.unileon.es\/tULEctura\/","name":"tULEctura","description":"Espacio de la Universidad de Le\u00f3n dedicado a la lectura","publisher":{"@id":"https:\/\/bibliotecas.unileon.es\/tULEctura\/#organization"},"potentialAction":[{"@type":"SearchAction","target":{"@type":"EntryPoint","urlTemplate":"https:\/\/bibliotecas.unileon.es\/tULEctura\/?s={search_term_string}"},"query-input":{"@type":"PropertyValueSpecification","valueRequired":true,"valueName":"search_term_string"}}],"inLanguage":"es"},{"@type":"Organization","@id":"https:\/\/bibliotecas.unileon.es\/tULEctura\/#organization","name":"Universidad de Le\u00f3n","url":"https:\/\/bibliotecas.unileon.es\/tULEctura\/","logo":{"@type":"ImageObject","inLanguage":"es","@id":"https:\/\/bibliotecas.unileon.es\/tULEctura\/#\/schema\/logo\/image\/","url":"https:\/\/bibliotecas.unileon.es\/tULEctura\/files\/2018\/08\/TULECTURA_LOGO1.png","contentUrl":"https:\/\/bibliotecas.unileon.es\/tULEctura\/files\/2018\/08\/TULECTURA_LOGO1.png","width":"960","height":"258","caption":"Universidad de Le\u00f3n"},"image":{"@id":"https:\/\/bibliotecas.unileon.es\/tULEctura\/#\/schema\/logo\/image\/"},"sameAs":["https:\/\/www.facebook.com\/tulectura.unileon\/","https:\/\/x.com\/tULEctura_ULE","https:\/\/www.instagram.com\/tulectura.unileon\/","https:\/\/www.pinterest.es\/tulectura\/","https:\/\/www.youtube.com\/channel\/UCoWaDD39lVlAQcOchwlTPVw"]}]}},"_links":{"self":[{"href":"https:\/\/bibliotecas.unileon.es\/tULEctura\/wp-json\/wp\/v2\/pages\/46287","targetHints":{"allow":["GET"]}}],"collection":[{"href":"https:\/\/bibliotecas.unileon.es\/tULEctura\/wp-json\/wp\/v2\/pages"}],"about":[{"href":"https:\/\/bibliotecas.unileon.es\/tULEctura\/wp-json\/wp\/v2\/types\/page"}],"author":[{"embeddable":true,"href":"https:\/\/bibliotecas.unileon.es\/tULEctura\/wp-json\/wp\/v2\/users\/73"}],"replies":[{"embeddable":true,"href":"https:\/\/bibliotecas.unileon.es\/tULEctura\/wp-json\/wp\/v2\/comments?post=46287"}],"version-history":[{"count":1,"href":"https:\/\/bibliotecas.unileon.es\/tULEctura\/wp-json\/wp\/v2\/pages\/46287\/revisions"}],"predecessor-version":[{"id":46292,"href":"https:\/\/bibliotecas.unileon.es\/tULEctura\/wp-json\/wp\/v2\/pages\/46287\/revisions\/46292"}],"up":[{"embeddable":true,"href":"https:\/\/bibliotecas.unileon.es\/tULEctura\/wp-json\/wp\/v2\/pages\/46286"}],"wp:attachment":[{"href":"https:\/\/bibliotecas.unileon.es\/tULEctura\/wp-json\/wp\/v2\/media?parent=46287"}],"curies":[{"name":"wp","href":"https:\/\/api.w.org\/{rel}","templated":true}]}}