{"id":46288,"date":"2018-06-20T10:00:37","date_gmt":"2018-06-20T08:00:37","guid":{"rendered":"http:\/\/bibliotecas.unileon.es\/tULEctura\/?page_id=46288"},"modified":"2018-11-15T18:36:35","modified_gmt":"2018-11-15T17:36:35","slug":"lectura-2-la-condicion-animal-invasion","status":"publish","type":"page","link":"https:\/\/bibliotecas.unileon.es\/tULEctura\/pagina-ejemplo\/curso-2018-2019\/lectura-2-la-condicion-animal-invasion\/","title":{"rendered":"Lectura 2: La condici\u00f3n animal.  Invasi\u00f3n"},"content":{"rendered":"<p style=\"text-align: justify;\">El segundo\u00a0 bloque del club aborda la lectura de dos colecciones de relatos :<\/p>\n<h3 style=\"text-align: center;\"><span style=\"color: #3e6f8c;\"><em>\u00a0\u00abLa condici\u00f3n animal\u00bb<\/em>, de\u00a0Valeria Correa Fiz<\/span><\/h3>\n<h3 style=\"text-align: center;\"><span style=\"color: #ff9900;\">\u00ab<em>Invasi\u00f3n\u00bb<\/em>, de David Roas<\/span><\/h3>\n<p><strong>Calendario:<\/strong><\/p>\n<ul>\n<li>10 de octubre de 2018: Coloquio participativo de gu\u00eda a la lectura.\n<ul>\n<li><a href=\"http:\/\/bibliotecas.unileon.es\/tULEctura\/2018\/10\/10\/guia-a-la-lectura-la-condicion-animal\/\" target=\"_blank\" rel=\"noopener\">Gu\u00eda a la lectura de \u00abLa condici\u00f3n animal\u00bb\u00a0<\/a><\/li>\n<li><a href=\"http:\/\/bibliotecas.unileon.es\/tULEctura\/2018\/10\/10\/guia-a-la-lectura-invasion-de-david-roas\/\" target=\"_blank\" rel=\"noopener\">Gu\u00eda a la lectura de \u00abInvasi\u00f3n\u00bb\u00a0<\/a><\/li>\n<\/ul>\n<\/li>\n<li>23 de octubre de 2018: <a href=\"http:\/\/bibliotecas.unileon.es\/tULEctura\/2018\/10\/24\/coloquio-de-los-socios-la-condicion-animal-e-invasion\/\" target=\"_blank\" rel=\"noopener\">Coloquio participativo de los socios.<\/a><\/li>\n<li>25 de octubre de 2018: <a href=\"https:\/\/videos.unileon.es\/video\/1948\" target=\"_blank\" rel=\"noopener\">Encuentro de los socios con Valeria Correa Fiz<\/a><\/li>\n<li>30 de octubre de 2018:\u00a0<a href=\"https:\/\/videos.unileon.es\/video\/1931\" target=\"_blank\" rel=\"noopener\">Encuentro de los socios con David Roas<\/a><\/li>\n<\/ul>\n<p><strong>Lugar \u00a0y horario<\/strong><\/p>\n<p style=\"text-align: justify;\">Los encuentros de esta \u00a0lectura tendr\u00e1n lugar en la sala de conferencias de la Biblioteca General San Isidoro a las 19:00 horas.\u00a0<strong>Se ruega puntualidad<\/strong>.<\/p>\n<p>&nbsp;<\/p>\n<h3 style=\"text-align: center;\"><span style=\"color: #3e6f8c;\"><em>\u00a0\u00abLa condici\u00f3n animal\u00bb<\/em>, de\u00a0Valeria Correa Fiz<\/span><\/h3>\n<p><img loading=\"lazy\" decoding=\"async\" class=\"wp-image-46304 size-full alignright\" src=\"http:\/\/bibliotecas.unileon.es\/tULEctura\/files\/2018\/06\/condicion-animal.jpg\" alt=\"\" width=\"177\" height=\"284\" \/><\/p>\n<pre><span style=\"color: #3e6f8c;\">Correa Fiz, Valeria\r\nLa condici\u00f3n animal \/ Valeria Correa Fiz\r\nMadrid : P\u00e1ginas de Espuma , 2017\r\n161 p. ; 25 cm\r\n978-84-8393-204-9<\/span><\/pre>\n<p><span style=\"color: #3e6f8c;\"><strong>La obra\u00a0<\/strong>(informaci\u00f3n contenida en la contraportada)<\/span><\/p>\n<p style=\"text-align: justify;\">Es imposible que alguien se interne en los doce cuentos que forman \u00ab<em>La condici\u00f3n animal\u00bb<\/em>\u00a0y no salga de ellos, al menos, sacudido, turbado y, por qu\u00e9 no advertirlo, tambi\u00e9n conmocionado por la intensidad de estas historias.<\/p>\n<p style=\"text-align: justify;\">\u00bfQu\u00e9 es lo que nos hace diferentes como especie, en qu\u00e9 consiste la condici\u00f3n humana? \u00bfSabernos fr\u00e1giles, expuestos, mortales? \u00bfC\u00f3mo ser\u00edamos\u00a0 si no temi\u00e9semos el mal ajeno? Eso parece preguntarse cada uno de los cuentos que\u00a0<strong>Valeria Correa Fiz<\/strong>\u00a0ha escrito con una prosa visceral, f\u00edsica y cargada de turbiedades, para conducirnos hasta nuestros propios miedos, nuestras inseguridades, nuestros temblores. El \u00e1ngulo m\u00e1s oscuro del ser humano \u2013la locura y la muerte, el amor y la enfermedad, la obsesi\u00f3n y la violencia y la ternura inevitables\u2013. Un libro brutal. Un libro que duele, como duele siempre la buena\u00a0literatura.<\/p>\n<p><strong><span style=\"color: #3e6f8c;\">La autora\u00a0<\/span><\/strong><span style=\"color: #3e6f8c; font-size: 1rem;\">(informaci\u00f3n de la editorial)<\/span><\/p>\n<p><strong><span style=\"color: #3e6f8c;\">Valeria Correa Fiz<\/span><\/strong>\u00a0naci\u00f3 y creci\u00f3 en Rosario (Argentina), a orillas del r\u00edo Paran\u00e1. Aunque hace m\u00e1s de diez a\u00f1os que vive en el extranjero (siempre en ciudades que empiezan rigurosamente con la letra eme: Miami, Mil\u00e1n, Madrid), todav\u00eda conserva el humor turbio y sedicioso que le legaron las aguas del r\u00edo.<\/p>\n<p><strong><span style=\"color: #3e6f8c;\">Puedes empezar a leer la obra\u00a0<em>\u00a0<\/em><a href=\"http:\/\/bibliotecas.unileon.es\/tULEctura\/files\/2018\/06\/condicion.pdf\" class=\"mtli_attachment mtli_pdf\">\u00abLa condici\u00f3n animal\u00bb<\/a>\u00a0de\u00a0 Valeria Correa Fiz.<\/span><\/strong><\/p>\n<p>&nbsp;<\/p>\n<p>&nbsp;<\/p>\n<h3 style=\"text-align: center;\"><span style=\"color: #ff9900;\">\u00ab<em>Invasi\u00f3n\u00bb<\/em>, de David Roas<\/span><\/h3>\n<p><img loading=\"lazy\" decoding=\"async\" class=\"wp-image-46305 size-full alignright\" style=\"margin-top: 0.857143rem; margin-bottom: 0.857143rem; margin-left: 1.71429rem;\" src=\"http:\/\/bibliotecas.unileon.es\/tULEctura\/files\/2018\/06\/invasion.jpg\" alt=\"\" width=\"177\" height=\"284\" \/><\/p>\n<pre><span style=\"color: #ff9900;\">Roas, David (1965- )<\/span>\r\n<span style=\"color: #ff9900;\">Invasi\u00f3n \/ David Roas<\/span>\r\n<span style=\"font-size: 1rem; color: #ff9900;\">Madrid : Editorial P\u00e1ginas de Espuma, 2018<\/span>\r\n<span style=\"color: #ff9900;\">122 p. ; 24 cm<\/span>\r\n<span style=\"color: #ff9900;\">(Voces \/ Editorial P\u00e1ginas de Espuma ; 257. Literatura)<\/span>\r\n<span style=\"color: #ff9900;\">978-84-8393-236-0<\/span><\/pre>\n<p><strong><span style=\"color: #ff9900;\">La obra<\/span><\/strong><\/p>\n<p style=\"text-align: justify;\">Un ni\u00f1o hambriento observa con mirada muerta desde lo alto de un tobog\u00e1n; otro construye peque\u00f1os ata\u00fades. Mu\u00f1ecas de ojos vac\u00edos esp\u00edan a dos amantes, y criaturas nocturnas acechan a los supervivientes. Una casa aparentemente abandonada atrapa a quien se aproxima y otra sobrevive asediada por insectos.\u00a0David Roas, referente de la literatura fant\u00e1stica, invade al lector con distintos fragmentos de un mismo espejo que refleja lo inquietante y lo terror\u00edfico de los objetos y los cuerpos que nos rodean.<\/p>\n<p>Estos cuentos, en la mejor tradici\u00f3n actualizada de Lovecraft, Poe o Shelley, confirman que ni nuestra madre ni nuestros hijos son quienes creemos, ni que en nuestro hogar, ni siquiera en nuestra propia habitaci\u00f3n, podemos estar seguros. La invasi\u00f3n comienza all\u00ed donde menos lo intuimos.<\/p>\n<p><span style=\"color: #ff9900;\"><strong>El autor<\/strong>\u00a0(informaci\u00f3n de la editorial)<\/span><\/p>\n<p style=\"text-align: justify;\"><strong><span style=\"color: #ff9900;\">David Roas<\/span><\/strong>\u00a0(Barcelona, 1965) es profesor de Teor\u00eda de la Literatura y Literatura Comparada en la Universidad Aut\u00f3noma de Barcelona. Es autor, entre otros, de los libros de cuentos y microrrelatos\u00a0<em>Los dichos de un necio<\/em>(1996),\u00a0<em>Horrores cotidianos<\/em>\u00a0(2007),\u00a0<em>Intuiciones y delirios<\/em>\u00a0(2002 y 2017) y<em>\u00a0La casa ciega y otros cuentos fant\u00e1sticos<\/em>\u00a0(2018), y las novelas\u00a0<em>Celuloide sangriento<\/em>\u00a0(1996) y\u00a0<em>La estrategia del koala<\/em>(2013). En esta misma editorial ha publicado los libros de cuentos\u00a0<em>Distorsiones<\/em>\u00a0(2010), que mereci\u00f3 el VIII Premio Setenil al mejor libro de cuentos del a\u00f1o, y\u00a0<em>Bienvenidos a Incaland\u00ae<\/em>\u00a0(2014), finalista del citado premio en su XII edici\u00f3n. Varios de sus relatos han sido traducidos al portugu\u00e9s, franc\u00e9s, ingl\u00e9s, italiano, croata, serbio y griego. Especialista en literatura fant\u00e1stica, ha escrito numerosos ensayos entre los que destaca\u00a0<em>Tras los l\u00edmites de lo real<\/em>.\u00a0Una definici\u00f3n de lo fant\u00e1stico\u00a0(P\u00e1ginas de Espuma, 2011), que recibi\u00f3 el IV Premio M\u00e1laga de Ensayo. Dirige el Grupo de Estudios sobre lo Fant\u00e1stico (GEF) y Brumal. Revista de Investigaci\u00f3n sobre lo Fant\u00e1stico.<\/p>\n<p><strong><span style=\"color: #ff9900;\">Puedes empezar a leer la obra\u00a0\u00ab<a style=\"color: #ff9900;\" href=\"http:\/\/bibliotecas.unileon.es\/tULEctura\/files\/2018\/07\/Invasion-david-roas.pdf\" class=\"mtli_attachment mtli_pdf\" target=\"_blank\" rel=\"noopener\"><em>Invasi\u00f3n\u00bb<\/em><\/a>, de David Roas<\/span><\/strong><\/p>\n<p><span style=\"color: #ff9900;\">Y adem\u00e1s, para acercarte a la obra\u00a0<strong>\u00ab<em><span style=\"color: #ff9900;\">Invas<\/span>i\u00f3n<span style=\"color: #ff9900;\">\u00ab<\/span><\/em><\/strong>, de David Roas:<\/span><br \/>\n<iframe loading=\"lazy\" src=\"https:\/\/www.youtube.com\/embed\/LDlqMpNEL5c?rel=0\" width=\"560\" height=\"315\" frameborder=\"0\" allowfullscreen=\"allowfullscreen\"><\/iframe><\/p>\n","protected":false},"excerpt":{"rendered":"<p>El segundo\u00a0 bloque del club aborda la lectura de dos colecciones de relatos : \u00a0\u00abLa condici\u00f3n animal\u00bb, de\u00a0Valeria Correa Fiz \u00abInvasi\u00f3n\u00bb, de David Roas Calendario: 10 de octubre de 2018: Coloquio participativo de gu\u00eda a la lectura. Gu\u00eda a la lectura de \u00abLa condici\u00f3n animal\u00bb\u00a0 Gu\u00eda a la lectura de \u00abInvasi\u00f3n\u00bb\u00a0 23 de octubre de [&hellip;]<\/p>\n","protected":false},"author":73,"featured_media":0,"parent":46286,"menu_order":2,"comment_status":"closed","ping_status":"closed","template":"","meta":{"_bbp_topic_count":0,"_bbp_reply_count":0,"_bbp_total_topic_count":0,"_bbp_total_reply_count":0,"_bbp_voice_count":0,"_bbp_anonymous_reply_count":0,"_bbp_topic_count_hidden":0,"_bbp_reply_count_hidden":0,"_bbp_forum_subforum_count":0,"_monsterinsights_skip_tracking":false,"_monsterinsights_sitenote_active":false,"_monsterinsights_sitenote_note":"","_monsterinsights_sitenote_category":0,"footnotes":""},"class_list":["post-46288","page","type-page","status-publish","hentry"],"yoast_head":"<!-- This site is optimized with the Yoast SEO plugin v25.8 - https:\/\/yoast.com\/wordpress\/plugins\/seo\/ -->\n<title>Lectura 2: La condici\u00f3n animal. Invasi\u00f3n - tULEctura<\/title>\n<meta name=\"robots\" content=\"index, follow, max-snippet:-1, max-image-preview:large, max-video-preview:-1\" \/>\n<link rel=\"canonical\" href=\"https:\/\/bibliotecas.unileon.es\/tULEctura\/pagina-ejemplo\/curso-2018-2019\/lectura-2-la-condicion-animal-invasion\/\" \/>\n<meta property=\"og:locale\" content=\"es_ES\" \/>\n<meta property=\"og:type\" content=\"article\" \/>\n<meta property=\"og:title\" content=\"Lectura 2: La condici\u00f3n animal. Invasi\u00f3n - tULEctura\" \/>\n<meta property=\"og:description\" content=\"El segundo\u00a0 bloque del club aborda la lectura de dos colecciones de relatos : \u00a0\u00abLa condici\u00f3n animal\u00bb, de\u00a0Valeria Correa Fiz \u00abInvasi\u00f3n\u00bb, de David Roas Calendario: 10 de octubre de 2018: Coloquio participativo de gu\u00eda a la lectura. Gu\u00eda a la lectura de \u00abLa condici\u00f3n animal\u00bb\u00a0 Gu\u00eda a la lectura de \u00abInvasi\u00f3n\u00bb\u00a0 23 de octubre de [&hellip;]\" \/>\n<meta property=\"og:url\" content=\"https:\/\/bibliotecas.unileon.es\/tULEctura\/pagina-ejemplo\/curso-2018-2019\/lectura-2-la-condicion-animal-invasion\/\" \/>\n<meta property=\"og:site_name\" content=\"tULEctura\" \/>\n<meta property=\"article:publisher\" content=\"https:\/\/www.facebook.com\/tulectura.unileon\/\" \/>\n<meta property=\"article:modified_time\" content=\"2018-11-15T17:36:35+00:00\" \/>\n<meta property=\"og:image\" content=\"https:\/\/bibliotecas.unileon.es\/tULEctura\/files\/2018\/06\/condicion-animal.jpg\" \/>\n\t<meta property=\"og:image:width\" content=\"177\" \/>\n\t<meta property=\"og:image:height\" content=\"284\" \/>\n\t<meta property=\"og:image:type\" content=\"image\/jpeg\" \/>\n<meta name=\"twitter:card\" content=\"summary_large_image\" \/>\n<meta name=\"twitter:site\" content=\"@tULEctura_ULE\" \/>\n<meta name=\"twitter:label1\" content=\"Tiempo de lectura\" \/>\n\t<meta name=\"twitter:data1\" content=\"4 minutos\" \/>\n<script type=\"application\/ld+json\" class=\"yoast-schema-graph\">{\"@context\":\"https:\/\/schema.org\",\"@graph\":[{\"@type\":\"WebPage\",\"@id\":\"https:\/\/bibliotecas.unileon.es\/tULEctura\/pagina-ejemplo\/curso-2018-2019\/lectura-2-la-condicion-animal-invasion\/\",\"url\":\"https:\/\/bibliotecas.unileon.es\/tULEctura\/pagina-ejemplo\/curso-2018-2019\/lectura-2-la-condicion-animal-invasion\/\",\"name\":\"Lectura 2: La condici\u00f3n animal. Invasi\u00f3n - tULEctura\",\"isPartOf\":{\"@id\":\"https:\/\/bibliotecas.unileon.es\/tULEctura\/#website\"},\"primaryImageOfPage\":{\"@id\":\"https:\/\/bibliotecas.unileon.es\/tULEctura\/pagina-ejemplo\/curso-2018-2019\/lectura-2-la-condicion-animal-invasion\/#primaryimage\"},\"image\":{\"@id\":\"https:\/\/bibliotecas.unileon.es\/tULEctura\/pagina-ejemplo\/curso-2018-2019\/lectura-2-la-condicion-animal-invasion\/#primaryimage\"},\"thumbnailUrl\":\"http:\/\/bibliotecas.unileon.es\/tULEctura\/files\/2018\/06\/condicion-animal.jpg\",\"datePublished\":\"2018-06-20T08:00:37+00:00\",\"dateModified\":\"2018-11-15T17:36:35+00:00\",\"breadcrumb\":{\"@id\":\"https:\/\/bibliotecas.unileon.es\/tULEctura\/pagina-ejemplo\/curso-2018-2019\/lectura-2-la-condicion-animal-invasion\/#breadcrumb\"},\"inLanguage\":\"es\",\"potentialAction\":[{\"@type\":\"ReadAction\",\"target\":[\"https:\/\/bibliotecas.unileon.es\/tULEctura\/pagina-ejemplo\/curso-2018-2019\/lectura-2-la-condicion-animal-invasion\/\"]}]},{\"@type\":\"ImageObject\",\"inLanguage\":\"es\",\"@id\":\"https:\/\/bibliotecas.unileon.es\/tULEctura\/pagina-ejemplo\/curso-2018-2019\/lectura-2-la-condicion-animal-invasion\/#primaryimage\",\"url\":\"https:\/\/bibliotecas.unileon.es\/tULEctura\/files\/2018\/06\/condicion-animal.jpg\",\"contentUrl\":\"https:\/\/bibliotecas.unileon.es\/tULEctura\/files\/2018\/06\/condicion-animal.jpg\",\"width\":\"177\",\"height\":\"284\",\"caption\":\"\u201cLa condici\u00f3n animal\u201d, de Valeria Correa Fiz\"},{\"@type\":\"BreadcrumbList\",\"@id\":\"https:\/\/bibliotecas.unileon.es\/tULEctura\/pagina-ejemplo\/curso-2018-2019\/lectura-2-la-condicion-animal-invasion\/#breadcrumb\",\"itemListElement\":[{\"@type\":\"ListItem\",\"position\":1,\"name\":\"Home\",\"item\":\"https:\/\/bibliotecas.unileon.es\/tULEctura\/\"},{\"@type\":\"ListItem\",\"position\":2,\"name\":\"Club de Lectura\",\"item\":\"https:\/\/bibliotecas.unileon.es\/tULEctura\/pagina-ejemplo\/\"},{\"@type\":\"ListItem\",\"position\":3,\"name\":\"Curso 2018-2019\",\"item\":\"https:\/\/bibliotecas.unileon.es\/tULEctura\/pagina-ejemplo\/curso-2018-2019\/\"},{\"@type\":\"ListItem\",\"position\":4,\"name\":\"Lectura 2: La condici\u00f3n animal. Invasi\u00f3n\"}]},{\"@type\":\"WebSite\",\"@id\":\"https:\/\/bibliotecas.unileon.es\/tULEctura\/#website\",\"url\":\"https:\/\/bibliotecas.unileon.es\/tULEctura\/\",\"name\":\"tULEctura\",\"description\":\"Espacio de la Universidad de Le\u00f3n dedicado a la lectura\",\"publisher\":{\"@id\":\"https:\/\/bibliotecas.unileon.es\/tULEctura\/#organization\"},\"potentialAction\":[{\"@type\":\"SearchAction\",\"target\":{\"@type\":\"EntryPoint\",\"urlTemplate\":\"https:\/\/bibliotecas.unileon.es\/tULEctura\/?s={search_term_string}\"},\"query-input\":{\"@type\":\"PropertyValueSpecification\",\"valueRequired\":true,\"valueName\":\"search_term_string\"}}],\"inLanguage\":\"es\"},{\"@type\":\"Organization\",\"@id\":\"https:\/\/bibliotecas.unileon.es\/tULEctura\/#organization\",\"name\":\"Universidad de Le\u00f3n\",\"url\":\"https:\/\/bibliotecas.unileon.es\/tULEctura\/\",\"logo\":{\"@type\":\"ImageObject\",\"inLanguage\":\"es\",\"@id\":\"https:\/\/bibliotecas.unileon.es\/tULEctura\/#\/schema\/logo\/image\/\",\"url\":\"https:\/\/bibliotecas.unileon.es\/tULEctura\/files\/2018\/08\/TULECTURA_LOGO1.png\",\"contentUrl\":\"https:\/\/bibliotecas.unileon.es\/tULEctura\/files\/2018\/08\/TULECTURA_LOGO1.png\",\"width\":\"960\",\"height\":\"258\",\"caption\":\"Universidad de Le\u00f3n\"},\"image\":{\"@id\":\"https:\/\/bibliotecas.unileon.es\/tULEctura\/#\/schema\/logo\/image\/\"},\"sameAs\":[\"https:\/\/www.facebook.com\/tulectura.unileon\/\",\"https:\/\/x.com\/tULEctura_ULE\",\"https:\/\/www.instagram.com\/tulectura.unileon\/\",\"https:\/\/www.pinterest.es\/tulectura\/\",\"https:\/\/www.youtube.com\/channel\/UCoWaDD39lVlAQcOchwlTPVw\"]}]}<\/script>\n<!-- \/ Yoast SEO plugin. -->","yoast_head_json":{"title":"Lectura 2: La condici\u00f3n animal. Invasi\u00f3n - tULEctura","robots":{"index":"index","follow":"follow","max-snippet":"max-snippet:-1","max-image-preview":"max-image-preview:large","max-video-preview":"max-video-preview:-1"},"canonical":"https:\/\/bibliotecas.unileon.es\/tULEctura\/pagina-ejemplo\/curso-2018-2019\/lectura-2-la-condicion-animal-invasion\/","og_locale":"es_ES","og_type":"article","og_title":"Lectura 2: La condici\u00f3n animal. Invasi\u00f3n - tULEctura","og_description":"El segundo\u00a0 bloque del club aborda la lectura de dos colecciones de relatos : \u00a0\u00abLa condici\u00f3n animal\u00bb, de\u00a0Valeria Correa Fiz \u00abInvasi\u00f3n\u00bb, de David Roas Calendario: 10 de octubre de 2018: Coloquio participativo de gu\u00eda a la lectura. Gu\u00eda a la lectura de \u00abLa condici\u00f3n animal\u00bb\u00a0 Gu\u00eda a la lectura de \u00abInvasi\u00f3n\u00bb\u00a0 23 de octubre de [&hellip;]","og_url":"https:\/\/bibliotecas.unileon.es\/tULEctura\/pagina-ejemplo\/curso-2018-2019\/lectura-2-la-condicion-animal-invasion\/","og_site_name":"tULEctura","article_publisher":"https:\/\/www.facebook.com\/tulectura.unileon\/","article_modified_time":"2018-11-15T17:36:35+00:00","og_image":[{"width":177,"height":284,"url":"https:\/\/bibliotecas.unileon.es\/tULEctura\/files\/2018\/06\/condicion-animal.jpg","type":"image\/jpeg"}],"twitter_card":"summary_large_image","twitter_site":"@tULEctura_ULE","twitter_misc":{"Tiempo de lectura":"4 minutos"},"schema":{"@context":"https:\/\/schema.org","@graph":[{"@type":"WebPage","@id":"https:\/\/bibliotecas.unileon.es\/tULEctura\/pagina-ejemplo\/curso-2018-2019\/lectura-2-la-condicion-animal-invasion\/","url":"https:\/\/bibliotecas.unileon.es\/tULEctura\/pagina-ejemplo\/curso-2018-2019\/lectura-2-la-condicion-animal-invasion\/","name":"Lectura 2: La condici\u00f3n animal. Invasi\u00f3n - tULEctura","isPartOf":{"@id":"https:\/\/bibliotecas.unileon.es\/tULEctura\/#website"},"primaryImageOfPage":{"@id":"https:\/\/bibliotecas.unileon.es\/tULEctura\/pagina-ejemplo\/curso-2018-2019\/lectura-2-la-condicion-animal-invasion\/#primaryimage"},"image":{"@id":"https:\/\/bibliotecas.unileon.es\/tULEctura\/pagina-ejemplo\/curso-2018-2019\/lectura-2-la-condicion-animal-invasion\/#primaryimage"},"thumbnailUrl":"http:\/\/bibliotecas.unileon.es\/tULEctura\/files\/2018\/06\/condicion-animal.jpg","datePublished":"2018-06-20T08:00:37+00:00","dateModified":"2018-11-15T17:36:35+00:00","breadcrumb":{"@id":"https:\/\/bibliotecas.unileon.es\/tULEctura\/pagina-ejemplo\/curso-2018-2019\/lectura-2-la-condicion-animal-invasion\/#breadcrumb"},"inLanguage":"es","potentialAction":[{"@type":"ReadAction","target":["https:\/\/bibliotecas.unileon.es\/tULEctura\/pagina-ejemplo\/curso-2018-2019\/lectura-2-la-condicion-animal-invasion\/"]}]},{"@type":"ImageObject","inLanguage":"es","@id":"https:\/\/bibliotecas.unileon.es\/tULEctura\/pagina-ejemplo\/curso-2018-2019\/lectura-2-la-condicion-animal-invasion\/#primaryimage","url":"https:\/\/bibliotecas.unileon.es\/tULEctura\/files\/2018\/06\/condicion-animal.jpg","contentUrl":"https:\/\/bibliotecas.unileon.es\/tULEctura\/files\/2018\/06\/condicion-animal.jpg","width":"177","height":"284","caption":"\u201cLa condici\u00f3n animal\u201d, de Valeria Correa Fiz"},{"@type":"BreadcrumbList","@id":"https:\/\/bibliotecas.unileon.es\/tULEctura\/pagina-ejemplo\/curso-2018-2019\/lectura-2-la-condicion-animal-invasion\/#breadcrumb","itemListElement":[{"@type":"ListItem","position":1,"name":"Home","item":"https:\/\/bibliotecas.unileon.es\/tULEctura\/"},{"@type":"ListItem","position":2,"name":"Club de Lectura","item":"https:\/\/bibliotecas.unileon.es\/tULEctura\/pagina-ejemplo\/"},{"@type":"ListItem","position":3,"name":"Curso 2018-2019","item":"https:\/\/bibliotecas.unileon.es\/tULEctura\/pagina-ejemplo\/curso-2018-2019\/"},{"@type":"ListItem","position":4,"name":"Lectura 2: La condici\u00f3n animal. Invasi\u00f3n"}]},{"@type":"WebSite","@id":"https:\/\/bibliotecas.unileon.es\/tULEctura\/#website","url":"https:\/\/bibliotecas.unileon.es\/tULEctura\/","name":"tULEctura","description":"Espacio de la Universidad de Le\u00f3n dedicado a la lectura","publisher":{"@id":"https:\/\/bibliotecas.unileon.es\/tULEctura\/#organization"},"potentialAction":[{"@type":"SearchAction","target":{"@type":"EntryPoint","urlTemplate":"https:\/\/bibliotecas.unileon.es\/tULEctura\/?s={search_term_string}"},"query-input":{"@type":"PropertyValueSpecification","valueRequired":true,"valueName":"search_term_string"}}],"inLanguage":"es"},{"@type":"Organization","@id":"https:\/\/bibliotecas.unileon.es\/tULEctura\/#organization","name":"Universidad de Le\u00f3n","url":"https:\/\/bibliotecas.unileon.es\/tULEctura\/","logo":{"@type":"ImageObject","inLanguage":"es","@id":"https:\/\/bibliotecas.unileon.es\/tULEctura\/#\/schema\/logo\/image\/","url":"https:\/\/bibliotecas.unileon.es\/tULEctura\/files\/2018\/08\/TULECTURA_LOGO1.png","contentUrl":"https:\/\/bibliotecas.unileon.es\/tULEctura\/files\/2018\/08\/TULECTURA_LOGO1.png","width":"960","height":"258","caption":"Universidad de Le\u00f3n"},"image":{"@id":"https:\/\/bibliotecas.unileon.es\/tULEctura\/#\/schema\/logo\/image\/"},"sameAs":["https:\/\/www.facebook.com\/tulectura.unileon\/","https:\/\/x.com\/tULEctura_ULE","https:\/\/www.instagram.com\/tulectura.unileon\/","https:\/\/www.pinterest.es\/tulectura\/","https:\/\/www.youtube.com\/channel\/UCoWaDD39lVlAQcOchwlTPVw"]}]}},"_links":{"self":[{"href":"https:\/\/bibliotecas.unileon.es\/tULEctura\/wp-json\/wp\/v2\/pages\/46288","targetHints":{"allow":["GET"]}}],"collection":[{"href":"https:\/\/bibliotecas.unileon.es\/tULEctura\/wp-json\/wp\/v2\/pages"}],"about":[{"href":"https:\/\/bibliotecas.unileon.es\/tULEctura\/wp-json\/wp\/v2\/types\/page"}],"author":[{"embeddable":true,"href":"https:\/\/bibliotecas.unileon.es\/tULEctura\/wp-json\/wp\/v2\/users\/73"}],"replies":[{"embeddable":true,"href":"https:\/\/bibliotecas.unileon.es\/tULEctura\/wp-json\/wp\/v2\/comments?post=46288"}],"version-history":[{"count":1,"href":"https:\/\/bibliotecas.unileon.es\/tULEctura\/wp-json\/wp\/v2\/pages\/46288\/revisions"}],"predecessor-version":[{"id":46306,"href":"https:\/\/bibliotecas.unileon.es\/tULEctura\/wp-json\/wp\/v2\/pages\/46288\/revisions\/46306"}],"up":[{"embeddable":true,"href":"https:\/\/bibliotecas.unileon.es\/tULEctura\/wp-json\/wp\/v2\/pages\/46286"}],"wp:attachment":[{"href":"https:\/\/bibliotecas.unileon.es\/tULEctura\/wp-json\/wp\/v2\/media?parent=46288"}],"curies":[{"name":"wp","href":"https:\/\/api.w.org\/{rel}","templated":true}]}}