{"id":46289,"date":"2018-06-20T10:00:57","date_gmt":"2018-06-20T08:00:57","guid":{"rendered":"http:\/\/bibliotecas.unileon.es\/tULEctura\/?page_id=46289"},"modified":"2018-12-13T09:41:48","modified_gmt":"2018-12-13T08:41:48","slug":"lectura-3-por-si-se-va-la-luz","status":"publish","type":"page","link":"https:\/\/bibliotecas.unileon.es\/tULEctura\/pagina-ejemplo\/curso-2018-2019\/lectura-3-por-si-se-va-la-luz\/","title":{"rendered":"Lectura 3: Por si se va la luz"},"content":{"rendered":"<h3 class=\"field\" style=\"text-align: center;\"><span class=\"text\"><em>\u00a0\u00abPor si se va la luz\u00bb<\/em>, de\u00a0 Lara Moreno<\/span><\/h3>\n<p><img loading=\"lazy\" decoding=\"async\" class=\"alignright wp-image-46297\" src=\"http:\/\/bibliotecas.unileon.es\/tULEctura\/files\/2018\/06\/por-si-se-va-la-luz.jpg\" alt=\"\" width=\"143\" height=\"215\" \/><\/p>\n<pre class=\"field\"><span class=\"text\">Moreno, Lara (1978-)<\/span>\r\n<span class=\"text\">Por si se va la luz \/ Lara Moreno<\/span>\r\n<span class=\"text\">Barcelona : Lumen , 2013<\/span>\r\n<span class=\"text\">323 p. ; 23 cm\r\nNarrativa<\/span>\r\n<span class=\"text\">978-84-264-2235-4<\/span><\/pre>\n<div>\n<p><strong>Calendario<\/strong><\/p>\n<ul>\n<li>8 de noviembre de 2018: <strong><a href=\"http:\/\/bibliotecas.unileon.es\/tULEctura\/2018\/11\/08\/guia-a-la-lectura-por-si-se-va-la-luz-de-lara-moreno\/\" target=\"_blank\" rel=\"noopener\">Coloquio participativo de gu\u00eda a la lectura.<\/a><\/strong><\/li>\n<li>15 de noviembre de 2018:<strong><a href=\"http:\/\/bibliotecas.unileon.es\/tULEctura\/2018\/11\/23\/por-si-se-va-la-luz-lara-moreno\/\" target=\"_blank\" rel=\"noopener\"> Coloquio participativo de los socios.<\/a><\/strong><\/li>\n<li>22 de noviembre de 2018: <strong><a href=\"https:\/\/videos.unileon.es\/video\/1953\" target=\"_blank\" rel=\"noopener\">Encuentro de los socios con Lara Moreno<\/a>\u00a0 (V\u00eddeo de la sesi\u00f3n)<\/strong><\/li>\n<\/ul>\n<\/div>\n<div><\/div>\n<div><\/div>\n<p><strong>Lugar \u00a0y horario<\/strong><\/p>\n<p style=\"text-align: justify;\">Los encuentros de esta \u00a0lectura tendr\u00e1n lugar en la sala de conferencias de la Biblioteca General San Isidoro a las 19:00 horas.\u00a0<strong>Se ruega puntualidad<\/strong>.<\/p>\n<p>&nbsp;<\/p>\n<p><strong>La obra <\/strong>(informaci\u00f3n contenida en la contraportada)<\/p>\n<p style=\"text-align: justify;\">A un pueblo casi abandonado, situado en alg\u00fan lugar de este pa\u00eds, llegan Mart\u00edn y Nadia, una pareja de treinta\u00f1eros urbanitas que han decidido romper con todo para intentar sobrevivir lejos del complejo sistema urbano y neoliberal en decadencia en el que se han convertido las ciudades. Ambos se enfrentan al peque\u00f1o pueblo como si hubiesen retrocedido un siglo: hay luz el\u00e9ctrica y hay agua corriente, pero no mucho m\u00e1s. Desde hace mucho tiempo lo habitan tan solo tres personas. La llegada de los nuevos habitantes traer\u00e1 luces y sombras a la comunidad, hasta llegar a un sorprendente final.<\/p>\n<p>&nbsp;<\/p>\n<p><strong>La autora<\/strong> (informaci\u00f3n de la p\u00e1gina Escuela de Escritores)<\/p>\n<p style=\"text-align: justify;\"><strong>Lara Moreno<\/strong> naci\u00f3 en Sevilla en 1978 y creci\u00f3 en Huelva. Ha publicado los libros de relatos\u00a0<i>Casi todas las tijeras<\/i>\u00a0(Qu\u00f3rum, 2004),\u00a0<i>Cuatro veces fuego<\/i>\u00a0(Tropo, 2008) y los poemarios\u00a0<i>La herida costumbre<\/i>\u00a0(Puerta del Mar, 2008) y\u00a0<i>Despu\u00e9s de la apnea<\/i>\u00a0(Ediciones del 4 de Agosto, 2013).<br \/>\nSus cuentos est\u00e1n recogidos en numerosas antolog\u00edas, entre las que se encuentran\u00a0<em>Siglo XXI. Los nuevos nombres del cuento espa\u00f1ol actual<\/em>\u00a0(Menoscuarto, 2010) y\u00a0<em>Antolog\u00eda del microrrelato espa\u00f1ol.\u00a0 El cuarto\u00a0g\u00e9nero narrativo\u00a0<\/em>(C\u00e1tedra, 2012).<br \/>\nHa publicado las novelas,\u00a0<em>Por si se va la luz\u00a0<\/em>(Lumen, 2013) y<em>\u00a0 Piel de lobo<\/em>\u00a0(Ed. Lumen, 2016).<br \/>\nActualmente vive en Madrid, donde es editora<em>\u00a0freelance<\/em>\u00a0e imparte talleres de escritura.<\/p>\n<p><strong>Puedes empezar a leer<span style=\"color: #000000;\"> <a style=\"color: #000000;\" href=\"http:\/\/bibliotecas.unileon.es\/tULEctura\/files\/2018\/06\/Por-si-se-va-la-luz.pdf\" class=\"mtli_attachment mtli_pdf\"><em>\u00abPor si se va la luz\u00bb<\/em><\/a>,<\/span> de Lara Moreno<\/strong><\/p>\n","protected":false},"excerpt":{"rendered":"<p>\u00a0\u00abPor si se va la luz\u00bb, de\u00a0 Lara Moreno Moreno, Lara (1978-) Por si se va la luz \/ Lara Moreno Barcelona : Lumen , 2013 323 p. ; 23 cm Narrativa 978-84-264-2235-4 Calendario 8 de noviembre de 2018: Coloquio participativo de gu\u00eda a la lectura. 15 de noviembre de 2018: Coloquio participativo de los [&hellip;]<\/p>\n","protected":false},"author":73,"featured_media":0,"parent":46286,"menu_order":3,"comment_status":"closed","ping_status":"closed","template":"","meta":{"_bbp_topic_count":0,"_bbp_reply_count":0,"_bbp_total_topic_count":0,"_bbp_total_reply_count":0,"_bbp_voice_count":0,"_bbp_anonymous_reply_count":0,"_bbp_topic_count_hidden":0,"_bbp_reply_count_hidden":0,"_bbp_forum_subforum_count":0,"_monsterinsights_skip_tracking":false,"_monsterinsights_sitenote_active":false,"_monsterinsights_sitenote_note":"","_monsterinsights_sitenote_category":0,"footnotes":""},"class_list":["post-46289","page","type-page","status-publish","hentry"],"yoast_head":"<!-- This site is optimized with the Yoast SEO plugin v25.8 - https:\/\/yoast.com\/wordpress\/plugins\/seo\/ -->\n<title>Lectura 3: Por si se va la luz - tULEctura<\/title>\n<meta name=\"robots\" content=\"index, follow, max-snippet:-1, max-image-preview:large, max-video-preview:-1\" \/>\n<link rel=\"canonical\" href=\"https:\/\/bibliotecas.unileon.es\/tULEctura\/pagina-ejemplo\/curso-2018-2019\/lectura-3-por-si-se-va-la-luz\/\" \/>\n<meta property=\"og:locale\" content=\"es_ES\" \/>\n<meta property=\"og:type\" content=\"article\" \/>\n<meta property=\"og:title\" content=\"Lectura 3: Por si se va la luz - tULEctura\" \/>\n<meta property=\"og:description\" content=\"\u00a0\u00abPor si se va la luz\u00bb, de\u00a0 Lara Moreno Moreno, Lara (1978-) Por si se va la luz \/ Lara Moreno Barcelona : Lumen , 2013 323 p. ; 23 cm Narrativa 978-84-264-2235-4 Calendario 8 de noviembre de 2018: Coloquio participativo de gu\u00eda a la lectura. 15 de noviembre de 2018: Coloquio participativo de los [&hellip;]\" \/>\n<meta property=\"og:url\" content=\"https:\/\/bibliotecas.unileon.es\/tULEctura\/pagina-ejemplo\/curso-2018-2019\/lectura-3-por-si-se-va-la-luz\/\" \/>\n<meta property=\"og:site_name\" content=\"tULEctura\" \/>\n<meta property=\"article:publisher\" content=\"https:\/\/www.facebook.com\/tulectura.unileon\/\" \/>\n<meta property=\"article:modified_time\" content=\"2018-12-13T08:41:48+00:00\" \/>\n<meta property=\"og:image\" content=\"https:\/\/bibliotecas.unileon.es\/tULEctura\/files\/2018\/06\/por-si-se-va-la-luz.jpg\" \/>\n\t<meta property=\"og:image:width\" content=\"200\" \/>\n\t<meta property=\"og:image:height\" content=\"300\" \/>\n\t<meta property=\"og:image:type\" content=\"image\/jpeg\" \/>\n<meta name=\"twitter:card\" content=\"summary_large_image\" \/>\n<meta name=\"twitter:site\" content=\"@tULEctura_ULE\" \/>\n<meta name=\"twitter:label1\" content=\"Tiempo de lectura\" \/>\n\t<meta name=\"twitter:data1\" content=\"2 minutos\" \/>\n<script type=\"application\/ld+json\" class=\"yoast-schema-graph\">{\"@context\":\"https:\/\/schema.org\",\"@graph\":[{\"@type\":\"WebPage\",\"@id\":\"https:\/\/bibliotecas.unileon.es\/tULEctura\/pagina-ejemplo\/curso-2018-2019\/lectura-3-por-si-se-va-la-luz\/\",\"url\":\"https:\/\/bibliotecas.unileon.es\/tULEctura\/pagina-ejemplo\/curso-2018-2019\/lectura-3-por-si-se-va-la-luz\/\",\"name\":\"Lectura 3: Por si se va la luz - tULEctura\",\"isPartOf\":{\"@id\":\"https:\/\/bibliotecas.unileon.es\/tULEctura\/#website\"},\"primaryImageOfPage\":{\"@id\":\"https:\/\/bibliotecas.unileon.es\/tULEctura\/pagina-ejemplo\/curso-2018-2019\/lectura-3-por-si-se-va-la-luz\/#primaryimage\"},\"image\":{\"@id\":\"https:\/\/bibliotecas.unileon.es\/tULEctura\/pagina-ejemplo\/curso-2018-2019\/lectura-3-por-si-se-va-la-luz\/#primaryimage\"},\"thumbnailUrl\":\"http:\/\/bibliotecas.unileon.es\/tULEctura\/files\/2018\/06\/por-si-se-va-la-luz.jpg\",\"datePublished\":\"2018-06-20T08:00:57+00:00\",\"dateModified\":\"2018-12-13T08:41:48+00:00\",\"breadcrumb\":{\"@id\":\"https:\/\/bibliotecas.unileon.es\/tULEctura\/pagina-ejemplo\/curso-2018-2019\/lectura-3-por-si-se-va-la-luz\/#breadcrumb\"},\"inLanguage\":\"es\",\"potentialAction\":[{\"@type\":\"ReadAction\",\"target\":[\"https:\/\/bibliotecas.unileon.es\/tULEctura\/pagina-ejemplo\/curso-2018-2019\/lectura-3-por-si-se-va-la-luz\/\"]}]},{\"@type\":\"ImageObject\",\"inLanguage\":\"es\",\"@id\":\"https:\/\/bibliotecas.unileon.es\/tULEctura\/pagina-ejemplo\/curso-2018-2019\/lectura-3-por-si-se-va-la-luz\/#primaryimage\",\"url\":\"https:\/\/bibliotecas.unileon.es\/tULEctura\/files\/2018\/06\/por-si-se-va-la-luz.jpg\",\"contentUrl\":\"https:\/\/bibliotecas.unileon.es\/tULEctura\/files\/2018\/06\/por-si-se-va-la-luz.jpg\",\"width\":\"200\",\"height\":\"300\",\"caption\":\"\u201cPor si se va la luz\u201d, de Lara Moreno\"},{\"@type\":\"BreadcrumbList\",\"@id\":\"https:\/\/bibliotecas.unileon.es\/tULEctura\/pagina-ejemplo\/curso-2018-2019\/lectura-3-por-si-se-va-la-luz\/#breadcrumb\",\"itemListElement\":[{\"@type\":\"ListItem\",\"position\":1,\"name\":\"Home\",\"item\":\"https:\/\/bibliotecas.unileon.es\/tULEctura\/\"},{\"@type\":\"ListItem\",\"position\":2,\"name\":\"Club de Lectura\",\"item\":\"https:\/\/bibliotecas.unileon.es\/tULEctura\/pagina-ejemplo\/\"},{\"@type\":\"ListItem\",\"position\":3,\"name\":\"Curso 2018-2019\",\"item\":\"https:\/\/bibliotecas.unileon.es\/tULEctura\/pagina-ejemplo\/curso-2018-2019\/\"},{\"@type\":\"ListItem\",\"position\":4,\"name\":\"Lectura 3: Por si se va la luz\"}]},{\"@type\":\"WebSite\",\"@id\":\"https:\/\/bibliotecas.unileon.es\/tULEctura\/#website\",\"url\":\"https:\/\/bibliotecas.unileon.es\/tULEctura\/\",\"name\":\"tULEctura\",\"description\":\"Espacio de la Universidad de Le\u00f3n dedicado a la lectura\",\"publisher\":{\"@id\":\"https:\/\/bibliotecas.unileon.es\/tULEctura\/#organization\"},\"potentialAction\":[{\"@type\":\"SearchAction\",\"target\":{\"@type\":\"EntryPoint\",\"urlTemplate\":\"https:\/\/bibliotecas.unileon.es\/tULEctura\/?s={search_term_string}\"},\"query-input\":{\"@type\":\"PropertyValueSpecification\",\"valueRequired\":true,\"valueName\":\"search_term_string\"}}],\"inLanguage\":\"es\"},{\"@type\":\"Organization\",\"@id\":\"https:\/\/bibliotecas.unileon.es\/tULEctura\/#organization\",\"name\":\"Universidad de Le\u00f3n\",\"url\":\"https:\/\/bibliotecas.unileon.es\/tULEctura\/\",\"logo\":{\"@type\":\"ImageObject\",\"inLanguage\":\"es\",\"@id\":\"https:\/\/bibliotecas.unileon.es\/tULEctura\/#\/schema\/logo\/image\/\",\"url\":\"https:\/\/bibliotecas.unileon.es\/tULEctura\/files\/2018\/08\/TULECTURA_LOGO1.png\",\"contentUrl\":\"https:\/\/bibliotecas.unileon.es\/tULEctura\/files\/2018\/08\/TULECTURA_LOGO1.png\",\"width\":\"960\",\"height\":\"258\",\"caption\":\"Universidad de Le\u00f3n\"},\"image\":{\"@id\":\"https:\/\/bibliotecas.unileon.es\/tULEctura\/#\/schema\/logo\/image\/\"},\"sameAs\":[\"https:\/\/www.facebook.com\/tulectura.unileon\/\",\"https:\/\/x.com\/tULEctura_ULE\",\"https:\/\/www.instagram.com\/tulectura.unileon\/\",\"https:\/\/www.pinterest.es\/tulectura\/\",\"https:\/\/www.youtube.com\/channel\/UCoWaDD39lVlAQcOchwlTPVw\"]}]}<\/script>\n<!-- \/ Yoast SEO plugin. -->","yoast_head_json":{"title":"Lectura 3: Por si se va la luz - tULEctura","robots":{"index":"index","follow":"follow","max-snippet":"max-snippet:-1","max-image-preview":"max-image-preview:large","max-video-preview":"max-video-preview:-1"},"canonical":"https:\/\/bibliotecas.unileon.es\/tULEctura\/pagina-ejemplo\/curso-2018-2019\/lectura-3-por-si-se-va-la-luz\/","og_locale":"es_ES","og_type":"article","og_title":"Lectura 3: Por si se va la luz - tULEctura","og_description":"\u00a0\u00abPor si se va la luz\u00bb, de\u00a0 Lara Moreno Moreno, Lara (1978-) Por si se va la luz \/ Lara Moreno Barcelona : Lumen , 2013 323 p. ; 23 cm Narrativa 978-84-264-2235-4 Calendario 8 de noviembre de 2018: Coloquio participativo de gu\u00eda a la lectura. 15 de noviembre de 2018: Coloquio participativo de los [&hellip;]","og_url":"https:\/\/bibliotecas.unileon.es\/tULEctura\/pagina-ejemplo\/curso-2018-2019\/lectura-3-por-si-se-va-la-luz\/","og_site_name":"tULEctura","article_publisher":"https:\/\/www.facebook.com\/tulectura.unileon\/","article_modified_time":"2018-12-13T08:41:48+00:00","og_image":[{"width":200,"height":300,"url":"https:\/\/bibliotecas.unileon.es\/tULEctura\/files\/2018\/06\/por-si-se-va-la-luz.jpg","type":"image\/jpeg"}],"twitter_card":"summary_large_image","twitter_site":"@tULEctura_ULE","twitter_misc":{"Tiempo de lectura":"2 minutos"},"schema":{"@context":"https:\/\/schema.org","@graph":[{"@type":"WebPage","@id":"https:\/\/bibliotecas.unileon.es\/tULEctura\/pagina-ejemplo\/curso-2018-2019\/lectura-3-por-si-se-va-la-luz\/","url":"https:\/\/bibliotecas.unileon.es\/tULEctura\/pagina-ejemplo\/curso-2018-2019\/lectura-3-por-si-se-va-la-luz\/","name":"Lectura 3: Por si se va la luz - tULEctura","isPartOf":{"@id":"https:\/\/bibliotecas.unileon.es\/tULEctura\/#website"},"primaryImageOfPage":{"@id":"https:\/\/bibliotecas.unileon.es\/tULEctura\/pagina-ejemplo\/curso-2018-2019\/lectura-3-por-si-se-va-la-luz\/#primaryimage"},"image":{"@id":"https:\/\/bibliotecas.unileon.es\/tULEctura\/pagina-ejemplo\/curso-2018-2019\/lectura-3-por-si-se-va-la-luz\/#primaryimage"},"thumbnailUrl":"http:\/\/bibliotecas.unileon.es\/tULEctura\/files\/2018\/06\/por-si-se-va-la-luz.jpg","datePublished":"2018-06-20T08:00:57+00:00","dateModified":"2018-12-13T08:41:48+00:00","breadcrumb":{"@id":"https:\/\/bibliotecas.unileon.es\/tULEctura\/pagina-ejemplo\/curso-2018-2019\/lectura-3-por-si-se-va-la-luz\/#breadcrumb"},"inLanguage":"es","potentialAction":[{"@type":"ReadAction","target":["https:\/\/bibliotecas.unileon.es\/tULEctura\/pagina-ejemplo\/curso-2018-2019\/lectura-3-por-si-se-va-la-luz\/"]}]},{"@type":"ImageObject","inLanguage":"es","@id":"https:\/\/bibliotecas.unileon.es\/tULEctura\/pagina-ejemplo\/curso-2018-2019\/lectura-3-por-si-se-va-la-luz\/#primaryimage","url":"https:\/\/bibliotecas.unileon.es\/tULEctura\/files\/2018\/06\/por-si-se-va-la-luz.jpg","contentUrl":"https:\/\/bibliotecas.unileon.es\/tULEctura\/files\/2018\/06\/por-si-se-va-la-luz.jpg","width":"200","height":"300","caption":"\u201cPor si se va la luz\u201d, de Lara Moreno"},{"@type":"BreadcrumbList","@id":"https:\/\/bibliotecas.unileon.es\/tULEctura\/pagina-ejemplo\/curso-2018-2019\/lectura-3-por-si-se-va-la-luz\/#breadcrumb","itemListElement":[{"@type":"ListItem","position":1,"name":"Home","item":"https:\/\/bibliotecas.unileon.es\/tULEctura\/"},{"@type":"ListItem","position":2,"name":"Club de Lectura","item":"https:\/\/bibliotecas.unileon.es\/tULEctura\/pagina-ejemplo\/"},{"@type":"ListItem","position":3,"name":"Curso 2018-2019","item":"https:\/\/bibliotecas.unileon.es\/tULEctura\/pagina-ejemplo\/curso-2018-2019\/"},{"@type":"ListItem","position":4,"name":"Lectura 3: Por si se va la luz"}]},{"@type":"WebSite","@id":"https:\/\/bibliotecas.unileon.es\/tULEctura\/#website","url":"https:\/\/bibliotecas.unileon.es\/tULEctura\/","name":"tULEctura","description":"Espacio de la Universidad de Le\u00f3n dedicado a la lectura","publisher":{"@id":"https:\/\/bibliotecas.unileon.es\/tULEctura\/#organization"},"potentialAction":[{"@type":"SearchAction","target":{"@type":"EntryPoint","urlTemplate":"https:\/\/bibliotecas.unileon.es\/tULEctura\/?s={search_term_string}"},"query-input":{"@type":"PropertyValueSpecification","valueRequired":true,"valueName":"search_term_string"}}],"inLanguage":"es"},{"@type":"Organization","@id":"https:\/\/bibliotecas.unileon.es\/tULEctura\/#organization","name":"Universidad de Le\u00f3n","url":"https:\/\/bibliotecas.unileon.es\/tULEctura\/","logo":{"@type":"ImageObject","inLanguage":"es","@id":"https:\/\/bibliotecas.unileon.es\/tULEctura\/#\/schema\/logo\/image\/","url":"https:\/\/bibliotecas.unileon.es\/tULEctura\/files\/2018\/08\/TULECTURA_LOGO1.png","contentUrl":"https:\/\/bibliotecas.unileon.es\/tULEctura\/files\/2018\/08\/TULECTURA_LOGO1.png","width":"960","height":"258","caption":"Universidad de Le\u00f3n"},"image":{"@id":"https:\/\/bibliotecas.unileon.es\/tULEctura\/#\/schema\/logo\/image\/"},"sameAs":["https:\/\/www.facebook.com\/tulectura.unileon\/","https:\/\/x.com\/tULEctura_ULE","https:\/\/www.instagram.com\/tulectura.unileon\/","https:\/\/www.pinterest.es\/tulectura\/","https:\/\/www.youtube.com\/channel\/UCoWaDD39lVlAQcOchwlTPVw"]}]}},"_links":{"self":[{"href":"https:\/\/bibliotecas.unileon.es\/tULEctura\/wp-json\/wp\/v2\/pages\/46289","targetHints":{"allow":["GET"]}}],"collection":[{"href":"https:\/\/bibliotecas.unileon.es\/tULEctura\/wp-json\/wp\/v2\/pages"}],"about":[{"href":"https:\/\/bibliotecas.unileon.es\/tULEctura\/wp-json\/wp\/v2\/types\/page"}],"author":[{"embeddable":true,"href":"https:\/\/bibliotecas.unileon.es\/tULEctura\/wp-json\/wp\/v2\/users\/73"}],"replies":[{"embeddable":true,"href":"https:\/\/bibliotecas.unileon.es\/tULEctura\/wp-json\/wp\/v2\/comments?post=46289"}],"version-history":[{"count":1,"href":"https:\/\/bibliotecas.unileon.es\/tULEctura\/wp-json\/wp\/v2\/pages\/46289\/revisions"}],"predecessor-version":[{"id":46298,"href":"https:\/\/bibliotecas.unileon.es\/tULEctura\/wp-json\/wp\/v2\/pages\/46289\/revisions\/46298"}],"up":[{"embeddable":true,"href":"https:\/\/bibliotecas.unileon.es\/tULEctura\/wp-json\/wp\/v2\/pages\/46286"}],"wp:attachment":[{"href":"https:\/\/bibliotecas.unileon.es\/tULEctura\/wp-json\/wp\/v2\/media?parent=46289"}],"curies":[{"name":"wp","href":"https:\/\/api.w.org\/{rel}","templated":true}]}}