{"id":46290,"date":"2018-06-20T10:00:27","date_gmt":"2018-06-20T08:00:27","guid":{"rendered":"http:\/\/bibliotecas.unileon.es\/tULEctura\/?page_id=46290"},"modified":"2019-01-21T19:44:42","modified_gmt":"2019-01-21T18:44:42","slug":"lectura-4-las-madres-negras","status":"publish","type":"page","link":"https:\/\/bibliotecas.unileon.es\/tULEctura\/pagina-ejemplo\/curso-2018-2019\/lectura-4-las-madres-negras\/","title":{"rendered":"Lectura 4: Las madres negras"},"content":{"rendered":"<h3 style=\"text-align: center;\"><span style=\"color: #db1d1d;\"><em>\u00abLas madres negras\u00bb<\/em>, \u00a0de Patricia Esteban Erl\u00e9s<\/span><\/h3>\n<p><img loading=\"lazy\" decoding=\"async\" class=\"alignright wp-image-46300\" src=\"http:\/\/bibliotecas.unileon.es\/tULEctura\/files\/2018\/06\/madres.jpg\" alt=\"\" width=\"181\" height=\"300\" \/><\/p>\n<pre class=\"field\"><span style=\"color: #db1d1d;\"><span class=\"text\">Esteban Erl\u00e9s, Patricia ( 1972- ) <\/span>\r\n<span class=\"text\">Las Madres negras \/ Patricia Esteban Erl\u00e9s\r\n<\/span>Barcelona : Galaxia Gutenberg, 2018\r\n<span class=\"text\">218 p\u00e1ginas ; 22 cm<\/span>\r\nNarrativa; 176\r\n<strong><span class=\"text\"><em>IV Premio Dos Passos a la Primera Novela, 2017\u00a0<\/em><\/span><\/strong>\r\n<span class=\"text\">9788417088828\r\n\r\n<\/span><\/span><\/pre>\n<p><strong>Calendario<\/strong><\/p>\n<ul>\n<li>29 de Noviembre de 2018:<strong> <a href=\"http:\/\/bibliotecas.unileon.es\/tULEctura\/2018\/11\/29\/guia-a-la-lectura-las-madres-negras\/\" target=\"_blank\" rel=\"noopener\">Coloquio participativo de gu\u00eda a la lectura.<\/a><\/strong><\/li>\n<li>13 de Diciembre de 2018: <strong><a href=\"http:\/\/bibliotecas.unileon.es\/tULEctura\/2018\/12\/14\/las-madres-negras-coloquio-de-los-socios\/\" target=\"_blank\" rel=\"noopener\">Coloquio participativo de los socios.<\/a><\/strong><\/li>\n<li>18 de Diciembre de 2018: <a href=\"https:\/\/videos.unileon.es\/video\/1954\" target=\"_blank\" rel=\"noopener\"><strong>Encuentro de los socios con Patricia Esteban Erl\u00e9s (v\u00eddeo)<\/strong><\/a><\/li>\n<\/ul>\n<p><strong>Lugar y horario<\/strong><\/p>\n<p>Los encuentros de esta \u00a0lectura tendr\u00e1n lugar en la sala de conferencias de la Biblioteca General San Isidoro a las 19:00 horas.\u00a0<strong>Se ruega puntualidad<\/strong>.<\/p>\n<p><span style=\"color: #db1d1d;\"><strong>La obra<\/strong> (informaci\u00f3n de la editorial)<\/span><\/p>\n<p style=\"text-align: justify;\">En el convento de Santa Vela vive recluido un grupo de ni\u00f1as hu\u00e9rfanas, v\u00edctimas de destinos oscuros y malhadados. Quienes las han llevado hasta all\u00ed para buscarles un futuro mejor ignoran que el convento est\u00e1 regido por la hermana Priscia, una mujer que solo entiende la entrega a Dios desde el fanatismo ideol\u00f3gico y el castigo del cuerpo y del alma. Ese universo cerrado parece obedecer en todo a la hermana Priscia hasta que una de las ni\u00f1as, de nombre Mida, anuncia que Dios se le ha aparecido para decirle que \u00c9l no existe.<br \/>\nCon estos mimbres, Patricia Esteban Erl\u00e9s construye una novela llena de sensibilidad, profunda y cautivadora sobre la relaci\u00f3n entre creencia y conocimiento, ciencia y fe, fanatismo y raz\u00f3n, con el conflicto siempre latente entre el mundo de los adultos y el de la infancia. Esta novela de Patricia Esteban Erl\u00e9s, conocida hasta ahora por la extraordinaria calidad de sus cuentos, mereci\u00f3 el IV Premio Dos Passos concedido por unanimidad por un jurado compuesto por Pilar Ad\u00f3n, Marcos Giralt Torrente, Manuel Longares, Fernando Mar\u00edas, In\u00e9s Mart\u00edn Rodrigo, Clara S\u00e1nchez y Santos Sanz Villanueva.<\/p>\n<p><span style=\"color: #db1d1d;\"><strong>La autora<\/strong> (informaci\u00f3n de la editorial)<\/span><\/p>\n<p style=\"text-align: justify;\"><strong><span style=\"color: #db1d1d;\">Patricia Esteban Erl\u00e9s<\/span><\/strong> (Zaragoza, 1972) es profesora y columnista en Heraldo de Arag\u00f3n. Ha publicado hasta el momento tres libros de cuentos. El primero de ellos,\u00a0<em>Manderley en venta<\/em>\u00a0(2008), obtuvo el Premio de Narraci\u00f3n Breve de la Universidad de Zaragoza en 2007 y fue seleccionado en el V Premio Setenil, como uno de los diez mejores libros de relatos editados en Espa\u00f1a en el a\u00f1o 2008. Su segundo libro,<em>\u00a0Abierto para fantoches<\/em>\u00a0(2008), gan\u00f3 el XXII Premio de Narrativa Santa Isabel de Arag\u00f3n, Reina de Portugal. En 2010 publica su tercer libro de cuentos,\u00a0<em>Azul ruso<\/em>\u00a0(P\u00e1ginas de Espuma), que tambi\u00e9n estuvo seleccionado como uno de los candidatos al Premio Setenil.<br \/>\nEn 2012 public\u00f3<em>\u00a0Casa de Mu\u00f1ecas<\/em>\u00a0(P\u00e1ginas de Espuma), su primer libro de microrrelatos, ilustrado por Sara Morante. Varios de sus cuentos han sido antologados en vol\u00famenes tem\u00e1ticos como\u00a0<em>Vivo o muerto\u00a0<\/em>(2008),\u00a0<em>Perturbaciones<\/em>\u00a0(2009) y\u00a0<em>22 escarabajos\u00a0<\/em>(P\u00e1ginas de Espuma, 2009), y en antolog\u00edas como\u00a0<em>Peque\u00f1as Resistencias 5. Antolog\u00eda\u00a0<\/em><em>del nuevo cuento espa\u00f1o<\/em>l (P\u00e1ginas de Espuma, 2010) y\u00a0<em>Madrid Negro<\/em>(Siruela, 2016).<\/p>\n<p><span style=\"color: #db1d1d;\"><strong>Puedes empezar a leer\u00a0 la obra\u00a0<em><span style=\"color: #db1d1d;\"><a style=\"color: #db1d1d;\" href=\"http:\/\/bibliotecas.unileon.es\/tULEctura\/files\/2018\/06\/Las-madres-negras.pdf\" class=\"mtli_attachment mtli_pdf\">\u00abLas madres negras\u00bb<\/a>\u00a0<\/span><\/em><span style=\"color: #db1d1d;\">de\u00a0 Patricia Esteban Erl\u00e9s<\/span><\/strong><\/span><\/p>\n","protected":false},"excerpt":{"rendered":"<p>\u00abLas madres negras\u00bb, \u00a0de Patricia Esteban Erl\u00e9s Esteban Erl\u00e9s, Patricia ( 1972- ) Las Madres negras \/ Patricia Esteban Erl\u00e9s Barcelona : Galaxia Gutenberg, 2018 218 p\u00e1ginas ; 22 cm Narrativa; 176 IV Premio Dos Passos a la Primera Novela, 2017\u00a0 9788417088828 Calendario 29 de Noviembre de 2018: Coloquio participativo de gu\u00eda a la lectura. [&hellip;]<\/p>\n","protected":false},"author":73,"featured_media":0,"parent":46286,"menu_order":4,"comment_status":"closed","ping_status":"closed","template":"","meta":{"_bbp_topic_count":0,"_bbp_reply_count":0,"_bbp_total_topic_count":0,"_bbp_total_reply_count":0,"_bbp_voice_count":0,"_bbp_anonymous_reply_count":0,"_bbp_topic_count_hidden":0,"_bbp_reply_count_hidden":0,"_bbp_forum_subforum_count":0,"_monsterinsights_skip_tracking":false,"_monsterinsights_sitenote_active":false,"_monsterinsights_sitenote_note":"","_monsterinsights_sitenote_category":0,"footnotes":""},"class_list":["post-46290","page","type-page","status-publish","hentry"],"yoast_head":"<!-- This site is optimized with the Yoast SEO plugin v25.8 - https:\/\/yoast.com\/wordpress\/plugins\/seo\/ -->\n<title>Lectura 4: Las madres negras - tULEctura<\/title>\n<meta name=\"robots\" content=\"index, follow, max-snippet:-1, max-image-preview:large, max-video-preview:-1\" \/>\n<link rel=\"canonical\" href=\"https:\/\/bibliotecas.unileon.es\/tULEctura\/pagina-ejemplo\/curso-2018-2019\/lectura-4-las-madres-negras\/\" \/>\n<meta property=\"og:locale\" content=\"es_ES\" \/>\n<meta property=\"og:type\" content=\"article\" \/>\n<meta property=\"og:title\" content=\"Lectura 4: Las madres negras - tULEctura\" \/>\n<meta property=\"og:description\" content=\"\u00abLas madres negras\u00bb, \u00a0de Patricia Esteban Erl\u00e9s Esteban Erl\u00e9s, Patricia ( 1972- ) Las Madres negras \/ Patricia Esteban Erl\u00e9s Barcelona : Galaxia Gutenberg, 2018 218 p\u00e1ginas ; 22 cm Narrativa; 176 IV Premio Dos Passos a la Primera Novela, 2017\u00a0 9788417088828 Calendario 29 de Noviembre de 2018: Coloquio participativo de gu\u00eda a la lectura. [&hellip;]\" \/>\n<meta property=\"og:url\" content=\"https:\/\/bibliotecas.unileon.es\/tULEctura\/pagina-ejemplo\/curso-2018-2019\/lectura-4-las-madres-negras\/\" \/>\n<meta property=\"og:site_name\" content=\"tULEctura\" \/>\n<meta property=\"article:publisher\" content=\"https:\/\/www.facebook.com\/tulectura.unileon\/\" \/>\n<meta property=\"article:modified_time\" content=\"2019-01-21T18:44:42+00:00\" \/>\n<meta property=\"og:image\" content=\"https:\/\/bibliotecas.unileon.es\/tULEctura\/files\/2018\/06\/madres.jpg\" \/>\n\t<meta property=\"og:image:width\" content=\"174\" \/>\n\t<meta property=\"og:image:height\" content=\"289\" \/>\n\t<meta property=\"og:image:type\" content=\"image\/jpeg\" \/>\n<meta name=\"twitter:card\" content=\"summary_large_image\" \/>\n<meta name=\"twitter:site\" content=\"@tULEctura_ULE\" \/>\n<meta name=\"twitter:label1\" content=\"Tiempo de lectura\" \/>\n\t<meta name=\"twitter:data1\" content=\"3 minutos\" \/>\n<script type=\"application\/ld+json\" class=\"yoast-schema-graph\">{\"@context\":\"https:\/\/schema.org\",\"@graph\":[{\"@type\":\"WebPage\",\"@id\":\"https:\/\/bibliotecas.unileon.es\/tULEctura\/pagina-ejemplo\/curso-2018-2019\/lectura-4-las-madres-negras\/\",\"url\":\"https:\/\/bibliotecas.unileon.es\/tULEctura\/pagina-ejemplo\/curso-2018-2019\/lectura-4-las-madres-negras\/\",\"name\":\"Lectura 4: Las madres negras - tULEctura\",\"isPartOf\":{\"@id\":\"https:\/\/bibliotecas.unileon.es\/tULEctura\/#website\"},\"primaryImageOfPage\":{\"@id\":\"https:\/\/bibliotecas.unileon.es\/tULEctura\/pagina-ejemplo\/curso-2018-2019\/lectura-4-las-madres-negras\/#primaryimage\"},\"image\":{\"@id\":\"https:\/\/bibliotecas.unileon.es\/tULEctura\/pagina-ejemplo\/curso-2018-2019\/lectura-4-las-madres-negras\/#primaryimage\"},\"thumbnailUrl\":\"http:\/\/bibliotecas.unileon.es\/tULEctura\/files\/2018\/06\/madres.jpg\",\"datePublished\":\"2018-06-20T08:00:27+00:00\",\"dateModified\":\"2019-01-21T18:44:42+00:00\",\"breadcrumb\":{\"@id\":\"https:\/\/bibliotecas.unileon.es\/tULEctura\/pagina-ejemplo\/curso-2018-2019\/lectura-4-las-madres-negras\/#breadcrumb\"},\"inLanguage\":\"es\",\"potentialAction\":[{\"@type\":\"ReadAction\",\"target\":[\"https:\/\/bibliotecas.unileon.es\/tULEctura\/pagina-ejemplo\/curso-2018-2019\/lectura-4-las-madres-negras\/\"]}]},{\"@type\":\"ImageObject\",\"inLanguage\":\"es\",\"@id\":\"https:\/\/bibliotecas.unileon.es\/tULEctura\/pagina-ejemplo\/curso-2018-2019\/lectura-4-las-madres-negras\/#primaryimage\",\"url\":\"https:\/\/bibliotecas.unileon.es\/tULEctura\/files\/2018\/06\/madres.jpg\",\"contentUrl\":\"https:\/\/bibliotecas.unileon.es\/tULEctura\/files\/2018\/06\/madres.jpg\",\"width\":\"174\",\"height\":\"289\",\"caption\":\"\u201cLas madres negras\u201d, de Patricia Esteban Erl\u00e9s\"},{\"@type\":\"BreadcrumbList\",\"@id\":\"https:\/\/bibliotecas.unileon.es\/tULEctura\/pagina-ejemplo\/curso-2018-2019\/lectura-4-las-madres-negras\/#breadcrumb\",\"itemListElement\":[{\"@type\":\"ListItem\",\"position\":1,\"name\":\"Home\",\"item\":\"https:\/\/bibliotecas.unileon.es\/tULEctura\/\"},{\"@type\":\"ListItem\",\"position\":2,\"name\":\"Club de Lectura\",\"item\":\"https:\/\/bibliotecas.unileon.es\/tULEctura\/pagina-ejemplo\/\"},{\"@type\":\"ListItem\",\"position\":3,\"name\":\"Curso 2018-2019\",\"item\":\"https:\/\/bibliotecas.unileon.es\/tULEctura\/pagina-ejemplo\/curso-2018-2019\/\"},{\"@type\":\"ListItem\",\"position\":4,\"name\":\"Lectura 4: Las madres negras\"}]},{\"@type\":\"WebSite\",\"@id\":\"https:\/\/bibliotecas.unileon.es\/tULEctura\/#website\",\"url\":\"https:\/\/bibliotecas.unileon.es\/tULEctura\/\",\"name\":\"tULEctura\",\"description\":\"Espacio de la Universidad de Le\u00f3n dedicado a la lectura\",\"publisher\":{\"@id\":\"https:\/\/bibliotecas.unileon.es\/tULEctura\/#organization\"},\"potentialAction\":[{\"@type\":\"SearchAction\",\"target\":{\"@type\":\"EntryPoint\",\"urlTemplate\":\"https:\/\/bibliotecas.unileon.es\/tULEctura\/?s={search_term_string}\"},\"query-input\":{\"@type\":\"PropertyValueSpecification\",\"valueRequired\":true,\"valueName\":\"search_term_string\"}}],\"inLanguage\":\"es\"},{\"@type\":\"Organization\",\"@id\":\"https:\/\/bibliotecas.unileon.es\/tULEctura\/#organization\",\"name\":\"Universidad de Le\u00f3n\",\"url\":\"https:\/\/bibliotecas.unileon.es\/tULEctura\/\",\"logo\":{\"@type\":\"ImageObject\",\"inLanguage\":\"es\",\"@id\":\"https:\/\/bibliotecas.unileon.es\/tULEctura\/#\/schema\/logo\/image\/\",\"url\":\"https:\/\/bibliotecas.unileon.es\/tULEctura\/files\/2018\/08\/TULECTURA_LOGO1.png\",\"contentUrl\":\"https:\/\/bibliotecas.unileon.es\/tULEctura\/files\/2018\/08\/TULECTURA_LOGO1.png\",\"width\":\"960\",\"height\":\"258\",\"caption\":\"Universidad de Le\u00f3n\"},\"image\":{\"@id\":\"https:\/\/bibliotecas.unileon.es\/tULEctura\/#\/schema\/logo\/image\/\"},\"sameAs\":[\"https:\/\/www.facebook.com\/tulectura.unileon\/\",\"https:\/\/x.com\/tULEctura_ULE\",\"https:\/\/www.instagram.com\/tulectura.unileon\/\",\"https:\/\/www.pinterest.es\/tulectura\/\",\"https:\/\/www.youtube.com\/channel\/UCoWaDD39lVlAQcOchwlTPVw\"]}]}<\/script>\n<!-- \/ Yoast SEO plugin. -->","yoast_head_json":{"title":"Lectura 4: Las madres negras - tULEctura","robots":{"index":"index","follow":"follow","max-snippet":"max-snippet:-1","max-image-preview":"max-image-preview:large","max-video-preview":"max-video-preview:-1"},"canonical":"https:\/\/bibliotecas.unileon.es\/tULEctura\/pagina-ejemplo\/curso-2018-2019\/lectura-4-las-madres-negras\/","og_locale":"es_ES","og_type":"article","og_title":"Lectura 4: Las madres negras - tULEctura","og_description":"\u00abLas madres negras\u00bb, \u00a0de Patricia Esteban Erl\u00e9s Esteban Erl\u00e9s, Patricia ( 1972- ) Las Madres negras \/ Patricia Esteban Erl\u00e9s Barcelona : Galaxia Gutenberg, 2018 218 p\u00e1ginas ; 22 cm Narrativa; 176 IV Premio Dos Passos a la Primera Novela, 2017\u00a0 9788417088828 Calendario 29 de Noviembre de 2018: Coloquio participativo de gu\u00eda a la lectura. [&hellip;]","og_url":"https:\/\/bibliotecas.unileon.es\/tULEctura\/pagina-ejemplo\/curso-2018-2019\/lectura-4-las-madres-negras\/","og_site_name":"tULEctura","article_publisher":"https:\/\/www.facebook.com\/tulectura.unileon\/","article_modified_time":"2019-01-21T18:44:42+00:00","og_image":[{"width":174,"height":289,"url":"https:\/\/bibliotecas.unileon.es\/tULEctura\/files\/2018\/06\/madres.jpg","type":"image\/jpeg"}],"twitter_card":"summary_large_image","twitter_site":"@tULEctura_ULE","twitter_misc":{"Tiempo de lectura":"3 minutos"},"schema":{"@context":"https:\/\/schema.org","@graph":[{"@type":"WebPage","@id":"https:\/\/bibliotecas.unileon.es\/tULEctura\/pagina-ejemplo\/curso-2018-2019\/lectura-4-las-madres-negras\/","url":"https:\/\/bibliotecas.unileon.es\/tULEctura\/pagina-ejemplo\/curso-2018-2019\/lectura-4-las-madres-negras\/","name":"Lectura 4: Las madres negras - tULEctura","isPartOf":{"@id":"https:\/\/bibliotecas.unileon.es\/tULEctura\/#website"},"primaryImageOfPage":{"@id":"https:\/\/bibliotecas.unileon.es\/tULEctura\/pagina-ejemplo\/curso-2018-2019\/lectura-4-las-madres-negras\/#primaryimage"},"image":{"@id":"https:\/\/bibliotecas.unileon.es\/tULEctura\/pagina-ejemplo\/curso-2018-2019\/lectura-4-las-madres-negras\/#primaryimage"},"thumbnailUrl":"http:\/\/bibliotecas.unileon.es\/tULEctura\/files\/2018\/06\/madres.jpg","datePublished":"2018-06-20T08:00:27+00:00","dateModified":"2019-01-21T18:44:42+00:00","breadcrumb":{"@id":"https:\/\/bibliotecas.unileon.es\/tULEctura\/pagina-ejemplo\/curso-2018-2019\/lectura-4-las-madres-negras\/#breadcrumb"},"inLanguage":"es","potentialAction":[{"@type":"ReadAction","target":["https:\/\/bibliotecas.unileon.es\/tULEctura\/pagina-ejemplo\/curso-2018-2019\/lectura-4-las-madres-negras\/"]}]},{"@type":"ImageObject","inLanguage":"es","@id":"https:\/\/bibliotecas.unileon.es\/tULEctura\/pagina-ejemplo\/curso-2018-2019\/lectura-4-las-madres-negras\/#primaryimage","url":"https:\/\/bibliotecas.unileon.es\/tULEctura\/files\/2018\/06\/madres.jpg","contentUrl":"https:\/\/bibliotecas.unileon.es\/tULEctura\/files\/2018\/06\/madres.jpg","width":"174","height":"289","caption":"\u201cLas madres negras\u201d, de Patricia Esteban Erl\u00e9s"},{"@type":"BreadcrumbList","@id":"https:\/\/bibliotecas.unileon.es\/tULEctura\/pagina-ejemplo\/curso-2018-2019\/lectura-4-las-madres-negras\/#breadcrumb","itemListElement":[{"@type":"ListItem","position":1,"name":"Home","item":"https:\/\/bibliotecas.unileon.es\/tULEctura\/"},{"@type":"ListItem","position":2,"name":"Club de Lectura","item":"https:\/\/bibliotecas.unileon.es\/tULEctura\/pagina-ejemplo\/"},{"@type":"ListItem","position":3,"name":"Curso 2018-2019","item":"https:\/\/bibliotecas.unileon.es\/tULEctura\/pagina-ejemplo\/curso-2018-2019\/"},{"@type":"ListItem","position":4,"name":"Lectura 4: Las madres negras"}]},{"@type":"WebSite","@id":"https:\/\/bibliotecas.unileon.es\/tULEctura\/#website","url":"https:\/\/bibliotecas.unileon.es\/tULEctura\/","name":"tULEctura","description":"Espacio de la Universidad de Le\u00f3n dedicado a la lectura","publisher":{"@id":"https:\/\/bibliotecas.unileon.es\/tULEctura\/#organization"},"potentialAction":[{"@type":"SearchAction","target":{"@type":"EntryPoint","urlTemplate":"https:\/\/bibliotecas.unileon.es\/tULEctura\/?s={search_term_string}"},"query-input":{"@type":"PropertyValueSpecification","valueRequired":true,"valueName":"search_term_string"}}],"inLanguage":"es"},{"@type":"Organization","@id":"https:\/\/bibliotecas.unileon.es\/tULEctura\/#organization","name":"Universidad de Le\u00f3n","url":"https:\/\/bibliotecas.unileon.es\/tULEctura\/","logo":{"@type":"ImageObject","inLanguage":"es","@id":"https:\/\/bibliotecas.unileon.es\/tULEctura\/#\/schema\/logo\/image\/","url":"https:\/\/bibliotecas.unileon.es\/tULEctura\/files\/2018\/08\/TULECTURA_LOGO1.png","contentUrl":"https:\/\/bibliotecas.unileon.es\/tULEctura\/files\/2018\/08\/TULECTURA_LOGO1.png","width":"960","height":"258","caption":"Universidad de Le\u00f3n"},"image":{"@id":"https:\/\/bibliotecas.unileon.es\/tULEctura\/#\/schema\/logo\/image\/"},"sameAs":["https:\/\/www.facebook.com\/tulectura.unileon\/","https:\/\/x.com\/tULEctura_ULE","https:\/\/www.instagram.com\/tulectura.unileon\/","https:\/\/www.pinterest.es\/tulectura\/","https:\/\/www.youtube.com\/channel\/UCoWaDD39lVlAQcOchwlTPVw"]}]}},"_links":{"self":[{"href":"https:\/\/bibliotecas.unileon.es\/tULEctura\/wp-json\/wp\/v2\/pages\/46290","targetHints":{"allow":["GET"]}}],"collection":[{"href":"https:\/\/bibliotecas.unileon.es\/tULEctura\/wp-json\/wp\/v2\/pages"}],"about":[{"href":"https:\/\/bibliotecas.unileon.es\/tULEctura\/wp-json\/wp\/v2\/types\/page"}],"author":[{"embeddable":true,"href":"https:\/\/bibliotecas.unileon.es\/tULEctura\/wp-json\/wp\/v2\/users\/73"}],"replies":[{"embeddable":true,"href":"https:\/\/bibliotecas.unileon.es\/tULEctura\/wp-json\/wp\/v2\/comments?post=46290"}],"version-history":[{"count":1,"href":"https:\/\/bibliotecas.unileon.es\/tULEctura\/wp-json\/wp\/v2\/pages\/46290\/revisions"}],"predecessor-version":[{"id":46299,"href":"https:\/\/bibliotecas.unileon.es\/tULEctura\/wp-json\/wp\/v2\/pages\/46290\/revisions\/46299"}],"up":[{"embeddable":true,"href":"https:\/\/bibliotecas.unileon.es\/tULEctura\/wp-json\/wp\/v2\/pages\/46286"}],"wp:attachment":[{"href":"https:\/\/bibliotecas.unileon.es\/tULEctura\/wp-json\/wp\/v2\/media?parent=46290"}],"curies":[{"name":"wp","href":"https:\/\/api.w.org\/{rel}","templated":true}]}}