{"id":47,"date":"2013-10-11T16:03:36","date_gmt":"2013-10-11T14:03:36","guid":{"rendered":"http:\/\/bibliotecas.unileon.es\/tULElectura\/?page_id=47"},"modified":"2018-08-30T09:23:58","modified_gmt":"2018-08-30T07:23:58","slug":"informacion-general","status":"publish","type":"page","link":"https:\/\/bibliotecas.unileon.es\/tULEctura\/informacion-general\/","title":{"rendered":""},"content":{"rendered":"<h1 style=\"text-align: center;\">Prefacio<\/h1>\n<p style=\"text-align: center;\"><strong>Bienvenido a tULEctura, espacio dedicado a la lectura dentro de la \u00a0Universidad de Le\u00f3n.<\/strong><\/p>\n<p style=\"text-align: justify;\">La<span style=\"color: #0000ff;\"><a style=\"color: #0000ff;\" href=\"http:\/\/player.vimeo.com\/video\/27907785\" target=\"_blank\" rel=\"noopener\"> lectur<\/a><img loading=\"lazy\" decoding=\"async\" class=\"alignleft wp-image-62 size-full\" src=\"http:\/\/bibliotecas.unileon.es\/tULEctura\/files\/2013\/10\/gaudi.jpg\" alt=\"gaudi\" width=\"173\" height=\"346\" srcset=\"https:\/\/bibliotecas.unileon.es\/tULEctura\/files\/2013\/10\/gaudi.jpg 173w, https:\/\/bibliotecas.unileon.es\/tULEctura\/files\/2013\/10\/gaudi-150x300.jpg 150w\" sizes=\"auto, (max-width: 173px) 100vw, 173px\" \/><a style=\"color: #0000ff;\" href=\"http:\/\/player.vimeo.com\/video\/27907785\" target=\"_blank\" rel=\"noopener\">a nos acompa\u00f1a<\/a><\/span>\u00a0desde el primero al \u00faltimo de nuestros d\u00edas, si exceptuamos las guardas y las p\u00e1ginas blancas de cortes\u00eda \u00a0que el editor incluye al principio y al final de cada vida-volumen. \u00a0Libros para estudiar, para re\u00edr, para reflexionar, para dejarse \u00a0llevar, para aprender\u2026 siempre para disfrutar.<\/p>\n<p style=\"text-align: justify;\">Hojea y ojea estas p\u00e1ginas y, si te gustan,\u00a0 haz igual que con un libro (subrayar, recomendar, prestar, guardar) y participa con nosotros.\u00a0 Trataremos de ofrecerte todo lo que nos ocurra y se nos \u00a0ocurra relacionado con la lectura.\u00a0 Intentaremos que esta sea una \u00a0obra de escritura colaborativa no s\u00f3lo dirigida al p\u00fablico universitario, sino a cualquier persona interesada en participar de las diferentes formas que ofrecemos.<\/p>\n<p style=\"text-align: justify;\">No nos sigas, acomp\u00e1\u00f1anos y hasta gu\u00edanos, dinos qu\u00e9 te gusta (o no), qu\u00e9 opinas, qu\u00e9 echas en falta. Estamos en la\u00a0 <span style=\"color: #0000ff;\"><a style=\"color: #0000ff;\" href=\"http:\/\/biblioteca.unileon.es\/\" target=\"_blank\" rel=\"noopener\">Biblioteca de la Universidad de Le\u00f3n<\/a><\/span>. Puedes venir a vernos a la Biblioteca Central o preguntar por nosotros en la biblioteca de tu centro.<\/p>\n<h1 style=\"text-align: center;\">\u00a1Ven con nosotros!<\/h1>\n<p style=\"text-align: center;\"><em><strong><span style=\"color: #0000ff;\">\u00abSi no tardas mucho, te esperaremos toda la vida\u00bb<\/span><\/strong><\/em><span style=\"color: #0000ff;\"><br \/>\n<\/span><i>(<\/i>Gwendolen<i> en &#8216;La importancia de llamarse Ernesto&#8217; de Oscar Wilde. A<\/i>cto 3, escena 3<i>)<\/i><\/p>\n","protected":false},"excerpt":{"rendered":"<p>Prefacio Bienvenido a tULEctura, espacio dedicado a la lectura dentro de la \u00a0Universidad de Le\u00f3n. La lectura nos acompa\u00f1a\u00a0desde el primero al \u00faltimo de nuestros d\u00edas, si exceptuamos las guardas y las p\u00e1ginas blancas de cortes\u00eda \u00a0que el editor incluye al principio y al final de cada vida-volumen. \u00a0Libros para estudiar, para re\u00edr, para reflexionar, [&hellip;]<\/p>\n","protected":false},"author":73,"featured_media":0,"parent":0,"menu_order":0,"comment_status":"closed","ping_status":"closed","template":"","meta":{"_bbp_topic_count":0,"_bbp_reply_count":0,"_bbp_total_topic_count":0,"_bbp_total_reply_count":0,"_bbp_voice_count":0,"_bbp_anonymous_reply_count":0,"_bbp_topic_count_hidden":0,"_bbp_reply_count_hidden":0,"_bbp_forum_subforum_count":0,"_monsterinsights_skip_tracking":false,"_monsterinsights_sitenote_active":false,"_monsterinsights_sitenote_note":"","_monsterinsights_sitenote_category":0,"footnotes":""},"class_list":["post-47","page","type-page","status-publish","hentry"],"yoast_head":"<!-- This site is optimized with the Yoast SEO plugin v25.8 - https:\/\/yoast.com\/wordpress\/plugins\/seo\/ -->\n<title>- tULEctura<\/title>\n<meta name=\"robots\" content=\"index, follow, max-snippet:-1, max-image-preview:large, max-video-preview:-1\" \/>\n<link rel=\"canonical\" href=\"https:\/\/bibliotecas.unileon.es\/tULEctura\/informacion-general\/\" \/>\n<meta property=\"og:locale\" content=\"es_ES\" \/>\n<meta property=\"og:type\" content=\"article\" \/>\n<meta property=\"og:title\" content=\"- tULEctura\" \/>\n<meta property=\"og:description\" content=\"Prefacio Bienvenido a tULEctura, espacio dedicado a la lectura dentro de la \u00a0Universidad de Le\u00f3n. La lectura nos acompa\u00f1a\u00a0desde el primero al \u00faltimo de nuestros d\u00edas, si exceptuamos las guardas y las p\u00e1ginas blancas de cortes\u00eda \u00a0que el editor incluye al principio y al final de cada vida-volumen. \u00a0Libros para estudiar, para re\u00edr, para reflexionar, [&hellip;]\" \/>\n<meta property=\"og:url\" content=\"https:\/\/bibliotecas.unileon.es\/tULEctura\/informacion-general\/\" \/>\n<meta property=\"og:site_name\" content=\"tULEctura\" \/>\n<meta property=\"article:publisher\" content=\"https:\/\/www.facebook.com\/tulectura.unileon\/\" \/>\n<meta property=\"article:modified_time\" content=\"2018-08-30T07:23:58+00:00\" \/>\n<meta property=\"og:image\" content=\"https:\/\/bibliotecas.unileon.es\/tULEctura\/files\/2013\/10\/gaudi.jpg\" \/>\n\t<meta property=\"og:image:width\" content=\"173\" \/>\n\t<meta property=\"og:image:height\" content=\"346\" \/>\n\t<meta property=\"og:image:type\" content=\"image\/jpeg\" \/>\n<meta name=\"twitter:card\" content=\"summary_large_image\" \/>\n<meta name=\"twitter:site\" content=\"@tULEctura_ULE\" \/>\n<meta name=\"twitter:label1\" content=\"Tiempo de lectura\" \/>\n\t<meta name=\"twitter:data1\" content=\"1 minuto\" \/>\n<script type=\"application\/ld+json\" class=\"yoast-schema-graph\">{\"@context\":\"https:\/\/schema.org\",\"@graph\":[{\"@type\":\"WebPage\",\"@id\":\"https:\/\/bibliotecas.unileon.es\/tULEctura\/informacion-general\/\",\"url\":\"https:\/\/bibliotecas.unileon.es\/tULEctura\/informacion-general\/\",\"name\":\"- tULEctura\",\"isPartOf\":{\"@id\":\"https:\/\/bibliotecas.unileon.es\/tULEctura\/#website\"},\"primaryImageOfPage\":{\"@id\":\"https:\/\/bibliotecas.unileon.es\/tULEctura\/informacion-general\/#primaryimage\"},\"image\":{\"@id\":\"https:\/\/bibliotecas.unileon.es\/tULEctura\/informacion-general\/#primaryimage\"},\"thumbnailUrl\":\"http:\/\/bibliotecas.unileon.es\/tULEctura\/files\/2013\/10\/gaudi.jpg\",\"datePublished\":\"2013-10-11T14:03:36+00:00\",\"dateModified\":\"2018-08-30T07:23:58+00:00\",\"inLanguage\":\"es\",\"potentialAction\":[{\"@type\":\"ReadAction\",\"target\":[\"https:\/\/bibliotecas.unileon.es\/tULEctura\/informacion-general\/\"]}]},{\"@type\":\"ImageObject\",\"inLanguage\":\"es\",\"@id\":\"https:\/\/bibliotecas.unileon.es\/tULEctura\/informacion-general\/#primaryimage\",\"url\":\"https:\/\/bibliotecas.unileon.es\/tULEctura\/files\/2013\/10\/gaudi.jpg\",\"contentUrl\":\"https:\/\/bibliotecas.unileon.es\/tULEctura\/files\/2013\/10\/gaudi.jpg\",\"width\":173,\"height\":346},{\"@type\":\"WebSite\",\"@id\":\"https:\/\/bibliotecas.unileon.es\/tULEctura\/#website\",\"url\":\"https:\/\/bibliotecas.unileon.es\/tULEctura\/\",\"name\":\"tULEctura\",\"description\":\"Espacio de la Universidad de Le\u00f3n dedicado a la lectura\",\"publisher\":{\"@id\":\"https:\/\/bibliotecas.unileon.es\/tULEctura\/#organization\"},\"potentialAction\":[{\"@type\":\"SearchAction\",\"target\":{\"@type\":\"EntryPoint\",\"urlTemplate\":\"https:\/\/bibliotecas.unileon.es\/tULEctura\/?s={search_term_string}\"},\"query-input\":{\"@type\":\"PropertyValueSpecification\",\"valueRequired\":true,\"valueName\":\"search_term_string\"}}],\"inLanguage\":\"es\"},{\"@type\":\"Organization\",\"@id\":\"https:\/\/bibliotecas.unileon.es\/tULEctura\/#organization\",\"name\":\"Universidad de Le\u00f3n\",\"url\":\"https:\/\/bibliotecas.unileon.es\/tULEctura\/\",\"logo\":{\"@type\":\"ImageObject\",\"inLanguage\":\"es\",\"@id\":\"https:\/\/bibliotecas.unileon.es\/tULEctura\/#\/schema\/logo\/image\/\",\"url\":\"https:\/\/bibliotecas.unileon.es\/tULEctura\/files\/2018\/08\/TULECTURA_LOGO1.png\",\"contentUrl\":\"https:\/\/bibliotecas.unileon.es\/tULEctura\/files\/2018\/08\/TULECTURA_LOGO1.png\",\"width\":\"960\",\"height\":\"258\",\"caption\":\"Universidad de Le\u00f3n\"},\"image\":{\"@id\":\"https:\/\/bibliotecas.unileon.es\/tULEctura\/#\/schema\/logo\/image\/\"},\"sameAs\":[\"https:\/\/www.facebook.com\/tulectura.unileon\/\",\"https:\/\/x.com\/tULEctura_ULE\",\"https:\/\/www.instagram.com\/tulectura.unileon\/\",\"https:\/\/www.pinterest.es\/tulectura\/\",\"https:\/\/www.youtube.com\/channel\/UCoWaDD39lVlAQcOchwlTPVw\"]}]}<\/script>\n<!-- \/ Yoast SEO plugin. -->","yoast_head_json":{"title":"- tULEctura","robots":{"index":"index","follow":"follow","max-snippet":"max-snippet:-1","max-image-preview":"max-image-preview:large","max-video-preview":"max-video-preview:-1"},"canonical":"https:\/\/bibliotecas.unileon.es\/tULEctura\/informacion-general\/","og_locale":"es_ES","og_type":"article","og_title":"- tULEctura","og_description":"Prefacio Bienvenido a tULEctura, espacio dedicado a la lectura dentro de la \u00a0Universidad de Le\u00f3n. La lectura nos acompa\u00f1a\u00a0desde el primero al \u00faltimo de nuestros d\u00edas, si exceptuamos las guardas y las p\u00e1ginas blancas de cortes\u00eda \u00a0que el editor incluye al principio y al final de cada vida-volumen. \u00a0Libros para estudiar, para re\u00edr, para reflexionar, [&hellip;]","og_url":"https:\/\/bibliotecas.unileon.es\/tULEctura\/informacion-general\/","og_site_name":"tULEctura","article_publisher":"https:\/\/www.facebook.com\/tulectura.unileon\/","article_modified_time":"2018-08-30T07:23:58+00:00","og_image":[{"width":173,"height":346,"url":"https:\/\/bibliotecas.unileon.es\/tULEctura\/files\/2013\/10\/gaudi.jpg","type":"image\/jpeg"}],"twitter_card":"summary_large_image","twitter_site":"@tULEctura_ULE","twitter_misc":{"Tiempo de lectura":"1 minuto"},"schema":{"@context":"https:\/\/schema.org","@graph":[{"@type":"WebPage","@id":"https:\/\/bibliotecas.unileon.es\/tULEctura\/informacion-general\/","url":"https:\/\/bibliotecas.unileon.es\/tULEctura\/informacion-general\/","name":"- tULEctura","isPartOf":{"@id":"https:\/\/bibliotecas.unileon.es\/tULEctura\/#website"},"primaryImageOfPage":{"@id":"https:\/\/bibliotecas.unileon.es\/tULEctura\/informacion-general\/#primaryimage"},"image":{"@id":"https:\/\/bibliotecas.unileon.es\/tULEctura\/informacion-general\/#primaryimage"},"thumbnailUrl":"http:\/\/bibliotecas.unileon.es\/tULEctura\/files\/2013\/10\/gaudi.jpg","datePublished":"2013-10-11T14:03:36+00:00","dateModified":"2018-08-30T07:23:58+00:00","inLanguage":"es","potentialAction":[{"@type":"ReadAction","target":["https:\/\/bibliotecas.unileon.es\/tULEctura\/informacion-general\/"]}]},{"@type":"ImageObject","inLanguage":"es","@id":"https:\/\/bibliotecas.unileon.es\/tULEctura\/informacion-general\/#primaryimage","url":"https:\/\/bibliotecas.unileon.es\/tULEctura\/files\/2013\/10\/gaudi.jpg","contentUrl":"https:\/\/bibliotecas.unileon.es\/tULEctura\/files\/2013\/10\/gaudi.jpg","width":173,"height":346},{"@type":"WebSite","@id":"https:\/\/bibliotecas.unileon.es\/tULEctura\/#website","url":"https:\/\/bibliotecas.unileon.es\/tULEctura\/","name":"tULEctura","description":"Espacio de la Universidad de Le\u00f3n dedicado a la lectura","publisher":{"@id":"https:\/\/bibliotecas.unileon.es\/tULEctura\/#organization"},"potentialAction":[{"@type":"SearchAction","target":{"@type":"EntryPoint","urlTemplate":"https:\/\/bibliotecas.unileon.es\/tULEctura\/?s={search_term_string}"},"query-input":{"@type":"PropertyValueSpecification","valueRequired":true,"valueName":"search_term_string"}}],"inLanguage":"es"},{"@type":"Organization","@id":"https:\/\/bibliotecas.unileon.es\/tULEctura\/#organization","name":"Universidad de Le\u00f3n","url":"https:\/\/bibliotecas.unileon.es\/tULEctura\/","logo":{"@type":"ImageObject","inLanguage":"es","@id":"https:\/\/bibliotecas.unileon.es\/tULEctura\/#\/schema\/logo\/image\/","url":"https:\/\/bibliotecas.unileon.es\/tULEctura\/files\/2018\/08\/TULECTURA_LOGO1.png","contentUrl":"https:\/\/bibliotecas.unileon.es\/tULEctura\/files\/2018\/08\/TULECTURA_LOGO1.png","width":"960","height":"258","caption":"Universidad de Le\u00f3n"},"image":{"@id":"https:\/\/bibliotecas.unileon.es\/tULEctura\/#\/schema\/logo\/image\/"},"sameAs":["https:\/\/www.facebook.com\/tulectura.unileon\/","https:\/\/x.com\/tULEctura_ULE","https:\/\/www.instagram.com\/tulectura.unileon\/","https:\/\/www.pinterest.es\/tulectura\/","https:\/\/www.youtube.com\/channel\/UCoWaDD39lVlAQcOchwlTPVw"]}]}},"_links":{"self":[{"href":"https:\/\/bibliotecas.unileon.es\/tULEctura\/wp-json\/wp\/v2\/pages\/47","targetHints":{"allow":["GET"]}}],"collection":[{"href":"https:\/\/bibliotecas.unileon.es\/tULEctura\/wp-json\/wp\/v2\/pages"}],"about":[{"href":"https:\/\/bibliotecas.unileon.es\/tULEctura\/wp-json\/wp\/v2\/types\/page"}],"author":[{"embeddable":true,"href":"https:\/\/bibliotecas.unileon.es\/tULEctura\/wp-json\/wp\/v2\/users\/73"}],"replies":[{"embeddable":true,"href":"https:\/\/bibliotecas.unileon.es\/tULEctura\/wp-json\/wp\/v2\/comments?post=47"}],"version-history":[{"count":1,"href":"https:\/\/bibliotecas.unileon.es\/tULEctura\/wp-json\/wp\/v2\/pages\/47\/revisions"}],"predecessor-version":[{"id":46577,"href":"https:\/\/bibliotecas.unileon.es\/tULEctura\/wp-json\/wp\/v2\/pages\/47\/revisions\/46577"}],"wp:attachment":[{"href":"https:\/\/bibliotecas.unileon.es\/tULEctura\/wp-json\/wp\/v2\/media?parent=47"}],"curies":[{"name":"wp","href":"https:\/\/api.w.org\/{rel}","templated":true}]}}