{"id":47131,"date":"2019-04-24T20:00:37","date_gmt":"2019-04-24T18:00:37","guid":{"rendered":"http:\/\/bibliotecas.unileon.es\/tULEctura\/?page_id=47131"},"modified":"2019-04-25T14:26:47","modified_gmt":"2019-04-25T12:26:47","slug":"vi-jornadas-riul-literatura-actual","status":"publish","type":"page","link":"https:\/\/bibliotecas.unileon.es\/tULEctura\/actividades\/riul-jornadas\/vi-jornadas-riul-literatura-actual\/","title":{"rendered":"VI Jornadas de la RIUL sobre la Literatura Actual"},"content":{"rendered":"<h2 id=\"te-invitamos-a-asistir-a-las-vi-jornadas-riul-sobre-literatura-actual\" style=\"text-align: center;\"><span style=\"color: #0000ff;\"><img loading=\"lazy\" decoding=\"async\" class=\"aligncenter size-full wp-image-47127\" src=\"http:\/\/bibliotecas.unileon.es\/tULEctura\/files\/2019\/05\/vi-jornadas.jpg\" alt=\"\" width=\"687\" height=\"960\" srcset=\"https:\/\/bibliotecas.unileon.es\/tULEctura\/files\/2019\/05\/vi-jornadas.jpg 687w, https:\/\/bibliotecas.unileon.es\/tULEctura\/files\/2019\/05\/vi-jornadas-215x300.jpg 215w, https:\/\/bibliotecas.unileon.es\/tULEctura\/files\/2019\/05\/vi-jornadas-624x872.jpg 624w\" sizes=\"auto, (max-width: 687px) 100vw, 687px\" \/>Te invitamos a asistir a las VI Jornadas RIUL sobre literatura actual<\/span><\/h2>\n<h4 style=\"text-align: center;\"><span style=\"color: #0000ff;\"><strong>3 al 16 de mayo de 2019<br \/>\nSal\u00f3n de los Reyes (Ayuntamiento de Le\u00f3n). Plaza de San Marcelo, 1<br \/>\n<\/strong><strong>Horario: 19:30 horas\u00a0 \u00a0<\/strong><\/span><\/h4>\n<ul style=\"text-align: justify;\">\n<li><span style=\"color: #0000ff;\">Estudiantes de la universidad, especialistas e interesados en el \u00e1mbito de estudio de la literatura actual\u00a0 (1 Cr\u00e9dito de Libre Configuraci\u00f3n o 1\u20195 ECTS. Aquellos matriculados que quieran obtener los cr\u00e9ditos deber\u00e1n superar una prueba final y asistir (presencialmente o en modalidad on-line), al menos, al 80% de las sesiones).<\/span>\n<ul>\n<li><span style=\"color: #0000ff;\">\u00a0<a style=\"color: #0000ff;\" href=\"http:\/\/extensionuniversitaria.unileon.es\/euniversitaria\/curso.aspx?id=1657\" target=\"_blank\" rel=\"noopener noreferrer\"><strong>PUEDES MATRICULARTE AQU\u00cd<\/strong><\/a>.<\/span><\/li>\n<li><span style=\"color: #0000ff;\"><strong>Asistencia libre de tasas para quien no quiera certificado de cr\u00e9ditos.\u00a0<\/strong><\/span><\/li>\n<\/ul>\n<\/li>\n<li><span style=\"color: #0000ff;\">P\u00fablico en general\u00a0atra\u00eddo por la tem\u00e1tica abordada<strong>. Entrada libre y gratuita.<\/strong><\/span><\/li>\n<\/ul>\n<p style=\"text-align: justify;\"><span style=\"color: #0000ff;\">MODALIDAD presencial o en l\u00ednea:<\/span><\/p>\n<p style=\"text-align: justify;\"><span style=\"color: #0000ff;\"><b>Te interesa<\/b>: La organizaci\u00f3n ofrece la posibilidad, a los matriculados on line y al p\u00fablico en general, de seguir las sesiones en directo a trav\u00e9s de v\u00eddeo streaming. Para ello tan solo es necesario\u00a0 conectarse, a\u00a0\u00a0la \u00a0hora fijada para cada sesi\u00f3n, a la\u00a0<a style=\"color: #0000ff;\" href=\"https:\/\/videos.unileon.es\/\" target=\"_blank\" rel=\"noopener noreferrer\"><strong>p\u00e1gina de v\u00eddeos de la Universidad de Le\u00f3n.<\/strong><\/a><strong>\u00a0\u00a0<\/strong>Despu\u00e9s, nos encargaremos de editar esas grabaciones para que est\u00e9n accesibles a trav\u00e9s dicha p\u00e1gina.<\/span><\/p>\n<p style=\"text-align: justify;\"><span style=\"color: #0000ff;\">\u00bf<strong>Deseas m\u00e1s informaci\u00f3n sobre la organizaci\u00f3n y\u00a0<a style=\"color: #0000ff;\" href=\"http:\/\/extensionuniversitaria.unileon.es\/euniversitaria\/curso.aspx?id=1657\" target=\"_blank\" rel=\"noopener noreferrer\">matr\u00edcula<\/a>?<\/strong><\/span><\/p>\n<p style=\"text-align: justify;\"><span style=\"color: #0000ff;\"><strong>Consulta el\u00a0<a class=\"mtli_attachment mtli_pdf mtli_attachment mtli_pdf\" style=\"color: #0000ff;\" href=\"http:\/\/bibliotecas.unileon.es\/tULEctura\/files\/2019\/05\/TR%C3%8DPTICO-VI-JORNADAS-RIUL-1.pdf\" target=\"_blank\" rel=\"noopener noreferrer\">Tr\u00edptico de las VI Jornadas de la RIUL\u00a0<\/a>\u00a0\u00a0<\/strong><\/span><\/p>\n<p style=\"text-align: justify;\"><span style=\"color: #0000ff;\"><strong>Ay\u00fadanos a difundir el\u00a0<a class=\"mtli_attachment mtli_pdf mtli_attachment mtli_pdf\" style=\"color: #0000ff;\" href=\"http:\/\/bibliotecas.unileon.es\/tULEctura\/files\/2019\/05\/CARTEL-VI-JORNADAS-RIUL-1.pdf\" target=\"_blank\" rel=\"noopener noreferrer\">Cartel de las VI Jornadas de la RIUL sobre la Literatura Actual<\/a><\/strong><\/span><\/p>\n","protected":false},"excerpt":{"rendered":"<p>Te invitamos a asistir a las VI Jornadas RIUL sobre literatura actual 3 al 16 de mayo de 2019 Sal\u00f3n de los Reyes (Ayuntamiento de Le\u00f3n). Plaza de San Marcelo, 1 Horario: 19:30 horas\u00a0 \u00a0 Estudiantes de la universidad, especialistas e interesados en el \u00e1mbito de estudio de la literatura actual\u00a0 (1 Cr\u00e9dito de Libre [&hellip;]<\/p>\n","protected":false},"author":73,"featured_media":0,"parent":47134,"menu_order":14,"comment_status":"closed","ping_status":"closed","template":"","meta":{"_bbp_topic_count":0,"_bbp_reply_count":0,"_bbp_total_topic_count":0,"_bbp_total_reply_count":0,"_bbp_voice_count":0,"_bbp_anonymous_reply_count":0,"_bbp_topic_count_hidden":0,"_bbp_reply_count_hidden":0,"_bbp_forum_subforum_count":0,"_monsterinsights_skip_tracking":false,"_monsterinsights_sitenote_active":false,"_monsterinsights_sitenote_note":"","_monsterinsights_sitenote_category":0,"footnotes":""},"class_list":["post-47131","page","type-page","status-publish","hentry"],"yoast_head":"<!-- This site is optimized with the Yoast SEO plugin v25.8 - https:\/\/yoast.com\/wordpress\/plugins\/seo\/ -->\n<title>VI Jornadas de la RIUL sobre la Literatura Actual - tULEctura<\/title>\n<meta name=\"robots\" content=\"index, follow, max-snippet:-1, max-image-preview:large, max-video-preview:-1\" \/>\n<link rel=\"canonical\" href=\"https:\/\/bibliotecas.unileon.es\/tULEctura\/actividades\/riul-jornadas\/vi-jornadas-riul-literatura-actual\/\" \/>\n<meta property=\"og:locale\" content=\"es_ES\" \/>\n<meta property=\"og:type\" content=\"article\" \/>\n<meta property=\"og:title\" content=\"VI Jornadas de la RIUL sobre la Literatura Actual - tULEctura\" \/>\n<meta property=\"og:description\" content=\"Te invitamos a asistir a las VI Jornadas RIUL sobre literatura actual 3 al 16 de mayo de 2019 Sal\u00f3n de los Reyes (Ayuntamiento de Le\u00f3n). Plaza de San Marcelo, 1 Horario: 19:30 horas\u00a0 \u00a0 Estudiantes de la universidad, especialistas e interesados en el \u00e1mbito de estudio de la literatura actual\u00a0 (1 Cr\u00e9dito de Libre [&hellip;]\" \/>\n<meta property=\"og:url\" content=\"https:\/\/bibliotecas.unileon.es\/tULEctura\/actividades\/riul-jornadas\/vi-jornadas-riul-literatura-actual\/\" \/>\n<meta property=\"og:site_name\" content=\"tULEctura\" \/>\n<meta property=\"article:publisher\" content=\"https:\/\/www.facebook.com\/tulectura.unileon\/\" \/>\n<meta property=\"article:modified_time\" content=\"2019-04-25T12:26:47+00:00\" \/>\n<meta property=\"og:image\" content=\"https:\/\/bibliotecas.unileon.es\/tULEctura\/files\/2019\/05\/vi-jornadas.jpg\" \/>\n\t<meta property=\"og:image:width\" content=\"687\" \/>\n\t<meta property=\"og:image:height\" content=\"960\" \/>\n\t<meta property=\"og:image:type\" content=\"image\/jpeg\" \/>\n<meta name=\"twitter:card\" content=\"summary_large_image\" \/>\n<meta name=\"twitter:site\" content=\"@tULEctura_ULE\" \/>\n<meta name=\"twitter:label1\" content=\"Tiempo de lectura\" \/>\n\t<meta name=\"twitter:data1\" content=\"1 minuto\" \/>\n<script type=\"application\/ld+json\" class=\"yoast-schema-graph\">{\"@context\":\"https:\/\/schema.org\",\"@graph\":[{\"@type\":\"WebPage\",\"@id\":\"https:\/\/bibliotecas.unileon.es\/tULEctura\/actividades\/riul-jornadas\/vi-jornadas-riul-literatura-actual\/\",\"url\":\"https:\/\/bibliotecas.unileon.es\/tULEctura\/actividades\/riul-jornadas\/vi-jornadas-riul-literatura-actual\/\",\"name\":\"VI Jornadas de la RIUL sobre la Literatura Actual - tULEctura\",\"isPartOf\":{\"@id\":\"https:\/\/bibliotecas.unileon.es\/tULEctura\/#website\"},\"primaryImageOfPage\":{\"@id\":\"https:\/\/bibliotecas.unileon.es\/tULEctura\/actividades\/riul-jornadas\/vi-jornadas-riul-literatura-actual\/#primaryimage\"},\"image\":{\"@id\":\"https:\/\/bibliotecas.unileon.es\/tULEctura\/actividades\/riul-jornadas\/vi-jornadas-riul-literatura-actual\/#primaryimage\"},\"thumbnailUrl\":\"http:\/\/bibliotecas.unileon.es\/tULEctura\/files\/2019\/05\/vi-jornadas.jpg\",\"datePublished\":\"2019-04-24T18:00:37+00:00\",\"dateModified\":\"2019-04-25T12:26:47+00:00\",\"breadcrumb\":{\"@id\":\"https:\/\/bibliotecas.unileon.es\/tULEctura\/actividades\/riul-jornadas\/vi-jornadas-riul-literatura-actual\/#breadcrumb\"},\"inLanguage\":\"es\",\"potentialAction\":[{\"@type\":\"ReadAction\",\"target\":[\"https:\/\/bibliotecas.unileon.es\/tULEctura\/actividades\/riul-jornadas\/vi-jornadas-riul-literatura-actual\/\"]}]},{\"@type\":\"ImageObject\",\"inLanguage\":\"es\",\"@id\":\"https:\/\/bibliotecas.unileon.es\/tULEctura\/actividades\/riul-jornadas\/vi-jornadas-riul-literatura-actual\/#primaryimage\",\"url\":\"https:\/\/bibliotecas.unileon.es\/tULEctura\/files\/2019\/05\/vi-jornadas.jpg\",\"contentUrl\":\"https:\/\/bibliotecas.unileon.es\/tULEctura\/files\/2019\/05\/vi-jornadas.jpg\",\"width\":687,\"height\":960},{\"@type\":\"BreadcrumbList\",\"@id\":\"https:\/\/bibliotecas.unileon.es\/tULEctura\/actividades\/riul-jornadas\/vi-jornadas-riul-literatura-actual\/#breadcrumb\",\"itemListElement\":[{\"@type\":\"ListItem\",\"position\":1,\"name\":\"Home\",\"item\":\"https:\/\/bibliotecas.unileon.es\/tULEctura\/\"},{\"@type\":\"ListItem\",\"position\":2,\"name\":\"Eventos\",\"item\":\"https:\/\/bibliotecas.unileon.es\/tULEctura\/actividades\/\"},{\"@type\":\"ListItem\",\"position\":3,\"name\":\"RIUL (Jornadas)\",\"item\":\"https:\/\/bibliotecas.unileon.es\/tULEctura\/actividades\/riul-jornadas\/\"},{\"@type\":\"ListItem\",\"position\":4,\"name\":\"VI Jornadas de la RIUL sobre la Literatura Actual\"}]},{\"@type\":\"WebSite\",\"@id\":\"https:\/\/bibliotecas.unileon.es\/tULEctura\/#website\",\"url\":\"https:\/\/bibliotecas.unileon.es\/tULEctura\/\",\"name\":\"tULEctura\",\"description\":\"Espacio de la Universidad de Le\u00f3n dedicado a la lectura\",\"publisher\":{\"@id\":\"https:\/\/bibliotecas.unileon.es\/tULEctura\/#organization\"},\"potentialAction\":[{\"@type\":\"SearchAction\",\"target\":{\"@type\":\"EntryPoint\",\"urlTemplate\":\"https:\/\/bibliotecas.unileon.es\/tULEctura\/?s={search_term_string}\"},\"query-input\":{\"@type\":\"PropertyValueSpecification\",\"valueRequired\":true,\"valueName\":\"search_term_string\"}}],\"inLanguage\":\"es\"},{\"@type\":\"Organization\",\"@id\":\"https:\/\/bibliotecas.unileon.es\/tULEctura\/#organization\",\"name\":\"Universidad de Le\u00f3n\",\"url\":\"https:\/\/bibliotecas.unileon.es\/tULEctura\/\",\"logo\":{\"@type\":\"ImageObject\",\"inLanguage\":\"es\",\"@id\":\"https:\/\/bibliotecas.unileon.es\/tULEctura\/#\/schema\/logo\/image\/\",\"url\":\"https:\/\/bibliotecas.unileon.es\/tULEctura\/files\/2018\/08\/TULECTURA_LOGO1.png\",\"contentUrl\":\"https:\/\/bibliotecas.unileon.es\/tULEctura\/files\/2018\/08\/TULECTURA_LOGO1.png\",\"width\":\"960\",\"height\":\"258\",\"caption\":\"Universidad de Le\u00f3n\"},\"image\":{\"@id\":\"https:\/\/bibliotecas.unileon.es\/tULEctura\/#\/schema\/logo\/image\/\"},\"sameAs\":[\"https:\/\/www.facebook.com\/tulectura.unileon\/\",\"https:\/\/x.com\/tULEctura_ULE\",\"https:\/\/www.instagram.com\/tulectura.unileon\/\",\"https:\/\/www.pinterest.es\/tulectura\/\",\"https:\/\/www.youtube.com\/channel\/UCoWaDD39lVlAQcOchwlTPVw\"]}]}<\/script>\n<!-- \/ Yoast SEO plugin. -->","yoast_head_json":{"title":"VI Jornadas de la RIUL sobre la Literatura Actual - tULEctura","robots":{"index":"index","follow":"follow","max-snippet":"max-snippet:-1","max-image-preview":"max-image-preview:large","max-video-preview":"max-video-preview:-1"},"canonical":"https:\/\/bibliotecas.unileon.es\/tULEctura\/actividades\/riul-jornadas\/vi-jornadas-riul-literatura-actual\/","og_locale":"es_ES","og_type":"article","og_title":"VI Jornadas de la RIUL sobre la Literatura Actual - tULEctura","og_description":"Te invitamos a asistir a las VI Jornadas RIUL sobre literatura actual 3 al 16 de mayo de 2019 Sal\u00f3n de los Reyes (Ayuntamiento de Le\u00f3n). Plaza de San Marcelo, 1 Horario: 19:30 horas\u00a0 \u00a0 Estudiantes de la universidad, especialistas e interesados en el \u00e1mbito de estudio de la literatura actual\u00a0 (1 Cr\u00e9dito de Libre [&hellip;]","og_url":"https:\/\/bibliotecas.unileon.es\/tULEctura\/actividades\/riul-jornadas\/vi-jornadas-riul-literatura-actual\/","og_site_name":"tULEctura","article_publisher":"https:\/\/www.facebook.com\/tulectura.unileon\/","article_modified_time":"2019-04-25T12:26:47+00:00","og_image":[{"width":687,"height":960,"url":"https:\/\/bibliotecas.unileon.es\/tULEctura\/files\/2019\/05\/vi-jornadas.jpg","type":"image\/jpeg"}],"twitter_card":"summary_large_image","twitter_site":"@tULEctura_ULE","twitter_misc":{"Tiempo de lectura":"1 minuto"},"schema":{"@context":"https:\/\/schema.org","@graph":[{"@type":"WebPage","@id":"https:\/\/bibliotecas.unileon.es\/tULEctura\/actividades\/riul-jornadas\/vi-jornadas-riul-literatura-actual\/","url":"https:\/\/bibliotecas.unileon.es\/tULEctura\/actividades\/riul-jornadas\/vi-jornadas-riul-literatura-actual\/","name":"VI Jornadas de la RIUL sobre la Literatura Actual - tULEctura","isPartOf":{"@id":"https:\/\/bibliotecas.unileon.es\/tULEctura\/#website"},"primaryImageOfPage":{"@id":"https:\/\/bibliotecas.unileon.es\/tULEctura\/actividades\/riul-jornadas\/vi-jornadas-riul-literatura-actual\/#primaryimage"},"image":{"@id":"https:\/\/bibliotecas.unileon.es\/tULEctura\/actividades\/riul-jornadas\/vi-jornadas-riul-literatura-actual\/#primaryimage"},"thumbnailUrl":"http:\/\/bibliotecas.unileon.es\/tULEctura\/files\/2019\/05\/vi-jornadas.jpg","datePublished":"2019-04-24T18:00:37+00:00","dateModified":"2019-04-25T12:26:47+00:00","breadcrumb":{"@id":"https:\/\/bibliotecas.unileon.es\/tULEctura\/actividades\/riul-jornadas\/vi-jornadas-riul-literatura-actual\/#breadcrumb"},"inLanguage":"es","potentialAction":[{"@type":"ReadAction","target":["https:\/\/bibliotecas.unileon.es\/tULEctura\/actividades\/riul-jornadas\/vi-jornadas-riul-literatura-actual\/"]}]},{"@type":"ImageObject","inLanguage":"es","@id":"https:\/\/bibliotecas.unileon.es\/tULEctura\/actividades\/riul-jornadas\/vi-jornadas-riul-literatura-actual\/#primaryimage","url":"https:\/\/bibliotecas.unileon.es\/tULEctura\/files\/2019\/05\/vi-jornadas.jpg","contentUrl":"https:\/\/bibliotecas.unileon.es\/tULEctura\/files\/2019\/05\/vi-jornadas.jpg","width":687,"height":960},{"@type":"BreadcrumbList","@id":"https:\/\/bibliotecas.unileon.es\/tULEctura\/actividades\/riul-jornadas\/vi-jornadas-riul-literatura-actual\/#breadcrumb","itemListElement":[{"@type":"ListItem","position":1,"name":"Home","item":"https:\/\/bibliotecas.unileon.es\/tULEctura\/"},{"@type":"ListItem","position":2,"name":"Eventos","item":"https:\/\/bibliotecas.unileon.es\/tULEctura\/actividades\/"},{"@type":"ListItem","position":3,"name":"RIUL (Jornadas)","item":"https:\/\/bibliotecas.unileon.es\/tULEctura\/actividades\/riul-jornadas\/"},{"@type":"ListItem","position":4,"name":"VI Jornadas de la RIUL sobre la Literatura Actual"}]},{"@type":"WebSite","@id":"https:\/\/bibliotecas.unileon.es\/tULEctura\/#website","url":"https:\/\/bibliotecas.unileon.es\/tULEctura\/","name":"tULEctura","description":"Espacio de la Universidad de Le\u00f3n dedicado a la lectura","publisher":{"@id":"https:\/\/bibliotecas.unileon.es\/tULEctura\/#organization"},"potentialAction":[{"@type":"SearchAction","target":{"@type":"EntryPoint","urlTemplate":"https:\/\/bibliotecas.unileon.es\/tULEctura\/?s={search_term_string}"},"query-input":{"@type":"PropertyValueSpecification","valueRequired":true,"valueName":"search_term_string"}}],"inLanguage":"es"},{"@type":"Organization","@id":"https:\/\/bibliotecas.unileon.es\/tULEctura\/#organization","name":"Universidad de Le\u00f3n","url":"https:\/\/bibliotecas.unileon.es\/tULEctura\/","logo":{"@type":"ImageObject","inLanguage":"es","@id":"https:\/\/bibliotecas.unileon.es\/tULEctura\/#\/schema\/logo\/image\/","url":"https:\/\/bibliotecas.unileon.es\/tULEctura\/files\/2018\/08\/TULECTURA_LOGO1.png","contentUrl":"https:\/\/bibliotecas.unileon.es\/tULEctura\/files\/2018\/08\/TULECTURA_LOGO1.png","width":"960","height":"258","caption":"Universidad de Le\u00f3n"},"image":{"@id":"https:\/\/bibliotecas.unileon.es\/tULEctura\/#\/schema\/logo\/image\/"},"sameAs":["https:\/\/www.facebook.com\/tulectura.unileon\/","https:\/\/x.com\/tULEctura_ULE","https:\/\/www.instagram.com\/tulectura.unileon\/","https:\/\/www.pinterest.es\/tulectura\/","https:\/\/www.youtube.com\/channel\/UCoWaDD39lVlAQcOchwlTPVw"]}]}},"_links":{"self":[{"href":"https:\/\/bibliotecas.unileon.es\/tULEctura\/wp-json\/wp\/v2\/pages\/47131","targetHints":{"allow":["GET"]}}],"collection":[{"href":"https:\/\/bibliotecas.unileon.es\/tULEctura\/wp-json\/wp\/v2\/pages"}],"about":[{"href":"https:\/\/bibliotecas.unileon.es\/tULEctura\/wp-json\/wp\/v2\/types\/page"}],"author":[{"embeddable":true,"href":"https:\/\/bibliotecas.unileon.es\/tULEctura\/wp-json\/wp\/v2\/users\/73"}],"replies":[{"embeddable":true,"href":"https:\/\/bibliotecas.unileon.es\/tULEctura\/wp-json\/wp\/v2\/comments?post=47131"}],"version-history":[{"count":1,"href":"https:\/\/bibliotecas.unileon.es\/tULEctura\/wp-json\/wp\/v2\/pages\/47131\/revisions"}],"predecessor-version":[{"id":47132,"href":"https:\/\/bibliotecas.unileon.es\/tULEctura\/wp-json\/wp\/v2\/pages\/47131\/revisions\/47132"}],"up":[{"embeddable":true,"href":"https:\/\/bibliotecas.unileon.es\/tULEctura\/wp-json\/wp\/v2\/pages\/47134"}],"wp:attachment":[{"href":"https:\/\/bibliotecas.unileon.es\/tULEctura\/wp-json\/wp\/v2\/media?parent=47131"}],"curies":[{"name":"wp","href":"https:\/\/api.w.org\/{rel}","templated":true}]}}