{"id":47137,"date":"2019-04-25T13:41:59","date_gmt":"2019-04-25T11:41:59","guid":{"rendered":"http:\/\/bibliotecas.unileon.es\/tULEctura\/?page_id=47137"},"modified":"2023-08-31T12:05:29","modified_gmt":"2023-08-31T10:05:29","slug":"lo-insolito","status":"publish","type":"page","link":"https:\/\/bibliotecas.unileon.es\/tULEctura\/actividades\/lo-insolito\/","title":{"rendered":"Lo ins\u00f3lito"},"content":{"rendered":"<blockquote>\n<h2 style=\"text-align: center;\"><img loading=\"lazy\" decoding=\"async\" class=\"size-full wp-image-47140 alignleft\" src=\"http:\/\/bibliotecas.unileon.es\/tULEctura\/files\/2019\/04\/figuraciones-de-lo-insolito.jpg\" alt=\"\" width=\"1070\" height=\"500\" srcset=\"https:\/\/bibliotecas.unileon.es\/tULEctura\/files\/2019\/04\/figuraciones-de-lo-insolito.jpg 1070w, https:\/\/bibliotecas.unileon.es\/tULEctura\/files\/2019\/04\/figuraciones-de-lo-insolito-300x140.jpg 300w, https:\/\/bibliotecas.unileon.es\/tULEctura\/files\/2019\/04\/figuraciones-de-lo-insolito-768x359.jpg 768w, https:\/\/bibliotecas.unileon.es\/tULEctura\/files\/2019\/04\/figuraciones-de-lo-insolito-1024x479.jpg 1024w, https:\/\/bibliotecas.unileon.es\/tULEctura\/files\/2019\/04\/figuraciones-de-lo-insolito-624x292.jpg 624w\" sizes=\"auto, (max-width: 1070px) 100vw, 1070px\" \/><span style=\"color: #000000;\">Lo ins\u00f3lito remite a la literatura alejada del realismo,<\/span><br \/>\n<span style=\"color: #000000;\"> la denominada como no mim\u00e9tica, <\/span><br \/>\n<span style=\"color: #000000;\">aquella entre la que se incluyen est\u00e9ticas como lo m\u00edtico, <\/span><br \/>\n<span style=\"color: #000000;\">lo maravilloso, lo real maravilloso, el realismo m\u00e1gico, <\/span><br \/>\n<span style=\"color: #000000;\">lo fant\u00e1stico y la ciencia ficci\u00f3n prospectiva, <\/span><br \/>\n<span style=\"color: #000000;\">como la ucron\u00eda y distop\u00eda, entre otras variantes.<\/span><\/h2>\n<\/blockquote>\n<p style=\"text-align: right;\"><span style=\"color: #000000;\">(Natalia \u00c1lvarez M\u00e9ndez)<\/span><\/p>\n<p>&nbsp;<\/p>\n<p>Esta es la informaci\u00f3n de las jornadas y congresos celebrados hasta el momento en el entorno de lo ins\u00f3lito:<\/p>\n<ul>\n<li><strong><a href=\"https:\/\/bibliotecas.unileon.es\/tULEctura\/actividades\/lo-insolito\/iv-jornadas-figuraciones-de-lo-insolito\/\" target=\"_blank\" rel=\"noopener\">IV Jornadas Figuraciones de lo ins\u00f3lito<\/a><\/strong><\/li>\n<li><strong><a href=\"https:\/\/bibliotecas.unileon.es\/tULEctura\/actividades\/lo-insolito\/iii-jornadas-figuraciones-de-lo-insolito\/\" target=\"_blank\" rel=\"noopener\">III Jornadas Figuraciones de lo ins\u00f3lito<\/a><\/strong><\/li>\n<li><strong><a href=\"https:\/\/bibliotecas.unileon.es\/tULEctura\/actividades\/lo-insolito\/3826-2\/\" target=\"_blank\" rel=\"noopener\">II Jornadas Figuraciones de lo ins\u00f3lito en las Literaturas Espa\u00f1ola e Hispanoamericana<\/a><\/strong><\/li>\n<li><strong><a href=\"https:\/\/bibliotecas.unileon.es\/tULEctura\/actividades\/lo-insolito\/iii-congreso-internacional-figuraciones-de-lo-insolito\/\" target=\"_blank\" rel=\"noopener\">III Congreso Internacional Figuraciones de lo Ins\u00f3lito<\/a><\/strong><\/li>\n<li><strong><a href=\"https:\/\/bibliotecas.unileon.es\/tULEctura\/actividades\/lo-insolito\/figuraciones-de-lo-insolito\/\" target=\"_blank\" rel=\"noopener\">I Congreso Internacional Figuraciones de lo Ins\u00f3lito<\/a><\/strong><\/li>\n<li><strong><a href=\"https:\/\/bibliotecas.unileon.es\/tULEctura\/actividades\/lo-insolito\/insolito\/\" target=\"_blank\" rel=\"noopener\">Jornadas Mundos Ins\u00f3litos en la Literatura<\/a><\/strong><\/li>\n<\/ul>\n<p>&nbsp;<\/p>\n","protected":false},"excerpt":{"rendered":"<p>Lo ins\u00f3lito remite a la literatura alejada del realismo, la denominada como no mim\u00e9tica, aquella entre la que se incluyen est\u00e9ticas como lo m\u00edtico, lo maravilloso, lo real maravilloso, el realismo m\u00e1gico, lo fant\u00e1stico y la ciencia ficci\u00f3n prospectiva, como la ucron\u00eda y distop\u00eda, entre otras variantes. (Natalia \u00c1lvarez M\u00e9ndez) &nbsp; Esta es la informaci\u00f3n [&hellip;]<\/p>\n","protected":false},"author":73,"featured_media":0,"parent":12,"menu_order":1,"comment_status":"closed","ping_status":"closed","template":"","meta":{"_bbp_topic_count":0,"_bbp_reply_count":0,"_bbp_total_topic_count":0,"_bbp_total_reply_count":0,"_bbp_voice_count":0,"_bbp_anonymous_reply_count":0,"_bbp_topic_count_hidden":0,"_bbp_reply_count_hidden":0,"_bbp_forum_subforum_count":0,"_monsterinsights_skip_tracking":false,"_monsterinsights_sitenote_active":false,"_monsterinsights_sitenote_note":"","_monsterinsights_sitenote_category":0,"footnotes":""},"class_list":["post-47137","page","type-page","status-publish","hentry"],"yoast_head":"<!-- This site is optimized with the Yoast SEO plugin v25.8 - https:\/\/yoast.com\/wordpress\/plugins\/seo\/ -->\n<title>Lo ins\u00f3lito - tULEctura<\/title>\n<meta name=\"robots\" content=\"index, follow, max-snippet:-1, max-image-preview:large, max-video-preview:-1\" \/>\n<link rel=\"canonical\" href=\"https:\/\/bibliotecas.unileon.es\/tULEctura\/actividades\/lo-insolito\/\" \/>\n<meta property=\"og:locale\" content=\"es_ES\" \/>\n<meta property=\"og:type\" content=\"article\" \/>\n<meta property=\"og:title\" content=\"Lo ins\u00f3lito - tULEctura\" \/>\n<meta property=\"og:description\" content=\"Lo ins\u00f3lito remite a la literatura alejada del realismo, la denominada como no mim\u00e9tica, aquella entre la que se incluyen est\u00e9ticas como lo m\u00edtico, lo maravilloso, lo real maravilloso, el realismo m\u00e1gico, lo fant\u00e1stico y la ciencia ficci\u00f3n prospectiva, como la ucron\u00eda y distop\u00eda, entre otras variantes. (Natalia \u00c1lvarez M\u00e9ndez) &nbsp; Esta es la informaci\u00f3n [&hellip;]\" \/>\n<meta property=\"og:url\" content=\"https:\/\/bibliotecas.unileon.es\/tULEctura\/actividades\/lo-insolito\/\" \/>\n<meta property=\"og:site_name\" content=\"tULEctura\" \/>\n<meta property=\"article:publisher\" content=\"https:\/\/www.facebook.com\/tulectura.unileon\/\" \/>\n<meta property=\"article:modified_time\" content=\"2023-08-31T10:05:29+00:00\" \/>\n<meta property=\"og:image\" content=\"http:\/\/bibliotecas.unileon.es\/tULEctura\/files\/2019\/04\/figuraciones-de-lo-insolito.jpg\" \/>\n<meta name=\"twitter:card\" content=\"summary_large_image\" \/>\n<meta name=\"twitter:site\" content=\"@tULEctura_ULE\" \/>\n<meta name=\"twitter:label1\" content=\"Tiempo de lectura\" \/>\n\t<meta name=\"twitter:data1\" content=\"1 minuto\" \/>\n<script type=\"application\/ld+json\" class=\"yoast-schema-graph\">{\"@context\":\"https:\/\/schema.org\",\"@graph\":[{\"@type\":\"WebPage\",\"@id\":\"https:\/\/bibliotecas.unileon.es\/tULEctura\/actividades\/lo-insolito\/\",\"url\":\"https:\/\/bibliotecas.unileon.es\/tULEctura\/actividades\/lo-insolito\/\",\"name\":\"Lo ins\u00f3lito - tULEctura\",\"isPartOf\":{\"@id\":\"https:\/\/bibliotecas.unileon.es\/tULEctura\/#website\"},\"primaryImageOfPage\":{\"@id\":\"https:\/\/bibliotecas.unileon.es\/tULEctura\/actividades\/lo-insolito\/#primaryimage\"},\"image\":{\"@id\":\"https:\/\/bibliotecas.unileon.es\/tULEctura\/actividades\/lo-insolito\/#primaryimage\"},\"thumbnailUrl\":\"http:\/\/bibliotecas.unileon.es\/tULEctura\/files\/2019\/04\/figuraciones-de-lo-insolito.jpg\",\"datePublished\":\"2019-04-25T11:41:59+00:00\",\"dateModified\":\"2023-08-31T10:05:29+00:00\",\"breadcrumb\":{\"@id\":\"https:\/\/bibliotecas.unileon.es\/tULEctura\/actividades\/lo-insolito\/#breadcrumb\"},\"inLanguage\":\"es\",\"potentialAction\":[{\"@type\":\"ReadAction\",\"target\":[\"https:\/\/bibliotecas.unileon.es\/tULEctura\/actividades\/lo-insolito\/\"]}]},{\"@type\":\"ImageObject\",\"inLanguage\":\"es\",\"@id\":\"https:\/\/bibliotecas.unileon.es\/tULEctura\/actividades\/lo-insolito\/#primaryimage\",\"url\":\"https:\/\/bibliotecas.unileon.es\/tULEctura\/files\/2019\/04\/figuraciones-de-lo-insolito.jpg\",\"contentUrl\":\"https:\/\/bibliotecas.unileon.es\/tULEctura\/files\/2019\/04\/figuraciones-de-lo-insolito.jpg\",\"width\":1070,\"height\":500,\"caption\":\"Lo Ins\u00f3lito en la LIteratura\"},{\"@type\":\"BreadcrumbList\",\"@id\":\"https:\/\/bibliotecas.unileon.es\/tULEctura\/actividades\/lo-insolito\/#breadcrumb\",\"itemListElement\":[{\"@type\":\"ListItem\",\"position\":1,\"name\":\"Home\",\"item\":\"https:\/\/bibliotecas.unileon.es\/tULEctura\/\"},{\"@type\":\"ListItem\",\"position\":2,\"name\":\"Eventos\",\"item\":\"https:\/\/bibliotecas.unileon.es\/tULEctura\/actividades\/\"},{\"@type\":\"ListItem\",\"position\":3,\"name\":\"Lo ins\u00f3lito\"}]},{\"@type\":\"WebSite\",\"@id\":\"https:\/\/bibliotecas.unileon.es\/tULEctura\/#website\",\"url\":\"https:\/\/bibliotecas.unileon.es\/tULEctura\/\",\"name\":\"tULEctura\",\"description\":\"Espacio de la Universidad de Le\u00f3n dedicado a la lectura\",\"publisher\":{\"@id\":\"https:\/\/bibliotecas.unileon.es\/tULEctura\/#organization\"},\"potentialAction\":[{\"@type\":\"SearchAction\",\"target\":{\"@type\":\"EntryPoint\",\"urlTemplate\":\"https:\/\/bibliotecas.unileon.es\/tULEctura\/?s={search_term_string}\"},\"query-input\":{\"@type\":\"PropertyValueSpecification\",\"valueRequired\":true,\"valueName\":\"search_term_string\"}}],\"inLanguage\":\"es\"},{\"@type\":\"Organization\",\"@id\":\"https:\/\/bibliotecas.unileon.es\/tULEctura\/#organization\",\"name\":\"Universidad de Le\u00f3n\",\"url\":\"https:\/\/bibliotecas.unileon.es\/tULEctura\/\",\"logo\":{\"@type\":\"ImageObject\",\"inLanguage\":\"es\",\"@id\":\"https:\/\/bibliotecas.unileon.es\/tULEctura\/#\/schema\/logo\/image\/\",\"url\":\"https:\/\/bibliotecas.unileon.es\/tULEctura\/files\/2018\/08\/TULECTURA_LOGO1.png\",\"contentUrl\":\"https:\/\/bibliotecas.unileon.es\/tULEctura\/files\/2018\/08\/TULECTURA_LOGO1.png\",\"width\":\"960\",\"height\":\"258\",\"caption\":\"Universidad de Le\u00f3n\"},\"image\":{\"@id\":\"https:\/\/bibliotecas.unileon.es\/tULEctura\/#\/schema\/logo\/image\/\"},\"sameAs\":[\"https:\/\/www.facebook.com\/tulectura.unileon\/\",\"https:\/\/x.com\/tULEctura_ULE\",\"https:\/\/www.instagram.com\/tulectura.unileon\/\",\"https:\/\/www.pinterest.es\/tulectura\/\",\"https:\/\/www.youtube.com\/channel\/UCoWaDD39lVlAQcOchwlTPVw\"]}]}<\/script>\n<!-- \/ Yoast SEO plugin. -->","yoast_head_json":{"title":"Lo ins\u00f3lito - tULEctura","robots":{"index":"index","follow":"follow","max-snippet":"max-snippet:-1","max-image-preview":"max-image-preview:large","max-video-preview":"max-video-preview:-1"},"canonical":"https:\/\/bibliotecas.unileon.es\/tULEctura\/actividades\/lo-insolito\/","og_locale":"es_ES","og_type":"article","og_title":"Lo ins\u00f3lito - tULEctura","og_description":"Lo ins\u00f3lito remite a la literatura alejada del realismo, la denominada como no mim\u00e9tica, aquella entre la que se incluyen est\u00e9ticas como lo m\u00edtico, lo maravilloso, lo real maravilloso, el realismo m\u00e1gico, lo fant\u00e1stico y la ciencia ficci\u00f3n prospectiva, como la ucron\u00eda y distop\u00eda, entre otras variantes. (Natalia \u00c1lvarez M\u00e9ndez) &nbsp; Esta es la informaci\u00f3n [&hellip;]","og_url":"https:\/\/bibliotecas.unileon.es\/tULEctura\/actividades\/lo-insolito\/","og_site_name":"tULEctura","article_publisher":"https:\/\/www.facebook.com\/tulectura.unileon\/","article_modified_time":"2023-08-31T10:05:29+00:00","og_image":[{"url":"http:\/\/bibliotecas.unileon.es\/tULEctura\/files\/2019\/04\/figuraciones-de-lo-insolito.jpg","type":"","width":"","height":""}],"twitter_card":"summary_large_image","twitter_site":"@tULEctura_ULE","twitter_misc":{"Tiempo de lectura":"1 minuto"},"schema":{"@context":"https:\/\/schema.org","@graph":[{"@type":"WebPage","@id":"https:\/\/bibliotecas.unileon.es\/tULEctura\/actividades\/lo-insolito\/","url":"https:\/\/bibliotecas.unileon.es\/tULEctura\/actividades\/lo-insolito\/","name":"Lo ins\u00f3lito - tULEctura","isPartOf":{"@id":"https:\/\/bibliotecas.unileon.es\/tULEctura\/#website"},"primaryImageOfPage":{"@id":"https:\/\/bibliotecas.unileon.es\/tULEctura\/actividades\/lo-insolito\/#primaryimage"},"image":{"@id":"https:\/\/bibliotecas.unileon.es\/tULEctura\/actividades\/lo-insolito\/#primaryimage"},"thumbnailUrl":"http:\/\/bibliotecas.unileon.es\/tULEctura\/files\/2019\/04\/figuraciones-de-lo-insolito.jpg","datePublished":"2019-04-25T11:41:59+00:00","dateModified":"2023-08-31T10:05:29+00:00","breadcrumb":{"@id":"https:\/\/bibliotecas.unileon.es\/tULEctura\/actividades\/lo-insolito\/#breadcrumb"},"inLanguage":"es","potentialAction":[{"@type":"ReadAction","target":["https:\/\/bibliotecas.unileon.es\/tULEctura\/actividades\/lo-insolito\/"]}]},{"@type":"ImageObject","inLanguage":"es","@id":"https:\/\/bibliotecas.unileon.es\/tULEctura\/actividades\/lo-insolito\/#primaryimage","url":"https:\/\/bibliotecas.unileon.es\/tULEctura\/files\/2019\/04\/figuraciones-de-lo-insolito.jpg","contentUrl":"https:\/\/bibliotecas.unileon.es\/tULEctura\/files\/2019\/04\/figuraciones-de-lo-insolito.jpg","width":1070,"height":500,"caption":"Lo Ins\u00f3lito en la LIteratura"},{"@type":"BreadcrumbList","@id":"https:\/\/bibliotecas.unileon.es\/tULEctura\/actividades\/lo-insolito\/#breadcrumb","itemListElement":[{"@type":"ListItem","position":1,"name":"Home","item":"https:\/\/bibliotecas.unileon.es\/tULEctura\/"},{"@type":"ListItem","position":2,"name":"Eventos","item":"https:\/\/bibliotecas.unileon.es\/tULEctura\/actividades\/"},{"@type":"ListItem","position":3,"name":"Lo ins\u00f3lito"}]},{"@type":"WebSite","@id":"https:\/\/bibliotecas.unileon.es\/tULEctura\/#website","url":"https:\/\/bibliotecas.unileon.es\/tULEctura\/","name":"tULEctura","description":"Espacio de la Universidad de Le\u00f3n dedicado a la lectura","publisher":{"@id":"https:\/\/bibliotecas.unileon.es\/tULEctura\/#organization"},"potentialAction":[{"@type":"SearchAction","target":{"@type":"EntryPoint","urlTemplate":"https:\/\/bibliotecas.unileon.es\/tULEctura\/?s={search_term_string}"},"query-input":{"@type":"PropertyValueSpecification","valueRequired":true,"valueName":"search_term_string"}}],"inLanguage":"es"},{"@type":"Organization","@id":"https:\/\/bibliotecas.unileon.es\/tULEctura\/#organization","name":"Universidad de Le\u00f3n","url":"https:\/\/bibliotecas.unileon.es\/tULEctura\/","logo":{"@type":"ImageObject","inLanguage":"es","@id":"https:\/\/bibliotecas.unileon.es\/tULEctura\/#\/schema\/logo\/image\/","url":"https:\/\/bibliotecas.unileon.es\/tULEctura\/files\/2018\/08\/TULECTURA_LOGO1.png","contentUrl":"https:\/\/bibliotecas.unileon.es\/tULEctura\/files\/2018\/08\/TULECTURA_LOGO1.png","width":"960","height":"258","caption":"Universidad de Le\u00f3n"},"image":{"@id":"https:\/\/bibliotecas.unileon.es\/tULEctura\/#\/schema\/logo\/image\/"},"sameAs":["https:\/\/www.facebook.com\/tulectura.unileon\/","https:\/\/x.com\/tULEctura_ULE","https:\/\/www.instagram.com\/tulectura.unileon\/","https:\/\/www.pinterest.es\/tulectura\/","https:\/\/www.youtube.com\/channel\/UCoWaDD39lVlAQcOchwlTPVw"]}]}},"_links":{"self":[{"href":"https:\/\/bibliotecas.unileon.es\/tULEctura\/wp-json\/wp\/v2\/pages\/47137","targetHints":{"allow":["GET"]}}],"collection":[{"href":"https:\/\/bibliotecas.unileon.es\/tULEctura\/wp-json\/wp\/v2\/pages"}],"about":[{"href":"https:\/\/bibliotecas.unileon.es\/tULEctura\/wp-json\/wp\/v2\/types\/page"}],"author":[{"embeddable":true,"href":"https:\/\/bibliotecas.unileon.es\/tULEctura\/wp-json\/wp\/v2\/users\/73"}],"replies":[{"embeddable":true,"href":"https:\/\/bibliotecas.unileon.es\/tULEctura\/wp-json\/wp\/v2\/comments?post=47137"}],"version-history":[{"count":1,"href":"https:\/\/bibliotecas.unileon.es\/tULEctura\/wp-json\/wp\/v2\/pages\/47137\/revisions"}],"predecessor-version":[{"id":47139,"href":"https:\/\/bibliotecas.unileon.es\/tULEctura\/wp-json\/wp\/v2\/pages\/47137\/revisions\/47139"}],"up":[{"embeddable":true,"href":"https:\/\/bibliotecas.unileon.es\/tULEctura\/wp-json\/wp\/v2\/pages\/12"}],"wp:attachment":[{"href":"https:\/\/bibliotecas.unileon.es\/tULEctura\/wp-json\/wp\/v2\/media?parent=47137"}],"curies":[{"name":"wp","href":"https:\/\/api.w.org\/{rel}","templated":true}]}}