{"id":47381,"date":"2019-07-22T12:00:43","date_gmt":"2019-07-22T10:00:43","guid":{"rendered":"http:\/\/bibliotecas.unileon.es\/tULEctura\/?page_id=47381"},"modified":"2023-07-26T10:54:40","modified_gmt":"2023-07-26T08:54:40","slug":"curso-2019-2020","status":"publish","type":"page","link":"https:\/\/bibliotecas.unileon.es\/tULEctura\/pagina-ejemplo\/curso-2019-2020\/","title":{"rendered":"Curso 2019-2020"},"content":{"rendered":"<header class=\"entry-header\">\n<h1 class=\"entry-title\"><img loading=\"lazy\" decoding=\"async\" class=\"wp-image-46309 size-full aligncenter\" src=\"http:\/\/bibliotecas.unileon.es\/tULEctura\/files\/2018\/06\/MARCA-DERIVADA_BIBLIOTECA-ULE_MANUAL.jpg\" alt=\"\" width=\"846\" height=\"269\" srcset=\"https:\/\/bibliotecas.unileon.es\/tULEctura\/files\/2018\/06\/MARCA-DERIVADA_BIBLIOTECA-ULE_MANUAL.jpg 846w, https:\/\/bibliotecas.unileon.es\/tULEctura\/files\/2018\/06\/MARCA-DERIVADA_BIBLIOTECA-ULE_MANUAL-300x95.jpg 300w, https:\/\/bibliotecas.unileon.es\/tULEctura\/files\/2018\/06\/MARCA-DERIVADA_BIBLIOTECA-ULE_MANUAL-768x244.jpg 768w, https:\/\/bibliotecas.unileon.es\/tULEctura\/files\/2018\/06\/MARCA-DERIVADA_BIBLIOTECA-ULE_MANUAL-624x198.jpg 624w\" sizes=\"auto, (max-width: 846px) 100vw, 846px\" \/><\/h1>\n<\/header>\n<div class=\"entry-content\">\n<div class=\"pf-content\">\n<h1 style=\"text-align: center;\"><span style=\"color: #e03131;\">\u00a1<span style=\"color: #ff0000;\">Ya est\u00e1 abierta la matr\u00edcula para la <\/span><span style=\"color: #ff0000;\">S\u00e9ptima\u00a0 edici\u00f3n del Club de lectura de la ULe!<\/span><\/span><\/h1>\n<p><strong><span style=\"color: #e03131;\">Calendario<\/span><br \/>\n<\/strong>Fecha de inicio: 30\/09\/2019<br \/>\nFecha de finalizaci\u00f3n: 16\/12\/2019<\/p>\n<p><strong><span style=\"color: #e03131;\">Horario<\/span><br \/>\n<\/strong>De 19:00 a 20:15 horas.<\/p>\n<p><strong><span style=\"color: #e03131;\">Lugar de celebraci\u00f3n<\/span><br \/>\n<\/strong>Universidad de Le\u00f3n. Biblioteca General San Isidoro. Campus de Vegazana.<\/p>\n<p style=\"text-align: justify;\">El Club de lectura \u00a0de la Universidad de Le\u00f3n propone actividades que no s\u00f3lo est\u00e1n dirigidas al p\u00fablico universitario. La asistencia est\u00e1 abierta a cualquier persona de la sociedad interesada en participar y convertirse en socia. Es\u00a0<strong>gratuita<\/strong>. No hay l\u00edmite de edad ni se exige disponer de ning\u00fan certificado de estudios.<\/p>\n<p style=\"text-align: justify;\">Pretendemos reunirnos peri\u00f3dicamente para compartir la experiencia de la lectura y aprovecharla como competencia transversal para completar la formaci\u00f3n acad\u00e9mica y personal. Las sesiones del Club est\u00e1n abiertas tanto a la comunidad universitaria como a la sociedad aunque, en caso de ser necesario, se priorizar\u00e1 a la primera y a continuaci\u00f3n se tendr\u00e1 en cuenta el orden de inscripci\u00f3n.<\/p>\n<h2 style=\"text-align: justify;\"><\/h2>\n<h2><span style=\"color: #e03131;\"><strong>FORMAS DE PARTICIPACI\u00d3N\u00a0(\u00a1importante!)<\/strong><\/span><\/h2>\n<ol>\n<li style=\"text-align: justify;\">Si est\u00e1s interesado en obtener el diploma acreditativo para el reconocimiento de los cr\u00e9ditos LEC y ECTS,\u00a0 dentro de unas semanas te ofreceremos\u00a0 el enlace para matricularte en el <span style=\"color: #0000ff;\"><a style=\"color: #0000ff;\" href=\"http:\/\/extensionuniversitaria.unileon.es\/euniversitaria\/curso.aspx?id=1809\" target=\"_blank\" rel=\"noopener noreferrer\"><strong>Curso \u00a0de Extensi\u00f3n Universitaria CLUB DE LECTURA UNIVERSIDAD DE LE\u00d3N<\/strong><strong>.<\/strong><\/a><\/span><br \/>\n<h2><span style=\"color: #e03131;\">\u00a1\u00a1\u00a1 No todo el mundo tiene que matricularse !!!<\/span><\/h2>\n<\/li>\n<li style=\"text-align: justify;\">La Universidad de Le\u00f3n abre su club de lectura a toda la sociedad, de forma abierta y gratuita. No necesitas \u00a0matricularse para poder asistir, aunque s\u00ed te pedimos que nos manifiestes tu deseo de\u00a0participar para tenerte en cuenta, enviarte los\u00a0avisos y recordatorios\u2026 Por lo tanto, si solo est\u00e1s interesado en asistir a los coloquios y encuentros de las lecturas,\u00a0<strong>no es necesario que te matricules ni pagues ninguna cantidad econ\u00f3mica<\/strong>.\u00a0Simplemente env\u00edanos tus datos a nuestro correo\u00a0<strong><a href=\"mailto:tulectura@unileon.es\">tulectura@unileon.es<\/a><\/strong>\u00a0para que sepamos que contamos contigo. Ind\u00edcanos:<br \/>\n\u2013 Nombre y apellidos.<br \/>\n\u2013 Correo electr\u00f3nico\u00a0(si eres miembro de la ULe, el institucional).<br \/>\n\u2013 Tipo de usuario:\u00a0Estudiante\/ PDI\/ PAS \/Externo.<\/li>\n<li style=\"text-align: justify;\">Puedes participar \u00fanicamente de forma virtual, pues a trav\u00e9s del blog \u00a0te ofreceremos informaci\u00f3n de cada una de las sesiones, y adem\u00e1s emitimos a trav\u00e9s del \u00a0\u00a0<a href=\"https:\/\/videos.unileon.es\/es\/directo\/8.html\" target=\"_blank\" rel=\"noopener noreferrer\">canal de emisi\u00f3n en directo \u00a0de la Universidad de Le\u00f3n<\/a>\u00a0 la visita\u00a0\u00a0del autor, con quien puedes interactuar en el momento a trav\u00e9s de nuestras\u00a0\u00a0redes sociales. Despu\u00e9s editamos este v\u00eddeo para que lo tengas disponible siempre que quieras o si no has podido asistir al encuentro.\u00a0Para participar de esto modo tampoco\u00a0existe ning\u00fan requisito.<\/li>\n<\/ol>\n<p style=\"text-align: justify;\">Y siempre podr\u00e1s \u00a0aportar tus comentarios en cualquiera de las entradas que den noticia de las actividades y encuentros\u00a0\u00a0del club<\/p>\n<\/div>\n<h2 style=\"text-align: center;\"><span style=\"color: #ff0400;\"><a style=\"color: #ff0400;\" href=\"https:\/\/bibliotecas.unileon.es\/tULEctura\/files\/2019\/09\/TR\u00cdPTICO-CLUB-LECTURA-2019.pdf\" class=\"mtli_attachment mtli_pdf\" target=\"_blank\" rel=\"noopener noreferrer\">PROGRAMA DEL CLUB LECTURA 2019<\/a><\/span><\/h2>\n<\/div>\n","protected":false},"excerpt":{"rendered":"<p>\u00a1Ya est\u00e1 abierta la matr\u00edcula para la S\u00e9ptima\u00a0 edici\u00f3n del Club de lectura de la ULe! Calendario Fecha de inicio: 30\/09\/2019 Fecha de finalizaci\u00f3n: 16\/12\/2019 Horario De 19:00 a 20:15 horas. Lugar de celebraci\u00f3n Universidad de Le\u00f3n. Biblioteca General San Isidoro. Campus de Vegazana. El Club de lectura \u00a0de la Universidad de Le\u00f3n propone actividades [&hellip;]<\/p>\n","protected":false},"author":73,"featured_media":0,"parent":2,"menu_order":14,"comment_status":"closed","ping_status":"closed","template":"","meta":{"_bbp_topic_count":0,"_bbp_reply_count":0,"_bbp_total_topic_count":0,"_bbp_total_reply_count":0,"_bbp_voice_count":0,"_bbp_anonymous_reply_count":0,"_bbp_topic_count_hidden":0,"_bbp_reply_count_hidden":0,"_bbp_forum_subforum_count":0,"_monsterinsights_skip_tracking":false,"_monsterinsights_sitenote_active":false,"_monsterinsights_sitenote_note":"","_monsterinsights_sitenote_category":0,"footnotes":""},"class_list":["post-47381","page","type-page","status-publish","hentry"],"yoast_head":"<!-- This site is optimized with the Yoast SEO plugin v25.8 - https:\/\/yoast.com\/wordpress\/plugins\/seo\/ -->\n<title>Curso 2019-2020 - tULEctura<\/title>\n<meta name=\"robots\" content=\"index, follow, max-snippet:-1, max-image-preview:large, max-video-preview:-1\" \/>\n<link rel=\"canonical\" href=\"https:\/\/bibliotecas.unileon.es\/tULEctura\/pagina-ejemplo\/curso-2019-2020\/\" \/>\n<meta property=\"og:locale\" content=\"es_ES\" \/>\n<meta property=\"og:type\" content=\"article\" \/>\n<meta property=\"og:title\" content=\"Curso 2019-2020 - tULEctura\" \/>\n<meta property=\"og:description\" content=\"\u00a1Ya est\u00e1 abierta la matr\u00edcula para la S\u00e9ptima\u00a0 edici\u00f3n del Club de lectura de la ULe! Calendario Fecha de inicio: 30\/09\/2019 Fecha de finalizaci\u00f3n: 16\/12\/2019 Horario De 19:00 a 20:15 horas. Lugar de celebraci\u00f3n Universidad de Le\u00f3n. Biblioteca General San Isidoro. Campus de Vegazana. El Club de lectura \u00a0de la Universidad de Le\u00f3n propone actividades [&hellip;]\" \/>\n<meta property=\"og:url\" content=\"https:\/\/bibliotecas.unileon.es\/tULEctura\/pagina-ejemplo\/curso-2019-2020\/\" \/>\n<meta property=\"og:site_name\" content=\"tULEctura\" \/>\n<meta property=\"article:publisher\" content=\"https:\/\/www.facebook.com\/tulectura.unileon\/\" \/>\n<meta property=\"article:modified_time\" content=\"2023-07-26T08:54:40+00:00\" \/>\n<meta property=\"og:image\" content=\"http:\/\/bibliotecas.unileon.es\/tULEctura\/files\/2018\/06\/MARCA-DERIVADA_BIBLIOTECA-ULE_MANUAL.jpg\" \/>\n<meta name=\"twitter:card\" content=\"summary_large_image\" \/>\n<meta name=\"twitter:site\" content=\"@tULEctura_ULE\" \/>\n<meta name=\"twitter:label1\" content=\"Tiempo de lectura\" \/>\n\t<meta name=\"twitter:data1\" content=\"2 minutos\" \/>\n<script type=\"application\/ld+json\" class=\"yoast-schema-graph\">{\"@context\":\"https:\/\/schema.org\",\"@graph\":[{\"@type\":\"WebPage\",\"@id\":\"https:\/\/bibliotecas.unileon.es\/tULEctura\/pagina-ejemplo\/curso-2019-2020\/\",\"url\":\"https:\/\/bibliotecas.unileon.es\/tULEctura\/pagina-ejemplo\/curso-2019-2020\/\",\"name\":\"Curso 2019-2020 - tULEctura\",\"isPartOf\":{\"@id\":\"https:\/\/bibliotecas.unileon.es\/tULEctura\/#website\"},\"primaryImageOfPage\":{\"@id\":\"https:\/\/bibliotecas.unileon.es\/tULEctura\/pagina-ejemplo\/curso-2019-2020\/#primaryimage\"},\"image\":{\"@id\":\"https:\/\/bibliotecas.unileon.es\/tULEctura\/pagina-ejemplo\/curso-2019-2020\/#primaryimage\"},\"thumbnailUrl\":\"http:\/\/bibliotecas.unileon.es\/tULEctura\/files\/2018\/06\/MARCA-DERIVADA_BIBLIOTECA-ULE_MANUAL.jpg\",\"datePublished\":\"2019-07-22T10:00:43+00:00\",\"dateModified\":\"2023-07-26T08:54:40+00:00\",\"breadcrumb\":{\"@id\":\"https:\/\/bibliotecas.unileon.es\/tULEctura\/pagina-ejemplo\/curso-2019-2020\/#breadcrumb\"},\"inLanguage\":\"es\",\"potentialAction\":[{\"@type\":\"ReadAction\",\"target\":[\"https:\/\/bibliotecas.unileon.es\/tULEctura\/pagina-ejemplo\/curso-2019-2020\/\"]}]},{\"@type\":\"ImageObject\",\"inLanguage\":\"es\",\"@id\":\"https:\/\/bibliotecas.unileon.es\/tULEctura\/pagina-ejemplo\/curso-2019-2020\/#primaryimage\",\"url\":\"https:\/\/bibliotecas.unileon.es\/tULEctura\/files\/2018\/06\/MARCA-DERIVADA_BIBLIOTECA-ULE_MANUAL.jpg\",\"contentUrl\":\"https:\/\/bibliotecas.unileon.es\/tULEctura\/files\/2018\/06\/MARCA-DERIVADA_BIBLIOTECA-ULE_MANUAL.jpg\",\"width\":\"846\",\"height\":\"269\"},{\"@type\":\"BreadcrumbList\",\"@id\":\"https:\/\/bibliotecas.unileon.es\/tULEctura\/pagina-ejemplo\/curso-2019-2020\/#breadcrumb\",\"itemListElement\":[{\"@type\":\"ListItem\",\"position\":1,\"name\":\"Home\",\"item\":\"https:\/\/bibliotecas.unileon.es\/tULEctura\/\"},{\"@type\":\"ListItem\",\"position\":2,\"name\":\"Club de Lectura\",\"item\":\"https:\/\/bibliotecas.unileon.es\/tULEctura\/pagina-ejemplo\/\"},{\"@type\":\"ListItem\",\"position\":3,\"name\":\"Curso 2019-2020\"}]},{\"@type\":\"WebSite\",\"@id\":\"https:\/\/bibliotecas.unileon.es\/tULEctura\/#website\",\"url\":\"https:\/\/bibliotecas.unileon.es\/tULEctura\/\",\"name\":\"tULEctura\",\"description\":\"Espacio de la Universidad de Le\u00f3n dedicado a la lectura\",\"publisher\":{\"@id\":\"https:\/\/bibliotecas.unileon.es\/tULEctura\/#organization\"},\"potentialAction\":[{\"@type\":\"SearchAction\",\"target\":{\"@type\":\"EntryPoint\",\"urlTemplate\":\"https:\/\/bibliotecas.unileon.es\/tULEctura\/?s={search_term_string}\"},\"query-input\":{\"@type\":\"PropertyValueSpecification\",\"valueRequired\":true,\"valueName\":\"search_term_string\"}}],\"inLanguage\":\"es\"},{\"@type\":\"Organization\",\"@id\":\"https:\/\/bibliotecas.unileon.es\/tULEctura\/#organization\",\"name\":\"Universidad de Le\u00f3n\",\"url\":\"https:\/\/bibliotecas.unileon.es\/tULEctura\/\",\"logo\":{\"@type\":\"ImageObject\",\"inLanguage\":\"es\",\"@id\":\"https:\/\/bibliotecas.unileon.es\/tULEctura\/#\/schema\/logo\/image\/\",\"url\":\"https:\/\/bibliotecas.unileon.es\/tULEctura\/files\/2018\/08\/TULECTURA_LOGO1.png\",\"contentUrl\":\"https:\/\/bibliotecas.unileon.es\/tULEctura\/files\/2018\/08\/TULECTURA_LOGO1.png\",\"width\":\"960\",\"height\":\"258\",\"caption\":\"Universidad de Le\u00f3n\"},\"image\":{\"@id\":\"https:\/\/bibliotecas.unileon.es\/tULEctura\/#\/schema\/logo\/image\/\"},\"sameAs\":[\"https:\/\/www.facebook.com\/tulectura.unileon\/\",\"https:\/\/x.com\/tULEctura_ULE\",\"https:\/\/www.instagram.com\/tulectura.unileon\/\",\"https:\/\/www.pinterest.es\/tulectura\/\",\"https:\/\/www.youtube.com\/channel\/UCoWaDD39lVlAQcOchwlTPVw\"]}]}<\/script>\n<!-- \/ Yoast SEO plugin. -->","yoast_head_json":{"title":"Curso 2019-2020 - tULEctura","robots":{"index":"index","follow":"follow","max-snippet":"max-snippet:-1","max-image-preview":"max-image-preview:large","max-video-preview":"max-video-preview:-1"},"canonical":"https:\/\/bibliotecas.unileon.es\/tULEctura\/pagina-ejemplo\/curso-2019-2020\/","og_locale":"es_ES","og_type":"article","og_title":"Curso 2019-2020 - tULEctura","og_description":"\u00a1Ya est\u00e1 abierta la matr\u00edcula para la S\u00e9ptima\u00a0 edici\u00f3n del Club de lectura de la ULe! Calendario Fecha de inicio: 30\/09\/2019 Fecha de finalizaci\u00f3n: 16\/12\/2019 Horario De 19:00 a 20:15 horas. Lugar de celebraci\u00f3n Universidad de Le\u00f3n. Biblioteca General San Isidoro. Campus de Vegazana. El Club de lectura \u00a0de la Universidad de Le\u00f3n propone actividades [&hellip;]","og_url":"https:\/\/bibliotecas.unileon.es\/tULEctura\/pagina-ejemplo\/curso-2019-2020\/","og_site_name":"tULEctura","article_publisher":"https:\/\/www.facebook.com\/tulectura.unileon\/","article_modified_time":"2023-07-26T08:54:40+00:00","og_image":[{"url":"http:\/\/bibliotecas.unileon.es\/tULEctura\/files\/2018\/06\/MARCA-DERIVADA_BIBLIOTECA-ULE_MANUAL.jpg","type":"","width":"","height":""}],"twitter_card":"summary_large_image","twitter_site":"@tULEctura_ULE","twitter_misc":{"Tiempo de lectura":"2 minutos"},"schema":{"@context":"https:\/\/schema.org","@graph":[{"@type":"WebPage","@id":"https:\/\/bibliotecas.unileon.es\/tULEctura\/pagina-ejemplo\/curso-2019-2020\/","url":"https:\/\/bibliotecas.unileon.es\/tULEctura\/pagina-ejemplo\/curso-2019-2020\/","name":"Curso 2019-2020 - tULEctura","isPartOf":{"@id":"https:\/\/bibliotecas.unileon.es\/tULEctura\/#website"},"primaryImageOfPage":{"@id":"https:\/\/bibliotecas.unileon.es\/tULEctura\/pagina-ejemplo\/curso-2019-2020\/#primaryimage"},"image":{"@id":"https:\/\/bibliotecas.unileon.es\/tULEctura\/pagina-ejemplo\/curso-2019-2020\/#primaryimage"},"thumbnailUrl":"http:\/\/bibliotecas.unileon.es\/tULEctura\/files\/2018\/06\/MARCA-DERIVADA_BIBLIOTECA-ULE_MANUAL.jpg","datePublished":"2019-07-22T10:00:43+00:00","dateModified":"2023-07-26T08:54:40+00:00","breadcrumb":{"@id":"https:\/\/bibliotecas.unileon.es\/tULEctura\/pagina-ejemplo\/curso-2019-2020\/#breadcrumb"},"inLanguage":"es","potentialAction":[{"@type":"ReadAction","target":["https:\/\/bibliotecas.unileon.es\/tULEctura\/pagina-ejemplo\/curso-2019-2020\/"]}]},{"@type":"ImageObject","inLanguage":"es","@id":"https:\/\/bibliotecas.unileon.es\/tULEctura\/pagina-ejemplo\/curso-2019-2020\/#primaryimage","url":"https:\/\/bibliotecas.unileon.es\/tULEctura\/files\/2018\/06\/MARCA-DERIVADA_BIBLIOTECA-ULE_MANUAL.jpg","contentUrl":"https:\/\/bibliotecas.unileon.es\/tULEctura\/files\/2018\/06\/MARCA-DERIVADA_BIBLIOTECA-ULE_MANUAL.jpg","width":"846","height":"269"},{"@type":"BreadcrumbList","@id":"https:\/\/bibliotecas.unileon.es\/tULEctura\/pagina-ejemplo\/curso-2019-2020\/#breadcrumb","itemListElement":[{"@type":"ListItem","position":1,"name":"Home","item":"https:\/\/bibliotecas.unileon.es\/tULEctura\/"},{"@type":"ListItem","position":2,"name":"Club de Lectura","item":"https:\/\/bibliotecas.unileon.es\/tULEctura\/pagina-ejemplo\/"},{"@type":"ListItem","position":3,"name":"Curso 2019-2020"}]},{"@type":"WebSite","@id":"https:\/\/bibliotecas.unileon.es\/tULEctura\/#website","url":"https:\/\/bibliotecas.unileon.es\/tULEctura\/","name":"tULEctura","description":"Espacio de la Universidad de Le\u00f3n dedicado a la lectura","publisher":{"@id":"https:\/\/bibliotecas.unileon.es\/tULEctura\/#organization"},"potentialAction":[{"@type":"SearchAction","target":{"@type":"EntryPoint","urlTemplate":"https:\/\/bibliotecas.unileon.es\/tULEctura\/?s={search_term_string}"},"query-input":{"@type":"PropertyValueSpecification","valueRequired":true,"valueName":"search_term_string"}}],"inLanguage":"es"},{"@type":"Organization","@id":"https:\/\/bibliotecas.unileon.es\/tULEctura\/#organization","name":"Universidad de Le\u00f3n","url":"https:\/\/bibliotecas.unileon.es\/tULEctura\/","logo":{"@type":"ImageObject","inLanguage":"es","@id":"https:\/\/bibliotecas.unileon.es\/tULEctura\/#\/schema\/logo\/image\/","url":"https:\/\/bibliotecas.unileon.es\/tULEctura\/files\/2018\/08\/TULECTURA_LOGO1.png","contentUrl":"https:\/\/bibliotecas.unileon.es\/tULEctura\/files\/2018\/08\/TULECTURA_LOGO1.png","width":"960","height":"258","caption":"Universidad de Le\u00f3n"},"image":{"@id":"https:\/\/bibliotecas.unileon.es\/tULEctura\/#\/schema\/logo\/image\/"},"sameAs":["https:\/\/www.facebook.com\/tulectura.unileon\/","https:\/\/x.com\/tULEctura_ULE","https:\/\/www.instagram.com\/tulectura.unileon\/","https:\/\/www.pinterest.es\/tulectura\/","https:\/\/www.youtube.com\/channel\/UCoWaDD39lVlAQcOchwlTPVw"]}]}},"_links":{"self":[{"href":"https:\/\/bibliotecas.unileon.es\/tULEctura\/wp-json\/wp\/v2\/pages\/47381","targetHints":{"allow":["GET"]}}],"collection":[{"href":"https:\/\/bibliotecas.unileon.es\/tULEctura\/wp-json\/wp\/v2\/pages"}],"about":[{"href":"https:\/\/bibliotecas.unileon.es\/tULEctura\/wp-json\/wp\/v2\/types\/page"}],"author":[{"embeddable":true,"href":"https:\/\/bibliotecas.unileon.es\/tULEctura\/wp-json\/wp\/v2\/users\/73"}],"replies":[{"embeddable":true,"href":"https:\/\/bibliotecas.unileon.es\/tULEctura\/wp-json\/wp\/v2\/comments?post=47381"}],"version-history":[{"count":1,"href":"https:\/\/bibliotecas.unileon.es\/tULEctura\/wp-json\/wp\/v2\/pages\/47381\/revisions"}],"predecessor-version":[{"id":47408,"href":"https:\/\/bibliotecas.unileon.es\/tULEctura\/wp-json\/wp\/v2\/pages\/47381\/revisions\/47408"}],"up":[{"embeddable":true,"href":"https:\/\/bibliotecas.unileon.es\/tULEctura\/wp-json\/wp\/v2\/pages\/2"}],"wp:attachment":[{"href":"https:\/\/bibliotecas.unileon.es\/tULEctura\/wp-json\/wp\/v2\/media?parent=47381"}],"curies":[{"name":"wp","href":"https:\/\/api.w.org\/{rel}","templated":true}]}}