{"id":47386,"date":"2019-07-15T12:00:34","date_gmt":"2019-07-15T10:00:34","guid":{"rendered":"http:\/\/bibliotecas.unileon.es\/tULEctura\/?page_id=47386"},"modified":"2019-11-06T12:03:26","modified_gmt":"2019-11-06T11:03:26","slug":"reliquias-ana-martinez-castillo","status":"publish","type":"page","link":"https:\/\/bibliotecas.unileon.es\/tULEctura\/pagina-ejemplo\/curso-2019-2020\/reliquias-ana-martinez-castillo\/","title":{"rendered":"Lectura 2: Reliquias"},"content":{"rendered":"<h2 style=\"text-align: center;\"><span style=\"color: #965433;\">\u00abReliquias\u00bb, de Ana Mart\u00ednez Castillo<\/span><\/h2>\n<p>&nbsp;<\/p>\n<p>Mart\u00ednez Castillo, Ana<img loading=\"lazy\" decoding=\"async\" class=\"alignright wp-image-47387\" src=\"http:\/\/bibliotecas.unileon.es\/tULEctura\/files\/2019\/07\/descarga.jpg\" alt=\"\" width=\"185\" height=\"274\" \/>Reliquias \/ Ana Mart\u00ednez Castillo \u00a0; Pr\u00f3logo de Patricia Esteban Erl\u00e9s<br \/>\nLe\u00f3n : Eolas , 2019<br \/>\n146 p.<br \/>\n978-84-17315-73-3<\/p>\n<p><span style=\"color: #965433;\"><strong>Calendario<\/strong><\/span><\/p>\n<ul>\n<li style=\"text-align: justify;\">21 de octubre de 2019: <a href=\"https:\/\/bibliotecas.unileon.es\/tULEctura\/2019\/10\/21\/guia-a-la-lectura-reliquias-de-ana-martinez-castillo\/\" target=\"_blank\" rel=\"noopener noreferrer\"><strong>Coloquio participativo de gu\u00eda a la lectura.<\/strong><\/a><\/li>\n<li style=\"text-align: justify;\">28 de octubre de 2019: <a href=\"https:\/\/bibliotecas.unileon.es\/tULEctura\/2019\/10\/30\/reliquias-de-ana-martinez-castillo-coloquio\/\" target=\"_blank\" rel=\"noopener noreferrer\"><strong>Coloquio participativo de los socios.<\/strong><\/a><\/li>\n<li style=\"text-align: justify;\">31 de octubre de 2019 \u00a0<a href=\"https:\/\/videos.unileon.es\/video\/5dbfefdf8f420826428b4576\" target=\"_blank\" rel=\"noopener noreferrer\"><strong>Encuentro de los socios con Ana Mart\u00ednez Castillo (v\u00eddeo).<\/strong><\/a><\/li>\n<\/ul>\n<p><strong><span style=\"color: #965433;\">Lugar y horario<\/span><\/strong><\/p>\n<p>Los encuentros de esta \u00a0lectura tendr\u00e1n lugar en la sala de conferencias de la Biblioteca General San Isidoro a las 19:00 horas.\u00a0Se ruega puntualidad.<\/p>\n<p><strong><span style=\"color: #965433;\">La obra (informaci\u00f3n de la editorial)<\/span><\/strong><\/p>\n<p style=\"text-align: justify;\"><em>Reliquias<\/em>, el primer libro de cuentos de Ana Mart\u00ednez Castillo, es una colecci\u00f3n de miedos at\u00e1vicos que nos acompa\u00f1an desde siempre. Todos los personajes cargan con su propio miedo y es ese miedo el que les obliga a actuar, con frecuencia de forma absurda o irracional para un observador externo de la trama, pero siguiendo las leyes propias de una l\u00f3gica interna que la autora es capaz de urdir h\u00e1bilmente en muchos de los cuentos.<\/p>\n<p style=\"text-align: justify;\">Ana Mart\u00ednez Castillo nos hace creer en esos seres atormentados, viles o inocentes, rid\u00edculos o heroicos gracias a la soltura con la que es capaz de utilizar un lenguaje limpio y directo que combina a ratos con un registro cuidado en la elaboraci\u00f3n de im\u00e1genes bell\u00edsimas, muy sensoriales, cuando la descripci\u00f3n de una atm\u00f3sfera o un personaje as\u00ed lo requiere.<\/p>\n<p style=\"text-align: justify;\">No existen l\u00edmites en su exploraci\u00f3n del miedo literario. La autora toma prestadas referencias muy diversas y se adentra en devastadoras sociedades dist\u00f3picas, herederas de Bradbury, en los interiores sombr\u00edos del g\u00f3tico victoriano, en la plasticidad escatol\u00f3gica del c\u00f3mic o en el absurdo contempor\u00e1neo basado en el miedo existencial a la alienaci\u00f3n del individuo que inaugur\u00f3 Kafka. Podr\u00eda decirse que todos los \u00f3rganos de lo fant\u00e1stico coinciden sin desafinar en el cuerpo textual de\u00a0<em>Reliquias<\/em>, porque todos, en realidad, remiten a una verdad inapelable: el ser humano siempre tendr\u00e1 una historia que contar mientras cargue con el miedo, una pulsi\u00f3n que vamos heredando de nuestros antepasados como una tr\u00e1gica joya de familia. Como una reliquia que nos espanta y nos fascina sin que podamos evitarlo.<\/p>\n<p><strong><span style=\"color: #965433;\">La autora\u00a0 (informaci\u00f3n de su propia p\u00e1gina)<\/span><\/strong><\/p>\n<div class=\"fullwrap_moudle\">\n<div class=\"row-fluid\">\n<div class=\"fullwidth-wrap \">\n<div class=\"container\">\n<div class=\"fullwidth-wrap-inn\">\n<div class=\"row-fluid fullwrap-inn-width-90\">\n<div class=\"span12 moudle bottom-space-40\">\n<div class=\"text_block ux-mod-nobg \" data-post=\"20160519-132202-741\" data-animationend=\"\">\n<p style=\"text-align: justify;\"><a href=\"http:\/\/anamartinezcastillo.com\/\" target=\"_blank\" rel=\"noopener noreferrer\"><img loading=\"lazy\" decoding=\"async\" class=\"alignleft wp-image-47389 size-full\" src=\"http:\/\/bibliotecas.unileon.es\/tULEctura\/files\/2019\/07\/13285665_879580992168495_320693778_n.jpg\" alt=\"\" width=\"240\" height=\"170\" \/><\/a>Nac\u00ed en Albacete un 21 de septiembre de 1978. Durante unos a\u00f1os me dediqu\u00e9 a colaborar en ahora extintas revistas literarias y fanzines en papel, como La Siesta del Lobo, Feria, Isla Desnuda, F\u00e1bulas Extra\u00f1as, Ayvelar, Cizalla Fin de Milenio, Cal\u00edope y La Carraca. No hab\u00edamos alcanzado a\u00fan el nuevo milenio y eran los a\u00f1os locos de los fanzines albacete\u00f1os, una edad dorada de la literatura joven local, e incluso yo misma cofund\u00e9 una revista de un solo n\u00famero que llevaba por nombre Haza\u00f1as y maravillas de una pulga y que pasar\u00e1 a la posteridad como la revista de vida m\u00e1s corta de la historia. Ganas le pon\u00edamos, pero no hab\u00eda dinero. De todo aquel boom cultural, sobrevive en la actualidad El problema de Yorick, de Eloy M. Cebri\u00e1n, para la que colabor\u00e9 en su n\u00famero 10 (invierno de 2016) con un relato titulado C\u00f3dices que guarda el Diablo.<\/p>\n<p align=\"JUSTIFY\">Entre poemas, relatos, alguna adaptaci\u00f3n teatral (El \u00e1ngel de las curiosidades, de Edgar Allan Poe, para la obra de Silvia Gasc\u00f3 La taberna de Poe) y alg\u00fan que otro premio literario de vez en cuando, se ha ido poco a poco conformando mi car\u00e1cter literario.<\/p>\n<p align=\"JUSTIFY\">Mi obra se reparte entre cuatro pasiones: Literatura infantil y juvenil, poes\u00eda, narraci\u00f3n de relatos de g\u00e9nero y cr\u00edtica literaria. En ocasiones he coqueteado con el art\u00edculo period\u00edstico (escrib\u00ed algunos en la secci\u00f3n del diario La Tribuna de Albacete, la Tribuna de las Humanidades durante el a\u00f1o 1998- 1999), la narraci\u00f3n de viajes, el ensayo y el guion de videojuegos.<\/p>\n<\/div>\n<\/div>\n<\/div>\n<\/div>\n<\/div>\n<\/div>\n<\/div>\n<\/div>\n<p><strong><span style=\"color: #965433;\">Puedes empezar a leer la obra\u00a0\u00abReliquias\u00bb, de Ana Mart\u00ednez Castillo<\/span><\/strong><\/p>\n<div data-url=\"https:\/\/issuu.com\/eolas.ediciones\/docs\/reliquias\" style=\"width: 625px; height: 463px;\" class=\"issuuembed\"><\/div>\n<p><script type=\"text\/javascript\" src=\"\/\/e.issuu.com\/embed.js\" async=\"true\"><\/script><\/p>\n","protected":false},"excerpt":{"rendered":"<p>\u00abReliquias\u00bb, de Ana Mart\u00ednez Castillo &nbsp; Mart\u00ednez Castillo, AnaReliquias \/ Ana Mart\u00ednez Castillo \u00a0; Pr\u00f3logo de Patricia Esteban Erl\u00e9s Le\u00f3n : Eolas , 2019 146 p. 978-84-17315-73-3 Calendario 21 de octubre de 2019: Coloquio participativo de gu\u00eda a la lectura. 28 de octubre de 2019: Coloquio participativo de los socios. 31 de octubre de 2019 [&hellip;]<\/p>\n","protected":false},"author":73,"featured_media":0,"parent":47381,"menu_order":2,"comment_status":"closed","ping_status":"closed","template":"","meta":{"_bbp_topic_count":0,"_bbp_reply_count":0,"_bbp_total_topic_count":0,"_bbp_total_reply_count":0,"_bbp_voice_count":0,"_bbp_anonymous_reply_count":0,"_bbp_topic_count_hidden":0,"_bbp_reply_count_hidden":0,"_bbp_forum_subforum_count":0,"_monsterinsights_skip_tracking":false,"_monsterinsights_sitenote_active":false,"_monsterinsights_sitenote_note":"","_monsterinsights_sitenote_category":0,"footnotes":""},"class_list":["post-47386","page","type-page","status-publish","hentry"],"yoast_head":"<!-- This site is optimized with the Yoast SEO plugin v25.8 - https:\/\/yoast.com\/wordpress\/plugins\/seo\/ -->\n<title>Lectura 2: Reliquias - tULEctura<\/title>\n<meta name=\"robots\" content=\"index, follow, max-snippet:-1, max-image-preview:large, max-video-preview:-1\" \/>\n<link rel=\"canonical\" href=\"https:\/\/bibliotecas.unileon.es\/tULEctura\/pagina-ejemplo\/curso-2019-2020\/reliquias-ana-martinez-castillo\/\" \/>\n<meta property=\"og:locale\" content=\"es_ES\" \/>\n<meta property=\"og:type\" content=\"article\" \/>\n<meta property=\"og:title\" content=\"Lectura 2: Reliquias - tULEctura\" \/>\n<meta property=\"og:description\" content=\"\u00abReliquias\u00bb, de Ana Mart\u00ednez Castillo &nbsp; Mart\u00ednez Castillo, AnaReliquias \/ Ana Mart\u00ednez Castillo \u00a0; Pr\u00f3logo de Patricia Esteban Erl\u00e9s Le\u00f3n : Eolas , 2019 146 p. 978-84-17315-73-3 Calendario 21 de octubre de 2019: Coloquio participativo de gu\u00eda a la lectura. 28 de octubre de 2019: Coloquio participativo de los socios. 31 de octubre de 2019 [&hellip;]\" \/>\n<meta property=\"og:url\" content=\"https:\/\/bibliotecas.unileon.es\/tULEctura\/pagina-ejemplo\/curso-2019-2020\/reliquias-ana-martinez-castillo\/\" \/>\n<meta property=\"og:site_name\" content=\"tULEctura\" \/>\n<meta property=\"article:publisher\" content=\"https:\/\/www.facebook.com\/tulectura.unileon\/\" \/>\n<meta property=\"article:modified_time\" content=\"2019-11-06T11:03:26+00:00\" \/>\n<meta property=\"og:image\" content=\"https:\/\/bibliotecas.unileon.es\/tULEctura\/files\/2019\/07\/descarga.jpg\" \/>\n\t<meta property=\"og:image:width\" content=\"184\" \/>\n\t<meta property=\"og:image:height\" content=\"273\" \/>\n\t<meta property=\"og:image:type\" content=\"image\/jpeg\" \/>\n<meta name=\"twitter:card\" content=\"summary_large_image\" \/>\n<meta name=\"twitter:site\" content=\"@tULEctura_ULE\" \/>\n<meta name=\"twitter:label1\" content=\"Tiempo de lectura\" \/>\n\t<meta name=\"twitter:data1\" content=\"3 minutos\" \/>\n<script type=\"application\/ld+json\" class=\"yoast-schema-graph\">{\"@context\":\"https:\/\/schema.org\",\"@graph\":[{\"@type\":\"WebPage\",\"@id\":\"https:\/\/bibliotecas.unileon.es\/tULEctura\/pagina-ejemplo\/curso-2019-2020\/reliquias-ana-martinez-castillo\/\",\"url\":\"https:\/\/bibliotecas.unileon.es\/tULEctura\/pagina-ejemplo\/curso-2019-2020\/reliquias-ana-martinez-castillo\/\",\"name\":\"Lectura 2: Reliquias - tULEctura\",\"isPartOf\":{\"@id\":\"https:\/\/bibliotecas.unileon.es\/tULEctura\/#website\"},\"primaryImageOfPage\":{\"@id\":\"https:\/\/bibliotecas.unileon.es\/tULEctura\/pagina-ejemplo\/curso-2019-2020\/reliquias-ana-martinez-castillo\/#primaryimage\"},\"image\":{\"@id\":\"https:\/\/bibliotecas.unileon.es\/tULEctura\/pagina-ejemplo\/curso-2019-2020\/reliquias-ana-martinez-castillo\/#primaryimage\"},\"thumbnailUrl\":\"http:\/\/bibliotecas.unileon.es\/tULEctura\/files\/2019\/07\/descarga.jpg\",\"datePublished\":\"2019-07-15T10:00:34+00:00\",\"dateModified\":\"2019-11-06T11:03:26+00:00\",\"breadcrumb\":{\"@id\":\"https:\/\/bibliotecas.unileon.es\/tULEctura\/pagina-ejemplo\/curso-2019-2020\/reliquias-ana-martinez-castillo\/#breadcrumb\"},\"inLanguage\":\"es\",\"potentialAction\":[{\"@type\":\"ReadAction\",\"target\":[\"https:\/\/bibliotecas.unileon.es\/tULEctura\/pagina-ejemplo\/curso-2019-2020\/reliquias-ana-martinez-castillo\/\"]}]},{\"@type\":\"ImageObject\",\"inLanguage\":\"es\",\"@id\":\"https:\/\/bibliotecas.unileon.es\/tULEctura\/pagina-ejemplo\/curso-2019-2020\/reliquias-ana-martinez-castillo\/#primaryimage\",\"url\":\"https:\/\/bibliotecas.unileon.es\/tULEctura\/files\/2019\/07\/descarga.jpg\",\"contentUrl\":\"https:\/\/bibliotecas.unileon.es\/tULEctura\/files\/2019\/07\/descarga.jpg\",\"width\":184,\"height\":273},{\"@type\":\"BreadcrumbList\",\"@id\":\"https:\/\/bibliotecas.unileon.es\/tULEctura\/pagina-ejemplo\/curso-2019-2020\/reliquias-ana-martinez-castillo\/#breadcrumb\",\"itemListElement\":[{\"@type\":\"ListItem\",\"position\":1,\"name\":\"Home\",\"item\":\"https:\/\/bibliotecas.unileon.es\/tULEctura\/\"},{\"@type\":\"ListItem\",\"position\":2,\"name\":\"Club de Lectura\",\"item\":\"https:\/\/bibliotecas.unileon.es\/tULEctura\/pagina-ejemplo\/\"},{\"@type\":\"ListItem\",\"position\":3,\"name\":\"Curso 2019-2020\",\"item\":\"https:\/\/bibliotecas.unileon.es\/tULEctura\/pagina-ejemplo\/curso-2019-2020\/\"},{\"@type\":\"ListItem\",\"position\":4,\"name\":\"Lectura 2: Reliquias\"}]},{\"@type\":\"WebSite\",\"@id\":\"https:\/\/bibliotecas.unileon.es\/tULEctura\/#website\",\"url\":\"https:\/\/bibliotecas.unileon.es\/tULEctura\/\",\"name\":\"tULEctura\",\"description\":\"Espacio de la Universidad de Le\u00f3n dedicado a la lectura\",\"publisher\":{\"@id\":\"https:\/\/bibliotecas.unileon.es\/tULEctura\/#organization\"},\"potentialAction\":[{\"@type\":\"SearchAction\",\"target\":{\"@type\":\"EntryPoint\",\"urlTemplate\":\"https:\/\/bibliotecas.unileon.es\/tULEctura\/?s={search_term_string}\"},\"query-input\":{\"@type\":\"PropertyValueSpecification\",\"valueRequired\":true,\"valueName\":\"search_term_string\"}}],\"inLanguage\":\"es\"},{\"@type\":\"Organization\",\"@id\":\"https:\/\/bibliotecas.unileon.es\/tULEctura\/#organization\",\"name\":\"Universidad de Le\u00f3n\",\"url\":\"https:\/\/bibliotecas.unileon.es\/tULEctura\/\",\"logo\":{\"@type\":\"ImageObject\",\"inLanguage\":\"es\",\"@id\":\"https:\/\/bibliotecas.unileon.es\/tULEctura\/#\/schema\/logo\/image\/\",\"url\":\"https:\/\/bibliotecas.unileon.es\/tULEctura\/files\/2018\/08\/TULECTURA_LOGO1.png\",\"contentUrl\":\"https:\/\/bibliotecas.unileon.es\/tULEctura\/files\/2018\/08\/TULECTURA_LOGO1.png\",\"width\":\"960\",\"height\":\"258\",\"caption\":\"Universidad de Le\u00f3n\"},\"image\":{\"@id\":\"https:\/\/bibliotecas.unileon.es\/tULEctura\/#\/schema\/logo\/image\/\"},\"sameAs\":[\"https:\/\/www.facebook.com\/tulectura.unileon\/\",\"https:\/\/x.com\/tULEctura_ULE\",\"https:\/\/www.instagram.com\/tulectura.unileon\/\",\"https:\/\/www.pinterest.es\/tulectura\/\",\"https:\/\/www.youtube.com\/channel\/UCoWaDD39lVlAQcOchwlTPVw\"]}]}<\/script>\n<!-- \/ Yoast SEO plugin. -->","yoast_head_json":{"title":"Lectura 2: Reliquias - tULEctura","robots":{"index":"index","follow":"follow","max-snippet":"max-snippet:-1","max-image-preview":"max-image-preview:large","max-video-preview":"max-video-preview:-1"},"canonical":"https:\/\/bibliotecas.unileon.es\/tULEctura\/pagina-ejemplo\/curso-2019-2020\/reliquias-ana-martinez-castillo\/","og_locale":"es_ES","og_type":"article","og_title":"Lectura 2: Reliquias - tULEctura","og_description":"\u00abReliquias\u00bb, de Ana Mart\u00ednez Castillo &nbsp; Mart\u00ednez Castillo, AnaReliquias \/ Ana Mart\u00ednez Castillo \u00a0; Pr\u00f3logo de Patricia Esteban Erl\u00e9s Le\u00f3n : Eolas , 2019 146 p. 978-84-17315-73-3 Calendario 21 de octubre de 2019: Coloquio participativo de gu\u00eda a la lectura. 28 de octubre de 2019: Coloquio participativo de los socios. 31 de octubre de 2019 [&hellip;]","og_url":"https:\/\/bibliotecas.unileon.es\/tULEctura\/pagina-ejemplo\/curso-2019-2020\/reliquias-ana-martinez-castillo\/","og_site_name":"tULEctura","article_publisher":"https:\/\/www.facebook.com\/tulectura.unileon\/","article_modified_time":"2019-11-06T11:03:26+00:00","og_image":[{"width":184,"height":273,"url":"https:\/\/bibliotecas.unileon.es\/tULEctura\/files\/2019\/07\/descarga.jpg","type":"image\/jpeg"}],"twitter_card":"summary_large_image","twitter_site":"@tULEctura_ULE","twitter_misc":{"Tiempo de lectura":"3 minutos"},"schema":{"@context":"https:\/\/schema.org","@graph":[{"@type":"WebPage","@id":"https:\/\/bibliotecas.unileon.es\/tULEctura\/pagina-ejemplo\/curso-2019-2020\/reliquias-ana-martinez-castillo\/","url":"https:\/\/bibliotecas.unileon.es\/tULEctura\/pagina-ejemplo\/curso-2019-2020\/reliquias-ana-martinez-castillo\/","name":"Lectura 2: Reliquias - tULEctura","isPartOf":{"@id":"https:\/\/bibliotecas.unileon.es\/tULEctura\/#website"},"primaryImageOfPage":{"@id":"https:\/\/bibliotecas.unileon.es\/tULEctura\/pagina-ejemplo\/curso-2019-2020\/reliquias-ana-martinez-castillo\/#primaryimage"},"image":{"@id":"https:\/\/bibliotecas.unileon.es\/tULEctura\/pagina-ejemplo\/curso-2019-2020\/reliquias-ana-martinez-castillo\/#primaryimage"},"thumbnailUrl":"http:\/\/bibliotecas.unileon.es\/tULEctura\/files\/2019\/07\/descarga.jpg","datePublished":"2019-07-15T10:00:34+00:00","dateModified":"2019-11-06T11:03:26+00:00","breadcrumb":{"@id":"https:\/\/bibliotecas.unileon.es\/tULEctura\/pagina-ejemplo\/curso-2019-2020\/reliquias-ana-martinez-castillo\/#breadcrumb"},"inLanguage":"es","potentialAction":[{"@type":"ReadAction","target":["https:\/\/bibliotecas.unileon.es\/tULEctura\/pagina-ejemplo\/curso-2019-2020\/reliquias-ana-martinez-castillo\/"]}]},{"@type":"ImageObject","inLanguage":"es","@id":"https:\/\/bibliotecas.unileon.es\/tULEctura\/pagina-ejemplo\/curso-2019-2020\/reliquias-ana-martinez-castillo\/#primaryimage","url":"https:\/\/bibliotecas.unileon.es\/tULEctura\/files\/2019\/07\/descarga.jpg","contentUrl":"https:\/\/bibliotecas.unileon.es\/tULEctura\/files\/2019\/07\/descarga.jpg","width":184,"height":273},{"@type":"BreadcrumbList","@id":"https:\/\/bibliotecas.unileon.es\/tULEctura\/pagina-ejemplo\/curso-2019-2020\/reliquias-ana-martinez-castillo\/#breadcrumb","itemListElement":[{"@type":"ListItem","position":1,"name":"Home","item":"https:\/\/bibliotecas.unileon.es\/tULEctura\/"},{"@type":"ListItem","position":2,"name":"Club de Lectura","item":"https:\/\/bibliotecas.unileon.es\/tULEctura\/pagina-ejemplo\/"},{"@type":"ListItem","position":3,"name":"Curso 2019-2020","item":"https:\/\/bibliotecas.unileon.es\/tULEctura\/pagina-ejemplo\/curso-2019-2020\/"},{"@type":"ListItem","position":4,"name":"Lectura 2: Reliquias"}]},{"@type":"WebSite","@id":"https:\/\/bibliotecas.unileon.es\/tULEctura\/#website","url":"https:\/\/bibliotecas.unileon.es\/tULEctura\/","name":"tULEctura","description":"Espacio de la Universidad de Le\u00f3n dedicado a la lectura","publisher":{"@id":"https:\/\/bibliotecas.unileon.es\/tULEctura\/#organization"},"potentialAction":[{"@type":"SearchAction","target":{"@type":"EntryPoint","urlTemplate":"https:\/\/bibliotecas.unileon.es\/tULEctura\/?s={search_term_string}"},"query-input":{"@type":"PropertyValueSpecification","valueRequired":true,"valueName":"search_term_string"}}],"inLanguage":"es"},{"@type":"Organization","@id":"https:\/\/bibliotecas.unileon.es\/tULEctura\/#organization","name":"Universidad de Le\u00f3n","url":"https:\/\/bibliotecas.unileon.es\/tULEctura\/","logo":{"@type":"ImageObject","inLanguage":"es","@id":"https:\/\/bibliotecas.unileon.es\/tULEctura\/#\/schema\/logo\/image\/","url":"https:\/\/bibliotecas.unileon.es\/tULEctura\/files\/2018\/08\/TULECTURA_LOGO1.png","contentUrl":"https:\/\/bibliotecas.unileon.es\/tULEctura\/files\/2018\/08\/TULECTURA_LOGO1.png","width":"960","height":"258","caption":"Universidad de Le\u00f3n"},"image":{"@id":"https:\/\/bibliotecas.unileon.es\/tULEctura\/#\/schema\/logo\/image\/"},"sameAs":["https:\/\/www.facebook.com\/tulectura.unileon\/","https:\/\/x.com\/tULEctura_ULE","https:\/\/www.instagram.com\/tulectura.unileon\/","https:\/\/www.pinterest.es\/tulectura\/","https:\/\/www.youtube.com\/channel\/UCoWaDD39lVlAQcOchwlTPVw"]}]}},"_links":{"self":[{"href":"https:\/\/bibliotecas.unileon.es\/tULEctura\/wp-json\/wp\/v2\/pages\/47386","targetHints":{"allow":["GET"]}}],"collection":[{"href":"https:\/\/bibliotecas.unileon.es\/tULEctura\/wp-json\/wp\/v2\/pages"}],"about":[{"href":"https:\/\/bibliotecas.unileon.es\/tULEctura\/wp-json\/wp\/v2\/types\/page"}],"author":[{"embeddable":true,"href":"https:\/\/bibliotecas.unileon.es\/tULEctura\/wp-json\/wp\/v2\/users\/73"}],"replies":[{"embeddable":true,"href":"https:\/\/bibliotecas.unileon.es\/tULEctura\/wp-json\/wp\/v2\/comments?post=47386"}],"version-history":[{"count":1,"href":"https:\/\/bibliotecas.unileon.es\/tULEctura\/wp-json\/wp\/v2\/pages\/47386\/revisions"}],"predecessor-version":[{"id":47388,"href":"https:\/\/bibliotecas.unileon.es\/tULEctura\/wp-json\/wp\/v2\/pages\/47386\/revisions\/47388"}],"up":[{"embeddable":true,"href":"https:\/\/bibliotecas.unileon.es\/tULEctura\/wp-json\/wp\/v2\/pages\/47381"}],"wp:attachment":[{"href":"https:\/\/bibliotecas.unileon.es\/tULEctura\/wp-json\/wp\/v2\/media?parent=47386"}],"curies":[{"name":"wp","href":"https:\/\/api.w.org\/{rel}","templated":true}]}}