{"id":47390,"date":"2019-07-15T12:00:32","date_gmt":"2019-07-15T10:00:32","guid":{"rendered":"http:\/\/bibliotecas.unileon.es\/tULEctura\/?page_id=47390"},"modified":"2019-12-04T08:55:44","modified_gmt":"2019-12-04T07:55:44","slug":"antonio-pereira-23-lectores-complices","status":"publish","type":"page","link":"https:\/\/bibliotecas.unileon.es\/tULEctura\/pagina-ejemplo\/curso-2019-2020\/antonio-pereira-23-lectores-complices\/","title":{"rendered":"Lectura 3: Antonio Pereira y 23 lectores c\u00f3mplices"},"content":{"rendered":"<h2 class=\"entry-title\" style=\"text-align: center;\"><span style=\"color: #696906;\">Antonio Pereira y 23 lectores c\u00f3mplices<\/span><\/h2>\n<p style=\"text-align: justify;\">Pereira, Antonio, 1923-2009<img loading=\"lazy\" decoding=\"async\" class=\"alignright wp-image-47391\" src=\"http:\/\/bibliotecas.unileon.es\/tULEctura\/files\/2019\/07\/9788417315665_Antonio_Pereria_y_23_lectores_complices-429x600-215x300.jpg\" alt=\"\" width=\"185\" height=\"258\" srcset=\"https:\/\/bibliotecas.unileon.es\/tULEctura\/files\/2019\/07\/9788417315665_Antonio_Pereria_y_23_lectores_complices-429x600-215x300.jpg 215w, https:\/\/bibliotecas.unileon.es\/tULEctura\/files\/2019\/07\/9788417315665_Antonio_Pereria_y_23_lectores_complices-429x600.jpg 429w\" sizes=\"auto, (max-width: 185px) 100vw, 185px\" \/><br \/>\nAntonio Pereira y 23 lectores c\u00f3mplices \/ [Antonio Pereira] ; edici\u00f3n de\u00a0 Natalia \u00c1lvarez M\u00e9ndez y \u00c1ngeles Encinar.<br \/>\nLe\u00f3n : Eolas, 2019<br \/>\n296 p<br \/>\n978-84-17315-66-5<\/p>\n<p><span style=\"color: #696906;\"><strong>Calendario<\/strong><\/span><\/p>\n<ul>\n<li>11 de noviembre de 2019:<span style=\"color: #696906;\"><strong> <a style=\"color: #696906;\" href=\"https:\/\/bibliotecas.unileon.es\/tULEctura\/2019\/11\/11\/antonio-pereira-y-23-lectores-complices-guia-a-la-lectura\/\" target=\"_blank\" rel=\"noopener noreferrer\">Coloquio participativo de gu\u00eda a la lectura.<\/a><\/strong><\/span><\/li>\n<li>18 de noviembre de 2019: <span style=\"color: #696906;\"><strong><a style=\"color: #696906;\" href=\"https:\/\/bibliotecas.unileon.es\/tULEctura\/2019\/11\/20\/antonio-pereira-y-23-lectores-complices-coloquio-de-los-socios\/\" target=\"_blank\" rel=\"noopener noreferrer\"><span style=\"color: #696906;\">Coloquio<\/span> participativo de los socios.<\/a><\/strong><\/span><\/li>\n<li>25 de noviembre de 2019. \u00a0<span style=\"color: #696906;\"><strong><a style=\"color: #696906;\" href=\"https:\/\/videos.unileon.es\/video\/5de6531e8f420843458b4572\" target=\"_blank\" rel=\"noopener noreferrer\">Encuentro de los socios con Jos\u00e9 Mar\u00eda Merino (v\u00eddeo)<\/a><\/strong><\/span><\/li>\n<\/ul>\n<p><span style=\"color: #696906;\"><strong>Lugar y horario<\/strong><\/span><\/p>\n<p style=\"text-align: justify;\">Los encuentros de esta \u00a0lectura tendr\u00e1n lugar en la sala de conferencias de la Biblioteca General San Isidoro a las 19:00 horas.\u00a0Se ruega puntualidad.<\/p>\n<p>&nbsp;<\/p>\n<p><strong><span style=\"color: #696906;\">La obra (informaci\u00f3n de la editorial)<\/span><\/strong><\/p>\n<p style=\"text-align: justify;\">Veintitr\u00e9s cuentos memorables con veintitr\u00e9s comentarios sobre ellos, realizados por escritores actuales de renombre, componen este libro de Antonio Pereira, autor sobresaliente en la literatura espa\u00f1ola contempor\u00e1nea. En sus m\u00e1s de veinte colecciones de relatos, evidencia su dominio de este g\u00e9nero, caracterizado por la brevedad, la insinuaci\u00f3n, la intensidad y la elusi\u00f3n.<\/p>\n<p style=\"text-align: justify;\">Narrador agudo y lector c\u00f3mplice son los dos ejes fundamentales de las figuraciones de Antonio Pereira. Es concienzudo al escribir, demuestra ser arquitecto de estructuras, maestro de la digresi\u00f3n, relator ni ingenuo ni maleado y, adem\u00e1s, due\u00f1o de la palabra. Con esos elementos convierte sus cuentos en aut\u00e9nticas met\u00e1foras de la vida y de un mundo donde la fabulaci\u00f3n se impone sobre la realidad. Y hay que a\u00f1adir el humor presente en todas las narraciones, a veces tierno, a veces socarr\u00f3n, y fruto de agudezas, dobles sentidos e iron\u00edas finas y amables.<\/p>\n<p style=\"text-align: justify;\">Invitamos a todos a disfrutar del placer de la lectura de unas historias inolvidables y a convertirse en los lectores c\u00f3mplices de este extraordinario autor.<\/p>\n<p>&nbsp;<\/p>\n<p><span style=\"color: #696906;\"><strong>Puedes empezar a leer Antonio Pereira y 23 lectores c\u00f3mplices<\/strong><\/span><\/p>\n<div data-url=\"https:\/\/issuu.com\/eolas.ediciones\/docs\/antonio_pereira_y_23_lectores_compl\" style=\"width: 625px; height: 437px;\" class=\"issuuembed\"><\/div>\n<p><script type=\"text\/javascript\" src=\"\/\/e.issuu.com\/embed.js\" async=\"true\"><\/script><\/p>\n","protected":false},"excerpt":{"rendered":"<p>Antonio Pereira y 23 lectores c\u00f3mplices Pereira, Antonio, 1923-2009 Antonio Pereira y 23 lectores c\u00f3mplices \/ [Antonio Pereira] ; edici\u00f3n de\u00a0 Natalia \u00c1lvarez M\u00e9ndez y \u00c1ngeles Encinar. Le\u00f3n : Eolas, 2019 296 p 978-84-17315-66-5 Calendario 11 de noviembre de 2019: Coloquio participativo de gu\u00eda a la lectura. 18 de noviembre de 2019: Coloquio participativo de [&hellip;]<\/p>\n","protected":false},"author":73,"featured_media":0,"parent":47381,"menu_order":3,"comment_status":"closed","ping_status":"closed","template":"","meta":{"_bbp_topic_count":0,"_bbp_reply_count":0,"_bbp_total_topic_count":0,"_bbp_total_reply_count":0,"_bbp_voice_count":0,"_bbp_anonymous_reply_count":0,"_bbp_topic_count_hidden":0,"_bbp_reply_count_hidden":0,"_bbp_forum_subforum_count":0,"_monsterinsights_skip_tracking":false,"_monsterinsights_sitenote_active":false,"_monsterinsights_sitenote_note":"","_monsterinsights_sitenote_category":0,"footnotes":""},"class_list":["post-47390","page","type-page","status-publish","hentry"],"yoast_head":"<!-- This site is optimized with the Yoast SEO plugin v25.8 - https:\/\/yoast.com\/wordpress\/plugins\/seo\/ -->\n<title>Lectura 3: Antonio Pereira y 23 lectores c\u00f3mplices - tULEctura<\/title>\n<meta name=\"robots\" content=\"index, follow, max-snippet:-1, max-image-preview:large, max-video-preview:-1\" \/>\n<link rel=\"canonical\" href=\"https:\/\/bibliotecas.unileon.es\/tULEctura\/pagina-ejemplo\/curso-2019-2020\/antonio-pereira-23-lectores-complices\/\" \/>\n<meta property=\"og:locale\" content=\"es_ES\" \/>\n<meta property=\"og:type\" content=\"article\" \/>\n<meta property=\"og:title\" content=\"Lectura 3: Antonio Pereira y 23 lectores c\u00f3mplices - tULEctura\" \/>\n<meta property=\"og:description\" content=\"Antonio Pereira y 23 lectores c\u00f3mplices Pereira, Antonio, 1923-2009 Antonio Pereira y 23 lectores c\u00f3mplices \/ [Antonio Pereira] ; edici\u00f3n de\u00a0 Natalia \u00c1lvarez M\u00e9ndez y \u00c1ngeles Encinar. Le\u00f3n : Eolas, 2019 296 p 978-84-17315-66-5 Calendario 11 de noviembre de 2019: Coloquio participativo de gu\u00eda a la lectura. 18 de noviembre de 2019: Coloquio participativo de [&hellip;]\" \/>\n<meta property=\"og:url\" content=\"https:\/\/bibliotecas.unileon.es\/tULEctura\/pagina-ejemplo\/curso-2019-2020\/antonio-pereira-23-lectores-complices\/\" \/>\n<meta property=\"og:site_name\" content=\"tULEctura\" \/>\n<meta property=\"article:publisher\" content=\"https:\/\/www.facebook.com\/tulectura.unileon\/\" \/>\n<meta property=\"article:modified_time\" content=\"2019-12-04T07:55:44+00:00\" \/>\n<meta property=\"og:image\" content=\"https:\/\/bibliotecas.unileon.es\/tULEctura\/files\/2019\/07\/9788417315665_Antonio_Pereria_y_23_lectores_complices-429x600.jpg\" \/>\n\t<meta property=\"og:image:width\" content=\"429\" \/>\n\t<meta property=\"og:image:height\" content=\"600\" \/>\n\t<meta property=\"og:image:type\" content=\"image\/jpeg\" \/>\n<meta name=\"twitter:card\" content=\"summary_large_image\" \/>\n<meta name=\"twitter:site\" content=\"@tULEctura_ULE\" \/>\n<meta name=\"twitter:label1\" content=\"Tiempo de lectura\" \/>\n\t<meta name=\"twitter:data1\" content=\"2 minutos\" \/>\n<script type=\"application\/ld+json\" class=\"yoast-schema-graph\">{\"@context\":\"https:\/\/schema.org\",\"@graph\":[{\"@type\":\"WebPage\",\"@id\":\"https:\/\/bibliotecas.unileon.es\/tULEctura\/pagina-ejemplo\/curso-2019-2020\/antonio-pereira-23-lectores-complices\/\",\"url\":\"https:\/\/bibliotecas.unileon.es\/tULEctura\/pagina-ejemplo\/curso-2019-2020\/antonio-pereira-23-lectores-complices\/\",\"name\":\"Lectura 3: Antonio Pereira y 23 lectores c\u00f3mplices - tULEctura\",\"isPartOf\":{\"@id\":\"https:\/\/bibliotecas.unileon.es\/tULEctura\/#website\"},\"primaryImageOfPage\":{\"@id\":\"https:\/\/bibliotecas.unileon.es\/tULEctura\/pagina-ejemplo\/curso-2019-2020\/antonio-pereira-23-lectores-complices\/#primaryimage\"},\"image\":{\"@id\":\"https:\/\/bibliotecas.unileon.es\/tULEctura\/pagina-ejemplo\/curso-2019-2020\/antonio-pereira-23-lectores-complices\/#primaryimage\"},\"thumbnailUrl\":\"http:\/\/bibliotecas.unileon.es\/tULEctura\/files\/2019\/07\/9788417315665_Antonio_Pereria_y_23_lectores_complices-429x600-215x300.jpg\",\"datePublished\":\"2019-07-15T10:00:32+00:00\",\"dateModified\":\"2019-12-04T07:55:44+00:00\",\"breadcrumb\":{\"@id\":\"https:\/\/bibliotecas.unileon.es\/tULEctura\/pagina-ejemplo\/curso-2019-2020\/antonio-pereira-23-lectores-complices\/#breadcrumb\"},\"inLanguage\":\"es\",\"potentialAction\":[{\"@type\":\"ReadAction\",\"target\":[\"https:\/\/bibliotecas.unileon.es\/tULEctura\/pagina-ejemplo\/curso-2019-2020\/antonio-pereira-23-lectores-complices\/\"]}]},{\"@type\":\"ImageObject\",\"inLanguage\":\"es\",\"@id\":\"https:\/\/bibliotecas.unileon.es\/tULEctura\/pagina-ejemplo\/curso-2019-2020\/antonio-pereira-23-lectores-complices\/#primaryimage\",\"url\":\"https:\/\/bibliotecas.unileon.es\/tULEctura\/files\/2019\/07\/9788417315665_Antonio_Pereria_y_23_lectores_complices-429x600.jpg\",\"contentUrl\":\"https:\/\/bibliotecas.unileon.es\/tULEctura\/files\/2019\/07\/9788417315665_Antonio_Pereria_y_23_lectores_complices-429x600.jpg\",\"width\":429,\"height\":600},{\"@type\":\"BreadcrumbList\",\"@id\":\"https:\/\/bibliotecas.unileon.es\/tULEctura\/pagina-ejemplo\/curso-2019-2020\/antonio-pereira-23-lectores-complices\/#breadcrumb\",\"itemListElement\":[{\"@type\":\"ListItem\",\"position\":1,\"name\":\"Home\",\"item\":\"https:\/\/bibliotecas.unileon.es\/tULEctura\/\"},{\"@type\":\"ListItem\",\"position\":2,\"name\":\"Club de Lectura\",\"item\":\"https:\/\/bibliotecas.unileon.es\/tULEctura\/pagina-ejemplo\/\"},{\"@type\":\"ListItem\",\"position\":3,\"name\":\"Curso 2019-2020\",\"item\":\"https:\/\/bibliotecas.unileon.es\/tULEctura\/pagina-ejemplo\/curso-2019-2020\/\"},{\"@type\":\"ListItem\",\"position\":4,\"name\":\"Lectura 3: Antonio Pereira y 23 lectores c\u00f3mplices\"}]},{\"@type\":\"WebSite\",\"@id\":\"https:\/\/bibliotecas.unileon.es\/tULEctura\/#website\",\"url\":\"https:\/\/bibliotecas.unileon.es\/tULEctura\/\",\"name\":\"tULEctura\",\"description\":\"Espacio de la Universidad de Le\u00f3n dedicado a la lectura\",\"publisher\":{\"@id\":\"https:\/\/bibliotecas.unileon.es\/tULEctura\/#organization\"},\"potentialAction\":[{\"@type\":\"SearchAction\",\"target\":{\"@type\":\"EntryPoint\",\"urlTemplate\":\"https:\/\/bibliotecas.unileon.es\/tULEctura\/?s={search_term_string}\"},\"query-input\":{\"@type\":\"PropertyValueSpecification\",\"valueRequired\":true,\"valueName\":\"search_term_string\"}}],\"inLanguage\":\"es\"},{\"@type\":\"Organization\",\"@id\":\"https:\/\/bibliotecas.unileon.es\/tULEctura\/#organization\",\"name\":\"Universidad de Le\u00f3n\",\"url\":\"https:\/\/bibliotecas.unileon.es\/tULEctura\/\",\"logo\":{\"@type\":\"ImageObject\",\"inLanguage\":\"es\",\"@id\":\"https:\/\/bibliotecas.unileon.es\/tULEctura\/#\/schema\/logo\/image\/\",\"url\":\"https:\/\/bibliotecas.unileon.es\/tULEctura\/files\/2018\/08\/TULECTURA_LOGO1.png\",\"contentUrl\":\"https:\/\/bibliotecas.unileon.es\/tULEctura\/files\/2018\/08\/TULECTURA_LOGO1.png\",\"width\":\"960\",\"height\":\"258\",\"caption\":\"Universidad de Le\u00f3n\"},\"image\":{\"@id\":\"https:\/\/bibliotecas.unileon.es\/tULEctura\/#\/schema\/logo\/image\/\"},\"sameAs\":[\"https:\/\/www.facebook.com\/tulectura.unileon\/\",\"https:\/\/x.com\/tULEctura_ULE\",\"https:\/\/www.instagram.com\/tulectura.unileon\/\",\"https:\/\/www.pinterest.es\/tulectura\/\",\"https:\/\/www.youtube.com\/channel\/UCoWaDD39lVlAQcOchwlTPVw\"]}]}<\/script>\n<!-- \/ Yoast SEO plugin. -->","yoast_head_json":{"title":"Lectura 3: Antonio Pereira y 23 lectores c\u00f3mplices - tULEctura","robots":{"index":"index","follow":"follow","max-snippet":"max-snippet:-1","max-image-preview":"max-image-preview:large","max-video-preview":"max-video-preview:-1"},"canonical":"https:\/\/bibliotecas.unileon.es\/tULEctura\/pagina-ejemplo\/curso-2019-2020\/antonio-pereira-23-lectores-complices\/","og_locale":"es_ES","og_type":"article","og_title":"Lectura 3: Antonio Pereira y 23 lectores c\u00f3mplices - tULEctura","og_description":"Antonio Pereira y 23 lectores c\u00f3mplices Pereira, Antonio, 1923-2009 Antonio Pereira y 23 lectores c\u00f3mplices \/ [Antonio Pereira] ; edici\u00f3n de\u00a0 Natalia \u00c1lvarez M\u00e9ndez y \u00c1ngeles Encinar. Le\u00f3n : Eolas, 2019 296 p 978-84-17315-66-5 Calendario 11 de noviembre de 2019: Coloquio participativo de gu\u00eda a la lectura. 18 de noviembre de 2019: Coloquio participativo de [&hellip;]","og_url":"https:\/\/bibliotecas.unileon.es\/tULEctura\/pagina-ejemplo\/curso-2019-2020\/antonio-pereira-23-lectores-complices\/","og_site_name":"tULEctura","article_publisher":"https:\/\/www.facebook.com\/tulectura.unileon\/","article_modified_time":"2019-12-04T07:55:44+00:00","og_image":[{"width":429,"height":600,"url":"https:\/\/bibliotecas.unileon.es\/tULEctura\/files\/2019\/07\/9788417315665_Antonio_Pereria_y_23_lectores_complices-429x600.jpg","type":"image\/jpeg"}],"twitter_card":"summary_large_image","twitter_site":"@tULEctura_ULE","twitter_misc":{"Tiempo de lectura":"2 minutos"},"schema":{"@context":"https:\/\/schema.org","@graph":[{"@type":"WebPage","@id":"https:\/\/bibliotecas.unileon.es\/tULEctura\/pagina-ejemplo\/curso-2019-2020\/antonio-pereira-23-lectores-complices\/","url":"https:\/\/bibliotecas.unileon.es\/tULEctura\/pagina-ejemplo\/curso-2019-2020\/antonio-pereira-23-lectores-complices\/","name":"Lectura 3: Antonio Pereira y 23 lectores c\u00f3mplices - tULEctura","isPartOf":{"@id":"https:\/\/bibliotecas.unileon.es\/tULEctura\/#website"},"primaryImageOfPage":{"@id":"https:\/\/bibliotecas.unileon.es\/tULEctura\/pagina-ejemplo\/curso-2019-2020\/antonio-pereira-23-lectores-complices\/#primaryimage"},"image":{"@id":"https:\/\/bibliotecas.unileon.es\/tULEctura\/pagina-ejemplo\/curso-2019-2020\/antonio-pereira-23-lectores-complices\/#primaryimage"},"thumbnailUrl":"http:\/\/bibliotecas.unileon.es\/tULEctura\/files\/2019\/07\/9788417315665_Antonio_Pereria_y_23_lectores_complices-429x600-215x300.jpg","datePublished":"2019-07-15T10:00:32+00:00","dateModified":"2019-12-04T07:55:44+00:00","breadcrumb":{"@id":"https:\/\/bibliotecas.unileon.es\/tULEctura\/pagina-ejemplo\/curso-2019-2020\/antonio-pereira-23-lectores-complices\/#breadcrumb"},"inLanguage":"es","potentialAction":[{"@type":"ReadAction","target":["https:\/\/bibliotecas.unileon.es\/tULEctura\/pagina-ejemplo\/curso-2019-2020\/antonio-pereira-23-lectores-complices\/"]}]},{"@type":"ImageObject","inLanguage":"es","@id":"https:\/\/bibliotecas.unileon.es\/tULEctura\/pagina-ejemplo\/curso-2019-2020\/antonio-pereira-23-lectores-complices\/#primaryimage","url":"https:\/\/bibliotecas.unileon.es\/tULEctura\/files\/2019\/07\/9788417315665_Antonio_Pereria_y_23_lectores_complices-429x600.jpg","contentUrl":"https:\/\/bibliotecas.unileon.es\/tULEctura\/files\/2019\/07\/9788417315665_Antonio_Pereria_y_23_lectores_complices-429x600.jpg","width":429,"height":600},{"@type":"BreadcrumbList","@id":"https:\/\/bibliotecas.unileon.es\/tULEctura\/pagina-ejemplo\/curso-2019-2020\/antonio-pereira-23-lectores-complices\/#breadcrumb","itemListElement":[{"@type":"ListItem","position":1,"name":"Home","item":"https:\/\/bibliotecas.unileon.es\/tULEctura\/"},{"@type":"ListItem","position":2,"name":"Club de Lectura","item":"https:\/\/bibliotecas.unileon.es\/tULEctura\/pagina-ejemplo\/"},{"@type":"ListItem","position":3,"name":"Curso 2019-2020","item":"https:\/\/bibliotecas.unileon.es\/tULEctura\/pagina-ejemplo\/curso-2019-2020\/"},{"@type":"ListItem","position":4,"name":"Lectura 3: Antonio Pereira y 23 lectores c\u00f3mplices"}]},{"@type":"WebSite","@id":"https:\/\/bibliotecas.unileon.es\/tULEctura\/#website","url":"https:\/\/bibliotecas.unileon.es\/tULEctura\/","name":"tULEctura","description":"Espacio de la Universidad de Le\u00f3n dedicado a la lectura","publisher":{"@id":"https:\/\/bibliotecas.unileon.es\/tULEctura\/#organization"},"potentialAction":[{"@type":"SearchAction","target":{"@type":"EntryPoint","urlTemplate":"https:\/\/bibliotecas.unileon.es\/tULEctura\/?s={search_term_string}"},"query-input":{"@type":"PropertyValueSpecification","valueRequired":true,"valueName":"search_term_string"}}],"inLanguage":"es"},{"@type":"Organization","@id":"https:\/\/bibliotecas.unileon.es\/tULEctura\/#organization","name":"Universidad de Le\u00f3n","url":"https:\/\/bibliotecas.unileon.es\/tULEctura\/","logo":{"@type":"ImageObject","inLanguage":"es","@id":"https:\/\/bibliotecas.unileon.es\/tULEctura\/#\/schema\/logo\/image\/","url":"https:\/\/bibliotecas.unileon.es\/tULEctura\/files\/2018\/08\/TULECTURA_LOGO1.png","contentUrl":"https:\/\/bibliotecas.unileon.es\/tULEctura\/files\/2018\/08\/TULECTURA_LOGO1.png","width":"960","height":"258","caption":"Universidad de Le\u00f3n"},"image":{"@id":"https:\/\/bibliotecas.unileon.es\/tULEctura\/#\/schema\/logo\/image\/"},"sameAs":["https:\/\/www.facebook.com\/tulectura.unileon\/","https:\/\/x.com\/tULEctura_ULE","https:\/\/www.instagram.com\/tulectura.unileon\/","https:\/\/www.pinterest.es\/tulectura\/","https:\/\/www.youtube.com\/channel\/UCoWaDD39lVlAQcOchwlTPVw"]}]}},"_links":{"self":[{"href":"https:\/\/bibliotecas.unileon.es\/tULEctura\/wp-json\/wp\/v2\/pages\/47390","targetHints":{"allow":["GET"]}}],"collection":[{"href":"https:\/\/bibliotecas.unileon.es\/tULEctura\/wp-json\/wp\/v2\/pages"}],"about":[{"href":"https:\/\/bibliotecas.unileon.es\/tULEctura\/wp-json\/wp\/v2\/types\/page"}],"author":[{"embeddable":true,"href":"https:\/\/bibliotecas.unileon.es\/tULEctura\/wp-json\/wp\/v2\/users\/73"}],"replies":[{"embeddable":true,"href":"https:\/\/bibliotecas.unileon.es\/tULEctura\/wp-json\/wp\/v2\/comments?post=47390"}],"version-history":[{"count":1,"href":"https:\/\/bibliotecas.unileon.es\/tULEctura\/wp-json\/wp\/v2\/pages\/47390\/revisions"}],"predecessor-version":[{"id":47392,"href":"https:\/\/bibliotecas.unileon.es\/tULEctura\/wp-json\/wp\/v2\/pages\/47390\/revisions\/47392"}],"up":[{"embeddable":true,"href":"https:\/\/bibliotecas.unileon.es\/tULEctura\/wp-json\/wp\/v2\/pages\/47381"}],"wp:attachment":[{"href":"https:\/\/bibliotecas.unileon.es\/tULEctura\/wp-json\/wp\/v2\/media?parent=47390"}],"curies":[{"name":"wp","href":"https:\/\/api.w.org\/{rel}","templated":true}]}}