{"id":47397,"date":"2019-07-15T12:00:15","date_gmt":"2019-07-15T10:00:15","guid":{"rendered":"http:\/\/bibliotecas.unileon.es\/tULEctura\/?page_id=47397"},"modified":"2019-12-17T14:14:41","modified_gmt":"2019-12-17T13:14:41","slug":"manuscrito-de-aire-luis-garcia-jambrina","status":"publish","type":"page","link":"https:\/\/bibliotecas.unileon.es\/tULEctura\/pagina-ejemplo\/curso-2019-2020\/manuscrito-de-aire-luis-garcia-jambrina\/","title":{"rendered":"Lectura 4: El manuscrito de aire"},"content":{"rendered":"<div class=\"titol\">\n<h2 style=\"text-align: center;\"><span style=\"color: #008080;\">\u00abEl manuscrito de aire\u00bb, de Luis Garc\u00eda Jambrina<\/span><\/h2>\n<\/div>\n<p>Garc\u00eda Jambrina, Luis<img loading=\"lazy\" decoding=\"async\" class=\"alignright wp-image-47398\" src=\"http:\/\/bibliotecas.unileon.es\/tULEctura\/files\/2019\/07\/portada_el-manuscrito-de-aire_luis-garcia-jambrina_201906041405-197x300.jpg\" alt=\"\" width=\"185\" height=\"282\" srcset=\"https:\/\/bibliotecas.unileon.es\/tULEctura\/files\/2019\/07\/portada_el-manuscrito-de-aire_luis-garcia-jambrina_201906041405-197x300.jpg 197w, https:\/\/bibliotecas.unileon.es\/tULEctura\/files\/2019\/07\/portada_el-manuscrito-de-aire_luis-garcia-jambrina_201906041405.jpg 252w\" sizes=\"auto, (max-width: 185px) 100vw, 185px\" \/><br \/>\nEl manuscrito de aire \/\u00a0 Luis Garc\u00eda Jambrina<br \/>\nMadrid\u00a0 : Espasa, 2019<br \/>\n320 p<br \/>\n978-84-670-5347-0<\/p>\n<p><span style=\"color: #008080;\"><strong>Calendario<\/strong><\/span><\/p>\n<ul>\n<li style=\"text-align: justify;\">2 de diciembre de 2019: <strong><a href=\"https:\/\/bibliotecas.unileon.es\/tULEctura\/2019\/12\/02\/guia-a-la-lectura-el-manuscrito-del-aire-de-luis-garcia-jambrina\/\" target=\"_blank\" rel=\"noopener noreferrer\">Coloquio participativo de gu\u00eda a la lectura.<\/a><\/strong><\/li>\n<li style=\"text-align: justify;\">10 de diciembre de 2019 \u00a0Coloquio participativo de los socios.<\/li>\n<li>16 de diciembre de 2019. \u00a0<strong><a href=\"https:\/\/videos.unileon.es\/video\/5df88c248f420838338b456c\" target=\"_blank\" rel=\"noopener noreferrer\">Encuentro de los socios con Luis Garc\u00eda Jambrina (v\u00eddeo).<\/a><\/strong><\/li>\n<\/ul>\n<p><span style=\"color: #008080;\"><strong>Lugar y horario<\/strong><\/span><\/p>\n<p style=\"text-align: justify;\">Los encuentros de esta \u00a0lectura tendr\u00e1n lugar en la sala de conferencias de la Biblioteca General San Isidoro a las 19:00 horas. Se ruega puntualidad.<\/p>\n<p><span style=\"color: #008080;\"><strong>La obra\u00a0(informaci\u00f3n de la editorial)<\/strong><\/span><\/p>\n<p style=\"text-align: justify;\"><span style=\"text-align: justify; font-size: 1rem;\">El 6 de enero de 1515, una peque\u00f1a aldea de indios ta\u00ednos muy pr\u00f3xima a la ciudad de Santo Domingo, en la isla La Espa\u00f1ola (Hait\u00ed, para los nativos), es arrasada por el fuego. Conmovidos por la tragedia, varios frailes dominicos se dirigen a Espa\u00f1a para rogar al rey que env\u00ede a alguien a la isla para descubrir a los culpables y hacer justicia.<\/span><\/p>\n<section class=\"contingut-principal\">\n<div class=\"wrapper\">\n<div class=\"fitxa fitxa-llibre\">\n<div class=\"bloc dades-generals\">\n<div class=\"fitxa-bloc-b\">\n<div class=\"fitxa-bloc-b3\">\n<div id=\"capsa-sinopsi\" class=\"sinopsi\">\n<p style=\"text-align: justify;\">El encargado de la investigaci\u00f3n ser\u00e1 Fernando de Rojas, hombre resuelto y de confianza, autor de la c\u00e9lebre Celestina, que acepta el encargo pese a las enormes dificultades que entra\u00f1a. Una vez all\u00ed, Rojas conocer\u00e1 de primera mano la situaci\u00f3n en la que se encuentran los indios, cuya poblaci\u00f3n ha sido diezmada desde la llegada de los espa\u00f1oles, que los utilizan como esclavos para extraer oro. De hecho, entre los posibles motivos de la masacre est\u00e1n precisamente el castigo y la venganza por haberse rebelado.<\/p>\n<\/div>\n<p><span style=\"color: #008080;\"><strong>El autor <span style=\"color: #008080;\">(informaci\u00f3n<\/span> de la editorial)<\/strong><\/span><\/p>\n<p style=\"text-align: justify;\"><span style=\"color: #008080;\">Luis Garc\u00eda Jambrina<\/span> es doctor en Filolog\u00eda Hisp\u00e1nica por la Universidad de Salamanca y profesor titular de la misma. Tambi\u00e9n es cr\u00edtico literario en el suplemento cultural del diario ABC. En novela, ha cultivado g\u00e9neros muy distintos, entre los que destacan <em>En tierra de lobos<\/em> y la serie compuesta por <em>El manuscrito de piedra<\/em>, <em>El manuscrito de nieve, El manuscrito de fuego<\/em> y ahora <em>El manuscrito de aire<\/em>.<\/p>\n<\/div>\n<\/div>\n<\/div>\n<\/div>\n<\/div>\n<\/section>\n<div id=\"botbutton\" class=\"quriobotWidgetButton hoverModeOn\" role=\"button\" aria-label=\"\u00bfEmpezamos?\" aria-haspopup=\"true\" aria-expanded=\"false\" aria-hidden=\"true\">\n<div id=\"quriobotWidgetPopup\" class=\"quriobotWidgetPopup\"><\/div>\n<\/div>\n","protected":false},"excerpt":{"rendered":"<p>\u00abEl manuscrito de aire\u00bb, de Luis Garc\u00eda Jambrina Garc\u00eda Jambrina, Luis El manuscrito de aire \/\u00a0 Luis Garc\u00eda Jambrina Madrid\u00a0 : Espasa, 2019 320 p 978-84-670-5347-0 Calendario 2 de diciembre de 2019: Coloquio participativo de gu\u00eda a la lectura. 10 de diciembre de 2019 \u00a0Coloquio participativo de los socios. 16 de diciembre de 2019. \u00a0Encuentro [&hellip;]<\/p>\n","protected":false},"author":73,"featured_media":0,"parent":47381,"menu_order":4,"comment_status":"closed","ping_status":"closed","template":"","meta":{"_bbp_topic_count":0,"_bbp_reply_count":0,"_bbp_total_topic_count":0,"_bbp_total_reply_count":0,"_bbp_voice_count":0,"_bbp_anonymous_reply_count":0,"_bbp_topic_count_hidden":0,"_bbp_reply_count_hidden":0,"_bbp_forum_subforum_count":0,"_monsterinsights_skip_tracking":false,"_monsterinsights_sitenote_active":false,"_monsterinsights_sitenote_note":"","_monsterinsights_sitenote_category":0,"footnotes":""},"class_list":["post-47397","page","type-page","status-publish","hentry"],"yoast_head":"<!-- This site is optimized with the Yoast SEO plugin v25.8 - https:\/\/yoast.com\/wordpress\/plugins\/seo\/ -->\n<title>Lectura 4: El manuscrito de aire - tULEctura<\/title>\n<meta name=\"robots\" content=\"index, follow, max-snippet:-1, max-image-preview:large, max-video-preview:-1\" \/>\n<link rel=\"canonical\" href=\"https:\/\/bibliotecas.unileon.es\/tULEctura\/pagina-ejemplo\/curso-2019-2020\/manuscrito-de-aire-luis-garcia-jambrina\/\" \/>\n<meta property=\"og:locale\" content=\"es_ES\" \/>\n<meta property=\"og:type\" content=\"article\" \/>\n<meta property=\"og:title\" content=\"Lectura 4: El manuscrito de aire - tULEctura\" \/>\n<meta property=\"og:description\" content=\"\u00abEl manuscrito de aire\u00bb, de Luis Garc\u00eda Jambrina Garc\u00eda Jambrina, Luis El manuscrito de aire \/\u00a0 Luis Garc\u00eda Jambrina Madrid\u00a0 : Espasa, 2019 320 p 978-84-670-5347-0 Calendario 2 de diciembre de 2019: Coloquio participativo de gu\u00eda a la lectura. 10 de diciembre de 2019 \u00a0Coloquio participativo de los socios. 16 de diciembre de 2019. \u00a0Encuentro [&hellip;]\" \/>\n<meta property=\"og:url\" content=\"https:\/\/bibliotecas.unileon.es\/tULEctura\/pagina-ejemplo\/curso-2019-2020\/manuscrito-de-aire-luis-garcia-jambrina\/\" \/>\n<meta property=\"og:site_name\" content=\"tULEctura\" \/>\n<meta property=\"article:publisher\" content=\"https:\/\/www.facebook.com\/tulectura.unileon\/\" \/>\n<meta property=\"article:modified_time\" content=\"2019-12-17T13:14:41+00:00\" \/>\n<meta property=\"og:image\" content=\"https:\/\/bibliotecas.unileon.es\/tULEctura\/files\/2019\/07\/portada_el-manuscrito-de-aire_luis-garcia-jambrina_201906041405.jpg\" \/>\n\t<meta property=\"og:image:width\" content=\"252\" \/>\n\t<meta property=\"og:image:height\" content=\"383\" \/>\n\t<meta property=\"og:image:type\" content=\"image\/jpeg\" \/>\n<meta name=\"twitter:card\" content=\"summary_large_image\" \/>\n<meta name=\"twitter:site\" content=\"@tULEctura_ULE\" \/>\n<meta name=\"twitter:label1\" content=\"Tiempo de lectura\" \/>\n\t<meta name=\"twitter:data1\" content=\"2 minutos\" \/>\n<script type=\"application\/ld+json\" class=\"yoast-schema-graph\">{\"@context\":\"https:\/\/schema.org\",\"@graph\":[{\"@type\":\"WebPage\",\"@id\":\"https:\/\/bibliotecas.unileon.es\/tULEctura\/pagina-ejemplo\/curso-2019-2020\/manuscrito-de-aire-luis-garcia-jambrina\/\",\"url\":\"https:\/\/bibliotecas.unileon.es\/tULEctura\/pagina-ejemplo\/curso-2019-2020\/manuscrito-de-aire-luis-garcia-jambrina\/\",\"name\":\"Lectura 4: El manuscrito de aire - tULEctura\",\"isPartOf\":{\"@id\":\"https:\/\/bibliotecas.unileon.es\/tULEctura\/#website\"},\"primaryImageOfPage\":{\"@id\":\"https:\/\/bibliotecas.unileon.es\/tULEctura\/pagina-ejemplo\/curso-2019-2020\/manuscrito-de-aire-luis-garcia-jambrina\/#primaryimage\"},\"image\":{\"@id\":\"https:\/\/bibliotecas.unileon.es\/tULEctura\/pagina-ejemplo\/curso-2019-2020\/manuscrito-de-aire-luis-garcia-jambrina\/#primaryimage\"},\"thumbnailUrl\":\"http:\/\/bibliotecas.unileon.es\/tULEctura\/files\/2019\/07\/portada_el-manuscrito-de-aire_luis-garcia-jambrina_201906041405-197x300.jpg\",\"datePublished\":\"2019-07-15T10:00:15+00:00\",\"dateModified\":\"2019-12-17T13:14:41+00:00\",\"breadcrumb\":{\"@id\":\"https:\/\/bibliotecas.unileon.es\/tULEctura\/pagina-ejemplo\/curso-2019-2020\/manuscrito-de-aire-luis-garcia-jambrina\/#breadcrumb\"},\"inLanguage\":\"es\",\"potentialAction\":[{\"@type\":\"ReadAction\",\"target\":[\"https:\/\/bibliotecas.unileon.es\/tULEctura\/pagina-ejemplo\/curso-2019-2020\/manuscrito-de-aire-luis-garcia-jambrina\/\"]}]},{\"@type\":\"ImageObject\",\"inLanguage\":\"es\",\"@id\":\"https:\/\/bibliotecas.unileon.es\/tULEctura\/pagina-ejemplo\/curso-2019-2020\/manuscrito-de-aire-luis-garcia-jambrina\/#primaryimage\",\"url\":\"https:\/\/bibliotecas.unileon.es\/tULEctura\/files\/2019\/07\/portada_el-manuscrito-de-aire_luis-garcia-jambrina_201906041405.jpg\",\"contentUrl\":\"https:\/\/bibliotecas.unileon.es\/tULEctura\/files\/2019\/07\/portada_el-manuscrito-de-aire_luis-garcia-jambrina_201906041405.jpg\",\"width\":252,\"height\":383,\"caption\":\"El manuscrito de aire\"},{\"@type\":\"BreadcrumbList\",\"@id\":\"https:\/\/bibliotecas.unileon.es\/tULEctura\/pagina-ejemplo\/curso-2019-2020\/manuscrito-de-aire-luis-garcia-jambrina\/#breadcrumb\",\"itemListElement\":[{\"@type\":\"ListItem\",\"position\":1,\"name\":\"Home\",\"item\":\"https:\/\/bibliotecas.unileon.es\/tULEctura\/\"},{\"@type\":\"ListItem\",\"position\":2,\"name\":\"Club de Lectura\",\"item\":\"https:\/\/bibliotecas.unileon.es\/tULEctura\/pagina-ejemplo\/\"},{\"@type\":\"ListItem\",\"position\":3,\"name\":\"Curso 2019-2020\",\"item\":\"https:\/\/bibliotecas.unileon.es\/tULEctura\/pagina-ejemplo\/curso-2019-2020\/\"},{\"@type\":\"ListItem\",\"position\":4,\"name\":\"Lectura 4: El manuscrito de aire\"}]},{\"@type\":\"WebSite\",\"@id\":\"https:\/\/bibliotecas.unileon.es\/tULEctura\/#website\",\"url\":\"https:\/\/bibliotecas.unileon.es\/tULEctura\/\",\"name\":\"tULEctura\",\"description\":\"Espacio de la Universidad de Le\u00f3n dedicado a la lectura\",\"publisher\":{\"@id\":\"https:\/\/bibliotecas.unileon.es\/tULEctura\/#organization\"},\"potentialAction\":[{\"@type\":\"SearchAction\",\"target\":{\"@type\":\"EntryPoint\",\"urlTemplate\":\"https:\/\/bibliotecas.unileon.es\/tULEctura\/?s={search_term_string}\"},\"query-input\":{\"@type\":\"PropertyValueSpecification\",\"valueRequired\":true,\"valueName\":\"search_term_string\"}}],\"inLanguage\":\"es\"},{\"@type\":\"Organization\",\"@id\":\"https:\/\/bibliotecas.unileon.es\/tULEctura\/#organization\",\"name\":\"Universidad de Le\u00f3n\",\"url\":\"https:\/\/bibliotecas.unileon.es\/tULEctura\/\",\"logo\":{\"@type\":\"ImageObject\",\"inLanguage\":\"es\",\"@id\":\"https:\/\/bibliotecas.unileon.es\/tULEctura\/#\/schema\/logo\/image\/\",\"url\":\"https:\/\/bibliotecas.unileon.es\/tULEctura\/files\/2018\/08\/TULECTURA_LOGO1.png\",\"contentUrl\":\"https:\/\/bibliotecas.unileon.es\/tULEctura\/files\/2018\/08\/TULECTURA_LOGO1.png\",\"width\":\"960\",\"height\":\"258\",\"caption\":\"Universidad de Le\u00f3n\"},\"image\":{\"@id\":\"https:\/\/bibliotecas.unileon.es\/tULEctura\/#\/schema\/logo\/image\/\"},\"sameAs\":[\"https:\/\/www.facebook.com\/tulectura.unileon\/\",\"https:\/\/x.com\/tULEctura_ULE\",\"https:\/\/www.instagram.com\/tulectura.unileon\/\",\"https:\/\/www.pinterest.es\/tulectura\/\",\"https:\/\/www.youtube.com\/channel\/UCoWaDD39lVlAQcOchwlTPVw\"]}]}<\/script>\n<!-- \/ Yoast SEO plugin. -->","yoast_head_json":{"title":"Lectura 4: El manuscrito de aire - tULEctura","robots":{"index":"index","follow":"follow","max-snippet":"max-snippet:-1","max-image-preview":"max-image-preview:large","max-video-preview":"max-video-preview:-1"},"canonical":"https:\/\/bibliotecas.unileon.es\/tULEctura\/pagina-ejemplo\/curso-2019-2020\/manuscrito-de-aire-luis-garcia-jambrina\/","og_locale":"es_ES","og_type":"article","og_title":"Lectura 4: El manuscrito de aire - tULEctura","og_description":"\u00abEl manuscrito de aire\u00bb, de Luis Garc\u00eda Jambrina Garc\u00eda Jambrina, Luis El manuscrito de aire \/\u00a0 Luis Garc\u00eda Jambrina Madrid\u00a0 : Espasa, 2019 320 p 978-84-670-5347-0 Calendario 2 de diciembre de 2019: Coloquio participativo de gu\u00eda a la lectura. 10 de diciembre de 2019 \u00a0Coloquio participativo de los socios. 16 de diciembre de 2019. \u00a0Encuentro [&hellip;]","og_url":"https:\/\/bibliotecas.unileon.es\/tULEctura\/pagina-ejemplo\/curso-2019-2020\/manuscrito-de-aire-luis-garcia-jambrina\/","og_site_name":"tULEctura","article_publisher":"https:\/\/www.facebook.com\/tulectura.unileon\/","article_modified_time":"2019-12-17T13:14:41+00:00","og_image":[{"width":252,"height":383,"url":"https:\/\/bibliotecas.unileon.es\/tULEctura\/files\/2019\/07\/portada_el-manuscrito-de-aire_luis-garcia-jambrina_201906041405.jpg","type":"image\/jpeg"}],"twitter_card":"summary_large_image","twitter_site":"@tULEctura_ULE","twitter_misc":{"Tiempo de lectura":"2 minutos"},"schema":{"@context":"https:\/\/schema.org","@graph":[{"@type":"WebPage","@id":"https:\/\/bibliotecas.unileon.es\/tULEctura\/pagina-ejemplo\/curso-2019-2020\/manuscrito-de-aire-luis-garcia-jambrina\/","url":"https:\/\/bibliotecas.unileon.es\/tULEctura\/pagina-ejemplo\/curso-2019-2020\/manuscrito-de-aire-luis-garcia-jambrina\/","name":"Lectura 4: El manuscrito de aire - tULEctura","isPartOf":{"@id":"https:\/\/bibliotecas.unileon.es\/tULEctura\/#website"},"primaryImageOfPage":{"@id":"https:\/\/bibliotecas.unileon.es\/tULEctura\/pagina-ejemplo\/curso-2019-2020\/manuscrito-de-aire-luis-garcia-jambrina\/#primaryimage"},"image":{"@id":"https:\/\/bibliotecas.unileon.es\/tULEctura\/pagina-ejemplo\/curso-2019-2020\/manuscrito-de-aire-luis-garcia-jambrina\/#primaryimage"},"thumbnailUrl":"http:\/\/bibliotecas.unileon.es\/tULEctura\/files\/2019\/07\/portada_el-manuscrito-de-aire_luis-garcia-jambrina_201906041405-197x300.jpg","datePublished":"2019-07-15T10:00:15+00:00","dateModified":"2019-12-17T13:14:41+00:00","breadcrumb":{"@id":"https:\/\/bibliotecas.unileon.es\/tULEctura\/pagina-ejemplo\/curso-2019-2020\/manuscrito-de-aire-luis-garcia-jambrina\/#breadcrumb"},"inLanguage":"es","potentialAction":[{"@type":"ReadAction","target":["https:\/\/bibliotecas.unileon.es\/tULEctura\/pagina-ejemplo\/curso-2019-2020\/manuscrito-de-aire-luis-garcia-jambrina\/"]}]},{"@type":"ImageObject","inLanguage":"es","@id":"https:\/\/bibliotecas.unileon.es\/tULEctura\/pagina-ejemplo\/curso-2019-2020\/manuscrito-de-aire-luis-garcia-jambrina\/#primaryimage","url":"https:\/\/bibliotecas.unileon.es\/tULEctura\/files\/2019\/07\/portada_el-manuscrito-de-aire_luis-garcia-jambrina_201906041405.jpg","contentUrl":"https:\/\/bibliotecas.unileon.es\/tULEctura\/files\/2019\/07\/portada_el-manuscrito-de-aire_luis-garcia-jambrina_201906041405.jpg","width":252,"height":383,"caption":"El manuscrito de aire"},{"@type":"BreadcrumbList","@id":"https:\/\/bibliotecas.unileon.es\/tULEctura\/pagina-ejemplo\/curso-2019-2020\/manuscrito-de-aire-luis-garcia-jambrina\/#breadcrumb","itemListElement":[{"@type":"ListItem","position":1,"name":"Home","item":"https:\/\/bibliotecas.unileon.es\/tULEctura\/"},{"@type":"ListItem","position":2,"name":"Club de Lectura","item":"https:\/\/bibliotecas.unileon.es\/tULEctura\/pagina-ejemplo\/"},{"@type":"ListItem","position":3,"name":"Curso 2019-2020","item":"https:\/\/bibliotecas.unileon.es\/tULEctura\/pagina-ejemplo\/curso-2019-2020\/"},{"@type":"ListItem","position":4,"name":"Lectura 4: El manuscrito de aire"}]},{"@type":"WebSite","@id":"https:\/\/bibliotecas.unileon.es\/tULEctura\/#website","url":"https:\/\/bibliotecas.unileon.es\/tULEctura\/","name":"tULEctura","description":"Espacio de la Universidad de Le\u00f3n dedicado a la lectura","publisher":{"@id":"https:\/\/bibliotecas.unileon.es\/tULEctura\/#organization"},"potentialAction":[{"@type":"SearchAction","target":{"@type":"EntryPoint","urlTemplate":"https:\/\/bibliotecas.unileon.es\/tULEctura\/?s={search_term_string}"},"query-input":{"@type":"PropertyValueSpecification","valueRequired":true,"valueName":"search_term_string"}}],"inLanguage":"es"},{"@type":"Organization","@id":"https:\/\/bibliotecas.unileon.es\/tULEctura\/#organization","name":"Universidad de Le\u00f3n","url":"https:\/\/bibliotecas.unileon.es\/tULEctura\/","logo":{"@type":"ImageObject","inLanguage":"es","@id":"https:\/\/bibliotecas.unileon.es\/tULEctura\/#\/schema\/logo\/image\/","url":"https:\/\/bibliotecas.unileon.es\/tULEctura\/files\/2018\/08\/TULECTURA_LOGO1.png","contentUrl":"https:\/\/bibliotecas.unileon.es\/tULEctura\/files\/2018\/08\/TULECTURA_LOGO1.png","width":"960","height":"258","caption":"Universidad de Le\u00f3n"},"image":{"@id":"https:\/\/bibliotecas.unileon.es\/tULEctura\/#\/schema\/logo\/image\/"},"sameAs":["https:\/\/www.facebook.com\/tulectura.unileon\/","https:\/\/x.com\/tULEctura_ULE","https:\/\/www.instagram.com\/tulectura.unileon\/","https:\/\/www.pinterest.es\/tulectura\/","https:\/\/www.youtube.com\/channel\/UCoWaDD39lVlAQcOchwlTPVw"]}]}},"_links":{"self":[{"href":"https:\/\/bibliotecas.unileon.es\/tULEctura\/wp-json\/wp\/v2\/pages\/47397","targetHints":{"allow":["GET"]}}],"collection":[{"href":"https:\/\/bibliotecas.unileon.es\/tULEctura\/wp-json\/wp\/v2\/pages"}],"about":[{"href":"https:\/\/bibliotecas.unileon.es\/tULEctura\/wp-json\/wp\/v2\/types\/page"}],"author":[{"embeddable":true,"href":"https:\/\/bibliotecas.unileon.es\/tULEctura\/wp-json\/wp\/v2\/users\/73"}],"replies":[{"embeddable":true,"href":"https:\/\/bibliotecas.unileon.es\/tULEctura\/wp-json\/wp\/v2\/comments?post=47397"}],"version-history":[{"count":1,"href":"https:\/\/bibliotecas.unileon.es\/tULEctura\/wp-json\/wp\/v2\/pages\/47397\/revisions"}],"predecessor-version":[{"id":47399,"href":"https:\/\/bibliotecas.unileon.es\/tULEctura\/wp-json\/wp\/v2\/pages\/47397\/revisions\/47399"}],"up":[{"embeddable":true,"href":"https:\/\/bibliotecas.unileon.es\/tULEctura\/wp-json\/wp\/v2\/pages\/47381"}],"wp:attachment":[{"href":"https:\/\/bibliotecas.unileon.es\/tULEctura\/wp-json\/wp\/v2\/media?parent=47397"}],"curies":[{"name":"wp","href":"https:\/\/api.w.org\/{rel}","templated":true}]}}