{"id":47749,"date":"2020-03-03T12:37:24","date_gmt":"2020-03-03T11:37:24","guid":{"rendered":"https:\/\/bibliotecas.unileon.es\/tULEctura\/?page_id=47749"},"modified":"2020-03-03T17:21:49","modified_gmt":"2020-03-03T16:21:49","slug":"lectura-5-anatomia-sensible","status":"publish","type":"page","link":"https:\/\/bibliotecas.unileon.es\/tULEctura\/pagina-ejemplo\/curso-2019-2020\/lectura-5-anatomia-sensible\/","title":{"rendered":"Lectura 5: Anatom\u00eda sensible"},"content":{"rendered":"<p style=\"text-align: justify;\">El curso 2019-2010 cuenta con una edici\u00f3n especial del Club de Lectura\u00a0 en la que se abordan dos obras. La primera de ellas es \u00abAnatom\u00eda sensible\u00bb, de Andr\u00e9s Neuman<\/p>\n<p>Puedes encontrar esta obra en todas las bibliotecas de la Universidad de Le\u00f3n:<\/p>\n<div class=\"field\"><span class=\"text\">Neuman, Andr\u00e9s ( 1977-)<\/span><\/div>\n<div class=\"field\"><a href=\"https:\/\/buc-ule.primo.exlibrisgroup.com\/permalink\/34BUC_ULE\/1umul0d\/alma991008771889605772\" target=\"_blank\" rel=\"noopener noreferrer\"><span class=\"text\">Anatom\u00eda sensible \/ Andr\u00e9s Neuman.<\/span><\/a><\/div>\n<div class=\"field\"><span class=\"text\">Madrid : P\u00e1ginas de Espuma , 2019.<\/span><\/div>\n<div class=\"field\"><span class=\"text\">112 p. ; 24 cm.<\/span><\/div>\n<div class=\"field\"><span class=\"text\">978-84-8393-265-0<\/span><\/div>\n<p><a href=\"https:\/\/bibliotecas.unileon.es\/tULEctura\/2020\/02\/03\/guia-a-la-lectura-anatomia-sensible-de-andres-neuman\/diapositiva1-4\/\" rel=\"attachment wp-att-47696\"><img loading=\"lazy\" decoding=\"async\" class=\"alignright size-full wp-image-47696\" src=\"https:\/\/bibliotecas.unileon.es\/tULEctura\/files\/2020\/01\/Diapositiva1-1.jpg\" alt=\"\" width=\"960\" height=\"720\" \/><\/a><\/p>\n<p><strong>INFORMACI\u00d3N DE LA EDITORIAL <\/strong><\/p>\n<p style=\"text-align: justify;\"><strong><em>Anatom\u00eda sensible <\/em><\/strong>es una celebraci\u00f3n del cuerpo en toda su amplitud. Una defensa de la imperfecci\u00f3n y sus bellezas alternativas, mediante un recorrido po\u00e9tico, pol\u00edtico y er\u00f3tico por la materia que somos. Un libro que revela con humor c\u00f3mo nos vemos o nos inducen a mirar, proponiendo una est\u00e9tica desmitificadora. Estas p\u00e1ginas se nutren de una intensa observaci\u00f3n, aventura vital y exploraci\u00f3n ling\u00fc\u00edstica: el cuerpo como estilo, el estilo como cuerpo.<\/p>\n<ul>\n<li><span style=\"color: #3366ff;\"><strong><a style=\"color: #3366ff;\" href=\"https:\/\/bibliotecas.unileon.es\/tULEctura\/2020\/02\/03\/guia-a-la-lectura-anatomia-sensible-de-andres-neuman\/\" target=\"_blank\" rel=\"noopener noreferrer\">ENLACE A LA GU\u00cdA A LA LECTURA\u00a0<\/a><\/strong><\/span><\/li>\n<li><span style=\"color: #3366ff;\"><strong><a style=\"color: #3366ff;\" href=\"https:\/\/videos.unileon.es\/video\/5e53a93c8f4208b93e8b4567\" target=\"_blank\" rel=\"noopener noreferrer\">ENLACE AL V\u00cdDEO DE LA VISITA DE ANDR\u00c9S NEUMAN\u00a0<\/a> <\/strong><\/span><\/li>\n<\/ul>\n","protected":false},"excerpt":{"rendered":"<p>El curso 2019-2010 cuenta con una edici\u00f3n especial del Club de Lectura\u00a0 en la que se abordan dos obras. La primera de ellas es \u00abAnatom\u00eda sensible\u00bb, de Andr\u00e9s Neuman Puedes encontrar esta obra en todas las bibliotecas de la Universidad de Le\u00f3n: Neuman, Andr\u00e9s ( 1977-) Anatom\u00eda sensible \/ Andr\u00e9s Neuman. Madrid : P\u00e1ginas de [&hellip;]<\/p>\n","protected":false},"author":73,"featured_media":0,"parent":47381,"menu_order":5,"comment_status":"closed","ping_status":"closed","template":"","meta":{"_bbp_topic_count":0,"_bbp_reply_count":0,"_bbp_total_topic_count":0,"_bbp_total_reply_count":0,"_bbp_voice_count":0,"_bbp_anonymous_reply_count":0,"_bbp_topic_count_hidden":0,"_bbp_reply_count_hidden":0,"_bbp_forum_subforum_count":0,"_monsterinsights_skip_tracking":false,"_monsterinsights_sitenote_active":false,"_monsterinsights_sitenote_note":"","_monsterinsights_sitenote_category":0,"footnotes":""},"class_list":["post-47749","page","type-page","status-publish","hentry"],"yoast_head":"<!-- This site is optimized with the Yoast SEO plugin v25.8 - https:\/\/yoast.com\/wordpress\/plugins\/seo\/ -->\n<title>Lectura 5: Anatom\u00eda sensible - tULEctura<\/title>\n<meta name=\"robots\" content=\"index, follow, max-snippet:-1, max-image-preview:large, max-video-preview:-1\" \/>\n<link rel=\"canonical\" href=\"https:\/\/bibliotecas.unileon.es\/tULEctura\/pagina-ejemplo\/curso-2019-2020\/lectura-5-anatomia-sensible\/\" \/>\n<meta property=\"og:locale\" content=\"es_ES\" \/>\n<meta property=\"og:type\" content=\"article\" \/>\n<meta property=\"og:title\" content=\"Lectura 5: Anatom\u00eda sensible - tULEctura\" \/>\n<meta property=\"og:description\" content=\"El curso 2019-2010 cuenta con una edici\u00f3n especial del Club de Lectura\u00a0 en la que se abordan dos obras. La primera de ellas es \u00abAnatom\u00eda sensible\u00bb, de Andr\u00e9s Neuman Puedes encontrar esta obra en todas las bibliotecas de la Universidad de Le\u00f3n: Neuman, Andr\u00e9s ( 1977-) Anatom\u00eda sensible \/ Andr\u00e9s Neuman. Madrid : P\u00e1ginas de [&hellip;]\" \/>\n<meta property=\"og:url\" content=\"https:\/\/bibliotecas.unileon.es\/tULEctura\/pagina-ejemplo\/curso-2019-2020\/lectura-5-anatomia-sensible\/\" \/>\n<meta property=\"og:site_name\" content=\"tULEctura\" \/>\n<meta property=\"article:publisher\" content=\"https:\/\/www.facebook.com\/tulectura.unileon\/\" \/>\n<meta property=\"article:modified_time\" content=\"2020-03-03T16:21:49+00:00\" \/>\n<meta property=\"og:image\" content=\"https:\/\/bibliotecas.unileon.es\/tULEctura\/files\/2020\/01\/Diapositiva1-1.jpg\" \/>\n\t<meta property=\"og:image:width\" content=\"960\" \/>\n\t<meta property=\"og:image:height\" content=\"720\" \/>\n\t<meta property=\"og:image:type\" content=\"image\/jpeg\" \/>\n<meta name=\"twitter:card\" content=\"summary_large_image\" \/>\n<meta name=\"twitter:site\" content=\"@tULEctura_ULE\" \/>\n<meta name=\"twitter:label1\" content=\"Tiempo de lectura\" \/>\n\t<meta name=\"twitter:data1\" content=\"1 minuto\" \/>\n<script type=\"application\/ld+json\" class=\"yoast-schema-graph\">{\"@context\":\"https:\/\/schema.org\",\"@graph\":[{\"@type\":\"WebPage\",\"@id\":\"https:\/\/bibliotecas.unileon.es\/tULEctura\/pagina-ejemplo\/curso-2019-2020\/lectura-5-anatomia-sensible\/\",\"url\":\"https:\/\/bibliotecas.unileon.es\/tULEctura\/pagina-ejemplo\/curso-2019-2020\/lectura-5-anatomia-sensible\/\",\"name\":\"Lectura 5: Anatom\u00eda sensible - tULEctura\",\"isPartOf\":{\"@id\":\"https:\/\/bibliotecas.unileon.es\/tULEctura\/#website\"},\"primaryImageOfPage\":{\"@id\":\"https:\/\/bibliotecas.unileon.es\/tULEctura\/pagina-ejemplo\/curso-2019-2020\/lectura-5-anatomia-sensible\/#primaryimage\"},\"image\":{\"@id\":\"https:\/\/bibliotecas.unileon.es\/tULEctura\/pagina-ejemplo\/curso-2019-2020\/lectura-5-anatomia-sensible\/#primaryimage\"},\"thumbnailUrl\":\"https:\/\/bibliotecas.unileon.es\/tULEctura\/files\/2020\/01\/Diapositiva1-1.jpg\",\"datePublished\":\"2020-03-03T11:37:24+00:00\",\"dateModified\":\"2020-03-03T16:21:49+00:00\",\"breadcrumb\":{\"@id\":\"https:\/\/bibliotecas.unileon.es\/tULEctura\/pagina-ejemplo\/curso-2019-2020\/lectura-5-anatomia-sensible\/#breadcrumb\"},\"inLanguage\":\"es\",\"potentialAction\":[{\"@type\":\"ReadAction\",\"target\":[\"https:\/\/bibliotecas.unileon.es\/tULEctura\/pagina-ejemplo\/curso-2019-2020\/lectura-5-anatomia-sensible\/\"]}]},{\"@type\":\"ImageObject\",\"inLanguage\":\"es\",\"@id\":\"https:\/\/bibliotecas.unileon.es\/tULEctura\/pagina-ejemplo\/curso-2019-2020\/lectura-5-anatomia-sensible\/#primaryimage\",\"url\":\"https:\/\/bibliotecas.unileon.es\/tULEctura\/files\/2020\/01\/Diapositiva1-1.jpg\",\"contentUrl\":\"https:\/\/bibliotecas.unileon.es\/tULEctura\/files\/2020\/01\/Diapositiva1-1.jpg\",\"width\":960,\"height\":720},{\"@type\":\"BreadcrumbList\",\"@id\":\"https:\/\/bibliotecas.unileon.es\/tULEctura\/pagina-ejemplo\/curso-2019-2020\/lectura-5-anatomia-sensible\/#breadcrumb\",\"itemListElement\":[{\"@type\":\"ListItem\",\"position\":1,\"name\":\"Home\",\"item\":\"https:\/\/bibliotecas.unileon.es\/tULEctura\/\"},{\"@type\":\"ListItem\",\"position\":2,\"name\":\"Club de Lectura\",\"item\":\"https:\/\/bibliotecas.unileon.es\/tULEctura\/pagina-ejemplo\/\"},{\"@type\":\"ListItem\",\"position\":3,\"name\":\"Curso 2019-2020\",\"item\":\"https:\/\/bibliotecas.unileon.es\/tULEctura\/pagina-ejemplo\/curso-2019-2020\/\"},{\"@type\":\"ListItem\",\"position\":4,\"name\":\"Lectura 5: Anatom\u00eda sensible\"}]},{\"@type\":\"WebSite\",\"@id\":\"https:\/\/bibliotecas.unileon.es\/tULEctura\/#website\",\"url\":\"https:\/\/bibliotecas.unileon.es\/tULEctura\/\",\"name\":\"tULEctura\",\"description\":\"Espacio de la Universidad de Le\u00f3n dedicado a la lectura\",\"publisher\":{\"@id\":\"https:\/\/bibliotecas.unileon.es\/tULEctura\/#organization\"},\"potentialAction\":[{\"@type\":\"SearchAction\",\"target\":{\"@type\":\"EntryPoint\",\"urlTemplate\":\"https:\/\/bibliotecas.unileon.es\/tULEctura\/?s={search_term_string}\"},\"query-input\":{\"@type\":\"PropertyValueSpecification\",\"valueRequired\":true,\"valueName\":\"search_term_string\"}}],\"inLanguage\":\"es\"},{\"@type\":\"Organization\",\"@id\":\"https:\/\/bibliotecas.unileon.es\/tULEctura\/#organization\",\"name\":\"Universidad de Le\u00f3n\",\"url\":\"https:\/\/bibliotecas.unileon.es\/tULEctura\/\",\"logo\":{\"@type\":\"ImageObject\",\"inLanguage\":\"es\",\"@id\":\"https:\/\/bibliotecas.unileon.es\/tULEctura\/#\/schema\/logo\/image\/\",\"url\":\"https:\/\/bibliotecas.unileon.es\/tULEctura\/files\/2018\/08\/TULECTURA_LOGO1.png\",\"contentUrl\":\"https:\/\/bibliotecas.unileon.es\/tULEctura\/files\/2018\/08\/TULECTURA_LOGO1.png\",\"width\":\"960\",\"height\":\"258\",\"caption\":\"Universidad de Le\u00f3n\"},\"image\":{\"@id\":\"https:\/\/bibliotecas.unileon.es\/tULEctura\/#\/schema\/logo\/image\/\"},\"sameAs\":[\"https:\/\/www.facebook.com\/tulectura.unileon\/\",\"https:\/\/x.com\/tULEctura_ULE\",\"https:\/\/www.instagram.com\/tulectura.unileon\/\",\"https:\/\/www.pinterest.es\/tulectura\/\",\"https:\/\/www.youtube.com\/channel\/UCoWaDD39lVlAQcOchwlTPVw\"]}]}<\/script>\n<!-- \/ Yoast SEO plugin. -->","yoast_head_json":{"title":"Lectura 5: Anatom\u00eda sensible - tULEctura","robots":{"index":"index","follow":"follow","max-snippet":"max-snippet:-1","max-image-preview":"max-image-preview:large","max-video-preview":"max-video-preview:-1"},"canonical":"https:\/\/bibliotecas.unileon.es\/tULEctura\/pagina-ejemplo\/curso-2019-2020\/lectura-5-anatomia-sensible\/","og_locale":"es_ES","og_type":"article","og_title":"Lectura 5: Anatom\u00eda sensible - tULEctura","og_description":"El curso 2019-2010 cuenta con una edici\u00f3n especial del Club de Lectura\u00a0 en la que se abordan dos obras. La primera de ellas es \u00abAnatom\u00eda sensible\u00bb, de Andr\u00e9s Neuman Puedes encontrar esta obra en todas las bibliotecas de la Universidad de Le\u00f3n: Neuman, Andr\u00e9s ( 1977-) Anatom\u00eda sensible \/ Andr\u00e9s Neuman. Madrid : P\u00e1ginas de [&hellip;]","og_url":"https:\/\/bibliotecas.unileon.es\/tULEctura\/pagina-ejemplo\/curso-2019-2020\/lectura-5-anatomia-sensible\/","og_site_name":"tULEctura","article_publisher":"https:\/\/www.facebook.com\/tulectura.unileon\/","article_modified_time":"2020-03-03T16:21:49+00:00","og_image":[{"width":960,"height":720,"url":"https:\/\/bibliotecas.unileon.es\/tULEctura\/files\/2020\/01\/Diapositiva1-1.jpg","type":"image\/jpeg"}],"twitter_card":"summary_large_image","twitter_site":"@tULEctura_ULE","twitter_misc":{"Tiempo de lectura":"1 minuto"},"schema":{"@context":"https:\/\/schema.org","@graph":[{"@type":"WebPage","@id":"https:\/\/bibliotecas.unileon.es\/tULEctura\/pagina-ejemplo\/curso-2019-2020\/lectura-5-anatomia-sensible\/","url":"https:\/\/bibliotecas.unileon.es\/tULEctura\/pagina-ejemplo\/curso-2019-2020\/lectura-5-anatomia-sensible\/","name":"Lectura 5: Anatom\u00eda sensible - tULEctura","isPartOf":{"@id":"https:\/\/bibliotecas.unileon.es\/tULEctura\/#website"},"primaryImageOfPage":{"@id":"https:\/\/bibliotecas.unileon.es\/tULEctura\/pagina-ejemplo\/curso-2019-2020\/lectura-5-anatomia-sensible\/#primaryimage"},"image":{"@id":"https:\/\/bibliotecas.unileon.es\/tULEctura\/pagina-ejemplo\/curso-2019-2020\/lectura-5-anatomia-sensible\/#primaryimage"},"thumbnailUrl":"https:\/\/bibliotecas.unileon.es\/tULEctura\/files\/2020\/01\/Diapositiva1-1.jpg","datePublished":"2020-03-03T11:37:24+00:00","dateModified":"2020-03-03T16:21:49+00:00","breadcrumb":{"@id":"https:\/\/bibliotecas.unileon.es\/tULEctura\/pagina-ejemplo\/curso-2019-2020\/lectura-5-anatomia-sensible\/#breadcrumb"},"inLanguage":"es","potentialAction":[{"@type":"ReadAction","target":["https:\/\/bibliotecas.unileon.es\/tULEctura\/pagina-ejemplo\/curso-2019-2020\/lectura-5-anatomia-sensible\/"]}]},{"@type":"ImageObject","inLanguage":"es","@id":"https:\/\/bibliotecas.unileon.es\/tULEctura\/pagina-ejemplo\/curso-2019-2020\/lectura-5-anatomia-sensible\/#primaryimage","url":"https:\/\/bibliotecas.unileon.es\/tULEctura\/files\/2020\/01\/Diapositiva1-1.jpg","contentUrl":"https:\/\/bibliotecas.unileon.es\/tULEctura\/files\/2020\/01\/Diapositiva1-1.jpg","width":960,"height":720},{"@type":"BreadcrumbList","@id":"https:\/\/bibliotecas.unileon.es\/tULEctura\/pagina-ejemplo\/curso-2019-2020\/lectura-5-anatomia-sensible\/#breadcrumb","itemListElement":[{"@type":"ListItem","position":1,"name":"Home","item":"https:\/\/bibliotecas.unileon.es\/tULEctura\/"},{"@type":"ListItem","position":2,"name":"Club de Lectura","item":"https:\/\/bibliotecas.unileon.es\/tULEctura\/pagina-ejemplo\/"},{"@type":"ListItem","position":3,"name":"Curso 2019-2020","item":"https:\/\/bibliotecas.unileon.es\/tULEctura\/pagina-ejemplo\/curso-2019-2020\/"},{"@type":"ListItem","position":4,"name":"Lectura 5: Anatom\u00eda sensible"}]},{"@type":"WebSite","@id":"https:\/\/bibliotecas.unileon.es\/tULEctura\/#website","url":"https:\/\/bibliotecas.unileon.es\/tULEctura\/","name":"tULEctura","description":"Espacio de la Universidad de Le\u00f3n dedicado a la lectura","publisher":{"@id":"https:\/\/bibliotecas.unileon.es\/tULEctura\/#organization"},"potentialAction":[{"@type":"SearchAction","target":{"@type":"EntryPoint","urlTemplate":"https:\/\/bibliotecas.unileon.es\/tULEctura\/?s={search_term_string}"},"query-input":{"@type":"PropertyValueSpecification","valueRequired":true,"valueName":"search_term_string"}}],"inLanguage":"es"},{"@type":"Organization","@id":"https:\/\/bibliotecas.unileon.es\/tULEctura\/#organization","name":"Universidad de Le\u00f3n","url":"https:\/\/bibliotecas.unileon.es\/tULEctura\/","logo":{"@type":"ImageObject","inLanguage":"es","@id":"https:\/\/bibliotecas.unileon.es\/tULEctura\/#\/schema\/logo\/image\/","url":"https:\/\/bibliotecas.unileon.es\/tULEctura\/files\/2018\/08\/TULECTURA_LOGO1.png","contentUrl":"https:\/\/bibliotecas.unileon.es\/tULEctura\/files\/2018\/08\/TULECTURA_LOGO1.png","width":"960","height":"258","caption":"Universidad de Le\u00f3n"},"image":{"@id":"https:\/\/bibliotecas.unileon.es\/tULEctura\/#\/schema\/logo\/image\/"},"sameAs":["https:\/\/www.facebook.com\/tulectura.unileon\/","https:\/\/x.com\/tULEctura_ULE","https:\/\/www.instagram.com\/tulectura.unileon\/","https:\/\/www.pinterest.es\/tulectura\/","https:\/\/www.youtube.com\/channel\/UCoWaDD39lVlAQcOchwlTPVw"]}]}},"_links":{"self":[{"href":"https:\/\/bibliotecas.unileon.es\/tULEctura\/wp-json\/wp\/v2\/pages\/47749","targetHints":{"allow":["GET"]}}],"collection":[{"href":"https:\/\/bibliotecas.unileon.es\/tULEctura\/wp-json\/wp\/v2\/pages"}],"about":[{"href":"https:\/\/bibliotecas.unileon.es\/tULEctura\/wp-json\/wp\/v2\/types\/page"}],"author":[{"embeddable":true,"href":"https:\/\/bibliotecas.unileon.es\/tULEctura\/wp-json\/wp\/v2\/users\/73"}],"replies":[{"embeddable":true,"href":"https:\/\/bibliotecas.unileon.es\/tULEctura\/wp-json\/wp\/v2\/comments?post=47749"}],"version-history":[{"count":1,"href":"https:\/\/bibliotecas.unileon.es\/tULEctura\/wp-json\/wp\/v2\/pages\/47749\/revisions"}],"predecessor-version":[{"id":47750,"href":"https:\/\/bibliotecas.unileon.es\/tULEctura\/wp-json\/wp\/v2\/pages\/47749\/revisions\/47750"}],"up":[{"embeddable":true,"href":"https:\/\/bibliotecas.unileon.es\/tULEctura\/wp-json\/wp\/v2\/pages\/47381"}],"wp:attachment":[{"href":"https:\/\/bibliotecas.unileon.es\/tULEctura\/wp-json\/wp\/v2\/media?parent=47749"}],"curies":[{"name":"wp","href":"https:\/\/api.w.org\/{rel}","templated":true}]}}