{"id":47752,"date":"2020-03-03T13:32:16","date_gmt":"2020-03-03T12:32:16","guid":{"rendered":"https:\/\/bibliotecas.unileon.es\/tULEctura\/?page_id=47752"},"modified":"2020-03-03T17:21:25","modified_gmt":"2020-03-03T16:21:25","slug":"lectura-6-retablo","status":"publish","type":"page","link":"https:\/\/bibliotecas.unileon.es\/tULEctura\/pagina-ejemplo\/curso-2019-2020\/lectura-6-retablo\/","title":{"rendered":"Lectura 6: Retablo"},"content":{"rendered":"<p>El curso 2019-2010 cuenta con una edici\u00f3n especial del Club de Lectura\u00a0 en la que se abordan dos obras. La segunda\u00a0 de ellas es \u201cRetablo\u201d, de Marta Sanz<\/p>\n<p>Puedes encontrar esta obra en todas las bibliotecas de la Universidad de Le\u00f3n:<\/p>\n<div class=\"field\"><span class=\"text\">Sanz i Sol\u00e9, Marta<\/span><\/div>\n<div class=\"field\"><a href=\"https:\/\/buc-ule.primo.exlibrisgroup.com\/permalink\/34BUC_ULE\/1umul0d\/alma991000177369705772\" target=\"_blank\" rel=\"noopener noreferrer\"><span class=\"text\">Retablo \/ Marta Sanz; ilustrado por Fernando Vicente.<\/span><\/a><\/div>\n<div class=\"field\"><span class=\"text\">Madrid : P\u00e1ginas de Espuma , 2019.<\/span><\/div>\n<div class=\"field\"><span class=\"text\">93 p. : il. col. ; 20 cm<\/span><\/div>\n<div class=\"field\"><span class=\"text\">978-84-8393-260-5<\/span><\/div>\n<p>&nbsp;<\/p>\n<p><strong>INFORMACI\u00d3N DE LA EDITORIAL<\/strong><\/p>\n<p style=\"text-align: justify;\"><strong><em>Retablo<\/em><\/strong>. Dos cuentos en un libro. Dos mundos enfrentados. Habitantes de dos universos que est\u00e1n obligados a ocupar las mismas calles. Aquellos que siempre pasearon por ellas y aquellos que transitan de nuevas. La atm\u00f3sfera castiza, tradicional, las personas de toda la vida frente a la fauna <em>vintage<\/em>, h\u00edpster, la gente de moda. La peque\u00f1a fruter\u00eda o mercer\u00eda frente a la barber\u00eda en la que sirven champ\u00e1n o la galer\u00eda de arte de objetos imposibles. Las ciudades y los ciudadanos de los pa\u00edses evolucionan bajo las condiciones de los fen\u00f3menos de gentrificaci\u00f3n, de turismo desbordante o de\u00a0<em>outlet<\/em>\u00a0masivo comercial. Un tono sat\u00edrico, esperp\u00e9ntico, cr\u00edtico cubre esta realidad en manos de\u00a0<strong>Marta Sanz<\/strong>, una de las escritoras indispensables de la actual literatura espa\u00f1ola.<\/p>\n<div><\/div>\n<div><a href=\"https:\/\/bibliotecas.unileon.es\/tULEctura\/pagina-ejemplo\/curso-2019-2020\/lectura-6-retablo\/diapositiva2-5\/\" rel=\"attachment wp-att-47697\"><img loading=\"lazy\" decoding=\"async\" class=\"size-full wp-image-47697 aligncenter\" src=\"https:\/\/bibliotecas.unileon.es\/tULEctura\/files\/2020\/01\/Diapositiva2-1.jpg\" alt=\"\" width=\"960\" height=\"720\" \/><\/a><\/div>\n<div><\/div>\n<ul>\n<li><span style=\"color: #3366ff;\"><strong><a style=\"color: #3366ff;\" href=\"https:\/\/bibliotecas.unileon.es\/tULEctura\/2020\/02\/21\/guia-a-la-lectura-retablo-de-marta-sanz\/\" target=\"_blank\" rel=\"noopener noreferrer\">ENLACE A LA GU\u00cdA A LA LECTURA<\/a><\/strong><\/span><\/li>\n<li><span style=\"color: #3366ff;\"><strong><a style=\"color: #3366ff;\" href=\"https:\/\/videos.unileon.es\/video\/5e5cd2d58f4208543b8b4594\" target=\"_blank\" rel=\"noopener noreferrer\">ENLACE AL\u00a0 V\u00cdDEO DE LA VISITA DE MARTA SANZ<\/a><\/strong><\/span><\/li>\n<\/ul>\n","protected":false},"excerpt":{"rendered":"<p>El curso 2019-2010 cuenta con una edici\u00f3n especial del Club de Lectura\u00a0 en la que se abordan dos obras. La segunda\u00a0 de ellas es \u201cRetablo\u201d, de Marta Sanz Puedes encontrar esta obra en todas las bibliotecas de la Universidad de Le\u00f3n: Sanz i Sol\u00e9, Marta Retablo \/ Marta Sanz; ilustrado por Fernando Vicente. Madrid : [&hellip;]<\/p>\n","protected":false},"author":73,"featured_media":0,"parent":47381,"menu_order":6,"comment_status":"closed","ping_status":"closed","template":"","meta":{"_bbp_topic_count":0,"_bbp_reply_count":0,"_bbp_total_topic_count":0,"_bbp_total_reply_count":0,"_bbp_voice_count":0,"_bbp_anonymous_reply_count":0,"_bbp_topic_count_hidden":0,"_bbp_reply_count_hidden":0,"_bbp_forum_subforum_count":0,"_monsterinsights_skip_tracking":false,"_monsterinsights_sitenote_active":false,"_monsterinsights_sitenote_note":"","_monsterinsights_sitenote_category":0,"footnotes":""},"class_list":["post-47752","page","type-page","status-publish","hentry"],"yoast_head":"<!-- This site is optimized with the Yoast SEO plugin v25.8 - https:\/\/yoast.com\/wordpress\/plugins\/seo\/ -->\n<title>Lectura 6: Retablo - tULEctura<\/title>\n<meta name=\"robots\" content=\"index, follow, max-snippet:-1, max-image-preview:large, max-video-preview:-1\" \/>\n<link rel=\"canonical\" href=\"https:\/\/bibliotecas.unileon.es\/tULEctura\/pagina-ejemplo\/curso-2019-2020\/lectura-6-retablo\/\" \/>\n<meta property=\"og:locale\" content=\"es_ES\" \/>\n<meta property=\"og:type\" content=\"article\" \/>\n<meta property=\"og:title\" content=\"Lectura 6: Retablo - tULEctura\" \/>\n<meta property=\"og:description\" content=\"El curso 2019-2010 cuenta con una edici\u00f3n especial del Club de Lectura\u00a0 en la que se abordan dos obras. La segunda\u00a0 de ellas es \u201cRetablo\u201d, de Marta Sanz Puedes encontrar esta obra en todas las bibliotecas de la Universidad de Le\u00f3n: Sanz i Sol\u00e9, Marta Retablo \/ Marta Sanz; ilustrado por Fernando Vicente. Madrid : [&hellip;]\" \/>\n<meta property=\"og:url\" content=\"https:\/\/bibliotecas.unileon.es\/tULEctura\/pagina-ejemplo\/curso-2019-2020\/lectura-6-retablo\/\" \/>\n<meta property=\"og:site_name\" content=\"tULEctura\" \/>\n<meta property=\"article:publisher\" content=\"https:\/\/www.facebook.com\/tulectura.unileon\/\" \/>\n<meta property=\"article:modified_time\" content=\"2020-03-03T16:21:25+00:00\" \/>\n<meta property=\"og:image\" content=\"https:\/\/bibliotecas.unileon.es\/tULEctura\/files\/2020\/01\/Diapositiva2-1.jpg\" \/>\n\t<meta property=\"og:image:width\" content=\"960\" \/>\n\t<meta property=\"og:image:height\" content=\"720\" \/>\n\t<meta property=\"og:image:type\" content=\"image\/jpeg\" \/>\n<meta name=\"twitter:card\" content=\"summary_large_image\" \/>\n<meta name=\"twitter:site\" content=\"@tULEctura_ULE\" \/>\n<meta name=\"twitter:label1\" content=\"Tiempo de lectura\" \/>\n\t<meta name=\"twitter:data1\" content=\"1 minuto\" \/>\n<script type=\"application\/ld+json\" class=\"yoast-schema-graph\">{\"@context\":\"https:\/\/schema.org\",\"@graph\":[{\"@type\":\"WebPage\",\"@id\":\"https:\/\/bibliotecas.unileon.es\/tULEctura\/pagina-ejemplo\/curso-2019-2020\/lectura-6-retablo\/\",\"url\":\"https:\/\/bibliotecas.unileon.es\/tULEctura\/pagina-ejemplo\/curso-2019-2020\/lectura-6-retablo\/\",\"name\":\"Lectura 6: Retablo - tULEctura\",\"isPartOf\":{\"@id\":\"https:\/\/bibliotecas.unileon.es\/tULEctura\/#website\"},\"primaryImageOfPage\":{\"@id\":\"https:\/\/bibliotecas.unileon.es\/tULEctura\/pagina-ejemplo\/curso-2019-2020\/lectura-6-retablo\/#primaryimage\"},\"image\":{\"@id\":\"https:\/\/bibliotecas.unileon.es\/tULEctura\/pagina-ejemplo\/curso-2019-2020\/lectura-6-retablo\/#primaryimage\"},\"thumbnailUrl\":\"https:\/\/bibliotecas.unileon.es\/tULEctura\/files\/2020\/01\/Diapositiva2-1.jpg\",\"datePublished\":\"2020-03-03T12:32:16+00:00\",\"dateModified\":\"2020-03-03T16:21:25+00:00\",\"breadcrumb\":{\"@id\":\"https:\/\/bibliotecas.unileon.es\/tULEctura\/pagina-ejemplo\/curso-2019-2020\/lectura-6-retablo\/#breadcrumb\"},\"inLanguage\":\"es\",\"potentialAction\":[{\"@type\":\"ReadAction\",\"target\":[\"https:\/\/bibliotecas.unileon.es\/tULEctura\/pagina-ejemplo\/curso-2019-2020\/lectura-6-retablo\/\"]}]},{\"@type\":\"ImageObject\",\"inLanguage\":\"es\",\"@id\":\"https:\/\/bibliotecas.unileon.es\/tULEctura\/pagina-ejemplo\/curso-2019-2020\/lectura-6-retablo\/#primaryimage\",\"url\":\"https:\/\/bibliotecas.unileon.es\/tULEctura\/files\/2020\/01\/Diapositiva2-1.jpg\",\"contentUrl\":\"https:\/\/bibliotecas.unileon.es\/tULEctura\/files\/2020\/01\/Diapositiva2-1.jpg\",\"width\":960,\"height\":720},{\"@type\":\"BreadcrumbList\",\"@id\":\"https:\/\/bibliotecas.unileon.es\/tULEctura\/pagina-ejemplo\/curso-2019-2020\/lectura-6-retablo\/#breadcrumb\",\"itemListElement\":[{\"@type\":\"ListItem\",\"position\":1,\"name\":\"Home\",\"item\":\"https:\/\/bibliotecas.unileon.es\/tULEctura\/\"},{\"@type\":\"ListItem\",\"position\":2,\"name\":\"Club de Lectura\",\"item\":\"https:\/\/bibliotecas.unileon.es\/tULEctura\/pagina-ejemplo\/\"},{\"@type\":\"ListItem\",\"position\":3,\"name\":\"Curso 2019-2020\",\"item\":\"https:\/\/bibliotecas.unileon.es\/tULEctura\/pagina-ejemplo\/curso-2019-2020\/\"},{\"@type\":\"ListItem\",\"position\":4,\"name\":\"Lectura 6: Retablo\"}]},{\"@type\":\"WebSite\",\"@id\":\"https:\/\/bibliotecas.unileon.es\/tULEctura\/#website\",\"url\":\"https:\/\/bibliotecas.unileon.es\/tULEctura\/\",\"name\":\"tULEctura\",\"description\":\"Espacio de la Universidad de Le\u00f3n dedicado a la lectura\",\"publisher\":{\"@id\":\"https:\/\/bibliotecas.unileon.es\/tULEctura\/#organization\"},\"potentialAction\":[{\"@type\":\"SearchAction\",\"target\":{\"@type\":\"EntryPoint\",\"urlTemplate\":\"https:\/\/bibliotecas.unileon.es\/tULEctura\/?s={search_term_string}\"},\"query-input\":{\"@type\":\"PropertyValueSpecification\",\"valueRequired\":true,\"valueName\":\"search_term_string\"}}],\"inLanguage\":\"es\"},{\"@type\":\"Organization\",\"@id\":\"https:\/\/bibliotecas.unileon.es\/tULEctura\/#organization\",\"name\":\"Universidad de Le\u00f3n\",\"url\":\"https:\/\/bibliotecas.unileon.es\/tULEctura\/\",\"logo\":{\"@type\":\"ImageObject\",\"inLanguage\":\"es\",\"@id\":\"https:\/\/bibliotecas.unileon.es\/tULEctura\/#\/schema\/logo\/image\/\",\"url\":\"https:\/\/bibliotecas.unileon.es\/tULEctura\/files\/2018\/08\/TULECTURA_LOGO1.png\",\"contentUrl\":\"https:\/\/bibliotecas.unileon.es\/tULEctura\/files\/2018\/08\/TULECTURA_LOGO1.png\",\"width\":\"960\",\"height\":\"258\",\"caption\":\"Universidad de Le\u00f3n\"},\"image\":{\"@id\":\"https:\/\/bibliotecas.unileon.es\/tULEctura\/#\/schema\/logo\/image\/\"},\"sameAs\":[\"https:\/\/www.facebook.com\/tulectura.unileon\/\",\"https:\/\/x.com\/tULEctura_ULE\",\"https:\/\/www.instagram.com\/tulectura.unileon\/\",\"https:\/\/www.pinterest.es\/tulectura\/\",\"https:\/\/www.youtube.com\/channel\/UCoWaDD39lVlAQcOchwlTPVw\"]}]}<\/script>\n<!-- \/ Yoast SEO plugin. -->","yoast_head_json":{"title":"Lectura 6: Retablo - tULEctura","robots":{"index":"index","follow":"follow","max-snippet":"max-snippet:-1","max-image-preview":"max-image-preview:large","max-video-preview":"max-video-preview:-1"},"canonical":"https:\/\/bibliotecas.unileon.es\/tULEctura\/pagina-ejemplo\/curso-2019-2020\/lectura-6-retablo\/","og_locale":"es_ES","og_type":"article","og_title":"Lectura 6: Retablo - tULEctura","og_description":"El curso 2019-2010 cuenta con una edici\u00f3n especial del Club de Lectura\u00a0 en la que se abordan dos obras. La segunda\u00a0 de ellas es \u201cRetablo\u201d, de Marta Sanz Puedes encontrar esta obra en todas las bibliotecas de la Universidad de Le\u00f3n: Sanz i Sol\u00e9, Marta Retablo \/ Marta Sanz; ilustrado por Fernando Vicente. Madrid : [&hellip;]","og_url":"https:\/\/bibliotecas.unileon.es\/tULEctura\/pagina-ejemplo\/curso-2019-2020\/lectura-6-retablo\/","og_site_name":"tULEctura","article_publisher":"https:\/\/www.facebook.com\/tulectura.unileon\/","article_modified_time":"2020-03-03T16:21:25+00:00","og_image":[{"width":960,"height":720,"url":"https:\/\/bibliotecas.unileon.es\/tULEctura\/files\/2020\/01\/Diapositiva2-1.jpg","type":"image\/jpeg"}],"twitter_card":"summary_large_image","twitter_site":"@tULEctura_ULE","twitter_misc":{"Tiempo de lectura":"1 minuto"},"schema":{"@context":"https:\/\/schema.org","@graph":[{"@type":"WebPage","@id":"https:\/\/bibliotecas.unileon.es\/tULEctura\/pagina-ejemplo\/curso-2019-2020\/lectura-6-retablo\/","url":"https:\/\/bibliotecas.unileon.es\/tULEctura\/pagina-ejemplo\/curso-2019-2020\/lectura-6-retablo\/","name":"Lectura 6: Retablo - tULEctura","isPartOf":{"@id":"https:\/\/bibliotecas.unileon.es\/tULEctura\/#website"},"primaryImageOfPage":{"@id":"https:\/\/bibliotecas.unileon.es\/tULEctura\/pagina-ejemplo\/curso-2019-2020\/lectura-6-retablo\/#primaryimage"},"image":{"@id":"https:\/\/bibliotecas.unileon.es\/tULEctura\/pagina-ejemplo\/curso-2019-2020\/lectura-6-retablo\/#primaryimage"},"thumbnailUrl":"https:\/\/bibliotecas.unileon.es\/tULEctura\/files\/2020\/01\/Diapositiva2-1.jpg","datePublished":"2020-03-03T12:32:16+00:00","dateModified":"2020-03-03T16:21:25+00:00","breadcrumb":{"@id":"https:\/\/bibliotecas.unileon.es\/tULEctura\/pagina-ejemplo\/curso-2019-2020\/lectura-6-retablo\/#breadcrumb"},"inLanguage":"es","potentialAction":[{"@type":"ReadAction","target":["https:\/\/bibliotecas.unileon.es\/tULEctura\/pagina-ejemplo\/curso-2019-2020\/lectura-6-retablo\/"]}]},{"@type":"ImageObject","inLanguage":"es","@id":"https:\/\/bibliotecas.unileon.es\/tULEctura\/pagina-ejemplo\/curso-2019-2020\/lectura-6-retablo\/#primaryimage","url":"https:\/\/bibliotecas.unileon.es\/tULEctura\/files\/2020\/01\/Diapositiva2-1.jpg","contentUrl":"https:\/\/bibliotecas.unileon.es\/tULEctura\/files\/2020\/01\/Diapositiva2-1.jpg","width":960,"height":720},{"@type":"BreadcrumbList","@id":"https:\/\/bibliotecas.unileon.es\/tULEctura\/pagina-ejemplo\/curso-2019-2020\/lectura-6-retablo\/#breadcrumb","itemListElement":[{"@type":"ListItem","position":1,"name":"Home","item":"https:\/\/bibliotecas.unileon.es\/tULEctura\/"},{"@type":"ListItem","position":2,"name":"Club de Lectura","item":"https:\/\/bibliotecas.unileon.es\/tULEctura\/pagina-ejemplo\/"},{"@type":"ListItem","position":3,"name":"Curso 2019-2020","item":"https:\/\/bibliotecas.unileon.es\/tULEctura\/pagina-ejemplo\/curso-2019-2020\/"},{"@type":"ListItem","position":4,"name":"Lectura 6: Retablo"}]},{"@type":"WebSite","@id":"https:\/\/bibliotecas.unileon.es\/tULEctura\/#website","url":"https:\/\/bibliotecas.unileon.es\/tULEctura\/","name":"tULEctura","description":"Espacio de la Universidad de Le\u00f3n dedicado a la lectura","publisher":{"@id":"https:\/\/bibliotecas.unileon.es\/tULEctura\/#organization"},"potentialAction":[{"@type":"SearchAction","target":{"@type":"EntryPoint","urlTemplate":"https:\/\/bibliotecas.unileon.es\/tULEctura\/?s={search_term_string}"},"query-input":{"@type":"PropertyValueSpecification","valueRequired":true,"valueName":"search_term_string"}}],"inLanguage":"es"},{"@type":"Organization","@id":"https:\/\/bibliotecas.unileon.es\/tULEctura\/#organization","name":"Universidad de Le\u00f3n","url":"https:\/\/bibliotecas.unileon.es\/tULEctura\/","logo":{"@type":"ImageObject","inLanguage":"es","@id":"https:\/\/bibliotecas.unileon.es\/tULEctura\/#\/schema\/logo\/image\/","url":"https:\/\/bibliotecas.unileon.es\/tULEctura\/files\/2018\/08\/TULECTURA_LOGO1.png","contentUrl":"https:\/\/bibliotecas.unileon.es\/tULEctura\/files\/2018\/08\/TULECTURA_LOGO1.png","width":"960","height":"258","caption":"Universidad de Le\u00f3n"},"image":{"@id":"https:\/\/bibliotecas.unileon.es\/tULEctura\/#\/schema\/logo\/image\/"},"sameAs":["https:\/\/www.facebook.com\/tulectura.unileon\/","https:\/\/x.com\/tULEctura_ULE","https:\/\/www.instagram.com\/tulectura.unileon\/","https:\/\/www.pinterest.es\/tulectura\/","https:\/\/www.youtube.com\/channel\/UCoWaDD39lVlAQcOchwlTPVw"]}]}},"_links":{"self":[{"href":"https:\/\/bibliotecas.unileon.es\/tULEctura\/wp-json\/wp\/v2\/pages\/47752","targetHints":{"allow":["GET"]}}],"collection":[{"href":"https:\/\/bibliotecas.unileon.es\/tULEctura\/wp-json\/wp\/v2\/pages"}],"about":[{"href":"https:\/\/bibliotecas.unileon.es\/tULEctura\/wp-json\/wp\/v2\/types\/page"}],"author":[{"embeddable":true,"href":"https:\/\/bibliotecas.unileon.es\/tULEctura\/wp-json\/wp\/v2\/users\/73"}],"replies":[{"embeddable":true,"href":"https:\/\/bibliotecas.unileon.es\/tULEctura\/wp-json\/wp\/v2\/comments?post=47752"}],"version-history":[{"count":0,"href":"https:\/\/bibliotecas.unileon.es\/tULEctura\/wp-json\/wp\/v2\/pages\/47752\/revisions"}],"up":[{"embeddable":true,"href":"https:\/\/bibliotecas.unileon.es\/tULEctura\/wp-json\/wp\/v2\/pages\/47381"}],"wp:attachment":[{"href":"https:\/\/bibliotecas.unileon.es\/tULEctura\/wp-json\/wp\/v2\/media?parent=47752"}],"curies":[{"name":"wp","href":"https:\/\/api.w.org\/{rel}","templated":true}]}}