{"id":47935,"date":"2020-07-27T19:47:32","date_gmt":"2020-07-27T17:47:32","guid":{"rendered":"https:\/\/bibliotecas.unileon.es\/tULEctura\/?page_id=47935"},"modified":"2021-08-18T09:55:08","modified_gmt":"2021-08-18T07:55:08","slug":"lo-que-no-es-tuyo-oyeyemi","status":"publish","type":"page","link":"https:\/\/bibliotecas.unileon.es\/tULEctura\/pagina-ejemplo\/curso-2020-2021\/lo-que-no-es-tuyo-oyeyemi\/","title":{"rendered":"Lectura 1: Lo que no es tuyo no es tuyo, de Helen Oyeyemi"},"content":{"rendered":"<h1 style=\"text-align: center;\"><span style=\"color: #ff9900;\">Lo que no es tuyo no es tuyo, de Helen Oyeyemi<\/span><\/h1>\n<p class=\"producto_autor\">Oyeyemi, Helen<img loading=\"lazy\" decoding=\"async\" class=\"alignright wp-image-47936\" src=\"https:\/\/bibliotecas.unileon.es\/tULEctura\/files\/2020\/07\/Lo-que-no-es-tuyo-Oyeyemi.jpg\" alt=\"\" width=\"202\" height=\"319\" \/><br \/>\n<span style=\"font-size: 1rem;\">Lo que no es tuyo no es tuyo\u00a0 \/ Helen\u00a0 Oyeyemi ; traducci\u00f3n de Mar\u00eda Belmonte<br \/>\nBarcelona : Acantilado, 2019<br \/>\n<\/span><span style=\"font-size: 1rem;\">2<\/span>72 p.<br \/>\n978-84-17902-02-5<\/p>\n<p><span style=\"color: #ff9900;\"><strong>Calendario<\/strong><\/span><\/p>\n<ul>\n<li style=\"text-align: justify;\">6 de octubre de 2020 &#8211; <a href=\"https:\/\/bibliotecas.unileon.es\/tULEctura\/2020\/10\/06\/48084\/\" target=\"_blank\" rel=\"noopener\">Sesi\u00f3n de Gu\u00eda a la lectura, a cargo de <span style=\"color: #ff9900;\"><strong>Rosa Mar\u00eda D\u00edez Cobo<\/strong><\/span><\/a><\/li>\n<li>20 de octubre de 2020 &#8211; <a href=\"https:\/\/bibliotecas.unileon.es\/tULEctura\/2020\/10\/23\/coloquio-de-los-socios-lo-que-no-es-tuyo-no-es-tuyo\/\" target=\"_blank\" rel=\"noopener\">Sesi\u00f3n de Coloquio de los socios<\/a><\/li>\n<\/ul>\n<p>&nbsp;<\/p>\n<p><span style=\"color: #ff9900;\"><strong>Lugar y horario<\/strong><\/span><\/p>\n<p style=\"text-align: justify;\">Aunque la sede del club le lectura sigue estando en la Biblioteca San Isidoro, debido a las recomendaciones sanitarias, las sesiones ser\u00e1n no presenciales, sino en formato online, a trav\u00e9s de Google Meet y de\u00a0 Ariadna, el Moodle externo de la Universidad de Le\u00f3n<\/p>\n<p>&nbsp;<\/p>\n<h3><span style=\"color: #ff9900;\">La obra (informaci\u00f3n de la editorial)<\/span><\/h3>\n<p style=\"text-align: justify;\"><em>\u00abLo que no es tuyo no es tuyo\u00bb<\/em>\u00a0es una colecci\u00f3n de relatos que comparten entre s\u00ed algo m\u00e1s que la colorida prosa de su autora: las llaves, literales y metaf\u00f3ricas, que desvelan secretos y abren por igual puertas y corazones. En un cuento dan acceso a una biblioteca perdida y a un jard\u00edn oculto en Barcelona, dos lugares que ser\u00e1n la clave del destino de las protagonistas; en otro, abren el coraz\u00f3n de una alumna en una escuela de marionetas; hay llaves que protegen de los fisgones un m\u00edstico diario \u00edntimo, y otras que cierran las puertas de una inquietante \u00abcasa de las cerraduras\u00bb. Tomando los cuentos de hadas como punto de partida, Helen Oyeyemi revisita la tradici\u00f3n desde perspectivas ins\u00f3litas y, gracias a su poderosa y brillante imaginaci\u00f3n, nos transporta a lugares que, como en los sue\u00f1os, nos resultan tan sorprendentes como reveladores.<\/p>\n<h3><span style=\"color: #ff9900;\">La autora:\u00a0 Helen Oyeyemi<\/span><\/h3>\n<div id=\"attachment_47938\" style=\"width: 213px\" class=\"wp-caption alignleft\"><img loading=\"lazy\" decoding=\"async\" aria-describedby=\"caption-attachment-47938\" class=\" wp-image-47938\" src=\"https:\/\/bibliotecas.unileon.es\/tULEctura\/files\/2020\/07\/helen-oyeyemi.jpg\" alt=\"Helen Oyeyemi (Foto: Piotr Cieplak)\" width=\"203\" height=\"303\" \/><p id=\"caption-attachment-47938\" class=\"wp-caption-text\">Helen Oyeyemi (Foto: Piotr Cieplak)<\/p><\/div>\n<p style=\"text-align: justify;\">Nacida en Nigeria en 1984, Helen Olajumoke Oyeyemi se mud\u00f3 con su familia a los cuatro a\u00f1os a Lewisham, en el sur de Londres. Imaginativa e introspectiva, Oyeyemi luch\u00f3 con la depresi\u00f3n cl\u00ednica durante sus a\u00f1os escolares,\u00a0encontrando consuelo en la lectura, escritura y\u00a0<em>reescritura de<\/em> sus historias favoritas.<\/p>\n<p style=\"text-align: justify;\">A los 18 a\u00f1os, Oyeyemi comenz\u00f3 a trabajar en su primera novela,\u00a0<em>The Icarus Girl <\/em>(2005), que se public\u00f3 mientras\u00a0 era estudiante de ciencias sociales y pol\u00edticas en el Corpus Christi College de Cambridge.<\/p>\n<p style=\"text-align: justify;\">Desde que abandon\u00f3 Cambridge, Oyeyemi ha vivido\u00a0 en Par\u00eds, Toronto, Londres, Berl\u00edn, Budapest y Praga, entre otras ciudades del mundo. Es autora hasta la fecha de cinco novelas, dos obras de teatro y una colecci\u00f3n de cuentos, y actualmente es escritora residente en la Universidad de Kentucky.<\/p>\n<p style=\"text-align: justify;\">Sus libros, \u00a0ampliamente reconocidos por lectores y cr\u00edticos,\u00a0 la han hecho merecedora de diversos galardones. En 2013 fue incluida en la lista Granta de los mejores j\u00f3venes novelistas brit\u00e1nicos.<\/p>\n<ul>\n<li><strong>Novelas<\/strong>\n<ul>\n<li style=\"list-style-type: none;\">\n<ul>\n<li><em>Boy, Snow, Bird<\/em> (2014)<\/li>\n<li><em>Mr Fox<\/em> (2011)<\/li>\n<li><em>White for Witching<\/em> (2009)<\/li>\n<li><em>The Opposite House<\/em> (2009)<\/li>\n<li><em>The Icarus Girl<\/em> (2005)<\/li>\n<\/ul>\n<\/li>\n<\/ul>\n<\/li>\n<li><strong>Colecciones de cuentos cortos<\/strong>\n<ul>\n<li><em>What Is Not Yours Is Not Yours<\/em> (2016)<\/li>\n<\/ul>\n<\/li>\n<li><strong>Obras de teatro<\/strong>\n<ul>\n<li><em>Juniper\u2019s Whitening<\/em> (2059)<\/li>\n<li><em style=\"font-size: 1rem;\">Victimese<\/em><span style=\"font-size: 1rem;\"> (2005)<\/span><\/li>\n<\/ul>\n<\/li>\n<\/ul>\n<h3 style=\"text-align: center;\"><span style=\"color: #ff9900;\">Puedes empezar a leer la obra<\/span><br \/>\n<span style=\"color: #ff9900;\"> <a style=\"color: #ff9900;\" href=\"http:\/\/www.acantilado.es\/wp-content\/uploads\/Extracto-Lo-que-no-es-tuyo-no-es-tuyo.pdf\" class=\"mtli_attachment mtli_pdf\" target=\"_blank\" rel=\"noopener noreferrer\"><em>\u00abLo que no es tuyo no es tuyo\u00bb<\/em><\/a>,\u00a0de Helen Oyeyemi<\/span><\/h3>\n<h3><\/h3>\n","protected":false},"excerpt":{"rendered":"<p>Lo que no es tuyo no es tuyo, de Helen Oyeyemi Oyeyemi, Helen Lo que no es tuyo no es tuyo\u00a0 \/ Helen\u00a0 Oyeyemi ; traducci\u00f3n de Mar\u00eda Belmonte Barcelona : Acantilado, 2019 272 p. 978-84-17902-02-5 Calendario 6 de octubre de 2020 &#8211; Sesi\u00f3n de Gu\u00eda a la lectura, a cargo de Rosa Mar\u00eda D\u00edez [&hellip;]<\/p>\n","protected":false},"author":73,"featured_media":0,"parent":47963,"menu_order":1,"comment_status":"closed","ping_status":"closed","template":"","meta":{"_bbp_topic_count":0,"_bbp_reply_count":0,"_bbp_total_topic_count":0,"_bbp_total_reply_count":0,"_bbp_voice_count":0,"_bbp_anonymous_reply_count":0,"_bbp_topic_count_hidden":0,"_bbp_reply_count_hidden":0,"_bbp_forum_subforum_count":0,"_monsterinsights_skip_tracking":false,"_monsterinsights_sitenote_active":false,"_monsterinsights_sitenote_note":"","_monsterinsights_sitenote_category":0,"footnotes":""},"class_list":["post-47935","page","type-page","status-publish","hentry"],"yoast_head":"<!-- This site is optimized with the Yoast SEO plugin v25.8 - https:\/\/yoast.com\/wordpress\/plugins\/seo\/ -->\n<title>Lectura 1: Lo que no es tuyo no es tuyo, de Helen Oyeyemi - tULEctura<\/title>\n<meta name=\"robots\" content=\"index, follow, max-snippet:-1, max-image-preview:large, max-video-preview:-1\" \/>\n<link rel=\"canonical\" href=\"https:\/\/bibliotecas.unileon.es\/tULEctura\/pagina-ejemplo\/curso-2020-2021\/lo-que-no-es-tuyo-oyeyemi\/\" \/>\n<meta property=\"og:locale\" content=\"es_ES\" \/>\n<meta property=\"og:type\" content=\"article\" \/>\n<meta property=\"og:title\" content=\"Lectura 1: Lo que no es tuyo no es tuyo, de Helen Oyeyemi - tULEctura\" \/>\n<meta property=\"og:description\" content=\"Lo que no es tuyo no es tuyo, de Helen Oyeyemi Oyeyemi, Helen Lo que no es tuyo no es tuyo\u00a0 \/ Helen\u00a0 Oyeyemi ; traducci\u00f3n de Mar\u00eda Belmonte Barcelona : Acantilado, 2019 272 p. 978-84-17902-02-5 Calendario 6 de octubre de 2020 &#8211; Sesi\u00f3n de Gu\u00eda a la lectura, a cargo de Rosa Mar\u00eda D\u00edez [&hellip;]\" \/>\n<meta property=\"og:url\" content=\"https:\/\/bibliotecas.unileon.es\/tULEctura\/pagina-ejemplo\/curso-2020-2021\/lo-que-no-es-tuyo-oyeyemi\/\" \/>\n<meta property=\"og:site_name\" content=\"tULEctura\" \/>\n<meta property=\"article:publisher\" content=\"https:\/\/www.facebook.com\/tulectura.unileon\/\" \/>\n<meta property=\"article:modified_time\" content=\"2021-08-18T07:55:08+00:00\" \/>\n<meta property=\"og:image\" content=\"https:\/\/bibliotecas.unileon.es\/tULEctura\/files\/2020\/07\/Lo-que-no-es-tuyo-Oyeyemi.jpg\" \/>\n<meta name=\"twitter:card\" content=\"summary_large_image\" \/>\n<meta name=\"twitter:site\" content=\"@tULEctura_ULE\" \/>\n<meta name=\"twitter:label1\" content=\"Tiempo de lectura\" \/>\n\t<meta name=\"twitter:data1\" content=\"3 minutos\" \/>\n<script type=\"application\/ld+json\" class=\"yoast-schema-graph\">{\"@context\":\"https:\/\/schema.org\",\"@graph\":[{\"@type\":\"WebPage\",\"@id\":\"https:\/\/bibliotecas.unileon.es\/tULEctura\/pagina-ejemplo\/curso-2020-2021\/lo-que-no-es-tuyo-oyeyemi\/\",\"url\":\"https:\/\/bibliotecas.unileon.es\/tULEctura\/pagina-ejemplo\/curso-2020-2021\/lo-que-no-es-tuyo-oyeyemi\/\",\"name\":\"Lectura 1: Lo que no es tuyo no es tuyo, de Helen Oyeyemi - tULEctura\",\"isPartOf\":{\"@id\":\"https:\/\/bibliotecas.unileon.es\/tULEctura\/#website\"},\"primaryImageOfPage\":{\"@id\":\"https:\/\/bibliotecas.unileon.es\/tULEctura\/pagina-ejemplo\/curso-2020-2021\/lo-que-no-es-tuyo-oyeyemi\/#primaryimage\"},\"image\":{\"@id\":\"https:\/\/bibliotecas.unileon.es\/tULEctura\/pagina-ejemplo\/curso-2020-2021\/lo-que-no-es-tuyo-oyeyemi\/#primaryimage\"},\"thumbnailUrl\":\"https:\/\/bibliotecas.unileon.es\/tULEctura\/files\/2020\/07\/Lo-que-no-es-tuyo-Oyeyemi.jpg\",\"datePublished\":\"2020-07-27T17:47:32+00:00\",\"dateModified\":\"2021-08-18T07:55:08+00:00\",\"breadcrumb\":{\"@id\":\"https:\/\/bibliotecas.unileon.es\/tULEctura\/pagina-ejemplo\/curso-2020-2021\/lo-que-no-es-tuyo-oyeyemi\/#breadcrumb\"},\"inLanguage\":\"es\",\"potentialAction\":[{\"@type\":\"ReadAction\",\"target\":[\"https:\/\/bibliotecas.unileon.es\/tULEctura\/pagina-ejemplo\/curso-2020-2021\/lo-que-no-es-tuyo-oyeyemi\/\"]}]},{\"@type\":\"ImageObject\",\"inLanguage\":\"es\",\"@id\":\"https:\/\/bibliotecas.unileon.es\/tULEctura\/pagina-ejemplo\/curso-2020-2021\/lo-que-no-es-tuyo-oyeyemi\/#primaryimage\",\"url\":\"https:\/\/bibliotecas.unileon.es\/tULEctura\/files\/2020\/07\/Lo-que-no-es-tuyo-Oyeyemi.jpg\",\"contentUrl\":\"https:\/\/bibliotecas.unileon.es\/tULEctura\/files\/2020\/07\/Lo-que-no-es-tuyo-Oyeyemi.jpg\",\"width\":1570,\"height\":2480},{\"@type\":\"BreadcrumbList\",\"@id\":\"https:\/\/bibliotecas.unileon.es\/tULEctura\/pagina-ejemplo\/curso-2020-2021\/lo-que-no-es-tuyo-oyeyemi\/#breadcrumb\",\"itemListElement\":[{\"@type\":\"ListItem\",\"position\":1,\"name\":\"Home\",\"item\":\"https:\/\/bibliotecas.unileon.es\/tULEctura\/\"},{\"@type\":\"ListItem\",\"position\":2,\"name\":\"Club de Lectura\",\"item\":\"https:\/\/bibliotecas.unileon.es\/tULEctura\/pagina-ejemplo\/\"},{\"@type\":\"ListItem\",\"position\":3,\"name\":\"Curso 2020- 2021\",\"item\":\"https:\/\/bibliotecas.unileon.es\/tULEctura\/pagina-ejemplo\/curso-2020-2021\/\"},{\"@type\":\"ListItem\",\"position\":4,\"name\":\"Lectura 1: Lo que no es tuyo no es tuyo, de Helen Oyeyemi\"}]},{\"@type\":\"WebSite\",\"@id\":\"https:\/\/bibliotecas.unileon.es\/tULEctura\/#website\",\"url\":\"https:\/\/bibliotecas.unileon.es\/tULEctura\/\",\"name\":\"tULEctura\",\"description\":\"Espacio de la Universidad de Le\u00f3n dedicado a la lectura\",\"publisher\":{\"@id\":\"https:\/\/bibliotecas.unileon.es\/tULEctura\/#organization\"},\"potentialAction\":[{\"@type\":\"SearchAction\",\"target\":{\"@type\":\"EntryPoint\",\"urlTemplate\":\"https:\/\/bibliotecas.unileon.es\/tULEctura\/?s={search_term_string}\"},\"query-input\":{\"@type\":\"PropertyValueSpecification\",\"valueRequired\":true,\"valueName\":\"search_term_string\"}}],\"inLanguage\":\"es\"},{\"@type\":\"Organization\",\"@id\":\"https:\/\/bibliotecas.unileon.es\/tULEctura\/#organization\",\"name\":\"Universidad de Le\u00f3n\",\"url\":\"https:\/\/bibliotecas.unileon.es\/tULEctura\/\",\"logo\":{\"@type\":\"ImageObject\",\"inLanguage\":\"es\",\"@id\":\"https:\/\/bibliotecas.unileon.es\/tULEctura\/#\/schema\/logo\/image\/\",\"url\":\"https:\/\/bibliotecas.unileon.es\/tULEctura\/files\/2018\/08\/TULECTURA_LOGO1.png\",\"contentUrl\":\"https:\/\/bibliotecas.unileon.es\/tULEctura\/files\/2018\/08\/TULECTURA_LOGO1.png\",\"width\":\"960\",\"height\":\"258\",\"caption\":\"Universidad de Le\u00f3n\"},\"image\":{\"@id\":\"https:\/\/bibliotecas.unileon.es\/tULEctura\/#\/schema\/logo\/image\/\"},\"sameAs\":[\"https:\/\/www.facebook.com\/tulectura.unileon\/\",\"https:\/\/x.com\/tULEctura_ULE\",\"https:\/\/www.instagram.com\/tulectura.unileon\/\",\"https:\/\/www.pinterest.es\/tulectura\/\",\"https:\/\/www.youtube.com\/channel\/UCoWaDD39lVlAQcOchwlTPVw\"]}]}<\/script>\n<!-- \/ Yoast SEO plugin. -->","yoast_head_json":{"title":"Lectura 1: Lo que no es tuyo no es tuyo, de Helen Oyeyemi - tULEctura","robots":{"index":"index","follow":"follow","max-snippet":"max-snippet:-1","max-image-preview":"max-image-preview:large","max-video-preview":"max-video-preview:-1"},"canonical":"https:\/\/bibliotecas.unileon.es\/tULEctura\/pagina-ejemplo\/curso-2020-2021\/lo-que-no-es-tuyo-oyeyemi\/","og_locale":"es_ES","og_type":"article","og_title":"Lectura 1: Lo que no es tuyo no es tuyo, de Helen Oyeyemi - tULEctura","og_description":"Lo que no es tuyo no es tuyo, de Helen Oyeyemi Oyeyemi, Helen Lo que no es tuyo no es tuyo\u00a0 \/ Helen\u00a0 Oyeyemi ; traducci\u00f3n de Mar\u00eda Belmonte Barcelona : Acantilado, 2019 272 p. 978-84-17902-02-5 Calendario 6 de octubre de 2020 &#8211; Sesi\u00f3n de Gu\u00eda a la lectura, a cargo de Rosa Mar\u00eda D\u00edez [&hellip;]","og_url":"https:\/\/bibliotecas.unileon.es\/tULEctura\/pagina-ejemplo\/curso-2020-2021\/lo-que-no-es-tuyo-oyeyemi\/","og_site_name":"tULEctura","article_publisher":"https:\/\/www.facebook.com\/tulectura.unileon\/","article_modified_time":"2021-08-18T07:55:08+00:00","og_image":[{"url":"https:\/\/bibliotecas.unileon.es\/tULEctura\/files\/2020\/07\/Lo-que-no-es-tuyo-Oyeyemi.jpg","type":"","width":"","height":""}],"twitter_card":"summary_large_image","twitter_site":"@tULEctura_ULE","twitter_misc":{"Tiempo de lectura":"3 minutos"},"schema":{"@context":"https:\/\/schema.org","@graph":[{"@type":"WebPage","@id":"https:\/\/bibliotecas.unileon.es\/tULEctura\/pagina-ejemplo\/curso-2020-2021\/lo-que-no-es-tuyo-oyeyemi\/","url":"https:\/\/bibliotecas.unileon.es\/tULEctura\/pagina-ejemplo\/curso-2020-2021\/lo-que-no-es-tuyo-oyeyemi\/","name":"Lectura 1: Lo que no es tuyo no es tuyo, de Helen Oyeyemi - tULEctura","isPartOf":{"@id":"https:\/\/bibliotecas.unileon.es\/tULEctura\/#website"},"primaryImageOfPage":{"@id":"https:\/\/bibliotecas.unileon.es\/tULEctura\/pagina-ejemplo\/curso-2020-2021\/lo-que-no-es-tuyo-oyeyemi\/#primaryimage"},"image":{"@id":"https:\/\/bibliotecas.unileon.es\/tULEctura\/pagina-ejemplo\/curso-2020-2021\/lo-que-no-es-tuyo-oyeyemi\/#primaryimage"},"thumbnailUrl":"https:\/\/bibliotecas.unileon.es\/tULEctura\/files\/2020\/07\/Lo-que-no-es-tuyo-Oyeyemi.jpg","datePublished":"2020-07-27T17:47:32+00:00","dateModified":"2021-08-18T07:55:08+00:00","breadcrumb":{"@id":"https:\/\/bibliotecas.unileon.es\/tULEctura\/pagina-ejemplo\/curso-2020-2021\/lo-que-no-es-tuyo-oyeyemi\/#breadcrumb"},"inLanguage":"es","potentialAction":[{"@type":"ReadAction","target":["https:\/\/bibliotecas.unileon.es\/tULEctura\/pagina-ejemplo\/curso-2020-2021\/lo-que-no-es-tuyo-oyeyemi\/"]}]},{"@type":"ImageObject","inLanguage":"es","@id":"https:\/\/bibliotecas.unileon.es\/tULEctura\/pagina-ejemplo\/curso-2020-2021\/lo-que-no-es-tuyo-oyeyemi\/#primaryimage","url":"https:\/\/bibliotecas.unileon.es\/tULEctura\/files\/2020\/07\/Lo-que-no-es-tuyo-Oyeyemi.jpg","contentUrl":"https:\/\/bibliotecas.unileon.es\/tULEctura\/files\/2020\/07\/Lo-que-no-es-tuyo-Oyeyemi.jpg","width":1570,"height":2480},{"@type":"BreadcrumbList","@id":"https:\/\/bibliotecas.unileon.es\/tULEctura\/pagina-ejemplo\/curso-2020-2021\/lo-que-no-es-tuyo-oyeyemi\/#breadcrumb","itemListElement":[{"@type":"ListItem","position":1,"name":"Home","item":"https:\/\/bibliotecas.unileon.es\/tULEctura\/"},{"@type":"ListItem","position":2,"name":"Club de Lectura","item":"https:\/\/bibliotecas.unileon.es\/tULEctura\/pagina-ejemplo\/"},{"@type":"ListItem","position":3,"name":"Curso 2020- 2021","item":"https:\/\/bibliotecas.unileon.es\/tULEctura\/pagina-ejemplo\/curso-2020-2021\/"},{"@type":"ListItem","position":4,"name":"Lectura 1: Lo que no es tuyo no es tuyo, de Helen Oyeyemi"}]},{"@type":"WebSite","@id":"https:\/\/bibliotecas.unileon.es\/tULEctura\/#website","url":"https:\/\/bibliotecas.unileon.es\/tULEctura\/","name":"tULEctura","description":"Espacio de la Universidad de Le\u00f3n dedicado a la lectura","publisher":{"@id":"https:\/\/bibliotecas.unileon.es\/tULEctura\/#organization"},"potentialAction":[{"@type":"SearchAction","target":{"@type":"EntryPoint","urlTemplate":"https:\/\/bibliotecas.unileon.es\/tULEctura\/?s={search_term_string}"},"query-input":{"@type":"PropertyValueSpecification","valueRequired":true,"valueName":"search_term_string"}}],"inLanguage":"es"},{"@type":"Organization","@id":"https:\/\/bibliotecas.unileon.es\/tULEctura\/#organization","name":"Universidad de Le\u00f3n","url":"https:\/\/bibliotecas.unileon.es\/tULEctura\/","logo":{"@type":"ImageObject","inLanguage":"es","@id":"https:\/\/bibliotecas.unileon.es\/tULEctura\/#\/schema\/logo\/image\/","url":"https:\/\/bibliotecas.unileon.es\/tULEctura\/files\/2018\/08\/TULECTURA_LOGO1.png","contentUrl":"https:\/\/bibliotecas.unileon.es\/tULEctura\/files\/2018\/08\/TULECTURA_LOGO1.png","width":"960","height":"258","caption":"Universidad de Le\u00f3n"},"image":{"@id":"https:\/\/bibliotecas.unileon.es\/tULEctura\/#\/schema\/logo\/image\/"},"sameAs":["https:\/\/www.facebook.com\/tulectura.unileon\/","https:\/\/x.com\/tULEctura_ULE","https:\/\/www.instagram.com\/tulectura.unileon\/","https:\/\/www.pinterest.es\/tulectura\/","https:\/\/www.youtube.com\/channel\/UCoWaDD39lVlAQcOchwlTPVw"]}]}},"_links":{"self":[{"href":"https:\/\/bibliotecas.unileon.es\/tULEctura\/wp-json\/wp\/v2\/pages\/47935","targetHints":{"allow":["GET"]}}],"collection":[{"href":"https:\/\/bibliotecas.unileon.es\/tULEctura\/wp-json\/wp\/v2\/pages"}],"about":[{"href":"https:\/\/bibliotecas.unileon.es\/tULEctura\/wp-json\/wp\/v2\/types\/page"}],"author":[{"embeddable":true,"href":"https:\/\/bibliotecas.unileon.es\/tULEctura\/wp-json\/wp\/v2\/users\/73"}],"replies":[{"embeddable":true,"href":"https:\/\/bibliotecas.unileon.es\/tULEctura\/wp-json\/wp\/v2\/comments?post=47935"}],"version-history":[{"count":1,"href":"https:\/\/bibliotecas.unileon.es\/tULEctura\/wp-json\/wp\/v2\/pages\/47935\/revisions"}],"predecessor-version":[{"id":47937,"href":"https:\/\/bibliotecas.unileon.es\/tULEctura\/wp-json\/wp\/v2\/pages\/47935\/revisions\/47937"}],"up":[{"embeddable":true,"href":"https:\/\/bibliotecas.unileon.es\/tULEctura\/wp-json\/wp\/v2\/pages\/47963"}],"wp:attachment":[{"href":"https:\/\/bibliotecas.unileon.es\/tULEctura\/wp-json\/wp\/v2\/media?parent=47935"}],"curies":[{"name":"wp","href":"https:\/\/api.w.org\/{rel}","templated":true}]}}