{"id":47939,"date":"2020-07-27T21:30:19","date_gmt":"2020-07-27T19:30:19","guid":{"rendered":"https:\/\/bibliotecas.unileon.es\/tULEctura\/?page_id=47939"},"modified":"2021-08-18T09:58:54","modified_gmt":"2021-08-18T07:58:54","slug":"los-cain-enrique-llamas","status":"publish","type":"page","link":"https:\/\/bibliotecas.unileon.es\/tULEctura\/pagina-ejemplo\/curso-2020-2021\/los-cain-enrique-llamas\/","title":{"rendered":"Lectura 2:  Los Ca\u00edn, de Enrique Llamas"},"content":{"rendered":"<h1 style=\"text-align: center;\"><span style=\"color: #d65222;\">Los Ca\u00edn, de Enrique Llamas<\/span><\/h1>\n<p><img loading=\"lazy\" decoding=\"async\" class=\"alignleft wp-image-47941\" src=\"https:\/\/bibliotecas.unileon.es\/tULEctura\/files\/2020\/07\/los-cain-enrique-llamas.jpg\" alt=\"Los Ca\u00edn, Enrique Llamas\" width=\"204\" height=\"301\" \/>Guti\u00e9rrez, Enrique ( 1989-)<br \/>\nLos Ca\u00edn \/ Enrique Llamas.<br \/>\nMadrid : AdN Alianza de Novelas , 2018.<br \/>\n238 p.<br \/>\n978-84-9181-091-9<\/p>\n<p><span style=\"color: #d65222;\"><strong>Calendario<\/strong><\/span><\/p>\n<ul>\n<li>7 de octubre de 2020 &#8211; <a href=\"https:\/\/bibliotecas.unileon.es\/tULEctura\/2020\/10\/27\/guia-la-lectura-los-cain\/\" target=\"_blank\" rel=\"noopener\">Sesi\u00f3n de Gu\u00eda a la lectura<\/a>, a cargo de <strong><span style=\"color: #d65222;\">Luis Artigue<\/span><\/strong><\/li>\n<li>3 de noviembre de 2020 &#8211; <a href=\"https:\/\/bibliotecas.unileon.es\/tULEctura\/2020\/11\/05\/coloquio-participativo-de-los-socios-los-cain\/\" target=\"_blank\" rel=\"noopener\">Sesi\u00f3n de Coloquio de los socios<\/a><\/li>\n<li>10 de noviembre de 2020 &#8211; <a href=\"https:\/\/bibliotecas.unileon.es\/tULEctura\/2020\/11\/13\/encuentro-de-los-socios-con-el-autor-los-cain-de-enrique-llamas\/\" target=\"_blank\" rel=\"noopener\">Sesi\u00f3n de Encuentro entre socios y autor<\/a><\/li>\n<\/ul>\n<p><span style=\"color: #d65222;\"><strong>Lugar y horario<\/strong><\/span><\/p>\n<p style=\"text-align: justify;\">Aunque la sede del club le lectura sigue estando en la Biblioteca San Isidoro, debido a las recomendaciones sanitarias, las sesiones ser\u00e1n no presenciales, sino en formato online, a trav\u00e9s de Google Meet y de\u00a0 Ariadna, el Moodle externo de la Universidad de Le\u00f3n.<\/p>\n<h3><span style=\"color: #d65222;\">La obra (informaci\u00f3n de la editorial)<\/span><\/h3>\n<p style=\"text-align: justify;\">Un pueblo perdido en mitad de Castilla en las postrimer\u00edas del franquismo. Un joven maestro madrile\u00f1o falto de experiencia y fuera de lugar. Una ni\u00f1a ahogada veinte a\u00f1os atr\u00e1s. El fatal accidente de una adolescente para la que huir era la \u00fanica salida. Una extra\u00f1a epidemia que acaba con los ciervos del lugar, y el silencio, la nieve, la cerraz\u00f3n y los secretos como \u00fanicos testigos, mudos e impasibles, del lento pasar de los d\u00edas en un lugar olvidado, furibundo en medio de la nada, ahogado bajo odios enconados y rencores enquistados cuyo motivo nadie recuerda.<\/p>\n<p style=\"text-align: justify;\">Con prosa medida, afilada, tan dura como las gentes que retrata, Enrique Llamas se revela, con esta novela cuyas ra\u00edces se traban en nuestra mejor tradici\u00f3n literaria, como un talento digno de ser tenido en cuenta, un narrador capaz de perge\u00f1ar una primera obra que quedar\u00e1 marcada en nuestra memoria por sus certeros personajes, su ambientaci\u00f3n magistral y su testimonio, hondo y veraz, de un mundo que cre\u00edamos haber dejado atr\u00e1s pero todav\u00eda sigue anclado en el coraz\u00f3n de este pa\u00eds.<\/p>\n<h3><span style=\"color: #d65222;\">El autor: Enrique Llamas\u00a0 (informaci\u00f3n de la editorial)<\/span><\/h3>\n<p style=\"text-align: justify;\"><img loading=\"lazy\" decoding=\"async\" class=\"alignright wp-image-47942\" src=\"https:\/\/bibliotecas.unileon.es\/tULEctura\/files\/2020\/07\/enrique-llamas.jpg\" alt=\"Enrique Llamas\" width=\"224\" height=\"284\" \/>Enrique Llamas naci\u00f3 en Zamora en 1989, y a los diecisiete a\u00f1os se traslad\u00f3 a Madrid, donde reside actualmente, para estudiar Ciencias de la Informaci\u00f3n. Tras formarse en el mundo de la radio en programas de contenido cultural, se ha especializado en el mundo de la comunicaci\u00f3n de las artes visuales. Colabora habitualmente en diversos medios realizando entrevistas y escribiendo sobre literatura y teatro, y contin\u00faa muy ligado al \u00e1mbito universitario coordinando encuentros literarios entre escritores y estudiantes. Por <em>\u00abLos Ca\u00edn\u00bb<\/em>, un thriller rural publicado por AdN, recibi\u00f3 el premio Memorial Silverio Ca\u00f1ada 2018 al mejor debut de novela negra.<\/p>\n<p style=\"text-align: justify;\">Proximamente, en septiembre de 2020 ser\u00e1 publicada su segunda novela: <em>\u00abTodos est\u00e1bamos vivos\u00bb <\/em>, ambientada en los a\u00f1os 80 y en la Movida madrile\u00f1a<\/p>\n<h3 style=\"text-align: center;\"><span style=\"color: #d65222;\">Puedes empezar a leer la obra <a style=\"color: #d65222;\" href=\"https:\/\/www.adnovelas.com\/primer_capitulo\/los-cain-adn.pdf\" class=\"mtli_attachment mtli_pdf\" target=\"_blank\" rel=\"noopener noreferrer\"><em>\u00abLos Ca\u00edn\u00bb<\/em><\/a>, de Enrique Llamas<\/span><\/h3>\n","protected":false},"excerpt":{"rendered":"<p>Los Ca\u00edn, de Enrique Llamas Guti\u00e9rrez, Enrique ( 1989-) Los Ca\u00edn \/ Enrique Llamas. Madrid : AdN Alianza de Novelas , 2018. 238 p. 978-84-9181-091-9 Calendario 7 de octubre de 2020 &#8211; Sesi\u00f3n de Gu\u00eda a la lectura, a cargo de Luis Artigue 3 de noviembre de 2020 &#8211; Sesi\u00f3n de Coloquio de los socios [&hellip;]<\/p>\n","protected":false},"author":73,"featured_media":0,"parent":47963,"menu_order":2,"comment_status":"closed","ping_status":"closed","template":"","meta":{"_bbp_topic_count":0,"_bbp_reply_count":0,"_bbp_total_topic_count":0,"_bbp_total_reply_count":0,"_bbp_voice_count":0,"_bbp_anonymous_reply_count":0,"_bbp_topic_count_hidden":0,"_bbp_reply_count_hidden":0,"_bbp_forum_subforum_count":0,"_monsterinsights_skip_tracking":false,"_monsterinsights_sitenote_active":false,"_monsterinsights_sitenote_note":"","_monsterinsights_sitenote_category":0,"footnotes":""},"class_list":["post-47939","page","type-page","status-publish","hentry"],"yoast_head":"<!-- This site is optimized with the Yoast SEO plugin v25.8 - https:\/\/yoast.com\/wordpress\/plugins\/seo\/ -->\n<title>Lectura 2: Los Ca\u00edn, de Enrique Llamas - tULEctura<\/title>\n<meta name=\"robots\" content=\"index, follow, max-snippet:-1, max-image-preview:large, max-video-preview:-1\" \/>\n<link rel=\"canonical\" href=\"https:\/\/bibliotecas.unileon.es\/tULEctura\/pagina-ejemplo\/curso-2020-2021\/los-cain-enrique-llamas\/\" \/>\n<meta property=\"og:locale\" content=\"es_ES\" \/>\n<meta property=\"og:type\" content=\"article\" \/>\n<meta property=\"og:title\" content=\"Lectura 2: Los Ca\u00edn, de Enrique Llamas - tULEctura\" \/>\n<meta property=\"og:description\" content=\"Los Ca\u00edn, de Enrique Llamas Guti\u00e9rrez, Enrique ( 1989-) Los Ca\u00edn \/ Enrique Llamas. Madrid : AdN Alianza de Novelas , 2018. 238 p. 978-84-9181-091-9 Calendario 7 de octubre de 2020 &#8211; Sesi\u00f3n de Gu\u00eda a la lectura, a cargo de Luis Artigue 3 de noviembre de 2020 &#8211; Sesi\u00f3n de Coloquio de los socios [&hellip;]\" \/>\n<meta property=\"og:url\" content=\"https:\/\/bibliotecas.unileon.es\/tULEctura\/pagina-ejemplo\/curso-2020-2021\/los-cain-enrique-llamas\/\" \/>\n<meta property=\"og:site_name\" content=\"tULEctura\" \/>\n<meta property=\"article:publisher\" content=\"https:\/\/www.facebook.com\/tulectura.unileon\/\" \/>\n<meta property=\"article:modified_time\" content=\"2021-08-18T07:58:54+00:00\" \/>\n<meta property=\"og:image\" content=\"https:\/\/bibliotecas.unileon.es\/tULEctura\/files\/2020\/07\/los-cain-enrique-llamas.jpg\" \/>\n<meta name=\"twitter:card\" content=\"summary_large_image\" \/>\n<meta name=\"twitter:site\" content=\"@tULEctura_ULE\" \/>\n<meta name=\"twitter:label1\" content=\"Tiempo de lectura\" \/>\n\t<meta name=\"twitter:data1\" content=\"3 minutos\" \/>\n<script type=\"application\/ld+json\" class=\"yoast-schema-graph\">{\"@context\":\"https:\/\/schema.org\",\"@graph\":[{\"@type\":\"WebPage\",\"@id\":\"https:\/\/bibliotecas.unileon.es\/tULEctura\/pagina-ejemplo\/curso-2020-2021\/los-cain-enrique-llamas\/\",\"url\":\"https:\/\/bibliotecas.unileon.es\/tULEctura\/pagina-ejemplo\/curso-2020-2021\/los-cain-enrique-llamas\/\",\"name\":\"Lectura 2: Los Ca\u00edn, de Enrique Llamas - tULEctura\",\"isPartOf\":{\"@id\":\"https:\/\/bibliotecas.unileon.es\/tULEctura\/#website\"},\"primaryImageOfPage\":{\"@id\":\"https:\/\/bibliotecas.unileon.es\/tULEctura\/pagina-ejemplo\/curso-2020-2021\/los-cain-enrique-llamas\/#primaryimage\"},\"image\":{\"@id\":\"https:\/\/bibliotecas.unileon.es\/tULEctura\/pagina-ejemplo\/curso-2020-2021\/los-cain-enrique-llamas\/#primaryimage\"},\"thumbnailUrl\":\"https:\/\/bibliotecas.unileon.es\/tULEctura\/files\/2020\/07\/los-cain-enrique-llamas.jpg\",\"datePublished\":\"2020-07-27T19:30:19+00:00\",\"dateModified\":\"2021-08-18T07:58:54+00:00\",\"breadcrumb\":{\"@id\":\"https:\/\/bibliotecas.unileon.es\/tULEctura\/pagina-ejemplo\/curso-2020-2021\/los-cain-enrique-llamas\/#breadcrumb\"},\"inLanguage\":\"es\",\"potentialAction\":[{\"@type\":\"ReadAction\",\"target\":[\"https:\/\/bibliotecas.unileon.es\/tULEctura\/pagina-ejemplo\/curso-2020-2021\/los-cain-enrique-llamas\/\"]}]},{\"@type\":\"ImageObject\",\"inLanguage\":\"es\",\"@id\":\"https:\/\/bibliotecas.unileon.es\/tULEctura\/pagina-ejemplo\/curso-2020-2021\/los-cain-enrique-llamas\/#primaryimage\",\"url\":\"https:\/\/bibliotecas.unileon.es\/tULEctura\/files\/2020\/07\/los-cain-enrique-llamas.jpg\",\"contentUrl\":\"https:\/\/bibliotecas.unileon.es\/tULEctura\/files\/2020\/07\/los-cain-enrique-llamas.jpg\",\"width\":1000,\"height\":1478,\"caption\":\"Los Ca\u00edn, Enrique Llamas\"},{\"@type\":\"BreadcrumbList\",\"@id\":\"https:\/\/bibliotecas.unileon.es\/tULEctura\/pagina-ejemplo\/curso-2020-2021\/los-cain-enrique-llamas\/#breadcrumb\",\"itemListElement\":[{\"@type\":\"ListItem\",\"position\":1,\"name\":\"Home\",\"item\":\"https:\/\/bibliotecas.unileon.es\/tULEctura\/\"},{\"@type\":\"ListItem\",\"position\":2,\"name\":\"Club de Lectura\",\"item\":\"https:\/\/bibliotecas.unileon.es\/tULEctura\/pagina-ejemplo\/\"},{\"@type\":\"ListItem\",\"position\":3,\"name\":\"Curso 2020- 2021\",\"item\":\"https:\/\/bibliotecas.unileon.es\/tULEctura\/pagina-ejemplo\/curso-2020-2021\/\"},{\"@type\":\"ListItem\",\"position\":4,\"name\":\"Lectura 2: Los Ca\u00edn, de Enrique Llamas\"}]},{\"@type\":\"WebSite\",\"@id\":\"https:\/\/bibliotecas.unileon.es\/tULEctura\/#website\",\"url\":\"https:\/\/bibliotecas.unileon.es\/tULEctura\/\",\"name\":\"tULEctura\",\"description\":\"Espacio de la Universidad de Le\u00f3n dedicado a la lectura\",\"publisher\":{\"@id\":\"https:\/\/bibliotecas.unileon.es\/tULEctura\/#organization\"},\"potentialAction\":[{\"@type\":\"SearchAction\",\"target\":{\"@type\":\"EntryPoint\",\"urlTemplate\":\"https:\/\/bibliotecas.unileon.es\/tULEctura\/?s={search_term_string}\"},\"query-input\":{\"@type\":\"PropertyValueSpecification\",\"valueRequired\":true,\"valueName\":\"search_term_string\"}}],\"inLanguage\":\"es\"},{\"@type\":\"Organization\",\"@id\":\"https:\/\/bibliotecas.unileon.es\/tULEctura\/#organization\",\"name\":\"Universidad de Le\u00f3n\",\"url\":\"https:\/\/bibliotecas.unileon.es\/tULEctura\/\",\"logo\":{\"@type\":\"ImageObject\",\"inLanguage\":\"es\",\"@id\":\"https:\/\/bibliotecas.unileon.es\/tULEctura\/#\/schema\/logo\/image\/\",\"url\":\"https:\/\/bibliotecas.unileon.es\/tULEctura\/files\/2018\/08\/TULECTURA_LOGO1.png\",\"contentUrl\":\"https:\/\/bibliotecas.unileon.es\/tULEctura\/files\/2018\/08\/TULECTURA_LOGO1.png\",\"width\":\"960\",\"height\":\"258\",\"caption\":\"Universidad de Le\u00f3n\"},\"image\":{\"@id\":\"https:\/\/bibliotecas.unileon.es\/tULEctura\/#\/schema\/logo\/image\/\"},\"sameAs\":[\"https:\/\/www.facebook.com\/tulectura.unileon\/\",\"https:\/\/x.com\/tULEctura_ULE\",\"https:\/\/www.instagram.com\/tulectura.unileon\/\",\"https:\/\/www.pinterest.es\/tulectura\/\",\"https:\/\/www.youtube.com\/channel\/UCoWaDD39lVlAQcOchwlTPVw\"]}]}<\/script>\n<!-- \/ Yoast SEO plugin. -->","yoast_head_json":{"title":"Lectura 2: Los Ca\u00edn, de Enrique Llamas - tULEctura","robots":{"index":"index","follow":"follow","max-snippet":"max-snippet:-1","max-image-preview":"max-image-preview:large","max-video-preview":"max-video-preview:-1"},"canonical":"https:\/\/bibliotecas.unileon.es\/tULEctura\/pagina-ejemplo\/curso-2020-2021\/los-cain-enrique-llamas\/","og_locale":"es_ES","og_type":"article","og_title":"Lectura 2: Los Ca\u00edn, de Enrique Llamas - tULEctura","og_description":"Los Ca\u00edn, de Enrique Llamas Guti\u00e9rrez, Enrique ( 1989-) Los Ca\u00edn \/ Enrique Llamas. Madrid : AdN Alianza de Novelas , 2018. 238 p. 978-84-9181-091-9 Calendario 7 de octubre de 2020 &#8211; Sesi\u00f3n de Gu\u00eda a la lectura, a cargo de Luis Artigue 3 de noviembre de 2020 &#8211; Sesi\u00f3n de Coloquio de los socios [&hellip;]","og_url":"https:\/\/bibliotecas.unileon.es\/tULEctura\/pagina-ejemplo\/curso-2020-2021\/los-cain-enrique-llamas\/","og_site_name":"tULEctura","article_publisher":"https:\/\/www.facebook.com\/tulectura.unileon\/","article_modified_time":"2021-08-18T07:58:54+00:00","og_image":[{"url":"https:\/\/bibliotecas.unileon.es\/tULEctura\/files\/2020\/07\/los-cain-enrique-llamas.jpg","type":"","width":"","height":""}],"twitter_card":"summary_large_image","twitter_site":"@tULEctura_ULE","twitter_misc":{"Tiempo de lectura":"3 minutos"},"schema":{"@context":"https:\/\/schema.org","@graph":[{"@type":"WebPage","@id":"https:\/\/bibliotecas.unileon.es\/tULEctura\/pagina-ejemplo\/curso-2020-2021\/los-cain-enrique-llamas\/","url":"https:\/\/bibliotecas.unileon.es\/tULEctura\/pagina-ejemplo\/curso-2020-2021\/los-cain-enrique-llamas\/","name":"Lectura 2: Los Ca\u00edn, de Enrique Llamas - tULEctura","isPartOf":{"@id":"https:\/\/bibliotecas.unileon.es\/tULEctura\/#website"},"primaryImageOfPage":{"@id":"https:\/\/bibliotecas.unileon.es\/tULEctura\/pagina-ejemplo\/curso-2020-2021\/los-cain-enrique-llamas\/#primaryimage"},"image":{"@id":"https:\/\/bibliotecas.unileon.es\/tULEctura\/pagina-ejemplo\/curso-2020-2021\/los-cain-enrique-llamas\/#primaryimage"},"thumbnailUrl":"https:\/\/bibliotecas.unileon.es\/tULEctura\/files\/2020\/07\/los-cain-enrique-llamas.jpg","datePublished":"2020-07-27T19:30:19+00:00","dateModified":"2021-08-18T07:58:54+00:00","breadcrumb":{"@id":"https:\/\/bibliotecas.unileon.es\/tULEctura\/pagina-ejemplo\/curso-2020-2021\/los-cain-enrique-llamas\/#breadcrumb"},"inLanguage":"es","potentialAction":[{"@type":"ReadAction","target":["https:\/\/bibliotecas.unileon.es\/tULEctura\/pagina-ejemplo\/curso-2020-2021\/los-cain-enrique-llamas\/"]}]},{"@type":"ImageObject","inLanguage":"es","@id":"https:\/\/bibliotecas.unileon.es\/tULEctura\/pagina-ejemplo\/curso-2020-2021\/los-cain-enrique-llamas\/#primaryimage","url":"https:\/\/bibliotecas.unileon.es\/tULEctura\/files\/2020\/07\/los-cain-enrique-llamas.jpg","contentUrl":"https:\/\/bibliotecas.unileon.es\/tULEctura\/files\/2020\/07\/los-cain-enrique-llamas.jpg","width":1000,"height":1478,"caption":"Los Ca\u00edn, Enrique Llamas"},{"@type":"BreadcrumbList","@id":"https:\/\/bibliotecas.unileon.es\/tULEctura\/pagina-ejemplo\/curso-2020-2021\/los-cain-enrique-llamas\/#breadcrumb","itemListElement":[{"@type":"ListItem","position":1,"name":"Home","item":"https:\/\/bibliotecas.unileon.es\/tULEctura\/"},{"@type":"ListItem","position":2,"name":"Club de Lectura","item":"https:\/\/bibliotecas.unileon.es\/tULEctura\/pagina-ejemplo\/"},{"@type":"ListItem","position":3,"name":"Curso 2020- 2021","item":"https:\/\/bibliotecas.unileon.es\/tULEctura\/pagina-ejemplo\/curso-2020-2021\/"},{"@type":"ListItem","position":4,"name":"Lectura 2: Los Ca\u00edn, de Enrique Llamas"}]},{"@type":"WebSite","@id":"https:\/\/bibliotecas.unileon.es\/tULEctura\/#website","url":"https:\/\/bibliotecas.unileon.es\/tULEctura\/","name":"tULEctura","description":"Espacio de la Universidad de Le\u00f3n dedicado a la lectura","publisher":{"@id":"https:\/\/bibliotecas.unileon.es\/tULEctura\/#organization"},"potentialAction":[{"@type":"SearchAction","target":{"@type":"EntryPoint","urlTemplate":"https:\/\/bibliotecas.unileon.es\/tULEctura\/?s={search_term_string}"},"query-input":{"@type":"PropertyValueSpecification","valueRequired":true,"valueName":"search_term_string"}}],"inLanguage":"es"},{"@type":"Organization","@id":"https:\/\/bibliotecas.unileon.es\/tULEctura\/#organization","name":"Universidad de Le\u00f3n","url":"https:\/\/bibliotecas.unileon.es\/tULEctura\/","logo":{"@type":"ImageObject","inLanguage":"es","@id":"https:\/\/bibliotecas.unileon.es\/tULEctura\/#\/schema\/logo\/image\/","url":"https:\/\/bibliotecas.unileon.es\/tULEctura\/files\/2018\/08\/TULECTURA_LOGO1.png","contentUrl":"https:\/\/bibliotecas.unileon.es\/tULEctura\/files\/2018\/08\/TULECTURA_LOGO1.png","width":"960","height":"258","caption":"Universidad de Le\u00f3n"},"image":{"@id":"https:\/\/bibliotecas.unileon.es\/tULEctura\/#\/schema\/logo\/image\/"},"sameAs":["https:\/\/www.facebook.com\/tulectura.unileon\/","https:\/\/x.com\/tULEctura_ULE","https:\/\/www.instagram.com\/tulectura.unileon\/","https:\/\/www.pinterest.es\/tulectura\/","https:\/\/www.youtube.com\/channel\/UCoWaDD39lVlAQcOchwlTPVw"]}]}},"_links":{"self":[{"href":"https:\/\/bibliotecas.unileon.es\/tULEctura\/wp-json\/wp\/v2\/pages\/47939","targetHints":{"allow":["GET"]}}],"collection":[{"href":"https:\/\/bibliotecas.unileon.es\/tULEctura\/wp-json\/wp\/v2\/pages"}],"about":[{"href":"https:\/\/bibliotecas.unileon.es\/tULEctura\/wp-json\/wp\/v2\/types\/page"}],"author":[{"embeddable":true,"href":"https:\/\/bibliotecas.unileon.es\/tULEctura\/wp-json\/wp\/v2\/users\/73"}],"replies":[{"embeddable":true,"href":"https:\/\/bibliotecas.unileon.es\/tULEctura\/wp-json\/wp\/v2\/comments?post=47939"}],"version-history":[{"count":1,"href":"https:\/\/bibliotecas.unileon.es\/tULEctura\/wp-json\/wp\/v2\/pages\/47939\/revisions"}],"predecessor-version":[{"id":47946,"href":"https:\/\/bibliotecas.unileon.es\/tULEctura\/wp-json\/wp\/v2\/pages\/47939\/revisions\/47946"}],"up":[{"embeddable":true,"href":"https:\/\/bibliotecas.unileon.es\/tULEctura\/wp-json\/wp\/v2\/pages\/47963"}],"wp:attachment":[{"href":"https:\/\/bibliotecas.unileon.es\/tULEctura\/wp-json\/wp\/v2\/media?parent=47939"}],"curies":[{"name":"wp","href":"https:\/\/api.w.org\/{rel}","templated":true}]}}