{"id":47949,"date":"2020-07-27T22:25:39","date_gmt":"2020-07-27T20:25:39","guid":{"rendered":"https:\/\/bibliotecas.unileon.es\/tULEctura\/?page_id=47949"},"modified":"2021-08-18T10:03:14","modified_gmt":"2021-08-18T08:03:14","slug":"la-claridad-marcelo-lujan","status":"publish","type":"page","link":"https:\/\/bibliotecas.unileon.es\/tULEctura\/pagina-ejemplo\/curso-2020-2021\/la-claridad-marcelo-lujan\/","title":{"rendered":"Lectura 4: La claridad, de Marcelo Luj\u00e1n"},"content":{"rendered":"<h1 style=\"text-align: center;\"><span style=\"color: #993366;\">La claridad, de Marcelo Luj\u00e1n<\/span><\/h1>\n<h1 style=\"text-align: center;\"><\/h1>\n<p><img loading=\"lazy\" decoding=\"async\" class=\"alignright wp-image-47950\" src=\"https:\/\/bibliotecas.unileon.es\/tULEctura\/files\/2020\/07\/claridad-marcelo-lujan.jpg\" alt=\"La claridad, de Marcelo Luj\u00e1n\" width=\"207\" height=\"331\" \/>Luj\u00e1n, Marcelo<br \/>\nLa claridad \/Marcelo Luj\u00e1n<br \/>\nMadrid : P\u00e1ginas de Espuma, 2020<br \/>\n176 p,<br \/>\n978-84-8393-278-0<\/p>\n<p><strong><span style=\"color: #993366;\">Calendario<\/span><\/strong><\/p>\n<ul>\n<li style=\"text-align: justify;\">1 de diciembre &#8211; <a href=\"https:\/\/bibliotecas.unileon.es\/tULEctura\/2020\/12\/01\/guia-a-la-lectura-la-claridad\/\" target=\"_blank\" rel=\"noopener\">Sesi\u00f3n de Gu\u00eda a la lectura<\/a>, a cargo de<strong><span style=\"color: #993366;\"> Ana Abello Verano<\/span><\/strong><\/li>\n<li style=\"text-align: justify;\">9 de diciembre &#8211; <a href=\"https:\/\/bibliotecas.unileon.es\/tULEctura\/2020\/12\/10\/coloquio-participativo-de-los-socios-la-claridad\/\" target=\"_blank\" rel=\"noopener\">Sesi\u00f3n de Coloquio de los socios<\/a><\/li>\n<li style=\"text-align: justify;\">15 de diciembre &#8211; <a href=\"https:\/\/bibliotecas.unileon.es\/tULEctura\/2020\/12\/17\/encuentro-de-los-socios-con-el-autor-la-claridad\/\" target=\"_blank\" rel=\"noopener\">Sesi\u00f3n de Encuentro entre socios y autor<\/a><\/li>\n<\/ul>\n<p><span style=\"color: #993366;\"><strong style=\"font-size: 1rem;\">Lugar y horario<\/strong><\/span><\/p>\n<p style=\"text-align: justify;\">Aunque la sede del club le lectura sigue estando en la Biblioteca San Isidoro, debido a las recomendaciones sanitarias, las sesiones ser\u00e1n no presenciales, sino en formato online, a trav\u00e9s de Google Meet y de\u00a0 Ariadna, el Moodle externo de la Universidad de Le\u00f3n.<\/p>\n<h3><span style=\"color: #993366;\">La obra (informaci\u00f3n de la editorial)<\/span><\/h3>\n<p style=\"text-align: justify;\">Los seis cuentos que constituyen\u00a0<em>La claridad<\/em>\u00a0\u2013t\u00edtulo que mereci\u00f3 el VI Premio Ribera del Duero\u2013anuncian todo lo que deseamos y no alcanzamos, los miedos y los arrebatos, el amor y la traici\u00f3n y los peque\u00f1\u00edsimos instantes de dicha. El brillo de la claridad es m\u00e1s brillo cuando se contempla desde la oscuridad. Y es, precisamente, desde ese amplio par\u00e1metro de la negrura, donde un particular y resuelto manejo del lenguaje, de la voz narrativa y de los registros, logra crear personajes libres o condenados, siempre eternos, en unas historias inesperadas, extraordinarias, violentas y terrenales que se combinan para mostrarnos el lado m\u00e1s afilado de la belleza.<\/p>\n<p style=\"text-align: justify;\">El jurado, del que formaron parte los escritores \u00d3scar Esquivias, Clara Obligado y presidido por Fernando Aramburu, otorg\u00f3 el premio por unanimidad, y resalt\u00f3 la minuciosidad narrativa y la mirada perturbadora de\u00a0Marcelo Luj\u00e1n, proyectadas en un libro muy persuasivo, que pone de manifiesto un cuestionamiento del idioma y una po\u00e9tica del desarraigo.<\/p>\n<h3><span style=\"color: #993366;\">El autor (informaci\u00f3n de la editorial)<\/span><\/h3>\n<p style=\"text-align: justify;\"><img loading=\"lazy\" decoding=\"async\" class=\"alignright size-full wp-image-47953\" src=\"https:\/\/bibliotecas.unileon.es\/tULEctura\/files\/2020\/07\/MarceloLujan_by_AnaPortnoy_W.jpg\" alt=\"Marcelo Luj\u00e1n\" width=\"5472\" height=\"3648\" \/>Marcelo Luj\u00e1n\u00a0(Buenos Aires, 1973) se radic\u00f3 a principios de 2001 en Madrid, donde en la actualidad trabaja como coordinador de actividades culturales y talleres de creaci\u00f3n literaria. Ha publicado los libros de cuentos\u00a0<em>Flores para Irene\u00a0<\/em>(Premio Santa Cruz de Tenerife 2003),\u00a0<em>En alg\u00fan cielo\u00a0<\/em>(Premio Ciudad de Alcal\u00e1 de Narrativa 2006) y\u00a0<em>El desv\u00edo\u00a0<\/em>(Premio Kutxa Ciudad de San Sebasti\u00e1n 2007). Ha publicado tambi\u00e9n libros de prosa po\u00e9tica\u00a0<em>Arder en el invierno\u00a0<\/em>y\u00a0<em>Peque\u00f1os pies ingleses<\/em>, y las novelas\u00a0<em>La mala espera\u00a0<\/em>(Premio Ciudad de Getafe de Novela Negra 2009 y segunda Menci\u00f3n del Premio Clar\u00edn 2005),\u00a0<em>Moravia<\/em>\u00a0y\u00a0<em>Subsuelo<\/em> (Premio Dashiell Hammett 2016, entre otros). Parte de su obra fue seleccionada en campa\u00f1as de fomento a la lectura y traducida al franc\u00e9s, italiano, checo y b\u00falgaro. Con \u00ab<em>La claridad\u00bb<\/em>\u00a0ha obtenido, por unanimidad, el VI Premio Ribera del Duero.<\/p>\n<h3 style=\"text-align: center;\"><span style=\"color: #993366;\">Puedes empezar a leer la obra\u00a0<a href=\"http:\/\/paginasdeespuma.com\/wp-content\/files_mf\/1594080816LUJANLa_claridad_Extracto.pdf\" class=\"mtli_attachment mtli_pdf\" target=\"_blank\" rel=\"noopener noreferrer\"><em>\u00abLa claridad\u00bb<\/em><\/a>, de Marcelo Luj\u00e1n<\/span><\/h3>\n","protected":false},"excerpt":{"rendered":"<p>La claridad, de Marcelo Luj\u00e1n Luj\u00e1n, Marcelo La claridad \/Marcelo Luj\u00e1n Madrid : P\u00e1ginas de Espuma, 2020 176 p, 978-84-8393-278-0 Calendario 1 de diciembre &#8211; Sesi\u00f3n de Gu\u00eda a la lectura, a cargo de Ana Abello Verano 9 de diciembre &#8211; Sesi\u00f3n de Coloquio de los socios 15 de diciembre &#8211; Sesi\u00f3n de Encuentro entre [&hellip;]<\/p>\n","protected":false},"author":73,"featured_media":0,"parent":47963,"menu_order":4,"comment_status":"closed","ping_status":"closed","template":"","meta":{"_bbp_topic_count":0,"_bbp_reply_count":0,"_bbp_total_topic_count":0,"_bbp_total_reply_count":0,"_bbp_voice_count":0,"_bbp_anonymous_reply_count":0,"_bbp_topic_count_hidden":0,"_bbp_reply_count_hidden":0,"_bbp_forum_subforum_count":0,"_monsterinsights_skip_tracking":false,"_monsterinsights_sitenote_active":false,"_monsterinsights_sitenote_note":"","_monsterinsights_sitenote_category":0,"footnotes":""},"class_list":["post-47949","page","type-page","status-publish","hentry"],"yoast_head":"<!-- This site is optimized with the Yoast SEO plugin v25.8 - https:\/\/yoast.com\/wordpress\/plugins\/seo\/ -->\n<title>Lectura 4: La claridad, de Marcelo Luj\u00e1n - tULEctura<\/title>\n<meta name=\"robots\" content=\"index, follow, max-snippet:-1, max-image-preview:large, max-video-preview:-1\" \/>\n<link rel=\"canonical\" href=\"https:\/\/bibliotecas.unileon.es\/tULEctura\/pagina-ejemplo\/curso-2020-2021\/la-claridad-marcelo-lujan\/\" \/>\n<meta property=\"og:locale\" content=\"es_ES\" \/>\n<meta property=\"og:type\" content=\"article\" \/>\n<meta property=\"og:title\" content=\"Lectura 4: La claridad, de Marcelo Luj\u00e1n - tULEctura\" \/>\n<meta property=\"og:description\" content=\"La claridad, de Marcelo Luj\u00e1n Luj\u00e1n, Marcelo La claridad \/Marcelo Luj\u00e1n Madrid : P\u00e1ginas de Espuma, 2020 176 p, 978-84-8393-278-0 Calendario 1 de diciembre &#8211; Sesi\u00f3n de Gu\u00eda a la lectura, a cargo de Ana Abello Verano 9 de diciembre &#8211; Sesi\u00f3n de Coloquio de los socios 15 de diciembre &#8211; Sesi\u00f3n de Encuentro entre [&hellip;]\" \/>\n<meta property=\"og:url\" content=\"https:\/\/bibliotecas.unileon.es\/tULEctura\/pagina-ejemplo\/curso-2020-2021\/la-claridad-marcelo-lujan\/\" \/>\n<meta property=\"og:site_name\" content=\"tULEctura\" \/>\n<meta property=\"article:publisher\" content=\"https:\/\/www.facebook.com\/tulectura.unileon\/\" \/>\n<meta property=\"article:modified_time\" content=\"2021-08-18T08:03:14+00:00\" \/>\n<meta property=\"og:image\" content=\"https:\/\/bibliotecas.unileon.es\/tULEctura\/files\/2020\/07\/claridad-marcelo-lujan.jpg\" \/>\n<meta name=\"twitter:card\" content=\"summary_large_image\" \/>\n<meta name=\"twitter:site\" content=\"@tULEctura_ULE\" \/>\n<meta name=\"twitter:label1\" content=\"Tiempo de lectura\" \/>\n\t<meta name=\"twitter:data1\" content=\"3 minutos\" \/>\n<script type=\"application\/ld+json\" class=\"yoast-schema-graph\">{\"@context\":\"https:\/\/schema.org\",\"@graph\":[{\"@type\":\"WebPage\",\"@id\":\"https:\/\/bibliotecas.unileon.es\/tULEctura\/pagina-ejemplo\/curso-2020-2021\/la-claridad-marcelo-lujan\/\",\"url\":\"https:\/\/bibliotecas.unileon.es\/tULEctura\/pagina-ejemplo\/curso-2020-2021\/la-claridad-marcelo-lujan\/\",\"name\":\"Lectura 4: La claridad, de Marcelo Luj\u00e1n - tULEctura\",\"isPartOf\":{\"@id\":\"https:\/\/bibliotecas.unileon.es\/tULEctura\/#website\"},\"primaryImageOfPage\":{\"@id\":\"https:\/\/bibliotecas.unileon.es\/tULEctura\/pagina-ejemplo\/curso-2020-2021\/la-claridad-marcelo-lujan\/#primaryimage\"},\"image\":{\"@id\":\"https:\/\/bibliotecas.unileon.es\/tULEctura\/pagina-ejemplo\/curso-2020-2021\/la-claridad-marcelo-lujan\/#primaryimage\"},\"thumbnailUrl\":\"https:\/\/bibliotecas.unileon.es\/tULEctura\/files\/2020\/07\/claridad-marcelo-lujan.jpg\",\"datePublished\":\"2020-07-27T20:25:39+00:00\",\"dateModified\":\"2021-08-18T08:03:14+00:00\",\"breadcrumb\":{\"@id\":\"https:\/\/bibliotecas.unileon.es\/tULEctura\/pagina-ejemplo\/curso-2020-2021\/la-claridad-marcelo-lujan\/#breadcrumb\"},\"inLanguage\":\"es\",\"potentialAction\":[{\"@type\":\"ReadAction\",\"target\":[\"https:\/\/bibliotecas.unileon.es\/tULEctura\/pagina-ejemplo\/curso-2020-2021\/la-claridad-marcelo-lujan\/\"]}]},{\"@type\":\"ImageObject\",\"inLanguage\":\"es\",\"@id\":\"https:\/\/bibliotecas.unileon.es\/tULEctura\/pagina-ejemplo\/curso-2020-2021\/la-claridad-marcelo-lujan\/#primaryimage\",\"url\":\"https:\/\/bibliotecas.unileon.es\/tULEctura\/files\/2020\/07\/claridad-marcelo-lujan.jpg\",\"contentUrl\":\"https:\/\/bibliotecas.unileon.es\/tULEctura\/files\/2020\/07\/claridad-marcelo-lujan.jpg\",\"width\":1875,\"height\":3000,\"caption\":\"La claridad, de Marcelo Luj\u00e1n\"},{\"@type\":\"BreadcrumbList\",\"@id\":\"https:\/\/bibliotecas.unileon.es\/tULEctura\/pagina-ejemplo\/curso-2020-2021\/la-claridad-marcelo-lujan\/#breadcrumb\",\"itemListElement\":[{\"@type\":\"ListItem\",\"position\":1,\"name\":\"Home\",\"item\":\"https:\/\/bibliotecas.unileon.es\/tULEctura\/\"},{\"@type\":\"ListItem\",\"position\":2,\"name\":\"Club de Lectura\",\"item\":\"https:\/\/bibliotecas.unileon.es\/tULEctura\/pagina-ejemplo\/\"},{\"@type\":\"ListItem\",\"position\":3,\"name\":\"Curso 2020- 2021\",\"item\":\"https:\/\/bibliotecas.unileon.es\/tULEctura\/pagina-ejemplo\/curso-2020-2021\/\"},{\"@type\":\"ListItem\",\"position\":4,\"name\":\"Lectura 4: La claridad, de Marcelo Luj\u00e1n\"}]},{\"@type\":\"WebSite\",\"@id\":\"https:\/\/bibliotecas.unileon.es\/tULEctura\/#website\",\"url\":\"https:\/\/bibliotecas.unileon.es\/tULEctura\/\",\"name\":\"tULEctura\",\"description\":\"Espacio de la Universidad de Le\u00f3n dedicado a la lectura\",\"publisher\":{\"@id\":\"https:\/\/bibliotecas.unileon.es\/tULEctura\/#organization\"},\"potentialAction\":[{\"@type\":\"SearchAction\",\"target\":{\"@type\":\"EntryPoint\",\"urlTemplate\":\"https:\/\/bibliotecas.unileon.es\/tULEctura\/?s={search_term_string}\"},\"query-input\":{\"@type\":\"PropertyValueSpecification\",\"valueRequired\":true,\"valueName\":\"search_term_string\"}}],\"inLanguage\":\"es\"},{\"@type\":\"Organization\",\"@id\":\"https:\/\/bibliotecas.unileon.es\/tULEctura\/#organization\",\"name\":\"Universidad de Le\u00f3n\",\"url\":\"https:\/\/bibliotecas.unileon.es\/tULEctura\/\",\"logo\":{\"@type\":\"ImageObject\",\"inLanguage\":\"es\",\"@id\":\"https:\/\/bibliotecas.unileon.es\/tULEctura\/#\/schema\/logo\/image\/\",\"url\":\"https:\/\/bibliotecas.unileon.es\/tULEctura\/files\/2018\/08\/TULECTURA_LOGO1.png\",\"contentUrl\":\"https:\/\/bibliotecas.unileon.es\/tULEctura\/files\/2018\/08\/TULECTURA_LOGO1.png\",\"width\":\"960\",\"height\":\"258\",\"caption\":\"Universidad de Le\u00f3n\"},\"image\":{\"@id\":\"https:\/\/bibliotecas.unileon.es\/tULEctura\/#\/schema\/logo\/image\/\"},\"sameAs\":[\"https:\/\/www.facebook.com\/tulectura.unileon\/\",\"https:\/\/x.com\/tULEctura_ULE\",\"https:\/\/www.instagram.com\/tulectura.unileon\/\",\"https:\/\/www.pinterest.es\/tulectura\/\",\"https:\/\/www.youtube.com\/channel\/UCoWaDD39lVlAQcOchwlTPVw\"]}]}<\/script>\n<!-- \/ Yoast SEO plugin. -->","yoast_head_json":{"title":"Lectura 4: La claridad, de Marcelo Luj\u00e1n - tULEctura","robots":{"index":"index","follow":"follow","max-snippet":"max-snippet:-1","max-image-preview":"max-image-preview:large","max-video-preview":"max-video-preview:-1"},"canonical":"https:\/\/bibliotecas.unileon.es\/tULEctura\/pagina-ejemplo\/curso-2020-2021\/la-claridad-marcelo-lujan\/","og_locale":"es_ES","og_type":"article","og_title":"Lectura 4: La claridad, de Marcelo Luj\u00e1n - tULEctura","og_description":"La claridad, de Marcelo Luj\u00e1n Luj\u00e1n, Marcelo La claridad \/Marcelo Luj\u00e1n Madrid : P\u00e1ginas de Espuma, 2020 176 p, 978-84-8393-278-0 Calendario 1 de diciembre &#8211; Sesi\u00f3n de Gu\u00eda a la lectura, a cargo de Ana Abello Verano 9 de diciembre &#8211; Sesi\u00f3n de Coloquio de los socios 15 de diciembre &#8211; Sesi\u00f3n de Encuentro entre [&hellip;]","og_url":"https:\/\/bibliotecas.unileon.es\/tULEctura\/pagina-ejemplo\/curso-2020-2021\/la-claridad-marcelo-lujan\/","og_site_name":"tULEctura","article_publisher":"https:\/\/www.facebook.com\/tulectura.unileon\/","article_modified_time":"2021-08-18T08:03:14+00:00","og_image":[{"url":"https:\/\/bibliotecas.unileon.es\/tULEctura\/files\/2020\/07\/claridad-marcelo-lujan.jpg","type":"","width":"","height":""}],"twitter_card":"summary_large_image","twitter_site":"@tULEctura_ULE","twitter_misc":{"Tiempo de lectura":"3 minutos"},"schema":{"@context":"https:\/\/schema.org","@graph":[{"@type":"WebPage","@id":"https:\/\/bibliotecas.unileon.es\/tULEctura\/pagina-ejemplo\/curso-2020-2021\/la-claridad-marcelo-lujan\/","url":"https:\/\/bibliotecas.unileon.es\/tULEctura\/pagina-ejemplo\/curso-2020-2021\/la-claridad-marcelo-lujan\/","name":"Lectura 4: La claridad, de Marcelo Luj\u00e1n - tULEctura","isPartOf":{"@id":"https:\/\/bibliotecas.unileon.es\/tULEctura\/#website"},"primaryImageOfPage":{"@id":"https:\/\/bibliotecas.unileon.es\/tULEctura\/pagina-ejemplo\/curso-2020-2021\/la-claridad-marcelo-lujan\/#primaryimage"},"image":{"@id":"https:\/\/bibliotecas.unileon.es\/tULEctura\/pagina-ejemplo\/curso-2020-2021\/la-claridad-marcelo-lujan\/#primaryimage"},"thumbnailUrl":"https:\/\/bibliotecas.unileon.es\/tULEctura\/files\/2020\/07\/claridad-marcelo-lujan.jpg","datePublished":"2020-07-27T20:25:39+00:00","dateModified":"2021-08-18T08:03:14+00:00","breadcrumb":{"@id":"https:\/\/bibliotecas.unileon.es\/tULEctura\/pagina-ejemplo\/curso-2020-2021\/la-claridad-marcelo-lujan\/#breadcrumb"},"inLanguage":"es","potentialAction":[{"@type":"ReadAction","target":["https:\/\/bibliotecas.unileon.es\/tULEctura\/pagina-ejemplo\/curso-2020-2021\/la-claridad-marcelo-lujan\/"]}]},{"@type":"ImageObject","inLanguage":"es","@id":"https:\/\/bibliotecas.unileon.es\/tULEctura\/pagina-ejemplo\/curso-2020-2021\/la-claridad-marcelo-lujan\/#primaryimage","url":"https:\/\/bibliotecas.unileon.es\/tULEctura\/files\/2020\/07\/claridad-marcelo-lujan.jpg","contentUrl":"https:\/\/bibliotecas.unileon.es\/tULEctura\/files\/2020\/07\/claridad-marcelo-lujan.jpg","width":1875,"height":3000,"caption":"La claridad, de Marcelo Luj\u00e1n"},{"@type":"BreadcrumbList","@id":"https:\/\/bibliotecas.unileon.es\/tULEctura\/pagina-ejemplo\/curso-2020-2021\/la-claridad-marcelo-lujan\/#breadcrumb","itemListElement":[{"@type":"ListItem","position":1,"name":"Home","item":"https:\/\/bibliotecas.unileon.es\/tULEctura\/"},{"@type":"ListItem","position":2,"name":"Club de Lectura","item":"https:\/\/bibliotecas.unileon.es\/tULEctura\/pagina-ejemplo\/"},{"@type":"ListItem","position":3,"name":"Curso 2020- 2021","item":"https:\/\/bibliotecas.unileon.es\/tULEctura\/pagina-ejemplo\/curso-2020-2021\/"},{"@type":"ListItem","position":4,"name":"Lectura 4: La claridad, de Marcelo Luj\u00e1n"}]},{"@type":"WebSite","@id":"https:\/\/bibliotecas.unileon.es\/tULEctura\/#website","url":"https:\/\/bibliotecas.unileon.es\/tULEctura\/","name":"tULEctura","description":"Espacio de la Universidad de Le\u00f3n dedicado a la lectura","publisher":{"@id":"https:\/\/bibliotecas.unileon.es\/tULEctura\/#organization"},"potentialAction":[{"@type":"SearchAction","target":{"@type":"EntryPoint","urlTemplate":"https:\/\/bibliotecas.unileon.es\/tULEctura\/?s={search_term_string}"},"query-input":{"@type":"PropertyValueSpecification","valueRequired":true,"valueName":"search_term_string"}}],"inLanguage":"es"},{"@type":"Organization","@id":"https:\/\/bibliotecas.unileon.es\/tULEctura\/#organization","name":"Universidad de Le\u00f3n","url":"https:\/\/bibliotecas.unileon.es\/tULEctura\/","logo":{"@type":"ImageObject","inLanguage":"es","@id":"https:\/\/bibliotecas.unileon.es\/tULEctura\/#\/schema\/logo\/image\/","url":"https:\/\/bibliotecas.unileon.es\/tULEctura\/files\/2018\/08\/TULECTURA_LOGO1.png","contentUrl":"https:\/\/bibliotecas.unileon.es\/tULEctura\/files\/2018\/08\/TULECTURA_LOGO1.png","width":"960","height":"258","caption":"Universidad de Le\u00f3n"},"image":{"@id":"https:\/\/bibliotecas.unileon.es\/tULEctura\/#\/schema\/logo\/image\/"},"sameAs":["https:\/\/www.facebook.com\/tulectura.unileon\/","https:\/\/x.com\/tULEctura_ULE","https:\/\/www.instagram.com\/tulectura.unileon\/","https:\/\/www.pinterest.es\/tulectura\/","https:\/\/www.youtube.com\/channel\/UCoWaDD39lVlAQcOchwlTPVw"]}]}},"_links":{"self":[{"href":"https:\/\/bibliotecas.unileon.es\/tULEctura\/wp-json\/wp\/v2\/pages\/47949","targetHints":{"allow":["GET"]}}],"collection":[{"href":"https:\/\/bibliotecas.unileon.es\/tULEctura\/wp-json\/wp\/v2\/pages"}],"about":[{"href":"https:\/\/bibliotecas.unileon.es\/tULEctura\/wp-json\/wp\/v2\/types\/page"}],"author":[{"embeddable":true,"href":"https:\/\/bibliotecas.unileon.es\/tULEctura\/wp-json\/wp\/v2\/users\/73"}],"replies":[{"embeddable":true,"href":"https:\/\/bibliotecas.unileon.es\/tULEctura\/wp-json\/wp\/v2\/comments?post=47949"}],"version-history":[{"count":1,"href":"https:\/\/bibliotecas.unileon.es\/tULEctura\/wp-json\/wp\/v2\/pages\/47949\/revisions"}],"predecessor-version":[{"id":48300,"href":"https:\/\/bibliotecas.unileon.es\/tULEctura\/wp-json\/wp\/v2\/pages\/47949\/revisions\/48300"}],"up":[{"embeddable":true,"href":"https:\/\/bibliotecas.unileon.es\/tULEctura\/wp-json\/wp\/v2\/pages\/47963"}],"wp:attachment":[{"href":"https:\/\/bibliotecas.unileon.es\/tULEctura\/wp-json\/wp\/v2\/media?parent=47949"}],"curies":[{"name":"wp","href":"https:\/\/api.w.org\/{rel}","templated":true}]}}